{"id":9233,"date":"2025-05-20T17:46:05","date_gmt":"2025-05-20T17:46:05","guid":{"rendered":"https:\/\/electricstore.eu\/p\/uncategorized\/bigblue-powafree-h1-wall-solar-power-storage-balcony-2560wh-battery-storage-3-mppt-tracers-800w-solar-input-smart-app-control\/"},"modified":"2025-05-20T17:46:40","modified_gmt":"2025-05-20T17:46:40","slug":"bigblue-powafree-h1-wall-solar-power-storage-balcony-2560wh-battery-storage-3-mppt-tracers-800w-solar-input-smart-app-control","status":"publish","type":"product","link":"https:\/\/electricstore.eu\/lv\/p\/batteries\/portable-power-stations\/bigblue-powafree-h1-wall-solar-power-storage-balcony-2560wh-battery-storage-3-mppt-tracers-800w-solar-input-smart-app-control\/","title":{"rendered":"BigBlue POWAFREE H1 sienas saules ener\u0123ijas uzglab\u0101\u0161anas sist\u0113ma balkonam, 2560 Wh akumulatora uzglab\u0101\u0161ana, 3 MPPT trases, 800 W saules ener\u0123ijas ieeja, vied\u0101s lietotnes vad\u012bba"},"content":{"rendered":"<div class=\"product-specs-list-container\">\n<ul class=\"product-specs-list util-clearfix\">\n<li class=\"product-prop line-limit-length\"><span\n                                        class=\"property-title\">Pielietojums:&nbsp;<\/span><span\n                                        class=\"property-desc line-limit-length\">S\u0100KUMLAPA<\/span>\n                            <\/li>\n<li class=\"product-prop line-limit-length\"><span\n                                        class=\"property-title\">Mode\u013ca numurs:&nbsp;<\/span><span\n                                        class=\"property-desc line-limit-length\">H1<\/span>\n                            <\/li>\n<\/ul><\/div>\n<div class=\"detailmodule_dynamic\"><kse:widget data-widget-type=\"customText\" id=\"1005000009406803\" type=\"relation\"><\/kse:widget><\/div>\n<div class=\"detailmodule_html\">\n<div class=\"detail-desc-decorate-richtext\">\n<p><\/p>\n<div style=\"background-color:rgb(240, 234, 255);margin:20px 0px 10px;margin-bottom:10px;margin-top:20px;margin-left:0px;margin-right:0px;width:100%;height:34px\"><span style=\"background-color:rgb(55, 139, 238);color:rgb(255, 255, 255);font-size:24px;font-family:Verdana, Arial\">Svar\u012bg\u0101kie notikumi<\/span><\/div>\n<div class=\"detailmodule_text\">\n<div class=\"detailmodule_html\">\n<div class=\"detail-desc-decorate-richtext\">\n<div class=\"detailmodule_text\">\n<p style=\"font-family:&quot;Microsoft YaHei&quot;;letter-spacing:normal;text-align:start;white-space:normal;color:rgb(0, 0, 0)\" align=\"start\"><strong><span style=\"font-size:16px;font-family:arial, helvetica, sans-serif\">Trio integr\u0113ts MPPT un 2560Wh LiFePO4 atmi\u0146a<\/span><\/strong><\/p>\n<p style=\"font-family:&quot;Microsoft YaHei&quot;;font-size:medium;font-weight:400;letter-spacing:normal;text-align:start;white-space:normal;color:rgb(0, 0, 0)\" align=\"start\"><span style=\"font-size:16px;font-family:arial, helvetica, sans-serif\">Var piesl\u0113gt 2 modu\u013cus ar saules ener\u0123iju l\u012bdz 800 Wp. Uzglab\u0101\u0161anas jauda ir ide\u0101li piem\u0113rota centr\u0101lajam balkonam ar diviem saules pane\u013ciem, kas ir ide\u0101ls papildin\u0101jums 600\/800 W mikrovi\u013c\u0146u kr\u0101sn\u012bm.<\/span><\/p>\n<p><\/p>\n<p style=\"font-family:&quot;Microsoft YaHei&quot;;letter-spacing:normal;text-align:start;white-space:normal;color:rgb(0, 0, 0)\" align=\"start\"><strong><span style=\"font-size:16px;font-family:arial, helvetica, sans-serif\">Vienk\u0101r\u0161a piesl\u0113g\u0161an\u0101s ener\u0123ijas atmi\u0146ai<\/span><\/strong><\/p>\n<p style=\"font-family:&quot;Microsoft YaHei&quot;;font-size:medium;font-weight:400;letter-spacing:normal;text-align:start;white-space:normal;color:rgb(0, 0, 0)\" align=\"start\"><span style=\"font-size:16px;font-family:arial, helvetica, sans-serif\">Vienk\u0101r\u0161a \u201cPlug &amp; Play\u201d fotoelektrisk\u0101 sist\u0113ma ar akumulatora uzglab\u0101\u0161anu uzl\u0101dei, lai j\u016bs var\u0113tu sara\u017eot savu elektroener\u0123iju da\u017eu min\u016b\u0161u laik\u0101. Uzst\u0101d\u012b\u0161anai nav nepiecie\u0161ams speci\u0101lists.<\/span><\/p>\n<p><\/p>\n<p style=\"font-family:&quot;Microsoft YaHei&quot;;letter-spacing:normal;text-align:start;white-space:normal;color:rgb(0, 0, 0)\" align=\"start\"><strong><span style=\"font-size:16px;font-family:arial, helvetica, sans-serif\">Uzl\u0101de zem\u0101 temperat\u016br\u0101 l\u012bdz nullei<\/span><\/strong><\/p>\n<p style=\"font-family:&quot;Microsoft YaHei&quot;;font-size:medium;font-weight:400;letter-spacing:normal;text-align:start;white-space:normal;color:rgb(0, 0, 0)\" align=\"start\"><span style=\"font-size:16px;font-family:arial, helvetica, sans-serif\">\u013bauj da\u017e\u0101m no pasaul\u0113 pirmaj\u0101m baterij\u0101m darboties pat negat\u012bv\u0101 temperat\u016br\u0101. Ziemas saule var atdzes\u0113t l\u012bdz pat -20 \u00b0C. BigBlue POWAFREE ir piln\u012bgi stabils uzglab\u0101\u0161anas risin\u0101jums. PV kontrollera aizsardz\u012bba ir IP67, un akumulatora elementa aizsardz\u012bba ir IP65; tas ir iztur\u012bgs pret laikapst\u0101k\u013ciem un putek\u013ciem, t\u0101p\u0113c to var bez probl\u0113m\u0101m izmantot ar\u012b uz balkona vai d\u0101rz\u0101.<\/span><\/p>\n<p><\/p>\n<p style=\"font-family:&quot;Microsoft YaHei&quot;;letter-spacing:normal;text-align:start;white-space:normal;color:rgb(0, 0, 0)\" align=\"start\"><strong><span style=\"font-size:16px;font-family:arial, helvetica, sans-serif\">Vienk\u0101r\u0161a vad\u012bba, izmantojot Wi-Fi un lietotni<\/span><\/strong><\/p>\n<p style=\"font-family:&quot;Microsoft YaHei&quot;;font-size:medium;font-weight:400;letter-spacing:normal;text-align:start;white-space:normal;color:rgb(0, 0, 0)\" align=\"start\"><span style=\"font-size:16px;font-family:arial, helvetica, sans-serif\">Ar BigBlue ier\u012bces uzlabotaj\u0101m funkcij\u0101m, komand\u0101m un inform\u0101ciju, piem\u0113ram, pane\u013ca produktivit\u0101ti, atmi\u0146as ietilp\u012bbu un \u0123ener\u0113to v\u0113rt\u012bbu, var skat\u012bt re\u0101llaik\u0101, izmantojot piel\u0101goto BigBlue lietojumprogrammu.<\/span><\/p>\n<p><\/p>\n<p style=\"font-family:&quot;Microsoft YaHei&quot;;letter-spacing:normal;text-align:start;white-space:normal;color:rgb(0, 0, 0)\" align=\"start\"><strong><span style=\"font-size:16px;font-family:arial, helvetica, sans-serif\">Univers\u0101la sader\u012bba<\/span><\/strong><\/p>\n<p style=\"font-family:&quot;Microsoft YaHei&quot;;font-size:medium;font-weight:400;letter-spacing:normal;text-align:start;white-space:normal;color:rgb(0, 0, 0)\" align=\"start\"><span style=\"font-size:16px;font-family:arial, helvetica, sans-serif\">BigBlue POWAFREE lieliski integr\u0113jas vis\u0101s pa\u0161reiz\u0113j\u0101s mikrovi\u013c\u0146u kr\u0101sn\u012bs un garant\u0113 sader\u012bbu ar j\u016bsu eso\u0161o saules ener\u0123ijas apr\u012bkojumu. Piem\u0113ram: APsystems, Envertech, Deye, Enphase un Tsun.<\/span><\/p>\n<\/div>\n<\/div>\n<\/div>\n<\/div>\n<div style=\"background-color:rgb(240, 234, 255);margin:20px 0px 10px;margin-bottom:10px;margin-top:20px;margin-left:0px;margin-right:0px;width:100%;height:34px\"><span style=\"background-color:rgb(55, 139, 238);color:rgb(255, 255, 255);font-size:24px;font-family:Verdana, Arial\">Produkta inform\u0101cija<\/span><\/div>\n<p><img decoding=\"async\" src=\"https:\/\/ae01.alicdn.com\/kf\/S33f261e5856a488f8a412a336851c319p.jpg\" slate-data-type=\"image\"\/><img decoding=\"async\" src=\"https:\/\/ae01.alicdn.com\/kf\/S14a4eaa6d0c04a698f8476094cb710e6X.jpg\" slate-data-type=\"image\"\/><img decoding=\"async\" src=\"https:\/\/ae01.alicdn.com\/kf\/Se4853aad5b8b42b3b7124c38e525dcf65.jpg\" slate-data-type=\"image\"\/><img decoding=\"async\" src=\"https:\/\/ae01.alicdn.com\/kf\/Sb4739df4da3a4e75acf8f5d2964adce2p.jpg\" slate-data-type=\"image\"\/><img decoding=\"async\" src=\"https:\/\/ae01.alicdn.com\/kf\/S0f4dcb6404ff433eb39cd2a16983cb455.jpg\" slate-data-type=\"image\"\/><img decoding=\"async\" src=\"https:\/\/ae01.alicdn.com\/kf\/S22ff4854feb949a28b820ae57797f642i.jpg\" slate-data-type=\"image\"\/><img decoding=\"async\" src=\"https:\/\/ae01.alicdn.com\/kf\/S0a66a926598f4eaf886bcb6af2af4b84e.jpg\" slate-data-type=\"image\"\/><img decoding=\"async\" src=\"https:\/\/ae01.alicdn.com\/kf\/S4f97340065404392a6e4016327b46b97R.jpg\" slate-data-type=\"image\"\/><img decoding=\"async\" src=\"https:\/\/ae01.alicdn.com\/kf\/S8a543e6338264fdbbf332bd0f895f4a3v.jpg\" slate-data-type=\"image\"\/><img decoding=\"async\" src=\"https:\/\/ae01.alicdn.com\/kf\/S1f8f4126535e47f9bef2391ea71a4356R.jpg\" slate-data-type=\"image\"\/><img decoding=\"async\" src=\"https:\/\/ae01.alicdn.com\/kf\/Sf5cccff992ae43b1b7f9863cac3ca225z.jpg\" slate-data-type=\"image\"\/><img decoding=\"async\" src=\"https:\/\/ae01.alicdn.com\/kf\/Sb19ea178879d44e6921fc154b1c2cd03p.jpg\" slate-data-type=\"image\"\/><img decoding=\"async\" src=\"https:\/\/ae01.alicdn.com\/kf\/Sa2373578764942f889a56efa292812225.jpg\" slate-data-type=\"image\"\/><img decoding=\"async\" src=\"https:\/\/ae01.alicdn.com\/kf\/Sddcb120e884d4b958794cd1ededb1d35L.jpg\" slate-data-type=\"image\"\/><\/p>\n<div style=\"background-color:rgb(240, 234, 255);margin:20px 0px 10px;margin-bottom:10px;margin-top:20px;margin-left:0px;margin-right:0px;width:100%;height:34px\"><span style=\"background-color:rgb(55, 139, 238);color:rgb(255, 255, 255);font-size:24px;font-family:Verdana, Arial\">Specifik\u0101cija<\/span><\/div>\n<p style=\"font-family:&quot;Microsoft YaHei&quot;;font-size:medium;font-weight:400;letter-spacing:normal;text-align:left;white-space:normal;color:rgb(0, 0, 0)\" align=\"left\"><span style=\"font-size:16px;font-family:arial, helvetica, sans-serif\">PV mar\u0161ruts: R800<br \/>Aizsardz\u012bbas l\u012bmenis: IP67<br \/>Veiktsp\u0113jas garantija: 10 gadi<br \/>Nomin\u0101l\u0101 PV ieejas jauda: 100\u2013400 W uz kan\u0101lu (kop\u0101 divi kan\u0101li)<br \/>PV ieejas l\u012bdzstr\u0101vas spriegums: 12\u201365 V<br \/>MPPT spriegums: 60 V<br \/>Maksim\u0101l\u0101 PV ieejas str\u0101va: 15A<br \/>MPPT skaits: 3 (2 ieej\u0101, 1 izej\u0101)<br \/>Savienot\u0101js: MC4<br \/>Bezvadu tips: Bluetooth 5.0 un Wi-Fi 2.4GHz<br \/>Mikroinvertora izejas jauda: 800 W (maks.)<br \/>Mikroinvertora maksim\u0101lais izejas spriegums: 55 V<br \/>Mikroinvertora maksim\u0101l\u0101 izejas str\u0101va: 18A<br \/>Mikroinvertora savienot\u0101jam: MC4<\/span><\/p>\n<p style=\"font-family:&quot;Microsoft YaHei&quot;;font-size:medium;font-weight:400;letter-spacing:normal;text-align:left;white-space:normal;color:rgb(0, 0, 0)\" align=\"left\"><span style=\"font-size:16px;font-family:arial, helvetica, sans-serif\">Akumulatora sist\u0113ma: Cell Pack 2500<br \/>Ietilp\u012bba: 2560 Wh<br \/>Akumulatora tips: LiFePO4<br \/>Korpusa materi\u0101ls: cinka sakaus\u0113jums<br \/>Ieejas jauda: 800 W<br \/>Ieejas str\u0101va: 20A<br \/>Sprieguma diapazons: 44 V\u201358,4 V<br \/>Izejas jauda: 800 W<br \/>Izejas str\u0101va: 20A<br \/>Nomin\u0101lais spriegums: 44V \u2013 58,4V<\/span><\/p>\n<\/div>\n<\/div>","protected":false},"excerpt":{"rendered":"<p>Application:&nbsp;HOME Model Number:&nbsp;H1 Highlights Trio-integrated MPPT And 2560Wh LiFePO4 Memory 2 modules with solar power up to 800Wp can be connected. The storage capacity is perfectly chosen for a central<\/p>","protected":false},"featured_media":9235,"comment_status":"open","ping_status":"closed","template":"","meta":{"_acf_changed":false},"product_brand":[],"product_cat":[515],"product_tag":[],"class_list":{"0":"post-9233","1":"product","2":"type-product","3":"status-publish","4":"has-post-thumbnail","6":"product_cat-portable-power-stations","8":"first","9":"instock","10":"shipping-taxable","11":"purchasable","12":"product-type-simple"},"acf":[],"_links":{"self":[{"href":"https:\/\/electricstore.eu\/lv\/wp-json\/wp\/v2\/product\/9233","targetHints":{"allow":["GET"]}}],"collection":[{"href":"https:\/\/electricstore.eu\/lv\/wp-json\/wp\/v2\/product"}],"about":[{"href":"https:\/\/electricstore.eu\/lv\/wp-json\/wp\/v2\/types\/product"}],"replies":[{"embeddable":true,"href":"https:\/\/electricstore.eu\/lv\/wp-json\/wp\/v2\/comments?post=9233"}],"wp:featuredmedia":[{"embeddable":true,"href":"https:\/\/electricstore.eu\/lv\/wp-json\/wp\/v2\/media\/9235"}],"wp:attachment":[{"href":"https:\/\/electricstore.eu\/lv\/wp-json\/wp\/v2\/media?parent=9233"}],"wp:term":[{"taxonomy":"product_brand","embeddable":true,"href":"https:\/\/electricstore.eu\/lv\/wp-json\/wp\/v2\/product_brand?post=9233"},{"taxonomy":"product_cat","embeddable":true,"href":"https:\/\/electricstore.eu\/lv\/wp-json\/wp\/v2\/product_cat?post=9233"},{"taxonomy":"product_tag","embeddable":true,"href":"https:\/\/electricstore.eu\/lv\/wp-json\/wp\/v2\/product_tag?post=9233"}],"curies":[{"name":"wp","href":"https:\/\/api.w.org\/{rel}","templated":true}]}}