{"id":9208,"date":"2025-05-20T17:45:51","date_gmt":"2025-05-20T17:45:51","guid":{"rendered":"https:\/\/electricstore.eu\/p\/uncategorized\/lanpwr-51-2v-100ah-rack-mount-lifepo4-battery-pack-backup-power-5120wh-energy-built-in-100a-bms-100-dod-support-in-parallel\/"},"modified":"2025-05-20T17:46:19","modified_gmt":"2025-05-20T17:46:19","slug":"lanpwr-51-2v-100ah-rack-mount-lifepo4-battery-pack-backup-power-5120wh-energy-built-in-100a-bms-100-dod-support-in-parallel","status":"publish","type":"product","link":"https:\/\/electricstore.eu\/lv\/p\/batteries\/portable-power-stations\/lanpwr-51-2v-100ah-rack-mount-lifepo4-battery-pack-backup-power-5120wh-energy-built-in-100a-bms-100-dod-support-in-parallel\/","title":{"rendered":"LANPWR 51,2 V 100 Ah stat\u012bvam mont\u0113jams LiFePO4 akumulatoru bloks ar rezerves baro\u0161anu, 5120 Wh ener\u0123ija, ieb\u016bv\u0113ts 100 A BMS, 100% DOD, atbalsts paral\u0113l\u0101 sl\u0113gum\u0101"},"content":{"rendered":"<div class=\"product-specs-list-container\">\n<ul class=\"product-specs-list util-clearfix\">\n<li class=\"product-prop line-limit-length\"><span\n                                        class=\"property-title\">Displeja ekr\u0101ns:&nbsp;<\/span><span\n                                        class=\"property-desc line-limit-length\">J\u0101<\/span>\n                            <\/li>\n<li class=\"product-prop line-limit-length\"><span\n                                        class=\"property-title\">Nomin\u0101l\u0101 ietilp\u012bba:&nbsp;<\/span><span\n                                        class=\"property-desc line-limit-length\">&gt;3500 mAh<\/span>\n                            <\/li>\n<li class=\"product-prop line-limit-length\"><span\n                                        class=\"property-title\">Mode\u013ca numurs:&nbsp;<\/span><span\n                                        class=\"property-desc line-limit-length\">LFP51.2-100<\/span>\n                            <\/li>\n<li class=\"product-prop line-limit-length\"><span\n                                        class=\"property-title\">Tips:&nbsp;<\/span><span\n                                        class=\"property-desc line-limit-length\">LiFePO4<\/span>\n                            <\/li>\n<li class=\"product-prop line-limit-length\"><span\n                                        class=\"property-title\">Komplekta veids:&nbsp;<\/span><span\n                                        class=\"property-desc line-limit-length\">L\u0101d\u0113t\u0101ju komplekti<\/span>\n                            <\/li>\n<li class=\"product-prop line-limit-length\"><span\n                                        class=\"property-title\">Nomin\u0101lais spriegums:&nbsp;<\/span><span\n                                        class=\"property-desc line-limit-length\">51,2 V<\/span>\n                            <\/li>\n<li class=\"product-prop line-limit-length\"><span\n                                        class=\"property-title\">Sprieguma diapazons:&nbsp;<\/span><span\n                                        class=\"property-desc line-limit-length\">44,8 V\u201356 V<\/span>\n                            <\/li>\n<li class=\"product-prop line-limit-length\"><span\n                                        class=\"property-title\">Nomin\u0101l\u0101 ietilp\u012bba:&nbsp;<\/span><span\n                                        class=\"property-desc line-limit-length\">100 Ah<\/span>\n                            <\/li>\n<li class=\"product-prop line-limit-length\"><span\n                                        class=\"property-title\">Nomin\u0101l\u0101 ener\u0123ija:&nbsp;<\/span><span\n                                        class=\"property-desc line-limit-length\">5120 Wh<\/span>\n                            <\/li>\n<li class=\"product-prop line-limit-length\"><span\n                                        class=\"property-title\">Uzl\u0101des sprieguma diapazons:&nbsp;<\/span><span\n                                        class=\"property-desc line-limit-length\">56\u201357,6 V<\/span>\n                            <\/li>\n<li class=\"product-prop line-limit-length\"><span\n                                        class=\"property-title\">Atsl\u0113g\u0161anas spriegums:&nbsp;<\/span><span\n                                        class=\"property-desc line-limit-length\">44,8 V<\/span>\n                            <\/li>\n<li class=\"product-prop line-limit-length\"><span\n                                        class=\"property-title\">Ieteicam\u0101 uzl\u0101des str\u0101va:&nbsp;<\/span><span\n                                        class=\"property-desc line-limit-length\">50A<\/span>\n                            <\/li>\n<li class=\"product-prop line-limit-length\"><span\n                                        class=\"property-title\">Maks. uzl\u0101des str\u0101va:&nbsp;<\/span><span\n                                        class=\"property-desc line-limit-length\">100A<\/span>\n                            <\/li>\n<li class=\"product-prop line-limit-length\"><span\n                                        class=\"property-title\">Maksim\u0101l\u0101 izl\u0101des str\u0101va:&nbsp;<\/span><span\n                                        class=\"property-desc line-limit-length\">100A<\/span>\n                            <\/li>\n<\/ul><\/div>\n<div class=\"detailmodule_dynamic\"><kse:widget data-widget-type=\"relatedProduct\" id=\"1005000009406803\" title=\"\" type=\"relation\"><\/kse:widget><\/div>\n<div class=\"detailmodule_html\">\n<div class=\"detail-desc-decorate-richtext\">\n<p><\/p>\n<div style=\"background-color:rgb(240, 234, 255);margin:20px 0px 10px;margin-bottom:10px;margin-top:20px;margin-left:0px;margin-right:0px;width:100%;height:34px\">\n <span style=\"background-color:rgb(55, 139, 238);color:rgb(255, 255, 255);font-size:24px;font-family:Verdana, Arial\">Svar\u012bg\u0101kie notikumi<\/span><br \/>\n \n<\/div>\n<div class=\"detailmodule_text\">\n<p style=\"font-family:&quot;Microsoft YaHei&quot;;letter-spacing:normal;text-align:start;white-space:normal;color:rgb(0, 0, 0)\" align=\"start\"><strong><span style=\"font-size:16px;font-family:arial, helvetica, sans-serif\">Augsts cikla m\u016b\u017es un kalpo\u0161anas laiks<\/span><\/strong><\/p>\n<p style=\"font-family:&quot;Microsoft YaHei&quot;;font-size:medium;font-weight:400;letter-spacing:normal;text-align:start;white-space:normal;color:rgb(0, 0, 0)\" align=\"start\"><span style=\"font-size:16px;font-family:arial, helvetica, sans-serif\">LANPWR 51.2V 100Ah LiFePO4 akumulatoros tiek izmantotas uzlabotas A klases LiFePO4 \u0161\u016bnas. Pateicoties jaunam, uzlabotam met\u0101la korpusam, kas nodro\u0161ina liel\u0101ku iztur\u012bbu nek\u0101 parastais ABS korpuss, siltuma izkliede ir viegl\u0101ka. Tas ir ide\u0101ls aizvietot\u0101js j\u016bsu vecajai akumulatoru sist\u0113mai. LANPWR 51.2V 100Ah 100% DOD kalpo\u0161anas laiks p\u0101rsniedz 5000 ciklus un to var izmantot aptuveni 10 gadus.<\/span><\/p>\n<p><\/p>\n<p style=\"font-family:&quot;Microsoft YaHei&quot;;letter-spacing:normal;text-align:start;white-space:normal;color:rgb(0, 0, 0)\" align=\"start\"><strong><span style=\"font-size:16px;font-family:arial, helvetica, sans-serif\">10 dienu nep\u0101rtraukta baro\u0161ana<\/span><\/strong><\/p>\n<p style=\"font-family:&quot;Microsoft YaHei&quot;;font-size:medium;font-weight:400;letter-spacing:normal;text-align:start;white-space:normal;color:rgb(0, 0, 0)\" align=\"start\"><span style=\"font-size:16px;font-family:arial, helvetica, sans-serif\">LANPWR 51,2 V 100 Ah plauk\u0101 mont\u0113jams LiFePO4 akumulators var nodro\u0161in\u0101t j\u016bsu m\u0101jas baro\u0161anu l\u012bdz pat 10 dien\u0101m, neizmantojot elektrot\u012bkla str\u0101vu (nodro\u0161iniet, lai dienas jaudas piepras\u012bjums b\u016btu 0,5 kWh), \u013caujot izvair\u012bties no t\u012bkla p\u0101rtraukumiem. LANPWR 51,2 V 100 Ah plauk\u0101 mont\u0113jamam LiFePO4 akumulatoram ir elast\u012bga konfigur\u0101cija \u2014 paral\u0113li var piesl\u0113gt ne vair\u0101k k\u0101 8 ier\u012bces, lai palielin\u0101tu jaudu un ietilp\u012bbu, izmantojot DIP sl\u0113d\u017eus.<\/span><\/p>\n<p><\/p>\n<p style=\"font-family:&quot;Microsoft YaHei&quot;;letter-spacing:normal;text-align:start;white-space:normal;color:rgb(0, 0, 0)\" align=\"start\"><strong><span style=\"font-size:16px;font-family:arial, helvetica, sans-serif\">Dro\u0161\u012bba un videi draudz\u012bgums<\/span><\/strong><\/p>\n<p style=\"font-family:&quot;Microsoft YaHei&quot;;font-size:medium;font-weight:400;letter-spacing:normal;text-align:start;white-space:normal;color:rgb(0, 0, 0)\" align=\"start\"><span style=\"font-size:16px;font-family:arial, helvetica, sans-serif\">LANPWR 51.2V 100Ah litija dzelzs fosf\u0101ta akumulators izmanto A klases litija dzelzs fosf\u0101ta \u0161\u016bnas, kur\u0101m ir liel\u0101ks ener\u0123ijas bl\u012bvums, stabil\u0101ka veiktsp\u0113ja un augst\u0101ka veiktsp\u0113ja. LiFePO4 akumulatorus var p\u0101rstr\u0101d\u0101t, un tie nera\u017eo videi kait\u012bgus elementus, bet svina-sk\u0101bes akumulatori pies\u0101r\u0146o vidi.<\/span><\/p>\n<\/div>\n<div style=\"background-color:rgb(240, 234, 255);margin:20px 0px 10px;margin-bottom:10px;margin-top:20px;margin-left:0px;margin-right:0px;width:100%;height:34px\">\n <span style=\"background-color:rgb(55, 139, 238);color:rgb(255, 255, 255);font-size:24px;font-family:Verdana, Arial\">Produkta inform\u0101cija<\/span>\n<\/div>\n<p><img decoding=\"async\" src=\"https:\/\/ae01.alicdn.com\/kf\/S499e3ff91aa940898a439643698def2eu.jpg\" slate-data-type=\"image\" \/><img decoding=\"async\" src=\"https:\/\/ae01.alicdn.com\/kf\/S028f210b3c6647f1b4db126ba56ec88af.jpg\" slate-data-type=\"image\" \/><img decoding=\"async\" src=\"https:\/\/ae01.alicdn.com\/kf\/S65d8462a308648a9af33fda06bcaa857a.jpg\" slate-data-type=\"image\" \/><img decoding=\"async\" src=\"https:\/\/ae01.alicdn.com\/kf\/S2bc5fccd681b459784d42d3f9193a97cs.jpg\" slate-data-type=\"image\" \/><img decoding=\"async\" src=\"https:\/\/ae01.alicdn.com\/kf\/Sc56c2ac8a6be476fabc41125fea07b1ei.jpg\" slate-data-type=\"image\" \/><img decoding=\"async\" src=\"https:\/\/ae01.alicdn.com\/kf\/Sbda7ca0196f64cdda33e4a1d200f312dj.jpg\" slate-data-type=\"image\" \/><img decoding=\"async\" src=\"https:\/\/ae01.alicdn.com\/kf\/Sdb923799e32947c1a349a3e293374406W.jpg\" slate-data-type=\"image\" \/><\/p>\n<div style=\"background-color:rgb(240, 234, 255);margin:20px 0px 10px;margin-bottom:10px;margin-top:20px;margin-left:0px;margin-right:0px;width:100%;height:34px\">\n <span style=\"background-color:rgb(55, 139, 238);color:rgb(255, 255, 255);font-size:24px;font-family:Verdana, Arial\">Specifik\u0101cija<\/span>\n<\/div>\n<p><\/p>\n<table style=\"border-collapse:collapse;font-family:&quot;Microsoft YaHei&quot;;width:1000px\" class=\"jbEidtTable\" border=\"1\" cellpadding=\"5\" cellspacing=\"0\">\n<tbody>\n<tr>\n<td style=\"text-align:left\" align=\"left\">\n<p><span style=\"font-size:16px;font-family:arial, helvetica, sans-serif\"><strong>Visp\u0101r\u012bgi<\/strong><\/span><\/p>\n<\/td>\n<td style=\"text-align:left\" align=\"left\">\n<p><span style=\"font-size:16px;font-family:arial, helvetica, sans-serif\">Z\u012bmols: LANPWR<br \/>Tips: Plaukt\u0101 mont\u0113jams LiFePO4 akumulators<br \/>Modelis: LFP51.2-100<br \/>Kr\u0101sa: melna<\/span><\/p>\n<\/td>\n<\/tr>\n<tr>\n<td style=\"text-align:left\" align=\"left\">\n<p><span style=\"font-size:16px;font-family:arial, helvetica, sans-serif\"><strong>Specifik\u0101cija<\/strong><\/span><\/p>\n<\/td>\n<td style=\"text-align:left\" align=\"left\">\n<p><span style=\"font-size:16px;font-family:arial, helvetica, sans-serif\">Nomin\u0101lais spriegums: 51,2 V<br \/>Sprieguma diapazons: 44,8 V\u201356 V<br \/>Nomin\u0101l\u0101 ietilp\u012bba: 100Ah<br \/>Nomin\u0101l\u0101 ener\u0123ija: 5120 Wh<br \/>Uzl\u0101des sprieguma diapazons: 56\u201357,6 V<br \/>Atsl\u0113g\u0161anas spriegums: 44,8 V<br \/>Ieteicam\u0101 uzl\u0101des str\u0101va: 50A<br \/>Maks. uzl\u0101des str\u0101va: 100A<br \/>Maksim\u0101l\u0101 izl\u0101des str\u0101va: 100A<\/span><\/p>\n<\/td>\n<\/tr>\n<tr>\n<td style=\"text-align:left\" align=\"left\">\n<p><span style=\"font-size:16px;font-family:arial, helvetica, sans-serif\"><strong>Svars un izm\u0113rs<\/strong><\/span><\/p>\n<\/td>\n<td style=\"text-align:left\" align=\"left\">\n<p><span style=\"font-size:16px;font-family:arial, helvetica, sans-serif\">Produkta svars: 42,3 kg<br \/>Iepakojuma svars: 45,5 kg<br \/>Izstr\u0101d\u0101juma izm\u0113rs (G x P x A): 490 * 451,5 * 160 mm<br \/>Iepakojuma izm\u0113rs (G x P x A): 564 * 542 * 239 mm<\/span><\/p>\n<\/td>\n<\/tr>\n<tr>\n<td style=\"text-align:left\" align=\"left\">\n<p><span style=\"font-size:16px;font-family:arial, helvetica, sans-serif\"><strong>Iepakojuma saturs<\/strong><\/span><\/p>\n<\/td>\n<td style=\"text-align:left\" align=\"left\">\n<p><span style=\"font-size:16px;font-family:arial, helvetica, sans-serif\">1 x 51,2 V 100 Ah stat\u012bv\u0101 mont\u0113jams LiFePO4 akumulators<br \/>1 x pozit\u012bvais paral\u0113lais akumulatora kabelis<br \/>1 x negat\u012bvais paral\u0113lais akumulatora kabelis<br \/>1 x RJ45 termin\u0101\u013ca kabelis<br \/>1 lietot\u0101ja rokasgr\u0101mata<\/span><\/p>\n<\/td>\n<\/tr>\n<\/tbody>\n<\/table>\n<p><\/div>\n<\/div>","protected":false},"excerpt":{"rendered":"<p>Display screen:&nbsp;Yes Nominal Capacity:&nbsp;&gt;3500mAh Model Number:&nbsp;LFP51.2-100 Type:&nbsp;LiFePO4 Set Type:&nbsp;Charger Sets Nominal Voltage:&nbsp;51.2V Voltage Range:&nbsp;44.8V-56V Nominal Capacity:&nbsp;100Ah Nominal Energy:&nbsp;5120Wh Charge Voltage Range:&nbsp;56-57.6V Cut-off Voltage:&nbsp;44.8V Recommend Charge Current:&nbsp;50A Max. Charging Current:&nbsp;100A Max.<\/p>","protected":false},"featured_media":9210,"comment_status":"open","ping_status":"closed","template":"","meta":{"_acf_changed":false},"product_brand":[],"product_cat":[515],"product_tag":[],"class_list":{"0":"post-9208","1":"product","2":"type-product","3":"status-publish","4":"has-post-thumbnail","6":"product_cat-portable-power-stations","8":"first","9":"instock","10":"shipping-taxable","11":"purchasable","12":"product-type-simple"},"acf":[],"_links":{"self":[{"href":"https:\/\/electricstore.eu\/lv\/wp-json\/wp\/v2\/product\/9208","targetHints":{"allow":["GET"]}}],"collection":[{"href":"https:\/\/electricstore.eu\/lv\/wp-json\/wp\/v2\/product"}],"about":[{"href":"https:\/\/electricstore.eu\/lv\/wp-json\/wp\/v2\/types\/product"}],"replies":[{"embeddable":true,"href":"https:\/\/electricstore.eu\/lv\/wp-json\/wp\/v2\/comments?post=9208"}],"wp:featuredmedia":[{"embeddable":true,"href":"https:\/\/electricstore.eu\/lv\/wp-json\/wp\/v2\/media\/9210"}],"wp:attachment":[{"href":"https:\/\/electricstore.eu\/lv\/wp-json\/wp\/v2\/media?parent=9208"}],"wp:term":[{"taxonomy":"product_brand","embeddable":true,"href":"https:\/\/electricstore.eu\/lv\/wp-json\/wp\/v2\/product_brand?post=9208"},{"taxonomy":"product_cat","embeddable":true,"href":"https:\/\/electricstore.eu\/lv\/wp-json\/wp\/v2\/product_cat?post=9208"},{"taxonomy":"product_tag","embeddable":true,"href":"https:\/\/electricstore.eu\/lv\/wp-json\/wp\/v2\/product_tag?post=9208"}],"curies":[{"name":"wp","href":"https:\/\/api.w.org\/{rel}","templated":true}]}}