{"id":9163,"date":"2025-05-20T17:45:27","date_gmt":"2025-05-20T17:45:27","guid":{"rendered":"https:\/\/electricstore.eu\/p\/uncategorized\/oukitel-p2001-plus-portable-power-station-2400w-ac-output-2048wh-lifepo4-battery-13-outlets-80-charge-in-1hr-smart-app-control\/"},"modified":"2025-05-20T17:45:47","modified_gmt":"2025-05-20T17:45:47","slug":"oukitel-p2001-plus-portable-power-station-2400w-ac-output-2048wh-lifepo4-battery-13-outlets-80-charge-in-1hr-smart-app-control","status":"publish","type":"product","link":"https:\/\/electricstore.eu\/lv\/p\/batteries\/portable-power-stations\/oukitel-p2001-plus-portable-power-station-2400w-ac-output-2048wh-lifepo4-battery-13-outlets-80-charge-in-1hr-smart-app-control\/","title":{"rendered":"OUKITEL P2001 Plus p\u0101rn\u0113s\u0101jama uzl\u0101des stacija, 2400 W mai\u0146str\u0101vas izeja, 2048 Wh LiFePO4 akumulators, 13 kontaktligzdas, 80% uzl\u0101de 1 stundas laik\u0101, vied\u0101 lietotnes vad\u012bba."},"content":{"rendered":"<div class=\"product-specs-list-container\">\n<ul class=\"product-specs-list util-clearfix\">\n<li class=\"product-prop line-limit-length\"><span\n                                        class=\"property-title\">Displeja ekr\u0101ns:&nbsp;<\/span><span\n                                        class=\"property-desc line-limit-length\">J\u0101<\/span>\n                            <\/li>\n<li class=\"product-prop line-limit-length\"><span\n                                        class=\"property-title\">Nomin\u0101l\u0101 ietilp\u012bba:&nbsp;<\/span><span\n                                        class=\"property-desc line-limit-length\">&gt;3500 mAh<\/span>\n                            <\/li>\n<li class=\"product-prop line-limit-length\"><span\n                                        class=\"property-title\">Mode\u013ca numurs:&nbsp;<\/span><span\n                                        class=\"property-desc line-limit-length\">P2001 Plus<\/span>\n                            <\/li>\n<li class=\"product-prop line-limit-length\"><span\n                                        class=\"property-title\">Tips:&nbsp;<\/span><span\n                                        class=\"property-desc line-limit-length\">LiFePO4<\/span>\n                            <\/li>\n<li class=\"product-prop line-limit-length\"><span\n                                        class=\"property-title\">Komplekta veids:&nbsp;<\/span><span\n                                        class=\"property-desc line-limit-length\">L\u0101d\u0113t\u0101ju komplekti<\/span>\n                            <\/li>\n<li class=\"product-prop line-limit-length\"><span\n                                        class=\"property-title\">Z\u012bmola nosaukums:&nbsp;<\/span><span\n                                        class=\"property-desc line-limit-length\">OUKITEL<\/span>\n                            <\/li>\n<\/ul><\/div>\n<div class=\"detailmodule_dynamic\"><kse:widget data-widget-type=\"customText\" id=\"1005000009406803\" type=\"relation\"><\/kse:widget><\/div>\n<div class=\"detailmodule_html\">\n<div class=\"detail-desc-decorate-richtext\">\n<p><\/p>\n<div style=\"background-color:rgb(240, 234, 255);margin:20px 0px 10px;margin-bottom:10px;margin-top:20px;margin-left:0px;margin-right:0px;width:100%;height:34px\"><span style=\"background-color:rgb(55, 139, 238);color:rgb(255, 255, 255);font-size:24px;font-family:Verdana, Arial\">Svar\u012bg\u0101kie notikumi<\/span><\/div>\n<div class=\"detailmodule_text\">\n<div class=\"detailmodule_html\">\n<div class=\"detail-desc-decorate-richtext\">\n<div class=\"detailmodule_text-image\">\n<div class=\"detailmodule_text-image\">\n<div class=\"detailmodule_text-image\">\n<div class=\"detailmodule_text-image\">\n<p><span style=\"font-size:16px;font-family:arial, helvetica, sans-serif\">1. personaliz\u0113ta uzl\u0101des pieredze; <\/span><\/p>\n<p><span style=\"font-size:16px;font-family:arial, helvetica, sans-serif\">2, ilgsto\u0161a LiFePO4 baterija;<\/span><\/p>\n<p><span style=\"font-size:16px;font-family:arial, helvetica, sans-serif\">3. Dodiet savam m\u0101joklim un piedz\u012bvojumiem sp\u0113ku;<\/span><\/p>\n<p><span style=\"font-size:16px;font-family:arial, helvetica, sans-serif\"> 4, Uzl\u0101d\u0113jiet steig\u0101;<\/span><\/p>\n<p><span style=\"font-size:16px;font-family:arial, helvetica, sans-serif\">5, ieb\u016bv\u0113ta atmi\u0146a; <\/span><\/p>\n<p><span style=\"font-size:16px;font-family:arial, helvetica, sans-serif\">6, New Vision LCD displejs;<\/span><\/p>\n<\/div>\n<\/div>\n<\/div>\n<\/div>\n<\/div>\n<\/div>\n<\/div>\n<div style=\"background-color:rgb(240, 234, 255);margin:20px 0px 10px;margin-bottom:10px;margin-top:20px;margin-left:0px;margin-right:0px;width:100%;height:34px\"><span style=\"background-color:rgb(55, 139, 238);color:rgb(255, 255, 255);font-size:24px;font-family:Verdana, Arial\">Produkta inform\u0101cija<\/span><\/div>\n<p><img decoding=\"async\" src=\"https:\/\/ae01.alicdn.com\/kf\/S1822cc995754408fa6595129ab968409E.jpg\" slate-data-type=\"image\"\/><img decoding=\"async\" src=\"https:\/\/ae01.alicdn.com\/kf\/S503c9fe6ffb4444595ecc0879f265f70R.jpg\" slate-data-type=\"image\"\/><img decoding=\"async\" src=\"https:\/\/ae01.alicdn.com\/kf\/Sa9f25ede363f40249b78527fdfd8b6dek.jpg\" slate-data-type=\"image\"\/><img decoding=\"async\" src=\"https:\/\/ae01.alicdn.com\/kf\/S01b2bc66da944929bab0e813f7f96a8ae.jpg\" slate-data-type=\"image\"\/><img decoding=\"async\" src=\"https:\/\/ae01.alicdn.com\/kf\/Scc8c8076049e4ce7bf488272521e3a61Q.jpg\" slate-data-type=\"image\"\/><img decoding=\"async\" src=\"https:\/\/ae01.alicdn.com\/kf\/S39a839c2f27746548408ac61d350bf8eH.jpg\" slate-data-type=\"image\"\/><img decoding=\"async\" src=\"https:\/\/ae01.alicdn.com\/kf\/S44cf364988f94d1aa2661b9b07f3d280R.jpg\" slate-data-type=\"image\"\/><img decoding=\"async\" src=\"https:\/\/ae01.alicdn.com\/kf\/Sb453fb6ca9b243ca985cea84b13ff017Y.jpg\" slate-data-type=\"image\"\/><img decoding=\"async\" src=\"https:\/\/ae01.alicdn.com\/kf\/Sccc92f1de676477e9176cf0689276e98x.jpg\" slate-data-type=\"image\"\/><img decoding=\"async\" src=\"https:\/\/ae01.alicdn.com\/kf\/S24f7445ba8c145d9864aa01329a69ca8Z.jpg\" slate-data-type=\"image\"\/><img decoding=\"async\" src=\"https:\/\/ae01.alicdn.com\/kf\/S593a7be0ba1c438f846e461a4ca797ffI.jpg\" slate-data-type=\"image\"\/><img decoding=\"async\" src=\"https:\/\/ae01.alicdn.com\/kf\/See79c6a584974d67aee7f12d8be8b78fA.jpg\" slate-data-type=\"image\"\/><\/p>\n<div style=\"background-color:rgb(240, 234, 255);margin:20px 0px 10px;margin-bottom:10px;margin-top:20px;margin-left:0px;margin-right:0px;width:100%;height:34px\"><span style=\"background-color:rgb(55, 139, 238);color:rgb(255, 255, 255);font-size:24px;font-family:Verdana, Arial\">Specifik\u0101cija<\/span><\/div>\n<p><span style=\"color:rgb(0, 0, 0);font-size:16px;font-family:arial, helvetica, sans-serif\">Nomin\u0101l\u0101 jauda: 2400 W<br \/>Ietilp\u012bba: 2048 Wh<br \/>Mai\u0146str\u0101vas izejas spriegums: 100\/110\/120 V<br \/>Akumulatora tips: LiFePO4 (litija dzelzs fosf\u0101ts)<br \/>Dz\u012bves cikli: vair\u0101k nek\u0101 3500 cikli l\u012bdz s\u0101kotn\u0113jai 80% ietilp\u012bbai<br \/>Vad\u012bbas sist\u0113ma: MPPT kontrolieris, BMS utt.<br \/>P\u0101rsprieguma jauda: 4800 W<br \/>Mai\u0146str\u0101vas izeja: 4 porti * AC 2400W<br \/>Invertora tips: T\u012brs sinusoid\u0101ls<br \/>USB-C ports: 1*PD 100W, 1*PD 45W, 2*PD 20W<br \/>USB-A ports: 2 * 18 W USB-A<br \/>Mai\u0146str\u0101vas ieeja: maks. 1800\u00a0W<br \/>Saules ener\u0123ijas ieeja: Maks. 500 W (MPPT), 12\u201360 V\/15 A, 1 * XT60 ports<br \/>Automa\u0161\u012bnas ieeja: 12 V\/10 A<br \/>Maksim\u0101l\u0101 jauda: 2300\u00a0W, ar mai\u0146str\u0101vas un saules ener\u0123ijas ieeju<br \/>Mai\u0146str\u0101vas uzl\u0101de (1800 W): 1,0 stunda<br \/>Saules uzl\u0101de (500 W): 2,75 stundas<br \/>Mai\u0146str\u0101va + saules uzl\u0101de (2300 W): 50 min\u016btes<br \/>Darba temperat\u016bra: 32\u2109-104\u2109\/0\u00b0C-40\u00b0C<br \/>Uzglab\u0101\u0161anas temperat\u016bra: -10\u00b0C-40\u00b0C<\/span><\/p>\n<\/div>\n<\/div>\n<p><\/p>","protected":false},"excerpt":{"rendered":"<p>Display screen:&nbsp;Yes Nominal Capacity:&nbsp;&gt;3500mAh Model Number:&nbsp;P2001 Plus Type:&nbsp;LiFePO4 Set Type:&nbsp;Charger Sets Brand Name:&nbsp;OUKITEL Highlights 1, Personalized Charging Experience; 2, Long-Lasting LiFePO4 Battery; 3, Empower Your Home And Adventures; 4, Recharge<\/p>","protected":false},"featured_media":9165,"comment_status":"open","ping_status":"closed","template":"","meta":{"_acf_changed":false},"product_brand":[],"product_cat":[515],"product_tag":[],"class_list":{"0":"post-9163","1":"product","2":"type-product","3":"status-publish","4":"has-post-thumbnail","6":"product_cat-portable-power-stations","8":"first","9":"instock","10":"shipping-taxable","11":"purchasable","12":"product-type-simple"},"acf":[],"_links":{"self":[{"href":"https:\/\/electricstore.eu\/lv\/wp-json\/wp\/v2\/product\/9163","targetHints":{"allow":["GET"]}}],"collection":[{"href":"https:\/\/electricstore.eu\/lv\/wp-json\/wp\/v2\/product"}],"about":[{"href":"https:\/\/electricstore.eu\/lv\/wp-json\/wp\/v2\/types\/product"}],"replies":[{"embeddable":true,"href":"https:\/\/electricstore.eu\/lv\/wp-json\/wp\/v2\/comments?post=9163"}],"wp:featuredmedia":[{"embeddable":true,"href":"https:\/\/electricstore.eu\/lv\/wp-json\/wp\/v2\/media\/9165"}],"wp:attachment":[{"href":"https:\/\/electricstore.eu\/lv\/wp-json\/wp\/v2\/media?parent=9163"}],"wp:term":[{"taxonomy":"product_brand","embeddable":true,"href":"https:\/\/electricstore.eu\/lv\/wp-json\/wp\/v2\/product_brand?post=9163"},{"taxonomy":"product_cat","embeddable":true,"href":"https:\/\/electricstore.eu\/lv\/wp-json\/wp\/v2\/product_cat?post=9163"},{"taxonomy":"product_tag","embeddable":true,"href":"https:\/\/electricstore.eu\/lv\/wp-json\/wp\/v2\/product_tag?post=9163"}],"curies":[{"name":"wp","href":"https:\/\/api.w.org\/{rel}","templated":true}]}}