{"id":9114,"date":"2025-05-20T17:45:02","date_gmt":"2025-05-20T17:45:02","guid":{"rendered":"https:\/\/electricstore.eu\/p\/uncategorized\/cloudenergy-12v-200ah-lifepo4-battery-pack-backup-power-2560wh-energy-6000-cycles-built-in-100a-bms-support-in-series-parallel\/"},"modified":"2025-05-20T17:45:02","modified_gmt":"2025-05-20T17:45:02","slug":"cloudenergy-12v-200ah-lifepo4-battery-pack-backup-power-2560wh-energy-6000-cycles-built-in-100a-bms-support-in-series-parallel","status":"publish","type":"product","link":"https:\/\/electricstore.eu\/lv\/p\/batteries\/lifepo4-batteries\/200ah-lifepo4-batteries\/cloudenergy-12v-200ah-lifepo4-battery-pack-backup-power-2560wh-energy-6000-cycles-built-in-100a-bms-support-in-series-parallel\/","title":{"rendered":"Cloudenergy 12 V 200 Ah LiFePO4 akumulatoru bloks Rezerves baro\u0161ana 2560 Wh Ener\u0123ija 6000+ cikli Ieb\u016bv\u0113ta 100 A BMS Atbalsta virkn\u0113\/paral\u0113li"},"content":{"rendered":"<div class=\"product-specs-list-container\">\n<ul class=\"product-specs-list util-clearfix\">\n<li class=\"product-prop line-limit-length\"><span\n                                        class=\"property-title\">Displeja ekr\u0101ns:&nbsp;<\/span><span\n                                        class=\"property-desc line-limit-length\">J\u0101<\/span>\n                            <\/li>\n<li class=\"product-prop line-limit-length\"><span\n                                        class=\"property-title\">Nomin\u0101l\u0101 ietilp\u012bba:&nbsp;<\/span><span\n                                        class=\"property-desc line-limit-length\">&gt;3500 mAh<\/span>\n                            <\/li>\n<li class=\"product-prop line-limit-length\"><span\n                                        class=\"property-title\">Mode\u013ca numurs:&nbsp;<\/span><span\n                                        class=\"property-desc line-limit-length\">CL12-200<\/span>\n                            <\/li>\n<li class=\"product-prop line-limit-length\"><span\n                                        class=\"property-title\">Tips:&nbsp;<\/span><span\n                                        class=\"property-desc line-limit-length\">LiFePO4<\/span>\n                            <\/li>\n<li class=\"product-prop line-limit-length\"><span\n                                        class=\"property-title\">Komplekta veids:&nbsp;<\/span><span\n                                        class=\"property-desc line-limit-length\">L\u0101d\u0113t\u0101ju komplekti<\/span>\n                            <\/li>\n<\/ul><\/div>\n<div class=\"detailmodule_dynamic\"><kse:widget data-widget-type=\"customText\" id=\"1005000009406803\" type=\"relation\"><\/kse:widget><\/div>\n<div class=\"detailmodule_html\">\n<div class=\"detail-desc-decorate-richtext\">\n<p><\/p>\n<div style=\"background-color:rgb(240, 234, 255);margin:20px 0px 10px;margin-bottom:10px;margin-top:20px;margin-left:0px;margin-right:0px;width:100%;height:34px\"><span style=\"background-color:rgb(55, 139, 238);color:rgb(255, 255, 255);font-size:24px;font-family:Verdana, Arial\">Svar\u012bg\u0101kie notikumi<\/span><\/div>\n<div class=\"detailmodule_text\">\n<p style=\"font-family:&quot;Microsoft YaHei&quot;;letter-spacing:normal;text-align:start;white-space:normal;color:rgb(0, 0, 0)\" align=\"start\"><strong><span style=\"font-size:16px;font-family:arial, helvetica, sans-serif\">Uzticams automobi\u013cu klases litija akumulators<\/span><\/strong><\/p>\n<p style=\"font-family:&quot;Microsoft YaHei&quot;;font-size:medium;font-weight:400;letter-spacing:normal;text-align:start;white-space:normal;color:rgb(0, 0, 0)\" align=\"start\"><span style=\"font-size:16px;font-family:arial, helvetica, sans-serif\">Cloudenegy LiFePO4 akumulatoriem ir izcila kvalit\u0101te, jo tie ir ra\u017eoti no automobi\u013cu klases LiFePO4 \u0161\u016bn\u0101m ar augst\u0101ku ener\u0123ijas bl\u012bvumu, stabil\u0101ku veiktsp\u0113ju un liel\u0101ku jaudu. Augst\u0101kais dro\u0161\u012bbas l\u012bmenis, pamatojoties uz UL test\u0113\u0161anas sertifik\u0101tu akumulatora iek\u0161pus\u0113 eso\u0161ajai \u0161\u016bnai un ieb\u016bv\u0113to 100A BMS, lai aizsarg\u0101tu to no p\u0101rl\u0101d\u0113\u0161anas, p\u0101rizl\u0101des, p\u0101rslodzes un \u012bssavienojuma ar lielisku pa\u0161izl\u0101des \u0101trumu. 100% dro\u0161a, netoksiska, atjaunojama ener\u0123ija.<\/span><\/p>\n<p><\/p>\n<p style=\"font-family:&quot;Microsoft YaHei&quot;;letter-spacing:normal;text-align:start;white-space:normal;color:rgb(0, 0, 0)\" align=\"start\"><strong><span style=\"font-size:16px;font-family:arial, helvetica, sans-serif\">Lieliski piem\u0113rots lieto\u0161anai \u0101rpus t\u012bkla un \u0101rpus telp\u0101m<\/span><\/strong><\/p>\n<p style=\"font-family:&quot;Microsoft YaHei&quot;;font-size:medium;font-weight:400;letter-spacing:normal;text-align:start;white-space:normal;color:rgb(0, 0, 0)\" align=\"start\"><span style=\"font-size:16px;font-family:arial, helvetica, sans-serif\">Cloudenegy LiFePO4 akumulatoru var savienot paral\u0113li un virkn\u0113, lai ieg\u016btu liel\u0101ku ietilp\u012bbu (maksim\u0101li 1200 Ah) un augst\u0101ku spriegumu (24 V, 36 V, 48 V), kas padara to ide\u0101li piem\u0113rotu lieto\u0161anai \u0101rpus t\u012bkla saules ener\u0123ijas sist\u0113m\u0101s un \u0101ra lietojumos, piem\u0113ram, m\u0101jas rezerves baro\u0161anas avotam, kemperiem, kempingiem, buru laiv\u0101m utt. Jums nav j\u0101uztraucas par to, ka nevar\u0113siet uzl\u0101d\u0113t akumulatoru m\u0101ko\u0146ain\u0101s dien\u0101s, jo akumulatora ilg\u0101 darb\u012bbas m\u016b\u017ea d\u0113\u013c j\u016bs var\u0113siet izmantot uzticamu jaudu vai ilg\u0101kus un pat\u012bkam\u0101kus ce\u013cojumus.<\/span><\/p>\n<\/div>\n<p style=\"background-color:rgb(240, 234, 255);margin:20px 0px 10px;margin-bottom:10px;margin-top:20px;margin-left:0px;margin-right:0px;width:100%;height:34px\"><span style=\"background-color:rgb(55, 139, 238);color:rgb(255, 255, 255);font-size:24px;font-family:arial, helvetica, sans-serif\">Produkta inform\u0101cija<\/span><\/p>\n<p><img decoding=\"async\" src=\"https:\/\/ae01.alicdn.com\/kf\/S822ca4e687e94c8d919f098006b9f1dcQ.jpg\" slate-data-type=\"image\"\/><img decoding=\"async\" src=\"https:\/\/ae01.alicdn.com\/kf\/Sa01ef147b9d648e19ceab5cc2cd1eb99x.jpg\" slate-data-type=\"image\"\/><img decoding=\"async\" src=\"https:\/\/ae01.alicdn.com\/kf\/S60c16e941a244e4a8eee26ecf5c9efedp.jpg\" slate-data-type=\"image\"\/><img decoding=\"async\" src=\"https:\/\/ae01.alicdn.com\/kf\/S58d99ef8f4c24db5b42c435e4f3dbf18g.jpg\" slate-data-type=\"image\"\/><img decoding=\"async\" src=\"https:\/\/ae01.alicdn.com\/kf\/S484ac22225bc4b5391285e1a6e0ccbfcZ.jpg\" slate-data-type=\"image\"\/><img decoding=\"async\" src=\"https:\/\/ae01.alicdn.com\/kf\/S33aebde8eaba44fea230eb640473d6318.jpg\" slate-data-type=\"image\"\/><img decoding=\"async\" src=\"https:\/\/ae01.alicdn.com\/kf\/S2b2770b31d1b4d3981b94d65582a0533E.jpg\" slate-data-type=\"image\"\/><img decoding=\"async\" src=\"https:\/\/ae01.alicdn.com\/kf\/Sfbbc8adc32a04d33be55472718724c23e.jpg\" slate-data-type=\"image\"\/><img decoding=\"async\" src=\"https:\/\/ae01.alicdn.com\/kf\/Se0a2305d5e4e4aa693575eccfe0f2ec1A.jpg\" slate-data-type=\"image\"\/><img decoding=\"async\" src=\"https:\/\/ae01.alicdn.com\/kf\/S6feae6d3da7f4067bbfaebe5277d3b75d.jpg\" slate-data-type=\"image\"\/><\/p>\n<div style=\"background-color:rgb(240, 234, 255);margin:20px 0px 10px;margin-bottom:10px;margin-top:20px;margin-left:0px;margin-right:0px;width:100%;height:34px\"><span style=\"background-color:rgb(55, 139, 238);color:rgb(255, 255, 255);font-size:24px;font-family:Verdana, Arial\">Specifik\u0101cija<\/span><\/div>\n<div>\u00a0<\/div>\n<table style=\"border-collapse:collapse;font-family:&quot;Microsoft YaHei&quot;;width:1000px\" class=\"jbEidtTable\" border=\"1\" cellpadding=\"5\" cellspacing=\"0\">\n<tbody>\n<tr>\n<td style=\"text-align:left\" align=\"left\">\n<p><strong>Visp\u0101r\u012bgi<\/strong><\/p>\n<\/td>\n<td style=\"text-align:left\" align=\"left\">\n<p><span style=\"font-size:16px;font-family:arial, helvetica, sans-serif\">Z\u012bmols: Cloudenergy<br \/>Tips: LiFePO4 akumulators<br \/>Modelis: CL12-200<br \/>Kr\u0101sa: oran\u017ea+melna<\/span><\/p>\n<\/td>\n<\/tr>\n<tr>\n<td style=\"text-align:left\" align=\"left\">\n<p><strong>Specifik\u0101cija<\/strong><\/p>\n<\/td>\n<td style=\"text-align:left\" align=\"left\">\n<p><span style=\"font-size:16px;font-family:arial, helvetica, sans-serif\">Nomin\u0101lais spriegums: 12,8 V<br \/>Nomin\u0101l\u0101 ietilp\u012bba: 200Ah<br \/>Uzl\u0101des spriegums: 14,2\u201314,6 V<br \/>Ener\u0123ija: 2560 Wh<br \/>Maksim\u0101l\u0101 nep\u0101rtraukt\u0101 uzl\u0101des str\u0101va: 100A<br \/>Maksim\u0101l\u0101 nep\u0101rtraukt\u0101 izl\u0101des str\u0101va: 100A<br \/>Ieteicam\u0101 uzl\u0101des str\u0101va: 40A (0,2C)<br \/>Maksim\u0101l\u0101 slodze \/ invertora jauda: 1280 W<br \/>Uzl\u0101des temperat\u016bra: no 0 l\u012bdz 50 Celsija (no 32 l\u012bdz 122 F\u0101renheita)<br \/>Izl\u0101des temperat\u016bra: no -20 l\u012bdz 60 Celsija (no -4 l\u012bdz 140 F\u0101renheita)<br \/>Uzglab\u0101\u0161anas temperat\u016bra: no -10 l\u012bdz 50 Celsija (no 14 l\u012bdz 122 F\u0101renheita)<br \/>\u016adensiztur\u012bgs: IP63<br \/>Termin\u0101ls: M8<\/span><\/p>\n<\/td>\n<\/tr>\n<tr>\n<td style=\"text-align:left\" align=\"left\">\n<p><strong>Svars un izm\u0113rs<\/strong><\/p>\n<\/td>\n<td style=\"text-align:left\" align=\"left\">\n<p><span style=\"font-size:16px;font-family:arial, helvetica, sans-serif\">Produkta svars: 19,5 kg<br \/>Iepakojuma svars: 21 kg<br \/>Izstr\u0101d\u0101juma izm\u0113rs (G x P x A): 53,2 \u00d7 20,7 \u00d7 21,5 cm<br \/>Iepakojuma izm\u0113rs (G x P x A): 56,2 \u00d7 24,7 \u00d7 24,5 cm<\/span><\/p>\n<\/td>\n<\/tr>\n<tr>\n<td style=\"text-align:left\" align=\"left\">\n<p><strong>Iepakojuma saturs<\/strong><\/p>\n<\/td>\n<td style=\"text-align:left\" align=\"left\">\n<p>1 x LiFePO4 akumulators<br \/>1 lietot\u0101ja rokasgr\u0101mata<\/p>\n<\/td>\n<\/tr>\n<\/tbody>\n<\/table>\n<\/div>\n<\/div>\n<p><\/p>","protected":false},"excerpt":{"rendered":"<p>Display screen:&nbsp;Yes Nominal Capacity:&nbsp;&gt;3500mAh Model Number:&nbsp;CL12-200 Type:&nbsp;LiFePO4 Set Type:&nbsp;Charger Sets Highlights Reliable Automotive Grade Lithium Battery Cloudenegy LiFePO4 batteries have exceptional quality since they are manufactured by automotive-grade LiFePO4 Cells<\/p>","protected":false},"featured_media":9115,"comment_status":"open","ping_status":"closed","template":"","meta":{"_acf_changed":false},"product_brand":[],"product_cat":[238],"product_tag":[],"class_list":{"0":"post-9114","1":"product","2":"type-product","3":"status-publish","4":"has-post-thumbnail","6":"product_cat-200ah-lifepo4-batteries","8":"first","9":"instock","10":"shipping-taxable","11":"purchasable","12":"product-type-simple"},"acf":[],"_links":{"self":[{"href":"https:\/\/electricstore.eu\/lv\/wp-json\/wp\/v2\/product\/9114","targetHints":{"allow":["GET"]}}],"collection":[{"href":"https:\/\/electricstore.eu\/lv\/wp-json\/wp\/v2\/product"}],"about":[{"href":"https:\/\/electricstore.eu\/lv\/wp-json\/wp\/v2\/types\/product"}],"replies":[{"embeddable":true,"href":"https:\/\/electricstore.eu\/lv\/wp-json\/wp\/v2\/comments?post=9114"}],"wp:featuredmedia":[{"embeddable":true,"href":"https:\/\/electricstore.eu\/lv\/wp-json\/wp\/v2\/media\/9115"}],"wp:attachment":[{"href":"https:\/\/electricstore.eu\/lv\/wp-json\/wp\/v2\/media?parent=9114"}],"wp:term":[{"taxonomy":"product_brand","embeddable":true,"href":"https:\/\/electricstore.eu\/lv\/wp-json\/wp\/v2\/product_brand?post=9114"},{"taxonomy":"product_cat","embeddable":true,"href":"https:\/\/electricstore.eu\/lv\/wp-json\/wp\/v2\/product_cat?post=9114"},{"taxonomy":"product_tag","embeddable":true,"href":"https:\/\/electricstore.eu\/lv\/wp-json\/wp\/v2\/product_tag?post=9114"}],"curies":[{"name":"wp","href":"https:\/\/api.w.org\/{rel}","templated":true}]}}