{"id":8887,"date":"2025-05-19T21:19:40","date_gmt":"2025-05-19T21:19:40","guid":{"rendered":"https:\/\/electricstore.eu\/product\/uncategorized\/engwe-mapfour-n1-air-st-250w-36v-10ah-100km-25km-h-carbon-fiber-city-ebike\/"},"modified":"2025-05-21T05:41:20","modified_gmt":"2025-05-21T05:41:20","slug":"engwe-mapfour-n1-air-st-250w-36v-10ah-100km-25km-h-carbon-fiber-city-ebike","status":"publish","type":"product","link":"https:\/\/electricstore.eu\/lv\/p\/bikes\/electric-city-bikes\/engwe-mapfour-n1-air-st-250w-36v-10ah-100km-25km-h-carbon-fiber-city-ebike\/","title":{"rendered":"ENGWE MAPFOUR N1 AIR ST 250W 36V 10Ah 25km\/h 100km 20\u2033 pils\u0113tas elektriskais velosip\u0113ds"},"content":{"rendered":"<div class=\"product-specs-list-container\">\n<ul class=\"product-specs-list util-clearfix\">\n<li class=\"product-prop line-limit-length\"><span\n                                        class=\"property-title\">Mode\u013ca numurs:&nbsp;<\/span><span\n                                        class=\"property-desc line-limit-length\">ENGWE MAPFOUR N1 AIR ST<\/span>\n                            <\/li>\n<li class=\"product-prop line-limit-length\"><span\n                                        class=\"property-title\">Nomin\u0101l\u0101 pasa\u017eieru ietilp\u012bba:&nbsp;<\/span><span\n                                        class=\"property-desc line-limit-length\">Viena s\u0113dvieta<\/span>\n                            <\/li>\n<li class=\"product-prop line-limit-length\"><span\n                                        class=\"property-title\">Stils:&nbsp;<\/span><span\n                                        class=\"property-desc line-limit-length\">Luksusa tips<\/span>\n                            <\/li>\n<li class=\"product-prop line-limit-length\"><span\n                                        class=\"property-title\">Maksim\u0101lais \u0101trums:&nbsp;<\/span><span\n                                        class=\"property-desc line-limit-length\">&lt;25 km\/h<\/span>\n                            <\/li>\n<li class=\"product-prop line-limit-length\"><span\n                                        class=\"property-title\">Diapazons p\u0113c jaudas:&nbsp;<\/span><span\n                                        class=\"property-desc line-limit-length\">&gt; 60 km<\/span>\n                            <\/li>\n<li class=\"product-prop line-limit-length\"><span\n                                        class=\"property-title\">Jauda:&nbsp;<\/span><span\n                                        class=\"property-desc line-limit-length\">200\u2013250\u00a0W<\/span>\n                            <\/li>\n<li class=\"product-prop line-limit-length\"><span\n                                        class=\"property-title\">Baro\u0161anas avots:&nbsp;<\/span><span\n                                        class=\"property-desc line-limit-length\">litija akumulators<\/span>\n                            <\/li>\n<li class=\"product-prop line-limit-length\"><span\n                                        class=\"property-title\">Spriegums:&nbsp;<\/span><span\n                                        class=\"property-desc line-limit-length\">48 V<\/span>\n                            <\/li>\n<li class=\"product-prop line-limit-length\"><span\n                                        class=\"property-title\">Izcelsme:&nbsp;<\/span><span\n                                        class=\"property-desc line-limit-length\">Kontinent\u0101l\u0101 \u0136\u012bna<\/span>\n                            <\/li>\n<li class=\"product-prop line-limit-length\"><span\n                                        class=\"property-title\">Motors:&nbsp;<\/span><span\n                                        class=\"property-desc line-limit-length\">Bezsuku<\/span>\n                            <\/li>\n<li class=\"product-prop line-limit-length\"><span\n                                        class=\"property-title\">Rite\u0146a izm\u0113rs:&nbsp;<\/span><span\n                                        class=\"property-desc line-limit-length\">20 collas<\/span>\n                            <\/li>\n<li class=\"product-prop line-limit-length\"><span\n                                        class=\"property-title\">R\u0101mja materi\u0101ls:&nbsp;<\/span><span\n                                        class=\"property-desc line-limit-length\">oglek\u013ca \u0161\u0137iedra<\/span>\n                            <\/li>\n<\/ul><\/div>\n<p><span style=\"color:rgb(244, 78, 59)\"><u>D\u0101rgais draugs,<\/u><\/span><\/p>\n<h3 style=\"font-family:&quot;TT Norms Pro&quot;, &quot;Open Sans&quot;, Roboto, Arial, Helvetica, sans-serif, SimSun;letter-spacing:normal;text-align:start;white-space:normal;color:rgb(34, 34, 34);box-sizing:border-box\" align=\"start\"><span style=\"color:rgb(244, 78, 59)\"><u>Mums ir profesion\u0101la remonta komanda un bezsaistes p\u0113cp\u0101rdo\u0161anas serviss Polij\u0101.<\/u><\/span><\/h3>\n<h3 style=\"font-family:&quot;TT Norms Pro&quot;, &quot;Open Sans&quot;, Roboto, Arial, Helvetica, sans-serif, SimSun;letter-spacing:normal;text-align:start;white-space:normal;color:rgb(34, 34, 34);box-sizing:border-box\" align=\"start\"><span style=\"color:rgb(244, 78, 59)\"><u>Ieg\u0101d\u0101tais elektriskais velosip\u0113ds tiks nos\u016bt\u012bts no Polijas, par ko m\u0113s varam izrakst\u012bt r\u0113\u0137inu. Ja jums ir k\u0101di jaut\u0101jumi, l\u016bdzu, sazinieties ar mums.<\/u><\/span><\/h3>\n<p style=\"font-family:&quot;TT Norms Pro&quot;, &quot;Open Sans&quot;, Roboto, Arial, Helvetica, sans-serif, SimSun;font-size:14px;font-weight:400;letter-spacing:normal;line-height:inherit;text-align:start;white-space:normal;color:rgb(34, 34, 34);margin:0px;margin-bottom:0px;margin-top:0px;margin-left:0px;margin-right:0px;padding:0px;padding-bottom:0px;padding-top:0px;padding-left:0px;padding-right:0px;box-sizing:border-box\" align=\"start\"><\/p>\n<h2 style=\"font-family:&quot;TT Norms Pro&quot;, &quot;Open Sans&quot;, Roboto, Arial, Helvetica, sans-serif, SimSun;letter-spacing:normal;text-align:start;white-space:normal;color:rgb(34, 34, 34);box-sizing:border-box\" align=\"start\"><\/h2>\n<h1 style=\"text-align:center\" align=\"center\"><strong>ENGWE MAPFOUR N1 AIR ST elektriskais velosip\u0113ds sieviet\u0113m ar griezes momenta sensoru, 250 W, 36 V, 10 Ah akumulators, 100 km\/h, 25 km\/h, oglek\u013ca \u0161\u0137iedras pils\u0113tas velosip\u0113ds <\/strong><\/h1>\n<div style=\"text-align:center\" align=\"center\"><\/div>\n<p style=\"font-family:Poppins, sans-serif;font-size:13px;font-weight:500;letter-spacing:0.65px;line-height:inherit;text-align:start;white-space:normal;color:rgb(83, 81, 81);margin:0px 0px 25px;margin-bottom:25px;margin-top:0px;margin-left:0px;margin-right:0px;padding:0px;padding-bottom:0px;padding-top:0px;padding-left:0px;padding-right:0px;box-sizing:border-box\" align=\"start\"><strong>250 W jaud\u012bgs motors (maksim\u0101lais \u0101trums 25 km\/h)<\/strong><\/p>\n<p style=\"font-family:Poppins, sans-serif;font-size:13px;font-weight:500;letter-spacing:0.65px;line-height:inherit;text-align:start;white-space:normal;color:rgb(83, 81, 81);margin:0px 0px 25px;margin-bottom:25px;margin-top:0px;margin-left:0px;margin-right:0px;padding:0px;padding-bottom:0px;padding-top:0px;padding-left:0px;padding-right:0px;box-sizing:border-box\" align=\"start\">N1 AIR elektriskais velosip\u0113ds ir apr\u012bkots ar 250 W augstas efektivit\u0101tes motoru, kas ne tikai nodro\u0161ina lielu jaudu, bet ar\u012b griezes momentu l\u012bdz 40 Nm, \u013caujot viegli kontrol\u0113t da\u017e\u0101dus reljefus.<\/p>\n<p style=\"font-family:Poppins, sans-serif;font-size:13px;font-weight:500;letter-spacing:0.65px;line-height:inherit;text-align:start;white-space:normal;color:rgb(83, 81, 81);margin:0px 0px 25px;margin-bottom:25px;margin-top:0px;margin-left:0px;margin-right:0px;padding:0px;padding-bottom:0px;padding-top:0px;padding-left:0px;padding-right:0px;box-sizing:border-box\" align=\"start\"><strong>No\u0146emams akumulators 36 V 10 Ah (360 Wh)<\/strong><\/p>\n<p style=\"font-family:Poppins, sans-serif;font-size:13px;font-weight:500;letter-spacing:0.65px;line-height:inherit;text-align:start;white-space:normal;color:rgb(83, 81, 81);margin:0px 0px 25px;margin-bottom:25px;margin-top:0px;margin-left:0px;margin-right:0px;padding:0px;padding-bottom:0px;padding-top:0px;padding-left:0px;padding-right:0px;box-sizing:border-box\" align=\"start\">P\u0101rn\u0113s\u0101jams un pretaizdz\u012b\u0161anas re\u017e\u012bms, kas ASSIST re\u017e\u012bm\u0101 ar vienu uzl\u0101di var nobraukt 100 kilometrus. (Konkr\u0113tus datus ietekm\u0113 slodze, temperat\u016bra, ce\u013ca apst\u0101k\u013ci utt.)<\/p>\n<p style=\"font-family:Poppins, sans-serif;font-size:13px;font-weight:500;letter-spacing:0.65px;line-height:inherit;text-align:start;white-space:normal;color:rgb(83, 81, 81);margin:0px 0px 25px;margin-bottom:25px;margin-top:0px;margin-left:0px;margin-right:0px;padding:0px;padding-bottom:0px;padding-top:0px;padding-left:0px;padding-right:0px;box-sizing:border-box\" align=\"start\"><strong>Shimano 7 \u0101trumu p\u0101rsl\u0113dz\u0113js<\/strong><\/p>\n<p style=\"font-family:Poppins, sans-serif;font-size:13px;font-weight:500;letter-spacing:0.65px;line-height:inherit;text-align:start;white-space:normal;color:rgb(83, 81, 81);margin:0px 0px 25px;margin-bottom:25px;margin-top:0px;margin-left:0px;margin-right:0px;padding:0px;padding-bottom:0px;padding-top:0px;padding-left:0px;padding-right:0px;box-sizing:border-box\" align=\"start\">Shimano 7 \u0101trumu p\u0101rsl\u0113dz\u0113js nodro\u0161ina prec\u012bzu un vienm\u0113r\u012bgu p\u0101rnesumu p\u0101rsl\u0113g\u0161anu, lai nodro\u0161in\u0101tu, ka j\u016bsu piedzi\u0146a ir atsauc\u012bga ilgu laiku.<\/p>\n<p style=\"font-family:Poppins, sans-serif;font-size:13px;font-weight:500;letter-spacing:0.65px;line-height:inherit;text-align:start;white-space:normal;color:rgb(83, 81, 81);margin:0px 0px 25px;margin-bottom:25px;margin-top:0px;margin-left:0px;margin-right:0px;padding:0px;padding-bottom:0px;padding-top:0px;padding-left:0px;padding-right:0px;box-sizing:border-box\" align=\"start\"><strong>Griezes momenta sensors<\/strong><\/p>\n<p style=\"font-family:Poppins, sans-serif;font-size:13px;font-weight:500;letter-spacing:0.65px;line-height:inherit;text-align:start;white-space:normal;color:rgb(83, 81, 81);margin:0px 0px 25px;margin-bottom:25px;margin-top:0px;margin-left:0px;margin-right:0px;padding:0px;padding-bottom:0px;padding-top:0px;padding-left:0px;padding-right:0px;box-sizing:border-box\" align=\"start\">Augsta jut\u012bba un precizit\u0101te sensoros, kas sp\u0113j noteikt statisko un dinamisko griezes momentu un nodro\u0161in\u0101t stabilu elektrisko velosip\u0113du brauk\u0161anas veiktsp\u0113ju bez starta rite\u0146brauk\u0161anas laik\u0101.<\/p>\n<p style=\"font-family:Poppins, sans-serif;font-size:13px;font-weight:500;letter-spacing:0.65px;line-height:inherit;text-align:start;white-space:normal;color:rgb(83, 81, 81);margin:0px 0px 25px;margin-bottom:25px;margin-top:0px;margin-left:0px;margin-right:0px;padding:0px;padding-bottom:0px;padding-top:0px;padding-left:0px;padding-right:0px;box-sizing:border-box\" align=\"start\"><strong>Ultra viegls oglek\u013ca \u0161\u0137iedras<\/strong><\/p>\n<p style=\"font-family:Poppins, sans-serif;font-size:13px;font-weight:500;letter-spacing:0.65px;line-height:inherit;text-align:start;white-space:normal;color:rgb(83, 81, 81);margin:0px 0px 25px;margin-bottom:25px;margin-top:0px;margin-left:0px;margin-right:0px;padding:0px;padding-bottom:0px;padding-top:0px;padding-left:0px;padding-right:0px;box-sizing:border-box\" align=\"start\">\u012apa\u0161i viegls oglek\u013ca \u0161\u0137iedras r\u0101mis, tikai 1,28 kg, kas izstr\u0101d\u0101ts optim\u0101lai aerodinamikai, nodro\u0161inot vienm\u0113r\u012bg\u0101ku un stabil\u0101ku braucienu ar samazin\u0101tu v\u0113ja pretest\u012bbu.<\/p>\n<p style=\"font-family:Poppins, sans-serif;font-size:13px;font-weight:500;letter-spacing:0.65px;line-height:inherit;text-align:start;white-space:normal;color:rgb(83, 81, 81);margin:0px 0px 25px;margin-bottom:25px;margin-top:0px;margin-left:0px;margin-right:0px;padding:0px;padding-bottom:0px;padding-top:0px;padding-left:0px;padding-right:0px;box-sizing:border-box\" align=\"start\"><strong>Pretaizdz\u012b\u0161anas aizsardz\u012bba<\/strong><\/p>\n<p style=\"font-family:Poppins, sans-serif;font-size:13px;font-weight:500;letter-spacing:0.65px;line-height:inherit;text-align:start;white-space:normal;color:rgb(83, 81, 81);margin:0px 0px 25px;margin-bottom:25px;margin-top:0px;margin-left:0px;margin-right:0px;padding:0px;padding-bottom:0px;padding-top:0px;padding-left:0px;padding-right:0px;box-sizing:border-box\" align=\"start\"><span>Aizsarg\u0101jiet savu braucamo ar viedaj\u0101m tehnolo\u0123ij\u0101m, kas uztver draudus un nodro\u0161ina j\u016bsu velosip\u0113da izsekojam\u012bbu, nodro\u0161inot, ka j\u016bsu brauk\u0161ana pils\u0113t\u0101 ir bez raiz\u0113m un dro\u0161a.<\/span><\/p>\n<p style=\"font-family:&quot;PT Sans&quot;, sans-serif;font-size:17px;font-weight:400;letter-spacing:normal;line-height:inherit;text-align:start;white-space:normal;color:rgb(45, 55, 72);background-color:rgb(255, 255, 255);margin:0px;margin-bottom:0px;margin-top:0px;margin-left:0px;margin-right:0px;padding:0px;padding-bottom:0px;padding-top:0px;padding-left:0px;padding-right:0px;box-sizing:inherit\" align=\"start\"><img decoding=\"async\" src=\"https:\/\/ae01.alicdn.com\/kf\/S1f135265c73b48bd9221312b2b99be09O.jpg\" slate-data-type=\"image\"\/><img decoding=\"async\" src=\"https:\/\/ae01.alicdn.com\/kf\/S9d1059aa782d41248ba26cfc09dec356d.jpg\" slate-data-type=\"image\"\/><img decoding=\"async\" src=\"https:\/\/ae01.alicdn.com\/kf\/Se99784f086ff47fa8c279f7943b8f51dd.jpg\" slate-data-type=\"image\"\/><img decoding=\"async\" src=\"https:\/\/ae01.alicdn.com\/kf\/S8a277f74de3646ae8523f7c40c345637J.jpg\" slate-data-type=\"image\"\/><img decoding=\"async\" src=\"https:\/\/ae01.alicdn.com\/kf\/S132059b415844a3fb5004cd8b687e081G.jpg\" slate-data-type=\"image\"\/><img decoding=\"async\" src=\"https:\/\/ae01.alicdn.com\/kf\/S962a9d83c59940b8b6371a09929a9249O.jpg\" slate-data-type=\"image\"\/><img decoding=\"async\" src=\"https:\/\/ae01.alicdn.com\/kf\/S9c9d75b853af421ea4d7358d9c10148bt.jpg\" slate-data-type=\"image\"\/><img decoding=\"async\" src=\"https:\/\/ae01.alicdn.com\/kf\/Sded2e615e6ab4178ae5d96e2be29da926.jpg\" slate-data-type=\"image\"\/><img decoding=\"async\" src=\"https:\/\/ae01.alicdn.com\/kf\/Sa04a9c05288e42ea8e8e5e489d1dd167n.jpg\" slate-data-type=\"image\"\/><img decoding=\"async\" src=\"https:\/\/ae01.alicdn.com\/kf\/Sfa9efd33edeb4be7adbb38c64f48653eh.jpg\" slate-data-type=\"image\"\/><img decoding=\"async\" src=\"https:\/\/ae01.alicdn.com\/kf\/S60e3144072be4f2a9d817335cff7867dR.jpg\" slate-data-type=\"image\"\/><img decoding=\"async\" src=\"https:\/\/ae01.alicdn.com\/kf\/Sde36b6af43f94de1ac1ea23cd5583801N.jpg\" slate-data-type=\"image\"\/><img fetchpriority=\"high\" decoding=\"async\" width=\"944\" height=\"181\" src=\"https:\/\/ae01.alicdn.com\/kf\/S3445910837dd4ea18b75555c44d7f53bg.jpg\" slate-data-type=\"image\"\/><\/p>","protected":false},"excerpt":{"rendered":"<p>Model Number:&nbsp;ENGWE MAPFOUR N1 AIR ST Rated Passenger Capacity:&nbsp;One Seat Style:&nbsp;Luxury Type Max Speed:&nbsp;&lt;25km\/h Range per Power:&nbsp;&gt; 60 km Wattage:&nbsp;200 &#8211; 250w Power Supply:&nbsp;lithium battery Voltage:&nbsp;48V Origin:&nbsp;Mainland China Motor:&nbsp;Brushless Wheel<\/p>","protected":false},"featured_media":8888,"comment_status":"open","ping_status":"closed","template":"","meta":{"_acf_changed":false},"product_brand":[],"product_cat":[298],"product_tag":[],"class_list":{"0":"post-8887","1":"product","2":"type-product","3":"status-publish","4":"has-post-thumbnail","6":"product_cat-electric-city-bikes","8":"first","9":"instock","10":"shipping-taxable","11":"purchasable","12":"product-type-variable"},"acf":[],"_links":{"self":[{"href":"https:\/\/electricstore.eu\/lv\/wp-json\/wp\/v2\/product\/8887","targetHints":{"allow":["GET"]}}],"collection":[{"href":"https:\/\/electricstore.eu\/lv\/wp-json\/wp\/v2\/product"}],"about":[{"href":"https:\/\/electricstore.eu\/lv\/wp-json\/wp\/v2\/types\/product"}],"replies":[{"embeddable":true,"href":"https:\/\/electricstore.eu\/lv\/wp-json\/wp\/v2\/comments?post=8887"}],"wp:featuredmedia":[{"embeddable":true,"href":"https:\/\/electricstore.eu\/lv\/wp-json\/wp\/v2\/media\/8888"}],"wp:attachment":[{"href":"https:\/\/electricstore.eu\/lv\/wp-json\/wp\/v2\/media?parent=8887"}],"wp:term":[{"taxonomy":"product_brand","embeddable":true,"href":"https:\/\/electricstore.eu\/lv\/wp-json\/wp\/v2\/product_brand?post=8887"},{"taxonomy":"product_cat","embeddable":true,"href":"https:\/\/electricstore.eu\/lv\/wp-json\/wp\/v2\/product_cat?post=8887"},{"taxonomy":"product_tag","embeddable":true,"href":"https:\/\/electricstore.eu\/lv\/wp-json\/wp\/v2\/product_tag?post=8887"}],"curies":[{"name":"wp","href":"https:\/\/api.w.org\/{rel}","templated":true}]}}