{"id":8683,"date":"2025-05-19T21:17:48","date_gmt":"2025-05-19T21:17:48","guid":{"rendered":"https:\/\/electricstore.eu\/product\/uncategorized\/kaisda-k7-36v-folding-electric-bike-25-28km-h\/"},"modified":"2025-05-21T05:41:25","modified_gmt":"2025-05-21T05:41:25","slug":"kaisda-k7-36v-folding-electric-bike-25-28km-h","status":"publish","type":"product","link":"https:\/\/electricstore.eu\/lv\/p\/bikes\/folding-bikes\/kaisda-k7-36v-folding-electric-bike-25-28km-h\/","title":{"rendered":"KAISDA K7 350W 36V 12.5Ah 28km\/h 45-75km 20 collu saliekams elektriskais mop\u0113ds"},"content":{"rendered":"<div class=\"product-specs-list-container\">\n<ul class=\"product-specs-list util-clearfix\">\n<li class=\"product-prop line-limit-length\"><span\n                                        class=\"property-title\">Mode\u013ca numurs:&nbsp;<\/span><span\n                                        class=\"property-desc line-limit-length\">K7<\/span>\n                            <\/li>\n<li class=\"product-prop line-limit-length\"><span\n                                        class=\"property-title\">Nomin\u0101l\u0101 pasa\u017eieru ietilp\u012bba:&nbsp;<\/span><span\n                                        class=\"property-desc line-limit-length\">Divviet\u012bgs<\/span>\n                            <\/li>\n<li class=\"product-prop line-limit-length\"><span\n                                        class=\"property-title\">Stils:&nbsp;<\/span><span\n                                        class=\"property-desc line-limit-length\">Standarta tips<\/span>\n                            <\/li>\n<li class=\"product-prop line-limit-length\"><span\n                                        class=\"property-title\">Diapazons p\u0113c jaudas:&nbsp;<\/span><span\n                                        class=\"property-desc line-limit-length\">31\u201360 km<\/span>\n                            <\/li>\n<li class=\"product-prop line-limit-length\"><span\n                                        class=\"property-title\">Jauda:&nbsp;<\/span><span\n                                        class=\"property-desc line-limit-length\">200\u2013250\u00a0W<\/span>\n                            <\/li>\n<li class=\"product-prop line-limit-length\"><span\n                                        class=\"property-title\">Baro\u0161anas avots:&nbsp;<\/span><span\n                                        class=\"property-desc line-limit-length\">litija akumulators<\/span>\n                            <\/li>\n<li class=\"product-prop line-limit-length\"><span\n                                        class=\"property-title\">Spriegums:&nbsp;<\/span><span\n                                        class=\"property-desc line-limit-length\">36 V<\/span>\n                            <\/li>\n<li class=\"product-prop line-limit-length\"><span\n                                        class=\"property-title\">Izcelsme:&nbsp;<\/span><span\n                                        class=\"property-desc line-limit-length\">Kontinent\u0101l\u0101 \u0136\u012bna<\/span>\n                            <\/li>\n<li class=\"product-prop line-limit-length\"><span\n                                        class=\"property-title\">Saloc\u012bts:&nbsp;<\/span><span\n                                        class=\"property-desc line-limit-length\">J\u0101<\/span>\n                            <\/li>\n<li class=\"product-prop line-limit-length\"><span\n                                        class=\"property-title\">Motors:&nbsp;<\/span><span\n                                        class=\"property-desc line-limit-length\">Bezsuku<\/span>\n                            <\/li>\n<li class=\"product-prop line-limit-length\"><span\n                                        class=\"property-title\">Rite\u0146a izm\u0113rs:&nbsp;<\/span><span\n                                        class=\"property-desc line-limit-length\">20 collas<\/span>\n                            <\/li>\n<li class=\"product-prop line-limit-length\"><span\n                                        class=\"property-title\">Z\u012bmola nosaukums:&nbsp;<\/span><span\n                                        class=\"property-desc line-limit-length\">KAISDA<\/span>\n                            <\/li>\n<\/ul><\/div>\n<div class=\"detailmodule_html\">\n<div class=\"detail-desc-decorate-richtext\">\n<p style=\"text-align:center\" align=\"center\"><span style=\"font-size:20px;font-family:tahoma, geneva, sans-serif\"><strong>KAISDA K7 saliekams elektriskais mop\u0113da velosip\u0113ds 36V 350W motors 20*1.95 collu riepa Ebike 25-28Km\/h maksim\u0101lais \u0101trums kalnu velosip\u0113ds APP vad\u012bba<\/strong><\/span><\/p>\n<p><\/p>\n<div style=\"font-family:arial, helvetica, sans-serif;font-size:inherit;font-weight:inherit;letter-spacing:normal;line-height:inherit;text-align:right;white-space:normal;color:rgb(0, 0, 0);background-color:rgb(255, 255, 255);border:0px;margin:0px;margin-bottom:0px;margin-top:0px;margin-left:0px;margin-right:0px;padding:0px;padding-bottom:0px;padding-top:0px;padding-left:0px;padding-right:0px;box-sizing:content-box\" align=\"right\">\n<p style=\"font-family:arial;font-size:22px;font-weight:bold;line-height:inherit;color:rgb(255, 255, 255);background-color:rgb(13, 34, 65);border:0px;margin:0px;margin-bottom:0px;margin-top:0px;margin-left:0px;margin-right:0px;padding:5px 10px;padding-bottom:5px;padding-top:5px;padding-left:10px;padding-right:10px;float:left;box-sizing:border-box\"><span style=\"font-size:18px;font-family:tahoma, geneva, sans-serif\">&gt;&gt;Produkta galven\u0101s iez\u012bmes<\/span><\/p>\n<\/div>\n<div style=\"font-family:arial, helvetica, sans-serif;font-size:inherit;font-weight:inherit;letter-spacing:normal;line-height:inherit;text-align:right;white-space:normal;color:rgb(0, 0, 0);background-color:rgb(13, 34, 65);border:0px;margin:2px 0px 0px;margin-bottom:0px;margin-top:2px;margin-left:0px;margin-right:0px;padding:0px;padding-bottom:0px;padding-top:0px;padding-left:0px;padding-right:0px;overflow:hidden;width:1407px;height:3px;box-sizing:content-box\" align=\"right\"><\/div>\n<div style=\"font-family:arial, helvetica, sans-serif;font-size:inherit;font-weight:inherit;letter-spacing:normal;line-height:inherit;text-align:right;white-space:normal;color:rgb(0, 0, 0);background-color:rgb(255, 255, 255);border:1px solid rgb(16, 42, 81);margin:2px auto;margin-bottom:2px;margin-top:2px;margin-left:auto;margin-right:auto;padding:10px;padding-bottom:10px;padding-top:10px;padding-left:10px;padding-right:10px;height:auto;box-sizing:content-box\" align=\"right\">\n<p style=\"text-align:left\" align=\"left\"><span style=\"font-size:18px;font-family:&quot;times new roman&quot;, times, serif\"><strong>Maksim\u0101lais \u0101trums 25\u201328 km\/h<\/strong><\/span><span style=\"font-size:18px;font-family:&quot;times new roman&quot;, times, serif\"><br \/>350 W motors nodro\u0161ina maksim\u0101lo \u0101trumu 25\u201328 km\/h un maksim\u0101lu 30 gr\u0101du sl\u012bpumu.<\/span><br \/><span style=\"font-size:18px;font-family:&quot;times new roman&quot;, times, serif\"><strong>12,5 Ah \/ 36 V litija jonu akumulators<\/strong><\/span><span style=\"font-size:18px;font-family:&quot;times new roman&quot;, times, serif\"><br \/>12,5 Ah \/ 36 V litija jonu akumulators (iek\u013cauts komplekt\u0101) maksim\u0101lam nobraukumam 40\u201365 km ar t\u012bru elektrisko re\u017e\u012bmu un 45\u201375 km ar mop\u0113da re\u017e\u012bmu<\/span><br \/><span style=\"font-size:18px;font-family:&quot;times new roman&quot;, times, serif\"><strong>20 * 1,95 collu piep\u016b\u0161am\u0101 gumijas riepa<\/strong><\/span><span style=\"font-size:18px;font-family:&quot;times new roman&quot;, times, serif\"><br \/>Piep\u016b\u0161am\u0101 gumijas riepa ir piem\u0113rota da\u017e\u0101d\u0101m virsm\u0101m.<\/span><br \/><span style=\"font-size:18px;font-family:&quot;times new roman&quot;, times, serif\"><strong>Salok\u0101ms dizains<\/strong><\/span><span style=\"font-size:18px;font-family:&quot;times new roman&quot;, times, serif\"><br \/>Salok\u0101ms dizains \u0113rtai p\u0101rn\u0113s\u0101\u0161anai.<\/span><br \/><span style=\"font-size:18px;font-family:&quot;times new roman&quot;, times, serif\"><strong>3 brauk\u0161anas re\u017e\u012bmi<\/strong><\/span><span style=\"font-size:18px;font-family:&quot;times new roman&quot;, times, serif\"><br \/>Ped\u0101\u013ca re\u017e\u012bms, mop\u0113da re\u017e\u012bms un t\u012brs elektriskais re\u017e\u012bms, no kuriem izv\u0113l\u0113ties<\/span><br \/><span style=\"font-size:18px;font-family:&quot;times new roman&quot;, times, serif\"><strong>\u012apa\u0161i spilgts priek\u0161\u0113jais lukturis<\/strong><\/span><span style=\"font-size:18px;font-family:&quot;times new roman&quot;, times, serif\"><br \/>Spilgtais priek\u0161\u0113jais lukturis var padar\u012bt brauk\u0161anu nakt\u012b dro\u0161\u0101ku.<\/span><br \/><span style=\"font-size:18px;font-family:&quot;times new roman&quot;, times, serif\"><strong>Maksim\u0101l\u0101 slodze 120 kg<\/strong><\/span><span style=\"font-size:18px;font-family:&quot;times new roman&quot;, times, serif\"><br \/>Alum\u012bnija sakaus\u0113juma korpuss maksim\u0101lajai slodzei 120 kg.<\/span><br \/><span style=\"font-size:18px;font-family:&quot;times new roman&quot;, times, serif\"><strong>LCD kr\u0101su displeja ekr\u0101ns<\/strong><\/span><span style=\"font-size:18px;font-family:&quot;times new roman&quot;, times, serif\"><br \/>Varat ieg\u016bt inform\u0101ciju, piem\u0113ram, par re\u017e\u012bmu, \u0101trumu, odometra r\u0101d\u012bjumiem un akumulatora uzl\u0101des l\u012bmeni.<\/span><\/p>\n<\/div>\n<div><\/div>\n<div style=\"font-family:arial, helvetica, sans-serif;font-size:medium;font-weight:400;letter-spacing:normal;line-height:inherit;text-align:start;white-space:normal;color:rgb(0, 0, 0);background-color:rgb(255, 255, 255);border:0px;margin:0px;margin-bottom:0px;margin-top:0px;margin-left:0px;margin-right:0px;padding:0px;padding-bottom:0px;padding-top:0px;padding-left:0px;padding-right:0px;box-sizing:content-box\" align=\"start\">\n<div style=\"text-align:right;border:0px;margin:0px;margin-bottom:0px;margin-top:0px;margin-left:0px;margin-right:0px;padding:0px;padding-bottom:0px;padding-top:0px;padding-left:0px;padding-right:0px;box-sizing:content-box\" align=\"right\">\n<div style=\"font-family:arial, helvetica, sans-serif;font-size:inherit;font-weight:inherit;line-height:inherit;border:0px;margin:0px;margin-bottom:0px;margin-top:0px;margin-left:0px;margin-right:0px;padding:0px;padding-bottom:0px;padding-top:0px;padding-left:0px;padding-right:0px;box-sizing:content-box\">\n<p style=\"font-family:arial;font-size:22px;font-weight:bold;line-height:inherit;color:rgb(255, 255, 255);background-color:rgb(13, 34, 65);border:0px;margin:0px;margin-bottom:0px;margin-top:0px;margin-left:0px;margin-right:0px;padding:5px 10px;padding-bottom:5px;padding-top:5px;padding-left:10px;padding-right:10px;float:left;box-sizing:border-box\"><span style=\"font-size:18px;font-family:tahoma, geneva, sans-serif\">&gt;&gt;Produkta specifik\u0101cijas<\/span><\/p>\n<\/div>\n<div style=\"font-family:arial, helvetica, sans-serif;font-size:inherit;font-weight:inherit;line-height:inherit;background-color:rgb(13, 34, 65);border:0px;margin:2px 0px 0px;margin-bottom:0px;margin-top:2px;margin-left:0px;margin-right:0px;padding:0px;padding-bottom:0px;padding-top:0px;padding-left:0px;padding-right:0px;overflow:hidden;width:1407px;height:3px;box-sizing:content-box\"><\/div>\n<\/div>\n<\/div>\n<div><\/div>\n<table style=\"border-collapse:collapse;font-family:&quot;open sans&quot;, sans-serif;font-size:medium;color:rgb(0, 0, 0);width:1000px\" class=\"jbEidtTable\" border=\"1\" cellpadding=\"5\" cellspacing=\"0\">\n<tbody>\n<tr>\n<td style=\"font-size:14px;text-align:center\" align=\"center\">\n<p><span style=\"font-size:18px;font-family:&quot;times new roman&quot;, times, serif\">Visp\u0101r\u012bgi<\/span><\/p>\n<\/td>\n<td style=\"font-size:14px;text-align:center\" align=\"center\">\n<p><span style=\"font-size:18px;font-family:&quot;times new roman&quot;, times, serif\">Z\u012bmols: KAISDA<br \/>Modelis: K7<\/p>\n<p>Tips: Elektriskais mop\u0113ds\u00a0\u00a0<br \/>Kr\u0101sa: melna<\/span><\/p>\n<\/td>\n<\/tr>\n<tr>\n<td style=\"font-size:14px;text-align:center\" align=\"center\">\n<p><span style=\"font-size:18px;font-family:&quot;times new roman&quot;, times, serif\">Specifik\u0101cija<\/span><\/p>\n<\/td>\n<td style=\"font-size:14px;text-align:center\" align=\"center\">\n<p><span style=\"font-size:18px;font-family:&quot;times new roman&quot;, times, serif\"><span style=\"color:rgb(51, 51, 51);font-size:18px;font-family:&quot;times new roman&quot;, times, serif\">Rite\u0146a izm\u0113rs: 20 * 1,95 collu Chaoyang riepa<br \/>Motora nomin\u0101l\u0101 jauda: 350 W<br \/>Akumulators: 36 V 12,5 Ah litija jonu akumulators<\/p>\n<p>Uzl\u0101des laiks: 4\u20136 stundas\u00a0<br \/>Maksim\u0101lais \u0101trums: 28 km\/h<\/p>\n<p>Maksim\u0101l\u0101 slodze: 120 kg\u00a0<br \/>Ieejas spriegums: 110\u2013240 V<br \/>Bremz\u0113\u0161anas re\u017e\u012bms: Priek\u0161\u0113j\u0101 \/ aizmugur\u0113j\u0101 disku bremze<br \/>Transmisija: Shimano 21 \u0101trums<\/span><\/span><\/p>\n<\/td>\n<\/tr>\n<tr>\n<td style=\"font-size:14px;text-align:center\" align=\"center\">\n<p><span style=\"font-size:18px;font-family:&quot;times new roman&quot;, times, serif\">Svars un izm\u0113rs<\/span><\/p>\n<\/td>\n<td style=\"font-size:14px;text-align:center\" align=\"center\">\n<p><span style=\"font-size:18px;font-family:&quot;times new roman&quot;, times, serif\">Produkta svars: 22 kg\u00a0<\/p>\n<p>Iepakojuma svars: 28 kg\u00a0<br \/>Iepakojuma izm\u0113rs (G x P x A): 137 * 24 * 63 CM<br \/>Izm\u0113rs atloc\u012bt\u0101 veid\u0101 (G x P x A): 163*63*97 CM<br \/>Saloc\u012b\u0161anas izm\u0113rs (G x P x A): 85 * 42 * 68 CM<\/span><\/p>\n<\/td>\n<\/tr>\n<tr>\n<td style=\"font-size:14px;text-align:center\" align=\"center\">\n<p><span style=\"font-size:18px;font-family:&quot;times new roman&quot;, times, serif\">Iepakojuma saturs<\/span><\/p>\n<\/td>\n<td style=\"font-size:14px;text-align:center\" align=\"center\">\n<p><span style=\"font-size:18px;font-family:&quot;times new roman&quot;, times, serif\">1 x mop\u0113ds<br \/>1 x r\u012bks<br \/>1 x l\u0101d\u0113t\u0101js<br \/>1 x ang\u013cu valodas rokasgr\u0101mata<\/span><\/p>\n<\/td>\n<\/tr>\n<\/tbody>\n<\/table>\n<div><\/div>\n<div style=\"font-family:arial, helvetica, sans-serif;font-size:medium;font-weight:400;letter-spacing:normal;line-height:inherit;text-align:start;white-space:normal;color:rgb(0, 0, 0);background-color:rgb(255, 255, 255);border:0px;margin:0px;margin-bottom:0px;margin-top:0px;margin-left:0px;margin-right:0px;padding:0px;padding-bottom:0px;padding-top:0px;padding-left:0px;padding-right:0px;box-sizing:content-box\" align=\"start\">\n<div style=\"text-align:right;border:0px;margin:0px;margin-bottom:0px;margin-top:0px;margin-left:0px;margin-right:0px;padding:0px;padding-bottom:0px;padding-top:0px;padding-left:0px;padding-right:0px;box-sizing:content-box\" align=\"right\">\n<div style=\"font-family:arial, helvetica, sans-serif;font-size:inherit;font-weight:inherit;line-height:inherit;border:0px;margin:0px;margin-bottom:0px;margin-top:0px;margin-left:0px;margin-right:0px;padding:0px;padding-bottom:0px;padding-top:0px;padding-left:0px;padding-right:0px;box-sizing:content-box\">\n<p style=\"font-family:arial;font-size:22px;font-weight:bold;line-height:inherit;color:rgb(255, 255, 255);background-color:rgb(13, 34, 65);border:0px;margin:0px;margin-bottom:0px;margin-top:0px;margin-left:0px;margin-right:0px;padding:5px 10px;padding-bottom:5px;padding-top:5px;padding-left:10px;padding-right:10px;float:left;box-sizing:border-box\"><span style=\"font-size:18px;font-family:tahoma, geneva, sans-serif\">&gt;&gt;Produkta att\u0113ls un apraksts<\/span><\/p>\n<\/div>\n<div style=\"font-family:arial, helvetica, sans-serif;font-size:inherit;font-weight:inherit;line-height:inherit;background-color:rgb(13, 34, 65);border:0px;margin:2px 0px 0px;margin-bottom:0px;margin-top:2px;margin-left:0px;margin-right:0px;padding:0px;padding-bottom:0px;padding-top:0px;padding-left:0px;padding-right:0px;overflow:hidden;width:1407px;height:3px;box-sizing:content-box\"><\/div>\n<\/div>\n<\/div>\n<div><\/div>\n<p style=\"font-family:&quot;Open Sans&quot;, Roboto, Arial, Helvetica, sans-serif, SimSun;font-size:14px;font-weight:400;letter-spacing:normal;line-height:inherit;text-align:start;white-space:normal;color:rgb(34, 34, 34);background-color:rgb(255, 255, 255);margin:0px;margin-bottom:0px;margin-top:0px;margin-left:0px;margin-right:0px;padding:0px;padding-bottom:0px;padding-top:0px;padding-left:0px;padding-right:0px;box-sizing:border-box\" align=\"start\"><img decoding=\"async\" src=\"https:\/\/ae01.alicdn.com\/kf\/S4867450b7522460487fd745cda10fa5fF.jpg\" slate-data-type=\"image\"\/><img decoding=\"async\" src=\"https:\/\/ae01.alicdn.com\/kf\/S5912089e9cd24e66b94cc050968635f9V.jpg?width=1000&amp;height=1000&amp;hash=2000\" slate-data-type=\"image\"\/><img decoding=\"async\" src=\"https:\/\/ae01.alicdn.com\/kf\/See418f580f05417fb36d1855e733efbfn.jpg?width=1000&amp;height=1000&amp;hash=2000\" slate-data-type=\"image\"\/><img decoding=\"async\" src=\"https:\/\/ae01.alicdn.com\/kf\/Sbced85468587422b9ad6d66db85d4fffd.jpg?width=1000&amp;height=1000&amp;hash=2000\" slate-data-type=\"image\"\/><img decoding=\"async\" src=\"https:\/\/ae01.alicdn.com\/kf\/S857ff6e933144a98910775b9dbc63aedR.jpg?width=1000&amp;height=1000&amp;hash=2000\" slate-data-type=\"image\"\/><img decoding=\"async\" src=\"https:\/\/ae01.alicdn.com\/kf\/S83be3c5303de48e7af17716098585c53H.jpg?width=1000&amp;height=1000&amp;hash=2000\" slate-data-type=\"image\"\/><img decoding=\"async\" src=\"https:\/\/ae01.alicdn.com\/kf\/S3a07a6ee21b9410cbe70aafd50378f710.jpg?width=1000&amp;height=1000&amp;hash=2000\" slate-data-type=\"image\"\/><\/p>\n<\/div>\n<\/div>\n<p><\/p>","protected":false},"excerpt":{"rendered":"<p>Model Number:&nbsp;K7 Rated Passenger Capacity:&nbsp;Two Seat Style:&nbsp;Standard Type Range per Power:&nbsp;31 &#8211; 60 km Wattage:&nbsp;200 &#8211; 250w Power Supply:&nbsp;lithium battery Voltage:&nbsp;36V Origin:&nbsp;Mainland China Folded:&nbsp;Yes Motor:&nbsp;Brushless Wheel Size:&nbsp;20\u201c Brand Name:&nbsp;KAISDA KAISDA<\/p>","protected":false},"featured_media":8685,"comment_status":"open","ping_status":"closed","template":"","meta":{"_acf_changed":false},"product_brand":[],"product_cat":[298,296],"product_tag":[],"class_list":{"0":"post-8683","1":"product","2":"type-product","3":"status-publish","4":"has-post-thumbnail","6":"product_cat-electric-city-bikes","7":"product_cat-folding-bikes","9":"first","10":"instock","11":"shipping-taxable","12":"purchasable","13":"product-type-variable"},"acf":[],"_links":{"self":[{"href":"https:\/\/electricstore.eu\/lv\/wp-json\/wp\/v2\/product\/8683","targetHints":{"allow":["GET"]}}],"collection":[{"href":"https:\/\/electricstore.eu\/lv\/wp-json\/wp\/v2\/product"}],"about":[{"href":"https:\/\/electricstore.eu\/lv\/wp-json\/wp\/v2\/types\/product"}],"replies":[{"embeddable":true,"href":"https:\/\/electricstore.eu\/lv\/wp-json\/wp\/v2\/comments?post=8683"}],"wp:featuredmedia":[{"embeddable":true,"href":"https:\/\/electricstore.eu\/lv\/wp-json\/wp\/v2\/media\/8685"}],"wp:attachment":[{"href":"https:\/\/electricstore.eu\/lv\/wp-json\/wp\/v2\/media?parent=8683"}],"wp:term":[{"taxonomy":"product_brand","embeddable":true,"href":"https:\/\/electricstore.eu\/lv\/wp-json\/wp\/v2\/product_brand?post=8683"},{"taxonomy":"product_cat","embeddable":true,"href":"https:\/\/electricstore.eu\/lv\/wp-json\/wp\/v2\/product_cat?post=8683"},{"taxonomy":"product_tag","embeddable":true,"href":"https:\/\/electricstore.eu\/lv\/wp-json\/wp\/v2\/product_tag?post=8683"}],"curies":[{"name":"wp","href":"https:\/\/api.w.org\/{rel}","templated":true}]}}