{"id":8673,"date":"2025-05-19T21:17:41","date_gmt":"2025-05-19T21:17:41","guid":{"rendered":"https:\/\/electricstore.eu\/product\/uncategorized\/cmacewheel-m26-26-fat-tire-ebike-48v-17ah-torque-80n-m\/"},"modified":"2025-05-21T05:41:25","modified_gmt":"2025-05-21T05:41:25","slug":"cmacewheel-m26-26-fat-tire-ebike-48v-17ah-torque-80n-m","status":"publish","type":"product","link":"https:\/\/electricstore.eu\/lv\/p\/bikes\/electric-fat-bikes\/cmacewheel-m26-26-fat-tire-ebike-48v-17ah-torque-80n-m\/","title":{"rendered":"CMACE WHEEL M26 200-250W 48V 17Ah 25km\/h &gt;60km 26\u2033 Fat riepa Ebike"},"content":{"rendered":"<div class=\"product-specs-list-container\">\n<ul class=\"product-specs-list util-clearfix\">\n<li class=\"product-prop line-limit-length\"><span\n                                        class=\"property-title\">Mode\u013ca numurs:&nbsp;<\/span><span\n                                        class=\"property-desc line-limit-length\">M26<\/span>\n                            <\/li>\n<li class=\"product-prop line-limit-length\"><span\n                                        class=\"property-title\">Nomin\u0101l\u0101 pasa\u017eieru ietilp\u012bba:&nbsp;<\/span><span\n                                        class=\"property-desc line-limit-length\">Viena s\u0113dvieta<\/span>\n                            <\/li>\n<li class=\"product-prop line-limit-length\"><span\n                                        class=\"property-title\">Stils:&nbsp;<\/span><span\n                                        class=\"property-desc line-limit-length\">Standarta tips<\/span>\n                            <\/li>\n<li class=\"product-prop line-limit-length\"><span\n                                        class=\"property-title\">Diapazons p\u0113c jaudas:&nbsp;<\/span><span\n                                        class=\"property-desc line-limit-length\">&gt; 60 km<\/span>\n                            <\/li>\n<li class=\"product-prop line-limit-length\"><span\n                                        class=\"property-title\">Jauda:&nbsp;<\/span><span\n                                        class=\"property-desc line-limit-length\">200\u2013250\u00a0W<\/span>\n                            <\/li>\n<li class=\"product-prop line-limit-length\"><span\n                                        class=\"property-title\">Baro\u0161anas avots:&nbsp;<\/span><span\n                                        class=\"property-desc line-limit-length\">litija akumulators<\/span>\n                            <\/li>\n<li class=\"product-prop line-limit-length\"><span\n                                        class=\"property-title\">Spriegums:&nbsp;<\/span><span\n                                        class=\"property-desc line-limit-length\">48 V<\/span>\n                            <\/li>\n<li class=\"product-prop line-limit-length\"><span\n                                        class=\"property-title\">Izcelsme:&nbsp;<\/span><span\n                                        class=\"property-desc line-limit-length\">Kontinent\u0101l\u0101 \u0136\u012bna<\/span>\n                            <\/li>\n<li class=\"product-prop line-limit-length\"><span\n                                        class=\"property-title\">Saloc\u012bts:&nbsp;<\/span><span\n                                        class=\"property-desc line-limit-length\">N\u0113<\/span>\n                            <\/li>\n<li class=\"product-prop line-limit-length\"><span\n                                        class=\"property-title\">Motors:&nbsp;<\/span><span\n                                        class=\"property-desc line-limit-length\">Bezsuku<\/span>\n                            <\/li>\n<li class=\"product-prop line-limit-length\"><span\n                                        class=\"property-title\">Rite\u0146a izm\u0113rs:&nbsp;<\/span><span\n                                        class=\"property-desc line-limit-length\">26 collas<\/span>\n                            <\/li>\n<li class=\"product-prop line-limit-length\"><span\n                                        class=\"property-title\">R\u0101mja materi\u0101ls:&nbsp;<\/span><span\n                                        class=\"property-desc line-limit-length\">Alum\u012bnija sakaus\u0113jums<\/span>\n                            <\/li>\n<li class=\"product-prop line-limit-length\"><span\n                                        class=\"property-title\">Z\u012bmola nosaukums:&nbsp;<\/span><span\n                                        class=\"property-desc line-limit-length\">CMACEWHEEL<\/span>\n                            <\/li>\n<li class=\"product-prop line-limit-length\"><span\n                                        class=\"property-title\">Aizmugur\u0113j\u0101 bag\u0101\u017enieka slodze:&nbsp;<\/span><span\n                                        class=\"property-desc line-limit-length\">50\u00a0kg<\/span>\n                            <\/li>\n<li class=\"product-prop line-limit-length\"><span\n                                        class=\"property-title\">Gaisma:&nbsp;<\/span><span\n                                        class=\"property-desc line-limit-length\">LED lukturi<\/span>\n                            <\/li>\n<li class=\"product-prop line-limit-length\"><span\n                                        class=\"property-title\">Augstums:&nbsp;<\/span><span\n                                        class=\"property-desc line-limit-length\">165\u2013200 cm<\/span>\n                            <\/li>\n<li class=\"product-prop line-limit-length\"><span\n                                        class=\"property-title\">Maksim\u0101l\u0101 slodze:&nbsp;<\/span><span\n                                        class=\"property-desc line-limit-length\">180 kg<\/span>\n                            <\/li>\n<li class=\"product-prop line-limit-length\"><span\n                                        class=\"property-title\">Neto svars:&nbsp;<\/span><span\n                                        class=\"property-desc line-limit-length\">30 kg<\/span>\n                            <\/li>\n<li class=\"product-prop line-limit-length\"><span\n                                        class=\"property-title\">Balstiek\u0101rta:&nbsp;<\/span><span\n                                        class=\"property-desc line-limit-length\">Priek\u0161\u0113j\u0101s dak\u0161as amortizatora piekare<\/span>\n                            <\/li>\n<li class=\"product-prop line-limit-length\"><span\n                                        class=\"property-title\">P\u0101rne\u0161ana:&nbsp;<\/span><span\n                                        class=\"property-desc line-limit-length\">7 \u0101trumi<\/span>\n                            <\/li>\n<li class=\"product-prop line-limit-length\"><span\n                                        class=\"property-title\">Griezes moments:&nbsp;<\/span><span\n                                        class=\"property-desc line-limit-length\">80\u00a0Nm<\/span>\n                            <\/li>\n<li class=\"product-prop line-limit-length\"><span\n                                        class=\"property-title\">Brem\u017eu sist\u0113ma:&nbsp;<\/span><span\n                                        class=\"property-desc line-limit-length\">Divk\u0101r\u0161\u0101 diska meh\u0101nisk\u0101 bremze<\/span>\n                            <\/li>\n<li class=\"product-prop line-limit-length\"><span\n                                        class=\"property-title\">Akumulatora kapacit\u0101te:&nbsp;<\/span><span\n                                        class=\"property-desc line-limit-length\">17Ah<\/span>\n                            <\/li>\n<li class=\"product-prop line-limit-length\"><span\n                                        class=\"property-title\">3 brauk\u0161anas re\u017e\u012bmi:&nbsp;<\/span><span\n                                        class=\"property-desc line-limit-length\">Parasts\/Ped\u0101\u013cu pal\u012bgsist\u0113ma\/Elektrisks<\/span>\n                            <\/li>\n<li class=\"product-prop line-limit-length\"><span\n                                        class=\"property-title\">Aizmugur\u0113jais lukturis:&nbsp;<\/span><span\n                                        class=\"property-desc line-limit-length\">Ar bezvadu aizmugur\u0113jo lukturi<\/span>\n                            <\/li>\n<\/ul><\/div>\n<div class=\"detailmodule_html\">\n<div class=\"detail-desc-decorate-richtext\">\n<div>\n<p style=\"font-size:24px;text-align:center;color:rgb(208, 2, 27);display:block;width:100%\" align=\"center\"><span style=\"font-family:arial, helvetica, sans-serif\">M26 Par pieg\u0101di<\/span><\/p>\n<p style=\"font-family:OpenSans;font-size:14px;font-weight:300;line-height:20px;white-space:pre-wrap;color:rgb(0, 0, 0);margin-bottom:12px\" class=\"detail-desc-decorate-content\"><span style=\"font-family:arial, helvetica, sans-serif\">Cien\u012bjamie pirc\u0113ji, veicot pas\u016bt\u012bjumu, m\u0113s noorganiz\u0113sim pieg\u0101di 12\u201372 stundu laik\u0101, nav j\u0101uztraucas par muitas nodokli un p\u0101rdo\u0161anas PVN, dar\u012bjuma cena ir gal\u012bg\u0101 cena, un preces tiks pieg\u0101d\u0101tas 3\u201310 darba dienu laik\u0101, j\u016bs varat b\u016bt dro\u0161i, ka varat ieg\u0101d\u0101ties.<\/p>\n<p>Ja rodas k\u0101di jaut\u0101jumi, l\u016bdzu, sazinieties ar m\u016bsu veikala klientu apkalpo\u0161anas dienestu, m\u0113s ar prieku j\u016bs apkalposim!<\/span><\/p>\n<\/div>\n<div>\n<p style=\"text-align:left;color:rgb(208, 2, 27);display:block;width:100%\" align=\"left\"><span style=\"font-size:20px;font-family:arial, helvetica, sans-serif\">Specifik\u0101cijas:<\/span><\/p>\n<p style=\"font-family:OpenSans;font-size:14px;font-weight:300;line-height:20px;white-space:pre-wrap;color:rgb(0, 0, 0);margin-bottom:12px\" class=\"detail-desc-decorate-content\"><span style=\"font-family:arial, helvetica, sans-serif\">Akumulators: 48 V 17 Ah no\u0146emams akumulators<br \/>Maksim\u0101l\u0101 slodze: 180 kg<br \/>Materi\u0101ls: 6061 alum\u012bnija sakaus\u0113jums<br \/>Uzl\u0101des laiks: apm\u0113ram 8 stundas<br \/>Maksim\u0101lais k\u0101p\u0161anas le\u0146\u0137is: 30\u00b0<br \/>M\u0113r\u012bt\u0101ja displejs: LCD m\u0113r\u012bt\u0101js<br \/>Riepu izm\u0113rs: 26 * 4,0 collas<br \/>Bremzes: divu disku meh\u0101nisk\u0101s bremzes<br \/>Transmisijas sist\u0113ma: 7 \u0101trumi<br \/>\u0100trums: 0\u201325 km\/h<br \/>Maksim\u0101lais nobraukums: Nobraukums pal\u012bgre\u017e\u012bm\u0101 l\u012bdz 70 km ar pilnu uzl\u0101di<br \/>\u0136erme\u0146a svars: 30 kg<br \/>Motora tips: Aizmugur\u0113jais motors<\/span><\/p>\n<\/div>\n<div><img decoding=\"async\" class=\"detail-desc-decorate-image\" src=\"https:\/\/ae01.alicdn.com\/kf\/Saf981c2082e34c1e9544fabc39a2a984a.jpg?width=1000&amp;height=1200&amp;hash=2200\" slate-data-type=\"image\"\/> <img decoding=\"async\" class=\"detail-desc-decorate-image\" src=\"https:\/\/ae01.alicdn.com\/kf\/S4fb9e76da63f4953a846195f45edc4c7M.jpg?width=1000&amp;height=1200&amp;hash=2200\" slate-data-type=\"image\"\/> <img decoding=\"async\" class=\"detail-desc-decorate-image\" src=\"https:\/\/ae01.alicdn.com\/kf\/Seffb26c5f27c4a5f959250692f61f4b8C.jpg?width=1000&amp;height=1200&amp;hash=2200\" slate-data-type=\"image\"\/> <img decoding=\"async\" class=\"detail-desc-decorate-image\" src=\"https:\/\/ae01.alicdn.com\/kf\/S9de5909349224b60a6b8d2b5199b86e0H.jpg?width=1000&amp;height=1200&amp;hash=2200\" slate-data-type=\"image\"\/> <img decoding=\"async\" class=\"detail-desc-decorate-image\" src=\"https:\/\/ae01.alicdn.com\/kf\/Sd2d2a9d4d4344c9bbd8aea9cc3ed4866m.jpg?width=1000&amp;height=1200&amp;hash=2200\" slate-data-type=\"image\"\/> <img decoding=\"async\" class=\"detail-desc-decorate-image\" src=\"https:\/\/ae01.alicdn.com\/kf\/S87acd6997be2476aa104834d2d21f4bad.jpg?width=1000&amp;height=1200&amp;hash=2200\" slate-data-type=\"image\"\/> <img decoding=\"async\" class=\"detail-desc-decorate-image\" src=\"https:\/\/ae01.alicdn.com\/kf\/Se3ec10a9f7c044ac8b8f51094b10ff1cW.jpg?width=1000&amp;height=1200&amp;hash=2200\" slate-data-type=\"image\"\/> <img decoding=\"async\" class=\"detail-desc-decorate-image\" src=\"https:\/\/ae01.alicdn.com\/kf\/Sc38c5ad2a5f7464dbb5c2cab46d6bf13I.jpg?width=1000&amp;height=1200&amp;hash=2200\" slate-data-type=\"image\"\/> <img decoding=\"async\" class=\"detail-desc-decorate-image\" src=\"https:\/\/ae01.alicdn.com\/kf\/Se54b1b0e5650404d98cde184145fa79cp.jpg?width=1000&amp;height=1200&amp;hash=2200\" slate-data-type=\"image\"\/><\/div>\n<div><img decoding=\"async\" class=\"detail-desc-decorate-image\" src=\"https:\/\/ae01.alicdn.com\/kf\/S202ba64ee39b4f99913c6488e984fe67c.jpg?width=1000&amp;height=1159&amp;hash=2159\" slate-data-type=\"image\"\/> <img decoding=\"async\" class=\"detail-desc-decorate-image\" src=\"https:\/\/ae01.alicdn.com\/kf\/Sd1fb94eba6ac45ffb14c41313e39d6ef9.jpg?width=1000&amp;height=1193&amp;hash=2193\" slate-data-type=\"image\"\/> <img decoding=\"async\" class=\"detail-desc-decorate-image\" src=\"https:\/\/ae01.alicdn.com\/kf\/Sb0963c62c10d4e8d96e3965a33098d82j.jpg?width=1000&amp;height=1175&amp;hash=2175\" slate-data-type=\"image\"\/> <img decoding=\"async\" class=\"detail-desc-decorate-image\" src=\"https:\/\/ae01.alicdn.com\/kf\/S16247937fb0942d897e97929b6beea63m.jpg?width=1000&amp;height=1197&amp;hash=2197\" slate-data-type=\"image\"\/><\/div>\n<div><\/div>\n<\/div>\n<\/div>\n<p><\/p>","protected":false},"excerpt":{"rendered":"<p>Model Number:&nbsp;M26 Rated Passenger Capacity:&nbsp;One Seat Style:&nbsp;Standard Type Range per Power:&nbsp;&gt; 60 km Wattage:&nbsp;200 &#8211; 250w Power Supply:&nbsp;lithium battery Voltage:&nbsp;48V Origin:&nbsp;Mainland China Folded:&nbsp;No Motor:&nbsp;Brushless Wheel Size:&nbsp;26\u201c Frame Material:&nbsp;Aluminum alloy Brand<\/p>","protected":false},"featured_media":8674,"comment_status":"open","ping_status":"closed","template":"","meta":{"_acf_changed":false},"product_brand":[],"product_cat":[300],"product_tag":[],"class_list":{"0":"post-8673","1":"product","2":"type-product","3":"status-publish","4":"has-post-thumbnail","6":"product_cat-electric-fat-bikes","8":"first","9":"instock","10":"shipping-taxable","11":"purchasable","12":"product-type-variable"},"acf":[],"_links":{"self":[{"href":"https:\/\/electricstore.eu\/lv\/wp-json\/wp\/v2\/product\/8673","targetHints":{"allow":["GET"]}}],"collection":[{"href":"https:\/\/electricstore.eu\/lv\/wp-json\/wp\/v2\/product"}],"about":[{"href":"https:\/\/electricstore.eu\/lv\/wp-json\/wp\/v2\/types\/product"}],"replies":[{"embeddable":true,"href":"https:\/\/electricstore.eu\/lv\/wp-json\/wp\/v2\/comments?post=8673"}],"wp:featuredmedia":[{"embeddable":true,"href":"https:\/\/electricstore.eu\/lv\/wp-json\/wp\/v2\/media\/8674"}],"wp:attachment":[{"href":"https:\/\/electricstore.eu\/lv\/wp-json\/wp\/v2\/media?parent=8673"}],"wp:term":[{"taxonomy":"product_brand","embeddable":true,"href":"https:\/\/electricstore.eu\/lv\/wp-json\/wp\/v2\/product_brand?post=8673"},{"taxonomy":"product_cat","embeddable":true,"href":"https:\/\/electricstore.eu\/lv\/wp-json\/wp\/v2\/product_cat?post=8673"},{"taxonomy":"product_tag","embeddable":true,"href":"https:\/\/electricstore.eu\/lv\/wp-json\/wp\/v2\/product_tag?post=8673"}],"curies":[{"name":"wp","href":"https:\/\/api.w.org\/{rel}","templated":true}]}}