{"id":8561,"date":"2025-05-19T20:32:07","date_gmt":"2025-05-19T20:32:07","guid":{"rendered":"https:\/\/electricstore.eu\/product\/uncategorized\/l12-48v-500w-45-mph-35-45-km-electric-scooter\/"},"modified":"2025-05-21T05:41:25","modified_gmt":"2025-05-21T05:41:25","slug":"l12-48v-500w-45-mph-35-45-km-electric-scooter","status":"publish","type":"product","link":"https:\/\/electricstore.eu\/lv\/p\/scooters\/electric-off-road-scooter\/l12-48v-500w-45-mph-35-45-km-electric-scooter\/","title":{"rendered":"Geofought L12 500W 48V 13Ah 45km\/h 35-45km 10 collu elektriskais skrejritenis"},"content":{"rendered":"<div class=\"product-specs-list-container\">\n<ul class=\"product-specs-list util-clearfix\">\n<li class=\"product-prop line-limit-length\"><span\n                                        class=\"property-title\">Riepu izm\u0113rs:&nbsp;<\/span><span\n                                        class=\"property-desc line-limit-length\">10 collas<\/span>\n                            <\/li>\n<li class=\"product-prop line-limit-length\"><span\n                                        class=\"property-title\">Mode\u013ca numurs:&nbsp;<\/span><span\n                                        class=\"property-desc line-limit-length\">L12<\/span>\n                            <\/li>\n<li class=\"product-prop line-limit-length\"><span\n                                        class=\"property-title\">Kategorija:&nbsp;<\/span><span\n                                        class=\"property-desc line-limit-length\">Divrite\u0146u sk\u016bteris<\/span>\n                            <\/li>\n<li class=\"product-prop line-limit-length\"><span\n                                        class=\"property-title\">Piem\u0113rojamie cilv\u0113ki:&nbsp;<\/span><span\n                                        class=\"property-desc line-limit-length\">Unisex<\/span>\n                            <\/li>\n<li class=\"product-prop line-limit-length\"><span\n                                        class=\"property-title\">Diapazons ar vienu uzl\u0101di:&nbsp;<\/span><span\n                                        class=\"property-desc line-limit-length\">40\u201360 km<\/span>\n                            <\/li>\n<li class=\"product-prop line-limit-length\"><span\n                                        class=\"property-title\">Uzl\u0101des laiks:&nbsp;<\/span><span\n                                        class=\"property-desc line-limit-length\">6\u20138 stundas<\/span>\n                            <\/li>\n<li class=\"product-prop line-limit-length\"><span\n                                        class=\"property-title\">Spriegums:&nbsp;<\/span><span\n                                        class=\"property-desc line-limit-length\">48 V<\/span>\n                            <\/li>\n<li class=\"product-prop line-limit-length\"><span\n                                        class=\"property-title\">Saloc\u012bts:&nbsp;<\/span><span\n                                        class=\"property-desc line-limit-length\">N\u0113<\/span>\n                            <\/li>\n<li class=\"product-prop line-limit-length\"><span\n                                        class=\"property-title\">Izcelsme:&nbsp;<\/span><span\n                                        class=\"property-desc line-limit-length\">Kontinent\u0101l\u0101 \u0136\u012bna<\/span>\n                            <\/li>\n<li class=\"product-prop line-limit-length\"><span\n                                        class=\"property-title\">Jauda (W):&nbsp;<\/span><span\n                                        class=\"property-desc line-limit-length\">201\u2013500\u00a0W<\/span>\n                            <\/li>\n<li class=\"product-prop line-limit-length\"><span\n                                        class=\"property-title\">Izcelsmes vieta:&nbsp;<\/span><span\n                                        class=\"property-desc line-limit-length\">Dzjansu, \u0136\u012bna<\/span>\n                            <\/li>\n<li class=\"product-prop line-limit-length\"><span\n                                        class=\"property-title\">Z\u012bmols:&nbsp;<\/span><span\n                                        class=\"property-desc line-limit-length\">Geofought<\/span>\n                            <\/li>\n<li class=\"product-prop line-limit-length\"><span\n                                        class=\"property-title\">Mode\u013ca numurs:&nbsp;<\/span><span\n                                        class=\"property-desc line-limit-length\">L12<\/span>\n                            <\/li>\n<li class=\"product-prop line-limit-length\"><span\n                                        class=\"property-title\">Jauda:&nbsp;<\/span><span\n                                        class=\"property-desc line-limit-length\">500 W, 500 W motors<\/span>\n                            <\/li>\n<li class=\"product-prop line-limit-length\"><span\n                                        class=\"property-title\">Spriegums:&nbsp;<\/span><span\n                                        class=\"property-desc line-limit-length\">48 V<\/span>\n                            <\/li>\n<li class=\"product-prop line-limit-length\"><span\n                                        class=\"property-title\">Uzl\u0101des laiks:&nbsp;<\/span><span\n                                        class=\"property-desc line-limit-length\">6\u201310 stundas<\/span>\n                            <\/li>\n<li class=\"product-prop line-limit-length\"><span\n                                        class=\"property-title\">Salok\u0101ms:&nbsp;<\/span><span\n                                        class=\"property-desc line-limit-length\">J\u0101<\/span>\n                            <\/li>\n<li class=\"product-prop line-limit-length\"><span\n                                        class=\"property-title\">Diapazons ar vienu uzl\u0101di:&nbsp;<\/span><span\n                                        class=\"property-desc line-limit-length\">35\u201345\u00a0km<\/span>\n                            <\/li>\n<li class=\"product-prop line-limit-length\"><span\n                                        class=\"property-title\">Maksim\u0101lais \u0101trums:&nbsp;<\/span><span\n                                        class=\"property-desc line-limit-length\">41\u201350 km\/h, 45 km\/h<\/span>\n                            <\/li>\n<li class=\"product-prop line-limit-length\"><span\n                                        class=\"property-title\">Kategorija:&nbsp;<\/span><span\n                                        class=\"property-desc line-limit-length\">Divrite\u0146u sk\u016bteris<\/span>\n                            <\/li>\n<li class=\"product-prop line-limit-length\"><span\n                                        class=\"property-title\">Piem\u0113rojams p\u016blim:&nbsp;<\/span><span\n                                        class=\"property-desc line-limit-length\">Unisex<\/span>\n                            <\/li>\n<li class=\"product-prop line-limit-length\"><span\n                                        class=\"property-title\">Viedais tips:&nbsp;<\/span><span\n                                        class=\"property-desc line-limit-length\">Elektronisks<\/span>\n                            <\/li>\n<li class=\"product-prop line-limit-length\"><span\n                                        class=\"property-title\">Akumulatora ietilp\u012bba:&nbsp;<\/span><span\n                                        class=\"property-desc line-limit-length\">13AH<\/span>\n                            <\/li>\n<li class=\"product-prop line-limit-length\"><span\n                                        class=\"property-title\">Z\u012bmola nosaukums:&nbsp;<\/span><span\n                                        class=\"property-desc line-limit-length\">Geofought skrejritenis<\/span>\n                            <\/li>\n<li class=\"product-prop line-limit-length\"><span\n                                        class=\"property-title\">Riepa:&nbsp;<\/span><span\n                                        class=\"property-desc line-limit-length\">10 collas<\/span>\n                            <\/li>\n<li class=\"product-prop line-limit-length\"><span\n                                        class=\"property-title\">Diapazons:&nbsp;<\/span><span\n                                        class=\"property-desc line-limit-length\">35\u201345\u00a0km<\/span>\n                            <\/li>\n<li class=\"product-prop line-limit-length\"><span\n                                        class=\"property-title\">Akumulatora tips:&nbsp;<\/span><span\n                                        class=\"property-desc line-limit-length\">Litija akumulators<\/span>\n                            <\/li>\n<li class=\"product-prop line-limit-length\"><span\n                                        class=\"property-title\">Akumulators:&nbsp;<\/span><span\n                                        class=\"property-desc line-limit-length\">13:00<\/span>\n                            <\/li>\n<li class=\"product-prop line-limit-length\"><span\n                                        class=\"property-title\">Maks. slodze (KG):&nbsp;<\/span><span\n                                        class=\"property-desc line-limit-length\">150 kg<\/span>\n                            <\/li>\n<li class=\"product-prop line-limit-length\"><span\n                                        class=\"property-title\">Apr\u012bkojums:&nbsp;<\/span><span\n                                        class=\"property-desc line-limit-length\">3 p\u0101rnesumi<\/span>\n                            <\/li>\n<li class=\"product-prop line-limit-length\"><span\n                                        class=\"property-title\">Iepakojuma izm\u0113rs:&nbsp;<\/span><span\n                                        class=\"property-desc line-limit-length\">128 * 28 * 52 cm<\/span>\n                            <\/li>\n<li class=\"product-prop line-limit-length\"><span\n                                        class=\"property-title\">Sertifik\u0101ts:&nbsp;<\/span><span\n                                        class=\"property-desc line-limit-length\"><\/span>\n                            <\/li>\n<\/ul><\/div>\n<div class=\"detailmodule_html\">\n<div class=\"detail-desc-decorate-richtext\">\n<div id=\"detail_decorate_root\">\n<div>&nbsp;<\/div>\n<div>\n<div id=\"ali-anchor-AliMagic-gzf72v\">Produktu apraksts<\/div>\n<\/div>\n<div>\n<div>\n<div>\n<div>\n<div>\n<div>\n<div><strong>ES noliktav\u0101 elektriskais skrejritenis pak\u0101p\u0113m Elektrick 10 collu 500 W 45 km\/h maksim\u0101lais \u0101trums ar akumulatora nomai\u0146u <\/strong><\/div>\n<div>\n<div><span>48 V 500 W vienmotors <\/span><\/div>\n<div><span>Tips: 10 collu \u0161osejas riepa Akumulatora ietilp\u012bba: 48 V 13 Ah \u0100trums: 45 km\/h, 3 p\u0101rnesumi Diapazons: 35\u201345 km<\/span><\/div>\n<\/div>\n<\/div>\n<\/div>\n<\/div>\n<\/div>\n<\/div>\n<\/div>\n<div>\n<div>\n<div>\n<div>\n<div>\n<div><img decoding=\"async\" class=\"magic-8\" slate-data-type=\"image\" src=\"https:\/\/ae01.alicdn.com\/kf\/S7b681820608043099c3aed1e4d840a95I.jpg?width=1000&#038;height=1000&#038;hash=2000\"><\/div>\n<\/div>\n<\/div>\n<\/div>\n<\/div>\n<\/div>\n<div>&nbsp;<\/div>\n<div>\n<div>\n<table class=\"has-title all magic-10\" style=\"border-collapse:collapse\">\n<tbody>\n<tr>\n<td colspan=\"1\" rowspan=\"1\">\n<div>produkta nosaukums<\/div>\n<\/td>\n<td colspan=\"1\" rowspan=\"1\">\n<div>Geofought L12<\/div>\n<\/td>\n<\/tr>\n<tr>\n<td colspan=\"1\" rowspan=\"1\">\n<div>Motora nomin\u0101l\u0101 jauda<\/div>\n<\/td>\n<td colspan=\"1\" rowspan=\"1\">\n<div>500 W<\/div>\n<\/td>\n<\/tr>\n<tr>\n<td colspan=\"1\" rowspan=\"1\">\n<div>Diapazons (KM)<\/div>\n<\/td>\n<td colspan=\"1\" rowspan=\"1\">\n<div>35\u201345\u00a0km<\/div>\n<\/td>\n<\/tr>\n<tr>\n<td colspan=\"1\" rowspan=\"1\">\n<div>Akumulatora tips<\/div>\n<\/td>\n<td colspan=\"1\" rowspan=\"1\">\n<div>Litija akumulators<\/div>\n<\/td>\n<\/tr>\n<tr>\n<td colspan=\"1\" rowspan=\"1\">\n<div>Akumulatora ietilp\u012bba (AH)<\/div>\n<\/td>\n<td colspan=\"1\" rowspan=\"1\">\n<div><span class=\"magic-13\">48 V 13 Ah<\/span><\/div>\n<\/td>\n<\/tr>\n<tr>\n<td colspan=\"1\" rowspan=\"1\">\n<div>Maksim\u0101lais \u0101trums (KM\/H)<\/div>\n<\/td>\n<td colspan=\"1\" rowspan=\"1\">\n<div>45 km\/h<\/div>\n<\/td>\n<\/tr>\n<tr>\n<td colspan=\"1\" rowspan=\"1\">\n<div>Maks. iekrau\u0161ana (KG)<\/div>\n<\/td>\n<td colspan=\"1\" rowspan=\"1\">\n<div>150 kg<\/div>\n<\/td>\n<\/tr>\n<tr>\n<td colspan=\"1\" rowspan=\"1\">\n<div>Riepu izm\u0113rs<\/div>\n<\/td>\n<td colspan=\"1\" rowspan=\"1\">\n<div>10 collas&nbsp;<\/div>\n<\/td>\n<\/tr>\n<tr>\n<td colspan=\"1\" rowspan=\"1\">\n<div>Bremze<\/div>\n<\/td>\n<td colspan=\"1\" rowspan=\"1\">\n<div>Disku bremzes&nbsp;<\/div>\n<\/td>\n<\/tr>\n<tr>\n<td colspan=\"1\" rowspan=\"1\">\n<div>\u0136erme\u0146a izm\u0113rs<\/div>\n<\/td>\n<td colspan=\"1\" rowspan=\"1\">\n<div>128*28*54<\/div>\n<\/td>\n<\/tr>\n<\/tbody>\n<\/table>\n<\/div>\n<\/div>\n<div>\n<div>\n<div>\n<div>\n<div>\n<div><span><strong>Detaliz\u0113ta att\u0113la<\/strong><\/span><\/div>\n<\/div>\n<\/div>\n<\/div>\n<\/div>\n<\/div>\n<div>\n<div>\n<div>\n<div>\n<div>\n<div><img decoding=\"async\" class=\"magic-16\" slate-data-type=\"image\" src=\"https:\/\/ae01.alicdn.com\/kf\/S5ab03688cbf44a7b931f40e5e72e85ecj.jpg?width=750&#038;height=1200&#038;hash=1950\"><\/div>\n<\/div>\n<\/div>\n<\/div>\n<\/div>\n<\/div>\n<div>\n<div>\n<div>\n<div>\n<div>\n<div><img decoding=\"async\" class=\"magic-18\" slate-data-type=\"image\" src=\"https:\/\/ae01.alicdn.com\/kf\/S8d4c0019aff84cab8c6d3d3133dac535K.jpg?width=750&#038;height=1258&#038;hash=2008\"><\/div>\n<\/div>\n<\/div>\n<\/div>\n<\/div>\n<\/div>\n<div>\n<div>\n<div>\n<div>\n<div>\n<div><img decoding=\"async\" class=\"magic-20\" slate-data-type=\"image\" src=\"https:\/\/ae01.alicdn.com\/kf\/S3d239ead230745ef944dd7bde601126bI.jpg?width=1920&#038;height=1080&#038;hash=3000\"><\/div>\n<\/div>\n<\/div>\n<\/div>\n<\/div>\n<\/div>\n<div>\n<div>\n<div>\n<div>\n<div>\n<div><img decoding=\"async\" class=\"magic-22\" slate-data-type=\"image\" src=\"https:\/\/ae01.alicdn.com\/kf\/Se12a5b00a8c1494daf98b4d47b2ad2a5r.jpg?width=1440&#038;height=1080&#038;hash=2520\"><\/div>\n<\/div>\n<\/div>\n<\/div>\n<\/div>\n<\/div>\n<div>\n<div id=\"ali-anchor-AliMagic-s22dnq\">Klientu atsauksmes<\/div>\n<\/div>\n<div>\n<div>\n<div>\n<div>\n<div>\n<div><img decoding=\"async\" class=\"magic-24\" slate-data-type=\"image\" src=\"https:\/\/ae01.alicdn.com\/kf\/S4064f1924e3740a2be7bb532e50bad4b3.jpg?width=540&#038;height=1200&#038;hash=1740\"><\/div>\n<div><img decoding=\"async\" class=\"magic-24\" slate-data-type=\"image\" src=\"https:\/\/ae01.alicdn.com\/kf\/Sd1227447f1fb41a8806364479aaf7273d.jpg?width=1080&#038;height=2400&#038;hash=3480\"><\/div>\n<\/div>\n<\/div>\n<\/div>\n<\/div>\n<\/div>\n<div>\n<div>\n<div>\n<div>\n<div>\n<div><img decoding=\"async\" class=\"magic-27\" slate-data-type=\"image\" src=\"https:\/\/ae01.alicdn.com\/kf\/S285ad5ab65cb4bc7856364d0221e9e41A.jpg?width=476&#038;height=460&#038;hash=936\"><\/div>\n<div><img decoding=\"async\" class=\"magic-29\" slate-data-type=\"image\" src=\"https:\/\/ae01.alicdn.com\/kf\/Sab77106c630b48d7bccfbf13e9b25b3by.jpg?width=476&#038;height=507&#038;hash=983\"><\/div>\n<\/div>\n<\/div>\n<\/div>\n<\/div>\n<\/div>\n<div>\n<div id=\"ali-anchor-AliMagic-xj7rlm\">Gatavs nos\u016bt\u012b\u0161anai<\/div>\n<\/div>\n<div>\n<div>\n<div>\n<div>\n<div>\n<div><img decoding=\"async\" class=\"magic-31\" slate-data-type=\"image\" src=\"https:\/\/ae01.alicdn.com\/kf\/Sad37cad5854e468688d517a182680231u.jpg?width=3648&#038;height=2736&#038;hash=6384\"><\/div>\n<div><img decoding=\"async\" class=\"magic-31\" slate-data-type=\"image\" src=\"https:\/\/ae01.alicdn.com\/kf\/Sacba179c7bc942b588bf20eea36108b67.jpg?width=1440&#038;height=1080&#038;hash=2520\"><\/div>\n<\/div>\n<\/div>\n<\/div>\n<\/div>\n<\/div>\n<div>\n<div>\n<div>\n<div>\n<div>\n<div><img decoding=\"async\" class=\"magic-31\" slate-data-type=\"image\" src=\"https:\/\/ae01.alicdn.com\/kf\/Sbae4285941e64ebf90f361eb1f677081W.jpg?width=1440&#038;height=1080&#038;hash=2520\"><\/div>\n<div><img decoding=\"async\" class=\"magic-31\" slate-data-type=\"image\" src=\"https:\/\/ae01.alicdn.com\/kf\/Sd2087dfa5c1245cf950164c70893e211R.jpg?width=1440&#038;height=1080&#038;hash=2520\"><\/div>\n<\/div>\n<\/div>\n<\/div>\n<\/div>\n<\/div>\n<div>\n<div id=\"ali-anchor-AliMagic-vgy8yv\">Ieteikt produktus<\/div>\n<\/div>\n<div>&nbsp;<\/div>\n<div>\n<div id=\"ali-anchor-AliMagic-iwf6hj\">Uz\u0146\u0113muma profils<\/div>\n<\/div>\n<div>\n<div>\n<div>\n<div>\n<div>\n<div><img decoding=\"async\" class=\"magic-20\" slate-data-type=\"image\" src=\"https:\/\/ae01.alicdn.com\/kf\/S57346615a5164666bb2cb15d9bed01f2V.jpg?width=1920&#038;height=1080&#038;hash=3000\"><\/div>\n<\/div>\n<\/div>\n<\/div>\n<\/div>\n<\/div>\n<div>\n<div>\n<div>\n<div>\n<div>\n<div><img decoding=\"async\" class=\"magic-34\" slate-data-type=\"image\" src=\"https:\/\/ae01.alicdn.com\/kf\/S2acfc9af3dc1459d9926f92a40fe29ce1.jpg?width=830&#038;height=499&#038;hash=1329\"><\/div>\n<\/div>\n<\/div>\n<\/div>\n<\/div>\n<\/div>\n<div>\n<div>\n<div>\n<div>\n<div>\n<div><img decoding=\"async\" class=\"magic-36\" slate-data-type=\"image\" src=\"https:\/\/ae01.alicdn.com\/kf\/S21da1ffdf7fb4cb1bd18a7ef651fdf221.jpg?width=750&#038;height=810&#038;hash=1560\"><\/div>\n<\/div>\n<\/div>\n<\/div>\n<\/div>\n<\/div>\n<div>\n<div id=\"ali-anchor-AliMagic-09s5h7\">Produkta iepakojums<\/div>\n<\/div>\n<div>\n<div>\n<div>\n<div>\n<div>\n<div><img decoding=\"async\" class=\"magic-31\" slate-data-type=\"image\" src=\"https:\/\/ae01.alicdn.com\/kf\/S8a78daddaa7e423e93769cda4b5eed91B.jpg?width=1440&#038;height=1080&#038;hash=2520\"><\/div>\n<div><img decoding=\"async\" class=\"magic-31\" slate-data-type=\"image\" src=\"https:\/\/ae01.alicdn.com\/kf\/Sa38e98837f77475084395011507cabe4L.jpg?width=1440&#038;height=1080&#038;hash=2520\"><\/div>\n<\/div>\n<\/div>\n<\/div>\n<\/div>\n<\/div>\n<div>\n<div id=\"ali-anchor-AliMagic-nsikbv\">Bie\u017ei uzdotie jaut\u0101jumi<\/div>\n<\/div>\n<div>\n<div>\n<div>\n<div>\n<div>\n<div>\n<div><span><strong>1. K\u0101p\u0113c izv\u0113l\u0113ties m\u016bs?<\/strong><\/span> <span><br \/>\nProfesion\u0101li p\u0101rdev\u0113ji un p\u0113tniec\u012bbas komanda;<br \/>\nPie\u0146emt tirdzniec\u012bbas garantijas r\u012bkojumu pirc\u0113ja aizsardz\u012bbai;<br \/>\nM\u0113s varam izgatavot OEM\/ODM produktus;<br \/>\nPieg\u0101de laik\u0101.<\/span><br \/>\n<span><strong>2. K\u0101 ieg\u016bt paraugu un ietaup\u012bt izmaksas?<\/strong><\/span> <span><br \/>\nParauga karte var tikt nodro\u0161in\u0101ta bez maksas, nodro\u0161inot tikai kravas izmaksas.<br \/>\nLai sa\u0146emtu piel\u0101gotu paraugu, l\u016bdzu, sazinieties ar mums, lai uzzin\u0101tu parauga izmaksas.<br \/>\nJa pas\u016bt\u0101t tie\u0161i, m\u0113s varam jums nodro\u0161in\u0101t bezmaksas paraugu, lai p\u0101rbaud\u012btu kvalit\u0101ti.<\/span><br \/>\n<span><strong>3. K\u0101ds ir j\u016bsu maks\u0101juma termi\u0146\u0161?<\/strong><\/span> <span><br \/>\n30% depoz\u012bts un 70% atlikuma maks\u0101jums.<\/span><br \/>\n<span><strong>4.\u00a0K\u0101 notiek j\u016bsu kvalit\u0101tes kontrole?<\/strong><\/span> <span><br \/>\nMums ir profesion\u0101la kvalit\u0101tes kontroles komanda, m\u0113s kontrol\u0113sim pre\u010du kvalit\u0101ti visas masveida ra\u017eo\u0161anas laik\u0101.<\/span><br \/>\n<span><strong>5. Ja mums \u0136\u012bn\u0101 nav neviena ku\u0123niec\u012bbas ekspeditora, vai j\u016bs var\u0113tu to izdar\u012bt m\u016bsu viet\u0101?<\/strong><\/span> <span><br \/>\nMums ir \u013coti labas attiec\u012bbas ar ekspeditoru uz\u0146\u0113mumu, m\u0113s varam nos\u016bt\u012bt jums vislab\u0101ko pieg\u0101des cenu un lielisku servisu.<\/span><\/div>\n<div><span>Ja j\u016bs interes\u0113 jebk\u0101da veida preces, l\u016bdzu, nos\u016btiet mums inform\u0101ciju pa e-pastu vai tie\u0161saist\u0113. M\u0113s jums pied\u0101v\u0101sim vislab\u0101ko cenu.<br \/>\nizcilas standarta zin\u0101\u0161anas. Un m\u0113s sirsn\u012bgi sveicam draugus no visas pasaules, lai apmekl\u0113tu m\u016bsu r\u016bpn\u012bcas biznesa nol\u016bkos. <\/span><\/div>\n<\/div>\n<\/div>\n<\/div>\n<\/div>\n<\/div>\n<\/div>\n<\/div>\n<p>&nbsp;<\/p>\n<\/div>\n<\/div>","protected":false},"excerpt":{"rendered":"<p>Tire Size:&nbsp;10 inch Model Number:&nbsp;L12 Category:&nbsp;Two-wheel Scooter Applicable People:&nbsp;Unisex Range Per Charge:&nbsp;40-60km Charging Time:&nbsp;6-8h Voltage:&nbsp;48v Folded:&nbsp;No Origin:&nbsp;Mainland China Power (W):&nbsp;201-500W Place of Origin:&nbsp;Jiangsu, China Brand:&nbsp;Geofought Model Number:&nbsp;L12 Power:&nbsp;500W, 500w motor<\/p>","protected":false},"featured_media":8562,"comment_status":"open","ping_status":"closed","template":"","meta":{"_acf_changed":false},"product_brand":[],"product_cat":[468,297],"product_tag":[],"class_list":{"0":"post-8561","1":"product","2":"type-product","3":"status-publish","4":"has-post-thumbnail","6":"product_cat-electric-off-road-scooter","7":"product_cat-scooters","9":"first","10":"instock","11":"shipping-taxable","12":"purchasable","13":"product-type-variable"},"acf":[],"_links":{"self":[{"href":"https:\/\/electricstore.eu\/lv\/wp-json\/wp\/v2\/product\/8561","targetHints":{"allow":["GET"]}}],"collection":[{"href":"https:\/\/electricstore.eu\/lv\/wp-json\/wp\/v2\/product"}],"about":[{"href":"https:\/\/electricstore.eu\/lv\/wp-json\/wp\/v2\/types\/product"}],"replies":[{"embeddable":true,"href":"https:\/\/electricstore.eu\/lv\/wp-json\/wp\/v2\/comments?post=8561"}],"wp:featuredmedia":[{"embeddable":true,"href":"https:\/\/electricstore.eu\/lv\/wp-json\/wp\/v2\/media\/8562"}],"wp:attachment":[{"href":"https:\/\/electricstore.eu\/lv\/wp-json\/wp\/v2\/media?parent=8561"}],"wp:term":[{"taxonomy":"product_brand","embeddable":true,"href":"https:\/\/electricstore.eu\/lv\/wp-json\/wp\/v2\/product_brand?post=8561"},{"taxonomy":"product_cat","embeddable":true,"href":"https:\/\/electricstore.eu\/lv\/wp-json\/wp\/v2\/product_cat?post=8561"},{"taxonomy":"product_tag","embeddable":true,"href":"https:\/\/electricstore.eu\/lv\/wp-json\/wp\/v2\/product_tag?post=8561"}],"curies":[{"name":"wp","href":"https:\/\/api.w.org\/{rel}","templated":true}]}}