{"id":8505,"date":"2025-05-19T20:31:34","date_gmt":"2025-05-19T20:31:34","guid":{"rendered":"https:\/\/electricstore.eu\/product\/uncategorized\/x6-x6pro-electric-scooter-2400w-48v21ah\/"},"modified":"2025-05-21T05:41:27","modified_gmt":"2025-05-21T05:41:27","slug":"x6-x6pro-electric-scooter-2400w-48v21ah","status":"publish","type":"product","link":"https:\/\/electricstore.eu\/lv\/p\/scooters\/electric-off-road-scooter\/x6-x6pro-electric-scooter-2400w-48v21ah\/","title":{"rendered":"SUNNIGOO X6 X6PRO 2400W 48V 21Ah 60KM\/H 60-80Km 10 collu divrite\u0146u elektriskais skrejritenis"},"content":{"rendered":"<div class=\"product-specs-list-container\">\n<ul class=\"product-specs-list util-clearfix\">\n<li class=\"product-prop line-limit-length\"><span\n                                        class=\"property-title\">Riepu izm\u0113rs:&nbsp;<\/span><span\n                                        class=\"property-desc line-limit-length\">10 collas<\/span>\n                            <\/li>\n<li class=\"product-prop line-limit-length\"><span\n                                        class=\"property-title\">Mode\u013ca numurs:&nbsp;<\/span><span\n                                        class=\"property-desc line-limit-length\">X6 X6pro<\/span>\n                            <\/li>\n<li class=\"product-prop line-limit-length\"><span\n                                        class=\"property-title\">Kategorija:&nbsp;<\/span><span\n                                        class=\"property-desc line-limit-length\">Divrite\u0146u sk\u016bteris<\/span>\n                            <\/li>\n<li class=\"product-prop line-limit-length\"><span\n                                        class=\"property-title\">Piem\u0113rojamie cilv\u0113ki:&nbsp;<\/span><span\n                                        class=\"property-desc line-limit-length\">Unisex<\/span>\n                            <\/li>\n<li class=\"product-prop line-limit-length\"><span\n                                        class=\"property-title\">Diapazons ar vienu uzl\u0101di:&nbsp;<\/span><span\n                                        class=\"property-desc line-limit-length\">60\u201380 km<\/span>\n                            <\/li>\n<li class=\"product-prop line-limit-length\"><span\n                                        class=\"property-title\">Uzl\u0101des laiks:&nbsp;<\/span><span\n                                        class=\"property-desc line-limit-length\">8\u201310 stundas<\/span>\n                            <\/li>\n<li class=\"product-prop line-limit-length\"><span\n                                        class=\"property-title\">Spriegums:&nbsp;<\/span><span\n                                        class=\"property-desc line-limit-length\">48 V<\/span>\n                            <\/li>\n<li class=\"product-prop line-limit-length\"><span\n                                        class=\"property-title\">Saloc\u012bts:&nbsp;<\/span><span\n                                        class=\"property-desc line-limit-length\">J\u0100<\/span>\n                            <\/li>\n<li class=\"product-prop line-limit-length\"><span\n                                        class=\"property-title\">Izcelsme:&nbsp;<\/span><span\n                                        class=\"property-desc line-limit-length\">Kontinent\u0101l\u0101 \u0136\u012bna<\/span>\n                            <\/li>\n<li class=\"product-prop line-limit-length\"><span\n                                        class=\"property-title\">Jauda (W):&nbsp;<\/span><span\n                                        class=\"property-desc line-limit-length\">1001\u20132000 W<\/span>\n                            <\/li>\n<li class=\"product-prop line-limit-length\"><span\n                                        class=\"property-title\">Izcelsmes vieta:&nbsp;<\/span><span\n                                        class=\"property-desc line-limit-length\">Zhengjiang<\/span>\n                            <\/li>\n<li class=\"product-prop line-limit-length\"><span\n                                        class=\"property-title\">Z\u012bmols:&nbsp;<\/span><span\n                                        class=\"property-desc line-limit-length\">SUNNIGOO<\/span>\n                            <\/li>\n<li class=\"product-prop line-limit-length\"><span\n                                        class=\"property-title\">Mode\u013ca numurs:&nbsp;<\/span><span\n                                        class=\"property-desc line-limit-length\">X6<\/span>\n                            <\/li>\n<li class=\"product-prop line-limit-length\"><span\n                                        class=\"property-title\">Uzl\u0101des laiks:&nbsp;<\/span><span\n                                        class=\"property-desc line-limit-length\">8-9h<\/span>\n                            <\/li>\n<li class=\"product-prop line-limit-length\"><span\n                                        class=\"property-title\">Salok\u0101ms:&nbsp;<\/span><span\n                                        class=\"property-desc line-limit-length\">J\u0101<\/span>\n                            <\/li>\n<li class=\"product-prop line-limit-length\"><span\n                                        class=\"property-title\">Diapazons ar vienu uzl\u0101di:&nbsp;<\/span><span\n                                        class=\"property-desc line-limit-length\">60KM<\/span>\n                            <\/li>\n<li class=\"product-prop line-limit-length\"><span\n                                        class=\"property-title\">Maksim\u0101lais \u0101trums:&nbsp;<\/span><span\n                                        class=\"property-desc line-limit-length\">60KMH, 60KMH<\/span>\n                            <\/li>\n<li class=\"product-prop line-limit-length\"><span\n                                        class=\"property-title\">Kategorija:&nbsp;<\/span><span\n                                        class=\"property-desc line-limit-length\">Divrite\u0146u sk\u016bteris<\/span>\n                            <\/li>\n<li class=\"product-prop line-limit-length\"><span\n                                        class=\"property-title\">Piem\u0113rojams p\u016blim:&nbsp;<\/span><span\n                                        class=\"property-desc line-limit-length\">Unisex<\/span>\n                            <\/li>\n<li class=\"product-prop line-limit-length\"><span\n                                        class=\"property-title\">Viedais tips:&nbsp;<\/span><span\n                                        class=\"property-desc line-limit-length\">Digital<\/span>\n                            <\/li>\n<li class=\"product-prop line-limit-length\"><span\n                                        class=\"property-title\">Akumulatora ietilp\u012bba:&nbsp;<\/span><span\n                                        class=\"property-desc line-limit-length\">48V 24Ah<\/span>\n                            <\/li>\n<li class=\"product-prop line-limit-length\"><span\n                                        class=\"property-title\">Patent\u0113ts produkts:&nbsp;<\/span><span\n                                        class=\"property-desc line-limit-length\">N\u0112<\/span>\n                            <\/li>\n<li class=\"product-prop line-limit-length\"><span\n                                        class=\"property-title\">Produkta nosaukums:&nbsp;<\/span><span\n                                        class=\"property-desc line-limit-length\">Dual Motor electric scooter<\/span>\n                            <\/li>\n<li class=\"product-prop line-limit-length\"><span\n                                        class=\"property-title\">Motora jauda:&nbsp;<\/span><span\n                                        class=\"property-desc line-limit-length\">1200W*2<\/span>\n                            <\/li>\n<li class=\"product-prop line-limit-length\"><span\n                                        class=\"property-title\">Akumulatora tips:&nbsp;<\/span><span\n                                        class=\"property-desc line-limit-length\">48V 21Ah<\/span>\n                            <\/li>\n<li class=\"product-prop line-limit-length\"><span\n                                        class=\"property-title\">Range per Charge:&nbsp;<\/span><span\n                                        class=\"property-desc line-limit-length\">60km<\/span>\n                            <\/li>\n<li class=\"product-prop line-limit-length\"><span\n                                        class=\"property-title\">Max Loading Capacity:&nbsp;<\/span><span\n                                        class=\"property-desc line-limit-length\">150 kg<\/span>\n                            <\/li>\n<li class=\"product-prop line-limit-length\"><span\n                                        class=\"property-title\">Electric Scooters Net Weight:&nbsp;<\/span><span\n                                        class=\"property-desc line-limit-length\">30kg<\/span>\n                            <\/li>\n<li class=\"product-prop line-limit-length\"><span\n                                        class=\"property-title\">Dimension(L*W*H):&nbsp;<\/span><span\n                                        class=\"property-desc line-limit-length\">124*30*60cm<\/span>\n                            <\/li>\n<li class=\"product-prop line-limit-length\"><span\n                                        class=\"property-title\">Sertifik\u0101cija:&nbsp;<\/span><span\n                                        class=\"property-desc line-limit-length\">CE<\/span>\n                            <\/li>\n<li class=\"product-prop line-limit-length\"><span\n                                        class=\"property-title\">Max Climbing:&nbsp;<\/span><span\n                                        class=\"property-desc line-limit-length\">35\u00b0<\/span>\n                            <\/li>\n<li class=\"product-prop line-limit-length\"><span\n                                        class=\"property-title\">Sertifik\u0101ts:&nbsp;<\/span><span\n                                        class=\"property-desc line-limit-length\"><\/span>\n                            <\/li>\n<\/ul><\/div>\n<div class=\"detailmodule_html\">\n<div class=\"detail-desc-decorate-richtext\">\n<div id=\"detail_decorate_root\">\n<div>\u00a0<\/div>\n<div>\n<div id=\"ali-anchor-AliMagic-agvs2i\">Product Display<\/div>\n<\/div>\n<div>\n<div>\n<table style=\"border-collapse:collapse\" class=\"has-title hight-light-first-column all magic-1\">\n<tbody>\n<tr>\n<td rowspan=\"1\" colspan=\"1\">\n<div>\n<div>Mode\u013ca numurs<\/div>\n<\/div>\n<\/td>\n<td rowspan=\"1\" colspan=\"1\">\n<div>\n<div><span class=\"magic-6\">X6<\/span><\/div>\n<\/div>\n<\/td>\n<\/tr>\n<tr>\n<td rowspan=\"1\" colspan=\"1\">\n<div>\n<div>Maximum Mileage<\/div>\n<\/div>\n<\/td>\n<td rowspan=\"1\" colspan=\"1\">\n<div>\n<div>60KM<\/div>\n<\/div>\n<\/td>\n<\/tr>\n<tr>\n<td rowspan=\"1\" colspan=\"1\">\n<div>\n<div>Maksim\u0101lais \u0101trums<\/div>\n<\/div>\n<\/td>\n<td rowspan=\"1\" colspan=\"1\">\n<div>\n<div>60\u00a0km\/h<\/div>\n<\/div>\n<\/td>\n<\/tr>\n<tr>\n<td rowspan=\"1\" colspan=\"1\">\n<div>\n<div>Akumulatora ietilp\u012bba<\/div>\n<\/div>\n<\/td>\n<td rowspan=\"1\" colspan=\"1\">\n<div>\n<div><span class=\"magic-6\">48V 21Ah\u00a0<\/span><\/div>\n<\/div>\n<\/td>\n<\/tr>\n<tr>\n<td rowspan=\"1\" colspan=\"1\">\n<div>\n<div>Motor(Rear+Front Motor)<\/div>\n<\/div>\n<\/td>\n<td rowspan=\"1\" colspan=\"1\">\n<div>\n<div><span class=\"magic-6\">1200W*2<\/span><\/div>\n<\/div>\n<\/td>\n<\/tr>\n<tr>\n<td rowspan=\"1\" colspan=\"1\">\n<div>\n<div>Charger Voltage<\/div>\n<\/div>\n<\/td>\n<td rowspan=\"1\" colspan=\"1\">\n<div>\n<div><span class=\"magic-6\">48V-2A<\/span><\/div>\n<\/div>\n<\/td>\n<\/tr>\n<tr>\n<td rowspan=\"1\" colspan=\"1\">\n<div>\n<div>Uzl\u0101des laiks<\/div>\n<\/div>\n<\/td>\n<td rowspan=\"1\" colspan=\"1\">\n<div>\n<div>9-9.5H<\/div>\n<\/div>\n<\/td>\n<\/tr>\n<tr>\n<td rowspan=\"1\" colspan=\"1\">\n<div>\n<div>Max Gradeability<\/div>\n<\/div>\n<\/td>\n<td rowspan=\"1\" colspan=\"1\">\n<div>\n<div><span class=\"magic-6\">35\u00b0<\/span><\/div>\n<\/div>\n<\/td>\n<\/tr>\n<tr>\n<td rowspan=\"1\" colspan=\"1\">\n<div>\n<div>Maximum Load<\/div>\n<\/div>\n<\/td>\n<td rowspan=\"1\" colspan=\"1\">\n<div>\n<div><span class=\"magic-6\">150\u00a0kg<\/span><\/div>\n<\/div>\n<\/td>\n<\/tr>\n<tr>\n<td rowspan=\"1\" colspan=\"1\">\n<div>\n<div>Riepa<\/div>\n<\/div>\n<\/td>\n<td rowspan=\"1\" colspan=\"1\">\n<div>\n<div><span class=\"magic-6\">10 inches off road air tire<\/span><\/div>\n<\/div>\n<\/td>\n<\/tr>\n<tr>\n<td rowspan=\"1\" colspan=\"1\">\n<div>\n<div>Demension(L\u00d7W\u00d7H)<\/div>\n<\/div>\n<\/td>\n<td rowspan=\"1\" colspan=\"1\">\n<div>\n<div><span class=\"magic-6\">120*60*(80~120)cm<\/span><\/div>\n<\/div>\n<\/td>\n<\/tr>\n<tr>\n<td rowspan=\"1\" colspan=\"1\">\n<div>\n<div><span class=\"magic-6\">Torsion Bar Height Adjustable<\/span><\/div>\n<\/div>\n<\/td>\n<td rowspan=\"1\" colspan=\"1\">\n<div>\n<div>Y<\/div>\n<\/div>\n<\/td>\n<\/tr>\n<tr>\n<td rowspan=\"1\" colspan=\"1\">\n<div>\n<div>Neight Weight<\/div>\n<\/div>\n<\/td>\n<td rowspan=\"1\" colspan=\"1\">\n<div>\n<div>30KG<\/div>\n<\/div>\n<\/td>\n<\/tr>\n<\/tbody>\n<\/table>\n<\/div>\n<\/div>\n<div>\n<div>\n<div>\n<div>\n<div>\n<div><img decoding=\"async\" class=\"magic-10\" src=\"https:\/\/ae01.alicdn.com\/kf\/S738a11fc049e45cfb97041937d36616be.jpg?width=1200&amp;height=1200&amp;hash=2400\" slate-data-type=\"image\"\/><\/div>\n<\/div>\n<\/div>\n<\/div>\n<\/div>\n<\/div>\n<div>\n<div>\n<div>\n<div>\n<div>\n<div><img decoding=\"async\" class=\"magic-10\" src=\"https:\/\/ae01.alicdn.com\/kf\/S10e8bd323a8e4395ba596690122816d1i.jpg?width=1200&amp;height=1200&amp;hash=2400\" slate-data-type=\"image\"\/><\/div>\n<\/div>\n<\/div>\n<\/div>\n<\/div>\n<\/div>\n<div>\n<div>\n<div>\n<div>\n<div>\n<div><img decoding=\"async\" class=\"magic-10\" src=\"https:\/\/ae01.alicdn.com\/kf\/S47aca432607d45668f0506dfac2998f1P.jpg?width=1200&amp;height=1200&amp;hash=2400\" slate-data-type=\"image\"\/><\/div>\n<\/div>\n<\/div>\n<\/div>\n<\/div>\n<\/div>\n<div>\n<div>\n<div>\n<div>\n<div>\n<div><img decoding=\"async\" class=\"magic-10\" src=\"https:\/\/ae01.alicdn.com\/kf\/Sb0f36a5f25834ba68e27030f9b7ab8beE.jpg?width=1200&amp;height=1200&amp;hash=2400\" slate-data-type=\"image\"\/><\/div>\n<\/div>\n<\/div>\n<\/div>\n<\/div>\n<\/div>\n<div>\n<div>\n<div>\n<div>\n<div>\n<div><img decoding=\"async\" class=\"magic-10\" src=\"https:\/\/ae01.alicdn.com\/kf\/S8d8dea03cf7b403091b42b5976350799g.jpg?width=1200&amp;height=1200&amp;hash=2400\" slate-data-type=\"image\"\/><\/div>\n<\/div>\n<\/div>\n<\/div>\n<\/div>\n<\/div>\n<div>\n<div>\n<div>\n<div>\n<div>\n<div><img decoding=\"async\" class=\"magic-10\" src=\"https:\/\/ae01.alicdn.com\/kf\/Sa742b6d7538e447796ed6da385d48656X.jpg?width=1200&amp;height=1200&amp;hash=2400\" slate-data-type=\"image\"\/><\/div>\n<\/div>\n<\/div>\n<\/div>\n<\/div>\n<\/div>\n<div>\n<div id=\"ali-anchor-AliMagic-d5p1ge\">Packing&amp;Shipping<\/div>\n<\/div>\n<div>\n<div>\n<div>\n<div>\n<div>\n<div><img decoding=\"async\" class=\"magic-12\" src=\"https:\/\/ae01.alicdn.com\/kf\/S5d577428ebe74dabb5581bf96d7db1f9j.jpg?width=663&amp;height=486&amp;hash=1149\" slate-data-type=\"image\"\/><\/div>\n<\/div>\n<\/div>\n<\/div>\n<\/div>\n<\/div>\n<div>\n<div>\n<div>\n<div>\n<div>\n<div><img decoding=\"async\" class=\"magic-14\" src=\"https:\/\/ae01.alicdn.com\/kf\/S25a27ea53fe443b78dbc9fd0dbf6e4b7X.jpg?width=1217&amp;height=524&amp;hash=1741\" slate-data-type=\"image\"\/><\/div>\n<\/div>\n<\/div>\n<\/div>\n<\/div>\n<\/div>\n<div>\n<div>\n<div>\n<div>\n<div>\n<div><img decoding=\"async\" class=\"magic-16\" src=\"https:\/\/ae01.alicdn.com\/kf\/Sa797650f2f7f464d8d0f6f7db35b34c9t.jpg?width=1317&amp;height=704&amp;hash=2021\" slate-data-type=\"image\"\/><\/div>\n<\/div>\n<\/div>\n<\/div>\n<\/div>\n<\/div>\n<div>\n<div>\n<div>\n<h3 class=\"magic-18\">Drop shipping service for United States and UK, EU Customer<\/h3>\n<div>\n<div>\n<div>\n<div>1.7 Local Warehouses<\/div>\n<div>a.Oakland Warehouse in California, United States<\/div>\n<div>b.Dusseldorf, Berlin, Frankford Warehouse<\/div>\n<div>c.Poland Warehouse<\/div>\n<div>d.Belgium Warehouse<\/div>\n<div>e.United Kingdom Warehouse<\/div>\n<\/div>\n<\/div>\n<\/div>\n<\/div>\n<\/div>\n<\/div>\n<div>\n<div>\n<div>\n<div>\n<div>\n<div><img decoding=\"async\" class=\"magic-23\" src=\"https:\/\/ae01.alicdn.com\/kf\/Sc6c8920a9b0c47fe81888811ef111c8fN.jpg?width=897&amp;height=636&amp;hash=1533\" slate-data-type=\"image\"\/><\/div>\n<\/div>\n<\/div>\n<\/div>\n<div>\n<div>\u00a0<\/div>\n<div><span>We are fully support additional accessories and customization according to customers&#x27; requirement, which will be delivered from China, such as phone holder, storage bag, helmet, ultra-bright lights, LED color lights on top of deck or side of deck, hydraulic oil brake, logo customization on torsion bar or deck, seat, trunk, color changing of overall electric scooter and any other reasonable customization requirements.<\/span><\/div>\n<\/div>\n<\/div>\n<\/div>\n<div>\n<div>\n<div>\n<div>\n<div>\n<div><img decoding=\"async\" class=\"magic-26\" src=\"https:\/\/ae01.alicdn.com\/kf\/Sbc8662730c154f46a53ce912d60659c9f.jpg?width=994&amp;height=555&amp;hash=1549\" slate-data-type=\"image\"\/><\/div>\n<\/div>\n<\/div>\n<\/div>\n<\/div>\n<\/div>\n<div>\n<div>\n<div>\n<h3 class=\"magic-18\"><span>OEM\/ODM service<\/span><\/h3>\n<div>\n<div>\n<div>We are fully support OEM\/ODM service.<\/div>\n<\/div>\n<\/div>\n<\/div>\n<\/div>\n<\/div>\n<div>\n<div>\n<div>\n<h3 class=\"magic-18\">Maks\u0101jums<\/h3>\n<div>\n<div>\n<div><span>We support Visa, T\/T, L\/C, Western Union, MoneyGram, Paypal.<\/span><\/div>\n<\/div>\n<\/div>\n<\/div>\n<\/div>\n<\/div>\n<div>\n<div id=\"ali-anchor-AliMagic-9yekuv\">Our Company and Factory<\/div>\n<\/div>\n<div>\n<div>\n<div>\n<div>\n<div>\n<div>\n<div>Hangzhou Neighbor Intelligent Technology Co., Ltd is professional on design, sales, case solution and overseas after-sale servicefor Electric Scooter, located in Hangzhou, Zhejiang Province, China.<\/div>\n<div><span>Our products are highly trusted by supermarkets, sports and outdoors retailers and e-commerce sellers in UK, European countries(France, Italy, Spain, Netherland, Sweden, Poland, Hungary, etc), USA, Peru and Southeast Asia countries. <\/span><\/div>\n<div><span>We develop 5-10 series of new scooters yearly to help customers win the market and related parts to enrich customer&#x27;s productline. We also have distributor growing up plan to support customer sales. <\/span><\/div>\n<div><span>All electric scooters are CE, FCC approved. We have MSDS, Transportation Report and UN 38.3 help export for lithium batteryproducts. We cooperated INTEKER with golden supplier verification. We are good at OEM. We can provide products design, logo service, package design service in overseas warehouses and our factories in China. <\/span><\/div>\n<div><span>With self-owned EU\/UK\/US based warehouses, our dedicated local colleagues are responsible for after sale service and express service. <\/span><\/div>\n<div><span>Looking forward to cooperate with you! <\/span><\/div>\n<\/div>\n<\/div>\n<\/div>\n<\/div>\n<\/div>\n<\/div>\n<div>\u00a0<\/div>\n<div>\n<div>\n<div>\n<div>\n<div>\n<div><img decoding=\"async\" class=\"magic-30\" src=\"https:\/\/ae01.alicdn.com\/kf\/S48a535b6ed8548eab40c4f23fb83d8c8b.jpg?width=750&amp;height=611&amp;hash=1361\" slate-data-type=\"image\"\/><\/div>\n<\/div>\n<\/div>\n<\/div>\n<\/div>\n<\/div>\n<div>\n<div>\n<div>\n<div>\n<div>\n<div>\n<div>Battery test<\/div>\n<\/div>\n<\/div>\n<\/div>\n<div>\n<div>\n<div>\n<div>All parts assembly 1<\/div>\n<\/div>\n<\/div>\n<\/div>\n<div>\n<div>\n<div>\n<div>All parts assembly 2<\/div>\n<\/div>\n<\/div>\n<\/div>\n<\/div>\n<\/div>\n<\/div>\n<div>\n<div>\n<div>\n<div>\n<div>\n<div><img decoding=\"async\" class=\"magic-34\" src=\"https:\/\/ae01.alicdn.com\/kf\/S48a535b6ed8548eab40c4f23fb83d8c8b.jpg?width=750&amp;height=611&amp;hash=1361\" slate-data-type=\"image\"\/><\/div>\n<\/div>\n<\/div>\n<\/div>\n<\/div>\n<\/div>\n<div>\n<div>\n<div>\n<div>\n<div>\n<div>\n<div>Assembly completed<\/div>\n<\/div>\n<\/div>\n<\/div>\n<div>\n<div>\n<div>\n<div>Endurance test<\/div>\n<\/div>\n<\/div>\n<\/div>\n<div>\n<div>\n<div>\n<div>Load bearing test<\/div>\n<\/div>\n<\/div>\n<\/div>\n<\/div>\n<\/div>\n<\/div>\n<div>\n<div>\n<div>\n<div>\n<div>\n<div><img decoding=\"async\" class=\"magic-36\" src=\"https:\/\/ae01.alicdn.com\/kf\/S48a535b6ed8548eab40c4f23fb83d8c8b.jpg?width=750&amp;height=611&amp;hash=1361\" slate-data-type=\"image\"\/><\/div>\n<\/div>\n<\/div>\n<\/div>\n<\/div>\n<\/div>\n<div>\n<div>\n<div>\n<div>\n<div>\n<div>\n<div>Packing 1<\/div>\n<\/div>\n<\/div>\n<\/div>\n<div>\n<div>\n<div>\n<div>Packing 2<\/div>\n<\/div>\n<\/div>\n<\/div>\n<div>\n<div>\n<div>\n<div>Ready to ship<\/div>\n<\/div>\n<\/div>\n<\/div>\n<\/div>\n<\/div>\n<\/div>\n<div>\n<div id=\"ali-anchor-AliMagic-1yprpi\">Sertifik\u0101ti<\/div>\n<\/div>\n<div>\n<div>\n<div>\n<div>\n<div>\n<div><img decoding=\"async\" class=\"magic-38\" src=\"https:\/\/ae01.alicdn.com\/kf\/Se0d9a8b42b96406c9b5ff1720ce5cbdar.jpg?width=732&amp;height=1033&amp;hash=1765\" slate-data-type=\"image\"\/><\/div>\n<div><img decoding=\"async\" class=\"magic-38\" src=\"https:\/\/ae01.alicdn.com\/kf\/S26a1533af9a64124a7a7c8dd3c16e5f7b.jpg?width=716&amp;height=1011&amp;hash=1727\" slate-data-type=\"image\"\/><\/div>\n<div><img decoding=\"async\" class=\"magic-38\" src=\"https:\/\/ae01.alicdn.com\/kf\/S723c38b8f20e4e048568af3d6db47a99Y.jpg?width=731&amp;height=1033&amp;hash=1764\" slate-data-type=\"image\"\/><\/div>\n<\/div>\n<\/div>\n<\/div>\n<\/div>\n<\/div>\n<div>\n<div id=\"ali-anchor-AliMagic-qzg55o\">Klientu atsauksmes<\/div>\n<\/div>\n<div>\n<div>\n<div>\n<div>\n<div>\n<div><img decoding=\"async\" class=\"magic-41\" src=\"https:\/\/ae01.alicdn.com\/kf\/S0290caa8aff64c95af25bad046547246H.jpg?width=750&amp;height=1127&amp;hash=1877\" slate-data-type=\"image\"\/><\/div>\n<\/div>\n<\/div>\n<\/div>\n<\/div>\n<\/div>\n<div>\n<div id=\"ali-anchor-AliMagic-hgbt6o\">Bie\u017ei uzdotie jaut\u0101jumi<\/div>\n<\/div>\n<div>\n<div>\n<div>\n<div>\n<div>\n<div>\n<div><strong>Q1. Do you have overseas warehouse?<\/strong> Yes, we have EU warehouse and US warehouse.<\/div>\n<div>\n<div>1) EU&amp;UK warehouse as following: 3 warehouses in Germany, city is Berlin, Dusseldorf and Dietzenbach. 1 warehouse in <span>Belgium<\/span>. 1 warehouse in Poland. 1 warehouse in UK.<\/div>\n<div>\n<div>2) US warehouse as following: One warehouse in California, city is Oakland.<\/div>\n<div><strong>Q2. <\/strong> <strong><span>What is your delivery time? <\/span><\/strong><\/div>\n<div><span class=\"magic-6\">1) <\/span> <span class=\"magic-6\"><span>6-9 workdays from overseas warehouse in EU &amp; UK &amp; USA Warehouse.<\/span><\/span><\/div>\n<div><span class=\"magic-6\">2) Standard Electric Scooter in China can ship in 7days.<\/span><\/div>\n<div><span class=\"magic-6\">3) OEM Bulk Electric Scooter can ship in 20-30 days.<\/span><\/div>\n<div>\u00a0<\/div>\n<div><span class=\"magic-6\"><span><strong>Q3.What about the Payment?<\/strong><\/span><\/span><\/div>\n<div><span class=\"magic-6\"><span>1) We accept Alipay Credit Card and TT Payment.<\/span><\/span><\/div>\n<div><span class=\"magic-6\"><span>2) Bulk Order from China we accept 30%Prepaid, 70%by Bill of Lading.<\/span><\/span><\/div>\n<div><span>3) Small order from China we accept100%prepaid.<\/span><\/div>\n<div>\u00a0<\/div>\n<div><strong>Q4. If we are new to this industry, which kind of service you can provide?<\/strong><\/div>\n<div>1) We would provide suitable electric scooter <span>according to your targeted customers.<\/span><\/div>\n<div>2) We would provide with picture, details of electric scooter if you would put online, Parameter Data of Adult Electric Scooter and the <span>Video if you need, Selling Point of this model.<\/span><\/div>\n<div>3) For certain market we have local aftersale Service Center, please consult with our sales<\/div>\n<div>\u00a0<\/div>\n<div><strong>Q5.Why lots of customer choose you?<\/strong><\/div>\n<div>1)W <span class=\"magic-43\">e did amazon and ebay by ourselves before, we know thedelivery time , response time and stock are important for online seller.<\/span><\/div>\n<div>\u00a0<\/div>\n<div><span class=\"magic-43\">2) We have some popular model experience, we know which kind of electric scooter would be popular.<\/span><\/div>\n<div>\u00a0<\/div>\n<div><span class=\"magic-43\">3)We know online business changes fast, every year we devote lots of money on new model development<\/span><\/div>\n<div>\u00a0<\/div>\n<div><span class=\"magic-43\">4) We have Partner Growth Experience, We are not only looking for customer, we are looking for partners, who grow up together with us by sucessfully win the market.<\/span><\/div>\n<div>\u00a0<\/div>\n<div><span class=\"magic-43\">5) We have 13years factory experience, know how to control quality.<\/span><\/div>\n<div>\u00a0<\/div>\n<div><strong>Q6. How does your factory carry out quality control?<\/strong> We attached great importance to quality control in the progress chart. Each part of our products has its own QC.<\/div>\n<\/div>\n<\/div>\n<\/div>\n<\/div>\n<\/div>\n<\/div>\n<\/div>\n<\/div>\n<\/div>\n<div><\/div>\n<\/div>\n<\/div>\n<p><\/p>","protected":false},"excerpt":{"rendered":"<p>Tire Size:&nbsp;10 inch Model Number:&nbsp;X6 X6pro Category:&nbsp;Two-wheel Scooter Applicable People:&nbsp;Unisex Range Per Charge:&nbsp;60-80km Charging Time:&nbsp;8-10h Voltage:&nbsp;48v Folded:&nbsp;YES Origin:&nbsp;Mainland China Power (W):&nbsp;1001-2000w Place of Origin:&nbsp;Zhengjiang Brand:&nbsp;SUNNIGOO Model Number:&nbsp;X6 Charging Time:&nbsp;8-9h Foldable:&nbsp;Yes<\/p>","protected":false},"featured_media":8476,"comment_status":"open","ping_status":"closed","template":"","meta":{"_acf_changed":false},"product_brand":[],"product_cat":[468,297],"product_tag":[],"class_list":{"0":"post-8505","1":"product","2":"type-product","3":"status-publish","4":"has-post-thumbnail","6":"product_cat-electric-off-road-scooter","7":"product_cat-scooters","9":"first","10":"instock","11":"shipping-taxable","12":"purchasable","13":"product-type-variable"},"acf":[],"_links":{"self":[{"href":"https:\/\/electricstore.eu\/lv\/wp-json\/wp\/v2\/product\/8505","targetHints":{"allow":["GET"]}}],"collection":[{"href":"https:\/\/electricstore.eu\/lv\/wp-json\/wp\/v2\/product"}],"about":[{"href":"https:\/\/electricstore.eu\/lv\/wp-json\/wp\/v2\/types\/product"}],"replies":[{"embeddable":true,"href":"https:\/\/electricstore.eu\/lv\/wp-json\/wp\/v2\/comments?post=8505"}],"wp:featuredmedia":[{"embeddable":true,"href":"https:\/\/electricstore.eu\/lv\/wp-json\/wp\/v2\/media\/8476"}],"wp:attachment":[{"href":"https:\/\/electricstore.eu\/lv\/wp-json\/wp\/v2\/media?parent=8505"}],"wp:term":[{"taxonomy":"product_brand","embeddable":true,"href":"https:\/\/electricstore.eu\/lv\/wp-json\/wp\/v2\/product_brand?post=8505"},{"taxonomy":"product_cat","embeddable":true,"href":"https:\/\/electricstore.eu\/lv\/wp-json\/wp\/v2\/product_cat?post=8505"},{"taxonomy":"product_tag","embeddable":true,"href":"https:\/\/electricstore.eu\/lv\/wp-json\/wp\/v2\/product_tag?post=8505"}],"curies":[{"name":"wp","href":"https:\/\/api.w.org\/{rel}","templated":true}]}}