{"id":8492,"date":"2025-05-19T20:31:29","date_gmt":"2025-05-19T20:31:29","guid":{"rendered":"https:\/\/electricstore.eu\/product\/uncategorized\/n3max-n3lma-electric-scooter-48v-15ah-50km\/"},"modified":"2025-05-21T05:41:27","modified_gmt":"2025-05-21T05:41:27","slug":"n3max-n3lma-electric-scooter-48v-15ah-50km","status":"publish","type":"product","link":"https:\/\/electricstore.eu\/lv\/p\/scooters\/electric-off-road-scooter\/n3max-n3lma-electric-scooter-48v-15ah-50km\/","title":{"rendered":"SUNNIGOO N3MAX 800W 48V 15Ah 50km\/h 40-60km 10 collu divrite\u0146u elektriskais skrejritenis"},"content":{"rendered":"<div class=\"product-specs-list-container\">\n<ul class=\"product-specs-list util-clearfix\">\n<li class=\"product-prop line-limit-length\"><span\n                                        class=\"property-title\">Riepu izm\u0113rs:&nbsp;<\/span><span\n                                        class=\"property-desc line-limit-length\">10 collas<\/span>\n                            <\/li>\n<li class=\"product-prop line-limit-length\"><span\n                                        class=\"property-title\">Mode\u013ca numurs:&nbsp;<\/span><span\n                                        class=\"property-desc line-limit-length\">N3MAX<\/span>\n                            <\/li>\n<li class=\"product-prop line-limit-length\"><span\n                                        class=\"property-title\">Kategorija:&nbsp;<\/span><span\n                                        class=\"property-desc line-limit-length\">Divrite\u0146u sk\u016bteris<\/span>\n                            <\/li>\n<li class=\"product-prop line-limit-length\"><span\n                                        class=\"property-title\">Piem\u0113rojamie cilv\u0113ki:&nbsp;<\/span><span\n                                        class=\"property-desc line-limit-length\">Unisex<\/span>\n                            <\/li>\n<li class=\"product-prop line-limit-length\"><span\n                                        class=\"property-title\">Diapazons ar vienu uzl\u0101di:&nbsp;<\/span><span\n                                        class=\"property-desc line-limit-length\">40\u201360 km<\/span>\n                            <\/li>\n<li class=\"product-prop line-limit-length\"><span\n                                        class=\"property-title\">Uzl\u0101des laiks:&nbsp;<\/span><span\n                                        class=\"property-desc line-limit-length\">6\u20138 stundas<\/span>\n                            <\/li>\n<li class=\"product-prop line-limit-length\"><span\n                                        class=\"property-title\">Spriegums:&nbsp;<\/span><span\n                                        class=\"property-desc line-limit-length\">48 V<\/span>\n                            <\/li>\n<li class=\"product-prop line-limit-length\"><span\n                                        class=\"property-title\">Saloc\u012bts:&nbsp;<\/span><span\n                                        class=\"property-desc line-limit-length\">J\u0100<\/span>\n                            <\/li>\n<li class=\"product-prop line-limit-length\"><span\n                                        class=\"property-title\">Jauda (W):&nbsp;<\/span><span\n                                        class=\"property-desc line-limit-length\">501\u20131000 W<\/span>\n                            <\/li>\n<li class=\"product-prop line-limit-length\"><span\n                                        class=\"property-title\">Izcelsme:&nbsp;<\/span><span\n                                        class=\"property-desc line-limit-length\">Kontinent\u0101l\u0101 \u0136\u012bna<\/span>\n                            <\/li>\n<li class=\"product-prop line-limit-length\"><span\n                                        class=\"property-title\">Z\u012bmola nosaukums:&nbsp;<\/span><span\n                                        class=\"property-desc line-limit-length\">SUNNIGOO<\/span>\n                            <\/li>\n<li class=\"product-prop line-limit-length\"><span\n                                        class=\"property-title\">Motors::&nbsp;<\/span><span\n                                        class=\"property-desc line-limit-length\">800 W<\/span>\n                            <\/li>\n<li class=\"product-prop line-limit-length\"><span\n                                        class=\"property-title\">Akumulators::&nbsp;<\/span><span\n                                        class=\"property-desc line-limit-length\">48 V 15 Ah<\/span>\n                            <\/li>\n<li class=\"product-prop line-limit-length\"><span\n                                        class=\"property-title\">Maksim\u0101lais \u0101trums::&nbsp;<\/span><span\n                                        class=\"property-desc line-limit-length\">50 km\/h<\/span>\n                            <\/li>\n<li class=\"product-prop line-limit-length\"><span\n                                        class=\"property-title\">Maksim\u0101lais nobraukums::&nbsp;<\/span><span\n                                        class=\"property-desc line-limit-length\">40\u201350\u00a0km<\/span>\n                            <\/li>\n<li class=\"product-prop line-limit-length\"><span\n                                        class=\"property-title\">Sertifik\u0101ts:&nbsp;<\/span><span\n                                        class=\"property-desc line-limit-length\"><\/span>\n                            <\/li>\n<\/ul><\/div>\n<div class=\"detailmodule_html\">\n<div class=\"detail-desc-decorate-richtext\">\n<ul>\n<li>\n<p style=\"text-align:left\" class=\"MsoNormal\" align=\"left\"><span style=\"font-size:20px;font-family:arial, helvetica, sans-serif\">Modelis: N3MAX\/N3LMAX<\/span><\/p>\n<\/li>\n<li>\n<p style=\"text-align:left\" class=\"MsoNormal\" align=\"left\"><span style=\"font-size:20px;font-family:arial, helvetica, sans-serif\">Maksim\u0101l\u0101 motora jauda: 800 W<\/span><\/p>\n<\/li>\n<li>\n<p style=\"text-align:left\" class=\"MsoNormal\" align=\"left\"><span style=\"font-size:20px;font-family:arial, helvetica, sans-serif\">Motora jauda: 500 W<\/span><\/p>\n<\/li>\n<li>\n<p style=\"text-align:left\" class=\"MsoNormal\" align=\"left\"><span style=\"font-size:20px;font-family:arial, helvetica, sans-serif\">Akumulators: 48 V 13 Ah\/15 Ah litija akumulators<\/span><\/p>\n<\/li>\n<li>\n<p style=\"text-align:left\" class=\"MsoNormal\" align=\"left\"><span style=\"font-size:20px;font-family:arial, helvetica, sans-serif\">Maksim\u0101lais \u0101trums: 45 km\/h<\/span><\/p>\n<\/li>\n<li>\n<p style=\"text-align:left\" class=\"MsoNormal\" align=\"left\"><span style=\"font-size:20px;font-family:arial, helvetica, sans-serif\">Maksim\u0101lais nobraukums: 40\u201350 km<\/span><\/p>\n<\/li>\n<li>\n<p style=\"text-align:left\" class=\"MsoNormal\" align=\"left\"><span style=\"font-size:20px;font-family:arial, helvetica, sans-serif\">Riepas: 10 collu bezce\u013cu riepas<\/span><\/p>\n<\/li>\n<li>\n<p style=\"text-align:left\" class=\"MsoNormal\" align=\"left\"><span style=\"font-size:20px;font-family:arial, helvetica, sans-serif\">K\u0101p\u0161anas sp\u0113ja: 30 gr\u0101di<\/span><\/p>\n<\/li>\n<li>\n<p style=\"text-align:left\" class=\"MsoNormal\" align=\"left\"><span style=\"font-size:20px;font-family:arial, helvetica, sans-serif\">Maksim\u0101l\u0101 slodze: 150 kg<\/span><\/p>\n<\/li>\n<li>\n<p style=\"text-align:left\" class=\"MsoNormal\" align=\"left\"><span style=\"font-size:20px;font-family:arial, helvetica, sans-serif\">Regul\u0113jams stienis: J\u0101<\/span><\/p>\n<\/li>\n<li>\n<p style=\"text-align:left\" class=\"MsoNormal\" align=\"left\"><span style=\"font-size:20px;font-family:arial, helvetica, sans-serif\">No\u0146emams s\u0113deklis: J\u0101<\/span><\/p>\n<\/li>\n<li>\n<p style=\"text-align:left\" class=\"MsoNormal\" align=\"left\"><span style=\"font-size:20px;font-family:arial, helvetica, sans-serif\">Salok\u0101ms: J\u0101<\/span><\/p>\n<\/li>\n<li>\n<p><span style=\"font-size:20px\">Jaud\u012bgs 800 W motors nodro\u0161ina \u0101trumu l\u012bdz 50 km\/h, padarot to par \u0101tru un efekt\u012bvu iesp\u0113ju pieaugu\u0161ajiem, kuri v\u0113las \u0101tri p\u0101rvietoties.<\/span><\/p>\n<\/li>\n<li>\n<p><span style=\"font-size:20px\">Ar 48 V 15 Ah akumulatoru \u0161im elektriskajam skrejritenim ir ilgsto\u0161a uzl\u0101de, kas ar vienu uzl\u0101di var nobraukt l\u012bdz pat 40\u201350 km.<\/span><\/p>\n<\/li>\n<li>\n<p><span style=\"font-size:20px\">\u0112rtais s\u0113deklis padara \u0161o skrejriteni ide\u0101li piem\u0113rotu gar\u0101kiem braucieniem, neatkar\u012bgi no t\u0101, vai braucat uz darbu vai izp\u0113tat pils\u0113tu.<\/span><\/p>\n<\/li>\n<li>\n<p><span style=\"font-size:20px\">Apr\u012bkots ar br\u012bdin\u0101juma sl\u0113dzeni papildu dro\u0161\u012bbai, j\u016bs varat b\u016bt dro\u0161i, ka j\u016bsu skrejritenis b\u016bs dro\u0161\u012bb\u0101, kad to nelietosiet.<\/span><\/p>\n<\/li>\n<li>\n<p><span style=\"font-size:20px\">\u0160is elektriskais skrejritenis ir paredz\u0113ts pieaugu\u0161ajiem un pied\u0101v\u0101 vienm\u0113r\u012bgu un stabilu braucienu, padarot to par lielisku alternat\u012bvu tradicion\u0101lajiem mop\u0113diem vai motoriz\u0113tiem skrejrite\u0146iem.<\/span><\/p>\n<\/li>\n<\/ul>\n<p><img decoding=\"async\" src=\"https:\/\/ae01.alicdn.com\/kf\/S48bacb96d88f42d989289caa57c65310P.jpg?width=1600&amp;height=1600&amp;hash=3200\" slate-data-type=\"image\"\/><img decoding=\"async\" src=\"https:\/\/ae01.alicdn.com\/kf\/S240ad97dcd9940fc88456a678fb656a8U.jpg?width=1600&amp;height=1600&amp;hash=3200\" slate-data-type=\"image\"\/><img decoding=\"async\" src=\"https:\/\/ae01.alicdn.com\/kf\/S6ad8341033134d508b4873a0f713d4bbL.jpg?width=1600&amp;height=1600&amp;hash=3200\" slate-data-type=\"image\"\/><img decoding=\"async\" src=\"https:\/\/ae01.alicdn.com\/kf\/Sca136d6f0a1f41458224acfa2b7fe9bau.jpg?width=1600&amp;height=1600&amp;hash=3200\" slate-data-type=\"image\"\/><img decoding=\"async\" src=\"https:\/\/ae01.alicdn.com\/kf\/S6b1388fee51348e5af6f0915d477c1f1N.jpg?width=1600&amp;height=1600&amp;hash=3200\" slate-data-type=\"image\"\/><\/p>\n<p><img decoding=\"async\" src=\"https:\/\/ae01.alicdn.com\/kf\/S320c5848070a4ca0a903a6e7d55fea7eh.jpg?width=1000&amp;height=1000&amp;hash=2000\" slate-data-type=\"image\"\/><\/p>\n<p><img decoding=\"async\" src=\"https:\/\/ae01.alicdn.com\/kf\/Sbc9529add48343f980cf13de98b399653.jpg?width=1200&amp;height=1200&amp;hash=2400\" slate-data-type=\"image\"\/><\/p>\n<p><img decoding=\"async\" src=\"https:\/\/ae01.alicdn.com\/kf\/S10822e61fb034cf786a669ad0ee5e3e9v.jpg?width=1200&amp;height=1200&amp;hash=2400\" slate-data-type=\"image\"\/><\/p>\n<div><\/div>\n<\/div>\n<\/div>\n<p><\/p>","protected":false},"excerpt":{"rendered":"<p>Tire Size:&nbsp;10 inch Model Number:&nbsp;N3MAX Category:&nbsp;Two-wheel Scooter Applicable People:&nbsp;Unisex Range Per Charge:&nbsp;40-60km Charging Time:&nbsp;6-8h Voltage:&nbsp;48v Folded:&nbsp;YES Power (W):&nbsp;501-1000w Origin:&nbsp;Mainland China Brand Name:&nbsp;SUNNIGOO Motor::&nbsp;800W Battery::&nbsp;48V 15Ah Max speed::&nbsp;50km\/h Max mileage::&nbsp;40-50km Certificate:&nbsp;<\/p>","protected":false},"featured_media":8494,"comment_status":"open","ping_status":"closed","template":"","meta":{"_acf_changed":false},"product_brand":[],"product_cat":[468,297],"product_tag":[],"class_list":{"0":"post-8492","1":"product","2":"type-product","3":"status-publish","4":"has-post-thumbnail","6":"product_cat-electric-off-road-scooter","7":"product_cat-scooters","9":"first","10":"instock","11":"shipping-taxable","12":"purchasable","13":"product-type-variable"},"acf":[],"_links":{"self":[{"href":"https:\/\/electricstore.eu\/lv\/wp-json\/wp\/v2\/product\/8492","targetHints":{"allow":["GET"]}}],"collection":[{"href":"https:\/\/electricstore.eu\/lv\/wp-json\/wp\/v2\/product"}],"about":[{"href":"https:\/\/electricstore.eu\/lv\/wp-json\/wp\/v2\/types\/product"}],"replies":[{"embeddable":true,"href":"https:\/\/electricstore.eu\/lv\/wp-json\/wp\/v2\/comments?post=8492"}],"wp:featuredmedia":[{"embeddable":true,"href":"https:\/\/electricstore.eu\/lv\/wp-json\/wp\/v2\/media\/8494"}],"wp:attachment":[{"href":"https:\/\/electricstore.eu\/lv\/wp-json\/wp\/v2\/media?parent=8492"}],"wp:term":[{"taxonomy":"product_brand","embeddable":true,"href":"https:\/\/electricstore.eu\/lv\/wp-json\/wp\/v2\/product_brand?post=8492"},{"taxonomy":"product_cat","embeddable":true,"href":"https:\/\/electricstore.eu\/lv\/wp-json\/wp\/v2\/product_cat?post=8492"},{"taxonomy":"product_tag","embeddable":true,"href":"https:\/\/electricstore.eu\/lv\/wp-json\/wp\/v2\/product_tag?post=8492"}],"curies":[{"name":"wp","href":"https:\/\/api.w.org\/{rel}","templated":true}]}}