{"id":8270,"date":"2025-05-19T20:29:40","date_gmt":"2025-05-19T20:29:40","guid":{"rendered":"https:\/\/electricstore.eu\/product\/uncategorized\/gaiary-1-4pcs-3-2v-30ah-lifepo4-battery\/"},"modified":"2025-05-21T05:40:01","modified_gmt":"2025-05-21T05:40:01","slug":"gaiary-1-4pcs-3-2v-30ah-lifepo4-battery","status":"publish","type":"product","link":"https:\/\/electricstore.eu\/lv\/p\/batteries\/lifepo4-batteries\/lifepo4-battery-cells\/gaiary-1-4pcs-3-2v-30ah-lifepo4-battery\/","title":{"rendered":"GaiaRay 30Ah 3,2 V LiFePO4 akumulators"},"content":{"rendered":"<div class=\"product-specs-list-container\">\n<ul class=\"product-specs-list util-clearfix\">\n<li class=\"product-prop line-limit-length\"><span\n                                        class=\"property-title\">Augstas ba\u017eas izraiso\u0161a \u0137\u012bmiska viela:&nbsp;<\/span><span\n                                        class=\"property-desc line-limit-length\">Neviens<\/span>\n                            <\/li>\n<li class=\"product-prop line-limit-length\"><span\n                                        class=\"property-title\">Nomin\u0101l\u0101 ietilp\u012bba:&nbsp;<\/span><span\n                                        class=\"property-desc line-limit-length\">30AH<\/span>\n                            <\/li>\n<li class=\"product-prop line-limit-length\"><span\n                                        class=\"property-title\">Svars:&nbsp;<\/span><span\n                                        class=\"property-desc line-limit-length\">0.6KG<\/span>\n                            <\/li>\n<li class=\"product-prop line-limit-length\"><span\n                                        class=\"property-title\">Spriegums:&nbsp;<\/span><span\n                                        class=\"property-desc line-limit-length\">3,2 V<\/span>\n                            <\/li>\n<li class=\"product-prop line-limit-length\"><span\n                                        class=\"property-title\">Izm\u0113rs:&nbsp;<\/span><span\n                                        class=\"property-desc line-limit-length\">155*100*20mm<\/span>\n                            <\/li>\n<li class=\"product-prop line-limit-length\"><span\n                                        class=\"property-title\">Mode\u013ca numurs:&nbsp;<\/span><span\n                                        class=\"property-desc line-limit-length\">30ah<\/span>\n                            <\/li>\n<li class=\"product-prop line-limit-length\"><span\n                                        class=\"property-title\">Tips:&nbsp;<\/span><span\n                                        class=\"property-desc line-limit-length\">LiFePO4<\/span>\n                            <\/li>\n<li class=\"product-prop line-limit-length\"><span\n                                        class=\"property-title\">Z\u012bmola nosaukums:&nbsp;<\/span><span\n                                        class=\"property-desc line-limit-length\">GaiaRay<\/span>\n                            <\/li>\n<li class=\"product-prop line-limit-length\"><span\n                                        class=\"property-title\">Izcelsme:&nbsp;<\/span><span\n                                        class=\"property-desc line-limit-length\">Kontinent\u0101l\u0101 \u0136\u012bna<\/span>\n                            <\/li>\n<li class=\"product-prop line-limit-length\"><span\n                                        class=\"property-title\">Nomin\u0101lais spriegums:&nbsp;<\/span><span\n                                        class=\"property-desc line-limit-length\">Citi<\/span>\n                            <\/li>\n<li class=\"product-prop line-limit-length\"><span\n                                        class=\"property-title\">Nomin\u0101l\u0101 ietilp\u012bba:&nbsp;<\/span><span\n                                        class=\"property-desc line-limit-length\">30AH<\/span>\n                            <\/li>\n<li class=\"product-prop line-limit-length\"><span\n                                        class=\"property-title\">Svars:&nbsp;<\/span><span\n                                        class=\"property-desc line-limit-length\">0.6KG<\/span>\n                            <\/li>\n<li class=\"product-prop line-limit-length\"><span\n                                        class=\"property-title\">Izm\u0113rs:&nbsp;<\/span><span\n                                        class=\"property-desc line-limit-length\">155*100*20mm<\/span>\n                            <\/li>\n<li class=\"product-prop line-limit-length\"><span\n                                        class=\"property-title\">Uzl\u0101des\/izl\u0101des izsl\u0113g\u0161anas spriegums::&nbsp;<\/span><span\n                                        class=\"property-desc line-limit-length\">3,65 V\/2,5 V<\/span>\n                            <\/li>\n<li class=\"product-prop line-limit-length\"><span\n                                        class=\"property-title\">Skr\u016bves izm\u0113rs:&nbsp;<\/span><span\n                                        class=\"property-desc line-limit-length\">M6<\/span>\n                            <\/li>\n<li class=\"product-prop line-limit-length\"><span\n                                        class=\"property-title\">Cikla dz\u012bve:&nbsp;<\/span><span\n                                        class=\"property-desc line-limit-length\">4000 Cycle<\/span>\n                            <\/li>\n<li class=\"product-prop line-limit-length\"><span\n                                        class=\"property-title\">Piem\u0113rots sist\u0113mai:&nbsp;<\/span><span\n                                        class=\"property-desc line-limit-length\">12,8 V<\/span>\n                            <\/li>\n<li class=\"product-prop line-limit-length\"><span\n                                        class=\"property-title\">Pieteikums:&nbsp;<\/span><span\n                                        class=\"property-desc line-limit-length\">E-bikes, Small UPS Power Supplies Or Portable Equipment<\/span>\n                            <\/li>\n<\/ul><\/div>\n<div class=\"detailmodule_dynamic\"><kse:widget data-widget-type=\"customText\" id=\"1005000021400404\" type=\"custom\"><\/kse:widget><\/div>\n<div class=\"detailmodule_html\">\n<div class=\"detail-desc-decorate-richtext\">\n<div class=\"detailmodule_text\">\n<p style=\"text-align:center\" align=\"center\"><span style=\"color:rgb(250, 40, 255);font-size:24px\"><strong>Product Parameter<\/strong><\/span><\/p>\n<p style=\"text-align:left\" align=\"left\"><strong><span style=\"font-size:20px\">Model: 30AH<\/span><\/strong><\/p>\n<p style=\"text-align:left\" align=\"left\"><strong><span style=\"font-size:20px\">Maksim\u0101lais uzl\u0101des spriegums: 3,65 V<\/span><\/strong><\/p>\n<p style=\"text-align:left\" align=\"left\"><strong><span style=\"font-size:20px\">Weight : 0.75KG<\/span><\/strong><\/p>\n<p style=\"text-align:left\" align=\"left\"><strong><span style=\"font-size:20px\">Maksim\u0101l\u0101 izl\u0101des str\u0101va: 315A<\/span><\/strong><\/p>\n<p style=\"text-align:left\" align=\"left\"><strong><span style=\"font-size:20px\">Izl\u0101des temperat\u016bra: -30&#039;C~60\u00b0<\/span><\/strong><\/p>\n<p style=\"text-align:left\" align=\"left\"><strong><span style=\"font-size:20px\">Nomin\u0101lais spriegums: 3,2 V<\/span><\/strong><\/p>\n<p style=\"text-align:left\" align=\"left\"><strong><span style=\"font-size:20px\">Uzl\u0101des temperat\u016bra: -5&#039;C-60\u00b0<\/span><\/strong><\/p>\n<p style=\"text-align:left\" align=\"left\"><strong><span style=\"font-size:20px\">Real Capacity: 30Ah<\/span><\/strong><\/p>\n<p style=\"text-align:left\" align=\"left\"><strong><span style=\"font-size:20px\">AC lmpedance Resistance: \u22640.5mQ<\/span><\/strong><\/p>\n<p style=\"text-align:left\" align=\"left\"><strong><span style=\"font-size:20px\">Dimensions(L*W*H):155*100*20mm<\/span><\/strong><\/p>\n<div><span style=\"color:rgb(123, 100, 255)\"><strong>Gaiary 1-4PCS 3.2V 30AH Lifepo4 Battery Rechargeable Busbar New 4000 Cycles For Solar 12V 24V 48V Lithium Batter<\/strong><\/span><\/div>\n<div><strong><span style=\"background-color:rgb(255, 255, 255);color:rgb(0, 0, 0);font-size:20px\">Mums ir noliktavas Polij\u0101 un Ukrain\u0101, Eirop\u0101. Preces var tikt pieg\u0101d\u0101tas 3\u20137 dienu laik\u0101 no Eiropas valst\u012bm.<\/span><\/strong><\/div>\n<p><strong><span style=\"background-color:rgb(255, 255, 255);color:rgb(0, 0, 0);font-size:20px\">Tips: Europe is temporarily out of stock, you can choose to ship from China!<\/span><\/strong><\/p>\n<p><strong><span style=\"background-color:rgb(255, 255, 255);color:rgb(0, 0, 0);font-size:20px\">Izv\u0113lieties pieg\u0101di no \u0136\u012bnas, nemaks\u0101jot nodok\u013cus<\/span><\/strong><\/p>\n<p><strong><span style=\"background-color:rgb(255, 255, 255);color:rgb(0, 0, 0);font-size:20px\">Pieg\u0101des laiks<\/span><\/strong><\/p>\n<p><strong><span style=\"background-color:rgb(255, 255, 255);color:rgb(0, 0, 0);font-size:20px\">No \u0136\u012bnas uz Eiropu: 50\u201360 dienas<\/span><\/strong><\/p>\n<p><strong><span style=\"background-color:rgb(255, 255, 255);color:rgb(0, 0, 0);font-size:20px\">Jap\u0101na: 7\u201315 dienas<\/span><\/strong><\/p>\n<p><strong><span style=\"background-color:rgb(255, 255, 255);color:rgb(0, 0, 0);font-size:20px\">Koreja: 7\u201315 dienas<\/span><\/strong><\/p>\n<p><strong><span style=\"background-color:rgb(255, 255, 255);color:rgb(0, 0, 0);font-size:20px\">Krievija: 40\u201350 dienas<\/span><\/strong><\/p>\n<p><strong><span style=\"background-color:rgb(255, 255, 255);color:rgb(0, 0, 0);font-size:20px\">ASV: 50\u201360 dienas<\/span><\/strong><\/p>\n<p><strong><span style=\"background-color:rgb(255, 255, 255);color:rgb(0, 0, 0);font-size:20px\">Kan\u0101da Kan\u0101da: 50\u201360 dienas<\/span><\/strong><\/p>\n<p><strong><span style=\"background-color:rgb(255, 255, 255);color:rgb(0, 0, 0);font-size:20px\">Austr\u0101lija: 50\u201360 dienas<\/span><\/strong><\/p>\n<p><strong><span style=\"background-color:rgb(255, 255, 255);color:rgb(0, 0, 0);font-size:20px\">Ukraina: 60\u201370 dienas<\/span><\/strong><\/p>\n<p><strong><span style=\"background-color:rgb(255, 255, 255);color:rgb(0, 0, 0);font-size:20px\">V\u0113rt\u012bgi padomi: Ukraina izv\u0113las gaisa transportu 7\u201315 dienu laik\u0101, lai nok\u013c\u016btu galam\u0113r\u0137\u012b!<\/span><\/strong><\/p>\n<p><img decoding=\"async\" src=\"https:\/\/ae01.alicdn.com\/kf\/S9ecd6cccf952482cbff40e3d530a1576R.jpg\" slate-data-type=\"image\"\/><\/p>\n<p><img decoding=\"async\" src=\"https:\/\/ae01.alicdn.com\/kf\/S5d20589d3de14d1cb1a97c6eb32a7696a.jpg\" slate-data-type=\"image\"\/><img decoding=\"async\" src=\"https:\/\/ae01.alicdn.com\/kf\/S66ae14480ccc4f87a063f92dcede2293h.jpg\" slate-data-type=\"image\"\/><img decoding=\"async\" src=\"https:\/\/ae01.alicdn.com\/kf\/S423df794b2f24eb2bd2dc3afce2a1133d.jpg\" slate-data-type=\"image\"\/><\/p>\n<div>\n<\/div>\n<p><img decoding=\"async\" src=\"https:\/\/ae01.alicdn.com\/kf\/S6204808dc371413caebffccd6c6e52001.jpg\" slate-data-type=\"image\"\/><img decoding=\"async\" src=\"https:\/\/ae01.alicdn.com\/kf\/S432e0912b4b64b519cfaf3e47ee9af9bR.jpg\" slate-data-type=\"image\"\/><img decoding=\"async\" src=\"https:\/\/ae01.alicdn.com\/kf\/S4a8d41f8d0704f32aa6e1d0ca8af6a06r.jpg\" slate-data-type=\"image\"\/><img decoding=\"async\" src=\"https:\/\/ae01.alicdn.com\/kf\/S2e2eac5ceb2d4c0b809771f0f9ee9529U.jpg\" slate-data-type=\"image\"\/><img decoding=\"async\" src=\"https:\/\/ae01.alicdn.com\/kf\/S1e0276134b9a4dc1bdf9d72a8ee80fccr.jpg\" slate-data-type=\"image\"\/><img decoding=\"async\" src=\"https:\/\/ae01.alicdn.com\/kf\/S38671a3ca21442099a860e3f1f42f6adW.jpg\" slate-data-type=\"image\"\/><img decoding=\"async\" src=\"https:\/\/ae01.alicdn.com\/kf\/S8ff204c0788640de948dfbd443fbddeb1.jpg\" slate-data-type=\"image\"\/><img decoding=\"async\" src=\"https:\/\/ae01.alicdn.com\/kf\/Scef16ebcfa004a86aaf167c55d1b4c26i.jpg\" slate-data-type=\"image\"\/><img fetchpriority=\"high\" decoding=\"async\" width=\"1000\" height=\"1349\" src=\"https:\/\/ae01.alicdn.com\/kf\/S93798ecd936542e79002467516643b9fh.jpg\" slate-data-type=\"image\"\/><img decoding=\"async\" width=\"1000\" height=\"1792\" src=\"https:\/\/ae01.alicdn.com\/kf\/Sc368c8588aed4f0e9d14c7a9b6375c1al.jpg\" slate-data-type=\"image\"\/><img decoding=\"async\" src=\"https:\/\/ae01.alicdn.com\/kf\/S13a69f7bae12424783781bad86b04841U.jpg\" slate-data-type=\"image\"\/><\/p>\n<\/div>\n<p><\/p>\n<\/div>\n<\/div>\n<p><\/p>","protected":false},"excerpt":{"rendered":"<p>Hign-concerned Chemical:&nbsp;None Nominal Capacity:&nbsp;30AH Weight:&nbsp;0.6KG Voltage:&nbsp;3.2v Size:&nbsp;155*100*20mm Model Number:&nbsp;30ah Type:&nbsp;LiFePO4 Brand Name:&nbsp;GaiaRay Origin:&nbsp;Mainland China Rated Voltage:&nbsp;Others Nominal Capacity:&nbsp;30AH Weight:&nbsp;0.6KG Dimension:&nbsp;155*100*20mm Charge\/discharge cut-off voltage::&nbsp;3.65 V\/2.5 V Screw Size:&nbsp;M6 Cycle life:&nbsp;4000 Cycle<\/p>","protected":false},"featured_media":8271,"comment_status":"open","ping_status":"closed","template":"","meta":{"_acf_changed":false},"product_brand":[],"product_cat":[235],"product_tag":[],"class_list":{"0":"post-8270","1":"product","2":"type-product","3":"status-publish","4":"has-post-thumbnail","6":"product_cat-lifepo4-battery-cells","8":"first","9":"instock","10":"shipping-taxable","11":"purchasable","12":"product-type-variable"},"acf":[],"_links":{"self":[{"href":"https:\/\/electricstore.eu\/lv\/wp-json\/wp\/v2\/product\/8270","targetHints":{"allow":["GET"]}}],"collection":[{"href":"https:\/\/electricstore.eu\/lv\/wp-json\/wp\/v2\/product"}],"about":[{"href":"https:\/\/electricstore.eu\/lv\/wp-json\/wp\/v2\/types\/product"}],"replies":[{"embeddable":true,"href":"https:\/\/electricstore.eu\/lv\/wp-json\/wp\/v2\/comments?post=8270"}],"wp:featuredmedia":[{"embeddable":true,"href":"https:\/\/electricstore.eu\/lv\/wp-json\/wp\/v2\/media\/8271"}],"wp:attachment":[{"href":"https:\/\/electricstore.eu\/lv\/wp-json\/wp\/v2\/media?parent=8270"}],"wp:term":[{"taxonomy":"product_brand","embeddable":true,"href":"https:\/\/electricstore.eu\/lv\/wp-json\/wp\/v2\/product_brand?post=8270"},{"taxonomy":"product_cat","embeddable":true,"href":"https:\/\/electricstore.eu\/lv\/wp-json\/wp\/v2\/product_cat?post=8270"},{"taxonomy":"product_tag","embeddable":true,"href":"https:\/\/electricstore.eu\/lv\/wp-json\/wp\/v2\/product_tag?post=8270"}],"curies":[{"name":"wp","href":"https:\/\/api.w.org\/{rel}","templated":true}]}}