{"id":7781,"date":"2025-05-15T19:56:30","date_gmt":"2025-05-15T19:56:30","guid":{"rendered":"https:\/\/electricstore.eu\/product\/evercross-tech-ev-07m-20-km-h-10-km-11-children-electric-motorbike\/"},"modified":"2025-05-21T05:40:08","modified_gmt":"2025-05-21T05:40:08","slug":"evercross-tech-ev-07m-20-km-h-10-km-11-children-electric-motorbike","status":"publish","type":"product","link":"https:\/\/electricstore.eu\/lv\/p\/motorbikes\/electric-children-motorbikes\/evercross-tech-ev-07m-20-km-h-10-km-11-children-electric-motorbike\/","title":{"rendered":"EVERCROSS TECH EV07M 300W 24V 4Ah 20km\/h 10-30km 11 collu b\u0113rnu elektriskais motocikls"},"content":{"rendered":"<div class=\"product-specs-list-container\">\n<ul class=\"product-specs-list util-clearfix\">\n<li class=\"product-prop line-limit-length\"><span\n                                        class=\"property-title\">Mode\u013ca numurs:&nbsp;<\/span><span\n                                        class=\"property-desc line-limit-length\">EV07M<\/span>\n                            <\/li>\n<li class=\"product-prop line-limit-length\"><span\n                                        class=\"property-title\">Nomin\u0101l\u0101 pasa\u017eieru ietilp\u012bba:&nbsp;<\/span><span\n                                        class=\"property-desc line-limit-length\">Viena s\u0113dvieta<\/span>\n                            <\/li>\n<li class=\"product-prop line-limit-length\"><span\n                                        class=\"property-title\">Stils:&nbsp;<\/span><span\n                                        class=\"property-desc line-limit-length\">Standarta tips<\/span>\n                            <\/li>\n<li class=\"product-prop line-limit-length\"><span\n                                        class=\"property-title\">Maksim\u0101lais \u0101trums:&nbsp;<\/span><span\n                                        class=\"property-desc line-limit-length\">&lt;25 km\/h<\/span>\n                            <\/li>\n<li class=\"product-prop line-limit-length\"><span\n                                        class=\"property-title\">Diapazons p\u0113c jaudas:&nbsp;<\/span><span\n                                        class=\"property-desc line-limit-length\">10\u201330 km<\/span>\n                            <\/li>\n<li class=\"product-prop line-limit-length\"><span\n                                        class=\"property-title\">Jauda:&nbsp;<\/span><span\n                                        class=\"property-desc line-limit-length\">251\u2013350\u00a0W<\/span>\n                            <\/li>\n<li class=\"product-prop line-limit-length\"><span\n                                        class=\"property-title\">Baro\u0161anas avots:&nbsp;<\/span><span\n                                        class=\"property-desc line-limit-length\">litija akumulators<\/span>\n                            <\/li>\n<li class=\"product-prop line-limit-length\"><span\n                                        class=\"property-title\">Spriegums:&nbsp;<\/span><span\n                                        class=\"property-desc line-limit-length\">24 V<\/span>\n                            <\/li>\n<li class=\"product-prop line-limit-length\"><span\n                                        class=\"property-title\">Z\u012bmola nosaukums:&nbsp;<\/span><span\n                                        class=\"property-desc line-limit-length\">EVERCROSS TECH<\/span>\n                            <\/li>\n<li class=\"product-prop line-limit-length\"><span\n                                        class=\"property-title\">Baro\u0161anas avots:&nbsp;<\/span><span\n                                        class=\"property-desc line-limit-length\">litija akumulators<\/span>\n                            <\/li>\n<li class=\"product-prop line-limit-length\"><span\n                                        class=\"property-title\">Izcelsme:&nbsp;<\/span><span\n                                        class=\"property-desc line-limit-length\">Kontinent\u0101l\u0101 \u0136\u012bna<\/span>\n                            <\/li>\n<li class=\"product-prop line-limit-length\"><span\n                                        class=\"property-title\">Saloc\u012bts:&nbsp;<\/span><span\n                                        class=\"property-desc line-limit-length\">N\u0113<\/span>\n                            <\/li>\n<li class=\"product-prop line-limit-length\"><span\n                                        class=\"property-title\">Rite\u0146a izm\u0113rs:&nbsp;<\/span><span\n                                        class=\"property-desc line-limit-length\">12 collas<\/span>\n                            <\/li>\n<\/ul><\/div>\n<div class=\"detailmodule_html\">\n<div class=\"detail-desc-decorate-richtext\">\n<p><strong><span style=\"font-size:10.5pt;font-family:Calibri\">PALIELIN\u0100TA JAUDA DRO\u0160AI UN JAUTRAI BRAUK\u0160ANAI<\/span><\/strong><\/p>\n<p class=\"MsoNormal\"><span style=\"font-size:10.5pt;font-family:Calibri\">Elektriskais motocikls<\/span><span style=\"font-size:10.5pt;font-family:\u5b8b\u4f53\">EVERROSS TECH<\/span><span style=\"font-size:10.5pt;font-family:Calibri\">EV07M sasniedz maksim\u0101lo \u0101trumu 20 km\/h, kas ir ide\u0101li piem\u0113rots, lai b\u0113rniem vecum\u0101 no 3 l\u012bdz 12 gadiem sniegtu aizraujo\u0161u brauk\u0161anas pieredzi, vienlaikus garant\u0113jot vi\u0146u dro\u0161\u012bbu. \u0100trums ir r\u016bp\u012bgi kalibr\u0113ts, lai vec\u0101kiem nodro\u0161in\u0101tu perfektu l\u012bdzsvaru starp prieku un sirdsmieru.<\/span><\/p>\n<p><\/p>\n<p class=\"MsoNormal\"><strong><span style=\"font-size:10.5pt;font-family:Calibri\">Iztur\u012bgs dizains un piel\u0101gots b\u0113rniem<\/span><\/strong><\/p>\n<p class=\"MsoNormal\"><span style=\"font-size:10.5pt;font-family:Calibri\">Apr\u012bkots ar iztur\u012bgu r\u0101mi un 11 collu rite\u0146iem, \u0161is motocikls var iztur\u0113t svaru l\u012bdz 60 kg, padarot to piem\u0113rotu da\u017e\u0101da auguma b\u0113rniem. T\u0101 modernais dizains un ko\u0161\u0101s kr\u0101su iesp\u0113jas patiks gan z\u0113niem, gan meiten\u0113m, pied\u0101v\u0101jot stilu, kas pat\u012bk b\u0113rniem.<\/span><\/p>\n<p><\/p>\n<p class=\"MsoNormal\"><strong><span style=\"font-size:10.5pt;font-family:Calibri\">ILGA AUTONOMIJA VAIR\u0100KAM PRIEKAM<\/span><\/strong><\/p>\n<p class=\"MsoNormal\"><span style=\"font-size:10.5pt;font-family:Calibri\">Pateicoties 25,2 V 4AH (100,8 Wh) akumulatoram, elektriskais motocikls pied\u0101v\u0101 nobraucamo att\u0101lumu l\u012bdz 10 km ar vienu uzl\u0101di, kas ir ide\u0101li piem\u0113rots piedz\u012bvojumiem br\u012bv\u0101 dab\u0101. Ar uzl\u0101des laiku tikai 4\u20136 stundas b\u0113rni var \u0101tri ats\u0101kt savas aktivit\u0101tes p\u0113c p\u0101rtraukuma.<\/span><\/p>\n<p><\/p>\n<p class=\"MsoNormal\"><strong><span style=\"font-size:10.5pt;font-family:Calibri\">CARACT\u00c9RISTIQUES DRO\u0160\u012aBAS NOSTIPRIN\u0100T<\/span><\/strong><\/p>\n<p class=\"MsoNormal\"><span style=\"font-size:10.5pt;font-family:Calibri\">EV07M modelis ir apr\u012bkots ar efekt\u012bvu disku brem\u017eu sist\u0113mu un zemu smaguma centru, kas nodro\u0161ina lab\u0101ku stabilit\u0101ti un optim\u0101lu kontroli. \u0160\u012bs funkcijas garant\u0113 dro\u0161u brauk\u0161anu pat jauniem, ies\u0101c\u0113jiem autovad\u012bt\u0101jiem.<\/span><\/p>\n<p><\/p>\n<p class=\"MsoNormal\"><strong><span style=\"font-size:10.5pt;font-family:Calibri\">DA\u017d\u0100DIEM APGABALIEM TR\u016aKST MOTORA<\/span><\/strong><\/p>\n<p class=\"MsoNormal\"><span style=\"font-size:10.5pt;font-family:Calibri\">Ar 300 W dzin\u0113ju \u0161is elektriskais motocikls sp\u0113j uzbraukt nog\u0101z\u0113s l\u012bdz 8\u00b0 sl\u012bpum\u0101, padarot to par ide\u0101lu izv\u0113li da\u017e\u0101dam reljefam. Neatkar\u012bgi no t\u0101, vai braucat uz l\u012bdzenas virsmas vai nelieliem kalniem, EV07M nodro\u0161ina vienm\u0113r\u012bgu un uzticamu veiktsp\u0113ju. T\u0101 ir lieliska d\u0101vana, lai mudin\u0101tu b\u0113rnus izp\u0113t\u012bt un att\u012bst\u012bt savas brauk\u0161anas prasmes.<\/span><\/p>\n<\/div>\n<\/div>","protected":false},"excerpt":{"rendered":"<p>Model Number:&nbsp;EV07M Rated Passenger Capacity:&nbsp;One Seat Style:&nbsp;Standard Type Max Speed:&nbsp;&lt;25km\/h Range per Power:&nbsp;10 &#8211; 30 km Wattage:&nbsp;251 &#8211; 350w Power Supply:&nbsp;lithium battery Voltage:&nbsp;24V Brand Name:&nbsp;EVERCROSS TECH Power Source:&nbsp;lithium battery Origin:&nbsp;Mainland<\/p>","protected":false},"featured_media":7782,"comment_status":"open","ping_status":"closed","template":"","meta":{"_acf_changed":false},"product_brand":[],"product_cat":[313],"product_tag":[327],"class_list":{"0":"post-7781","1":"product","2":"type-product","3":"status-publish","4":"has-post-thumbnail","6":"product_cat-electric-children-motorbikes","7":"product_tag-evercross","9":"first","10":"instock","11":"shipping-taxable","12":"purchasable","13":"product-type-variable"},"acf":[],"_links":{"self":[{"href":"https:\/\/electricstore.eu\/lv\/wp-json\/wp\/v2\/product\/7781","targetHints":{"allow":["GET"]}}],"collection":[{"href":"https:\/\/electricstore.eu\/lv\/wp-json\/wp\/v2\/product"}],"about":[{"href":"https:\/\/electricstore.eu\/lv\/wp-json\/wp\/v2\/types\/product"}],"replies":[{"embeddable":true,"href":"https:\/\/electricstore.eu\/lv\/wp-json\/wp\/v2\/comments?post=7781"}],"wp:featuredmedia":[{"embeddable":true,"href":"https:\/\/electricstore.eu\/lv\/wp-json\/wp\/v2\/media\/7782"}],"wp:attachment":[{"href":"https:\/\/electricstore.eu\/lv\/wp-json\/wp\/v2\/media?parent=7781"}],"wp:term":[{"taxonomy":"product_brand","embeddable":true,"href":"https:\/\/electricstore.eu\/lv\/wp-json\/wp\/v2\/product_brand?post=7781"},{"taxonomy":"product_cat","embeddable":true,"href":"https:\/\/electricstore.eu\/lv\/wp-json\/wp\/v2\/product_cat?post=7781"},{"taxonomy":"product_tag","embeddable":true,"href":"https:\/\/electricstore.eu\/lv\/wp-json\/wp\/v2\/product_tag?post=7781"}],"curies":[{"name":"wp","href":"https:\/\/api.w.org\/{rel}","templated":true}]}}