{"id":7723,"date":"2025-05-15T19:52:37","date_gmt":"2025-05-15T19:52:37","guid":{"rendered":"https:\/\/electricstore.eu\/product\/electric-mobility-scooter\/"},"modified":"2025-05-21T05:40:10","modified_gmt":"2025-05-21T05:40:10","slug":"electric-mobility-scooter","status":"publish","type":"product","link":"https:\/\/electricstore.eu\/lv\/p\/electric-mobility-scooters\/electric-mobility-scooter\/","title":{"rendered":"ZHANGU DH0305 500W 36V 10.5Ah &lt;30km\/h 40-60km 10&quot; \u010detru rite\u0146u elektriskais skrejritenis"},"content":{"rendered":"<div class=\"product-specs-list-container\">\n<ul class=\"product-specs-list util-clearfix\">\n<li class=\"product-prop line-limit-length\"><span\n                                        class=\"property-title\">Kategorija:&nbsp;<\/span><span\n                                        class=\"property-desc line-limit-length\">\u010cetru rite\u0146u sk\u016bteris<\/span>\n                            <\/li>\n<li class=\"product-prop line-limit-length\"><span\n                                        class=\"property-title\">Piem\u0113rojamie cilv\u0113ki:&nbsp;<\/span><span\n                                        class=\"property-desc line-limit-length\">Unisex<\/span>\n                            <\/li>\n<li class=\"product-prop line-limit-length\"><span\n                                        class=\"property-title\">Diapazons ar vienu uzl\u0101di:&nbsp;<\/span><span\n                                        class=\"property-desc line-limit-length\">40\u201360 km<\/span>\n                            <\/li>\n<li class=\"product-prop line-limit-length\"><span\n                                        class=\"property-title\">Uzl\u0101des laiks:&nbsp;<\/span><span\n                                        class=\"property-desc line-limit-length\">1\u20132 stundas<\/span>\n                            <\/li>\n<li class=\"product-prop line-limit-length\"><span\n                                        class=\"property-title\">Spriegums:&nbsp;<\/span><span\n                                        class=\"property-desc line-limit-length\">36 V<\/span>\n                            <\/li>\n<li class=\"product-prop line-limit-length\"><span\n                                        class=\"property-title\">Saloc\u012bts:&nbsp;<\/span><span\n                                        class=\"property-desc line-limit-length\">N\u0113<\/span>\n                            <\/li>\n<li class=\"product-prop line-limit-length\"><span\n                                        class=\"property-title\">Izcelsme:&nbsp;<\/span><span\n                                        class=\"property-desc line-limit-length\">Kontinent\u0101l\u0101 \u0136\u012bna<\/span>\n                            <\/li>\n<li class=\"product-prop line-limit-length\"><span\n                                        class=\"property-title\">Jauda (W):&nbsp;<\/span><span\n                                        class=\"property-desc line-limit-length\">201\u2013500\u00a0W<\/span>\n                            <\/li>\n<li class=\"product-prop line-limit-length\"><span\n                                        class=\"property-title\">Z\u012bmola nosaukums:&nbsp;<\/span><span\n                                        class=\"property-desc line-limit-length\">D\u017dANGU<\/span>\n                            <\/li>\n<li class=\"product-prop line-limit-length\"><span\n                                        class=\"property-title\">Izcelsmes vieta:&nbsp;<\/span><span\n                                        class=\"property-desc line-limit-length\">D\u017eedzjana, \u0136\u012bna<\/span>\n                            <\/li>\n<li class=\"product-prop line-limit-length\"><span\n                                        class=\"property-title\">Mode\u013ca numurs:&nbsp;<\/span><span\n                                        class=\"property-desc line-limit-length\">DH0305<\/span>\n                            <\/li>\n<li class=\"product-prop line-limit-length\"><span\n                                        class=\"property-title\">P\u0101rnesumi:&nbsp;<\/span><span\n                                        class=\"property-desc line-limit-length\">3 \u0101trumi<\/span>\n                            <\/li>\n<li class=\"product-prop line-limit-length\"><span\n                                        class=\"property-title\">Diapazons p\u0113c jaudas:&nbsp;<\/span><span\n                                        class=\"property-desc line-limit-length\">31\u201360 km<\/span>\n                            <\/li>\n<li class=\"product-prop line-limit-length\"><span\n                                        class=\"property-title\">R\u0101mja materi\u0101ls:&nbsp;<\/span><span\n                                        class=\"property-desc line-limit-length\">T\u0113rauds<\/span>\n                            <\/li>\n<li class=\"product-prop line-limit-length\"><span\n                                        class=\"property-title\">Rite\u0146a izm\u0113rs:&nbsp;<\/span><span\n                                        class=\"property-desc line-limit-length\">10 collas<\/span>\n                            <\/li>\n<li class=\"product-prop line-limit-length\"><span\n                                        class=\"property-title\">Maksim\u0101lais \u0101trums:&nbsp;<\/span><span\n                                        class=\"property-desc line-limit-length\">&lt;30 km\/h<\/span>\n                            <\/li>\n<li class=\"product-prop line-limit-length\"><span\n                                        class=\"property-title\">Baro\u0161anas avots:&nbsp;<\/span><span\n                                        class=\"property-desc line-limit-length\">litija akumulators<\/span>\n                            <\/li>\n<li class=\"product-prop line-limit-length\"><span\n                                        class=\"property-title\">Bremz\u0113\u0161anas sist\u0113ma:&nbsp;<\/span><span\n                                        class=\"property-desc line-limit-length\">Disku bremze<\/span>\n                            <\/li>\n<li class=\"product-prop line-limit-length\"><span\n                                        class=\"property-title\">Griezes moments:&nbsp;<\/span><span\n                                        class=\"property-desc line-limit-length\">30\u201350 Nm<\/span>\n                            <\/li>\n<li class=\"product-prop line-limit-length\"><span\n                                        class=\"property-title\">Uzl\u0101des laiks:&nbsp;<\/span><span\n                                        class=\"property-desc line-limit-length\">&gt;3 stundas<\/span>\n                            <\/li>\n<li class=\"product-prop line-limit-length\"><span\n                                        class=\"property-title\">Motora poz\u012bcija:&nbsp;<\/span><span\n                                        class=\"property-desc line-limit-length\">Aizmugur\u0113j\u0101 rumbas motors<\/span>\n                            <\/li>\n<li class=\"product-prop line-limit-length\"><span\n                                        class=\"property-title\">Akumulatora novietojums:&nbsp;<\/span><span\n                                        class=\"property-desc line-limit-length\">Integr\u0113ts akumulators<\/span>\n                            <\/li>\n<li class=\"product-prop line-limit-length\"><span\n                                        class=\"property-title\">Akumulatora ietilp\u012bba:&nbsp;<\/span><span\n                                        class=\"property-desc line-limit-length\">10,5 Ah<\/span>\n                            <\/li>\n<li class=\"product-prop line-limit-length\"><span\n                                        class=\"property-title\">Produkta nosaukums:&nbsp;<\/span><span\n                                        class=\"property-desc line-limit-length\">Elektriskais motocikls<\/span>\n                            <\/li>\n<li class=\"product-prop line-limit-length\"><span\n                                        class=\"property-title\">Motora jauda:&nbsp;<\/span><span\n                                        class=\"property-desc line-limit-length\">250 W dubultais aizmugur\u0113jais motors<\/span>\n                            <\/li>\n<li class=\"product-prop line-limit-length\"><span\n                                        class=\"property-title\">Akumulators:&nbsp;<\/span><span\n                                        class=\"property-desc line-limit-length\">36V10.4AH l\u012bdz 36V45AH<\/span>\n                            <\/li>\n<li class=\"product-prop line-limit-length\"><span\n                                        class=\"property-title\">Motors:&nbsp;<\/span><span\n                                        class=\"property-desc line-limit-length\">Bezsuku<\/span>\n                            <\/li>\n<li class=\"product-prop line-limit-length\"><span\n                                        class=\"property-title\">Maksim\u0101l\u0101 slodze:&nbsp;<\/span><span\n                                        class=\"property-desc line-limit-length\">120 kg<\/span>\n                            <\/li>\n<li class=\"product-prop line-limit-length\"><span\n                                        class=\"property-title\">Diapazons:&nbsp;<\/span><span\n                                        class=\"property-desc line-limit-length\">25 km<\/span>\n                            <\/li>\n<li class=\"product-prop line-limit-length\"><span\n                                        class=\"property-title\">Kontrolieris:&nbsp;<\/span><span\n                                        class=\"property-desc line-limit-length\">Inteli\u0123ents kontrolieris<\/span>\n                            <\/li>\n<li class=\"product-prop line-limit-length\"><span\n                                        class=\"property-title\">Materi\u0101ls:&nbsp;<\/span><span\n                                        class=\"property-desc line-limit-length\">Augstas stiepes t\u0113rauda<\/span>\n                            <\/li>\n<li class=\"product-prop line-limit-length\"><span\n                                        class=\"property-title\">Sertifik\u0101cija:&nbsp;<\/span><span\n                                        class=\"property-desc line-limit-length\">ce<\/span>\n                            <\/li>\n<li class=\"product-prop line-limit-length\"><span\n                                        class=\"property-title\">Sertifik\u0101ts:&nbsp;<\/span><span\n                                        class=\"property-desc line-limit-length\"><\/span>\n                            <\/li>\n<\/ul><\/div>\n<div class=\"detailmodule_html\">\n<div class=\"detail-desc-decorate-richtext\">\n<div>\n<div>\n<div>\u00a0<\/div>\n<div id=\"detail_decorate_root\">\n<div>\n<div id=\"ali-anchor-AliMagic-5d4zru\">Produkta apraksts<\/div>\n<\/div>\n<div>\n<div>\n<div>\n<div>\n<div>\n<div><img decoding=\"async\" class=\"magic-3\" src=\"https:\/\/ae01.alicdn.com\/kf\/S65346f3ff9684171bdb54084884cf8b4u.jpg?width=1007&amp;height=997&amp;hash=2004\" slate-data-type=\"image\"\/><\/div>\n<\/div>\n<\/div>\n<\/div>\n<\/div>\n<\/div>\n<div>\n<div>\n<table style=\"border-collapse:collapse\" class=\"has-title all magic-4\">\n<tbody>\n<tr>\n<td>\n<div><strong>Mode\u013ca numurs\u00a0<\/strong><\/div>\n<\/td>\n<td>\n<div>DH0305<\/div>\n<\/td>\n<td>\n<div>\u00a0<\/div>\n<\/td>\n<td>\n<div>\u00a0<\/div>\n<\/td>\n<\/tr>\n<tr>\n<td>\n<div><strong>Motors<\/strong><\/div>\n<\/td>\n<td>\n<div>500 W bezsuku aizmugur\u0113jais motors<\/div>\n<\/td>\n<td>\n<div><strong>R\u0101mis<\/strong><\/div>\n<\/td>\n<td>\n<div>Augstas kvalit\u0101tes oglek\u013ca t\u0113rauds<\/div>\n<\/td>\n<\/tr>\n<tr>\n<td>\n<div><strong>Akumulators<\/strong><\/div>\n<\/td>\n<td>\n<div>36 V 10 Ah\u201315,6 Ah litija akumulators<\/div>\n<\/td>\n<td>\n<div><strong>Priek\u0161\u0113j\u0101s\/aizmugur\u0113j\u0101s riepas<\/strong><\/div>\n<\/td>\n<td>\n<div>10\/8 collu riepas<\/div>\n<\/td>\n<\/tr>\n<tr>\n<td>\n<div><strong>L\u0101d\u0113t\u0101js<\/strong><\/div>\n<\/td>\n<td>\n<div>100\u2013240 V, 50\u201360 Hz, viedais l\u0101d\u0113t\u0101js<\/div>\n<\/td>\n<td>\n<div><strong>St\u016bre<\/strong><\/div>\n<\/td>\n<td>\n<div>Alum\u012bnija sakaus\u0113jums<\/div>\n<\/td>\n<\/tr>\n<tr>\n<td>\n<div><strong>Kontrolieris<\/strong><\/div>\n<\/td>\n<td>\n<div>Augsta efektivit\u0101te Inteli\u0123ents kontrolieris<\/div>\n<\/td>\n<td>\n<div><strong>Satv\u0113riens<\/strong><\/div>\n<\/td>\n<td>\n<div>\u0112rts satv\u0113riens<\/div>\n<\/td>\n<\/tr>\n<tr>\n<td>\n<div><strong>Rekl\u0101mas displejs<\/strong><\/div>\n<\/td>\n<td>\n<div>LED displejs<\/div>\n<\/td>\n<td>\n<div><strong>Segli<\/strong><\/div>\n<\/td>\n<td>\n<div>M\u012bksts dubultais segls<\/div>\n<\/td>\n<\/tr>\n<tr>\n<td>\n<div><strong>Gaisma<\/strong><\/div>\n<\/td>\n<td>\n<div>LED gaisma\u00a0<\/div>\n<\/td>\n<td>\n<div><strong>Kr\u0101sa<\/strong><\/div>\n<\/td>\n<td>\n<div>Atv\u0113rt<\/div>\n<\/td>\n<\/tr>\n<tr>\n<td colspan=\"4\">\n<div>\u00a0<\/div>\n<\/td>\n<td class=\"magic-11\">\n<div>\u00a0<\/div>\n<\/td>\n<td class=\"magic-11\">\n<div>\u00a0<\/div>\n<\/td>\n<td class=\"magic-11\">\n<div>\u00a0<\/div>\n<\/td>\n<\/tr>\n<tr>\n<td>\n<div><strong>Maksim\u0101lais \u0101trums<\/strong><\/div>\n<\/td>\n<td>\n<div>18 km\/h<\/div>\n<\/td>\n<td>\n<div><strong>Produkta izm\u0113rs<\/strong><\/div>\n<\/td>\n<td>\n<div>980 * 550 * 830 mm<\/div>\n<\/td>\n<\/tr>\n<tr>\n<td>\n<div><strong>Brauk\u0161anas att\u0101lums<\/strong><\/div>\n<\/td>\n<td>\n<div>25\u00a0km<\/div>\n<\/td>\n<td>\n<div><strong>Iepakojuma izm\u0113rs<\/strong><\/div>\n<\/td>\n<td>\n<div>575 * 400 * 720 mm<\/div>\n<\/td>\n<\/tr>\n<tr>\n<td>\n<div><strong>Uzl\u0101des laiks<\/strong><\/div>\n<\/td>\n<td>\n<div>5 stundas<\/div>\n<\/td>\n<td>\n<div>\u00a0<\/div>\n<\/td>\n<td>\n<div>\u00a0<\/div>\n<\/td>\n<\/tr>\n<tr>\n<td>\n<div><strong>Maksim\u0101l\u0101 slodze<\/strong><\/div>\n<\/td>\n<td>\n<div>120 kg<\/div>\n<\/td>\n<td>\n<div>\u00a0<\/div>\n<\/td>\n<td>\n<div>\u00a0<\/div>\n<\/td>\n<\/tr>\n<\/tbody>\n<\/table>\n<\/div>\n<\/div>\n<div>\n<div id=\"ali-anchor-AliMagic-o1csom\">Produkta att\u0113li<\/div>\n<\/div>\n<div>\n<div>\n<div>\n<div>\n<div>\n<div><img decoding=\"async\" class=\"magic-14\" src=\"https:\/\/ae01.alicdn.com\/kf\/Se1e040235e9846b8bb063af2468f694c2.jpg?width=631&amp;height=631&amp;hash=1262\" slate-data-type=\"image\"\/><\/div>\n<\/div>\n<\/div>\n<\/div>\n<\/div>\n<\/div>\n<div>\n<div>\n<div>\n<div>\n<div>\n<div><img decoding=\"async\" class=\"magic-15\" src=\"https:\/\/ae01.alicdn.com\/kf\/S76a2495475da433e8ed55ec374928a3fF.jpg?width=1000&amp;height=1000&amp;hash=2000\" slate-data-type=\"image\"\/><\/div>\n<\/div>\n<\/div>\n<\/div>\n<\/div>\n<\/div>\n<div>\n<div>\n<div>\n<div>\n<div>\n<div><img decoding=\"async\" class=\"magic-17\" src=\"https:\/\/ae01.alicdn.com\/kf\/S616be776d11341b7864980594822f8a1Q.jpg?width=649&amp;height=650&amp;hash=1299\" slate-data-type=\"image\"\/><\/div>\n<div><img decoding=\"async\" class=\"magic-19\" src=\"https:\/\/ae01.alicdn.com\/kf\/S73267641890a4d88ae4e3f39032cd597m.jpg?width=650&amp;height=649&amp;hash=1299\" slate-data-type=\"image\"\/><\/div>\n<\/div>\n<\/div>\n<\/div>\n<\/div>\n<\/div>\n<div>\n<div>\n<div>\n<div>\n<div>\n<div><img decoding=\"async\" class=\"magic-21\" src=\"https:\/\/ae01.alicdn.com\/kf\/S1cd4cd6aa0a5496c889f1933cfd987cbe.jpg?width=970&amp;height=1500&amp;hash=2470\" slate-data-type=\"image\"\/><\/div>\n<\/div>\n<\/div>\n<\/div>\n<\/div>\n<\/div>\n<div>\n<div>\n<div>\n<div>\n<div>\n<div><img decoding=\"async\" class=\"magic-23\" src=\"https:\/\/ae01.alicdn.com\/kf\/S9a4792b775d54a9498ae331261cca280e.jpg?width=1265&amp;height=1500&amp;hash=2765\" slate-data-type=\"image\"\/><\/div>\n<\/div>\n<\/div>\n<\/div>\n<\/div>\n<\/div>\n<div>\n<div>\n<div>\n<div>\n<div>\n<div><img decoding=\"async\" class=\"magic-25\" src=\"https:\/\/ae01.alicdn.com\/kf\/Se434e2a48d80405d990cb55432385d948.jpg?width=1352&amp;height=1500&amp;hash=2852\" slate-data-type=\"image\"\/><\/div>\n<\/div>\n<\/div>\n<\/div>\n<\/div>\n<\/div>\n<div>\n<div>\n<div>\n<div>\n<div>\n<div><img decoding=\"async\" class=\"magic-27\" src=\"https:\/\/ae01.alicdn.com\/kf\/S32ea4943f3924d5584b71dd45e45df53S.jpg?width=1000&amp;height=750&amp;hash=1750\" slate-data-type=\"image\"\/><\/div>\n<\/div>\n<\/div>\n<\/div>\n<\/div>\n<\/div>\n<div>\n<div id=\"ali-anchor-AliMagic-qqhum3\">M\u016bsu uz\u0146\u0113mums<\/div>\n<\/div>\n<div>\n<div>\n<div>\n<div>\n<div>\n<div><img decoding=\"async\" class=\"magic-29\" src=\"https:\/\/ae01.alicdn.com\/kf\/Sb0b0449c0dcf4df0aa0e69a41b0dbb92S.jpg?width=750&amp;height=400&amp;hash=1150\" slate-data-type=\"image\"\/><\/div>\n<\/div>\n<\/div>\n<\/div>\n<\/div>\n<\/div>\n<div>\n<div>\n<div>\n<div>\n<div>\n<div><img decoding=\"async\" class=\"magic-30\" src=\"https:\/\/ae01.alicdn.com\/kf\/S164111958a284dd08f5012fa8fb1ed21q.jpg?width=4032&amp;height=3024&amp;hash=7056\" slate-data-type=\"image\"\/><\/div>\n<\/div>\n<\/div>\n<\/div>\n<\/div>\n<\/div>\n<div>\n<div>\n<div>\n<div>\n<div>\n<div>\n<div>\u00a0<\/div>\n<div><span> Uz\u0146\u0113mums Yongkang Dahai Industry and Trade Co., LTD. tika dibin\u0101ts 2011. gad\u0101 un tam ir bag\u0101ta pieredze elektrotransportl\u012bdzek\u013cu nozar\u0113, un tas nodro\u0161in\u0101s j\u016bs ar uzticamiem elektrotransportl\u012bdzek\u013cu risin\u0101jumiem, piem\u0113ram, elektriskajiem skrejrite\u0146iem un elektriskajiem motocikliem. M\u0113s atbalst\u0101m OEM un ODM pakalpojumus; m\u016bsu produkti tiek p\u0101rdoti vair\u0101k nek\u0101 50 valst\u012bs un re\u0123ionos vis\u0101 pasaul\u0113; mums ir CE, ROSH, FCC un citi starptautiski sertifik\u0101ti, k\u0101 ar\u012b daudzi produktu patenti; mums ir sp\u0113c\u012bgas produktu dizaina un izstr\u0101des iesp\u0113jas, stingras vad\u012bbas un kvalit\u0101tes kontroles sist\u0113mas; m\u016bsu profesion\u0101l\u0101 \u0101r\u0113j\u0101s tirdzniec\u012bbas komanda ir pilna entuziasma apkalpot klientus un tiecas p\u0113c att\u012bst\u012bbas un izcil\u012bbas konkurenc\u0113; m\u0113s ceram uz iesp\u0113ju nodibin\u0101t ilgtermi\u0146a sadarb\u012bbu un abpus\u0113ji izdev\u012bgu situ\u0101ciju ar jums!<\/span><\/div>\n<div>\u00a0<\/div>\n<\/div>\n<\/div>\n<\/div>\n<\/div>\n<\/div>\n<\/div>\n<div>\u00a0<\/div>\n<div>\n<div id=\"ali-anchor-AliMagic-22j5mo\">Sertifik\u0101ti<\/div>\n<\/div>\n<div>\n<div>\n<div>\n<div>\n<div>\n<div><img decoding=\"async\" class=\"magic-41\" src=\"https:\/\/ae01.alicdn.com\/kf\/S6dfa9042940d4bd79773e8c3f2e3d3acI.jpg?width=790&amp;height=953&amp;hash=1743\" slate-data-type=\"image\"\/><\/div>\n<\/div>\n<\/div>\n<\/div>\n<\/div>\n<\/div>\n<div>\n<div id=\"ali-anchor-AliMagic-uhh5q1\">Pirc\u0113ju atsauksmes<\/div>\n<\/div>\n<div>\u00a0<\/div>\n<div>\n<div id=\"ali-anchor-AliMagic-kpnqam\">Iepako\u0161ana un pieg\u0101de<\/div>\n<\/div>\n<div>\n<div>\n<div>\n<div>\n<div>\n<div><img decoding=\"async\" class=\"magic-47\" src=\"https:\/\/ae01.alicdn.com\/kf\/S32ea4943f3924d5584b71dd45e45df53S.jpg?width=1000&amp;height=750&amp;hash=1750\" slate-data-type=\"image\"\/><\/div>\n<\/div>\n<div>\u00a0<\/div>\n<div>\u00a0<\/div>\n<\/div>\n<div>\n<div>\n<div><img decoding=\"async\" class=\"magic-50\" src=\"https:\/\/ae01.alicdn.com\/kf\/S09841dbaae10458eba8ca805856c4f68a.jpg?width=1440&amp;height=1080&amp;hash=2520\" slate-data-type=\"image\"\/><\/div>\n<\/div>\n<div>\u00a0<\/div>\n<div>\u00a0<\/div>\n<\/div>\n<div>\n<div>\n<div><img decoding=\"async\" class=\"magic-50\" src=\"https:\/\/ae01.alicdn.com\/kf\/S6f3348679c394569902e96ab82057e0b1.jpg?width=1440&amp;height=1080&amp;hash=2520\" slate-data-type=\"image\"\/><\/div>\n<\/div>\n<div>\u00a0<\/div>\n<div>\u00a0<\/div>\n<\/div>\n<\/div>\n<\/div>\n<\/div>\n<div>\n<div id=\"ali-anchor-AliMagic-yqexns\">M\u016bsu pakalpojums<\/div>\n<\/div>\n<div>\n<div>\n<div>\n<div>\n<div>\n<div>\n<div>1. OEM ir at\u013cauts<\/p>\n<p>2. Parauga pas\u016bt\u012bjums<\/p>\n<p>3. M\u0113s atbild\u0113sim uz j\u016bsu piepras\u012bjumu 24 stundu laik\u0101.<\/p>\n<p>4. P\u0113c nos\u016bt\u012b\u0161anas m\u0113s izsekosim jums produktus reizi div\u0101s dien\u0101s, l\u012bdz j\u016bs tos sa\u0146emsiet. Kad esat sa\u0146\u0113mis preces, p\u0101rbaudiet t\u0101s un sniedziet man atsauksmes. Ja jums ir k\u0101di jaut\u0101jumi par probl\u0113mu, sazinieties ar mums, m\u0113s pied\u0101v\u0101sim jums risin\u0101juma veidu.<\/p>\n<p><span>5. M\u016bsu garantijas laiks ir \u0161\u0101ds:<br \/>\u25c612 m\u0113ne\u0161i elektromotoram<br \/>\u25c612 m\u0113ne\u0161i litija jonu akumulatoram<br \/>\u25c6 24 m\u0113ne\u0161i r\u0101mim.<br \/>\u25c612 m\u0113ne\u0161i kontrolierim.<br \/>\u25c612 m\u0113ne\u0161i l\u0101d\u0113t\u0101jam.<br \/>\u25c66 m\u0113ne\u0161i p\u0101r\u0113j\u0101m deta\u013c\u0101m.<\/span><\/div>\n<p class=\"magic-35\">.<\/p>\n<\/div>\n<\/div>\n<\/div>\n<\/div>\n<\/div>\n<\/div>\n<div>\n<div id=\"ali-anchor-AliMagic-yvqitf\">Bie\u017ei uzdotie jaut\u0101jumi<\/div>\n<\/div>\n<div>\n<div>\n<div>\n<div>\n<div>\n<div>\n<p class=\"magic-35\"><strong>1. jaut\u0101jums. K\u0101di ir j\u016bsu iepako\u0161anas noteikumi? <\/strong><br \/>A: Parasti m\u0113s iepakojam savas preces neitr\u0101l\u0101s balt\u0101s kast\u0113s un br\u016bn\u0101s kartona kast\u0113s. Ja jums ir likum\u012bgi re\u0123istr\u0113ts patents, p\u0113c j\u016bsu at\u013caujas v\u0113stu\u013cu sa\u0146em\u0161anas m\u0113s varam iepakot preces j\u016bsu firmas kast\u0113s.<\/p>\n<p><strong>2. jaut\u0101jums. K\u0101di ir j\u016bsu maks\u0101\u0161anas noteikumi?<\/strong><br \/>A: T\/T 30% k\u0101 depoz\u012bts un 70% pirms pieg\u0101des. Pirms atlikuma apmaksas m\u0113s par\u0101d\u012bsim produktu un iepakojumu fotoatt\u0113lus.<\/p>\n<p><strong>3.\u00a0jaut\u0101jums. K\u0101di ir j\u016bsu pieg\u0101des noteikumi?<\/strong><br \/>A: EXW, FOB, CIF.<\/p>\n<p><strong>4. jaut\u0101jums. K\u0101 ar j\u016bsu pieg\u0101des laiku?<\/strong><br \/>A: Parasti tas aiz\u0146ems 30 l\u012bdz 60 dienas p\u0113c avansa maks\u0101juma sa\u0146em\u0161anas. Konkr\u0113tais pieg\u0101des laiks ir atkar\u012bgs no prec\u0113m un pas\u016bt\u012bjuma daudzuma.<\/p>\n<p><strong>5. jaut\u0101jums. Vai j\u016bs varat ra\u017eot atbilsto\u0161i paraugiem?<\/strong><br \/>A: J\u0101, m\u0113s varam izgatavot p\u0113c j\u016bsu paraugiem vai tehniskajiem ras\u0113jumiem. M\u0113s varam izgatavot veidnes un armat\u016bru.<\/p>\n<p><strong>6.\u00a0jaut\u0101jums. K\u0101da ir j\u016bsu parauga politika?<\/strong><br \/>A: M\u0113s varam pieg\u0101d\u0101t paraugu, ja mums ir gatavas deta\u013cas noliktav\u0101, bet klientiem ir j\u0101sedz parauga izmaksas un kurjera izmaksas.<\/p>\n<p><strong>7. jaut\u0101jums. Vai j\u016bs p\u0101rbaud\u0101t visas savas preces pirms pieg\u0101des?<\/strong><br \/>A: J\u0101, pirms pieg\u0101des mums ir 100% tests<\/p>\n<p><strong>8. jaut\u0101jums: K\u0101 j\u016bs veidojat m\u016bsu biznesa ilgtermi\u0146a un labas attiec\u012bbas?<\/strong><br \/>A: 1. M\u0113s saglab\u0101jam labu kvalit\u0101ti un konkur\u0113tsp\u0113j\u012bgu cenu, lai nodro\u0161in\u0101tu m\u016bsu klientu labumu; 2. M\u0113s cien\u0101m katru klientu k\u0101 savu draugu un patiesi sadarbojamies un draudz\u0113jamies ar vi\u0146iem neatkar\u012bgi no t\u0101, no kurienes vi\u0146i n\u0101k.<\/p>\n<p><strong>9. jaut\u0101jums: Vai m\u0113s varam uz motocikla uzz\u012bm\u0113t savu logotipu vai z\u012bmolu?<\/strong><br \/>A: J\u0101, m\u0113s pie\u0146emam OEM.<\/p>\n<\/div>\n<\/div>\n<\/div>\n<\/div>\n<\/div>\n<\/div>\n<\/div>\n<\/div>\n<\/div>\n<div><\/div>\n<\/div>\n<\/div>\n<p><\/p>","protected":false},"excerpt":{"rendered":"<p>Category:&nbsp;Four-wheel Scooter Applicable People:&nbsp;Unisex Range Per Charge:&nbsp;40-60km Charging Time:&nbsp;1-2h Voltage:&nbsp;36V Folded:&nbsp;No Origin:&nbsp;Mainland China Power (W):&nbsp;201-500W Brand Name:&nbsp;ZHANGU Place of Origin:&nbsp;Zhejiang, China Model Number:&nbsp;DH0305 Gears:&nbsp;3 Speed Range per Power:&nbsp;31 &#8211; 60<\/p>","protected":false},"featured_media":7724,"comment_status":"open","ping_status":"closed","template":"","meta":{"_acf_changed":false},"product_brand":[],"product_cat":[301],"product_tag":[],"class_list":{"0":"post-7723","1":"product","2":"type-product","3":"status-publish","4":"has-post-thumbnail","6":"product_cat-electric-mobility-scooters","8":"first","9":"instock","10":"shipping-taxable","11":"purchasable","12":"product-type-variable"},"acf":[],"_links":{"self":[{"href":"https:\/\/electricstore.eu\/lv\/wp-json\/wp\/v2\/product\/7723","targetHints":{"allow":["GET"]}}],"collection":[{"href":"https:\/\/electricstore.eu\/lv\/wp-json\/wp\/v2\/product"}],"about":[{"href":"https:\/\/electricstore.eu\/lv\/wp-json\/wp\/v2\/types\/product"}],"replies":[{"embeddable":true,"href":"https:\/\/electricstore.eu\/lv\/wp-json\/wp\/v2\/comments?post=7723"}],"wp:featuredmedia":[{"embeddable":true,"href":"https:\/\/electricstore.eu\/lv\/wp-json\/wp\/v2\/media\/7724"}],"wp:attachment":[{"href":"https:\/\/electricstore.eu\/lv\/wp-json\/wp\/v2\/media?parent=7723"}],"wp:term":[{"taxonomy":"product_brand","embeddable":true,"href":"https:\/\/electricstore.eu\/lv\/wp-json\/wp\/v2\/product_brand?post=7723"},{"taxonomy":"product_cat","embeddable":true,"href":"https:\/\/electricstore.eu\/lv\/wp-json\/wp\/v2\/product_cat?post=7723"},{"taxonomy":"product_tag","embeddable":true,"href":"https:\/\/electricstore.eu\/lv\/wp-json\/wp\/v2\/product_tag?post=7723"}],"curies":[{"name":"wp","href":"https:\/\/api.w.org\/{rel}","templated":true}]}}