{"id":7574,"date":"2025-05-15T19:32:53","date_gmt":"2025-05-15T19:32:53","guid":{"rendered":"https:\/\/electricstore.eu\/product\/usamr-500ah-12v-lifepo4-battery\/"},"modified":"2025-05-20T13:42:13","modified_gmt":"2025-05-20T13:42:13","slug":"usamr-500ah-12v-lifepo4-battery","status":"publish","type":"product","link":"https:\/\/electricstore.eu\/lv\/p\/batteries\/lifepo4-batteries\/200ah-lifepo4-batteries\/usamr-500ah-12v-lifepo4-battery\/","title":{"rendered":"USAMR 500Ah 12V LiFePO4 akumulators"},"content":{"rendered":"<div class=\"product-specs-list-container\">\n<ul class=\"product-specs-list util-clearfix\">\n<li class=\"product-prop line-limit-length\"><span class=\"property-title\">Nomin\u0101l\u0101 ietilp\u012bba:\u00a0<\/span><span class=\"property-desc line-limit-length\">500AH<\/span><\/li>\n<li class=\"product-prop line-limit-length\"><span class=\"property-title\">Svars:\u00a0<\/span><span class=\"property-desc line-limit-length\">Apm\u0113ram 39,3 kg<\/span><\/li>\n<li class=\"product-prop line-limit-length\"><span class=\"property-title\">Spriegums:\u00a0<\/span><span class=\"property-desc line-limit-length\">12 V<\/span><\/li>\n<li class=\"product-prop line-limit-length\"><span class=\"property-title\">Izm\u0113rs:\u00a0<\/span><span class=\"property-desc line-limit-length\">430x240x270 mm<\/span><\/li>\n<li class=\"product-prop line-limit-length\"><span class=\"property-title\">Mode\u013ca numurs:\u00a0<\/span><span class=\"property-desc line-limit-length\">12 V Liferpo4 akumulators<\/span><\/li>\n<li class=\"product-prop line-limit-length\"><span class=\"property-title\">Tips:\u00a0<\/span><span class=\"property-desc line-limit-length\">LiFePO4<\/span><\/li>\n<li class=\"product-prop line-limit-length\"><span class=\"property-title\">Z\u012bmola nosaukums:\u00a0<\/span><span class=\"property-desc line-limit-length\">Likctt<\/span><\/li>\n<li class=\"product-prop line-limit-length\"><span class=\"property-title\">Izcelsme:\u00a0<\/span><span class=\"property-desc line-limit-length\">Kontinent\u0101l\u0101 \u0136\u012bna<\/span><\/li>\n<\/ul>\n<\/div>\n<div class=\"detailmodule_html\">\n<div class=\"detail-desc-decorate-richtext\">\n<p style=\"text-align: left; color: #ff0000; font-size: 20px; font-weight: bold;\">P\u0101rvad\u0101jumi Eiropas Savien\u012bb\u0101, Apvienotaj\u0101 Karalist\u0113, Amerikas Savienotaj\u0101s Valst\u012bs, Kan\u0101d\u0101 un \u0100zij\u0101 BEZ NODOK\u013bIEM.<\/p>\n<p style=\"text-align: left; color: #434649; font-size: 13px;\">ES noliktava (Polijas noliktava) ir ieradusies. Draugi, kuriem t\u0101 ir nepiecie\u0161ama, var veikt pas\u016bt\u012bjumu jau tagad. Vispirms veiciet pas\u016bt\u012bjumu un vispirms organiz\u0113jiet pieg\u0101di. Preces var\u0113siet sa\u0146emt 3\u20137 dienu laik\u0101 p\u0113c nos\u016bt\u012b\u0161anas.<br \/>Akumulatora tips:<br \/>Akumulatora ietilp\u012bba: 500 ah<br \/>Akumulatora izm\u0113rs: 430 * 240 * 270 mm (+\/- 10 mm)<br \/>Svars: 39,3 kg (+\/- 0,5 kg)<br \/>Ieb\u016bv\u0113ts: 3,2 V LiFePO4 akumulators<br \/>Nomin\u0101lais spriegums: 12,8 V<br \/>Maksim\u0101l\u0101 uzl\u0101des str\u0101va: 50A<br \/>Moment\u0101n\u0101 izl\u0101des str\u0101va: 200A<br \/>Nep\u0101rtraukta izl\u0101des str\u0101va: 100A<br \/>Kalpo\u0161anas laiks: 6000 cikli vai vair\u0101k<br \/>Korpusa materi\u0101ls: Matel<br \/>Uzl\u0101des temperat\u016bra: 0~45\u00b0C<br \/>Izl\u0101des temperat\u016bra: -20~60\u00b0C<br \/>Uzglab\u0101\u0161anas temperat\u016bra: -20~65 \u00b0C<br \/>Darba sprieguma diapazons: 8,0 V\u201314,6 V<br \/>P\u0101rslodzes aizsardz\u012bbas spriegums: 14,6 V \u00b1 0,05 V<br \/>Aizsardz\u012bbas spriegums pret p\u0101rslodzi: 8,0 V \u00b1 0,05 V<br \/>Aizsarg\u0101t akumulatora temperat\u016bru: 60\u00b0C plus 5\u00b0C<br \/>Izeja un parametri: augstas str\u0101vas pozit\u012bvais\/negat\u012bvais savienojuma kolonna (sarkans pozit\u012bvs, melns negat\u012bvs)<\/p>\n<p><img fetchpriority=\"high\" decoding=\"async\" style=\"width: 100%; height: auto; vertical-align: middle;\" src=\"https:\/\/ae01.alicdn.com\/kf\/Sd877e7644c8f4d3196748c53f5a8741dn.jpg\" width=\"1000\" height=\"1000\" \/><img decoding=\"async\" style=\"width: 100%; height: auto; vertical-align: middle;\" src=\"https:\/\/ae01.alicdn.com\/kf\/S9058fa1bec344b5f8240fb6ca48808f5w.jpg\" width=\"1000\" height=\"1000\" \/><img decoding=\"async\" style=\"width: 100%; height: auto; vertical-align: middle;\" src=\"https:\/\/ae01.alicdn.com\/kf\/S8545d111efbb41beba9ccb647eb2e0bbP.jpg\" width=\"1000\" height=\"1000\" \/><img loading=\"lazy\" decoding=\"async\" style=\"width: 100%; height: auto; vertical-align: middle;\" src=\"https:\/\/ae01.alicdn.com\/kf\/S1c9bd8397329465d9023bf1d760e5aadC.jpg?width=1000&amp;height=1000&amp;hash=2000\" width=\"1000\" height=\"1000\" \/><img loading=\"lazy\" decoding=\"async\" style=\"width: 100%; height: auto; vertical-align: middle;\" src=\"https:\/\/ae01.alicdn.com\/kf\/S489c689a043243cbac59ce467d13df0dv.jpg?width=1000&amp;height=1000&amp;hash=2000\" width=\"1000\" height=\"1000\" \/><img loading=\"lazy\" decoding=\"async\" style=\"width: 100%; height: auto; vertical-align: middle;\" src=\"https:\/\/ae01.alicdn.com\/kf\/Sad30417a2ed1492fb8f6200b937e0895L.jpg?width=1000&amp;height=1000&amp;hash=2000\" width=\"1000\" height=\"1000\" \/><img loading=\"lazy\" decoding=\"async\" style=\"width: 100%; height: auto; vertical-align: middle;\" src=\"https:\/\/ae01.alicdn.com\/kf\/S37076c5d5a274f3a9518a80bfa2013ad8.jpg?width=1000&amp;height=1000&amp;hash=2000\" width=\"1000\" height=\"1000\" \/><img loading=\"lazy\" decoding=\"async\" style=\"width: 100%; height: auto; vertical-align: middle;\" src=\"https:\/\/ae01.alicdn.com\/kf\/Sad01bdea2fc94119be5345b9d347c59e1.jpg?width=1000&amp;height=1000&amp;hash=2000\" width=\"1000\" height=\"1000\" \/><img loading=\"lazy\" decoding=\"async\" style=\"width: 100%; height: auto; vertical-align: middle;\" src=\"https:\/\/ae01.alicdn.com\/kf\/S5eecd84a030b4a388a6911fdf21988b5u.jpg?width=1000&amp;height=1000&amp;hash=2000\" width=\"1000\" height=\"1000\" \/><\/p>\n<p style=\"text-align: left; color: #434649; font-size: 13px;\">Elektrisk\u0101s ener\u0123ijas pielietojums<\/p>\n<p style=\"text-align: left; color: #434649; font-size: 13px;\">\u25cf Iedarbiniet akumulatora motoru<\/p>\n<p style=\"text-align: left; color: #434649; font-size: 13px;\">\u25cf Komerci\u0101lie autobusi un autobusi:<\/p>\n<p style=\"text-align: left; color: #434649; font-size: 13px;\">Elektroautomobi\u013ci, elektriskie autobusi, golfa rati\u0146i\/elektriskie velosip\u0113di, motorolleri, kemperi, AGV, j\u016bras k\u0101jnieki, autobusi, dz\u012bvojam\u0101s piekabes, rati\u0146kr\u0113sli,<\/p>\n<p style=\"text-align: left; color: #434649; font-size: 13px;\">Elektroniskie kravas automobi\u013ci, elektronisk\u0101s slauc\u012b\u0161anas ma\u0161\u012bnas, gr\u012bdas t\u012br\u012bt\u0101ji, elektroniskie staigul\u012b\u0161i utt.<\/p>\n<p style=\"text-align: left; color: #434649; font-size: 13px;\">\u25cf Inteli\u0123ents robots<\/p>\n<p style=\"text-align: left; color: #434649; font-size: 13px;\">\u25cf Elektroinstrumenti: elektriskie urbji, rota\u013clietas<\/p>\n<p style=\"text-align: left; color: #434649; font-size: 13px;\">Ener\u0123ijas uzglab\u0101\u0161ana<\/p>\n<p style=\"text-align: left; color: #434649; font-size: 13px;\">\u25cf Saules v\u0113ja ener\u0123ijas sist\u0113ma<\/p>\n<p style=\"text-align: left; color: #434649; font-size: 13px;\">\u25cf Pils\u0113tas re\u017e\u0123is (iesl\u0113gts\/izsl\u0113gts)<\/p>\n<p style=\"text-align: left; color: #434649; font-size: 13px;\">Rezerves sist\u0113ma un UPS<\/p>\n<p style=\"text-align: left; color: #434649; font-size: 13px;\">\u25cf Telekomunik\u0101ciju b\u0101ze, kabe\u013ctelev\u012bzijas sist\u0113ma, datoru serveru centrs, medic\u012bnas iek\u0101rtas, milit\u0101rais apr\u012bkojums<\/p>\n<p style=\"text-align: left; color: #434649; font-size: 13px;\">citas lietotnes<\/p>\n<p style=\"text-align: left; color: #434649; font-size: 13px;\">\u25cf Dro\u0161\u012bba un elektronika, mobilais tirdzniec\u012bbas punkts, kalnr\u016bpniec\u012bbas apgaismojums \/ luktur\u012btis \/ LED apgaismojums \/ av\u0101rijas apgaismojums<\/p>\n<p style=\"text-align: left; color: #434649; font-size: 13px;\">Produkta priek\u0161roc\u012bbas:<\/p>\n<p style=\"text-align: left; color: #434649; font-size: 13px;\">Viegli p\u0101rn\u0113s\u0101jams, liela ietilp\u012bba, augsta atbr\u012bvo\u0161anas platforma, ilgs darba laiks, ilgs kalpo\u0161anas laiks, dro\u0161\u012bba un vides aizsardz\u012bba<\/p>\n<p><img loading=\"lazy\" decoding=\"async\" style=\"width: 100%; height: auto; vertical-align: middle;\" src=\"https:\/\/ae01.alicdn.com\/kf\/S27b23c2fe70a4c37899b54c92940cb610.jpg\" width=\"1000\" height=\"1000\" \/><\/p>\n<\/div>\n<\/div>","protected":false},"excerpt":{"rendered":"<p>Nominal Capacity:\u00a0500AH Weight:\u00a0About 39.3kg Voltage:\u00a012V Size:\u00a0430x240x270mm Model Number:\u00a012V Liferpo4 Battery Type:\u00a0LiFePO4 Brand Name:\u00a0Likctt Origin:\u00a0Mainland China Transportation in the European Union, United Kingdom,the United States, Canada, and Asian TAX FREE. The<\/p>","protected":false},"featured_media":7575,"comment_status":"open","ping_status":"closed","template":"","meta":{"_acf_changed":false},"product_brand":[],"product_cat":[238],"product_tag":[243],"class_list":{"0":"post-7574","1":"product","2":"type-product","3":"status-publish","4":"has-post-thumbnail","6":"product_cat-200ah-lifepo4-batteries","7":"product_tag-usamr","9":"first","10":"instock","11":"shipping-taxable","12":"purchasable","13":"product-type-simple"},"acf":[],"_links":{"self":[{"href":"https:\/\/electricstore.eu\/lv\/wp-json\/wp\/v2\/product\/7574","targetHints":{"allow":["GET"]}}],"collection":[{"href":"https:\/\/electricstore.eu\/lv\/wp-json\/wp\/v2\/product"}],"about":[{"href":"https:\/\/electricstore.eu\/lv\/wp-json\/wp\/v2\/types\/product"}],"replies":[{"embeddable":true,"href":"https:\/\/electricstore.eu\/lv\/wp-json\/wp\/v2\/comments?post=7574"}],"wp:featuredmedia":[{"embeddable":true,"href":"https:\/\/electricstore.eu\/lv\/wp-json\/wp\/v2\/media\/7575"}],"wp:attachment":[{"href":"https:\/\/electricstore.eu\/lv\/wp-json\/wp\/v2\/media?parent=7574"}],"wp:term":[{"taxonomy":"product_brand","embeddable":true,"href":"https:\/\/electricstore.eu\/lv\/wp-json\/wp\/v2\/product_brand?post=7574"},{"taxonomy":"product_cat","embeddable":true,"href":"https:\/\/electricstore.eu\/lv\/wp-json\/wp\/v2\/product_cat?post=7574"},{"taxonomy":"product_tag","embeddable":true,"href":"https:\/\/electricstore.eu\/lv\/wp-json\/wp\/v2\/product_tag?post=7574"}],"curies":[{"name":"wp","href":"https:\/\/api.w.org\/{rel}","templated":true}]}}