{"id":7565,"date":"2025-05-15T19:32:42","date_gmt":"2025-05-15T19:32:42","guid":{"rendered":"https:\/\/electricstore.eu\/product\/usamr-100ah-48v-lifepo4-battery\/"},"modified":"2025-05-20T13:41:12","modified_gmt":"2025-05-20T13:41:12","slug":"usamr-100ah-48v-lifepo4-battery","status":"publish","type":"product","link":"https:\/\/electricstore.eu\/lv\/p\/batteries\/lifepo4-batteries\/100-200ah-lifepo4-batteries\/usamr-100ah-48v-lifepo4-battery\/","title":{"rendered":"USAMR 100Ah 48V LiFePO4 akumulators"},"content":{"rendered":"<div class=\"product-specs-list-container\">\n<ul class=\"product-specs-list util-clearfix\">\n<li class=\"product-prop line-limit-length\"><span\n                                        class=\"property-title\">Nomin\u0101l\u0101 ietilp\u012bba:&nbsp;<\/span><span\n                                        class=\"property-desc line-limit-length\">100AH<\/span>\n                            <\/li>\n<li class=\"product-prop line-limit-length\"><span\n                                        class=\"property-title\">Svars:&nbsp;<\/span><span\n                                        class=\"property-desc line-limit-length\">Apm\u0113ram 44\u00a0kg<\/span>\n                            <\/li>\n<li class=\"product-prop line-limit-length\"><span\n                                        class=\"property-title\">Izm\u0113rs:&nbsp;<\/span><span\n                                        class=\"property-desc line-limit-length\">460x445x155 mm<\/span>\n                            <\/li>\n<li class=\"product-prop line-limit-length\"><span\n                                        class=\"property-title\">Mode\u013ca numurs:&nbsp;<\/span><span\n                                        class=\"property-desc line-limit-length\">48 V Liferpo4 akumulators<\/span>\n                            <\/li>\n<li class=\"product-prop line-limit-length\"><span\n                                        class=\"property-title\">Tips:&nbsp;<\/span><span\n                                        class=\"property-desc line-limit-length\">LiFePO4<\/span>\n                            <\/li>\n<li class=\"product-prop line-limit-length\"><span\n                                        class=\"property-title\">Z\u012bmola nosaukums:&nbsp;<\/span><span\n                                        class=\"property-desc line-limit-length\">Likctt<\/span>\n                            <\/li>\n<li class=\"product-prop line-limit-length\"><span\n                                        class=\"property-title\">Izcelsme:&nbsp;<\/span><span\n                                        class=\"property-desc line-limit-length\">Kontinent\u0101l\u0101 \u0136\u012bna<\/span>\n                            <\/li>\n<\/ul><\/div>\n<div class=\"detailmodule_html\">\n<div class=\"detail-desc-decorate-richtext\">\n<p style=\"text-align:left;color:#ff0000;font-size:13px;\">P\u0101rvad\u0101jumi Eiropas Savien\u012bb\u0101, Apvienotaj\u0101 Karalist\u0113, Amerikas Savienotaj\u0101s Valst\u012bs, Kan\u0101d\u0101 un \u0100zij\u0101 BEZ NODOK\u013bIEM.<\/p>\n<p style=\"text-align:left;color:#434649;font-size:13px;\">ES noliktava (Polijas noliktava) ir ieradusies. Draugi, kuriem t\u0101 ir nepiecie\u0161ama, var veikt pas\u016bt\u012bjumu jau tagad. Vispirms veiciet pas\u016bt\u012bjumu un vispirms organiz\u0113jiet pieg\u0101di. Preces var\u0113siet sa\u0146emt 3\u20137 dienu laik\u0101 p\u0113c nos\u016bt\u012b\u0161anas.<\/p>\n<p style=\"text-align:left;color:#434649;font-size:13px;\">Akumulatora tips:<\/p>\n<p style=\"text-align:left;color:#434649;font-size:13px;\">Nomin\u0101l\u0101 ietilp\u012bba: 100Ah<\/p>\n<p style=\"text-align:left;color:#434649;font-size:13px;\">Akumulatora izm\u0113rs: 460x445x155 mm (+\/- 10 mm)<\/p>\n<p style=\"text-align:left;color:#434649;font-size:13px;\">Svars: 44 kg (+\/- 0,5 kg)<\/p>\n<p style=\"text-align:left;color:#434649;font-size:13px;\">Ieb\u016bv\u0113ts: 3,2 V LiFePO4 akumulators<\/p>\n<p style=\"text-align:left;color:#434649;font-size:13px;\">Kalpo\u0161anas laiks: 6000 cikli vai vair\u0101k<\/p>\n<p style=\"text-align:left;color:#434649;font-size:13px;\">\u016adens putek\u013cu iztur\u012bba: IP5<\/p>\n<p style=\"text-align:left;color:#434649;font-size:13px;\">Korpusa materi\u0101ls: met\u0101ls<\/p>\n<p style=\"text-align:left;color:#434649;font-size:13px;\">Nomin\u0101lais spriegums: 51,2 V<\/p>\n<p style=\"text-align:left;color:#434649;font-size:13px;\">Komunik\u0101cijas protokols: CAN RS485<\/p>\n<p style=\"text-align:left;color:#434649;font-size:13px;\">Ieb\u016bv\u0113ta BMS: 16S 100A Maks. 32 Paral\u0113li<\/p>\n<p style=\"text-align:left;color:#434649;font-size:13px;\">Ener\u0123ija: 5120 Wh<\/p>\n<p style=\"text-align:left;color:#434649;font-size:13px;\">Maksim\u0101l\u0101 uzl\u0101des str\u0101va: 100A<\/p>\n<p style=\"text-align:left;color:#434649;font-size:13px;\">Maksim\u0101l\u0101 izl\u0101des str\u0101va: 100A<\/p>\n<p style=\"text-align:left;color:#434649;font-size:13px;\">Uzl\u0101des spriegums: 58,4 \u00b1 0,4 V<\/p>\n<p style=\"text-align:left;color:#434649;font-size:13px;\">Izl\u0101des atsl\u0113g\u0161anas spriegums: 40,0 V<\/p>\n<p style=\"text-align:left;color:#434649;font-size:13px;\">Uzl\u0101des temperat\u016bra: 0~45\u00b0C<\/p>\n<p style=\"text-align:left;color:#434649;font-size:13px;\">Izl\u0101des temperat\u016bra: -20~60\u00b0C<\/p>\n<p style=\"text-align:left;color:#434649;font-size:13px;\">Uzglab\u0101\u0161anas temperat\u016bra: -20~65 \u00b0C<\/p>\n<p style=\"text-align:left;color:#434649;font-size:13px;\">Aizsarg\u0101t akumulatora temperat\u016bru: 60\u00b0C plus 5\u00b0C<\/p>\n<p style=\"text-align:left;color:#434649;font-size:13px;\">Termin\u0101la tips: divk\u0101r\u0161s M6<\/p>\n<p><img fetchpriority=\"high\" decoding=\"async\" height=\"1000\" referrerpolicy=\"no-referrer\" src=\"https:\/\/ae01.alicdn.com\/kf\/S2751643d63f3471da40b116e2ca3cc34x.jpg\" style=\"width: 100%; height: auto; vertical-align: middle;\" width=\"1000\"><img decoding=\"async\" height=\"1000\" referrerpolicy=\"no-referrer\" src=\"https:\/\/ae01.alicdn.com\/kf\/S0bab5217e0bb4d6b9a12565d0e282e914.jpg?width=1000&amp;height=1000&amp;hash=2000\" style=\"width: 100%; height: auto; vertical-align: middle;\" width=\"1000\"><img decoding=\"async\" height=\"1000\" referrerpolicy=\"no-referrer\" src=\"https:\/\/ae01.alicdn.com\/kf\/S4b0b641c78df4535b9c63a0132580a40L.jpg?width=1000&amp;height=1000&amp;hash=2000\" style=\"width: 100%; height: auto; vertical-align: middle;\" width=\"1000\"><img loading=\"lazy\" decoding=\"async\" height=\"1000\" referrerpolicy=\"no-referrer\" src=\"https:\/\/ae01.alicdn.com\/kf\/Sc03cafde504443098b22854922d14e160.jpg?width=1000&amp;height=1000&amp;hash=2000\" style=\"width: 100%; height: auto; vertical-align: middle;\" width=\"1000\"><img loading=\"lazy\" decoding=\"async\" height=\"1000\" referrerpolicy=\"no-referrer\" src=\"https:\/\/ae01.alicdn.com\/kf\/Sa15980aaeba44c51bb1089ad57fedc73z.jpg?width=1000&amp;height=1000&amp;hash=2000\" style=\"width: 100%; height: auto; vertical-align: middle;\" width=\"1000\"><img loading=\"lazy\" decoding=\"async\" height=\"1000\" referrerpolicy=\"no-referrer\" src=\"https:\/\/ae01.alicdn.com\/kf\/S7912bf068e5b4534b22f351332a7a5c3Z.jpg?width=1000&amp;height=1000&amp;hash=2000\" style=\"width: 100%; height: auto; vertical-align: middle;\" width=\"1000\"><img loading=\"lazy\" decoding=\"async\" height=\"1000\" referrerpolicy=\"no-referrer\" src=\"https:\/\/ae01.alicdn.com\/kf\/Sbd6aff1f41ee478db668b2fa01043621S.jpg?width=1000&amp;height=1000&amp;hash=2000\" style=\"width: 100%; height: auto; vertical-align: middle;\" width=\"1000\"><img loading=\"lazy\" decoding=\"async\" height=\"1000\" referrerpolicy=\"no-referrer\" src=\"https:\/\/ae01.alicdn.com\/kf\/S6c220a68b8734d9cbf94d38a7215bd13p.jpg?width=1000&amp;height=1000&amp;hash=2000\" style=\"width: 100%; height: auto; vertical-align: middle;\" width=\"1000\"><img loading=\"lazy\" decoding=\"async\" height=\"1000\" referrerpolicy=\"no-referrer\" src=\"https:\/\/ae01.alicdn.com\/kf\/Sfceba208366b4705974812258f2796cai.jpg\" style=\"width: 100%; height: auto; vertical-align: middle;\" width=\"1000\"><\/p>\n<p style=\"text-align:left;color:#434649;font-size:13px;\">Starpstrukt\u016bru diagramma<\/p>\n<p style=\"text-align:left;color:#434649;font-size:13px;\">Iek\u0161\u0113j\u0101s strukt\u016bras diagrammas anal\u012bze, nodro\u0161inot lab\u0101ku kvalit\u0101ti un uzticam\u0101ku lieto\u0161anu<\/p>\n<p style=\"text-align:left;color:#434649;font-size:13px;\">*T\u0113rauda akumulatora kaste<\/p>\n<p style=\"text-align:left;color:#434649;font-size:13px;\">Lab\u0101ka akumulatora elementa aizsardz\u012bba<\/p>\n<p style=\"text-align:left;color:#434649;font-size:13px;\">*LiFePO4 prizmatiskais akumulators<\/p>\n<p style=\"text-align:left;color:#434649;font-size:13px;\">Dro\u0161\u012bba, augsts ener\u0123ijas bl\u012bvums<\/p>\n<p style=\"text-align:left;color:#434649;font-size:13px;\">*16S 100A vied\u0101 BMS sist\u0113ma<\/p>\n<p style=\"text-align:left;color:#434649;font-size:13px;\">Akumulatora p\u0101rvald\u012bbas sist\u0113ma (BMS) nodro\u0161ina visaptvero\u0161u akumulatora aizsardz\u012bbu un<\/p>\n<p style=\"text-align:left;color:#434649;font-size:13px;\">*Komunik\u0101cijas ports<\/p>\n<p style=\"text-align:left;color:#434649;font-size:13px;\">CAN RS485 un RS232 komunik\u0101cija. Piem\u0113rots pla\u0161a diapazona invertoriem<\/p>\n<p style=\"text-align:left;color:#434649;font-size:13px;\">*M8 P+\/P- spailes<\/p>\n<p style=\"text-align:left;color:#434649;font-size:13px;\">Pievienojiet iek\u0101rtai. Pievienojiet paral\u0113li citu akumulatoru bloku, lai palielin\u0101tu ietilp\u012bbu.<\/p>\n<p style=\"text-align:left;color:#434649;font-size:13px;\">*LCD ekr\u0101ns<\/p>\n<p style=\"text-align:left;color:#434649;font-size:13px;\">Lai par\u0101d\u012btu akumulatora inform\u0101ciju<\/p>\n<p style=\"text-align:left;color:#434649;font-size:13px;\">*\u0136\u0113des p\u0101rtrauc\u0113js<\/p>\n<p style=\"text-align:left;color:#434649;font-size:13px;\">Autom\u0101tiski p\u0101rtrauc \u0137\u0113di, ja rodas darb\u012bbas trauc\u0113jumi<\/p>\n<p style=\"text-align:left;color:#434649;font-size:13px;\">*Kapacit\u0101tes st\u0101voklis<\/p>\n<p style=\"text-align:left;color:#434649;font-size:13px;\">\u010cetras za\u013cas LED gaismas, kas par\u0101da akumulatora bloka ietilp\u012bbas statusu<\/p>\n<p style=\"text-align:left;color:#434649;font-size:13px;\">*Salok\u0101ms ner\u016bs\u0113jo\u0161\u0101 t\u0113rauda rokturis<\/p>\n<p style=\"text-align:left;color:#434649;font-size:13px;\">Viegl\u0101k p\u0101rn\u0113s\u0101t vai p\u0101rvietot<\/p>\n<p><img loading=\"lazy\" decoding=\"async\" height=\"1553\" referrerpolicy=\"no-referrer\" src=\"https:\/\/ae01.alicdn.com\/kf\/Sfc41fb0862da4211833e9da7521029d4r.jpg?width=750&amp;height=1553&amp;hash=2303\" style=\"width: 100%; height: auto; vertical-align: middle;\" width=\"750\"><img loading=\"lazy\" decoding=\"async\" height=\"1099\" referrerpolicy=\"no-referrer\" src=\"https:\/\/ae01.alicdn.com\/kf\/S908efa1a3cd34b5698a2347e388b5506P.jpg?width=1179&amp;height=1099&amp;hash=2278\" style=\"width: 100%; height: auto; vertical-align: middle;\" width=\"1179\"><img loading=\"lazy\" decoding=\"async\" height=\"1230\" referrerpolicy=\"no-referrer\" src=\"https:\/\/ae01.alicdn.com\/kf\/S1db011a6b38f489f891d0321d8dfe170A.jpg?width=750&amp;height=1230&amp;hash=1980\" style=\"width: 100%; height: auto; vertical-align: middle;\" width=\"750\"><\/div>\n<\/div>","protected":false},"excerpt":{"rendered":"<p>Nominal Capacity:&nbsp;100AH Weight:&nbsp;About 44KG Size:&nbsp;460x445x155mm Model Number:&nbsp;48V Liferpo4 Battery Type:&nbsp;LiFePO4 Brand Name:&nbsp;Likctt Origin:&nbsp;Mainland China Transportation in the European Union, United Kingdom,the United States, Canada, and Asian TAX FREE. The EU<\/p>","protected":false},"featured_media":7566,"comment_status":"open","ping_status":"closed","template":"","meta":{"_acf_changed":false},"product_brand":[],"product_cat":[237],"product_tag":[243],"class_list":{"0":"post-7565","1":"product","2":"type-product","3":"status-publish","4":"has-post-thumbnail","6":"product_cat-100-200ah-lifepo4-batteries","7":"product_tag-usamr","9":"first","10":"instock","11":"shipping-taxable","12":"purchasable","13":"product-type-simple"},"acf":[],"_links":{"self":[{"href":"https:\/\/electricstore.eu\/lv\/wp-json\/wp\/v2\/product\/7565","targetHints":{"allow":["GET"]}}],"collection":[{"href":"https:\/\/electricstore.eu\/lv\/wp-json\/wp\/v2\/product"}],"about":[{"href":"https:\/\/electricstore.eu\/lv\/wp-json\/wp\/v2\/types\/product"}],"replies":[{"embeddable":true,"href":"https:\/\/electricstore.eu\/lv\/wp-json\/wp\/v2\/comments?post=7565"}],"wp:featuredmedia":[{"embeddable":true,"href":"https:\/\/electricstore.eu\/lv\/wp-json\/wp\/v2\/media\/7566"}],"wp:attachment":[{"href":"https:\/\/electricstore.eu\/lv\/wp-json\/wp\/v2\/media?parent=7565"}],"wp:term":[{"taxonomy":"product_brand","embeddable":true,"href":"https:\/\/electricstore.eu\/lv\/wp-json\/wp\/v2\/product_brand?post=7565"},{"taxonomy":"product_cat","embeddable":true,"href":"https:\/\/electricstore.eu\/lv\/wp-json\/wp\/v2\/product_cat?post=7565"},{"taxonomy":"product_tag","embeddable":true,"href":"https:\/\/electricstore.eu\/lv\/wp-json\/wp\/v2\/product_tag?post=7565"}],"curies":[{"name":"wp","href":"https:\/\/api.w.org\/{rel}","templated":true}]}}