{"id":7519,"date":"2025-05-15T19:32:13","date_gmt":"2025-05-15T19:32:13","guid":{"rendered":"https:\/\/electricstore.eu\/product\/usamr-120ah-12v-lifepo4-battery-2\/"},"modified":"2025-05-21T05:40:16","modified_gmt":"2025-05-21T05:40:16","slug":"usamr-120ah-12v-lifepo4-battery-2","status":"publish","type":"product","link":"https:\/\/electricstore.eu\/lv\/p\/batteries\/lifepo4-batteries\/100-200ah-lifepo4-batteries\/usamr-120ah-12v-lifepo4-battery-2\/","title":{"rendered":"USAMR 120Ah 12V LiFePO4 akumulators"},"content":{"rendered":"<div class=\"product-specs-list-container\">\n<ul class=\"product-specs-list util-clearfix\">\n<li class=\"product-prop line-limit-length\"><span\n                                        class=\"property-title\">Nomin\u0101l\u0101 ietilp\u012bba:&nbsp;<\/span><span\n                                        class=\"property-desc line-limit-length\">120AH<\/span>\n                            <\/li>\n<li class=\"product-prop line-limit-length\"><span\n                                        class=\"property-title\">Svars:&nbsp;<\/span><span\n                                        class=\"property-desc line-limit-length\">Apm\u0113ram 12,8 kg<\/span>\n                            <\/li>\n<li class=\"product-prop line-limit-length\"><span\n                                        class=\"property-title\">Izm\u0113rs:&nbsp;<\/span><span\n                                        class=\"property-desc line-limit-length\">300*210*170mm<\/span>\n                            <\/li>\n<li class=\"product-prop line-limit-length\"><span\n                                        class=\"property-title\">Pielietojums:&nbsp;<\/span><span\n                                        class=\"property-desc line-limit-length\">EV, RV, j\u016bras laivas, velc\u0113\u0161anas motors, m\u0101jas ener\u0123ija, saules ener\u0123ijas uzglab\u0101\u0161ana, saules ener\u0123ijas sist\u0113ma bez t\u012bkla, citi<\/span>\n                            <\/li>\n<li class=\"product-prop line-limit-length\"><span\n                                        class=\"property-title\">Mode\u013ca numurs:&nbsp;<\/span><span\n                                        class=\"property-desc line-limit-length\">12 V Liferpo4 akumulators<\/span>\n                            <\/li>\n<li class=\"product-prop line-limit-length\"><span\n                                        class=\"property-title\">Tips:&nbsp;<\/span><span\n                                        class=\"property-desc line-limit-length\">LiFePO4<\/span>\n                            <\/li>\n<li class=\"product-prop line-limit-length\"><span\n                                        class=\"property-title\">Z\u012bmola nosaukums:&nbsp;<\/span><span\n                                        class=\"property-desc line-limit-length\">Likctt<\/span>\n                            <\/li>\n<li class=\"product-prop line-limit-length\"><span\n                                        class=\"property-title\">Izcelsme:&nbsp;<\/span><span\n                                        class=\"property-desc line-limit-length\">Kontinent\u0101l\u0101 \u0136\u012bna<\/span>\n                            <\/li>\n<\/ul><\/div>\n<div class=\"detailmodule_html\">\n<div class=\"detail-desc-decorate-richtext\">\n<p class=\"word-break white-space mt-10\" style=\"color:rgb(255, 0, 0);\">P\u0101rvad\u0101jumi Eiropas Savien\u012bb\u0101, Apvienotaj\u0101 Karalist\u0113, Amerikas Savienotaj\u0101s Valst\u012bs, Kan\u0101d\u0101 un \u0100zij\u0101 BEZ NODOK\u013bIEM.<\/p>\n<p class=\"word-break white-space mt-10\" style=\"color:rgb(67, 70, 73);\">ES noliktava (Polijas noliktava) ir ieradusies. Draugi, kuriem t\u0101 ir nepiecie\u0161ama, var veikt pas\u016bt\u012bjumu jau tagad. Vispirms veiciet pas\u016bt\u012bjumu un vispirms organiz\u0113jiet pieg\u0101di. Preces var\u0113siet sa\u0146emt 3\u20137 dienu laik\u0101 p\u0113c nos\u016bt\u012b\u0161anas.<\/p>\n<p class=\"word-break white-space mt-10\" style=\"color:rgb(67, 70, 73);\">Akumulatora tips:<\/p>\n<p class=\"word-break white-space mt-10\" style=\"color:rgb(67, 70, 73);\">Akumulatora ietilp\u012bba: 120 Ah<\/p>\n<p class=\"word-break white-space mt-10\" style=\"color:rgb(67, 70, 73);\">Akumulatora izm\u0113rs: 330 * 230 * 170 mm (+\/- 10 mm)<\/p>\n<p class=\"word-break white-space mt-10\" style=\"color:rgb(67, 70, 73);\">Svars: 10,5 kg (+\/- 0,5 kg)<\/p>\n<p class=\"word-break white-space mt-10\" style=\"color:rgb(67, 70, 73);\">Ieb\u016bv\u0113ts: 3,2 V LiFePO4 akumulators<\/p>\n<p class=\"word-break white-space mt-10\" style=\"color:rgb(67, 70, 73);\">Nomin\u0101lais spriegums: 12,8 V<\/p>\n<p class=\"word-break white-space mt-10\" style=\"color:rgb(67, 70, 73);\">Maksim\u0101l\u0101 uzl\u0101des str\u0101va: 50A<\/p>\n<p class=\"word-break white-space mt-10\" style=\"color:rgb(67, 70, 73);\">Moment\u0101n\u0101 izl\u0101des str\u0101va: 200A<\/p>\n<p class=\"word-break white-space mt-10\" style=\"color:rgb(67, 70, 73);\">Nep\u0101rtraukta izl\u0101des str\u0101va: 100A<\/p>\n<p class=\"word-break white-space mt-10\" style=\"color:rgb(67, 70, 73);\">Kalpo\u0161anas laiks: 6000 cikli vai vair\u0101k<\/p>\n<p class=\"word-break white-space mt-10\" style=\"color:rgb(67, 70, 73);\">Uzl\u0101des temperat\u016bra: 0~45\u00b0C<\/p>\n<p class=\"word-break white-space mt-10\" style=\"color:rgb(67, 70, 73);\">Izl\u0101des temperat\u016bra: -20~60\u00b0C<\/p>\n<p class=\"word-break white-space mt-10\" style=\"color:rgb(67, 70, 73);\">Uzglab\u0101\u0161anas temperat\u016bra: -20~65 \u00b0C<\/p>\n<p class=\"word-break white-space mt-10\" style=\"color:rgb(67, 70, 73);\">Darba sprieguma diapazons: 8,0 V\u201314,6 V<\/p>\n<p class=\"word-break white-space mt-10\" style=\"color:rgb(67, 70, 73);\">P\u0101rslodzes aizsardz\u012bbas spriegums: 14,6 V \u00b1 0,05 V<\/p>\n<p class=\"word-break white-space mt-10\" style=\"color:rgb(67, 70, 73);\">Aizsardz\u012bbas spriegums pret p\u0101rslodzi: 8,0 V \u00b1 0,05 V<\/p>\n<p class=\"word-break white-space mt-10\" style=\"color:rgb(67, 70, 73);\">Aizsarg\u0101t akumulatora temperat\u016bru: 60\u00b0C plus 5\u00b0C<\/p>\n<p class=\"word-break white-space mt-10\" style=\"color:rgb(67, 70, 73);\">Izeja un parametri: augstas str\u0101vas pozit\u012bvais\/negat\u012bvais savienojuma kolonna (sarkans pozit\u012bvs, melns negat\u012bvs)<\/p>\n<p><img fetchpriority=\"high\" decoding=\"async\" height=\"1000\" referrerpolicy=\"no-referrer\" src=\"https:\/\/ae01.alicdn.com\/kf\/S58e1749255c54da89732b0ff480bdc293.jpg\" style=\"width: 100%; height: auto; vertical-align: middle;\" width=\"1000\"><img decoding=\"async\" height=\"1000\" referrerpolicy=\"no-referrer\" src=\"https:\/\/ae01.alicdn.com\/kf\/S549ef97bb27e4969a47f7f1136bb182bO.jpg\" style=\"width: 100%; height: auto; vertical-align: middle;\" width=\"1000\"><img decoding=\"async\" height=\"1000\" referrerpolicy=\"no-referrer\" src=\"https:\/\/ae01.alicdn.com\/kf\/S7b23b963222b43a2babb10d3f0b5442e6.jpg\" style=\"width: 100%; height: auto; vertical-align: middle;\" width=\"1000\"><\/p>\n<p class=\"word-break white-space mt-10\" style=\"text-align:left;color:#434649;font-size:13px;font-weight:normal;\">Akumulatora tips:<br \/>\nAkumulatora ietilp\u012bba: 100 Ah<br \/>\nAkumulatora izm\u0113rs: 230 * 230 * 180 mm (+\/- 10 mm)<br \/>\nSvars: 10,8 kg (+\/- 0,5 kg)<br \/>\nIeb\u016bv\u0113ts: 3,2 V LiFePO4 akumulators<br \/>\nNomin\u0101lais spriegums: 12,8 V<br \/>\nMaksim\u0101l\u0101 uzl\u0101des str\u0101va: 50A<br \/>\nMoment\u0101n\u0101 izl\u0101des str\u0101va: 200A<br \/>\nNep\u0101rtraukta izl\u0101des str\u0101va: 100A<br \/>\nKalpo\u0161anas laiks: 6000 cikli vai vair\u0101k<br \/>\nKorpusa materi\u0101ls: Matel<br \/>\nUzl\u0101des temperat\u016bra: 0~45\u00b0C<br \/>\nIzl\u0101des temperat\u016bra: -20~60\u00b0C<br \/>\nUzglab\u0101\u0161anas temperat\u016bra: -20~65 \u00b0C<br \/>\nDarba sprieguma diapazons: 8,0 V\u201314,6 V<br \/>\nP\u0101rslodzes aizsardz\u012bbas spriegums: 14,6 V \u00b1 0,05 V<br \/>\nAizsardz\u012bbas spriegums pret p\u0101rslodzi: 8,0 V \u00b1 0,05 V<br \/>\nAizsarg\u0101t akumulatora temperat\u016bru: 60\u00b0C plus 5\u00b0C<br \/>\nIzeja un parametri: augstas str\u0101vas pozit\u012bvais\/negat\u012bvais savienojuma kolonna (sarkans pozit\u012bvs, melns negat\u012bvs)<\/p>\n<p><img loading=\"lazy\" decoding=\"async\" height=\"1000\" referrerpolicy=\"no-referrer\" src=\"https:\/\/ae01.alicdn.com\/kf\/Sb5c8989b88024f3ab8bb5925541be49d0.jpg?width=1000&#038;height=1000&#038;hash=2000\" style=\"width: 100%; height: auto; vertical-align: middle;\" width=\"1000\"><img loading=\"lazy\" decoding=\"async\" height=\"1000\" referrerpolicy=\"no-referrer\" src=\"https:\/\/ae01.alicdn.com\/kf\/Sc0db1c83ad5b4c7ba22efb77ff13ea71S.jpg\" style=\"width: 100%; height: auto; vertical-align: middle;\" width=\"1000\"><img loading=\"lazy\" decoding=\"async\" height=\"1000\" referrerpolicy=\"no-referrer\" src=\"https:\/\/ae01.alicdn.com\/kf\/S1e25678d179944c5872e7d160ebab46c3.jpg?width=1000&#038;height=1000&#038;hash=2000\" style=\"width: 100%; height: auto; vertical-align: middle;\" width=\"1000\"><\/p>\n<p class=\"word-break white-space mt-10\" style=\"color:rgb(67, 70, 73);\">Elektrisk\u0101s ener\u0123ijas pielietojums<\/p>\n<p class=\"word-break white-space mt-10\" style=\"color:rgb(67, 70, 73);\">\u25cf Iedarbiniet akumulatora motoru<\/p>\n<p class=\"word-break white-space mt-10\" style=\"color:rgb(67, 70, 73);\">\u25cf Komerci\u0101lie autobusi un autobusi:<\/p>\n<p class=\"word-break white-space mt-10\" style=\"color:rgb(67, 70, 73);\">Elektroautomobi\u013ci, elektriskie autobusi, golfa rati\u0146i\/elektriskie velosip\u0113di, motorolleri, kemperi, AGV, j\u016bras k\u0101jnieki, autobusi, dz\u012bvojam\u0101s piekabes, rati\u0146kr\u0113sli,<\/p>\n<p class=\"word-break white-space mt-10\" style=\"color:rgb(67, 70, 73);\">Elektroniskie kravas automobi\u013ci, elektronisk\u0101s slauc\u012b\u0161anas ma\u0161\u012bnas, gr\u012bdas t\u012br\u012bt\u0101ji, elektroniskie staigul\u012b\u0161i utt.<\/p>\n<p class=\"word-break white-space mt-10\" style=\"color:rgb(67, 70, 73);\">\u25cf Inteli\u0123ents robots<\/p>\n<p class=\"word-break white-space mt-10\" style=\"color:rgb(67, 70, 73);\">\u25cf Elektroinstrumenti: elektriskie urbji, rota\u013clietas<\/p>\n<p class=\"word-break white-space mt-10\" style=\"color:rgb(67, 70, 73);\">Ener\u0123ijas uzglab\u0101\u0161ana<\/p>\n<p class=\"word-break white-space mt-10\" style=\"color:rgb(67, 70, 73);\">\u25cf Saules v\u0113ja ener\u0123ijas sist\u0113ma<\/p>\n<p class=\"word-break white-space mt-10\" style=\"color:rgb(67, 70, 73);\">\u25cf Pils\u0113tas re\u017e\u0123is (iesl\u0113gts\/izsl\u0113gts)<\/p>\n<p class=\"word-break white-space mt-10\" style=\"color:rgb(67, 70, 73);\">Rezerves sist\u0113ma un UPS<\/p>\n<p class=\"word-break white-space mt-10\" style=\"color:rgb(67, 70, 73);\">\u25cf Telekomunik\u0101ciju b\u0101ze, kabe\u013ctelev\u012bzijas sist\u0113ma, datoru serveru centrs, medic\u012bnas iek\u0101rtas, milit\u0101rais apr\u012bkojums<\/p>\n<p class=\"word-break white-space mt-10\" style=\"color:rgb(67, 70, 73);\">\u25cf Dro\u0161\u012bba un elektronika, mobilais tirdzniec\u012bbas punkts, kalnr\u016bpniec\u012bbas apgaismojums \/ luktur\u012btis \/ LED apgaismojums \/ av\u0101rijas apgaismojums<\/p>\n<p class=\"word-break white-space mt-10\" style=\"color:rgb(67, 70, 73);\">Produkta priek\u0161roc\u012bbas:<\/p>\n<p class=\"word-break white-space mt-10\" style=\"color:rgb(67, 70, 73);\">Viegli p\u0101rn\u0113s\u0101jams, liela ietilp\u012bba, augsta atbr\u012bvo\u0161anas platforma, ilgs darba laiks, ilgs kalpo\u0161anas laiks, dro\u0161\u012bba un vides aizsardz\u012bba<\/p>\n<p><img loading=\"lazy\" decoding=\"async\" height=\"1000\" referrerpolicy=\"no-referrer\" src=\"https:\/\/ae01.alicdn.com\/kf\/S27b23c2fe70a4c37899b54c92940cb610.jpg\" style=\"width: 100%; height: auto; vertical-align: middle;\" width=\"1000\"><\/div>\n<\/div>","protected":false},"excerpt":{"rendered":"<p>Nominal Capacity:&nbsp;120AH Weight:&nbsp;About 12.8kg Size:&nbsp;300*210*170mm Application:&nbsp;EV,RV,Marine Boat,Trolling Motor,Home Energy,Solar Power Storage,Off-Grid Solar Power System,Others Model Number:&nbsp;12V Liferpo4 Battery Type:&nbsp;LiFePO4 Brand Name:&nbsp;Likctt Origin:&nbsp;Mainland China Transportation in the European Union, United Kingdom,the<\/p>","protected":false},"featured_media":7474,"comment_status":"open","ping_status":"closed","template":"","meta":{"_acf_changed":false},"product_brand":[],"product_cat":[237],"product_tag":[243],"class_list":{"0":"post-7519","1":"product","2":"type-product","3":"status-publish","4":"has-post-thumbnail","6":"product_cat-100-200ah-lifepo4-batteries","7":"product_tag-usamr","9":"first","10":"instock","11":"shipping-taxable","12":"purchasable","13":"product-type-variable"},"acf":[],"_links":{"self":[{"href":"https:\/\/electricstore.eu\/lv\/wp-json\/wp\/v2\/product\/7519","targetHints":{"allow":["GET"]}}],"collection":[{"href":"https:\/\/electricstore.eu\/lv\/wp-json\/wp\/v2\/product"}],"about":[{"href":"https:\/\/electricstore.eu\/lv\/wp-json\/wp\/v2\/types\/product"}],"replies":[{"embeddable":true,"href":"https:\/\/electricstore.eu\/lv\/wp-json\/wp\/v2\/comments?post=7519"}],"wp:featuredmedia":[{"embeddable":true,"href":"https:\/\/electricstore.eu\/lv\/wp-json\/wp\/v2\/media\/7474"}],"wp:attachment":[{"href":"https:\/\/electricstore.eu\/lv\/wp-json\/wp\/v2\/media?parent=7519"}],"wp:term":[{"taxonomy":"product_brand","embeddable":true,"href":"https:\/\/electricstore.eu\/lv\/wp-json\/wp\/v2\/product_brand?post=7519"},{"taxonomy":"product_cat","embeddable":true,"href":"https:\/\/electricstore.eu\/lv\/wp-json\/wp\/v2\/product_cat?post=7519"},{"taxonomy":"product_tag","embeddable":true,"href":"https:\/\/electricstore.eu\/lv\/wp-json\/wp\/v2\/product_tag?post=7519"}],"curies":[{"name":"wp","href":"https:\/\/api.w.org\/{rel}","templated":true}]}}