{"id":7503,"date":"2025-05-15T19:32:03","date_gmt":"2025-05-15T19:32:03","guid":{"rendered":"https:\/\/electricstore.eu\/product\/usamr-600ah-12v-lifepo4-battery-2\/"},"modified":"2025-05-21T05:40:16","modified_gmt":"2025-05-21T05:40:16","slug":"usamr-600ah-12v-lifepo4-battery-2","status":"publish","type":"product","link":"https:\/\/electricstore.eu\/lv\/p\/batteries\/lifepo4-batteries\/200ah-lifepo4-batteries\/usamr-600ah-12v-lifepo4-battery-2\/","title":{"rendered":"USAMR 600AH 12V LiFePO4 akumulators"},"content":{"rendered":"<div class=\"product-specs-list-container\">\n<ul class=\"product-specs-list util-clearfix\">\n<li class=\"product-prop line-limit-length\"><span\n                                        class=\"property-title\">Nomin\u0101l\u0101 ietilp\u012bba:&nbsp;<\/span><span\n                                        class=\"property-desc line-limit-length\">600AH<\/span>\n                            <\/li>\n<li class=\"product-prop line-limit-length\"><span\n                                        class=\"property-title\">Svars:&nbsp;<\/span><span\n                                        class=\"property-desc line-limit-length\">Apm\u0113ram 50,4 kg<\/span>\n                            <\/li>\n<li class=\"product-prop line-limit-length\"><span\n                                        class=\"property-title\">Spriegums:&nbsp;<\/span><span\n                                        class=\"property-desc line-limit-length\">12 V<\/span>\n                            <\/li>\n<li class=\"product-prop line-limit-length\"><span\n                                        class=\"property-title\">Izm\u0113rs:&nbsp;<\/span><span\n                                        class=\"property-desc line-limit-length\">430x310x270mm<\/span>\n                            <\/li>\n<li class=\"product-prop line-limit-length\"><span\n                                        class=\"property-title\">Mode\u013ca numurs:&nbsp;<\/span><span\n                                        class=\"property-desc line-limit-length\">12 V Liferpo4 akumulators<\/span>\n                            <\/li>\n<li class=\"product-prop line-limit-length\"><span\n                                        class=\"property-title\">Tips:&nbsp;<\/span><span\n                                        class=\"property-desc line-limit-length\">LiFePO4<\/span>\n                            <\/li>\n<li class=\"product-prop line-limit-length\"><span\n                                        class=\"property-title\">Z\u012bmola nosaukums:&nbsp;<\/span><span\n                                        class=\"property-desc line-limit-length\">Likctt<\/span>\n                            <\/li>\n<li class=\"product-prop line-limit-length\"><span\n                                        class=\"property-title\">Izcelsme:&nbsp;<\/span><span\n                                        class=\"property-desc line-limit-length\">Kontinent\u0101l\u0101 \u0136\u012bna<\/span>\n                            <\/li>\n<\/ul><\/div>\n<div class=\"detailmodule_html\">\n<div class=\"detail-desc-decorate-richtext\">\n<p style=\"text-align:left;color:#ff0000;font-size:20px;font-weight:bold;\">P\u0101rvad\u0101jumi Eiropas Savien\u012bb\u0101, Apvienotaj\u0101 Karalist\u0113, Amerikas Savienotaj\u0101s Valst\u012bs, Kan\u0101d\u0101 un \u0100zij\u0101 BEZ NODOK\u013bIEM.<\/p>\n<p style=\"text-align:left;color:#434649;font-size:13px;\">ES noliktava (Polijas noliktava) ir ieradusies. Draugi, kuriem t\u0101 ir nepiecie\u0161ama, var veikt pas\u016bt\u012bjumu jau tagad. Vispirms veiciet pas\u016bt\u012bjumu un vispirms organiz\u0113jiet pieg\u0101di. Preces var\u0113siet sa\u0146emt 3\u20137 dienu laik\u0101 p\u0113c nos\u016bt\u012b\u0161anas.<br \/>\nAkumulatora tips:<br \/>\nAkumulatora ietilp\u012bba: 600 Ah<br \/>\nBattery size:615x245x220mm (+\/-10mm)<br \/>\nSvars: 50,4 kg (+\/- 0,5 kg)<br \/>\nIeb\u016bv\u0113ts: 3,2 V LiFePO4 akumulators<br \/>\nNomin\u0101lais spriegums: 12,8 V<br \/>\nMaksim\u0101l\u0101 uzl\u0101des str\u0101va: 50A<br \/>\nMoment\u0101n\u0101 izl\u0101des str\u0101va: 200A<br \/>\nNep\u0101rtraukta izl\u0101des str\u0101va: 100A<br \/>\nKalpo\u0161anas laiks: 6000 cikli vai vair\u0101k<br \/>\nUzl\u0101des temperat\u016bra: 0~45\u00b0C<br \/>\nIzl\u0101des temperat\u016bra: -20~60\u00b0C<br \/>\nUzglab\u0101\u0161anas temperat\u016bra: -20~65 \u00b0C<br \/>\nDarba sprieguma diapazons: 8,0 V\u201314,6 V<br \/>\nP\u0101rslodzes aizsardz\u012bbas spriegums: 14,6 V \u00b1 0,05 V<br \/>\nAizsardz\u012bbas spriegums pret p\u0101rslodzi: 8,0 V \u00b1 0,05 V<br \/>\nAizsarg\u0101t akumulatora temperat\u016bru: 60\u00b0C plus 5\u00b0C<br \/>\nIzeja un parametri: augstas str\u0101vas pozit\u012bvais\/negat\u012bvais savienojuma kolonna (sarkans pozit\u012bvs, melns negat\u012bvs)<\/p>\n<p><img fetchpriority=\"high\" decoding=\"async\" height=\"1000\" referrerpolicy=\"no-referrer\" src=\"https:\/\/ae01.alicdn.com\/kf\/Se3deb13737174179bee1d06938912b27G.jpg?width=1000&#038;height=1000&#038;hash=2000\" style=\"width: 100%; height: auto; vertical-align: middle;\" width=\"1000\"><img decoding=\"async\" height=\"1000\" referrerpolicy=\"no-referrer\" src=\"https:\/\/ae01.alicdn.com\/kf\/Sf6583fa7dedf4cea854521e5fd5add35s.jpg?width=1000&#038;height=1000&#038;hash=2000\" style=\"width: 100%; height: auto; vertical-align: middle;\" width=\"1000\"><img decoding=\"async\" height=\"1000\" referrerpolicy=\"no-referrer\" src=\"https:\/\/ae01.alicdn.com\/kf\/S8c236631c0074bbaa1b11b49d38d519fb.jpg?width=1000&#038;height=1000&#038;hash=2000\" style=\"width: 100%; height: auto; vertical-align: middle;\" width=\"1000\"><\/p>\n<p style=\"text-align:left;color:#434649;font-size:13px;\">Akumulatora tips:<br \/>\nAkumulatora ietilp\u012bba: 600 Ah<br \/>\nBattery size:430*310*270mm (+\/-10mm)<br \/>\nSvars: 50,4 kg (+\/- 0,5 kg)<br \/>\nIeb\u016bv\u0113ts: 3,2 V LiFePO4 akumulators<br \/>\nNomin\u0101lais spriegums: 12,8 V<br \/>\nMaksim\u0101l\u0101 uzl\u0101des str\u0101va: 50A<br \/>\nMoment\u0101n\u0101 izl\u0101des str\u0101va: 200A<br \/>\nNep\u0101rtraukta izl\u0101des str\u0101va: 100A<br \/>\nKalpo\u0161anas laiks: 6000 cikli vai vair\u0101k<br \/>\nKorpusa materi\u0101ls: Matel<br \/>\nUzl\u0101des temperat\u016bra: 0~45\u00b0C<br \/>\nIzl\u0101des temperat\u016bra: -20~60\u00b0C<br \/>\nUzglab\u0101\u0161anas temperat\u016bra: -20~65 \u00b0C<br \/>\nDarba sprieguma diapazons: 8,0 V\u201314,6 V<br \/>\nP\u0101rslodzes aizsardz\u012bbas spriegums: 14,6 V \u00b1 0,05 V<br \/>\nAizsardz\u012bbas spriegums pret p\u0101rslodzi: 8,0 V \u00b1 0,05 V<br \/>\nAizsarg\u0101t akumulatora temperat\u016bru: 60\u00b0C plus 5\u00b0C<br \/>\nIzeja un parametri: augstas str\u0101vas pozit\u012bvais\/negat\u012bvais savienojuma kolonna (sarkans pozit\u012bvs, melns negat\u012bvs)<\/p>\n<p><img loading=\"lazy\" decoding=\"async\" height=\"1000\" referrerpolicy=\"no-referrer\" src=\"https:\/\/ae01.alicdn.com\/kf\/S23c1d7b5797d4845845a3c736fb66b689.jpg\" style=\"width: 100%; height: auto; vertical-align: middle;\" width=\"1000\"><img loading=\"lazy\" decoding=\"async\" height=\"1000\" referrerpolicy=\"no-referrer\" src=\"https:\/\/ae01.alicdn.com\/kf\/S252a329e7df74ac982a61897c8aaa46ay.jpg\" style=\"width: 100%; height: auto; vertical-align: middle;\" width=\"1000\"><img loading=\"lazy\" decoding=\"async\" height=\"1000\" referrerpolicy=\"no-referrer\" src=\"https:\/\/ae01.alicdn.com\/kf\/S78a70a9793244904a68897a04c367ba0C.jpg?width=1000&amp;height=1000&amp;hash=2000\" style=\"width: 100%; height: auto; vertical-align: middle;\" width=\"1000\"><img loading=\"lazy\" decoding=\"async\" height=\"1000\" referrerpolicy=\"no-referrer\" src=\"https:\/\/ae01.alicdn.com\/kf\/S47846d325fa746d1b8838ed8f67d4826m.jpg?width=1000&amp;height=1000&amp;hash=2000\" style=\"width: 100%; height: auto; vertical-align: middle;\" width=\"1000\"><img loading=\"lazy\" decoding=\"async\" height=\"1000\" referrerpolicy=\"no-referrer\" src=\"https:\/\/ae01.alicdn.com\/kf\/S7dfa761837cd4db996c9096a04e71b13N.jpg?width=1000&amp;height=1000&amp;hash=2000\" style=\"width: 100%; height: auto; vertical-align: middle;\" width=\"1000\"><img loading=\"lazy\" decoding=\"async\" height=\"1000\" referrerpolicy=\"no-referrer\" src=\"https:\/\/ae01.alicdn.com\/kf\/Sf3183bee04f042edb56f6693202892dbp.jpg?width=1000&amp;height=1000&amp;hash=2000\" style=\"width: 100%; height: auto; vertical-align: middle;\" width=\"1000\"><img loading=\"lazy\" decoding=\"async\" height=\"1000\" referrerpolicy=\"no-referrer\" src=\"https:\/\/ae01.alicdn.com\/kf\/S559209be39524e6190b59d24ba79b677n.jpg?width=1000&amp;height=1000&amp;hash=2000\" style=\"width: 100%; height: auto; vertical-align: middle;\" width=\"1000\"><img loading=\"lazy\" decoding=\"async\" height=\"1000\" referrerpolicy=\"no-referrer\" src=\"https:\/\/ae01.alicdn.com\/kf\/S1dd2bfb17ba6429f8e2b5739caf1913bZ.jpg?width=1000&amp;height=1000&amp;hash=2000\" style=\"width: 100%; height: auto; vertical-align: middle;\" width=\"1000\"><img loading=\"lazy\" decoding=\"async\" height=\"1000\" referrerpolicy=\"no-referrer\" src=\"https:\/\/ae01.alicdn.com\/kf\/Sa3c63795cbd34f198df6cadc6646a1ddN.jpg?width=1000&amp;height=1000&amp;hash=2000\" style=\"width: 100%; height: auto; vertical-align: middle;\" width=\"1000\"><\/p>\n<p style=\"text-align:left;color:#434649;font-size:13px;\">Elektrisk\u0101s ener\u0123ijas pielietojums<br \/>\n\u25cf Iedarbiniet akumulatora motoru<br \/>\n\u25cf Komerci\u0101lie autobusi un autobusi:<br \/>\nElektroautomobi\u013ci, elektriskie autobusi, golfa rati\u0146i\/elektriskie velosip\u0113di, motorolleri, kemperi, AGV, j\u016bras k\u0101jnieki, autobusi, dz\u012bvojam\u0101s piekabes, rati\u0146kr\u0113sli,<br \/>\nElektroniskie kravas automobi\u013ci, elektronisk\u0101s slauc\u012b\u0161anas ma\u0161\u012bnas, gr\u012bdas t\u012br\u012bt\u0101ji, elektroniskie staigul\u012b\u0161i utt.<br \/>\n\u25cf Inteli\u0123ents robots<br \/>\n\u25cf Elektroinstrumenti: elektriskie urbji, rota\u013clietas<br \/>\nEner\u0123ijas uzglab\u0101\u0161ana<br \/>\n\u25cf Saules v\u0113ja ener\u0123ijas sist\u0113ma<br \/>\n\u25cf Pils\u0113tas re\u017e\u0123is (iesl\u0113gts\/izsl\u0113gts)<br \/>\nRezerves sist\u0113ma un UPS<br \/>\n\u25cf Telekomunik\u0101ciju b\u0101ze, kabe\u013ctelev\u012bzijas sist\u0113ma, datoru serveru centrs, medic\u012bnas iek\u0101rtas, milit\u0101rais apr\u012bkojums<br \/>\ncitas lietotnes<br \/>\n\u25cf Dro\u0161\u012bba un elektronika, mobilais tirdzniec\u012bbas punkts, kalnr\u016bpniec\u012bbas apgaismojums \/ luktur\u012btis \/ LED apgaismojums \/ av\u0101rijas apgaismojums<br \/>\nProdukta priek\u0161roc\u012bbas:<br \/>\nViegli p\u0101rn\u0113s\u0101jams, liela ietilp\u012bba, augsta atbr\u012bvo\u0161anas platforma, ilgs darba laiks, ilgs kalpo\u0161anas laiks, dro\u0161\u012bba un vides aizsardz\u012bba<\/p>\n<p><img loading=\"lazy\" decoding=\"async\" height=\"1000\" referrerpolicy=\"no-referrer\" src=\"https:\/\/ae01.alicdn.com\/kf\/S27b23c2fe70a4c37899b54c92940cb610.jpg\" style=\"width: 100%; height: auto; vertical-align: middle;\" width=\"1000\"><\/div>\n<\/div>","protected":false},"excerpt":{"rendered":"<p>Nominal Capacity:&nbsp;600AH Weight:&nbsp;About 50.4kg Voltage:&nbsp;12V Size:&nbsp;430x310x270mm Model Number:&nbsp;12V Liferpo4 Battery Type:&nbsp;LiFePO4 Brand Name:&nbsp;Likctt Origin:&nbsp;Mainland China Transportation in the European Union, United Kingdom,the United States, Canada, and Asian TAX FREE. The<\/p>","protected":false},"featured_media":7504,"comment_status":"open","ping_status":"closed","template":"","meta":{"_acf_changed":false},"product_brand":[],"product_cat":[238],"product_tag":[243],"class_list":{"0":"post-7503","1":"product","2":"type-product","3":"status-publish","4":"has-post-thumbnail","6":"product_cat-200ah-lifepo4-batteries","7":"product_tag-usamr","9":"first","10":"instock","11":"shipping-taxable","12":"purchasable","13":"product-type-variable"},"acf":[],"_links":{"self":[{"href":"https:\/\/electricstore.eu\/lv\/wp-json\/wp\/v2\/product\/7503","targetHints":{"allow":["GET"]}}],"collection":[{"href":"https:\/\/electricstore.eu\/lv\/wp-json\/wp\/v2\/product"}],"about":[{"href":"https:\/\/electricstore.eu\/lv\/wp-json\/wp\/v2\/types\/product"}],"replies":[{"embeddable":true,"href":"https:\/\/electricstore.eu\/lv\/wp-json\/wp\/v2\/comments?post=7503"}],"wp:featuredmedia":[{"embeddable":true,"href":"https:\/\/electricstore.eu\/lv\/wp-json\/wp\/v2\/media\/7504"}],"wp:attachment":[{"href":"https:\/\/electricstore.eu\/lv\/wp-json\/wp\/v2\/media?parent=7503"}],"wp:term":[{"taxonomy":"product_brand","embeddable":true,"href":"https:\/\/electricstore.eu\/lv\/wp-json\/wp\/v2\/product_brand?post=7503"},{"taxonomy":"product_cat","embeddable":true,"href":"https:\/\/electricstore.eu\/lv\/wp-json\/wp\/v2\/product_cat?post=7503"},{"taxonomy":"product_tag","embeddable":true,"href":"https:\/\/electricstore.eu\/lv\/wp-json\/wp\/v2\/product_tag?post=7503"}],"curies":[{"name":"wp","href":"https:\/\/api.w.org\/{rel}","templated":true}]}}