{"id":25754,"date":"2025-05-20T19:01:15","date_gmt":"2025-05-20T19:01:15","guid":{"rendered":"https:\/\/electricstore.eu\/p\/uncategorized\/joyor-e6-s-electric-scooter-3200w-dual-powerful-motor-80km-h-60v-31-5ah-battery-100km-range-11-vacuum-wheel-foldable-escooter\/"},"modified":"2025-05-20T19:01:16","modified_gmt":"2025-05-20T19:01:16","slug":"joyor-e6-s-electric-scooter-3200w-dual-powerful-motor-80km-h-60v-31-5ah-battery-100km-range-11-vacuum-wheel-foldable-escooter","status":"publish","type":"product","link":"https:\/\/electricstore.eu\/lv\/p\/scooters\/joyor-e6-s-electric-scooter-3200w-dual-powerful-motor-80km-h-60v-31-5ah-battery-100km-range-11-vacuum-wheel-foldable-escooter\/","title":{"rendered":"JOYOR E6-S elektriskais skrejritenis, 3200 W, jaud\u012bgs divk\u0101r\u0161ais motors, 80 km\/h, 60 V, 31,5 Ah akumulators, 100 km darb\u012bbas r\u0101diuss, 11 collu salok\u0101ms vakuuma ritenis"},"content":{"rendered":"<div class=\"product-specs-list-container\">\n<ul class=\"product-specs-list util-clearfix\">\n<li class=\"product-prop line-limit-length\"><span\n                                        class=\"property-title\">Riepu izm\u0113rs:&nbsp;<\/span><span\n                                        class=\"property-desc line-limit-length\">11 collas<\/span>\n                            <\/li>\n<li class=\"product-prop line-limit-length\"><span\n                                        class=\"property-title\">Mode\u013ca numurs:&nbsp;<\/span><span\n                                        class=\"property-desc line-limit-length\">JOYOR E6-S<\/span>\n                            <\/li>\n<li class=\"product-prop line-limit-length\"><span\n                                        class=\"property-title\">Kategorija:&nbsp;<\/span><span\n                                        class=\"property-desc line-limit-length\">Divrite\u0146u sk\u016bteris<\/span>\n                            <\/li>\n<li class=\"product-prop line-limit-length\"><span\n                                        class=\"property-title\">Piem\u0113rojamie cilv\u0113ki:&nbsp;<\/span><span\n                                        class=\"property-desc line-limit-length\">Unisex<\/span>\n                            <\/li>\n<li class=\"product-prop line-limit-length\"><span\n                                        class=\"property-title\">Diapazons ar vienu uzl\u0101di:&nbsp;<\/span><span\n                                        class=\"property-desc line-limit-length\">60\u201380 km<\/span>\n                            <\/li>\n<li class=\"product-prop line-limit-length\"><span\n                                        class=\"property-title\">Uzl\u0101des laiks:&nbsp;<\/span><span\n                                        class=\"property-desc line-limit-length\">6\u20138 stundas<\/span>\n                            <\/li>\n<li class=\"product-prop line-limit-length\"><span\n                                        class=\"property-title\">Spriegums:&nbsp;<\/span><span\n                                        class=\"property-desc line-limit-length\">60 V<\/span>\n                            <\/li>\n<li class=\"product-prop line-limit-length\"><span\n                                        class=\"property-title\">Saloc\u012bts:&nbsp;<\/span><span\n                                        class=\"property-desc line-limit-length\">J\u0100<\/span>\n                            <\/li>\n<li class=\"product-prop line-limit-length\"><span\n                                        class=\"property-title\">Izcelsme:&nbsp;<\/span><span\n                                        class=\"property-desc line-limit-length\">Kontinent\u0101l\u0101 \u0136\u012bna<\/span>\n                            <\/li>\n<li class=\"product-prop line-limit-length\"><span\n                                        class=\"property-title\">Jauda (W):&nbsp;<\/span><span\n                                        class=\"property-desc line-limit-length\">501\u20131000 W<\/span>\n                            <\/li>\n<li class=\"product-prop line-limit-length\"><span\n                                        class=\"property-title\">R\u0101mis:&nbsp;<\/span><span\n                                        class=\"property-desc line-limit-length\">Alum\u012bnija sakaus\u0113jums<\/span>\n                            <\/li>\n<li class=\"product-prop line-limit-length\"><span\n                                        class=\"property-title\">Motors:&nbsp;<\/span><span\n                                        class=\"property-desc line-limit-length\">3200 W<\/span>\n                            <\/li>\n<li class=\"product-prop line-limit-length\"><span\n                                        class=\"property-title\">Akumulators:&nbsp;<\/span><span\n                                        class=\"property-desc line-limit-length\">60V 31.5Ah<\/span>\n                            <\/li>\n<li class=\"product-prop line-limit-length\"><span\n                                        class=\"property-title\">K\u0101p\u0161anas pak\u0101pe:&nbsp;<\/span><span\n                                        class=\"property-desc line-limit-length\">35\u00b0<\/span>\n                            <\/li>\n<li class=\"product-prop line-limit-length\"><span\n                                        class=\"property-title\">Maksim\u0101l\u0101 slodze:&nbsp;<\/span><span\n                                        class=\"property-desc line-limit-length\">120 kg<\/span>\n                            <\/li>\n<li class=\"product-prop line-limit-length\"><span\n                                        class=\"property-title\">Displejs:&nbsp;<\/span><span\n                                        class=\"property-desc line-limit-length\">LED<\/span>\n                            <\/li>\n<li class=\"product-prop line-limit-length\"><span\n                                        class=\"property-title\">Sertifik\u0101ts:&nbsp;<\/span><span\n                                        class=\"property-desc line-limit-length\"><\/span>\n                            <\/li>\n<\/ul><\/div>\n<h1 style=\"text-align:center\" align=\"center\"><strong>JOYOR E6-S Electric Scooter 3200W Dual Powerful Motor 80km\/h 60V 31.5Ah Battery 100km Range 11&quot; Vacuum Wheel Foldable Escooter<\/strong><\/h1>\n<p style=\"text-align:center\" align=\"center\"><img decoding=\"async\" src=\"https:\/\/ae01.alicdn.com\/kf\/S05d01b354bc6481eb7c06390587e41d42.jpg\" slate-data-type=\"image\"\/><img decoding=\"async\" src=\"https:\/\/ae01.alicdn.com\/kf\/Sc431f5345f08403989a92fd30f803bf4G.jpg\" slate-data-type=\"image\"\/><img decoding=\"async\" src=\"https:\/\/ae01.alicdn.com\/kf\/S7e2d193dc0994b25a5055d0a619fc70ay.jpg\" slate-data-type=\"image\"\/><img decoding=\"async\" src=\"https:\/\/ae01.alicdn.com\/kf\/Sc24abf9982fb434e994d0ed85fdac6caB.jpg\" slate-data-type=\"image\"\/><img decoding=\"async\" src=\"https:\/\/ae01.alicdn.com\/kf\/Sf87564eaadfc48cdbe8e65a7e3b552b3s.jpg\" slate-data-type=\"image\"\/><img decoding=\"async\" src=\"https:\/\/ae01.alicdn.com\/kf\/S181dbf2971aa4d68840816a062a5ac7bv.jpg\" slate-data-type=\"image\"\/><img decoding=\"async\" src=\"https:\/\/ae01.alicdn.com\/kf\/Sc3efab40b091404c90c8b11e7c9bd2fdu.jpg\" slate-data-type=\"image\"\/><img decoding=\"async\" src=\"https:\/\/ae01.alicdn.com\/kf\/S5f0c3225f8ac4951a951b737b1142295g.jpg\" slate-data-type=\"image\"\/><img decoding=\"async\" src=\"https:\/\/ae01.alicdn.com\/kf\/S78184a6a2ac74010b65759e5e1e0c2ebw.jpg\" slate-data-type=\"image\"\/><img decoding=\"async\" src=\"https:\/\/ae01.alicdn.com\/kf\/S701519710a99473ab1c24eb11bf3015ar.jpg\" slate-data-type=\"image\"\/><img decoding=\"async\" src=\"https:\/\/ae01.alicdn.com\/kf\/S83abbd590a7a41658d2cb74b25330b84a.jpg\" slate-data-type=\"image\"\/><img decoding=\"async\" src=\"https:\/\/ae01.alicdn.com\/kf\/S5a510533550b4fa0837f1d2571da918eZ.jpg\" slate-data-type=\"image\"\/><img decoding=\"async\" src=\"https:\/\/ae01.alicdn.com\/kf\/Scfe9d0eb8db840f791dff4f5d92537d33.jpg\" slate-data-type=\"image\"\/><img decoding=\"async\" src=\"https:\/\/ae01.alicdn.com\/kf\/S6eb8a967c2034a6a9f0d27c5f09e7bdcU.jpg\" slate-data-type=\"image\"\/><img decoding=\"async\" src=\"https:\/\/ae01.alicdn.com\/kf\/S9c8d9a17c1a54ade926e9ef4fc6daa5ew.jpg\" slate-data-type=\"image\"\/><img decoding=\"async\" src=\"https:\/\/ae01.alicdn.com\/kf\/S1307f5695ded4199912c78645a4c7b6ac.jpg\" slate-data-type=\"image\"\/><img decoding=\"async\" src=\"https:\/\/ae01.alicdn.com\/kf\/S06cf4df98b4a40bd800fb5557904337cp.jpg\" slate-data-type=\"image\"\/><img decoding=\"async\" src=\"https:\/\/ae01.alicdn.com\/kf\/S88de744cce2c4c1fb3530745618c6211M.jpg\" slate-data-type=\"image\"\/><img decoding=\"async\" src=\"https:\/\/ae01.alicdn.com\/kf\/S49ae6460a287444bb2a9f0b6492973cc2.jpg\" slate-data-type=\"image\"\/><img decoding=\"async\" src=\"https:\/\/ae01.alicdn.com\/kf\/S17b62d7e42ef4a7b8e119877231231be7.jpg\" slate-data-type=\"image\"\/><img decoding=\"async\" src=\"https:\/\/ae01.alicdn.com\/kf\/S9dce677a69094c3e904e0f5d7ce788a6Y.jpg\" slate-data-type=\"image\"\/><img decoding=\"async\" src=\"https:\/\/ae01.alicdn.com\/kf\/S37b8d8f2944346aa8eac6d3a6018b51d8.jpg\" slate-data-type=\"image\"\/><img decoding=\"async\" src=\"https:\/\/ae01.alicdn.com\/kf\/S172c3920eac6470cb3cb60339dd96254C.jpg\" slate-data-type=\"image\"\/><img decoding=\"async\" src=\"https:\/\/ae01.alicdn.com\/kf\/Se6dc12b01b0448929be7f7fac7ae0e41N.jpg\" slate-data-type=\"image\"\/><img decoding=\"async\" src=\"https:\/\/ae01.alicdn.com\/kf\/S6a4853bf5d484f0e90fa9e6f82f12bba3.jpg\" slate-data-type=\"image\"\/><img decoding=\"async\" src=\"https:\/\/ae01.alicdn.com\/kf\/Scd8ce88a168c4140945751980787b2dcd.jpg\" slate-data-type=\"image\"\/><\/p>\n<p><\/p>","protected":false},"excerpt":{"rendered":"<p>Tire Size:&nbsp;11 inch Model Number:&nbsp;JOYOR E6-S Category:&nbsp;Two-wheel Scooter Applicable People:&nbsp;Unisex Range Per Charge:&nbsp;60-80km Charging Time:&nbsp;6-8h Voltage:&nbsp;60v Folded:&nbsp;YES Origin:&nbsp;Mainland China Power (W):&nbsp;501-1000w Frame:&nbsp;Aluminum alloy Motor:&nbsp;3200W Battery:&nbsp;60V 31.5Ah Climbing grade:&nbsp;35\u00b0 Max Load:&nbsp;120kg<\/p>","protected":false},"featured_media":25755,"comment_status":"open","ping_status":"closed","template":"","meta":{"_acf_changed":false},"product_brand":[],"product_cat":[297],"product_tag":[],"class_list":{"0":"post-25754","1":"product","2":"type-product","3":"status-publish","4":"has-post-thumbnail","6":"product_cat-scooters","8":"first","9":"instock","10":"shipping-taxable","11":"purchasable","12":"product-type-simple"},"acf":[],"_links":{"self":[{"href":"https:\/\/electricstore.eu\/lv\/wp-json\/wp\/v2\/product\/25754","targetHints":{"allow":["GET"]}}],"collection":[{"href":"https:\/\/electricstore.eu\/lv\/wp-json\/wp\/v2\/product"}],"about":[{"href":"https:\/\/electricstore.eu\/lv\/wp-json\/wp\/v2\/types\/product"}],"replies":[{"embeddable":true,"href":"https:\/\/electricstore.eu\/lv\/wp-json\/wp\/v2\/comments?post=25754"}],"wp:featuredmedia":[{"embeddable":true,"href":"https:\/\/electricstore.eu\/lv\/wp-json\/wp\/v2\/media\/25755"}],"wp:attachment":[{"href":"https:\/\/electricstore.eu\/lv\/wp-json\/wp\/v2\/media?parent=25754"}],"wp:term":[{"taxonomy":"product_brand","embeddable":true,"href":"https:\/\/electricstore.eu\/lv\/wp-json\/wp\/v2\/product_brand?post=25754"},{"taxonomy":"product_cat","embeddable":true,"href":"https:\/\/electricstore.eu\/lv\/wp-json\/wp\/v2\/product_cat?post=25754"},{"taxonomy":"product_tag","embeddable":true,"href":"https:\/\/electricstore.eu\/lv\/wp-json\/wp\/v2\/product_tag?post=25754"}],"curies":[{"name":"wp","href":"https:\/\/api.w.org\/{rel}","templated":true}]}}