{"id":25714,"date":"2025-05-20T19:00:43","date_gmt":"2025-05-20T19:00:43","guid":{"rendered":"https:\/\/electricstore.eu\/p\/uncategorized\/hyper-go-mjx-genuine-license-16208-16210-1-16-4wd-rc-car-55km-h-brushless-rc-racing-car-remote-control-cars-off-road-truck-toys\/"},"modified":"2025-05-20T19:06:11","modified_gmt":"2025-05-20T19:06:11","slug":"hyper-go-mjx-genuine-license-16208-16210-1-16-4wd-rc-car-55km-h-brushless-rc-racing-car-remote-control-cars-off-road-truck-toys","status":"publish","type":"product","link":"https:\/\/electricstore.eu\/lv\/p\/rc\/rc-cars\/hyper-go-mjx-genuine-license-16208-16210-1-16-4wd-rc-car-55km-h-brushless-rc-racing-car-remote-control-cars-off-road-truck-toys\/","title":{"rendered":"Hyper Go MJX ori\u0123in\u0101l\u0101 licence 16208 16210 1\/16 4WD RC automa\u0161\u012bna 55KM\/H bezsuku RC sac\u012bk\u0161u automa\u0161\u012bna ar t\u0101lvad\u012bbas pulti automa\u0161\u012bnas bezce\u013cu kravas automa\u0161\u012bnas rota\u013clietas"},"content":{"rendered":"<div class=\"product-specs-list-container\">\n<ul class=\"product-specs-list util-clearfix\">\n<li class=\"product-prop line-limit-length\"><span\n                                        class=\"property-title\">Augstas ba\u017eas izraiso\u0161a \u0137\u012bmiska viela:&nbsp;<\/span><span\n                                        class=\"property-desc line-limit-length\">Neviens<\/span>\n                            <\/li>\n<li class=\"product-prop line-limit-length\"><span\n                                        class=\"property-title\">CE:&nbsp;<\/span><span\n                                        class=\"property-desc line-limit-length\">Sertifik\u0101ts<\/span>\n                            <\/li>\n<li class=\"product-prop line-limit-length\"><span\n                                        class=\"property-title\">Ir elektrisks:&nbsp;<\/span><span\n                                        class=\"property-desc line-limit-length\">litija akumulators<\/span>\n                            <\/li>\n<li class=\"product-prop line-limit-length\"><span\n                                        class=\"property-title\">Sv\u012btrkods:&nbsp;<\/span><span\n                                        class=\"property-desc line-limit-length\">N\u0113<\/span>\n                            <\/li>\n<li class=\"product-prop line-limit-length\"><span\n                                        class=\"property-title\">Droseles servo:&nbsp;<\/span><span\n                                        class=\"property-desc line-limit-length\">17g digital servo<\/span>\n                            <\/li>\n<li class=\"product-prop line-limit-length\"><span\n                                        class=\"property-title\">St\u016bres pastiprin\u0101t\u0101js:&nbsp;<\/span><span\n                                        class=\"property-desc line-limit-length\">17g digital servo<\/span>\n                            <\/li>\n<li class=\"product-prop line-limit-length\"><span\n                                        class=\"property-title\">Asamblejas \u0161tats:&nbsp;<\/span><span\n                                        class=\"property-desc line-limit-length\">Gatavs lieto\u0161anai<\/span>\n                            <\/li>\n<li class=\"product-prop line-limit-length\"><span\n                                        class=\"property-title\">Lidojuma laiks:&nbsp;<\/span><span\n                                        class=\"property-desc line-limit-length\">12.5min<\/span>\n                            <\/li>\n<li class=\"product-prop line-limit-length\"><span\n                                        class=\"property-title\">Riepu sliedes:&nbsp;<\/span><span\n                                        class=\"property-desc line-limit-length\">182mm<\/span>\n                            <\/li>\n<li class=\"product-prop line-limit-length\"><span\n                                        class=\"property-title\">Rite\u0146u b\u0101ze:&nbsp;<\/span><span\n                                        class=\"property-desc line-limit-length\">175mm<\/span>\n                            <\/li>\n<li class=\"product-prop line-limit-length\"><span\n                                        class=\"property-title\">Att\u0101lais att\u0101lums:&nbsp;<\/span><span\n                                        class=\"property-desc line-limit-length\">60-80m<\/span>\n                            <\/li>\n<li class=\"product-prop line-limit-length\"><span\n                                        class=\"property-title\">Garantija:&nbsp;<\/span><span\n                                        class=\"property-desc line-limit-length\">Neviens<\/span>\n                            <\/li>\n<li class=\"product-prop line-limit-length\"><span\n                                        class=\"property-title\">M\u0113rogs:&nbsp;<\/span><span\n                                        class=\"property-desc line-limit-length\">1:16<\/span>\n                            <\/li>\n<li class=\"product-prop line-limit-length\"><span\n                                        class=\"property-title\">Izm\u0113ri:&nbsp;<\/span><span\n                                        class=\"property-desc line-limit-length\">25.2*20.5*10cm<\/span>\n                            <\/li>\n<li class=\"product-prop line-limit-length\"><span\n                                        class=\"property-title\">Griezes moments:&nbsp;<\/span><span\n                                        class=\"property-desc line-limit-length\">K\u0101 par\u0101d\u012bt<\/span>\n                            <\/li>\n<li class=\"product-prop line-limit-length\"><span\n                                        class=\"property-title\">Mode\u013ca numurs:&nbsp;<\/span><span\n                                        class=\"property-desc line-limit-length\">MJX Hyper Go 16207 16208 16210 16210<\/span>\n                            <\/li>\n<li class=\"product-prop line-limit-length\"><span\n                                        class=\"property-title\">Komplekt\u0101 ietilpst:&nbsp;<\/span><span\n                                        class=\"property-desc line-limit-length\">Ori\u0123in\u0101l\u0101 kaste, baterijas, lieto\u0161anas instrukcija, l\u0101d\u0113t\u0101js, t\u0101lvad\u012bbas pults, USB kabelis<\/span>\n                            <\/li>\n<li class=\"product-prop line-limit-length\"><span\n                                        class=\"property-title\">Vad\u012bbas kan\u0101li:&nbsp;<\/span><span\n                                        class=\"property-desc line-limit-length\">4 kan\u0101li<\/span>\n                            <\/li>\n<li class=\"product-prop line-limit-length\"><span\n                                        class=\"property-title\">Kontroliera re\u017e\u012bms:&nbsp;<\/span><span\n                                        class=\"property-desc line-limit-length\">RE\u017d\u012aMS2<\/span>\n                            <\/li>\n<li class=\"product-prop line-limit-length\"><span\n                                        class=\"property-title\">Uzl\u0101des spriegums:&nbsp;<\/span><span\n                                        class=\"property-desc line-limit-length\">11.1V 1050mAh<\/span>\n                            <\/li>\n<li class=\"product-prop line-limit-length\"><span\n                                        class=\"property-title\">T\u0101lvad\u012bbas pults:&nbsp;<\/span><span\n                                        class=\"property-desc line-limit-length\">J\u0101<\/span>\n                            <\/li>\n<li class=\"product-prop line-limit-length\"><span\n                                        class=\"property-title\">Materi\u0101ls:&nbsp;<\/span><span\n                                        class=\"property-desc line-limit-length\">Met\u0101ls, plastmasa, gumija<\/span>\n                            <\/li>\n<li class=\"product-prop line-limit-length\"><span\n                                        class=\"property-title\">Z\u012bmola nosaukums:&nbsp;<\/span><span\n                                        class=\"property-desc line-limit-length\">WDSZKMYF<\/span>\n                            <\/li>\n<li class=\"product-prop line-limit-length\"><span\n                                        class=\"property-title\">Ieteicamais vecums:&nbsp;<\/span><span\n                                        class=\"property-desc line-limit-length\">14+ gadi<\/span>\n                            <\/li>\n<li class=\"product-prop line-limit-length\"><span\n                                        class=\"property-title\">Izcelsme:&nbsp;<\/span><span\n                                        class=\"property-desc line-limit-length\">Kontinent\u0101l\u0101 \u0136\u012bna<\/span>\n                            <\/li>\n<li class=\"product-prop line-limit-length\"><span\n                                        class=\"property-title\">Dizains:&nbsp;<\/span><span\n                                        class=\"property-desc line-limit-length\">Dirtbike<\/span>\n                            <\/li>\n<li class=\"product-prop line-limit-length\"><span\n                                        class=\"property-title\">Tips:&nbsp;<\/span><span\n                                        class=\"property-desc line-limit-length\">Automa\u0161\u012bna<\/span>\n                            <\/li>\n<li class=\"product-prop line-limit-length\"><span\n                                        class=\"property-title\">Funkcijas:&nbsp;<\/span><span\n                                        class=\"property-desc line-limit-length\">T\u0100LVAD\u012aBAS PULTS<\/span>\n                            <\/li>\n<\/ul><\/div>\n<p><\/p>\n<div class=\"detailmodule_html\">\n<div class=\"detail-desc-decorate-richtext\">\n<p><span style=\"color:rgb(244, 78, 59);font-size:16px\"><strong>Piez\u012bme:<\/strong><\/span><\/p>\n<p><span style=\"color:rgb(244, 78, 59);font-size:16px\">1. The 70KM\/speed of the toy car is the idling speed in the ideal state, and the actual speed of the car is affected by other factors such as the venue.<\/span><\/p>\n<p><span style=\"color:rgb(244, 78, 59);font-size:16px\">2. 16207 can only use 3S battery, 16208 and 16210 can use 2S battery and 3S battery<\/span><\/p>\n<p><span style=\"color:rgb(244, 78, 59);font-size:16px\">3.16208,16209,16210 After replacing the 3S battery, the maximum speed reaches 70KM\/H and the range is more than 20 minutes. This 3S battery is a modified battery, and the charging time takes about 4 hours.<\/span><\/p>\n<p><span style=\"color:rgb(244, 78, 59);font-size:16px\"><\/span><\/p>\n<div class=\"detailmodule_media\">\n<div class=\"video-container-5000210508095\">\n<div class=\"detail-video\" id=\"5000210508095\" data-previewurl=\"https:\/\/ae01.alicdn.com\/kf\/Sdb446eb188794ab7a48383720b5b791aP.jpg\"><\/div>\n<\/div>\n<\/div>\n<p><span style=\"color:rgb(244, 78, 59);font-size:16px\"><\/span><\/p>\n<div>\n<div><span style=\"font-size:20px\"><strong>Hyper Go MJX ori\u0123in\u0101l\u0101 licence 16208 16210 1\/16 4WD RC automa\u0161\u012bna 55KM\/H bezsuku RC sac\u012bk\u0161u automa\u0161\u012bna ar t\u0101lvad\u012bbas pulti automa\u0161\u012bnas bezce\u013cu kravas automa\u0161\u012bnas rota\u013clietas<\/strong><\/span><\/div>\n<\/div>\n<p><strong><span style=\"color:rgb(0, 0, 0);font-size:16px\">Lietojot akumulatoru, l\u016bdzu, \u0146emiet v\u0113r\u0101:<\/span><\/strong><\/p>\n<p><span style=\"color:rgb(0, 0, 0);font-size:16px\">1. Kad akumulators ir izl\u0101d\u0113jies, tas ir j\u0101uzl\u0101d\u0113 savlaic\u012bgi, lai nodro\u0161in\u0101tu akumulatoram papildu jaudu. Ja akumulators ir piln\u012bb\u0101 izl\u0101d\u0113jies, to nevar\u0113s uzl\u0101d\u0113t.<\/span><\/p>\n<p><span style=\"color:rgb(0, 0, 0);font-size:16px\">2. Uzl\u0101d\u0113jot akumulatoru, atvienojiet savienojumu no t\u0101lvad\u012bbas pults automa\u0161\u012bnas. Noteikti iz\u0146emiet akumulatoru, lai to uzl\u0101d\u0113tu atsevi\u0161\u0137i.<\/span><\/p>\n<p><span style=\"color:rgb(0, 0, 0);font-size:16px\">3. Ja neizmantojat t\u0101lvad\u012bbas automa\u0161\u012bnu, l\u016bdzu, atvienojiet akumulatoru no t\u0101lvad\u012bbas automa\u0161\u012bnas vada, nek\u0101d\u0101 gad\u012bjum\u0101 nepievienojiet un piln\u012bb\u0101 uzl\u0101d\u0113jiet akumulatoru, pret\u0113j\u0101 gad\u012bjum\u0101 tas saboj\u0101s akumulatoru.<\/span><\/p>\n<p><strong><span style=\"color:rgb(0, 0, 0);font-size:16px\">MJX 16207 16208 16210 70KM\/H Brushless RC Car 4WD Electric High Speed Off-Road Remote Control Drift Monster Truck for Kids<\/span><\/strong><\/p>\n<p><span style=\"color:rgb(0, 0, 0);font-size:16px\">Piez\u012bme: L\u016bdzu, \u0146emiet v\u0113r\u0101, ka pirms pas\u016bt\u012bjuma veik\u0161anas ir j\u0101no\u0161\u0137ir modelis. Mode\u013ca parametri ir \u0161\u0101di:<\/span><\/p>\n<p><span style=\"color:rgb(0, 0, 0);font-size:16px\">1.<\/span><\/p>\n<p><span style=\"color:rgb(0, 0, 0);font-size:16px\">Product name: 16207<\/span><\/p>\n<p><span style=\"color:rgb(0, 0, 0);font-size:16px\">Size: 25.2*20.5*10CM<\/span><\/p>\n<p><span style=\"color:rgb(0, 0, 0);font-size:16px\">Maximum speed: 70KM\/H<\/span><\/p>\n<p><span style=\"color:rgb(0, 0, 0);font-size:16px\">Battery: 3S 11.1V 1050mAh<\/span><\/p>\n<p><span style=\"color:rgb(0, 0, 0);font-size:16px\">Drive motor: 2845 four-pole brushless motor<\/span><\/p>\n<p><span style=\"color:rgb(0, 0, 0);font-size:16px\">Weight: 1030g<\/span><\/p>\n<p><span style=\"color:rgb(0, 0, 0);font-size:16px\">Working time: 12.5 minutes<\/span><\/p>\n<p><span style=\"color:rgb(0, 0, 0);font-size:16px\">2.<\/span><\/p>\n<p><span style=\"color:rgb(0, 0, 0);font-size:16px\">Product name: 16708<\/span><\/p>\n<p><span style=\"color:rgb(0, 0, 0);font-size:16px\">Size: 31*22.2*13CM<\/span><\/p>\n<p><span style=\"color:rgb(0, 0, 0);font-size:16px\">Maximum speed: 55KM\/H<\/span><\/p>\n<p><span style=\"color:rgb(0, 0, 0);font-size:16px\">Battery: 2S 7.4V 1050mAh<\/span><\/p>\n<p><span style=\"color:rgb(0, 0, 0);font-size:16px\">Drive motor: 2845 four-pole brushless motor<\/span><\/p>\n<p><span style=\"color:rgb(0, 0, 0);font-size:16px\">Weight: 1070g<\/span><\/p>\n<p><span style=\"color:rgb(0, 0, 0);font-size:16px\">Working time: 10 minutes<\/span><\/p>\n<p><span style=\"color:rgb(0, 0, 0);font-size:16px\">3.<\/span><\/p>\n<p><span style=\"color:rgb(0, 0, 0);font-size:16px\">Product name: 16210<\/span><\/p>\n<p><span style=\"color:rgb(0, 0, 0);font-size:16px\">Size: 31*22.2*11CM<\/span><\/p>\n<p><span style=\"color:rgb(0, 0, 0);font-size:16px\">Maximum speed: 55KM\/H<\/span><\/p>\n<p><span style=\"color:rgb(0, 0, 0);font-size:16px\">Battery: 2S 7.4V 1050mAh<\/span><\/p>\n<p><span style=\"color:rgb(0, 0, 0);font-size:16px\">Drive motor: 2845 four-pole brushless motor<\/span><\/p>\n<p><span style=\"color:rgb(0, 0, 0);font-size:16px\">Weight: 1030g<\/span><\/p>\n<p><span style=\"color:rgb(0, 0, 0);font-size:16px\">Working time: 10 minutes<\/span><\/p>\n<p><strong><span style=\"color:rgb(0, 0, 0);font-size:16px\">Funkcijas<\/span><\/strong><\/p>\n<p><span style=\"color:rgb(0, 0, 0);font-size:16px\">1. Pilnmet\u0101la hidrauliskais amortizators;<\/span><\/p>\n<p><span style=\"color:rgb(0, 0, 0);font-size:16px\">2. Standard 3S battery 65km\/h<\/span><\/p>\n<p><span style=\"color:rgb(0, 0, 0);font-size:16px\">3. 45A independent brushless ESC + 2845 four-pole brushless motor;<\/span><\/p>\n<p><span style=\"color:rgb(0, 0, 0);font-size:16px\">4. Met\u0101la pretsadursmes galva;<\/span><\/p>\n<p><span style=\"color:rgb(0, 0, 0);font-size:16px\">5. Pilnmet\u0101la transmisijas sist\u0113ma (met\u0101la p\u0101rnesumu diferenci\u0101lis);<\/span><\/p>\n<p><span style=\"color:rgb(0, 0, 0);font-size:16px\">6. Standarta neatkar\u012bgs uztv\u0113r\u0113js, viegli modific\u0113jams.<\/span><\/p>\n<p><img decoding=\"async\" src=\"https:\/\/ae01.alicdn.com\/kf\/S9873c018f78e447aa5ff885e1955d332y.jpg\" slate-data-type=\"image\"\/><img decoding=\"async\" src=\"https:\/\/ae01.alicdn.com\/kf\/S7acc5a7aa71d4704a6056ffc85c520c02.jpg\" slate-data-type=\"image\"\/><img decoding=\"async\" src=\"https:\/\/ae01.alicdn.com\/kf\/Sd9273ce101384bbca7e6b58d757da007b.jpg\" slate-data-type=\"image\"\/><img decoding=\"async\" src=\"https:\/\/ae01.alicdn.com\/kf\/Se054621738da4d049d194d1f391227b7H.jpg\" slate-data-type=\"image\"\/><img decoding=\"async\" src=\"https:\/\/ae01.alicdn.com\/kf\/S033dbd62692d46d0a50a52ca9affdef9o.jpg\" slate-data-type=\"image\"\/><img decoding=\"async\" src=\"https:\/\/ae01.alicdn.com\/kf\/Scb37f1d083e44e73bca9fda8d9670d3f7.jpg\" slate-data-type=\"image\"\/><\/p>\n<div>\n<\/div>\n<\/div>\n<\/div>\n<p><\/p>","protected":false},"excerpt":{"rendered":"<p>Hign-concerned Chemical:&nbsp;None CE:&nbsp;Certificate Is Electric:&nbsp;lithium battery Barcode:&nbsp;No Throttle servo:&nbsp;17g digital servo Steering servo:&nbsp;17g digital servo State of Assembly:&nbsp;Ready-to-Go Flight Time:&nbsp;12.5min Tire Track:&nbsp;182mm Wheelbase:&nbsp;175mm Remote Distance:&nbsp;60-80m Warranty:&nbsp;None Scale:&nbsp;1:16 Dimensions:&nbsp;25.2*20.5*10cm Torque:&nbsp;As Show<\/p>","protected":false},"featured_media":25715,"comment_status":"open","ping_status":"closed","template":"","meta":{"_acf_changed":false},"product_brand":[],"product_cat":[519],"product_tag":[],"class_list":{"0":"post-25714","1":"product","2":"type-product","3":"status-publish","4":"has-post-thumbnail","6":"product_cat-rc-cars","8":"first","9":"instock","10":"shipping-taxable","11":"purchasable","12":"product-type-variable"},"acf":[],"_links":{"self":[{"href":"https:\/\/electricstore.eu\/lv\/wp-json\/wp\/v2\/product\/25714","targetHints":{"allow":["GET"]}}],"collection":[{"href":"https:\/\/electricstore.eu\/lv\/wp-json\/wp\/v2\/product"}],"about":[{"href":"https:\/\/electricstore.eu\/lv\/wp-json\/wp\/v2\/types\/product"}],"replies":[{"embeddable":true,"href":"https:\/\/electricstore.eu\/lv\/wp-json\/wp\/v2\/comments?post=25714"}],"wp:featuredmedia":[{"embeddable":true,"href":"https:\/\/electricstore.eu\/lv\/wp-json\/wp\/v2\/media\/25715"}],"wp:attachment":[{"href":"https:\/\/electricstore.eu\/lv\/wp-json\/wp\/v2\/media?parent=25714"}],"wp:term":[{"taxonomy":"product_brand","embeddable":true,"href":"https:\/\/electricstore.eu\/lv\/wp-json\/wp\/v2\/product_brand?post=25714"},{"taxonomy":"product_cat","embeddable":true,"href":"https:\/\/electricstore.eu\/lv\/wp-json\/wp\/v2\/product_cat?post=25714"},{"taxonomy":"product_tag","embeddable":true,"href":"https:\/\/electricstore.eu\/lv\/wp-json\/wp\/v2\/product_tag?post=25714"}],"curies":[{"name":"wp","href":"https:\/\/api.w.org\/{rel}","templated":true}]}}