{"id":25566,"date":"2025-05-20T19:00:01","date_gmt":"2025-05-20T19:00:01","guid":{"rendered":"https:\/\/electricstore.eu\/p\/uncategorized\/vevor-100lbs-bike-cargo-trailer-foldable-bicycle-wagon-cart-with-waterproof-cover-safe-reflectors-fits-22-28-bike-wheel\/"},"modified":"2025-05-20T19:04:45","modified_gmt":"2025-05-20T19:04:45","slug":"vevor-100lbs-bike-cargo-trailer-foldable-bicycle-wagon-cart-with-waterproof-cover-safe-reflectors-fits-22-28-bike-wheel","status":"publish","type":"product","link":"https:\/\/electricstore.eu\/lv\/p\/o\/bike-trailers-and-wagons\/vevor-100lbs-bike-cargo-trailer-foldable-bicycle-wagon-cart-with-waterproof-cover-safe-reflectors-fits-22-28-bike-wheel\/","title":{"rendered":"VEVOR 100 m\u0101rci\u0146u velosip\u0113da kravas piekabe, salok\u0101ms velosip\u0113da rati\u0146i ar \u016bdensnecaurlaid\u012bgu p\u0101rsegu un dro\u0161iem atstarot\u0101jiem, kas piem\u0113roti 22\u201328 collu velosip\u0113da rite\u0146iem"},"content":{"rendered":"<div class=\"product-specs-list-container\">\n<ul class=\"product-specs-list util-clearfix\">\n<li class=\"product-prop line-limit-length\"><span\n                                        class=\"property-title\">Augstas ba\u017eas izraiso\u0161a \u0137\u012bmiska viela:&nbsp;<\/span><span\n                                        class=\"property-desc line-limit-length\">Neviens<\/span>\n                            <\/li>\n<li class=\"product-prop line-limit-length\"><span\n                                        class=\"property-title\">S\u0113dek\u013ca poz\u012bcija:&nbsp;<\/span><span\n                                        class=\"property-desc line-limit-length\">POSTS<\/span>\n                            <\/li>\n<li class=\"product-prop line-limit-length\"><span\n                                        class=\"property-title\">Materi\u0101ls:&nbsp;<\/span><span\n                                        class=\"property-desc line-limit-length\">Met\u0101ls<\/span>\n                            <\/li>\n<li class=\"product-prop line-limit-length\"><span\n                                        class=\"property-title\">Vecuma diapazons:&nbsp;<\/span><span\n                                        class=\"property-desc line-limit-length\">3\u20136\u00a0gadi<\/span>\n                            <\/li>\n<li class=\"product-prop line-limit-length\"><span\n                                        class=\"property-title\">Izcelsme:&nbsp;<\/span><span\n                                        class=\"property-desc line-limit-length\">Kontinent\u0101l\u0101 \u0136\u012bna<\/span>\n                            <\/li>\n<\/ul><\/div>\n<div class=\"detailmodule_html\">\n<div class=\"detail-desc-decorate-richtext\">\n<div style=\"font-family:&quot;Open sans&quot;, Arial, Helvetica, sans-serif\">\n<div><img decoding=\"async\" style=\"width:100%\" width=\"100%\" src=\"https:\/\/d2qc09rl1gfuof.cloudfront.net\/vevor\/boutique-banner\/pc\/banner-en.jpg\" slate-data-type=\"image\"\/><\/div>\n<div>\n<div style=\"font-size:16px;font-weight:bold;text-align:center;color:rgb(34, 34, 34);margin:24px 0px;margin-bottom:24px;margin-top:24px;margin-left:0px;margin-right:0px\" align=\"center\">P\u0101rvad\u0101jiet vair\u0101k, brauciet t\u0101l\u0101k ar VEVOR velosip\u0113du kravas piekabi<\/div>\n<div><img decoding=\"async\" style=\"width:100%\" width=\"100%\" src=\"https:\/\/d2qc09rl1gfuof.cloudfront.net\/product\/CGKHZHJG100BMFBKO\/cargo-trailer-a100-1.4.jpg\" slate-data-type=\"image\"\/><\/div>\n<div style=\"font-size:14px;text-align:center;color:rgb(34, 34, 34);margin:16px 0px 24px;margin-bottom:24px;margin-top:16px;margin-left:0px;margin-right:0px\" align=\"center\">\u0160\u012b velosip\u0113da kravas piekabe ir j\u016bsu lab\u0101kais apr\u012bkojums, kas var iztur\u0113t svaru l\u012bdz 45 kilogramiem. Taj\u0101 ir nepiecie\u0161am\u0101 vieta gan kempinga vajadz\u012bb\u0101m, gan ikdienas vajadz\u012bb\u0101m. Turkl\u0101t t\u0101 ir piem\u0113rota velosip\u0113diem ar rite\u0146iem no 22 l\u012bdz 28 coll\u0101m, padarot to daudzpus\u012bgu jebkuram braucienam.<\/div>\n<\/div>\n<div>\n<div style=\"margin:8px 0px;margin-bottom:8px;margin-top:8px;margin-left:0px;margin-right:0px\"><img decoding=\"async\" style=\"width:100%\" width=\"100%\" src=\"https:\/\/d2qc09rl1gfuof.cloudfront.net\/product\/CGKHZHJG100BMFBKO\/cargo-trailer-a100-2.2.jpg\" slate-data-type=\"image\"\/><\/div>\n<div style=\"font-size:14px;text-align:center;color:rgb(34, 34, 34);margin:16px 0px 24px;margin-bottom:24px;margin-top:16px;margin-left:0px;margin-right:0px\" align=\"center\">Crafted from industrial-grade carbon steel, this bicycle trailer is both lightweight and sturdy. No rust worries here, thanks to its powder-coated surface. And with the added 420D Oxford fabric cover, your stuff stays dry no matter what. Ready for any adventure, rain or shine!<\/div>\n<\/div>\n<div>\n<div style=\"margin:8px 0px;margin-bottom:8px;margin-top:8px;margin-left:0px;margin-right:0px\"><img decoding=\"async\" style=\"width:100%\" width=\"100%\" src=\"https:\/\/d2qc09rl1gfuof.cloudfront.net\/product\/CGKHZHJG100BMFBKO\/cargo-trailer-a100-2.3.jpg\" slate-data-type=\"image\"\/><\/div>\n<div style=\"font-size:14px;text-align:center;color:rgb(34, 34, 34);margin:16px 0px 24px;margin-bottom:24px;margin-top:16px;margin-left:0px;margin-right:0px\" align=\"center\">Ar sportisk\u0101m riep\u0101m un dzelzs rumb\u0101m \u0161\u012b velosip\u0113da piekabe nodro\u0161ina stabilit\u0101ti uz jebkura reljefa. Neatkar\u012bgi no t\u0101, vai braucat pa asfaltu vai tak\u0101m, j\u016bs notur\u0113sieties uz pareiz\u0101 ce\u013ca.<\/div>\n<\/div>\n<div>\n<div style=\"margin:8px 0px;margin-bottom:8px;margin-top:8px;margin-left:0px;margin-right:0px\"><img decoding=\"async\" style=\"width:100%\" width=\"100%\" src=\"https:\/\/d2qc09rl1gfuof.cloudfront.net\/product\/CGKHZHJG100BMFBKO\/cargo-trailer-a100-2.4.jpg\" slate-data-type=\"image\"\/><\/div>\n<div style=\"font-size:14px;text-align:center;color:rgb(34, 34, 34);margin:16px 0px 24px;margin-bottom:24px;margin-top:16px;margin-left:0px;margin-right:0px\" align=\"center\">\u0160\u012b velosip\u0113da rati\u0146u uzst\u0101d\u012b\u0161ana ir pavisam vienk\u0101r\u0161a, pateicoties t\u0101 salok\u0101majam r\u0101mim un \u0101tr\u0101s atbr\u012bvo\u0161anas sist\u0113mai. Kompakts un \u0113rts, tas ir ide\u0101li piem\u0113rots piedz\u012bvojumu mekl\u0113t\u0101jiem, kas atrodas kust\u012bb\u0101. Turkl\u0101t atstarojo\u0161\u0101s uzl\u012bmes pie\u0161\u0137ir stila akcentu, vienlaikus nodro\u0161inot j\u016bsu dro\u0161\u012bbu.<\/div>\n<\/div>\n<div>\n<div style=\"margin:8px 0px;margin-bottom:8px;margin-top:8px;margin-left:0px;margin-right:0px\"><img decoding=\"async\" style=\"width:100%\" width=\"100%\" src=\"https:\/\/d2qc09rl1gfuof.cloudfront.net\/product\/CGKHZHJG100BMFBKO\/cargo-trailer-a100-2.5.jpg\" slate-data-type=\"image\"\/><\/div>\n<div style=\"font-size:14px;text-align:center;color:rgb(34, 34, 34);margin:16px 0px 24px;margin-bottom:24px;margin-top:16px;margin-left:0px;margin-right:0px\" align=\"center\">Neatkar\u012bgi no t\u0101, ar k\u0101du velosip\u0113du braucat \u2014 kru\u012bza, kalnu vai \u0161osejas \u2014, \u0161ie velosip\u0113du rati\u0146i par\u016bp\u0113sies par visu. Tie ir lieliski piem\u0113roti visam, s\u0101kot no iepirk\u0161an\u0101s braucieniem l\u012bdz ned\u0113\u013cas nogales atp\u016btai, un ir j\u016bsu uzticamais transporta biedrs.<\/div>\n<\/div>\n<div style=\"margin:16px 0px 24px;margin-bottom:24px;margin-top:16px;margin-left:0px;margin-right:0px\"><\/div>\n<div style=\"margin:24px 0px;margin-bottom:24px;margin-top:24px;margin-left:0px;margin-right:0px\">\n<div style=\"font-size:16px;font-weight:bold;color:rgb(34, 34, 34);margin:24px 0px 16px;margin-bottom:16px;margin-top:24px;margin-left:0px;margin-right:0px\">Funkcijas un inform\u0101cija<\/div>\n<ul style=\"margin:16px 0px 24px;margin-bottom:24px;margin-top:16px;margin-left:0px;margin-right:0px\">\n<li style=\"font-size:14px;color:rgb(34, 34, 34)\">\n<p>100 m\u0101rci\u0146u liela kravnes\u012bba: M\u016bsu velosip\u0113da kravas piekabe ir j\u016bsu lab\u0101kais ce\u013cojumu biedrs, kas nodro\u0161ina iztur\u012bgu konstrukciju un ietilp\u012bgu dizainu, kas sp\u0113j iztur\u0113t kravu l\u012bdz 100 m\u0101rci\u0146\u0101m. T\u0101 ir ide\u0101li piem\u0113rota visiem j\u016bsu piedz\u012bvojumiem br\u012bv\u0101 dab\u0101, s\u0101kot no kempinga braucieniem l\u012bdz piknikiem, un ir ide\u0101ls risin\u0101jums j\u016bsu nepiecie\u0161amo lietu p\u0101rvad\u0101\u0161anai, lai kur j\u016bs dotos.<\/p>\n<\/li>\n<li style=\"font-size:14px;color:rgb(34, 34, 34)\">\n<p>Industrial-Grade Material: This bicycle trailer features a robust steel frame with a rust-resistant coating, ensuring durability and a sleek appearance. Plus, with its 420D Oxford fabric rain cover, your gear stays protected from the elements, rain or shine.<\/p>\n<\/li>\n<li style=\"font-size:14px;color:rgb(34, 34, 34)\">\n<p>Profesion\u0101ls riepu dizains: Ripo vienm\u0113r\u012bgi pa jebkuru ce\u013cu! M\u016bsu velosip\u0113da piekabe ir apr\u012bkota ar sportisk\u0101m 16&quot; x 1,75&quot; riep\u0101m un dzelzs rumb\u0101m, kas nodro\u0161ina izcilu stabilit\u0101ti un sa\u0137eri uz da\u017e\u0101d\u0101m virsm\u0101m neatkar\u012bgi no t\u0101, vai braucat pa betonu, grants ce\u013ciem vai smil\u0161ain\u0101m tak\u0101m.<\/p>\n<\/li>\n<li style=\"font-size:14px;color:rgb(34, 34, 34)\">\n<p>Upgraded Installation: Easy setup, enhanced security! Installing our bike wagon is a breeze, thanks to its user-friendly design and complete installation toolkit. Plus, stand out on the road with the orange security flag and gold-colored spoke reflectors, ensuring visibility during nighttime rides.<\/p>\n<\/li>\n<li style=\"font-size:14px;color:rgb(34, 34, 34)\">\n<p>Piem\u0113rots vair\u0101kiem velosip\u0113du mode\u013ciem: Sader\u012bgs ar velosip\u0113diem no 22 l\u012bdz 28 coll\u0101m, m\u016bsu velosip\u0113du rati\u0146i neman\u0101mi piestiprin\u0101s pie da\u017e\u0101diem velosip\u0113du mode\u013ciem, tostarp atp\u016btas velosip\u0113diem, b\u0113rnu velosip\u0113diem, kalnu velosip\u0113diem un \u0161osejas velosip\u0113diem. Lieliski piem\u0113rots iepirk\u0161an\u0101s, kempinga un piknika vajadz\u012bb\u0101m. PIEZ\u012aME: Tas nav piem\u0113rots m\u0101jdz\u012bvniekiem vai b\u0113rniem.<\/p>\n<\/li>\n<\/ul>\n<\/div>\n<div>\n<div>\n<div style=\"margin:16px 0px 24px;margin-bottom:24px;margin-top:16px;margin-left:0px;margin-right:0px\"><img decoding=\"async\" style=\"width:100%\" width=\"100%\" src=\"https:\/\/d2qc09rl1gfuof.cloudfront.net\/product\/CGKHZHJG100BMFBKO\/cargo-trailer-a100-1.11.jpg\" slate-data-type=\"image\"\/><\/div>\n<\/div>\n<\/div>\n<\/div>\n<div><\/div>\n<\/div>\n<\/div>\n<p><\/p>","protected":false},"excerpt":{"rendered":"<p>Hign-concerned Chemical:&nbsp;None Seat position:&nbsp;POST Material:&nbsp;Metal Age Range:&nbsp;3-6Y Origin:&nbsp;Mainland China Carry More, Ride Farther with VEVOR Bike Cargo Trailer This bike cargo trailer is your ultimate gear hauler, supporting up to<\/p>","protected":false},"featured_media":25567,"comment_status":"open","ping_status":"closed","template":"","meta":{"_acf_changed":false},"product_brand":[],"product_cat":[523],"product_tag":[],"class_list":{"0":"post-25566","1":"product","2":"type-product","3":"status-publish","4":"has-post-thumbnail","6":"product_cat-bike-trailers-and-wagons","8":"first","9":"instock","10":"shipping-taxable","11":"purchasable","12":"product-type-variable"},"acf":[],"_links":{"self":[{"href":"https:\/\/electricstore.eu\/lv\/wp-json\/wp\/v2\/product\/25566","targetHints":{"allow":["GET"]}}],"collection":[{"href":"https:\/\/electricstore.eu\/lv\/wp-json\/wp\/v2\/product"}],"about":[{"href":"https:\/\/electricstore.eu\/lv\/wp-json\/wp\/v2\/types\/product"}],"replies":[{"embeddable":true,"href":"https:\/\/electricstore.eu\/lv\/wp-json\/wp\/v2\/comments?post=25566"}],"wp:featuredmedia":[{"embeddable":true,"href":"https:\/\/electricstore.eu\/lv\/wp-json\/wp\/v2\/media\/25567"}],"wp:attachment":[{"href":"https:\/\/electricstore.eu\/lv\/wp-json\/wp\/v2\/media?parent=25566"}],"wp:term":[{"taxonomy":"product_brand","embeddable":true,"href":"https:\/\/electricstore.eu\/lv\/wp-json\/wp\/v2\/product_brand?post=25566"},{"taxonomy":"product_cat","embeddable":true,"href":"https:\/\/electricstore.eu\/lv\/wp-json\/wp\/v2\/product_cat?post=25566"},{"taxonomy":"product_tag","embeddable":true,"href":"https:\/\/electricstore.eu\/lv\/wp-json\/wp\/v2\/product_tag?post=25566"}],"curies":[{"name":"wp","href":"https:\/\/api.w.org\/{rel}","templated":true}]}}