{"id":25506,"date":"2025-05-20T18:59:41","date_gmt":"2025-05-20T18:59:41","guid":{"rendered":"https:\/\/electricstore.eu\/p\/uncategorized\/vevor-epp-foam-rc-plane-2-4g-3ch-radio-control-aircraft-sea-and-air-rc-glider-water-land-flying-airplane-toys-gift-for-boys\/"},"modified":"2025-05-20T19:03:40","modified_gmt":"2025-05-20T19:03:40","slug":"vevor-epp-foam-rc-plane-2-4g-3ch-radio-control-aircraft-sea-and-air-rc-glider-water-land-flying-airplane-toys-gift-for-boys","status":"publish","type":"product","link":"https:\/\/electricstore.eu\/lv\/p\/rc\/rc-cars\/vevor-epp-foam-rc-plane-2-4g-3ch-radio-control-aircraft-sea-and-air-rc-glider-water-land-flying-airplane-toys-gift-for-boys\/","title":{"rendered":"VEVOR EPP putu RC lidma\u0161\u012bna 2.4G 3CH radio vad\u012bbas lidma\u0161\u012bna j\u016bras un gaisa RC planieris \u016bdens zeme lidojo\u0161a lidma\u0161\u012bna rota\u013clieta d\u0101vana z\u0113niem"},"content":{"rendered":"<div class=\"product-specs-list-container\">\n<ul class=\"product-specs-list util-clearfix\">\n<li class=\"product-prop line-limit-length\"><span\n                                        class=\"property-title\">Augstas ba\u017eas izraiso\u0161a \u0137\u012bmiska viela:&nbsp;<\/span><span\n                                        class=\"property-desc line-limit-length\">Neviens<\/span>\n                            <\/li>\n<li class=\"product-prop line-limit-length\"><span\n                                        class=\"property-title\">Ir elektrisks:&nbsp;<\/span><span\n                                        class=\"property-desc line-limit-length\">Nav akumulatora<\/span>\n                            <\/li>\n<li class=\"product-prop line-limit-length\"><span\n                                        class=\"property-title\">Pretv\u0113ja sp\u0113ja:&nbsp;<\/span><span\n                                        class=\"property-desc line-limit-length\">J\u0101<\/span>\n                            <\/li>\n<li class=\"product-prop line-limit-length\"><span\n                                        class=\"property-title\">Drona svars:&nbsp;<\/span><span\n                                        class=\"property-desc line-limit-length\">\/<\/span>\n                            <\/li>\n<li class=\"product-prop line-limit-length\"><span\n                                        class=\"property-title\">Pacel\u0161an\u0101s svars:&nbsp;<\/span><span\n                                        class=\"property-desc line-limit-length\">\/<\/span>\n                            <\/li>\n<li class=\"product-prop line-limit-length\"><span\n                                        class=\"property-title\">Tranz\u012bta laiks (dienas):&nbsp;<\/span><span\n                                        class=\"property-desc line-limit-length\">\/<\/span>\n                            <\/li>\n<li class=\"product-prop line-limit-length\"><span\n                                        class=\"property-title\">Videoieraksta iz\u0161\u0137irtsp\u0113ja:&nbsp;<\/span><span\n                                        class=\"property-desc line-limit-length\">cits<\/span>\n                            <\/li>\n<li class=\"product-prop line-limit-length\"><span\n                                        class=\"property-title\">Operatora prasmju l\u012bmenis:&nbsp;<\/span><span\n                                        class=\"property-desc line-limit-length\">Ies\u0101c\u0113js<\/span>\n                            <\/li>\n<li class=\"product-prop line-limit-length\"><span\n                                        class=\"property-title\">Lieto\u0161anai iek\u0161telp\u0101s\/\u0101r\u0101:&nbsp;<\/span><span\n                                        class=\"property-desc line-limit-length\">\u0100r\u0101<\/span>\n                            <\/li>\n<li class=\"product-prop line-limit-length\"><span\n                                        class=\"property-title\">Kameras stiprin\u0101juma veids:&nbsp;<\/span><span\n                                        class=\"property-desc line-limit-length\">cits<\/span>\n                            <\/li>\n<li class=\"product-prop line-limit-length\"><span\n                                        class=\"property-title\">Sv\u012btrkods:&nbsp;<\/span><span\n                                        class=\"property-desc line-limit-length\">N\u0113<\/span>\n                            <\/li>\n<li class=\"product-prop line-limit-length\"><span\n                                        class=\"property-title\">Mode\u013ca numurs:&nbsp;<\/span><span\n                                        class=\"property-desc line-limit-length\">Z62<\/span>\n                            <\/li>\n<li class=\"product-prop line-limit-length\"><span\n                                        class=\"property-title\">Kontroliera re\u017e\u012bms:&nbsp;<\/span><span\n                                        class=\"property-desc line-limit-length\">RE\u017d\u012aMS1<\/span>\n                            <\/li>\n<li class=\"product-prop line-limit-length\"><span\n                                        class=\"property-title\">Lidojuma laiks:&nbsp;<\/span><span\n                                        class=\"property-desc line-limit-length\">10~20<\/span>\n                            <\/li>\n<li class=\"product-prop line-limit-length\"><span\n                                        class=\"property-title\">Vad\u012bbas kan\u0101li:&nbsp;<\/span><span\n                                        class=\"property-desc line-limit-length\">3 kan\u0101li<\/span>\n                            <\/li>\n<li class=\"product-prop line-limit-length\"><span\n                                        class=\"property-title\">Kontroliera akumulators:&nbsp;<\/span><span\n                                        class=\"property-desc line-limit-length\">3*AAA (nav iek\u013cauts)<\/span>\n                            <\/li>\n<li class=\"product-prop line-limit-length\"><span\n                                        class=\"property-title\">Att\u0101lais att\u0101lums:&nbsp;<\/span><span\n                                        class=\"property-desc line-limit-length\">150 m<\/span>\n                            <\/li>\n<li class=\"product-prop line-limit-length\"><span\n                                        class=\"property-title\">Uzl\u0101des laiks:&nbsp;<\/span><span\n                                        class=\"property-desc line-limit-length\">90 min\u016btes<\/span>\n                            <\/li>\n<li class=\"product-prop line-limit-length\"><span\n                                        class=\"property-title\">Uzl\u0101des spriegums:&nbsp;<\/span><span\n                                        class=\"property-desc line-limit-length\">5 V<\/span>\n                            <\/li>\n<li class=\"product-prop line-limit-length\"><span\n                                        class=\"property-title\">Baro\u0161anas avots:&nbsp;<\/span><span\n                                        class=\"property-desc line-limit-length\">Elektrisks<\/span>\n                            <\/li>\n<li class=\"product-prop line-limit-length\"><span\n                                        class=\"property-title\">T\u0101lvad\u012bbas pults:&nbsp;<\/span><span\n                                        class=\"property-desc line-limit-length\">J\u0101<\/span>\n                            <\/li>\n<li class=\"product-prop line-limit-length\"><span\n                                        class=\"property-title\">Komplekt\u0101 ietilpst:&nbsp;<\/span><span\n                                        class=\"property-desc line-limit-length\">T\u0101lvad\u012bbas pults<\/span>\n                            <\/li>\n<li class=\"product-prop line-limit-length\"><span\n                                        class=\"property-title\">Materi\u0101ls:&nbsp;<\/span><span\n                                        class=\"property-desc line-limit-length\">Plastmasa<\/span>\n                            <\/li>\n<li class=\"product-prop line-limit-length\"><span\n                                        class=\"property-title\">Funkcijas:&nbsp;<\/span><span\n                                        class=\"property-desc line-limit-length\">cits<\/span>\n                            <\/li>\n<li class=\"product-prop line-limit-length\"><span\n                                        class=\"property-title\">Ieteicamais vecums:&nbsp;<\/span><span\n                                        class=\"property-desc line-limit-length\">14+ gadi<\/span>\n                            <\/li>\n<li class=\"product-prop line-limit-length\"><span\n                                        class=\"property-title\">Izcelsme:&nbsp;<\/span><span\n                                        class=\"property-desc line-limit-length\">Kontinent\u0101l\u0101 \u0136\u012bna<\/span>\n                            <\/li>\n<li class=\"product-prop line-limit-length\"><span\n                                        class=\"property-title\">Aerofotogr\u0101fija:&nbsp;<\/span><span\n                                        class=\"property-desc line-limit-length\">N\u0113<\/span>\n                            <\/li>\n<li class=\"product-prop line-limit-length\"><span\n                                        class=\"property-title\">Tips:&nbsp;<\/span><span\n                                        class=\"property-desc line-limit-length\">Lidma\u0161\u012bna<\/span>\n                            <\/li>\n<li class=\"product-prop line-limit-length\"><span\n                                        class=\"property-title\">Z\u012bmols:&nbsp;<\/span><span\n                                        class=\"property-desc line-limit-length\">VEVOR<\/span>\n                            <\/li>\n<li class=\"product-prop line-limit-length\"><span\n                                        class=\"property-title\">Tips:&nbsp;<\/span><span\n                                        class=\"property-desc line-limit-length\">RC lidma\u0161\u012bna<\/span>\n                            <\/li>\n<li class=\"product-prop line-limit-length\"><span\n                                        class=\"property-title\">Dizains:&nbsp;<\/span><span\n                                        class=\"property-desc line-limit-length\">Abinieku<\/span>\n                            <\/li>\n<li class=\"product-prop line-limit-length\"><span\n                                        class=\"property-title\">Propellera materi\u0101ls:&nbsp;<\/span><span\n                                        class=\"property-desc line-limit-length\">ABS<\/span>\n                            <\/li>\n<li class=\"product-prop line-limit-length\"><span\n                                        class=\"property-title\">Korpusa materi\u0101ls:&nbsp;<\/span><span\n                                        class=\"property-desc line-limit-length\">ETP<\/span>\n                            <\/li>\n<li class=\"product-prop line-limit-length\"><span\n                                        class=\"property-title\">Viena akumulatora ietilp\u012bba:&nbsp;<\/span><span\n                                        class=\"property-desc line-limit-length\">800mAh<\/span>\n                            <\/li>\n<li class=\"product-prop line-limit-length\"><span\n                                        class=\"property-title\">Funkcija:&nbsp;<\/span><span\n                                        class=\"property-desc line-limit-length\">Trif\u012bbijs j\u016br\u0101, uz sauszemes un gais\u0101, 2 \u0101trumi<\/span>\n                            <\/li>\n<li class=\"product-prop line-limit-length\"><span\n                                        class=\"property-title\">Kr\u0101sa:&nbsp;<\/span><span\n                                        class=\"property-desc line-limit-length\">Balts<\/span>\n                            <\/li>\n<\/ul><\/div>\n<div class=\"detailmodule_html\">\n<div class=\"detail-desc-decorate-richtext\">\n<div style=\"font-family:&quot;Open sans&quot;, Arial, Helvetica, sans-serif\">\n<div><img decoding=\"async\" style=\"width:100%\" width=\"100%\" src=\"https:\/\/d2qc09rl1gfuof.cloudfront.net\/vevor\/boutique-banner\/pc\/banner-en.jpg\" slate-data-type=\"image\"\/><\/div>\n<div>\n<div style=\"font-size:16px;font-weight:bold;text-align:center;color:rgb(34, 34, 34);margin:24px 0px;margin-bottom:24px;margin-top:24px;margin-left:0px;margin-right:0px\" align=\"center\">VEVOR RC lidma\u0161\u012bna \u2013 p\u0101rvariet debesis ar prieku<\/div>\n<div><img decoding=\"async\" style=\"width:100%\" width=\"100%\" src=\"https:\/\/d2qc09rl1gfuof.cloudfront.net\/product\/YKFJLTD2532CRJINZ\/rc-airplane-a100-1.4-pt.jpg\" slate-data-type=\"image\"\/><\/div>\n<div style=\"font-size:14px;text-align:center;color:rgb(34, 34, 34);margin:16px 0px 24px;margin-bottom:24px;margin-top:16px;margin-left:0px;margin-right:0px\" align=\"center\">Iepaz\u012bstin\u0101m ar t\u0101lvad\u012bbas lidma\u0161\u012bnu, kas paredz\u0113ta interakt\u012bvai izklaidei starp pieaugu\u0161ajiem un b\u0113rniem. To ir \u013coti viegli vad\u012bt \u2014 b\u0113rni to p\u0101rliecino\u0161i vad\u012bs jau p\u0113c da\u017e\u0101m stund\u0101m prakses. Re\u0101listiskais dizains pie\u0161\u0137ir lido\u0161anas piedz\u012bvojumiem papildu jautr\u012bbas elementu.<\/div>\n<\/div>\n<div>\n<div style=\"margin:8px 0px;margin-bottom:8px;margin-top:8px;margin-left:0px;margin-right:0px\"><img decoding=\"async\" style=\"width:100%\" width=\"100%\" src=\"https:\/\/d2qc09rl1gfuof.cloudfront.net\/product\/YKFJLTD2532CRJINZ\/rc-airplane-a100-2.2-pt.jpg\" slate-data-type=\"image\"\/><\/div>\n<div style=\"font-size:14px;text-align:center;color:rgb(34, 34, 34);margin:16px 0px 24px;margin-bottom:24px;margin-top:16px;margin-left:0px;margin-right:0px\" align=\"center\">P\u0101r\u0146emiet vad\u012bbu ar t\u0101lvad\u012bbas lidma\u0161\u012bnas bezvadu kontrolieri \u2014 viegli p\u0101rvietojieties pa kreisi, pa labi, uz aug\u0161u un uz leju. Izbaudiet uzticamu savienojumu l\u012bdz 150 m att\u0101lum\u0101 ar 2,4 GHz frekvenci, nodro\u0161inot vienm\u0113r\u012bgus lidojumus bez trauc\u0113jumiem, kas ir ide\u0101li piem\u0113rots visu vecumu pilotiem.<\/div>\n<\/div>\n<div>\n<div style=\"margin:8px 0px;margin-bottom:8px;margin-top:8px;margin-left:0px;margin-right:0px\"><img decoding=\"async\" style=\"width:100%\" width=\"100%\" src=\"https:\/\/d2qc09rl1gfuof.cloudfront.net\/product\/YKFJLTD2532CRJINZ\/rc-airplane-a100-2.3-pt.jpg\" slate-data-type=\"image\"\/><\/div>\n<div style=\"font-size:14px;text-align:center;color:rgb(34, 34, 34);margin:16px 0px 24px;margin-bottom:24px;margin-top:16px;margin-left:0px;margin-right:0px\" align=\"center\">M\u016bsu t\u0101lvad\u012bbas lidma\u0161\u012bna lido ilg\u0101k, pateicoties diviem komplekt\u0101 iek\u013cautajiem bateriju komplektiem. Nomainiet t\u0101s, lai ieg\u016btu nep\u0101rtrauktu lidojuma pieredzi bez bie\u017eas uzl\u0101des vai ilga d\u012bkst\u0101ves.<\/div>\n<\/div>\n<div>\n<div style=\"margin:8px 0px;margin-bottom:8px;margin-top:8px;margin-left:0px;margin-right:0px\"><img decoding=\"async\" style=\"width:100%\" width=\"100%\" src=\"https:\/\/d2qc09rl1gfuof.cloudfront.net\/product\/YKFJLTD2532CRJINZ\/rc-airplane-a100-2.4-pt.jpg\" slate-data-type=\"image\"\/><\/div>\n<div style=\"font-size:14px;text-align:center;color:rgb(34, 34, 34);margin:16px 0px 24px;margin-bottom:24px;margin-top:16px;margin-left:0px;margin-right:0px\" align=\"center\">Viegli apg\u016bstiet pacel\u0161anos. Vienk\u0101r\u0161i satveriet t\u0101lvad\u012bbas pulti ar vienu roku, uzspiediet g\u0101zes ped\u0101li un palaidiet t\u0101lvad\u012bbas lidma\u0161\u012bnu taisni uz priek\u0161u. Vai ar\u012b novietojiet to uz gludas virsmas, uzspiediet g\u0101zes ped\u0101li 10 metru plan\u0113\u0161anai un v\u0113rojiet, k\u0101 t\u0101 pace\u013cas gais\u0101.<\/div>\n<\/div>\n<div>\n<div style=\"margin:8px 0px;margin-bottom:8px;margin-top:8px;margin-left:0px;margin-right:0px\"><img decoding=\"async\" style=\"width:100%\" width=\"100%\" src=\"https:\/\/d2qc09rl1gfuof.cloudfront.net\/product\/YKFJLTD2532CRJINZ\/rc-airplane-a100-2.5-pt.jpg\" slate-data-type=\"image\"\/><\/div>\n<div style=\"font-size:14px;text-align:center;color:rgb(34, 34, 34);margin:16px 0px 24px;margin-bottom:24px;margin-top:16px;margin-left:0px;margin-right:0px\" align=\"center\">\u0160ai ies\u0101c\u0113ju t\u0101lvad\u012bbas lidma\u0161\u012bnai ir rezerves baterijas un propelleri nep\u0101rtrauktai izklaidei. Pazaud\u0113ji k\u0101du deta\u013cu? Neuztraucies \u2014 nomaini to nekav\u0113joties, nezaud\u0113jot laiku.<\/div>\n<\/div>\n<div style=\"margin:16px 0px 24px;margin-bottom:24px;margin-top:16px;margin-left:0px;margin-right:0px\"><\/div>\n<div style=\"margin:24px 0px;margin-bottom:24px;margin-top:24px;margin-left:0px;margin-right:0px\">\n<div style=\"font-size:16px;font-weight:bold;color:rgb(34, 34, 34);margin:24px 0px 16px;margin-bottom:16px;margin-top:24px;margin-left:0px;margin-right:0px\">Funkcijas un inform\u0101cija<\/div>\n<ul style=\"margin:16px 0px 24px;margin-bottom:24px;margin-top:16px;margin-left:0px;margin-right:0px\">\n<li style=\"font-size:14px;color:rgb(34, 34, 34)\">\n<p>Daudzfunkcion\u0101ls dizains: Pateicoties amf\u012bbijas iesp\u0113j\u0101m, 3 kan\u0101liem un 2 \u0101trumu re\u017e\u012bmiem, \u0161\u012b t\u0101lvad\u012bbas lidma\u0161\u012bna var pacelties no zemes, palaist gais\u0101 ar rok\u0101m vai vienm\u0113r\u012bgi plan\u0113t no \u016bdens. Izbaudiet neierobe\u017eotu jautr\u012bbu br\u012bv\u0101 dab\u0101 ar uzlabotu manevr\u0113tsp\u0113ju. Neatkar\u012bgi no t\u0101, vai esat ies\u0101c\u0113js vai pieredz\u0113jis pilots, t\u0101 nodro\u0161ina perfektu lido\u0161anas ritmu.<\/p>\n<\/li>\n<li style=\"font-size:14px;color:rgb(34, 34, 34)\">\n<p>Viegls un iztur\u012bgs: Izgatavots no augstas kvalit\u0101tes EPP materi\u0101la, m\u016bsu RC lidma\u0161\u012bna ir viegla, tom\u0113r pietiekami iztur\u012bga, lai iztur\u0113tu triecienus un av\u0101rijas. T\u0101s iztur\u012bg\u0101 konstrukcija palielina iztur\u012bbu, nodro\u0161inot, ka t\u0101 ir piem\u0113rota \u0101ra apst\u0101k\u013ciem. Pat ja lidma\u0161\u012bna apg\u0101\u017eas uz \u016bdens, t\u0101s ieb\u016bv\u0113t\u0101s funkcijas un vad\u012bbas ier\u012bces nodro\u0161ina, ka to var manevr\u0113t atpaka\u013c.<\/p>\n<\/li>\n<li style=\"font-size:14px;color:rgb(34, 34, 34)\">\n<p>2,4 GHz bezvadu vad\u012bbas sist\u0113ma: Piln\u012bb\u0101 kontrol\u0113jiet lidma\u0161\u012bnu ar \u0113rti lietojamo t\u0101lvad\u012bbas pulti. Lidojiet aug\u0161up, lejup, pa kreisi, pa labi, uz priek\u0161u un atpaka\u013c ar darb\u012bbas r\u0101diusu l\u012bdz 150 m. 2,4 GHz frekvence nodro\u0161ina uzticamu savienojumu, \u013caujot vair\u0101k\u0101m t\u0101lvad\u012bbas lidma\u0161\u012bn\u0101m bez probl\u0113m\u0101m lidot kop\u0101 \u2014 ide\u0101li piem\u0113rots draudz\u012bg\u0101m sacens\u012bb\u0101m! Br\u012bdin\u0101jums par zemu akumulatora uzl\u0101des l\u012bmeni j\u016bs inform\u0113s p\u0113c atgrie\u0161an\u0101s vai nolai\u0161an\u0101s, lai nov\u0113rstu nevajadz\u012bgu akumulatora izl\u0101di lidojuma laik\u0101.<\/p>\n<\/li>\n<li style=\"font-size:14px;color:rgb(34, 34, 34)\">\n<p>Pagarin\u0101ts lidojuma laiks: \u0161ai t\u0101lvad\u012bbas lidma\u0161\u012bnai ir divi 800 mAh akumulatoru komplekti, kas nodro\u0161ina l\u012bdz pat 30 min\u016b\u0161u lidojuma laiku. Vienk\u0101r\u0161i nomainiet izl\u0101d\u0113to akumulatoru ar otro komplektu, lai baud\u012btu nep\u0101rtrauktu lido\u0161anas prieku \u2014 vairs nav j\u0101gaida uzl\u0101de.<\/p>\n<\/li>\n<li style=\"font-size:14px;color:rgb(34, 34, 34)\">\n<p>Vienk\u0101r\u0161a lido\u0161anas jautr\u012bba: M\u016bsu t\u0101lvad\u012bbas lidma\u0161\u012bna, kas paredz\u0113ta interakt\u012bvai izklaidei starp b\u0113rniem un pieaugu\u0161ajiem, ir \u013coti viegli vad\u0101ma. Iek\u013cauts ieb\u016bv\u0113ts 6 asu \u017eiroskopiskais stabilizators stabiliem lidojumiem. B\u0113rni dro\u0161i lidos jau p\u0113c da\u017e\u0101m treni\u0146a sesij\u0101m. T\u0101 ir ide\u0101li piem\u0113rota pieaugu\u0161ajiem, b\u0113rniem, ies\u0101c\u0113jiem un ikvienam, kam pat\u012bk avi\u0101cijas prieki. Rezerves da\u013cas, piem\u0113ram, baterijas un propelleri, nodro\u0161ina nep\u0101rtrauktu jautr\u012bbu.<\/p>\n<\/li>\n<\/ul>\n<\/div>\n<div>\n<div>\n<div style=\"margin:16px 0px 24px;margin-bottom:24px;margin-top:16px;margin-left:0px;margin-right:0px\"><img decoding=\"async\" style=\"width:100%\" width=\"100%\" src=\"https:\/\/d2qc09rl1gfuof.cloudfront.net\/product\/YKFJLTD2532CRJINZ\/rc-airplane-a100-1.11-pt.jpg\" slate-data-type=\"image\"\/><\/div>\n<\/div>\n<\/div>\n<\/div>\n<\/div>\n<\/div>\n<p><\/p>","protected":false},"excerpt":{"rendered":"<p>Hign-concerned Chemical:&nbsp;None Is Electric:&nbsp;No battery Anti-wind Ability:&nbsp;Yes Drone Weight:&nbsp;\/ Takeoff Weight:&nbsp;\/ Transit Time (Days):&nbsp;\/ Video Capture Resolution:&nbsp;other Operator Skill Level:&nbsp;Beginner Indoor\/Outdoor Use:&nbsp;Outdoor Camera Mount Type:&nbsp;other Barcode:&nbsp;No Model Number:&nbsp;Z62 Controller Mode:&nbsp;MODE1<\/p>","protected":false},"featured_media":25507,"comment_status":"open","ping_status":"closed","template":"","meta":{"_acf_changed":false},"product_brand":[],"product_cat":[519],"product_tag":[],"class_list":{"0":"post-25506","1":"product","2":"type-product","3":"status-publish","4":"has-post-thumbnail","6":"product_cat-rc-cars","8":"first","9":"instock","10":"shipping-taxable","11":"purchasable","12":"product-type-variable"},"acf":[],"_links":{"self":[{"href":"https:\/\/electricstore.eu\/lv\/wp-json\/wp\/v2\/product\/25506","targetHints":{"allow":["GET"]}}],"collection":[{"href":"https:\/\/electricstore.eu\/lv\/wp-json\/wp\/v2\/product"}],"about":[{"href":"https:\/\/electricstore.eu\/lv\/wp-json\/wp\/v2\/types\/product"}],"replies":[{"embeddable":true,"href":"https:\/\/electricstore.eu\/lv\/wp-json\/wp\/v2\/comments?post=25506"}],"wp:featuredmedia":[{"embeddable":true,"href":"https:\/\/electricstore.eu\/lv\/wp-json\/wp\/v2\/media\/25507"}],"wp:attachment":[{"href":"https:\/\/electricstore.eu\/lv\/wp-json\/wp\/v2\/media?parent=25506"}],"wp:term":[{"taxonomy":"product_brand","embeddable":true,"href":"https:\/\/electricstore.eu\/lv\/wp-json\/wp\/v2\/product_brand?post=25506"},{"taxonomy":"product_cat","embeddable":true,"href":"https:\/\/electricstore.eu\/lv\/wp-json\/wp\/v2\/product_cat?post=25506"},{"taxonomy":"product_tag","embeddable":true,"href":"https:\/\/electricstore.eu\/lv\/wp-json\/wp\/v2\/product_tag?post=25506"}],"curies":[{"name":"wp","href":"https:\/\/api.w.org\/{rel}","templated":true}]}}