{"id":25471,"date":"2025-05-20T18:59:34","date_gmt":"2025-05-20T18:59:34","guid":{"rendered":"https:\/\/electricstore.eu\/p\/uncategorized\/vevor-88-100-lbs-child-bike-trailer-double-seat-carrier-converts-to-stroller-foldable-children-bicycle-trailer-for-toddlers-kids\/"},"modified":"2025-05-20T19:02:57","modified_gmt":"2025-05-20T19:02:57","slug":"vevor-88-100-lbs-child-bike-trailer-double-seat-carrier-converts-to-stroller-foldable-children-bicycle-trailer-for-toddlers-kids","status":"publish","type":"product","link":"https:\/\/electricstore.eu\/lv\/p\/o\/bike-trailers-and-wagons\/vevor-88-100-lbs-child-bike-trailer-double-seat-carrier-converts-to-stroller-foldable-children-bicycle-trailer-for-toddlers-kids\/","title":{"rendered":"VEVOR 88\/100 m\u0101rci\u0146u b\u0113rnu velosip\u0113da piekabe ar dubults\u0113dekli, p\u0101rveidojama par saliekamu b\u0113rnu velosip\u0113du piekabi mazu\u013ciem"},"content":{"rendered":"<div class=\"product-specs-list-container\">\n<ul class=\"product-specs-list util-clearfix\">\n<li class=\"product-prop line-limit-length\"><span\n                                        class=\"property-title\">Augstas ba\u017eas izraiso\u0161a \u0137\u012bmiska viela:&nbsp;<\/span><span\n                                        class=\"property-desc line-limit-length\">Neviens<\/span>\n                            <\/li>\n<li class=\"product-prop line-limit-length\"><span\n                                        class=\"property-title\">S\u0113dek\u013ca poz\u012bcija:&nbsp;<\/span><span\n                                        class=\"property-desc line-limit-length\">POSTS<\/span>\n                            <\/li>\n<li class=\"product-prop line-limit-length\"><span\n                                        class=\"property-title\">Materi\u0101ls:&nbsp;<\/span><span\n                                        class=\"property-desc line-limit-length\">citi<\/span>\n                            <\/li>\n<li class=\"product-prop line-limit-length\"><span\n                                        class=\"property-title\">Mode\u013ca numurs:&nbsp;<\/span><span\n                                        class=\"property-desc line-limit-length\">JBT03N1<\/span>\n                            <\/li>\n<li class=\"product-prop line-limit-length\"><span\n                                        class=\"property-title\">Vecuma diapazons:&nbsp;<\/span><span\n                                        class=\"property-desc line-limit-length\">7\u201312\u00a0g.<\/span>\n                            <\/li>\n<li class=\"product-prop line-limit-length\"><span\n                                        class=\"property-title\">Izcelsme:&nbsp;<\/span><span\n                                        class=\"property-desc line-limit-length\">Kontinent\u0101l\u0101 \u0136\u012bna<\/span>\n                            <\/li>\n<li class=\"product-prop line-limit-length\"><span\n                                        class=\"property-title\">Z\u012bmols:&nbsp;<\/span><span\n                                        class=\"property-desc line-limit-length\">VEVOR<\/span>\n                            <\/li>\n<li class=\"product-prop line-limit-length\"><span\n                                        class=\"property-title\">Materi\u0101ls:&nbsp;<\/span><span\n                                        class=\"property-desc line-limit-length\">Oglek\u013ca t\u0113rauds + 600D Oksfordas audums + PP<\/span>\n                            <\/li>\n<li class=\"product-prop line-limit-length\"><span\n                                        class=\"property-title\">Tips:&nbsp;<\/span><span\n                                        class=\"property-desc line-limit-length\">Piekabes\/rati\u0146u div\u0113j\u0101da izmanto\u0161ana<\/span>\n                            <\/li>\n<li class=\"product-prop line-limit-length\"><span\n                                        class=\"property-title\">Iek\u0161\u0113jais izm\u0113rs:&nbsp;<\/span><span\n                                        class=\"property-desc line-limit-length\">29,1 x 24,4 x 22 collas\/740 x 620 x 560 mm<\/span>\n                            <\/li>\n<li class=\"product-prop line-limit-length\"><span\n                                        class=\"property-title\">Maksim\u0101l\u0101 slodzes iztur\u012bba:&nbsp;<\/span><span\n                                        class=\"property-desc line-limit-length\">88 m\u0101rci\u0146as\/110 m\u0101rci\u0146as<\/span>\n                            <\/li>\n<li class=\"product-prop line-limit-length\"><span\n                                        class=\"property-title\">S\u0113dvietu skaits:&nbsp;<\/span><span\n                                        class=\"property-desc line-limit-length\">2<\/span>\n                            <\/li>\n<\/ul><\/div>\n<div class=\"detailmodule_html\">\n<div class=\"detail-desc-decorate-richtext\">\n<div style=\"font-family:&quot;Open sans&quot;, Arial, Helvetica, sans-serif\">\n<div style=\"font-family:&quot;Open sans&quot;, Arial, Helvetica, sans-serif\">\n  <img decoding=\"async\" style=\"width:100%\" width=\"100%\" src=\"https:\/\/d2qc09rl1gfuof.cloudfront.net\/vevor\/boutique-banner\/pc\/banner-en.jpg\" slate-data-type=\"image\" \/>\n <\/div>\n<div style=\"font-family:&quot;Open sans&quot;, Arial, Helvetica, sans-serif\">\n<div style=\"font-size:16px;font-weight:bold;text-align:center;color:rgb(34, 34, 34);margin:24px 0px;margin-bottom:24px;margin-top:24px;margin-left:0px;margin-right:0px\" align=\"center\">\n   VEVOR velosip\u0113du piekabe b\u0113rniem \u2013 iepaz\u012bsties ar savu jauno rite\u0146brauk\u0161anas draugu!\n  <\/div>\n<div>\n   <img decoding=\"async\" style=\"width:100%\" width=\"100%\" src=\"https:\/\/d2qc09rl1gfuof.cloudfront.net\/product\/LYS100B1020ILJ9NW\/bike-trailer-a100-1.4.jpg\" slate-data-type=\"image\" \/>\n  <\/div>\n<div style=\"font-size:14px;text-align:center;color:rgb(34, 34, 34);margin:16px 0px 24px;margin-bottom:24px;margin-top:16px;margin-left:0px;margin-right:0px\" align=\"center\">\n   Brauciet gludi ar m\u016bsu iztur\u012bgo velosip\u0113da piekabi no sakaus\u0113juma t\u0113rauda r\u0101mja. Divsl\u0101\u0146u gumijas riepas nodro\u0161ina vienm\u0113r\u012bgu un \u0113rtu braucienu, padarot to par dro\u0161u un uzticamu ce\u013cabiedru katr\u0101 ce\u013cojum\u0101.\n  <\/div><\/div>\n<div style=\"font-family:&quot;Open sans&quot;, Arial, Helvetica, sans-serif\">\n<div>\n   &nbsp;\n  <\/div>\n<div style=\"margin:8px 0px;margin-bottom:8px;margin-top:8px;margin-left:0px;margin-right:0px\">\n   <img decoding=\"async\" style=\"width:100%\" width=\"100%\" src=\"https:\/\/d2qc09rl1gfuof.cloudfront.net\/product\/LYS100B1020ILJ9NW\/bike-trailer-a100-2.2.jpg\" slate-data-type=\"image\" \/>\n  <\/div>\n<div style=\"font-size:14px;text-align:center;color:rgb(34, 34, 34);margin:16px 0px 24px;margin-bottom:24px;margin-top:16px;margin-left:0px;margin-right:0px\" align=\"center\">\n   Ar visaptvero\u0161u aizsardz\u012bbu un dro\u0161u novieto\u0161anu velosip\u0113da piekabe pasarg\u0101 j\u016bsu riepas no negaid\u012btiem boj\u0101jumiem. \u0160ie sp\u012bd\u012bgie atstarot\u0101ji nodro\u0161ina skaidr\u0101ku identifik\u0101ciju, padarot j\u016bsu braucienu dro\u0161u un stil\u012bgu.\n  <\/div><\/div>\n<div style=\"font-family:&quot;Open sans&quot;, Arial, Helvetica, sans-serif\">\n<div>\n   &nbsp;\n  <\/div>\n<div style=\"margin:8px 0px;margin-bottom:8px;margin-top:8px;margin-left:0px;margin-right:0px\">\n   <img decoding=\"async\" style=\"width:100%\" width=\"100%\" src=\"https:\/\/d2qc09rl1gfuof.cloudfront.net\/product\/LYS100B1020ILJ9NW\/bike-trailer-a100-2.3.jpg\" slate-data-type=\"image\" \/>\n  <\/div>\n<div style=\"font-size:14px;text-align:center;color:rgb(34, 34, 34);margin:16px 0px 24px;margin-bottom:24px;margin-top:16px;margin-left:0px;margin-right:0px\" align=\"center\">\n   Ar lielo kravnes\u012bbu un \u0113rto divu s\u0113dvietu dizainu b\u0113rnu velosip\u0113da piekabe ir piem\u0113rota b\u0113rniem no 18 m\u0113ne\u0161u l\u012bdz 5 gadu vecumam. T\u0101 ir lab\u0101k\u0101 braucamvieta jums un j\u016bsu mazajam.\n  <\/div><\/div>\n<div style=\"font-family:&quot;Open sans&quot;, Arial, Helvetica, sans-serif\">\n<div>\n   &nbsp;\n  <\/div>\n<div style=\"margin:8px 0px;margin-bottom:8px;margin-top:8px;margin-left:0px;margin-right:0px\">\n   <img decoding=\"async\" style=\"width:100%\" width=\"100%\" src=\"https:\/\/d2qc09rl1gfuof.cloudfront.net\/product\/LYS100B1020ILJ9NW\/bike-trailer-a100-2.4.jpg\" slate-data-type=\"image\" \/>\n  <\/div>\n<div style=\"font-size:14px;text-align:center;color:rgb(34, 34, 34);margin:16px 0px 24px;margin-bottom:24px;margin-top:16px;margin-left:0px;margin-right:0px\" align=\"center\">\n   Salik\u0161ana nav sare\u017e\u0123\u012bta! M\u016bsu b\u0113rnu velosip\u0113da piekabei ir \u0101tr\u0101s atbr\u012bvo\u0161anas konstrukcija, kas atvieglo uzst\u0101d\u012b\u0161anu un izjauk\u0161anu, padarot to \u012bpa\u0161i p\u0101rn\u0113s\u0101jamu. T\u0101s integr\u0113tais piekabes un rati\u0146u dizains j\u016bsu braucienos ienes\u012bs vair\u0101k prieka.\n  <\/div><\/div>\n<div style=\"font-family:&quot;Open sans&quot;, Arial, Helvetica, sans-serif\">\n<div>\n   &nbsp;\n  <\/div>\n<div style=\"margin:8px 0px;margin-bottom:8px;margin-top:8px;margin-left:0px;margin-right:0px\">\n   <img decoding=\"async\" style=\"width:100%\" width=\"100%\" src=\"https:\/\/d2qc09rl1gfuof.cloudfront.net\/product\/LYS100B1020ILJ9NW\/bike-trailer-a100-2.5.jpg\" slate-data-type=\"image\" \/>\n  <\/div>\n<div style=\"font-size:14px;text-align:center;color:rgb(34, 34, 34);margin:16px 0px 24px;margin-bottom:24px;margin-top:16px;margin-left:0px;margin-right:0px\" align=\"center\">\n   M\u016bsu b\u0113rnu velosip\u0113da piekabe ir apr\u012bkota ar 30 collu dro\u0161\u012bbas jostu \u0113rtai brauk\u0161anai, s\u0101nu logu pla\u0161am skatam un perfor\u0113tu aizmugur\u0113jo dizainu lieliskai ventil\u0101cijai. J\u016bsu b\u0113rna komforts ir m\u016bsu galven\u0101 priorit\u0101te.\n  <\/div><\/div>\n<div style=\"margin:16px 0px 24px;margin-bottom:24px;margin-top:16px;margin-left:0px;margin-right:0px\"><\/div>\n<div style=\"margin:24px 0px;margin-bottom:24px;margin-top:24px;margin-left:0px;margin-right:0px\">\n<div style=\"font-size:16px;font-weight:bold;color:rgb(34, 34, 34);margin:24px 0px 16px;margin-bottom:16px;margin-top:24px;margin-left:0px;margin-right:0px\">\n   Funkcijas un inform\u0101cija\n  <\/div>\n<ul style=\"margin:16px 0px 24px;margin-bottom:24px;margin-top:16px;margin-left:0px;margin-right:0px\">\n<li style=\"font-size:14px;color:rgb(34, 34, 34)\">\n<p>Iztur\u012bga konstrukcija: M\u016bsu velosip\u0113da piekabei ir iztur\u012bgs t\u0113rauda r\u0101mis un robustas divsl\u0101\u0146u gumijas pneimatisk\u0101s riepas, kas nodro\u0161ina stabilu dro\u0161\u012bbu j\u016bsu brauciena laik\u0101. Neatkar\u012bgi no da\u017e\u0101diem ce\u013ca apst\u0101k\u013ciem t\u0101 saglab\u0101 uzticam\u012bbu un iztur\u012bbu, garant\u0113jot dro\u0161u braucienu katru reizi.<\/p>\n<\/li>\n<li style=\"font-size:14px;color:rgb(34, 34, 34)\">\n<p>Dro\u0161\u012bba pirmaj\u0101 viet\u0101: M\u016bsu velosip\u0113da piekabe nodro\u0161ina visaptvero\u0161u aizsardz\u012bbu ar rumbas atsperu piekares dizainu, kas efekt\u012bvi absorb\u0113 triecienus. Ar 2-in-1 dro\u0161\u012bbas rokas bremzi j\u016bs varat vienm\u0113r\u012bgi samazin\u0101t \u0101trumu un dro\u0161i novietot automa\u0161\u012bnu. Turkl\u0101t spilgti atstarot\u0101ji nodro\u0161ina, ka brauciena laik\u0101 j\u016bs esat redzams, pie\u0161\u0137irot papildu dro\u0161\u012bbas sl\u0101ni.<\/p>\n<\/li>\n<li style=\"font-size:14px;color:rgb(34, 34, 34)\">\n<p>Daudzpus\u012bga izklaide: Piekraujiet visu! M\u016bsu b\u0113rnu velosip\u0113da piekabe var tikt gal\u0101 ar visu, pateicoties t\u0101s lielajai kravnes\u012bbai un divu s\u0113dek\u013cu dizainam. Lieliski piem\u0113rota pat\u012bkamiem braucieniem ar j\u016bsu mazuli. T\u0101s univers\u0101lais sader\u012bbas dizains ir piem\u0113rots da\u017e\u0101diem velosip\u0113diem, padarot to par lielisku izv\u0113li j\u016bsu braucieniem.<\/p>\n<\/li>\n<li style=\"font-size:14px;color:rgb(34, 34, 34)\">\n<p>Vienk\u0101r\u0161a lieto\u0161ana: Pateicoties m\u016bsu b\u0113rnu velosip\u0113da piekabes \u0101tr\u0101s atbr\u012bvo\u0161anas dizainam, t\u0101s salik\u0161ana vai izjauk\u0161ana nav sare\u017e\u0123\u012bta. Dodieties ce\u013c\u0101 \u0101tr\u0101k un izbaudiet piedz\u012bvojumus bez raiz\u0113m. Turkl\u0101t p\u0101rsl\u0113g\u0161an\u0101s starp piekabi un rati\u0146iem ir pavisam vienk\u0101r\u0161a, pie\u0161\u0137irot j\u016bsu izbraucieniem aizraujo\u0161\u0101ku noska\u0146u.<\/p>\n<\/li>\n<li style=\"font-size:14px;color:rgb(34, 34, 34)\">\n<p>\u0112rts un saudz\u012bgs: M\u016bsu b\u0113rnu velosip\u0113da piekabe r\u016bp\u0113jas par katru braucienu, piev\u0113r\u0161ot uzman\u012bbu deta\u013c\u0101m. \u0112rta 30 collu dro\u0161\u012bbas josta nodro\u0161ina komfortu bez ierobe\u017eojumiem, savuk\u0101rt perfor\u0113tais dizains s\u0113dek\u013ca aizmugur\u0113 nodro\u0161ina vieglu gaisotni, un s\u0101nu logs bag\u0101tina braucienu, nodro\u0161inot \u0113rtu un dro\u0161u brauk\u0161anas pieredzi j\u016bsu b\u0113rnam.<\/p>\n<\/li>\n<\/ul><\/div>\n<div>\n<div>\n   &nbsp;\n  <\/div>\n<div>\n<div>\n    &nbsp;\n   <\/div>\n<div style=\"margin:16px 0px 24px;margin-bottom:24px;margin-top:16px;margin-left:0px;margin-right:0px\">\n    <strong>59x34x37 collas 88 m\u0101rci\u0146as<\/strong>\n   <\/div>\n<div style=\"margin:16px 0px 24px;margin-bottom:24px;margin-top:16px;margin-left:0px;margin-right:0px\">\n    <img decoding=\"async\" style=\"width:100%\" width=\"100%\" src=\"https:\/\/d2qc09rl1gfuof.cloudfront.net\/product\/LYS100B1020ILJ9NW\/bike-trailer-a100-1.11.jpg\" slate-data-type=\"image\" \/><br \/>\n    <strong>59x34x37 collas 100 m\u0101rci\u0146as<\/strong>\n   <\/div><\/div><\/div>\n<div>\n<div>\n<div style=\"margin:16px 0px 24px;margin-bottom:24px;margin-top:16px;margin-left:0px;margin-right:0px\">\n    <img decoding=\"async\" style=\"width:100%\" width=\"100%\" src=\"https:\/\/d2qc09rl1gfuof.cloudfront.net\/product\/LYS2GHJG1220E5YTP\/bike-trailer-a100-1.11.jpg\" slate-data-type=\"image\" \/>\n   <\/div><\/div><\/div>\n<div style=\"font-family:&quot;Open sans&quot;, Arial, Helvetica, sans-serif\">\n<div>\n   &nbsp;\n  <\/div>\n<div>\n<div style=\"font-size:16px;font-weight:bold;color:rgb(34, 34, 34);margin:24px 0px 16px;margin-bottom:16px;margin-top:24px;margin-left:0px;margin-right:0px\">\n    &nbsp;61x31x37 collas 100 m\u0101rci\u0146as\n   <\/div>\n<div style=\"margin:16px 0px 24px;margin-bottom:24px;margin-top:16px;margin-left:0px;margin-right:0px\">\n    <img decoding=\"async\" style=\"width:100%\" width=\"100%\" src=\"https:\/\/d2qc09rl1gfuof.cloudfront.net\/product\/LYS2GHJG820IRLD5R\/bike-trailer-a100-1.11.jpg\" slate-data-type=\"image\" \/>\n   <\/div><\/div><\/div>\n<\/div>\n<p><\/p>\n<\/div>\n<\/div>","protected":false},"excerpt":{"rendered":"<p>Hign-concerned Chemical:&nbsp;None Seat position:&nbsp;POST Material:&nbsp;others Model Number:&nbsp;JBT03N1 Age Range:&nbsp;7-12Y Origin:&nbsp;Mainland China Brand:&nbsp;VEVOR Material:&nbsp;Carbon Steel + 600D Oxford Cloth + PP Type:&nbsp;Trailer\/Stroller Dual-Use Internal Size:&nbsp;29.1 x 24.4 x 22 in\/740 x<\/p>","protected":false},"featured_media":25472,"comment_status":"open","ping_status":"closed","template":"","meta":{"_acf_changed":false},"product_brand":[],"product_cat":[523],"product_tag":[],"class_list":{"0":"post-25471","1":"product","2":"type-product","3":"status-publish","4":"has-post-thumbnail","6":"product_cat-bike-trailers-and-wagons","8":"first","9":"instock","10":"shipping-taxable","11":"purchasable","12":"product-type-variable"},"acf":[],"_links":{"self":[{"href":"https:\/\/electricstore.eu\/lv\/wp-json\/wp\/v2\/product\/25471","targetHints":{"allow":["GET"]}}],"collection":[{"href":"https:\/\/electricstore.eu\/lv\/wp-json\/wp\/v2\/product"}],"about":[{"href":"https:\/\/electricstore.eu\/lv\/wp-json\/wp\/v2\/types\/product"}],"replies":[{"embeddable":true,"href":"https:\/\/electricstore.eu\/lv\/wp-json\/wp\/v2\/comments?post=25471"}],"wp:featuredmedia":[{"embeddable":true,"href":"https:\/\/electricstore.eu\/lv\/wp-json\/wp\/v2\/media\/25472"}],"wp:attachment":[{"href":"https:\/\/electricstore.eu\/lv\/wp-json\/wp\/v2\/media?parent=25471"}],"wp:term":[{"taxonomy":"product_brand","embeddable":true,"href":"https:\/\/electricstore.eu\/lv\/wp-json\/wp\/v2\/product_brand?post=25471"},{"taxonomy":"product_cat","embeddable":true,"href":"https:\/\/electricstore.eu\/lv\/wp-json\/wp\/v2\/product_cat?post=25471"},{"taxonomy":"product_tag","embeddable":true,"href":"https:\/\/electricstore.eu\/lv\/wp-json\/wp\/v2\/product_tag?post=25471"}],"curies":[{"name":"wp","href":"https:\/\/api.w.org\/{rel}","templated":true}]}}