{"id":25422,"date":"2025-05-20T18:59:14","date_gmt":"2025-05-20T18:59:14","guid":{"rendered":"https:\/\/electricstore.eu\/p\/uncategorized\/vevor-300lbs-beach-fishing-cart-fish-marine-foldable-cart-with-four-11-wheels-8-rod-holders-pier-wagon-trolley-for-sand-picnic\/"},"modified":"2025-05-20T19:02:13","modified_gmt":"2025-05-20T19:02:13","slug":"vevor-300lbs-beach-fishing-cart-fish-marine-foldable-cart-with-four-11-wheels-8-rod-holders-pier-wagon-trolley-for-sand-picnic","status":"publish","type":"product","link":"https:\/\/electricstore.eu\/lv\/p\/o\/bike-trailers-and-wagons\/vevor-300lbs-beach-fishing-cart-fish-marine-foldable-cart-with-four-11-wheels-8-rod-holders-pier-wagon-trolley-for-sand-picnic\/","title":{"rendered":"VEVOR 300 m\u0101rci\u0146u pludmales mak\u0161\u0137er\u0113\u0161anas rati\u0146i, saliekami j\u016bras rati\u0146i ar \u010detriem 11 collu rite\u0146iem, 8 mak\u0161\u0137eres tur\u0113t\u0101jiem, piest\u0101tnes rati\u0146i smil\u0161u piknikam"},"content":{"rendered":"<div class=\"product-specs-list-container\">\n<ul class=\"product-specs-list util-clearfix\">\n<li class=\"product-prop line-limit-length\"><span\n                                        class=\"property-title\">Augstas ba\u017eas izraiso\u0161a \u0137\u012bmiska viela:&nbsp;<\/span><span\n                                        class=\"property-desc line-limit-length\">Neviens<\/span>\n                            <\/li>\n<li class=\"product-prop line-limit-length\"><span\n                                        class=\"property-title\">Izcelsme:&nbsp;<\/span><span\n                                        class=\"property-desc line-limit-length\">Kontinent\u0101l\u0101 \u0136\u012bna<\/span>\n                            <\/li>\n<li class=\"product-prop line-limit-length\"><span\n                                        class=\"property-title\">Z\u012bmola nosaukums:&nbsp;<\/span><span\n                                        class=\"property-desc line-limit-length\">VEVOR<\/span>\n                            <\/li>\n<li class=\"product-prop line-limit-length\"><span\n                                        class=\"property-title\">Preces mode\u013ca numurs:&nbsp;<\/span><span\n                                        class=\"property-desc line-limit-length\">YK-600<\/span>\n                            <\/li>\n<li class=\"product-prop line-limit-length\"><span\n                                        class=\"property-title\">Maksim\u0101l\u0101 slodzes iztur\u012bba:&nbsp;<\/span><span\n                                        class=\"property-desc line-limit-length\">300 m\u0101rci\u0146as\/136,07 kg<\/span>\n                            <\/li>\n<li class=\"product-prop line-limit-length\"><span\n                                        class=\"property-title\">Produkta svars:&nbsp;<\/span><span\n                                        class=\"property-desc line-limit-length\">41,22 m\u0101rci\u0146as\/18,7 kg<\/span>\n                            <\/li>\n<li class=\"product-prop line-limit-length\"><span\n                                        class=\"property-title\">Produkta izm\u0113rs:&nbsp;<\/span><span\n                                        class=\"property-desc line-limit-length\">55,11 x 24,6 x 38,58 collas\/1400 x 625 x 980 mm<\/span>\n                            <\/li>\n<li class=\"product-prop line-limit-length\"><span\n                                        class=\"property-title\">Funkcija:&nbsp;<\/span><span\n                                        class=\"property-desc line-limit-length\">Salok\u0101ms dizains<\/span>\n                            <\/li>\n<\/ul><\/div>\n<div class=\"detailmodule_html\">\n<div class=\"detail-desc-decorate-richtext\">\n<p><\/p>\n<div style=\"margin:0px;margin-bottom:0px;margin-top:0px;margin-left:0px;margin-right:0px;padding:0px;padding-bottom:0px;padding-top:0px;padding-left:0px;padding-right:0px\"><img decoding=\"async\" style=\"margin:0px;margin-bottom:0px;margin-top:0px;margin-left:0px;margin-right:0px;padding:0px;padding-bottom:0px;padding-top:0px;padding-left:0px;padding-right:0px;max-width:100%;width:2242.67px\" width=\"2242.67px\" src=\"https:\/\/d2qc09rl1gfuof.cloudfront.net\/vevor\/boutique-banner\/pc\/banner-en.jpg\" slate-data-type=\"image\"\/><\/div>\n<div style=\"margin:0px;margin-bottom:0px;margin-top:0px;margin-left:0px;margin-right:0px;padding:0px;padding-bottom:0px;padding-top:0px;padding-left:0px;padding-right:0px\">\n<div style=\"font-size:16px;font-weight:bold;text-align:center;color:rgb(34, 34, 34);margin:24px 0px;margin-bottom:24px;margin-top:24px;margin-left:0px;margin-right:0px;padding:0px;padding-bottom:0px;padding-top:0px;padding-left:0px;padding-right:0px\" align=\"center\">VEVOR pludmales mak\u0161\u0137er\u0113\u0161anas rati\u0146i: j\u016bsu uzticamais biedrs br\u012bv\u0101 dab\u0101<\/div>\n<div style=\"margin:0px;margin-bottom:0px;margin-top:0px;margin-left:0px;margin-right:0px;padding:0px;padding-bottom:0px;padding-top:0px;padding-left:0px;padding-right:0px\"><img decoding=\"async\" style=\"margin:0px;margin-bottom:0px;margin-top:0px;margin-left:0px;margin-right:0px;padding:0px;padding-bottom:0px;padding-top:0px;padding-left:0px;padding-right:0px;max-width:100%;width:2242.67px\" width=\"2242.67px\" src=\"https:\/\/d2qc09rl1gfuof.cloudfront.net\/product\/SLKYJCKZD000GFIOE\/fishing-cart-a100-1.4.jpg\" slate-data-type=\"image\"\/><\/div>\n<div style=\"font-size:14px;text-align:center;color:rgb(34, 34, 34);margin:16px 0px 24px;margin-bottom:24px;margin-top:16px;margin-left:0px;margin-right:0px;padding:0px;padding-bottom:0px;padding-top:0px;padding-left:0px;padding-right:0px\" align=\"center\">Izt\u0113lojieties: mak\u0161\u0137er\u0113\u0161anas rati\u0146i ar iztur\u012bgu t\u0113rauda r\u0101mi, kas gludi ripo uz 11 collu gumijas piep\u016b\u0161amajiem rite\u0146iem. Izm\u0113ri ir 30,9 x 18,5 x 16,3 collas un gatavi p\u0101rvad\u0101t l\u012bdz 300 m\u0101rci\u0146\u0101m ar 8 mak\u0161\u0137eru tur\u0113t\u0101jiem, tie ir j\u016bsu ide\u0101ls partneris mak\u0161\u0137er\u0113\u0161anas piedz\u012bvojumos.<\/div>\n<\/div>\n<div style=\"margin:0px;margin-bottom:0px;margin-top:0px;margin-left:0px;margin-right:0px;padding:0px;padding-bottom:0px;padding-top:0px;padding-left:0px;padding-right:0px\">\n<div style=\"margin:8px 0px;margin-bottom:8px;margin-top:8px;margin-left:0px;margin-right:0px;padding:0px;padding-bottom:0px;padding-top:0px;padding-left:0px;padding-right:0px\"><img decoding=\"async\" style=\"margin:0px;margin-bottom:0px;margin-top:0px;margin-left:0px;margin-right:0px;padding:0px;padding-bottom:0px;padding-top:0px;padding-left:0px;padding-right:0px;max-width:100%;width:2242.67px\" width=\"2242.67px\" src=\"https:\/\/d2qc09rl1gfuof.cloudfront.net\/product\/SLKYJCKZD000GFIOE\/fishing-cart-a100-2.2.jpg\" slate-data-type=\"image\"\/><\/div>\n<div style=\"font-size:14px;text-align:center;color:rgb(34, 34, 34);margin:16px 0px 24px;margin-bottom:24px;margin-top:16px;margin-left:0px;margin-right:0px;padding:0px;padding-bottom:0px;padding-top:0px;padding-left:0px;padding-right:0px\" align=\"center\">M\u016bsu pludmales mak\u0161\u0137er\u0113\u0161anas rati\u0146iem ir rite\u0146i, kas m\u012bl izaicin\u0101jumus \u2013 neatkar\u012bgi no t\u0101, vai t\u0101s ir smil\u0161ainas pludmales, akme\u0146ainas takas vai z\u0101\u013caini lauki, tie padara katru braucienu gludu un bez piep\u016bles.<\/div>\n<\/div>\n<div style=\"margin:0px;margin-bottom:0px;margin-top:0px;margin-left:0px;margin-right:0px;padding:0px;padding-bottom:0px;padding-top:0px;padding-left:0px;padding-right:0px\">\n<div style=\"margin:8px 0px;margin-bottom:8px;margin-top:8px;margin-left:0px;margin-right:0px;padding:0px;padding-bottom:0px;padding-top:0px;padding-left:0px;padding-right:0px\"><img decoding=\"async\" style=\"margin:0px;margin-bottom:0px;margin-top:0px;margin-left:0px;margin-right:0px;padding:0px;padding-bottom:0px;padding-top:0px;padding-left:0px;padding-right:0px;max-width:100%;width:2242.67px\" width=\"2242.67px\" src=\"https:\/\/d2qc09rl1gfuof.cloudfront.net\/product\/SLKYJCKZD000GFIOE\/fishing-cart-a100-2.3.jpg\" slate-data-type=\"image\"\/><\/div>\n<div style=\"font-size:14px;text-align:center;color:rgb(34, 34, 34);margin:16px 0px 24px;margin-bottom:24px;margin-top:16px;margin-left:0px;margin-right:0px;padding:0px;padding-bottom:0px;padding-top:0px;padding-left:0px;padding-right:0px\" align=\"center\">Esam uzlaboju\u0161i savu izv\u0113li, izmantojot ner\u016bs\u0113jo\u0161\u0101 t\u0113rauda skr\u016bves, kas ir iztur\u012bgas pret atsl\u0101b\u0161anu, r\u016bs\u0113\u0161anu un nodilumu, t\u0101d\u0113j\u0101di nodro\u0161inot iztur\u012bgus un uzticamus pludmales mak\u0161\u0137er\u0113\u0161anas rati\u0146us, kas saglab\u0101 savu formu ar\u012b p\u0113c ilgsto\u0161as lieto\u0161anas.<\/div>\n<\/div>\n<div style=\"margin:0px;margin-bottom:0px;margin-top:0px;margin-left:0px;margin-right:0px;padding:0px;padding-bottom:0px;padding-top:0px;padding-left:0px;padding-right:0px\">\n<div style=\"margin:8px 0px;margin-bottom:8px;margin-top:8px;margin-left:0px;margin-right:0px;padding:0px;padding-bottom:0px;padding-top:0px;padding-left:0px;padding-right:0px\"><img decoding=\"async\" style=\"margin:0px;margin-bottom:0px;margin-top:0px;margin-left:0px;margin-right:0px;padding:0px;padding-bottom:0px;padding-top:0px;padding-left:0px;padding-right:0px;max-width:100%;width:2242.67px\" width=\"2242.67px\" src=\"https:\/\/d2qc09rl1gfuof.cloudfront.net\/product\/SLKYJCKZD000GFIOE\/fishing-cart-a100-2.4.jpg\" slate-data-type=\"image\"\/><\/div>\n<div style=\"font-size:14px;text-align:center;color:rgb(34, 34, 34);margin:16px 0px 24px;margin-bottom:24px;margin-top:16px;margin-left:0px;margin-right:0px;padding:0px;padding-bottom:0px;padding-top:0px;padding-left:0px;padding-right:0px\" align=\"center\">Atvadieties no sare\u017e\u0123\u012bt\u0101s rite\u0146u uzst\u0101d\u012b\u0161anas. M\u016bsu piest\u0101tnes rati\u0146iem ir vienk\u0101r\u0161s tapu meh\u0101nisms \u0101trai un vienk\u0101r\u0161ai rite\u0146u piestiprin\u0101\u0161anai un no\u0146em\u0161anai, k\u0101 ar\u012b O veida gredzena tapa papildu sirdsmieram.<\/div>\n<\/div>\n<div style=\"margin:0px;margin-bottom:0px;margin-top:0px;margin-left:0px;margin-right:0px;padding:0px;padding-bottom:0px;padding-top:0px;padding-left:0px;padding-right:0px\">\n<div style=\"margin:8px 0px;margin-bottom:8px;margin-top:8px;margin-left:0px;margin-right:0px;padding:0px;padding-bottom:0px;padding-top:0px;padding-left:0px;padding-right:0px\"><img decoding=\"async\" style=\"margin:0px;margin-bottom:0px;margin-top:0px;margin-left:0px;margin-right:0px;padding:0px;padding-bottom:0px;padding-top:0px;padding-left:0px;padding-right:0px;max-width:100%;width:2242.67px\" width=\"2242.67px\" src=\"https:\/\/d2qc09rl1gfuof.cloudfront.net\/product\/SLKYJCKZD000GFIOE\/fishing-cart-a100-2.5.jpg\" slate-data-type=\"image\"\/><\/div>\n<div style=\"font-size:14px;text-align:center;color:rgb(34, 34, 34);margin:16px 0px 24px;margin-bottom:24px;margin-top:16px;margin-left:0px;margin-right:0px;padding:0px;padding-bottom:0px;padding-top:0px;padding-left:0px;padding-right:0px\" align=\"center\">Vair\u0101k nek\u0101 tikai mak\u0161\u0137er\u0113\u0161anas biedrs! Neatkar\u012bgi no t\u0101, vai fotograf\u0113jat br\u012bv\u0101 dab\u0101, piknikojat vai dodaties kemping\u0101, \u0161ie mak\u0161\u0137er\u0113\u0161anas rati\u0146i pie mola viegli tiks gal\u0101 ar visu j\u016bsu apr\u012bkojumu, ietaupot jums laiku un laiku.<\/div>\n<\/div>\n<div style=\"margin:16px 0px 24px;margin-bottom:24px;margin-top:16px;margin-left:0px;margin-right:0px;padding:0px;padding-bottom:0px;padding-top:0px;padding-left:0px;padding-right:0px\"><\/div>\n<div style=\"margin:24px 0px;margin-bottom:24px;margin-top:24px;margin-left:0px;margin-right:0px;padding:0px;padding-bottom:0px;padding-top:0px;padding-left:0px;padding-right:0px\">\n<div style=\"font-size:16px;font-weight:bold;color:rgb(34, 34, 34);margin:24px 0px 16px;margin-bottom:16px;margin-top:24px;margin-left:0px;margin-right:0px;padding:0px;padding-bottom:0px;padding-top:0px;padding-left:0px;padding-right:0px\">Funkcijas un inform\u0101cija<\/div>\n<ul style=\"margin:16px 0px 24px;margin-bottom:24px;margin-top:16px;margin-left:0px;margin-right:0px;padding:0px;padding-bottom:0px;padding-top:0px;padding-left:0px;padding-right:0px\">\n<li style=\"font-size:14px;color:rgb(34, 34, 34);margin:0px;margin-bottom:0px;margin-top:0px;margin-left:0px;margin-right:0px;padding:0px;padding-bottom:0px;padding-top:0px;padding-left:0px;padding-right:0px\">\n<p>Iztur\u012bgs r\u0101mis: Iepaz\u012bstieties ar VEVOR pludmales mak\u0161\u0137er\u0113\u0161anas rati\u0146iem, kas izgatavoti no augstas kvalit\u0101tes t\u0113rauda, nodro\u0161inot ne tikai iztur\u012bgu, bet ar\u012b ner\u016bs\u0113jo\u0161u r\u0101mi. Tas ir k\u0101 uzticams mak\u0161\u0137er\u0113\u0161anas biedrs, kas j\u016bs nekad nepievils. Turkl\u0101t tie ir viegli \u2013 lai j\u016bs var\u0113tu koncentr\u0113ties uz lomu, nevis uz ne\u0161anu!<\/p>\n<\/li>\n<li style=\"font-size:14px;color:rgb(34, 34, 34);margin:0px;margin-bottom:0px;margin-top:0px;margin-left:0px;margin-right:0px;padding:0px;padding-bottom:0px;padding-top:0px;padding-left:0px;padding-right:0px\">\n<p>Praktiski piep\u016b\u0161ami rite\u0146i: \u0160ie pludmales mak\u0161\u0137er\u0113\u0161anas rati\u0146i ir apr\u012bkoti ar 11 collu gumijas piep\u016b\u0161amiem rite\u0146iem, kas sl\u012bd pa smilt\u012bm, dub\u013ciem, granti un z\u0101li k\u0101 sapnis. \u0160ie rite\u0146i ne tikai nes j\u016bsu kravu, bet ar\u012b padara j\u016bsu ce\u013cojumu uz perfekto mak\u0161\u0137er\u0113\u0161anas vietu tikpat gludu k\u0101 j\u016bsu iecien\u012bt\u0101k\u0101 mak\u0161\u0137eraukla.<\/p>\n<\/li>\n<li style=\"font-size:14px;color:rgb(34, 34, 34);margin:0px;margin-bottom:0px;margin-top:0px;margin-left:0px;margin-right:0px;padding:0px;padding-bottom:0px;padding-top:0px;padding-left:0px;padding-right:0px\">\n<p>600D Oksfordas audums: Izbaudiet divsl\u0101\u0146u 600D Oksfordas auduma iztur\u012bbu. Tas ir ne tikai iztur\u012bgs pret nodilumu, bet ar\u012b \u016bdensiztur\u012bgs. Aizmirstiet par grumb\u0101m vai pl\u012bsumiem un sagaidiet mak\u0161\u0137er\u0113\u0161anas rati\u0146us, kas katr\u0101 braucien\u0101 izskat\u0101s k\u0101 jauni.<\/p>\n<\/li>\n<li style=\"font-size:14px;color:rgb(34, 34, 34);margin:0px;margin-bottom:0px;margin-top:0px;margin-left:0px;margin-right:0px;padding:0px;padding-bottom:0px;padding-top:0px;padding-left:0px;padding-right:0px\">\n<p>Salok\u0101ms dizains: M\u016bsu mak\u0161\u0137er\u0113\u0161anas rati\u0146i salok\u0101s l\u012bdz kompaktiem 30,51 x 24,6 x 15,74 coll\u0101m, ar \u0113rtiem 11 collu rite\u0146iem. Mont\u0101\u017ea ir vienk\u0101r\u0161a ar komplekt\u0101 iek\u013cautajiem instrumentiem, t\u0101p\u0113c j\u016bs vienm\u0113r esat tikai da\u017eu so\u013cu att\u0101lum\u0101 no sava n\u0101kam\u0101 mak\u0161\u0137er\u0113\u0161anas piedz\u012bvojuma.<\/p>\n<\/li>\n<li style=\"font-size:14px;color:rgb(34, 34, 34);margin:0px;margin-bottom:0px;margin-top:0px;margin-left:0px;margin-right:0px;padding:0px;padding-bottom:0px;padding-top:0px;padding-left:0px;padding-right:0px\">\n<p>Daudzfunkcion\u0101ls un p\u0101rn\u0113s\u0101jams: \u0160is piest\u0101tnes rati\u0146i ir apr\u012bkoti ar 8 mak\u0161\u0137eru tur\u0113t\u0101jiem un p\u0101rn\u0113s\u0101jamu dizainu, kas maina sp\u0113les noteikumus mak\u0161\u0137erniekiem. 2 collu diametra tur\u0113t\u0101ji ir piem\u0113roti da\u017e\u0101d\u0101m mak\u0161\u0137er\u0113m. Viss ir \u0113rt\u012bbas jaut\u0101jums: pa\u0146emiet mak\u0161\u0137eri, iemetiet to, un j\u016bs varat mak\u0161\u0137er\u0113t acumirkl\u012b.<\/p>\n<\/li>\n<\/ul>\n<\/div>\n<div style=\"margin:0px;margin-bottom:0px;margin-top:0px;margin-left:0px;margin-right:0px;padding:0px;padding-bottom:0px;padding-top:0px;padding-left:0px;padding-right:0px\">\n<div style=\"margin:0px;margin-bottom:0px;margin-top:0px;margin-left:0px;margin-right:0px;padding:0px;padding-bottom:0px;padding-top:0px;padding-left:0px;padding-right:0px\">\n<div style=\"margin:16px 0px 24px;margin-bottom:24px;margin-top:16px;margin-left:0px;margin-right:0px;padding:0px;padding-bottom:0px;padding-top:0px;padding-left:0px;padding-right:0px\"><img decoding=\"async\" style=\"margin:0px;margin-bottom:0px;margin-top:0px;margin-left:0px;margin-right:0px;padding:0px;padding-bottom:0px;padding-top:0px;padding-left:0px;padding-right:0px;max-width:100%;width:2242.67px\" width=\"2242.67px\" src=\"https:\/\/d2qc09rl1gfuof.cloudfront.net\/product\/SLKYJCKZD000GFIOE\/fishing-cart-a100-1.11.jpg\" slate-data-type=\"image\"\/><\/div>\n<\/div>\n<\/div>\n<div style=\"margin:0px;margin-bottom:0px;margin-top:0px;margin-left:0px;margin-right:0px;padding:0px;padding-bottom:0px;padding-top:0px;padding-left:0px;padding-right:0px\">\n<div style=\"margin:0px;margin-bottom:0px;margin-top:0px;margin-left:0px;margin-right:0px;padding:0px;padding-bottom:0px;padding-top:0px;padding-left:0px;padding-right:0px\">\n<div style=\"margin:16px 0px 24px;margin-bottom:24px;margin-top:16px;margin-left:0px;margin-right:0px;padding:0px;padding-bottom:0px;padding-top:0px;padding-left:0px;padding-right:0px\"><\/div>\n<\/div>\n<\/div>\n<p><\/p>\n<\/div>\n<\/div>","protected":false},"excerpt":{"rendered":"<p>Hign-concerned Chemical:&nbsp;None Origin:&nbsp;Mainland China Brand Name:&nbsp;VEVOR Item Model Number:&nbsp;YK-600 Max Load Capacity:&nbsp;300 lbs\/136.07 kg Product Weight:&nbsp;41.22 lbs\/18.7 kg Product Size:&nbsp;55.11 x 24.6 x 38.58 in\/1400 x 625 x 980 mm<\/p>","protected":false},"featured_media":25423,"comment_status":"open","ping_status":"closed","template":"","meta":{"_acf_changed":false},"product_brand":[],"product_cat":[523],"product_tag":[],"class_list":{"0":"post-25422","1":"product","2":"type-product","3":"status-publish","4":"has-post-thumbnail","6":"product_cat-bike-trailers-and-wagons","8":"first","9":"instock","10":"shipping-taxable","11":"purchasable","12":"product-type-variable"},"acf":[],"_links":{"self":[{"href":"https:\/\/electricstore.eu\/lv\/wp-json\/wp\/v2\/product\/25422","targetHints":{"allow":["GET"]}}],"collection":[{"href":"https:\/\/electricstore.eu\/lv\/wp-json\/wp\/v2\/product"}],"about":[{"href":"https:\/\/electricstore.eu\/lv\/wp-json\/wp\/v2\/types\/product"}],"replies":[{"embeddable":true,"href":"https:\/\/electricstore.eu\/lv\/wp-json\/wp\/v2\/comments?post=25422"}],"wp:featuredmedia":[{"embeddable":true,"href":"https:\/\/electricstore.eu\/lv\/wp-json\/wp\/v2\/media\/25423"}],"wp:attachment":[{"href":"https:\/\/electricstore.eu\/lv\/wp-json\/wp\/v2\/media?parent=25422"}],"wp:term":[{"taxonomy":"product_brand","embeddable":true,"href":"https:\/\/electricstore.eu\/lv\/wp-json\/wp\/v2\/product_brand?post=25422"},{"taxonomy":"product_cat","embeddable":true,"href":"https:\/\/electricstore.eu\/lv\/wp-json\/wp\/v2\/product_cat?post=25422"},{"taxonomy":"product_tag","embeddable":true,"href":"https:\/\/electricstore.eu\/lv\/wp-json\/wp\/v2\/product_tag?post=25422"}],"curies":[{"name":"wp","href":"https:\/\/api.w.org\/{rel}","templated":true}]}}