{"id":25411,"date":"2025-05-20T18:59:11","date_gmt":"2025-05-20T18:59:11","guid":{"rendered":"https:\/\/electricstore.eu\/p\/uncategorized\/vevor-45km-h-4wd-rc-car-118-all-terrain-off-road-with-high-speed-remote-control-truck-drift-monster-toys-gifts-for-boys-kids\/"},"modified":"2025-05-20T19:01:51","modified_gmt":"2025-05-20T19:01:51","slug":"vevor-45km-h-4wd-rc-car-118-all-terrain-off-road-with-high-speed-remote-control-truck-drift-monster-toys-gifts-for-boys-kids","status":"publish","type":"product","link":"https:\/\/electricstore.eu\/lv\/p\/rc\/rc-cars\/vevor-45km-h-4wd-rc-car-118-all-terrain-off-road-with-high-speed-remote-control-truck-drift-monster-toys-gifts-for-boys-kids\/","title":{"rendered":"VEVOR 45KM\/H 4WD RC automa\u0161\u012bna 1:18 Visurg\u0101j\u0113js Bezce\u013cu ar \u0100trgaitas T\u0101lvad\u012bbas Pults Kravas Automa\u0161\u012bna Drift Monster Rota\u013clietas D\u0101vanas Z\u0113niem B\u0113rniem"},"content":{"rendered":"<div class=\"product-specs-list-container\">\n<ul class=\"product-specs-list util-clearfix\">\n<li class=\"product-prop line-limit-length\"><span\n                                        class=\"property-title\">Augstas ba\u017eas izraiso\u0161a \u0137\u012bmiska viela:&nbsp;<\/span><span\n                                        class=\"property-desc line-limit-length\">Neviens<\/span>\n                            <\/li>\n<li class=\"product-prop line-limit-length\"><span\n                                        class=\"property-title\">Ir elektrisks:&nbsp;<\/span><span\n                                        class=\"property-desc line-limit-length\">Nav akumulatora<\/span>\n                            <\/li>\n<li class=\"product-prop line-limit-length\"><span\n                                        class=\"property-title\">Sv\u012btrkods:&nbsp;<\/span><span\n                                        class=\"property-desc line-limit-length\">N\u0113<\/span>\n                            <\/li>\n<li class=\"product-prop line-limit-length\"><span\n                                        class=\"property-title\">Jauda:&nbsp;<\/span><span\n                                        class=\"property-desc line-limit-length\">Elektrisks<\/span>\n                            <\/li>\n<li class=\"product-prop line-limit-length\"><span\n                                        class=\"property-title\">Asamblejas \u0161tats:&nbsp;<\/span><span\n                                        class=\"property-desc line-limit-length\">Gatavs lieto\u0161anai<\/span>\n                            <\/li>\n<li class=\"product-prop line-limit-length\"><span\n                                        class=\"property-title\">Lidojuma laiks:&nbsp;<\/span><span\n                                        class=\"property-desc line-limit-length\">21 min\u016bte<\/span>\n                            <\/li>\n<li class=\"product-prop line-limit-length\"><span\n                                        class=\"property-title\">Att\u0101lais att\u0101lums:&nbsp;<\/span><span\n                                        class=\"property-desc line-limit-length\">100 m+<\/span>\n                            <\/li>\n<li class=\"product-prop line-limit-length\"><span\n                                        class=\"property-title\">M\u0113rogs:&nbsp;<\/span><span\n                                        class=\"property-desc line-limit-length\">1:18<\/span>\n                            <\/li>\n<li class=\"product-prop line-limit-length\"><span\n                                        class=\"property-title\">Izm\u0113ri:&nbsp;<\/span><span\n                                        class=\"property-desc line-limit-length\">10,6 x 7,9 x 3,9 collas \/ 270 x 200 x 100 mm<\/span>\n                            <\/li>\n<li class=\"product-prop line-limit-length\"><span\n                                        class=\"property-title\">Mode\u013ca numurs:&nbsp;<\/span><span\n                                        class=\"property-desc line-limit-length\">300E<\/span>\n                            <\/li>\n<li class=\"product-prop line-limit-length\"><span\n                                        class=\"property-title\">Komplekt\u0101 ietilpst:&nbsp;<\/span><span\n                                        class=\"property-desc line-limit-length\">T\u0101lvad\u012bbas pults<\/span>\n                            <\/li>\n<li class=\"product-prop line-limit-length\"><span\n                                        class=\"property-title\">T\u0101lvad\u012bbas pults:&nbsp;<\/span><span\n                                        class=\"property-desc line-limit-length\">J\u0101<\/span>\n                            <\/li>\n<li class=\"product-prop line-limit-length\"><span\n                                        class=\"property-title\">Materi\u0101ls:&nbsp;<\/span><span\n                                        class=\"property-desc line-limit-length\">Met\u0101ls<\/span>\n                            <\/li>\n<li class=\"product-prop line-limit-length\"><span\n                                        class=\"property-title\">Ieteicamais vecums:&nbsp;<\/span><span\n                                        class=\"property-desc line-limit-length\">6\u201312\u00a0g.<\/span>\n                            <\/li>\n<li class=\"product-prop line-limit-length\"><span\n                                        class=\"property-title\">Izcelsme:&nbsp;<\/span><span\n                                        class=\"property-desc line-limit-length\">Kontinent\u0101l\u0101 \u0136\u012bna<\/span>\n                            <\/li>\n<li class=\"product-prop line-limit-length\"><span\n                                        class=\"property-title\">Dizains:&nbsp;<\/span><span\n                                        class=\"property-desc line-limit-length\">Automa\u0161\u012bnas<\/span>\n                            <\/li>\n<li class=\"product-prop line-limit-length\"><span\n                                        class=\"property-title\">Tips:&nbsp;<\/span><span\n                                        class=\"property-desc line-limit-length\">Automa\u0161\u012bna<\/span>\n                            <\/li>\n<li class=\"product-prop line-limit-length\"><span\n                                        class=\"property-title\">Funkcijas:&nbsp;<\/span><span\n                                        class=\"property-desc line-limit-length\">T\u0100LVAD\u012aBAS PULTS<\/span>\n                            <\/li>\n<\/ul><\/div>\n<div class=\"detailmodule_html\">\n<div class=\"detail-desc-decorate-richtext\">\n<div style=\"font-family:&quot;Open sans&quot;, Arial, Helvetica, sans-serif\">\n<div><img decoding=\"async\" style=\"width:100%\" width=\"100%\" src=\"https:\/\/d2qc09rl1gfuof.cloudfront.net\/vevor\/boutique-banner\/pc\/banner-en.jpg\" slate-data-type=\"image\"\/><\/div>\n<div>\n<div style=\"font-size:16px;font-weight:bold;text-align:center;color:rgb(34, 34, 34);margin:24px 0px;margin-bottom:24px;margin-top:24px;margin-left:0px;margin-right:0px\" align=\"center\">T\u0101lvad\u012bbas apvidus automa\u0161\u012bna 1:18 m\u0113rog\u0101<\/div>\n<div><img decoding=\"async\" style=\"width:100%\" width=\"100%\" src=\"https:\/\/d2qc09rl1gfuof.cloudfront.net\/product\/SQZQYKYYCWSD5U146\/rc-offroad-truck-a100-1.4-pt.jpg\" slate-data-type=\"image\"\/><\/div>\n<div style=\"font-size:14px;text-align:center;color:rgb(34, 34, 34);margin:16px 0px 24px;margin-bottom:24px;margin-top:16px;margin-left:0px;margin-right:0px\" align=\"center\">M\u016bsu 1:18 m\u0113roga RC bezce\u013cu automa\u0161\u012bnai ir met\u0101la piedzi\u0146as v\u0101rpsta, 20\u00a0000 apgr.\/min bezsuku motors, bezpak\u0101pju \u0101truma regul\u0113\u0161ana un augstas sa\u0137eres riepas, kas pal\u012bdz\u0113s jums iekarot jebkuru reljefu. Iztur\u012bgs dizains un ilgs akumulatora darb\u012bbas laiks nodro\u0161in\u0101s nebeidzamu jautr\u012bbu un aizraut\u012bbu, padarot katru brauk\u0161anas pieredzi p\u0101rsteigumu pilnu!<\/div>\n<\/div>\n<div>\n<div style=\"margin:8px 0px;margin-bottom:8px;margin-top:8px;margin-left:0px;margin-right:0px\"><img decoding=\"async\" style=\"width:100%\" width=\"100%\" src=\"https:\/\/d2qc09rl1gfuof.cloudfront.net\/product\/SQZQYKYYCWSD5U146\/rc-offroad-truck-a100-2.2-pt.jpg\" slate-data-type=\"image\"\/><\/div>\n<div style=\"font-size:14px;text-align:center;color:rgb(34, 34, 34);margin:16px 0px 24px;margin-bottom:24px;margin-top:16px;margin-left:0px;margin-right:0px\" align=\"center\">Ar augstas sa\u0137eres gumijas riep\u0101m un met\u0101la piedzi\u0146as v\u0101rpstu, kas nodro\u0161ina sp\u0113c\u012bgu jaudas p\u0101rvadi, \u0161\u012b t\u0101lvad\u012bbas automa\u0161\u012bna ir j\u016bsu visurg\u0101j\u0113js. Uzlabota ar hidraulisko amortizatoru sist\u0113mu, t\u0101 bez piep\u016bles un viegli p\u0101rvar \u0161\u0137\u0113r\u0161\u013cus.<\/div>\n<\/div>\n<div>\n<div style=\"margin:8px 0px;margin-bottom:8px;margin-top:8px;margin-left:0px;margin-right:0px\"><img decoding=\"async\" style=\"width:100%\" width=\"100%\" src=\"https:\/\/d2qc09rl1gfuof.cloudfront.net\/product\/SQZQYKYYCWSD5U146\/rc-offroad-truck-a100-2.3-pt.jpg\" slate-data-type=\"image\"\/><\/div>\n<div style=\"font-size:14px;text-align:center;color:rgb(34, 34, 34);margin:16px 0px 24px;margin-bottom:24px;margin-top:16px;margin-left:0px;margin-right:0px\" align=\"center\">\u0160\u012b b\u0113rniem paredz\u0113t\u0101 t\u0101lvad\u012bbas automa\u0161\u012bna \u013cauj piln\u012bb\u0101 izbaud\u012bt brauk\u0161anas aizraut\u012bbu, pateicoties bezvadu vad\u012bbas att\u0101lumam 100 m (100 m), kas nodro\u0161ina br\u012bvu sac\u012bk\u0161u pieredzi. 20\u00a0000 apgr.\/min \u0101trgaitas motors nodro\u0161ina sp\u0113c\u012bgu veiktsp\u0113ju, bez piep\u016bles p\u0101rvarot da\u017e\u0101dus reljefa izaicin\u0101jumus.<\/div>\n<\/div>\n<div>\n<div style=\"margin:8px 0px;margin-bottom:8px;margin-top:8px;margin-left:0px;margin-right:0px\"><img decoding=\"async\" style=\"width:100%\" width=\"100%\" src=\"https:\/\/d2qc09rl1gfuof.cloudfront.net\/product\/SQZQYKYYCWSD5U146\/rc-offroad-truck-a100-2.4-pt.jpg\" slate-data-type=\"image\"\/><\/div>\n<div style=\"font-size:14px;text-align:center;color:rgb(34, 34, 34);margin:16px 0px 24px;margin-bottom:24px;margin-top:16px;margin-left:0px;margin-right:0px\" align=\"center\">Nav j\u0101uztraucas par lietain\u0101m dien\u0101m vai dub\u013cainu vietu, jo ar IPX4 \u016bdensnecaurlaid\u012bbas funkciju m\u016bsu t\u0101lvad\u012bbas monstru kravas automa\u0161\u012bna noteikti pacels j\u016bsu piedz\u012bvojumus br\u012bv\u0101 dab\u0101 jaun\u0101 l\u012bmen\u012b.<\/div>\n<\/div>\n<div>\n<div style=\"margin:8px 0px;margin-bottom:8px;margin-top:8px;margin-left:0px;margin-right:0px\"><img decoding=\"async\" style=\"width:100%\" width=\"100%\" src=\"https:\/\/d2qc09rl1gfuof.cloudfront.net\/product\/SQZQYKYYCWSD5U146\/rc-offroad-truck-a100-2.5-pt.jpg\" slate-data-type=\"image\"\/><\/div>\n<div style=\"font-size:14px;text-align:center;color:rgb(34, 34, 34);margin:16px 0px 24px;margin-bottom:24px;margin-top:16px;margin-left:0px;margin-right:0px\" align=\"center\">Apr\u012bkots ar 2 uzl\u0101d\u0113jam\u0101m baterij\u0101m, \u0161is bezce\u013cu RC auto pied\u0101v\u0101 iespaid\u012bgu darb\u012bbas laiku l\u012bdz pat 42 min\u016bt\u0113m, \u013caujot b\u0113rniem piln\u012bb\u0101 izbaud\u012bt savus brauk\u0161anas piedz\u012bvojumus. Ar USB \u0101tro uzl\u0101di uzl\u0101de aiz\u0146em tikai aptuveni 3 stundas, nodro\u0161inot j\u016bsu b\u0113rniem vair\u0101k sp\u0113les laika.<\/div>\n<\/div>\n<div style=\"margin:16px 0px 24px;margin-bottom:24px;margin-top:16px;margin-left:0px;margin-right:0px\"><\/div>\n<div style=\"margin:24px 0px;margin-bottom:24px;margin-top:24px;margin-left:0px;margin-right:0px\">\n<div style=\"font-size:16px;font-weight:bold;color:rgb(34, 34, 34);margin:24px 0px 16px;margin-bottom:16px;margin-top:24px;margin-left:0px;margin-right:0px\">Funkcijas un inform\u0101cija<\/div>\n<ul style=\"margin:16px 0px 24px;margin-bottom:24px;margin-top:16px;margin-left:0px;margin-right:0px\">\n<li style=\"font-size:14px;color:rgb(34, 34, 34)\">\n<p>Lieliskas bezce\u013cu sp\u0113jas: M\u016bsu 1:18 t\u0101lvad\u012bbas automa\u0161\u012bna ir apr\u012bkota ar pilnpiedzi\u0146as sist\u0113mu, iztur\u012bgu met\u0101la piedzi\u0146as v\u0101rpstu, 20 000 apgr.\/min \u012bpa\u0161i \u0101trgaitas motoru un augstas sa\u0137eres gumijas riep\u0101m, kas demonstr\u0113 izcilas bezce\u013cu sp\u0113jas tikt gal\u0101 ar visu reljefu \u2013 z\u0101li, nog\u0101z\u0113m, granti, dub\u013ciem un smilt\u012bm.<\/p>\n<\/li>\n<li style=\"font-size:14px;color:rgb(34, 34, 34)\">\n<p>Maksim\u0101la brauk\u0161anas prieka saj\u016bta: Uzlabots ar st\u016bres stieni, \u0161is RC bezce\u013cu automobilis var pacelt priek\u0161\u0113jos rite\u0146us l\u012bdz 45\u00b0, saglab\u0101jot stabilit\u0101ti iespaid\u012bgiem trikiem. Apvienojum\u0101 ar 45\u00b0 st\u016bres le\u0146\u0137i, augstas precizit\u0101tes servo un hidraulisko amortizatoru tas viegli p\u0101rvar asus pagriezienus, k\u0101pj st\u0101v\u0101s nog\u0101z\u0113s un tiek gal\u0101 ar nel\u012bdzenu reljefu, sniedzot nep\u0101rsp\u0113jamu sac\u012bk\u0161u pieredzi.<\/p>\n<\/li>\n<li style=\"font-size:14px;color:rgb(34, 34, 34)\">\n<p>Bezpak\u0101pju \u0101truma p\u0101rnesums: No l\u0113nas bremz\u0113\u0161anas l\u012bdz \u0101trgaitas sac\u012bkst\u0113m (l\u012bdz 45 km\/h), \u0161\u012bs 4wd bezce\u013cu RC automa\u0161\u012bnas bezpak\u0101pju \u0101truma regul\u0113\u0161ana ir ide\u0101li piem\u0113rota ikvienam b\u0113rnam, s\u0101kot no ies\u0101c\u0113jiem l\u012bdz pieredz\u0113ju\u0161iem brauc\u0113jiem. Vi\u0146i var izv\u0113l\u0113ties sev piem\u0113rotu \u0101trumu gan dro\u0161\u0101m, gan aizraujo\u0161\u0101m sac\u012bkst\u0113m.<\/p>\n<\/li>\n<li style=\"font-size:14px;color:rgb(34, 34, 34)\">\n<p>Maz\u0101k uzl\u0101des, ilg\u0101ks sac\u012bk\u0161u prieks: Ar diviem 1500 mAh litija akumulatoriem \u0161is visurg\u0101j\u0113js RC auto nodro\u0161ina sp\u0113c\u012bgu un ilgsto\u0161u jaudu, \u013caujot b\u0113rniem baud\u012bt sac\u012bk\u0161u prieku l\u012bdz pat 42 min\u016bt\u0113m. Pateicoties viegli pieejamam USB portam da\u017e\u0101diem baro\u0161anas avotiem (tostarp p\u0101rn\u0113s\u0101jamajam akumulatoram) un \u0101tr\u0101s uzl\u0101des funkcijai, bezce\u013cu auto var atgriezties tras\u0113 aptuveni tikai 3 stundu laik\u0101.<\/p>\n<\/li>\n<li style=\"font-size:14px;color:rgb(34, 34, 34)\">\n<p>Lab\u0101ka pieredze: Ar IPX4 \u016bdensiztur\u012bbas klasi, 328 p\u0113du t\u0101la darb\u012bbas r\u0101diusa t\u0101lvad\u012bbas pulti, augstas precizit\u0101tes galveno v\u0101rpstu, pastiprin\u0101tu su\u0146a kaulu, efekt\u012bvu diferenci\u0101li, priek\u0161\u0113jiem lukturiem un iztur\u012bgu neilona un oglek\u013ca t\u0113rauda \u0161asiju, katra p\u0101rdom\u0101t\u0101 deta\u013ca ir izstr\u0101d\u0101ta, lai rad\u012btu perfektu hobija RC kravas automa\u0161\u012bnu b\u0113rniem, nodro\u0161inot vi\u0146iem aizraujo\u0161\u0101kus piedz\u012bvojumus.<\/p>\n<\/li>\n<\/ul>\n<\/div>\n<div>\n<div>\n<div style=\"margin:16px 0px 24px;margin-bottom:24px;margin-top:16px;margin-left:0px;margin-right:0px\"><img decoding=\"async\" style=\"width:100%\" width=\"100%\" src=\"https:\/\/d2qc09rl1gfuof.cloudfront.net\/product\/SQZQYKYYCWSD5U146\/rc-offroad-truck-a100-1.11-pt.jpg\" slate-data-type=\"image\"\/><\/div>\n<\/div>\n<\/div>\n<\/div>\n<\/div>\n<\/div>\n<p><\/p>","protected":false},"excerpt":{"rendered":"<p>Hign-concerned Chemical:&nbsp;None Is Electric:&nbsp;No battery Barcode:&nbsp;No Power:&nbsp;Electric State of Assembly:&nbsp;Ready-to-Go Flight Time:&nbsp;21min Remote Distance:&nbsp;100m+ Scale:&nbsp;1:18 Dimensions:&nbsp;10.6 x 7.9 x 3.9 in \/ 270 x 200 x 100 mm Model Number:&nbsp;300E<\/p>","protected":false},"featured_media":25412,"comment_status":"open","ping_status":"closed","template":"","meta":{"_acf_changed":false},"product_brand":[],"product_cat":[519],"product_tag":[],"class_list":{"0":"post-25411","1":"product","2":"type-product","3":"status-publish","4":"has-post-thumbnail","6":"product_cat-rc-cars","8":"first","9":"instock","10":"shipping-taxable","11":"purchasable","12":"product-type-variable"},"acf":[],"_links":{"self":[{"href":"https:\/\/electricstore.eu\/lv\/wp-json\/wp\/v2\/product\/25411","targetHints":{"allow":["GET"]}}],"collection":[{"href":"https:\/\/electricstore.eu\/lv\/wp-json\/wp\/v2\/product"}],"about":[{"href":"https:\/\/electricstore.eu\/lv\/wp-json\/wp\/v2\/types\/product"}],"replies":[{"embeddable":true,"href":"https:\/\/electricstore.eu\/lv\/wp-json\/wp\/v2\/comments?post=25411"}],"wp:featuredmedia":[{"embeddable":true,"href":"https:\/\/electricstore.eu\/lv\/wp-json\/wp\/v2\/media\/25412"}],"wp:attachment":[{"href":"https:\/\/electricstore.eu\/lv\/wp-json\/wp\/v2\/media?parent=25411"}],"wp:term":[{"taxonomy":"product_brand","embeddable":true,"href":"https:\/\/electricstore.eu\/lv\/wp-json\/wp\/v2\/product_brand?post=25411"},{"taxonomy":"product_cat","embeddable":true,"href":"https:\/\/electricstore.eu\/lv\/wp-json\/wp\/v2\/product_cat?post=25411"},{"taxonomy":"product_tag","embeddable":true,"href":"https:\/\/electricstore.eu\/lv\/wp-json\/wp\/v2\/product_tag?post=25411"}],"curies":[{"name":"wp","href":"https:\/\/api.w.org\/{rel}","templated":true}]}}