{"id":25382,"date":"2025-05-20T18:58:57","date_gmt":"2025-05-20T18:58:57","guid":{"rendered":"https:\/\/electricstore.eu\/p\/uncategorized\/vevor-rc-car-children-toys-remote-control-dump-truck-toys-9-channel-with-batteries-for-toddlers-boys-electric-car-kids-toys-gift\/"},"modified":"2025-05-20T19:01:08","modified_gmt":"2025-05-20T19:01:08","slug":"vevor-rc-car-children-toys-remote-control-dump-truck-toys-9-channel-with-batteries-for-toddlers-boys-electric-car-kids-toys-gift","status":"publish","type":"product","link":"https:\/\/electricstore.eu\/lv\/p\/rc\/rc-cars\/vevor-rc-car-children-toys-remote-control-dump-truck-toys-9-channel-with-batteries-for-toddlers-boys-electric-car-kids-toys-gift\/","title":{"rendered":"VEVOR RC automa\u0161\u012bnas b\u0113rnu rota\u013clietas ar t\u0101lvad\u012bbas pulti, pa\u0161izg\u0101z\u0113ja rota\u013clietas, 9 kan\u0101lu, ar baterij\u0101m mazu\u013ciem, z\u0113niem, elektrisk\u0101s automa\u0161\u012bnas, b\u0113rnu rota\u013clietas, d\u0101vana"},"content":{"rendered":"<div class=\"product-specs-list-container\">\n<ul class=\"product-specs-list util-clearfix\">\n<li class=\"product-prop line-limit-length\"><span\n                                        class=\"property-title\">Augstas ba\u017eas izraiso\u0161a \u0137\u012bmiska viela:&nbsp;<\/span><span\n                                        class=\"property-desc line-limit-length\">Neviens<\/span>\n                            <\/li>\n<li class=\"product-prop line-limit-length\"><span\n                                        class=\"property-title\">Ir elektrisks:&nbsp;<\/span><span\n                                        class=\"property-desc line-limit-length\">Nav akumulatora<\/span>\n                            <\/li>\n<li class=\"product-prop line-limit-length\"><span\n                                        class=\"property-title\">Sv\u012btrkods:&nbsp;<\/span><span\n                                        class=\"property-desc line-limit-length\">N\u0113<\/span>\n                            <\/li>\n<li class=\"product-prop line-limit-length\"><span\n                                        class=\"property-title\">M\u0113rogs:&nbsp;<\/span><span\n                                        class=\"property-desc line-limit-length\">1:18<\/span>\n                            <\/li>\n<li class=\"product-prop line-limit-length\"><span\n                                        class=\"property-title\">Mode\u013ca numurs:&nbsp;<\/span><span\n                                        class=\"property-desc line-limit-length\">1534<\/span>\n                            <\/li>\n<li class=\"product-prop line-limit-length\"><span\n                                        class=\"property-title\">Komplekt\u0101 ietilpst:&nbsp;<\/span><span\n                                        class=\"property-desc line-limit-length\">Baterijas<\/span>\n                            <\/li>\n<li class=\"product-prop line-limit-length\"><span\n                                        class=\"property-title\">Vad\u012bbas kan\u0101li:&nbsp;<\/span><span\n                                        class=\"property-desc line-limit-length\">9 kan\u0101li<\/span>\n                            <\/li>\n<li class=\"product-prop line-limit-length\"><span\n                                        class=\"property-title\">T\u0101lvad\u012bbas pults:&nbsp;<\/span><span\n                                        class=\"property-desc line-limit-length\">J\u0101<\/span>\n                            <\/li>\n<li class=\"product-prop line-limit-length\"><span\n                                        class=\"property-title\">Materi\u0101ls:&nbsp;<\/span><span\n                                        class=\"property-desc line-limit-length\">Plastmasa<\/span>\n                            <\/li>\n<li class=\"product-prop line-limit-length\"><span\n                                        class=\"property-title\">Ieteicamais vecums:&nbsp;<\/span><span\n                                        class=\"property-desc line-limit-length\">6\u201312\u00a0g.<\/span>\n                            <\/li>\n<li class=\"product-prop line-limit-length\"><span\n                                        class=\"property-title\">Izcelsme:&nbsp;<\/span><span\n                                        class=\"property-desc line-limit-length\">Kontinent\u0101l\u0101 \u0136\u012bna<\/span>\n                            <\/li>\n<li class=\"product-prop line-limit-length\"><span\n                                        class=\"property-title\">Dizains:&nbsp;<\/span><span\n                                        class=\"property-desc line-limit-length\">Dirtbike<\/span>\n                            <\/li>\n<li class=\"product-prop line-limit-length\"><span\n                                        class=\"property-title\">Tips:&nbsp;<\/span><span\n                                        class=\"property-desc line-limit-length\">Automa\u0161\u012bna<\/span>\n                            <\/li>\n<li class=\"product-prop line-limit-length\"><span\n                                        class=\"property-title\">Funkcijas:&nbsp;<\/span><span\n                                        class=\"property-desc line-limit-length\">T\u0100LVAD\u012aBAS PULTS<\/span>\n                            <\/li>\n<li class=\"product-prop line-limit-length\"><span\n                                        class=\"property-title\">Z\u012bmols:&nbsp;<\/span><span\n                                        class=\"property-desc line-limit-length\">VEVOR<\/span>\n                            <\/li>\n<li class=\"product-prop line-limit-length\"><span\n                                        class=\"property-title\">Vecums:&nbsp;<\/span><span\n                                        class=\"property-desc line-limit-length\">8+<\/span>\n                            <\/li>\n<li class=\"product-prop line-limit-length\"><span\n                                        class=\"property-title\">M\u0113rogs:&nbsp;<\/span><span\n                                        class=\"property-desc line-limit-length\">1:18<\/span>\n                            <\/li>\n<li class=\"product-prop line-limit-length\"><span\n                                        class=\"property-title\">Materi\u0101ls:&nbsp;<\/span><span\n                                        class=\"property-desc line-limit-length\">Plastmasas kravas kaste + met\u0101la kab\u012bne + ABS plastmasas apvalks<\/span>\n                            <\/li>\n<li class=\"product-prop line-limit-length\"><span\n                                        class=\"property-title\">Vienas baterijas darb\u012bbas laiks:&nbsp;<\/span><span\n                                        class=\"property-desc line-limit-length\">40 min\u016btes<\/span>\n                            <\/li>\n<li class=\"product-prop line-limit-length\"><span\n                                        class=\"property-title\">Maksim\u0101lais \u0101trums:&nbsp;<\/span><span\n                                        class=\"property-desc line-limit-length\">105 p\u0113das\/min (32 m\/min)<\/span>\n                            <\/li>\n<li class=\"product-prop line-limit-length\"><span\n                                        class=\"property-title\">Kravnes\u012bba:&nbsp;<\/span><span\n                                        class=\"property-desc line-limit-length\">6 m\u0101rci\u0146as\/2,72 kg<\/span>\n                            <\/li>\n<li class=\"product-prop line-limit-length\"><span\n                                        class=\"property-title\">Produkta svars:&nbsp;<\/span><span\n                                        class=\"property-desc line-limit-length\">2 m\u0101rci\u0146as\/0,91 kg<\/span>\n                            <\/li>\n<li class=\"product-prop line-limit-length\"><span\n                                        class=\"property-title\">Tips:&nbsp;<\/span><span\n                                        class=\"property-desc line-limit-length\">RC pa\u0161izg\u0101z\u0113js<\/span>\n                            <\/li>\n<\/ul><\/div>\n<div class=\"detailmodule_html\">\n<div class=\"detail-desc-decorate-richtext\">\n<div style=\"font-family:&quot;Open sans&quot;, Arial, Helvetica, sans-serif\">\n<div><img decoding=\"async\" style=\"width:100%\" width=\"100%\" src=\"https:\/\/d2qc09rl1gfuof.cloudfront.net\/vevor\/boutique-banner\/pc\/banner-en.jpg\" slate-data-type=\"image\"\/><\/div>\n<div>\n<div style=\"font-size:16px;font-weight:bold;text-align:center;color:rgb(34, 34, 34);margin:24px 0px;margin-bottom:24px;margin-top:24px;margin-left:0px;margin-right:0px\" align=\"center\">B\u016bv\u0113, brauc, izt\u0113lojies: Gal\u012bgais RC pa\u0161izg\u0101z\u0113ja piedz\u012bvojums!<\/div>\n<div><img decoding=\"async\" style=\"width:100%\" width=\"100%\" src=\"https:\/\/d2qc09rl1gfuof.cloudfront.net\/product\/CDXJSCZ6TDKCG89AR\/rc-dump-truck-a100-1.4-pt.jpg\" slate-data-type=\"image\"\/><\/div>\n<div style=\"font-size:14px;text-align:center;color:rgb(34, 34, 34);margin:16px 0px 24px;margin-bottom:24px;margin-top:16px;margin-left:0px;margin-right:0px\" align=\"center\">Izbaudi \u012bstas brauk\u0161anas aizraut\u012bbu ar \u0161o RC pa\u0161izg\u0101z\u0113ju! Ar viena piesk\u0101riena displeju, kur\u0101 redzamas t\u0101das funkcijas k\u0101 kravas kaste, akumulatora nodal\u012bjums un simul\u0113ts hidrauliskais stienis, saj\u016bta ir tie\u0161i t\u0101da, it k\u0101 tas b\u016btu \u012bsts. Ska\u0146as efekti un nesl\u012bdo\u0161ie gumijas rite\u0146i v\u0113l vair\u0101k papildina jautr\u012bbu!<\/div>\n<\/div>\n<div>\n<div style=\"margin:8px 0px;margin-bottom:8px;margin-top:8px;margin-left:0px;margin-right:0px\"><img decoding=\"async\" style=\"width:100%\" width=\"100%\" src=\"https:\/\/d2qc09rl1gfuof.cloudfront.net\/product\/CDXJSCZ6TDKCG89AR\/rc-dump-truck-a100-2.2-pt.jpg\" slate-data-type=\"image\"\/><\/div>\n<div style=\"font-size:14px;text-align:center;color:rgb(34, 34, 34);margin:16px 0px 24px;margin-bottom:24px;margin-top:16px;margin-left:0px;margin-right:0px\" align=\"center\">Viegli p\u0101rvariet jebkuru reljefu! \u0160is t\u0101lvad\u012bbas pa\u0161izg\u0101z\u0113js bez piep\u016bles tiek gal\u0101 ar nel\u012bdzeniem ce\u013ciem un gludiem ce\u013ciem, radot aizraujo\u0161u braucienu. Izbaudiet da\u017e\u0101dus brauk\u0161anas re\u017e\u012bmus un izp\u0113tiet da\u017e\u0101das vides.<\/div>\n<\/div>\n<div>\n<div style=\"margin:8px 0px;margin-bottom:8px;margin-top:8px;margin-left:0px;margin-right:0px\"><img decoding=\"async\" style=\"width:100%\" width=\"100%\" src=\"https:\/\/d2qc09rl1gfuof.cloudfront.net\/product\/CDXJSCZ6TDKCG89AR\/rc-dump-truck-a100-2.3-pt.jpg\" slate-data-type=\"image\"\/><\/div>\n<div style=\"font-size:14px;text-align:center;color:rgb(34, 34, 34);margin:16px 0px 24px;margin-bottom:24px;margin-top:16px;margin-left:0px;margin-right:0px\" align=\"center\">Ar \u0161o RC pa\u0161izg\u0101z\u0113ja rota\u013clietu, kas izgatavota no augstas kvalit\u0101tes materi\u0101liem, b\u0113rni var ienirt b\u016bvlaukuma simul\u0101cij\u0101. Ska\u0146as un gaismas efekti rada re\u0101listisku pieredzi, par\u0101dot, ko dara \u012bsts pa\u0161izg\u0101z\u0113js, un papildinot interakt\u012bvo jautr\u012bbu.<\/div>\n<\/div>\n<div>\n<div style=\"margin:8px 0px;margin-bottom:8px;margin-top:8px;margin-left:0px;margin-right:0px\"><img decoding=\"async\" style=\"width:100%\" width=\"100%\" src=\"https:\/\/d2qc09rl1gfuof.cloudfront.net\/product\/CDXJSCZ6TDKCG89AR\/rc-dump-truck-a100-2.4-pt.jpg\" slate-data-type=\"image\"\/><\/div>\n<div style=\"font-size:14px;text-align:center;color:rgb(34, 34, 34);margin:16px 0px 24px;margin-bottom:24px;margin-top:16px;margin-left:0px;margin-right:0px\" align=\"center\">Vadi savu t\u0101lvad\u012bbas pa\u0161izg\u0101z\u0113ju l\u012bdz pat 30 metru att\u0101lum\u0101 un atdz\u012bvini savas smil\u0161u kastes ainas! Tas \u0101tri uzl\u0101d\u0113jas un darbojas ilgi, t\u0101p\u0113c vari baud\u012bt nebeidzamas sp\u0113les, neuztraucoties par akumulatoru.<\/div>\n<\/div>\n<div>\n<div style=\"margin:8px 0px;margin-bottom:8px;margin-top:8px;margin-left:0px;margin-right:0px\"><img decoding=\"async\" style=\"width:100%\" width=\"100%\" src=\"https:\/\/d2qc09rl1gfuof.cloudfront.net\/product\/CDXJSCZ6TDKCG89AR\/rc-dump-truck-a100-2.5-pt.jpg\" slate-data-type=\"image\"\/><\/div>\n<div style=\"font-size:14px;text-align:center;color:rgb(34, 34, 34);margin:16px 0px 24px;margin-bottom:24px;margin-top:16px;margin-left:0px;margin-right:0px\" align=\"center\">\u0160\u012b pa\u0161izg\u0101z\u0113ja rota\u013clieta veicina rado\u0161umu un pal\u012bdz b\u0113rniem att\u012bst\u012bt praktisk\u0101s prasmes un telpisko izpratni. Neatkar\u012bgi no t\u0101, vai b\u016bv\u0113jat mini pils\u0113tu vai sap\u0146u m\u0101ju, b\u0113rni var \u013caut va\u013cu savai izt\u0113lei ar \u0161o jautro d\u0101vanu.<\/div>\n<\/div>\n<div style=\"margin:16px 0px 24px;margin-bottom:24px;margin-top:16px;margin-left:0px;margin-right:0px\"><\/div>\n<div style=\"margin:24px 0px;margin-bottom:24px;margin-top:24px;margin-left:0px;margin-right:0px\">\n<div style=\"font-size:16px;font-weight:bold;color:rgb(34, 34, 34);margin:24px 0px 16px;margin-bottom:16px;margin-top:24px;margin-left:0px;margin-right:0px\">Funkcijas un inform\u0101cija<\/div>\n<ul style=\"margin:16px 0px 24px;margin-bottom:24px;margin-top:16px;margin-left:0px;margin-right:0px\">\n<li style=\"font-size:14px;color:rgb(34, 34, 34)\">\n<p>9 kan\u0101lu jautr\u012bba: \u0160is RC pa\u0161izg\u0101z\u0113js ir apr\u012bkots ar 9 vad\u012bbas kan\u0101liem re\u0101listiskai sp\u0113lei. T\u0101das funkcijas k\u0101 kravas kaste, akumulatora nodal\u012bjums un simul\u0113ts hidrauliskais stienis rada saj\u016btu, ka tas ir glu\u017ei k\u0101 \u012bsts. Turkl\u0101t ar simul\u0113t\u0101m ska\u0146\u0101m un nesl\u012bdo\u0161iem gumijas rite\u0146iem tas ir \u013coti jautri!<\/p>\n<\/li>\n<li style=\"font-size:14px;color:rgb(34, 34, 34)\">\n<p>Iztur\u012bgs: Izgatavots no iztur\u012bgiem materi\u0101liem, tostarp stabilas gultas, akumulatora nodal\u012bjuma un imit\u0113ta hidraulisk\u0101 stie\u0146a, \u0161is t\u0101lvad\u012bbas pults pa\u0161izg\u0101z\u0113js viegli tiek gal\u0101 ar vair\u0101k nek\u0101 6 m\u0101rci\u0146u kravu. Tas ir pietiekami iztur\u012bgs, lai tiktu gal\u0101 ar visiem piedz\u012bvojumiem, par kuriem j\u016bsu b\u0113rni var sap\u0146ot.<\/p>\n<\/li>\n<li style=\"font-size:14px;color:rgb(34, 34, 34)\">\n<p>Jaud\u012bga pilnpiedzi\u0146a: RC pa\u0161izg\u0101z\u0113ja rota\u013clietas sp\u0113c\u012bg\u0101 pilnpiedzi\u0146a \u013cauj tai bez piep\u016bles tikt gal\u0101 ar z\u0101li, ce\u013ciem un smilt\u012bm. Pa glud\u0101m virsm\u0101m t\u0101 var p\u0101rvietoties ar \u0101trumu l\u012bdz 32 m\/min (105 p\u0113d\u0101m\/min), padarot katru braucienu aizraujo\u0161u.<\/p>\n<\/li>\n<li style=\"font-size:14px;color:rgb(34, 34, 34)\">\n<p>100 p\u0113du t\u0101lvad\u012bbas pults darb\u012bbas r\u0101diuss: Ar t\u0101lvad\u012bbas pults darb\u012bbas r\u0101diusu l\u012bdz 100 p\u0113d\u0101m b\u0113rni var vad\u012bt un vad\u012bt t\u0101lvad\u012bbas pa\u0161izg\u0101z\u0113ju no att\u0101luma, uzlabojot savu koordin\u0101ciju un laika pl\u0101no\u0161anas prasmes. Izbaudiet vienk\u0101r\u0161u vad\u012bbu no liela att\u0101luma un \u0101tru uzl\u0101di \u2014 tikai 1\u20132 stundas, lai uzl\u0101d\u0113tu l\u012bdz pat 40 min\u016bt\u0113m sp\u0113les laika.<\/p>\n<\/li>\n<li style=\"font-size:14px;color:rgb(34, 34, 34)\">\n<p>Izklaide visai \u0123imenei: \u0161\u012b pa\u0161izg\u0101z\u0113ja rota\u013clieta ir ide\u0101li piem\u0113rota gan vienatn\u0113 sp\u0113l\u0113\u0161anai, gan \u0123imenes izklaidei. Vec\u0101ki un b\u0113rni var apvienoties, lai kop\u012bgi izp\u0113t\u012btu, projekt\u0113tu un b\u016bv\u0113tu, padarot to par lielisku veidu, k\u0101 stiprin\u0101t saikni un rosin\u0101t rado\u0161umu. Ir pien\u0101cis laiks sagatavot kravas automa\u0161\u012bnu un doties aizraujo\u0161\u0101 piedz\u012bvojum\u0101!<\/p>\n<\/li>\n<\/ul>\n<\/div>\n<div>\n<div>\n<div style=\"margin:16px 0px 24px;margin-bottom:24px;margin-top:16px;margin-left:0px;margin-right:0px\"><img decoding=\"async\" style=\"width:100%\" width=\"100%\" src=\"https:\/\/d2qc09rl1gfuof.cloudfront.net\/product\/CDXJSCZ6TDKCG89AR\/rc-dump-truck-a100-1.11-pt.jpg\" slate-data-type=\"image\"\/><\/div>\n<\/div>\n<\/div>\n<\/div>\n<\/div>\n<\/div>\n<p><\/p>","protected":false},"excerpt":{"rendered":"<p>Hign-concerned Chemical:&nbsp;None Is Electric:&nbsp;No battery Barcode:&nbsp;No Scale:&nbsp;1:18 Model Number:&nbsp;1534 Package Includes:&nbsp;Batteries Control Channels:&nbsp;9 Channels Remote Control:&nbsp;Yes Material:&nbsp;Plastic Recommend Age:&nbsp;6-12Y Origin:&nbsp;Mainland China Design:&nbsp;Dirt Bike Type:&nbsp;Car Features:&nbsp;REMOTE CONTROL Brand:&nbsp;VEVOR Age:&nbsp;8+ Scale:&nbsp;1:18 Material:&nbsp;Plastic<\/p>","protected":false},"featured_media":25383,"comment_status":"open","ping_status":"closed","template":"","meta":{"_acf_changed":false},"product_brand":[],"product_cat":[519],"product_tag":[],"class_list":{"0":"post-25382","1":"product","2":"type-product","3":"status-publish","4":"has-post-thumbnail","6":"product_cat-rc-cars","8":"first","9":"instock","10":"shipping-taxable","11":"purchasable","12":"product-type-variable"},"acf":[],"_links":{"self":[{"href":"https:\/\/electricstore.eu\/lv\/wp-json\/wp\/v2\/product\/25382","targetHints":{"allow":["GET"]}}],"collection":[{"href":"https:\/\/electricstore.eu\/lv\/wp-json\/wp\/v2\/product"}],"about":[{"href":"https:\/\/electricstore.eu\/lv\/wp-json\/wp\/v2\/types\/product"}],"replies":[{"embeddable":true,"href":"https:\/\/electricstore.eu\/lv\/wp-json\/wp\/v2\/comments?post=25382"}],"wp:featuredmedia":[{"embeddable":true,"href":"https:\/\/electricstore.eu\/lv\/wp-json\/wp\/v2\/media\/25383"}],"wp:attachment":[{"href":"https:\/\/electricstore.eu\/lv\/wp-json\/wp\/v2\/media?parent=25382"}],"wp:term":[{"taxonomy":"product_brand","embeddable":true,"href":"https:\/\/electricstore.eu\/lv\/wp-json\/wp\/v2\/product_brand?post=25382"},{"taxonomy":"product_cat","embeddable":true,"href":"https:\/\/electricstore.eu\/lv\/wp-json\/wp\/v2\/product_cat?post=25382"},{"taxonomy":"product_tag","embeddable":true,"href":"https:\/\/electricstore.eu\/lv\/wp-json\/wp\/v2\/product_tag?post=25382"}],"curies":[{"name":"wp","href":"https:\/\/api.w.org\/{rel}","templated":true}]}}