{"id":25366,"date":"2025-05-20T18:58:54","date_gmt":"2025-05-20T18:58:54","guid":{"rendered":"https:\/\/electricstore.eu\/p\/uncategorized\/vevor-4500lbs-atv-utv-electric-winch-nylon-steel-rope-winch-with-wireless-wired-remote-for-truck-car-towing-jeep-off-road-suv\/"},"modified":"2025-05-20T19:00:46","modified_gmt":"2025-05-20T19:00:46","slug":"vevor-4500lbs-atv-utv-electric-winch-nylon-steel-rope-winch-with-wireless-wired-remote-for-truck-car-towing-jeep-off-road-suv","status":"publish","type":"product","link":"https:\/\/electricstore.eu\/lv\/p\/o\/electric-winches\/vevor-4500lbs-atv-utv-electric-winch-nylon-steel-rope-winch-with-wireless-wired-remote-for-truck-car-towing-jeep-off-road-suv\/","title":{"rendered":"VEVOR 4500 m\u0101rci\u0146u ATV\/UTV elektrisk\u0101 vin\u010da, izgatavota no neilona\/t\u0113rauda tros\u0113m, ar bezvadu\/vadu t\u0101lvad\u012bbas pulti kravas automa\u0161\u012bnu, automa\u0161\u012bnu, d\u017eipu un apvidus auto vilk\u0161anai"},"content":{"rendered":"<div class=\"product-specs-list-container\">\n<ul class=\"product-specs-list util-clearfix\">\n<li class=\"product-prop line-limit-length\"><span\n                                        class=\"property-title\">Augstas ba\u017eas izraiso\u0161a \u0137\u012bmiska viela:&nbsp;<\/span><span\n                                        class=\"property-desc line-limit-length\">Neviens<\/span>\n                            <\/li>\n<li class=\"product-prop line-limit-length\"><span\n                                        class=\"property-title\">Izcelsme:&nbsp;<\/span><span\n                                        class=\"property-desc line-limit-length\">Kontinent\u0101l\u0101 \u0136\u012bna<\/span>\n                            <\/li>\n<li class=\"product-prop line-limit-length\"><span\n                                        class=\"property-title\">Z\u012bmola nosaukums:&nbsp;<\/span><span\n                                        class=\"property-desc line-limit-length\">VEVOR<\/span>\n                            <\/li>\n<li class=\"product-prop line-limit-length\"><span\n                                        class=\"property-title\">Tips:&nbsp;<\/span><span\n                                        class=\"property-desc line-limit-length\">Jauda<\/span>\n                            <\/li>\n<\/ul><\/div>\n<div class=\"detailmodule_html\">\n<div class=\"detail-desc-decorate-richtext\">\n<div><\/div>\n<div style=\"font-family:&quot;Open sans&quot;, Arial, Helvetica, sans-serif\">\n<div style=\"font-family:&quot;Open sans&quot;, Arial, Helvetica, sans-serif\"><img decoding=\"async\" style=\"width:100%\" width=\"100%\" src=\"https:\/\/d2qc09rl1gfuof.cloudfront.net\/vevor\/boutique-banner\/pc\/banner-en.jpg\" slate-data-type=\"image\"\/><\/div>\n<div style=\"font-family:&quot;Open sans&quot;, Arial, Helvetica, sans-serif\">\n<div style=\"font-size:16px;font-weight:bold;text-align:center;color:rgb(34, 34, 34);margin:24px 0px;margin-bottom:24px;margin-top:24px;margin-left:0px;margin-right:0px\" align=\"center\">Neiespr\u016bdi, ieg\u0101d\u0101jies VEVOR elektrisko vin\u010du!<\/div>\n<div><img decoding=\"async\" style=\"width:100%\" width=\"100%\" src=\"https:\/\/d2qc09rl1gfuof.cloudfront.net\/product\/HCSJPHCSYCYCA93Y0\/electric-winch-a100-1.4.jpg\" slate-data-type=\"image\"\/><\/div>\n<div style=\"font-size:14px;text-align:center;color:rgb(34, 34, 34);margin:16px 0px 24px;margin-bottom:24px;margin-top:16px;margin-left:0px;margin-right:0px\" align=\"center\">M\u016bsu elektriskajai vin\u010dai ir jaud\u012bgs vara motors, kas nodro\u0161ina uzticamu veiktsp\u0113ju. Izmantojot bezvadu t\u0101lvad\u012bbas pulti, vin\u010du var viegli vad\u012bt no att\u0101luma. Vin\u010da ir piln\u012bb\u0101 \u016bdensiztur\u012bga, lai to var\u0113tu bez raiz\u0113m lietot \u0101rpus telp\u0101m, un augstas kvalit\u0101tes kabelis nodro\u0161ina, ka t\u0101 nel\u016bz\u012bs.<\/div>\n<\/div>\n<div style=\"font-family:&quot;Open sans&quot;, Arial, Helvetica, sans-serif\">\n<div style=\"margin:8px 0px;margin-bottom:8px;margin-top:8px;margin-left:0px;margin-right:0px\"><img decoding=\"async\" style=\"width:100%\" width=\"100%\" src=\"https:\/\/d2qc09rl1gfuof.cloudfront.net\/product\/HCSJPHCSYCYCA93Y0\/electric-winch-a100-2.2.jpg\" slate-data-type=\"image\"\/><\/div>\n<div style=\"font-size:14px;text-align:center;color:rgb(34, 34, 34);margin:16px 0px 24px;margin-bottom:24px;margin-top:16px;margin-left:0px;margin-right:0px\" align=\"center\">T\u0101 ir apr\u012bkota ar augstas veiktsp\u0113jas t\u012bra vara motoru ar 12 V spriegumu un \u012bpa\u0161i lielu jaudu, kas ikdien\u0101 pavada gl\u0101b\u0161anas darbus bezce\u013cos. Prec\u012bzs tr\u012bspak\u0101pju plan\u0113tu p\u0101rnesums \u013cauj vin\u010dai darboties stabili ilgu laiku, un t\u0101 ir apr\u012bkota ar br\u012bvgaitas saj\u016bga p\u0101rnesumu sist\u0113mu.<\/div>\n<\/div>\n<div style=\"font-family:&quot;Open sans&quot;, Arial, Helvetica, sans-serif\">\n<div style=\"margin:8px 0px;margin-bottom:8px;margin-top:8px;margin-left:0px;margin-right:0px\"><img decoding=\"async\" style=\"width:100%\" width=\"100%\" src=\"https:\/\/d2qc09rl1gfuof.cloudfront.net\/product\/HCSJPHCSYCYCA93Y0\/electric-winch-a100-2.3.jpg\" slate-data-type=\"image\"\/><\/div>\n<div style=\"font-size:14px;text-align:center;color:rgb(34, 34, 34);margin:16px 0px 24px;margin-bottom:24px;margin-top:16px;margin-left:0px;margin-right:0px\" align=\"center\">\u0160\u012b elektrisk\u0101 vin\u010da ir \u016bdensiztur\u012bga un viegli tiek gal\u0101 ar sare\u017e\u0123\u012btiem \u0101ra apst\u0101k\u013ciem. T\u0101 nebaid\u0101s no dub\u013ciem, lietusg\u0101z\u0113m un sniega.<\/div>\n<\/div>\n<div style=\"font-family:&quot;Open sans&quot;, Arial, Helvetica, sans-serif\">\n<div style=\"margin:8px 0px;margin-bottom:8px;margin-top:8px;margin-left:0px;margin-right:0px\"><img decoding=\"async\" style=\"width:100%\" width=\"100%\" src=\"https:\/\/d2qc09rl1gfuof.cloudfront.net\/product\/HCSJPHCSYCYCA93Y0\/electric-winch-a100-2.4.jpg\" slate-data-type=\"image\"\/><\/div>\n<div style=\"font-size:14px;text-align:center;color:rgb(34, 34, 34);margin:16px 0px 24px;margin-bottom:24px;margin-top:16px;margin-left:0px;margin-right:0px\" align=\"center\">Neilona virve: izgatavota no \u012bpa\u0161i augstas molekulmasas polietil\u0113na (UHMWPE) materi\u0101la, 12 \u0161\u0137ipsnas, viegla, negrimst \u016bden\u012b un nesaboj\u0101 rokas. P\u0113d\u0113jos 5 ap\u013cos ir sarkani mar\u0137\u0113jumi, kurus var viegli atpaz\u012bt jau no liela att\u0101luma.<\/div>\n<\/div>\n<div style=\"font-family:&quot;Open sans&quot;, Arial, Helvetica, sans-serif\">\n<div style=\"margin:8px 0px;margin-bottom:8px;margin-top:8px;margin-left:0px;margin-right:0px\"><img decoding=\"async\" style=\"width:100%\" width=\"100%\" src=\"https:\/\/d2qc09rl1gfuof.cloudfront.net\/product\/HCSJPHCSYCYCA93Y0\/electric-winch-a100-2.5.jpg\" slate-data-type=\"image\"\/><\/div>\n<div style=\"font-size:14px;text-align:center;color:rgb(34, 34, 34);margin:16px 0px 24px;margin-bottom:24px;margin-top:16px;margin-left:0px;margin-right:0px\" align=\"center\">Tas ir piem\u0113rots kvadracikliem. Sp\u0113c\u012bgais vilk\u0161anas sp\u0113ks var nodro\u0161in\u0101t dro\u0161\u012bbu katr\u0101 braucien\u0101.<\/div>\n<\/div>\n<div style=\"margin:16px 0px 24px;margin-bottom:24px;margin-top:16px;margin-left:0px;margin-right:0px\"><\/div>\n<div style=\"margin:24px 0px;margin-bottom:24px;margin-top:24px;margin-left:0px;margin-right:0px\">\n<div style=\"font-size:16px;font-weight:bold;color:rgb(34, 34, 34);margin:24px 0px 16px;margin-bottom:16px;margin-top:24px;margin-left:0px;margin-right:0px\">Funkcijas un inform\u0101cija<\/div>\n<ul style=\"margin:16px 0px 24px;margin-bottom:24px;margin-top:16px;margin-left:0px;margin-right:0px\">\n<li style=\"font-size:14px;color:rgb(34, 34, 34)\">\n<p>T\u012bra vara motors: M\u016bsu elektrisk\u0101 vin\u010da ir apr\u012bkota ar augstas veiktsp\u0113jas t\u012bra vara motoru ar 12 V spriegumu un \u012bpa\u0161i lielu jaudu, kas ikdien\u0101 nodro\u0161ina gl\u0101b\u0161anas darbus bezce\u013cos. Turkl\u0101t prec\u012bzais 3 pak\u0101pju plan\u0113tu p\u0101rnesums \u013cauj vin\u010dai darboties stabili un ilgu laiku.<\/p>\n<\/li>\n<li style=\"font-size:14px;color:rgb(34, 34, 34)\">\n<p>IP55 \u016bdensnecaurlaid\u012bba: \u0160\u012b vin\u010da ir IP55 \u016bdensnecaurlaid\u012bga, viegli tiek gal\u0101 ar sare\u017e\u0123\u012btiem \u0101ra apst\u0101k\u013ciem. Pateicoties \u0161ai funkcijai, t\u0101 ir pasarg\u0101ta no dub\u013ciem, lietusg\u0101z\u0113m un sniega.<\/p>\n<\/li>\n<li style=\"font-size:14px;color:rgb(34, 34, 34)\">\n<p>Piem\u0113rojams da\u017e\u0101du veidu transportl\u012bdzek\u013ciem: Tas ir piem\u0113rots visurg\u0101j\u0113jiem. Sp\u0113c\u012bgais vilk\u0161anas sp\u0113ks var nodro\u0161in\u0101t dro\u0161\u012bbu katr\u0101 braucien\u0101.<\/p>\n<\/li>\n<li style=\"font-size:14px;color:rgb(34, 34, 34)\">\n<p>Augst\u0101k\u0101s kvalit\u0101tes kabelis: Pateicoties lielajam diametram, nav j\u0101uztraucas par gara kabe\u013ca p\u0101rtr\u016bk\u0161anu. Turkl\u0101t uz p\u0113d\u0113jiem 5 kabe\u013ca ap\u013ciem ir sarkani mar\u0137\u0113jumi k\u0101 dro\u0161\u012bbas br\u012bdin\u0101jums, kurus var viegli atpaz\u012bt jau no liela att\u0101luma.<\/p>\n<\/li>\n<li style=\"font-size:14px;color:rgb(34, 34, 34)\">\n<p>Bezvadu vad\u012bba: Tam ir bezvadu funkcija, kuru neietekm\u0113s vadi. Turkl\u0101t to var vad\u012bt viena persona, lai gl\u0101btu sevi, nebaidoties no iesprostotiem transportl\u012bdzek\u013ciem.<\/p>\n<\/li>\n<\/ul>\n<\/div>\n<div>\n<div>\u00a0<\/div>\n<div>\n<div><strong>Neilona virve<\/strong><\/div>\n<div style=\"margin:16px 0px 24px;margin-bottom:24px;margin-top:16px;margin-left:0px;margin-right:0px\"><img decoding=\"async\" style=\"width:100%\" width=\"100%\" src=\"https:\/\/d2qc09rl1gfuof.cloudfront.net\/product\/HCSJPHCSYCYCA93Y0\/electric-winch-a100-1.11.jpg\" slate-data-type=\"image\"\/><\/div>\n<\/div>\n<\/div>\n<div style=\"font-family:&quot;Open sans&quot;, Arial, Helvetica, sans-serif\">\n<div><strong>T\u0113rauda trose<\/strong><\/div>\n<div>\n<div style=\"margin:16px 0px 24px;margin-bottom:24px;margin-top:16px;margin-left:0px;margin-right:0px\"><img decoding=\"async\" style=\"width:100%\" width=\"100%\" src=\"https:\/\/d2qc09rl1gfuof.cloudfront.net\/product\/GSSJPGSSYCYCAZZ41\/electric-winch-a100-1.11.jpg\" slate-data-type=\"image\"\/><\/div>\n<\/div>\n<\/div>\n<\/div>\n<div><\/div>\n<\/div>\n<\/div>\n<p><\/p>","protected":false},"excerpt":{"rendered":"<p>Hign-concerned Chemical:&nbsp;None Origin:&nbsp;Mainland China Brand Name:&nbsp;VEVOR Type:&nbsp;Power Don&#x27;t get stuck, get a VEVOR electric winch! Our electric winch features a high-power copper motor for reliable performance. With the wireless remote<\/p>","protected":false},"featured_media":25367,"comment_status":"open","ping_status":"closed","template":"","meta":{"_acf_changed":false},"product_brand":[],"product_cat":[522],"product_tag":[],"class_list":{"0":"post-25366","1":"product","2":"type-product","3":"status-publish","4":"has-post-thumbnail","6":"product_cat-electric-winches","8":"first","9":"instock","10":"shipping-taxable","11":"purchasable","12":"product-type-variable"},"acf":[],"_links":{"self":[{"href":"https:\/\/electricstore.eu\/lv\/wp-json\/wp\/v2\/product\/25366","targetHints":{"allow":["GET"]}}],"collection":[{"href":"https:\/\/electricstore.eu\/lv\/wp-json\/wp\/v2\/product"}],"about":[{"href":"https:\/\/electricstore.eu\/lv\/wp-json\/wp\/v2\/types\/product"}],"replies":[{"embeddable":true,"href":"https:\/\/electricstore.eu\/lv\/wp-json\/wp\/v2\/comments?post=25366"}],"wp:featuredmedia":[{"embeddable":true,"href":"https:\/\/electricstore.eu\/lv\/wp-json\/wp\/v2\/media\/25367"}],"wp:attachment":[{"href":"https:\/\/electricstore.eu\/lv\/wp-json\/wp\/v2\/media?parent=25366"}],"wp:term":[{"taxonomy":"product_brand","embeddable":true,"href":"https:\/\/electricstore.eu\/lv\/wp-json\/wp\/v2\/product_brand?post=25366"},{"taxonomy":"product_cat","embeddable":true,"href":"https:\/\/electricstore.eu\/lv\/wp-json\/wp\/v2\/product_cat?post=25366"},{"taxonomy":"product_tag","embeddable":true,"href":"https:\/\/electricstore.eu\/lv\/wp-json\/wp\/v2\/product_tag?post=25366"}],"curies":[{"name":"wp","href":"https:\/\/api.w.org\/{rel}","templated":true}]}}