{"id":25319,"date":"2025-05-20T18:58:37","date_gmt":"2025-05-20T18:58:37","guid":{"rendered":"https:\/\/electricstore.eu\/p\/uncategorized\/vevor-1700lbs-2200lbs-wired-electric-hoist-crane-with-trolley-portable-lifter-overhead-winch-effort-elevator-for-garage-lifting\/"},"modified":"2025-05-20T18:59:43","modified_gmt":"2025-05-20T18:59:43","slug":"vevor-1700lbs-2200lbs-wired-electric-hoist-crane-with-trolley-portable-lifter-overhead-winch-effort-elevator-for-garage-lifting","status":"publish","type":"product","link":"https:\/\/electricstore.eu\/lv\/p\/o\/electric-lifting-hoists\/vevor-1700lbs-2200lbs-wired-electric-hoist-crane-with-trolley-portable-lifter-overhead-winch-effort-elevator-for-garage-lifting\/","title":{"rendered":"VEVOR 1700LBS\/2200LBS vadu elektriskais pac\u0113l\u0101js ar rati\u0146iem, p\u0101rn\u0113s\u0101jamu pac\u0113l\u0101ju, virs galvas eso\u0161u vin\u010du, piep\u016bles lifts gar\u0101\u017eas pacel\u0161anai"},"content":{"rendered":"<div class=\"product-specs-list-container\">\n<ul class=\"product-specs-list util-clearfix\">\n<li class=\"product-prop line-limit-length\"><span\n                                        class=\"property-title\">Augstas ba\u017eas izraiso\u0161a \u0137\u012bmiska viela:&nbsp;<\/span><span\n                                        class=\"property-desc line-limit-length\">Neviens<\/span>\n                            <\/li>\n<li class=\"product-prop line-limit-length\"><span\n                                        class=\"property-title\">Izcelsme:&nbsp;<\/span><span\n                                        class=\"property-desc line-limit-length\">Kontinent\u0101l\u0101 \u0136\u012bna<\/span>\n                            <\/li>\n<li class=\"product-prop line-limit-length\"><span\n                                        class=\"property-title\">Z\u012bmola nosaukums:&nbsp;<\/span><span\n                                        class=\"property-desc line-limit-length\">VEVOR<\/span>\n                            <\/li>\n<li class=\"product-prop line-limit-length\"><span\n                                        class=\"property-title\">Viena\/divk\u0101r\u0161a kabe\u013ca ietilp\u012bba:&nbsp;<\/span><span\n                                        class=\"property-desc line-limit-length\">1700 m\u0101rci\u0146as\/220 m\u0101rci\u0146as<\/span>\n                            <\/li>\n<li class=\"product-prop line-limit-length\"><span\n                                        class=\"property-title\">Jauda: 1700 m\u0101rci\u0146as&nbsp;<\/span><span\n                                        class=\"property-desc line-limit-length\">1300 W<\/span>\n                            <\/li>\n<li class=\"product-prop line-limit-length\"><span\n                                        class=\"property-title\">Jauda 2200 m\u0101rci\u0146as:&nbsp;<\/span><span\n                                        class=\"property-desc line-limit-length\">1800 W<\/span>\n                            <\/li>\n<li class=\"product-prop line-limit-length\"><span\n                                        class=\"property-title\">Materi\u0101ls:&nbsp;<\/span><span\n                                        class=\"property-desc line-limit-length\">T\u0113rauds, \u010duguns un alum\u012bnijs<\/span>\n                            <\/li>\n<\/ul><\/div>\n<div class=\"detailmodule_html\">\n<div class=\"detail-desc-decorate-richtext\"><\/p>\n<div class=\"detailmodule_html\">\n<div class=\"detail-desc-decorate-richtext\">\n<div style=\"padding:20px;padding-bottom:20px;padding-top:20px;padding-left:20px;padding-right:20px\">\n<div style=\"text-align:center;width:100%\" align=\"center\"><img decoding=\"async\" src=\"https:\/\/vevor-bmp-prm.s3.ap-east-1.amazonaws.com\/default\/vevor-1.png\" slate-data-type=\"image\"\/><\/div>\n<div style=\"font-size:16px;font-weight:bold;line-height:36px\">Produkta apraksts<\/div>\n<div style=\"width:100%\"><img decoding=\"async\" src=\"https:\/\/d2qc09rl1gfuof.cloudfront.net\/product\/DDHL800KGXCZH0001\/lift-electric-hoist-a100-1.4.jpg\" slate-data-type=\"image\"\/><\/div>\n<div style=\"margin-top:15px;display:flex\">\n<div style=\"width:33%\"><img decoding=\"async\" style=\"width:100%\" width=\"100%\" src=\"https:\/\/d2qc09rl1gfuof.cloudfront.net\/product\/DDHL800KGXCZH0001\/lift-electric-hoist-x1.jpg\" slate-data-type=\"image\"\/><\/div>\n<div style=\"padding:0px 15px;padding-bottom:0px;padding-top:0px;padding-left:15px;padding-right:15px;width:33%\">\n<div style=\"font-size:16px;font-weight:bold;line-height:36px\">1700 m\u0101rci\u0146u elektriskais pac\u0113l\u0101js ar rati\u0146iem<\/div>\n<div style=\"font-size:14px\"><\/div>\n<div style=\"font-size:14px\">1300 W vara motors un pretrot\u0101cijas t\u0113rauda stieple un augsta dro\u0161\u012bba<\/div>\n<p>\u0160is univers\u0101lais elektriskais pac\u0113l\u0101js ir paredz\u0113ts lieljaudas priek\u0161metu cel\u0161anai un p\u0101rvieto\u0161anai. T\u0113rauda konstrukcija un t\u012bra vara motors padara to iztur\u012bgu un \u013coti efekt\u012bvu. Slie\u017eu platumu var regul\u0113t ar papl\u0101ksni un augstas kvalit\u0101tes uzgrie\u017e\u0146iem. Tas ir ide\u0101ls materi\u0101lu apstr\u0101des r\u012bks r\u016bpn\u012bc\u0101m, raktuv\u0113m, dokiem, noliktav\u0101m, pre\u010du cel\u0161anai, b\u016bvlaukumiem un cit\u0101m viet\u0101m lieljaudas priek\u0161metu cel\u0161anai un p\u0101rvieto\u0161anai.<\/p>\n<ul style=\"font-size:14px;background-color:rgb(243, 243, 243);border:1px solid rgb(204, 204, 204);margin-top:8px;padding:10px 40px;padding-bottom:10px;padding-top:10px;padding-left:40px;padding-right:40px\">\n<li>\n<p>Draudz\u012bga piez\u012bme<\/p>\n<\/li>\n<li>\n<p>Elektriskais pac\u0113l\u0101js un rati\u0146i var b\u016bt iepakoti da\u017e\u0101dos iepakojumos un tikt pieg\u0101d\u0101ti atsevi\u0161\u0137i.<\/p>\n<\/li>\n<li>\n<p>L\u016bdzu, neuztraucieties, VISAS pakas sa\u0146emsiet da\u017eu dienu laik\u0101 p\u0113c pas\u016bt\u012bjuma veik\u0161anas.<\/p>\n<\/li>\n<li>\n<p>Premium klases rati\u0146i<\/p>\n<\/li>\n<li>\n<p>1700 m\u0101rci\u0146u celtsp\u0113ja<\/p>\n<\/li>\n<li>\n<p>1300 W jaud\u012bgs motors<\/p>\n<\/li>\n<li>\n<p>4,6 p\u0113du vad\u012bbas vads<\/p>\n<\/li>\n<li>\n<p>Dro\u0161a strukt\u016bra<\/p>\n<\/li>\n<\/ul>\n<\/div>\n<div style=\"border-left:1px solid rgb(204, 204, 204);padding:0px 15px;padding-bottom:0px;padding-top:0px;padding-left:15px;padding-right:15px;width:33%\">\n<div> <\/div>\n<div style=\"padding:0px 15px;padding-bottom:0px;padding-top:0px;padding-left:15px;padding-right:15px\">\n<div><img decoding=\"async\" style=\"width:100%\" width=\"100%\" src=\"https:\/\/www.jinlantrade.com\/ebay\/VEVOR\/vevor-2.png\" slate-data-type=\"image\"\/><\/div>\n<div style=\"font-size:14px;font-weight:bold;line-height:24px\">Iztur\u012bgs apr\u012bkojums un instrumenti, maks\u0101jiet maz\u0101k<\/div>\n<div style=\"font-size:12px;margin:8px 0px;margin-bottom:8px;margin-top:8px;margin-left:0px;margin-right:0px\">VEVOR ir vado\u0161ais z\u012bmols, kas specializ\u0113jas iek\u0101rtu un instrumentu ra\u017eo\u0161an\u0101. Kop\u0101 ar t\u016bksto\u0161iem motiv\u0113tu darbinieku VEVOR ir ap\u0146\u0113mies nodro\u0161in\u0101t m\u016bsu klientus ar iztur\u012bgu apr\u012bkojumu un instrumentiem par neticami zem\u0101m cen\u0101m. \u0160odien VEVOR produkti tiek p\u0101rdoti vair\u0101k nek\u0101 200 valst\u012bs un re\u0123ionos, un uz\u0146\u0113mumam ir vair\u0101k nek\u0101 10 miljoni biedru vis\u0101 pasaul\u0113.<\/div>\n<div style=\"font-size:14px;font-weight:bold;line-height:24px\">K\u0101p\u0113c izv\u0113l\u0113ties VEVOR?<\/div>\n<ul style=\"font-size:14px;background-color:rgb(243, 243, 243);border:1px solid rgb(204, 204, 204);margin-top:8px;padding:10px 40px;padding-bottom:10px;padding-top:10px;padding-left:40px;padding-right:40px\">\n<li>\n<p>Augst\u0101k\u0101s kvalit\u0101tes iztur\u012bga<\/p>\n<\/li>\n<li>\n<p>Neticami zemas cenas<\/p>\n<\/li>\n<li>\n<p>\u0100tra un dro\u0161a pieg\u0101de<\/p>\n<\/li>\n<li>\n<p>30 dienu bezmaksas atgrie\u0161ana<\/p>\n<\/li>\n<li>\n<p>Uzman\u012bgs serviss visu diennakti<\/p>\n<\/li>\n<\/ul>\n<\/div>\n<\/div>\n<\/div>\n<div style=\"margin-top:30px\">\n<div style=\"font-size:16px;font-weight:bold;line-height:36px\">Galven\u0101s iez\u012bmes<\/div>\n<div style=\"padding:30px;padding-bottom:30px;padding-top:30px;padding-left:30px;padding-right:30px\">\n<div>\n<div style=\"margin-top:15px;padding:0px 15px;padding-bottom:0px;padding-top:0px;padding-left:15px;padding-right:15px;display:inline-block;width:33%;box-sizing:border-box\">\n<div><img decoding=\"async\" style=\"width:100%\" width=\"100%\" src=\"https:\/\/d2qc09rl1gfuof.cloudfront.net\/product\/DDHL800KGXCZH0001\/lift-electric-hoist-m100-2.jpg\" slate-data-type=\"image\"\/> <\/div>\n<div style=\"font-size:16px;font-weight:bold;line-height:36px\">Augstas efektivit\u0101tes rati\u0146i<\/div>\n<div style=\"font-size:14px\">Elektriskajiem rati\u0146iem ir vair\u0101kas papl\u0101ksnes slie\u017eu platuma regul\u0113\u0161anai. \u010cetri r\u016bd\u012bti rite\u0146i ir iztur\u012bgi un ilgm\u016b\u017e\u012bgi, nosl\u0113gti gult\u0146i nodro\u0161ina ilgu kalpo\u0161anas laiku un maz\u0101ku apkopi. Piem\u0113rotais platums ir no 80 l\u012bdz 110 mm (3\u20134,3 collas), darba \u0101trums ir 13 m\/min (42,7 p\u0113das\/min).<\/div>\n<\/div>\n<div style=\"margin-top:15px;padding:0px 15px;padding-bottom:0px;padding-top:0px;padding-left:15px;padding-right:15px;display:inline-block;width:33%;box-sizing:border-box\">\n<div><img decoding=\"async\" style=\"width:100%\" width=\"100%\" src=\"https:\/\/d2qc09rl1gfuof.cloudfront.net\/product\/DDHL800KGXCZH0001\/lift-electric-hoist-m100-3.jpg\" slate-data-type=\"image\"\/> <\/div>\n<div style=\"font-size:16px;font-weight:bold;line-height:36px\">T\u012bra vara motors<\/div>\n<div style=\"font-size:14px\">Pateicoties 1300 W vara motoriem, kas p\u0101rkl\u0101ti ar iztur\u012bgu un pretkorozijas alum\u012bnija sakaus\u0113juma korpusu, elektrisk\u0101 vin\u010da nodro\u0161ina augstu efektivit\u0101ti un zemu trok\u0161\u0146a l\u012bmeni. Turkl\u0101t elektrisk\u0101 vin\u010da var nep\u0101rtraukti darboties ilgu laiku, pateicoties \u0101trai izstaro\u0161anas jaudai.<\/div>\n<\/div>\n<div style=\"margin-top:15px;padding:0px 15px;padding-bottom:0px;padding-top:0px;padding-left:15px;padding-right:15px;display:inline-block;width:33%;box-sizing:border-box\">\n<div><img decoding=\"async\" style=\"width:100%\" width=\"100%\" src=\"https:\/\/d2qc09rl1gfuof.cloudfront.net\/product\/DDHL800KGXCZH0001\/lift-electric-hoist-m100-4.jpg\" slate-data-type=\"image\"\/> <\/div>\n<div style=\"font-size:16px;font-weight:bold;line-height:36px\">Liela slodzes nestsp\u0113ja<\/div>\n<div style=\"font-size:14px\">M\u016bsu elektriskais pac\u0113l\u0101js atbilst j\u016bsu da\u017e\u0101daj\u0101m iztur\u012bbas un ciet\u012bbas pras\u012bb\u0101m. Kravnes\u012bba un cel\u0161anas \u0101trums ir 1700 m\u0101rci\u0146as\/800 kg, 880 m\u0101rci\u0146as\/400 kg. Apmierin\u0101sim j\u016bsu da\u017e\u0101d\u0101s vajadz\u012bbas, pateicoties augstajai kvalit\u0101tei.<\/div>\n<\/div>\n<div style=\"margin-top:15px;padding:0px 15px;padding-bottom:0px;padding-top:0px;padding-left:15px;padding-right:15px;display:inline-block;width:33%;box-sizing:border-box\">\n<div><img decoding=\"async\" style=\"width:100%\" width=\"100%\" src=\"https:\/\/d2qc09rl1gfuof.cloudfront.net\/product\/DDHL800KGXCZH0001\/lift-electric-hoist-m100-5.jpg\" slate-data-type=\"image\"\/> <\/div>\n<div style=\"font-size:16px;font-weight:bold;line-height:36px\">T\u0101lvad\u012bbas pults<\/div>\n<div style=\"font-size:14px\">Vadu t\u0101lvad\u012bbas pultij ir aug\u0161up\/lejup v\u0113rsta poga un pa kreisi\/pa labi v\u0113rsta poga, lai vad\u012btu pac\u0113l\u0101ju no liela att\u0101luma. Turkl\u0101t ir pievienota av\u0101rijas aptur\u0113\u0161anas poga, lai uzlabotu dro\u0161\u012bbu darb\u012bbas laik\u0101.<\/div>\n<\/div>\n<div style=\"margin-top:15px;padding:0px 15px;padding-bottom:0px;padding-top:0px;padding-left:15px;padding-right:15px;display:inline-block;width:33%;box-sizing:border-box\">\n<div><img decoding=\"async\" style=\"width:100%\" width=\"100%\" src=\"https:\/\/d2qc09rl1gfuof.cloudfront.net\/product\/DDHL800KGXCZH0001\/lift-electric-hoist-m100-6.jpg\" slate-data-type=\"image\"\/> <\/div>\n<div style=\"font-size:16px;font-weight:bold;line-height:36px\">Dro\u0161\u012bbas dizains<\/div>\n<div style=\"font-size:14px\">Robe\u017esl\u0113dzis ir uzst\u0101d\u012bts, lai motors autom\u0101tiski apst\u0101tos un dro\u0161\u012bbas labad ne\u013cautu \u0137\u0113d\u0113m p\u0101rsniegt noteikto robe\u017eu. Mn-t\u0113rauda \u0101\u0137is ar aizb\u012bdni un cinkota t\u0113rauda stieple nodro\u0161ina divk\u0101r\u0161u aizsardz\u012bbu darb\u012bb\u0101.<\/div>\n<\/div>\n<div style=\"margin-top:15px;padding:0px 15px;padding-bottom:0px;padding-top:0px;padding-left:15px;padding-right:15px;display:inline-block;width:33%;box-sizing:border-box\">\n<div><img decoding=\"async\" style=\"width:100%\" width=\"100%\" src=\"https:\/\/d2qc09rl1gfuof.cloudfront.net\/product\/DDHL800KGXCZH0001\/lift-electric-hoist-m100-7.jpg\" slate-data-type=\"image\"\/> <\/div>\n<div style=\"font-size:16px;font-weight:bold;line-height:36px\">Pla\u0161a izmanto\u0161ana<\/div>\n<div style=\"font-size:14px\">\u0160is elektriskais pac\u0113l\u0101js ir lieliska izv\u0113le regul\u0101ras vai neregul\u0101ras formas priek\u0161metu, piem\u0113ram, akme\u0146u, koku, z\u0101les p\u013c\u0101v\u0113ju, dzin\u0113ju utt., pacel\u0161anai. T\u0101p\u0113c to pla\u0161i izmanto automa\u0161\u012bnu ra\u017eotn\u0113s, b\u016bvlaukumos, lo\u0123istik\u0101, noliktav\u0101s utt.<\/div>\n<\/div>\n<\/div>\n<\/div>\n<\/div>\n<div style=\"margin-top:15px;display:flex\">\n<div style=\"width:33%\"><img decoding=\"async\" style=\"width:100%\" width=\"100%\" src=\"https:\/\/d2qc09rl1gfuof.cloudfront.net\/product\/DDHL800KGXCZH0001\/lift-electric-hoist-a100-2.jpg\" slate-data-type=\"image\"\/><\/div>\n<div style=\"padding:0px 15px;padding-bottom:0px;padding-top:0px;padding-left:15px;padding-right:15px;width:33%\">\n<div style=\"font-size:16px;font-weight:bold;line-height:36px\">Specifik\u0101cijas<\/div>\n<ul style=\"font-size:14px;border:1px solid rgb(204, 204, 204);margin-top:8px;padding:10px 40px;padding-bottom:10px;padding-top:10px;padding-left:40px;padding-right:40px\">\n<li>\n<p>Elektriskais pac\u0113l\u0101js<\/p>\n<\/li>\n<li>\n<p>Modelis: PA800<\/p>\n<\/li>\n<li>\n<p>Materi\u0101ls: \u010duguns un alum\u012bnijs<\/p>\n<\/li>\n<li>\n<p>Spriegums: 220 V\/50 Hz<\/p>\n<\/li>\n<li>\n<p>Jauda: 1300 W<\/p>\n<\/li>\n<li>\n<p>T\u0101lvad\u012bbas pults vads: 1,4 m<\/p>\n<\/li>\n<li>\n<p>Auklas diametrs: 0,2 collas \/ 5,1 mm<\/p>\n<\/li>\n<li>\n<p>Kabe\u013ca garums: 12 m, 6 m<\/p>\n<\/li>\n<li>\n<p>Kabe\u013ca \u0101trums: 40 p\u0113das\/min (12 m\/min), 20 p\u0113das\/min (6 m\/min)<\/p>\n<\/li>\n<li>\n<p>Nomin\u0101l\u0101 celtsp\u0113ja: dubult\u0101 l\u012bnija 1700 m\u0101rci\u0146as \/ 800 kg, viena l\u012bnija 880 m\u0101rci\u0146as \/ 400 kg<\/p>\n<\/li>\n<li>\n<p>Produkta izm\u0113rs: 15,8 x 6 x 13,8 collas \/ 40 x 15 x 35 cm<\/p>\n<\/li>\n<li>\n<p>Neto svars: 75 m\u0101rci\u0146as \/ 34 kg<\/p>\n<\/li>\n<li>\n<p>Rati\u0146i<\/p>\n<\/li>\n<li>\n<p>Nomin\u0101l\u0101 slodze: 2200 m\u0101rci\u0146as \/ 1 T<\/p>\n<\/li>\n<li>\n<p>Darba \u0101trums: 42,7 p\u0113das\/min (13 m\/min)<\/p>\n<\/li>\n<li>\n<p>Standarta darba augstums: 3 m \/ 10 p\u0113das<\/p>\n<\/li>\n<li>\n<p>Piem\u0113rots platums: 80\u2013110 mm (3\u20134,3 collas)<\/p>\n<\/li>\n<\/ul>\n<\/div>\n<div style=\"border-left:1px solid rgb(204, 204, 204);padding:0px 15px;padding-bottom:0px;padding-top:0px;padding-left:15px;padding-right:15px;width:33%\">\n<div style=\"width:100%\"><img decoding=\"async\" style=\"width:100%\" width=\"100%\" src=\"https:\/\/d2qc09rl1gfuof.cloudfront.net\/product\/DDHL800KGXCZH0001\/lift-electric-hoist-a100-3.jpg\" slate-data-type=\"image\"\/><\/div>\n<div style=\"font-size:14px;font-weight:bold;line-height:24px\">Iepakojuma saturs<\/div>\n<ul style=\"font-size:14px;background-color:rgb(243, 243, 243);border:1px solid rgb(204, 204, 204);margin-top:8px;padding:10px 40px;padding-bottom:10px;padding-top:10px;padding-left:40px;padding-right:40px\">\n<li>\n<p>1 x elektriskais pac\u0113l\u0101js<\/p>\n<\/li>\n<li>\n<p>1 x rati\u0146i<\/p>\n<\/li>\n<\/ul>\n<\/div>\n<\/div>\n<div> <\/div>\n<div>\n<div style=\"font-size:16px;font-weight:bold;line-height:36px\">Funkcijas un inform\u0101cija<\/div>\n<ul style=\"font-size:14px;padding-left:40px\">\n<li>\n<p>Premium klases rati\u0146i: Komplekt\u0101 ietilpst elektriskais pac\u0113l\u0101js un rati\u0146i. \u0160is univers\u0101lais produkts ir lieliski piem\u0113rots mazu dzin\u0113ju, transmisiju, pla\u0161u darbn\u012bcas instrumentu vai celtniec\u012bbas materi\u0101lu pacel\u0161anai. \u010cetru rite\u0146u rati\u0146i ir izgatavoti no Q235 t\u0113rauda, kas ir pretkorozijas un iztur\u012bg\u0101ks. Regul\u0113jams slie\u017eu platums atbilst j\u016bsu da\u017e\u0101daj\u0101m pras\u012bb\u0101m bez piep\u016bles. Piem\u0113rotais platums ir no 3 l\u012bdz 4,3 coll\u0101m (80\u2013110 mm).<\/p>\n<\/li>\n<li>\n<p>1700 m\u0101rci\u0146u celtsp\u0113ja: Pac\u0113l\u0101ja rati\u0146iem ir pietiekama celtsp\u0113ja da\u017e\u0101du priek\u0161metu pacel\u0161anai. Vienas l\u012bnijas celtsp\u0113ja: 880 m\u0101rci\u0146as\/400 kg, 40 p\u0113das\/min (12 m\/min). Divu l\u012bniju celtsp\u0113ja: 1700 m\u0101rci\u0146as\/800 kg, 20 p\u0113das\/min (6 m\/min). Robe\u017esl\u0113dzis un Mn t\u0113rauda \u0101\u0137is ir konstru\u0113ti t\u0101, lai nov\u0113rstu p\u0113k\u0161\u0146u nokri\u0161anu. Dubult\u0101 l\u012bnija 1700 m\u0101rci\u0146as\/800 kg, viena l\u012bnija 880 m\u0101rci\u0146as\/400 kg.<\/p>\n<\/li>\n<li>\n<p>1300 W jaud\u012bgs motors: Augstas kvalit\u0101tes vara motors nodro\u0161ina 1800 W lielu jaudu, lai iztur\u0113tu lielu sp\u0113ku bez deform\u0101cijas un boj\u0101jumiem. Turkl\u0101t lielais radiatora ventilators \u0101tri atdzes\u0113 ier\u012bci, izmantojot p\u0101rkar\u0161anas aizsardz\u012bbu. T\u0101d\u0113j\u0101di \u0161is jaud\u012bgais motors nodro\u0161ina augstu efektivit\u0101ti un zemu trok\u0161\u0146a l\u012bmeni.<\/p>\n<\/li>\n<li>\n<p>4,6 p\u0113du vad\u012bbas vads: M\u016bsu elektriskais pac\u0113l\u0101js ar t\u0101lvad\u012bbas pulti tiek vad\u012bts, izmantojot roktura sl\u0113dzi. Kabe\u013ca garums: 4,6 p\u0113das\/1,4 m. Vadiet pac\u0113l\u0101ju ar pacel\u0161anas un nolai\u0161anas pog\u0101m liel\u0101 att\u0101lum\u0101. Turkl\u0101t \u0161is sl\u0113dzis nodro\u0161ina papildu av\u0101rijas aptur\u0113\u0161anas pogu dro\u0161\u012bbai.<\/p>\n<\/li>\n<li>\n<p>Dro\u0161a konstrukcija: \u0160\u012b elektrisk\u0101 pac\u0113l\u0101ja vin\u010da ir izgatavota no alum\u012bnija sakaus\u0113juma korpusa un cinkota t\u0113rauda stieples, kas pasarg\u0101 to no erozijas, r\u016bsas un lietus. T\u0113rauda troses garums: 98 p\u0113das\/30 m; diametrs: 0,2 collas\/5,1 mm. Pateicoties \u0161ai sapr\u0101t\u012bgajai konstrukcijai, ma\u0161\u012bnu var darbin\u0101t ilgsto\u0161i.<\/p>\n<\/li>\n<\/ul>\n<\/div>\n<\/div>\n<\/div>\n<\/div>\n<p><\/p>\n<\/div>\n<\/div>\n<p><\/p>","protected":false},"excerpt":{"rendered":"<p>Hign-concerned Chemical:&nbsp;None Origin:&nbsp;Mainland China Brand Name:&nbsp;VEVOR Capacity of Single\/Double Cable:&nbsp;1700 lbs\/220 LBS 1700 LBS Power:&nbsp;1300W 2200 LBS Power:&nbsp;1800W Material:&nbsp;Steel,Cast Iron &amp; Aluminum Product Description 1700lbs Electric Hoist With Trolley 1300W<\/p>","protected":false},"featured_media":25321,"comment_status":"open","ping_status":"closed","template":"","meta":{"_acf_changed":false},"product_brand":[],"product_cat":[517],"product_tag":[],"class_list":{"0":"post-25319","1":"product","2":"type-product","3":"status-publish","4":"has-post-thumbnail","6":"product_cat-electric-lifting-hoists","8":"first","9":"instock","10":"shipping-taxable","11":"purchasable","12":"product-type-variable"},"acf":[],"_links":{"self":[{"href":"https:\/\/electricstore.eu\/lv\/wp-json\/wp\/v2\/product\/25319","targetHints":{"allow":["GET"]}}],"collection":[{"href":"https:\/\/electricstore.eu\/lv\/wp-json\/wp\/v2\/product"}],"about":[{"href":"https:\/\/electricstore.eu\/lv\/wp-json\/wp\/v2\/types\/product"}],"replies":[{"embeddable":true,"href":"https:\/\/electricstore.eu\/lv\/wp-json\/wp\/v2\/comments?post=25319"}],"wp:featuredmedia":[{"embeddable":true,"href":"https:\/\/electricstore.eu\/lv\/wp-json\/wp\/v2\/media\/25321"}],"wp:attachment":[{"href":"https:\/\/electricstore.eu\/lv\/wp-json\/wp\/v2\/media?parent=25319"}],"wp:term":[{"taxonomy":"product_brand","embeddable":true,"href":"https:\/\/electricstore.eu\/lv\/wp-json\/wp\/v2\/product_brand?post=25319"},{"taxonomy":"product_cat","embeddable":true,"href":"https:\/\/electricstore.eu\/lv\/wp-json\/wp\/v2\/product_cat?post=25319"},{"taxonomy":"product_tag","embeddable":true,"href":"https:\/\/electricstore.eu\/lv\/wp-json\/wp\/v2\/product_tag?post=25319"}],"curies":[{"name":"wp","href":"https:\/\/api.w.org\/{rel}","templated":true}]}}