{"id":25306,"date":"2025-05-20T18:58:33","date_gmt":"2025-05-20T18:58:33","guid":{"rendered":"https:\/\/electricstore.eu\/p\/uncategorized\/vevor-3000-5000kg-digital-crane-scales-heavy-duty-aluminum-hanging-scale-w-ocs-t-lcd-display-reinforced-ring-hook-for-industry\/"},"modified":"2025-05-20T18:59:27","modified_gmt":"2025-05-20T18:59:27","slug":"vevor-3000-5000kg-digital-crane-scales-heavy-duty-aluminum-hanging-scale-w-ocs-t-lcd-display-reinforced-ring-hook-for-industry","status":"publish","type":"product","link":"https:\/\/electricstore.eu\/lv\/p\/o\/electric-lifting-hoists\/vevor-3000-5000kg-digital-crane-scales-heavy-duty-aluminum-hanging-scale-w-ocs-t-lcd-display-reinforced-ring-hook-for-industry\/","title":{"rendered":"VEVOR 3000 5000 kg digit\u0101lie celt\u0146a svari, iztur\u012bga alum\u012bnija piekaramie svari ar OCS-T LCD displeju, pastiprin\u0101tu gredzena \u0101\u0137i r\u016bpniec\u012bbai"},"content":{"rendered":"<div class=\"product-specs-list-container\">\n<ul class=\"product-specs-list util-clearfix\">\n<li class=\"product-prop line-limit-length\"><span\n                                        class=\"property-title\">Augstas ba\u017eas izraiso\u0161a \u0137\u012bmiska viela:&nbsp;<\/span><span\n                                        class=\"property-desc line-limit-length\">Neviens<\/span>\n                            <\/li>\n<li class=\"product-prop line-limit-length\"><span\n                                        class=\"property-title\">Tips:&nbsp;<\/span><span\n                                        class=\"property-desc line-limit-length\">Crane Scale<\/span>\n                            <\/li>\n<li class=\"product-prop line-limit-length\"><span\n                                        class=\"property-title\">Z\u012bmola nosaukums:&nbsp;<\/span><span\n                                        class=\"property-desc line-limit-length\">VEVOR<\/span>\n                            <\/li>\n<li class=\"product-prop line-limit-length\"><span\n                                        class=\"property-title\">Izcelsme:&nbsp;<\/span><span\n                                        class=\"property-desc line-limit-length\">Kontinent\u0101l\u0101 \u0136\u012bna<\/span>\n                            <\/li>\n<\/ul><\/div>\n<div class=\"detailmodule_html\">\n<div class=\"detail-desc-decorate-richtext\">\n<div class=\"detailmodule_dynamic\"><kse:widget data-widget-type=\"customText\" id=\"1005000000821364\" type=\"relation\"><\/kse:widget><\/div>\n<div style=\"padding:20px;padding-bottom:20px;padding-top:20px;padding-left:20px;padding-right:20px\">\n<div style=\"text-align:center;width:100%\" align=\"center\"><img decoding=\"async\" src=\"https:\/\/vevor-bmp-prm.s3.ap-east-1.amazonaws.com\/default\/vevor-1.png\" slate-data-type=\"image\"\/><\/div>\n<div style=\"font-size:16px;font-weight:bold;line-height:36px\">Produkta apraksts<\/div>\n<div style=\"width:100%\"><img decoding=\"async\" src=\"https:\/\/d2qc09rl1gfuof.cloudfront.net\/product\/OCS-T-5TDZDC00001\/crane-scale-a100-1.4.jpg\" slate-data-type=\"image\"\/><\/div>\n<div style=\"margin-top:15px;display:flex\">\n<div style=\"width:33%\"><img decoding=\"async\" style=\"width:100%\" width=\"100%\" src=\"https:\/\/d2qc09rl1gfuof.cloudfront.net\/product\/OCS-T-5TDZDC00001\/crane-scale-x1.jpg\" slate-data-type=\"image\"\/><\/div>\n<div style=\"padding:0px 15px;padding-bottom:0px;padding-top:0px;padding-left:15px;padding-right:15px;width:33%\">\n<div style=\"font-size:16px;font-weight:700;line-height:36px\">11000LBS\/5000KG alum\u012bnija digit\u0101lais celt\u0146a svars<\/div>\n<div style=\"font-size:14px\"><\/div>\n<div style=\"font-size:14px\">Digit\u0101lie celt\u0146a svari ir izgatavoti no augstas kvalit\u0101tes alum\u012bnija, kas nodro\u0161ina augstu veiktsp\u0113ju un ilgtermi\u0146a stabilit\u0101ti. Tiem ir nulles iestat\u012b\u0161anas, lob\u012b\u0161anas, displeja saglab\u0101\u0161anas, p\u0101rslodzes br\u012bdin\u0101juma un autom\u0101tiskas izsl\u0113g\u0161anas funkcijas. Digit\u0101lie zivju svari ir viegli lietojami un viegli p\u0101rn\u0113s\u0101jami, un tos pla\u0161i izmanto noliktav\u0101s, lauksaimniec\u012bb\u0101, med\u012bb\u0101s, mak\u0161\u0137er\u0113\u0161an\u0101, darbn\u012bc\u0101s, birojos un citos uz\u0146\u0113mumos.<\/div>\n<ul style=\"font-size:14px;background-color:rgb(243, 243, 243);border:1px solid rgb(204, 204, 204);margin-top:8px;padding:10px 40px;padding-bottom:10px;padding-top:10px;padding-left:40px;padding-right:40px\">\n<li>\n<p>Iztur\u012bgs dizains<\/p>\n<\/li>\n<li>\n<p>Bezkompromisa precizit\u0101te<\/p>\n<\/li>\n<li>\n<p>LCD ekr\u0101ns<\/p>\n<\/li>\n<li>\n<p>Vienk\u0101r\u0161i lietojams<\/p>\n<\/li>\n<\/ul>\n<\/div>\n<div style=\"border-left:1px solid rgb(204, 204, 204);padding:0px 15px;padding-bottom:0px;padding-top:0px;padding-left:15px;padding-right:15px;width:33%\">\n<div style=\"padding:0px 15px;padding-bottom:0px;padding-top:0px;padding-left:15px;padding-right:15px\">\n<div><img decoding=\"async\" style=\"width:100%\" width=\"100%\" src=\"https:\/\/vevor-bmp-prm.s3.ap-east-1.amazonaws.com\/default\/vevor-2.jpg\" slate-data-type=\"image\"\/><\/div>\n<div style=\"font-size:14px;font-weight:bold;line-height:24px\">Iztur\u012bgs apr\u012bkojums un instrumenti, maks\u0101jiet maz\u0101k<\/div>\n<div style=\"font-size:12px;margin:8px 0px;margin-bottom:8px;margin-top:8px;margin-left:0px;margin-right:0px\">VEVOR ir vado\u0161ais z\u012bmols, kas specializ\u0113jas iek\u0101rt\u0101s un instrumentos. L\u012bdztekus t\u016bksto\u0161iem motiv\u0113tu<br \/>darbinieku, VEVOR ir ap\u0146\u0113mies nodro\u0161in\u0101t m\u016bsu klientus ar iztur\u012bgu apr\u012bkojumu un instrumentiem par neticami izdev\u012bg\u0101m cen\u0101m<br \/>zemas cenas. \u0160odien VEVOR produkti tiek p\u0101rdoti vair\u0101k nek\u0101 200 valst\u012bs un re\u0123ionos ar 10 miljoniem<br \/>plus biedri vis\u0101 pasaul\u0113.<\/div>\n<div style=\"font-size:14px;font-weight:bold;line-height:24px\">K\u0101p\u0113c izv\u0113l\u0113ties VEVOR?<\/div>\n<ul style=\"font-size:14px;background-color:rgb(243, 243, 243);border:1px solid rgb(204, 204, 204);margin-top:8px;padding:10px 40px;padding-bottom:10px;padding-top:10px;padding-left:40px;padding-right:40px\">\n<li>\n<p>Augst\u0101k\u0101s kvalit\u0101tes iztur\u012bga<\/p>\n<\/li>\n<li>\n<p>Neticami zemas cenas<\/p>\n<\/li>\n<li>\n<p>\u0100tra un dro\u0161a pieg\u0101de<\/p>\n<\/li>\n<li>\n<p>30 dienu bezmaksas atgrie\u0161ana<\/p>\n<\/li>\n<li>\n<p>Uzman\u012bgs serviss visu diennakti<\/p>\n<\/li>\n<\/ul>\n<\/div>\n<\/div>\n<\/div>\n<div style=\"margin-top:30px\">\n<div style=\"font-size:16px;font-weight:bold;line-height:36px\">Galven\u0101s iez\u012bmes<\/div>\n<div style=\"padding:30px;padding-bottom:30px;padding-top:30px;padding-left:30px;padding-right:30px\">\n<div>\n<div style=\"margin-top:15px;padding:0px 15px;padding-bottom:0px;padding-top:0px;padding-left:15px;padding-right:15px;display:inline-block;width:33%;box-sizing:border-box\">\n<div><img decoding=\"async\" style=\"width:100%\" width=\"100%\" src=\"https:\/\/d2qc09rl1gfuof.cloudfront.net\/product\/OCS-T-5TDZDC00001\/crane-scale-m100-2.jpg\" slate-data-type=\"image\"\/><\/div>\n<div style=\"font-size:16px;font-weight:700;line-height:36px\">Izcila kvalit\u0101te<\/div>\n<div style=\"font-size:14px\">Prec\u012bzi veidots alum\u012bnija sakaus\u0113juma korpuss; r\u016bpnieciskas kvalit\u0101tes lie\u0161anas process, piekaramajiem svariem ir augsta uzticam\u012bba.<\/div>\n<\/div>\n<div style=\"margin-top:15px;padding:0px 15px;padding-bottom:0px;padding-top:0px;padding-left:15px;padding-right:15px;display:inline-block;width:33%;box-sizing:border-box\">\n<div><img decoding=\"async\" style=\"width:100%\" width=\"100%\" src=\"https:\/\/d2qc09rl1gfuof.cloudfront.net\/product\/OCS-T-5TDZDC00001\/crane-scale-m100-3.jpg\" slate-data-type=\"image\"\/><\/div>\n<div style=\"font-size:16px;font-weight:700;line-height:36px\">Prec\u012bzs un jut\u012bgs<\/div>\n<div style=\"font-size:14px\">Augstas kvalit\u0101tes slodzes sensori nodro\u0161ina nemain\u012bgus un prec\u012bzus m\u0113r\u012bjumus l\u012bdz pat 5000 kg vai 11\u00a0000 m\u0101rci\u0146\u0101m.<\/div>\n<\/div>\n<div style=\"margin-top:15px;padding:0px 15px;padding-bottom:0px;padding-top:0px;padding-left:15px;padding-right:15px;display:inline-block;width:33%;box-sizing:border-box\">\n<div><img decoding=\"async\" style=\"width:100%\" width=\"100%\" src=\"https:\/\/d2qc09rl1gfuof.cloudfront.net\/product\/OCS-T-5TDZDC00001\/crane-scale-m100-4.jpg\" slate-data-type=\"image\"\/><\/div>\n<div style=\"font-size:16px;font-weight:700;line-height:36px\">LCD fona apgaismojuma ekr\u0101ns<\/div>\n<div style=\"font-size:14px\">\u0160os efekt\u012bvos elektroniskos zivju svarus papildina augstas iz\u0161\u0137irtsp\u0113jas LCD displejs ar fona apgaismojumu. LCD modu\u013ca displejs ir viegli nolas\u0101ms.<\/div>\n<\/div>\n<div style=\"margin-top:15px;padding:0px 15px;padding-bottom:0px;padding-top:0px;padding-left:15px;padding-right:15px;display:inline-block;width:33%;box-sizing:border-box\">\n<div><img decoding=\"async\" style=\"width:100%\" width=\"100%\" src=\"https:\/\/d2qc09rl1gfuof.cloudfront.net\/product\/OCS-T-5TDZDC00001\/crane-scale-m100-5.jpg\" slate-data-type=\"image\"\/><\/div>\n<div style=\"font-size:16px;font-weight:700;line-height:36px\">\u013boti viegli lietojams<\/div>\n<div style=\"font-size:14px\">Viegli lietojams un vienk\u0101r\u0161i darbin\u0101ms, pakariniet lietas uz \u0101\u0137a un nolasiet ciparus.<\/div>\n<\/div>\n<div style=\"margin-top:15px;padding:0px 15px;padding-bottom:0px;padding-top:0px;padding-left:15px;padding-right:15px;display:inline-block;width:33%;box-sizing:border-box\">\n<div><img decoding=\"async\" style=\"width:100%\" width=\"100%\" src=\"https:\/\/d2qc09rl1gfuof.cloudfront.net\/product\/OCS-T-5TDZDC00001\/crane-scale-m100-6.jpg\" slate-data-type=\"image\"\/><\/div>\n<div style=\"font-size:16px;font-weight:700;line-height:36px\">Pastiprin\u0101ts gredzens un \u0101\u0137is<\/div>\n<div style=\"font-size:14px\">Augstas iztur\u012bbas gredzeni un \u0101\u0137i ir iztur\u012bgi un iztur\u012bgi, dro\u0161i lietojami.<\/div>\n<\/div>\n<div style=\"margin-top:15px;padding:0px 15px;padding-bottom:0px;padding-top:0px;padding-left:15px;padding-right:15px;display:inline-block;width:33%;box-sizing:border-box\">\n<div><img decoding=\"async\" style=\"width:100%\" width=\"100%\" src=\"https:\/\/d2qc09rl1gfuof.cloudfront.net\/product\/OCS-T-5TDZDC00001\/crane-scale-m100-7.jpg\" slate-data-type=\"image\"\/><\/div>\n<div style=\"font-size:16px;font-weight:700;line-height:36px\">Pla\u0161s pielietojums<\/div>\n<div style=\"font-size:14px\">R\u016bpnieciskie svari nodro\u0161ina profesion\u0101lus sv\u0113r\u0161anas risin\u0101jumus smagajai r\u016bpniec\u012bbai un tiek pla\u0161i izmantoti noliktav\u0101s, lauksaimniec\u012bb\u0101, medniec\u012bb\u0101, zvejniec\u012bb\u0101, darbn\u012bc\u0101s, birojos un citos uz\u0146\u0113mumos.<\/div>\n<\/div>\n<\/div>\n<\/div>\n<\/div>\n<div style=\"margin-top:15px;display:flex\">\n<div style=\"width:33%\"><img decoding=\"async\" style=\"width:100%\" width=\"100%\" src=\"https:\/\/d2qc09rl1gfuof.cloudfront.net\/product\/OCS-T-5TDZDC00001\/crane-scale-a100-2.jpg\" slate-data-type=\"image\"\/><\/div>\n<div style=\"padding:0px 15px;padding-bottom:0px;padding-top:0px;padding-left:15px;padding-right:15px;width:33%\">\n<div style=\"font-size:16px;font-weight:700;line-height:36px\">Specifik\u0101cijas<\/div>\n<ul style=\"font-size:14px;border:1px solid rgb(204, 204, 204);margin-top:8px;padding:10px 40px;padding-bottom:10px;padding-top:10px;padding-left:40px;padding-right:40px\">\n<li>\n<p>Maksim\u0101l\u0101 celtsp\u0113ja: 5000 kg<\/p>\n<\/li>\n<li>\n<p>Minim\u0101l\u0101 celtsp\u0113ja: 40 kg<\/p>\n<\/li>\n<li>\n<p>Iz\u0161\u0137irtsp\u0113ja: 4,4 m\u0101rci\u0146as \/ 2 kg<\/p>\n<\/li>\n<li>\n<p>Noda\u013ca: 2500<\/p>\n<\/li>\n<li>\n<p>Precizit\u0101tes klase: OIML III<\/p>\n<\/li>\n<li>\n<p>Taras diapazons: 100% FS<\/p>\n<\/li>\n<li>\n<p>Nulles diapazons: 4% FS<\/p>\n<\/li>\n<li>\n<p>Dro\u0161\u012bbas slodze: 120% FS<\/p>\n<\/li>\n<li>\n<p>Maksim\u0101l\u0101 p\u0101rslodze: 400% FS<\/p>\n<\/li>\n<li>\n<p>P\u0101rslodzes br\u012bdin\u0101jums: 100% FS + 9e<\/p>\n<\/li>\n<li>\n<p>Temperat\u016bras diapazons: 14\u2109-104\u2109 \/ -10\u2103-40\u2103<\/p>\n<\/li>\n<li>\n<p>Bruto svars: 32,9 m\u0101rci\u0146as \/ 14,9 kg<\/p>\n<\/li>\n<li>\n<p>Izm\u0113rs: 26,5 x 22 x 75 cm<\/p>\n<\/li>\n<\/ul>\n<\/div>\n<div style=\"border-left:1px solid rgb(204, 204, 204);padding:0px 15px;padding-bottom:0px;padding-top:0px;padding-left:15px;padding-right:15px;width:33%\">\n<div style=\"width:100%\"><img decoding=\"async\" style=\"width:100%\" width=\"100%\" src=\"https:\/\/d2qc09rl1gfuof.cloudfront.net\/product\/OCS-T-5TDZDC00001\/crane-scale-a100-3.jpg\" slate-data-type=\"image\"\/><\/div>\n<div style=\"font-size:14px;font-weight:bold;line-height:24px\">Iepakojuma saturs<\/div>\n<ul style=\"font-size:14px;background-color:rgb(243, 243, 243);border:1px solid rgb(204, 204, 204);margin-top:8px;padding:10px 40px;padding-bottom:10px;padding-top:10px;padding-left:40px;padding-right:40px\">\n<li>\n<p>1 x 5000 kg celtsp\u0113jas celtsp\u0113jas celtsp\u0113jas svari (akumulators nav iek\u013cauts)<\/p>\n<\/li>\n<li>\n<p>1 x t\u0101lvad\u012bbas pults<\/p>\n<\/li>\n<li>\n<p>1 x akumulatora l\u0101d\u0113t\u0101js\/str\u0101vas spraudnis<\/p>\n<\/li>\n<li>\n<p>1 lietot\u0101ja rokasgr\u0101mata<\/p>\n<\/li>\n<\/ul>\n<\/div>\n<\/div>\n<div style=\"margin-top:15px;display:flex\">\n<div style=\"width:33%\"><img decoding=\"async\" style=\"width:100%\" width=\"100%\" src=\"https:\/\/d2qc09rl1gfuof.cloudfront.net\/product\/OCS-T-3000KGDZDC1\/crane-scale-a100-2.jpg\" slate-data-type=\"image\"\/><\/div>\n<div style=\"padding:0px 15px;padding-bottom:0px;padding-top:0px;padding-left:15px;padding-right:15px;width:33%\">\n<div style=\"font-size:16px;font-weight:700;line-height:36px\">Specifik\u0101cijas<\/div>\n<ul style=\"font-size:14px;border:1px solid rgb(204, 204, 204);margin-top:8px;padding:10px 40px;padding-bottom:10px;padding-top:10px;padding-left:40px;padding-right:40px\">\n<li>\n<p>Maksim\u0101l\u0101 celtsp\u0113ja: 6600 m\u0101rci\u0146as \/ 3000 kg<\/p>\n<\/li>\n<li>\n<p>Minim\u0101l\u0101 celtsp\u0113ja: 20 kg<\/p>\n<\/li>\n<li>\n<p>Iz\u0161\u0137irtsp\u0113ja: 2,2 m\u0101rci\u0146as \/ 1 kg<\/p>\n<\/li>\n<li>\n<p>Noda\u013ca: 3000<\/p>\n<\/li>\n<li>\n<p>Precizit\u0101tes klase: OIML III<\/p>\n<\/li>\n<li>\n<p>Taras diapazons: 100% FS<\/p>\n<\/li>\n<li>\n<p>Nulles diapazons: 4% FS<\/p>\n<\/li>\n<li>\n<p>Dro\u0161\u012bbas slodze: 120% FS<\/p>\n<\/li>\n<li>\n<p>Maksim\u0101l\u0101 p\u0101rslodze: 400% FS<\/p>\n<\/li>\n<li>\n<p>P\u0101rslodzes br\u012bdin\u0101jums: 100% FS + 9e<\/p>\n<\/li>\n<li>\n<p>Temperat\u016bras diapazons: 14\u2109-104\u2109 \/ -10\u2103-40\u2103<\/p>\n<\/li>\n<li>\n<p>Bruto svars: 13,7 kg<\/p>\n<\/li>\n<li>\n<p>Izm\u0113rs: 26,5 x 22 x 68 cm<\/p>\n<\/li>\n<\/ul>\n<\/div>\n<div style=\"border-left:1px solid rgb(204, 204, 204);padding:0px 15px;padding-bottom:0px;padding-top:0px;padding-left:15px;padding-right:15px;width:33%\">\n<div style=\"width:100%\"><img decoding=\"async\" style=\"width:100%\" width=\"100%\" src=\"https:\/\/d2qc09rl1gfuof.cloudfront.net\/product\/OCS-T-3000KGDZDC1\/crane-scale-a100-3.jpg\" slate-data-type=\"image\"\/><\/div>\n<div style=\"font-size:14px;font-weight:bold;line-height:24px\">Iepakojuma saturs<\/div>\n<ul style=\"font-size:14px;background-color:rgb(243, 243, 243);border:1px solid rgb(204, 204, 204);margin-top:8px;padding:10px 40px;padding-bottom:10px;padding-top:10px;padding-left:40px;padding-right:40px\">\n<li>\n<p>1 x 3000 kg celt\u0146a svari (baterijas nav iek\u013cautas)<\/p>\n<\/li>\n<li>\n<p>1 x t\u0101lvad\u012bbas pults<\/p>\n<\/li>\n<li>\n<p>1 x akumulatora l\u0101d\u0113t\u0101js\/str\u0101vas spraudnis<\/p>\n<\/li>\n<li>\n<p>1 lietot\u0101ja rokasgr\u0101mata<\/p>\n<\/li>\n<\/ul>\n<\/div>\n<\/div>\n<div>\n<div style=\"font-size:16px;font-weight:bold;line-height:36px\">Funkcijas un inform\u0101cija<\/div>\n<ul style=\"font-size:14px;padding-left:40px\">\n<li>\n<p>Iztur\u012bgs dizains: Digit\u0101lie celt\u0146a svari ir izgatavoti no augstas kvalit\u0101tes alum\u012bnija un tiem ir augsta stabilit\u0101te. Iztur\u012bgajam t\u0113rauda \u0101\u0137im ir liela nestsp\u0113ja. Iztur\u012bgais korpusa dizains nodro\u0161ina svaru iztur\u012bbu pret triecieniem un nel\u012bdzenumiem, kas sagaid\u0101mi lielos darbos.<\/p>\n<\/li>\n<li>\n<p>Bezkompromisa precizit\u0101te: digit\u0101lie piekaramie svari ar maksim\u0101lo celtsp\u0113ju 5000 kg\/11000 m\u0101rci\u0146as ir apr\u012bkoti ar prec\u012bzu sensoru, tiem ir augsta m\u0113r\u012bjumu precizit\u0101te, k\u0101 ar\u012b nulles, taras un displeja aiztures funkcijas.<\/p>\n<\/li>\n<li>\n<p>LCD ekr\u0101ns: Mak\u0161\u0137er\u0113\u0161anas svariem ir liels LCD fona apgaismojuma displejs ar m\u0113rvien\u012bbu konvert\u0113\u0161anas funkciju, j\u016bs varat izv\u0113l\u0113ties starp m\u0101rci\u0146\u0101m un kilogramiem, k\u0101 ar\u012b ir p\u0101rslodzes br\u012bdin\u0101jums un autom\u0101tiskas izsl\u0113g\u0161an\u0101s funkcija.<\/p>\n<\/li>\n<li>\n<p>Vienk\u0101r\u0161i lietojams: Vairs nav j\u0101tiek gal\u0101 ar lieliem, piekarin\u0101miem svariem. M\u016bsu mak\u0161\u0137er\u0113\u0161anas svari ir vienk\u0101r\u0161i lietojami un kompakti, un tos var \u0113rti ievietot automa\u0161\u012bnas cimdu nodal\u012bjum\u0101 vai iepakot kop\u0101 ar j\u016bsu \u0101ra apr\u012bkojumu.<\/p>\n<\/li>\n<li>\n<p>Izbaudiet daudzpus\u012bbu: elektroniskie piekaramie svari \u0101tri nolas\u012bs svaru un ir piem\u0113roti mak\u0161\u0137er\u0113\u0161anai, med\u012bb\u0101m, lauksaimniec\u012bbas vai b\u016bvlaukumiem vai citiem smagiem darbiem.<\/p>\n<\/li>\n<\/ul>\n<\/div>\n<\/div>\n<div class=\"detailmodule_dynamic\"><kse:widget data-widget-type=\"customText\" id=\"1005000000397265\" type=\"custom\"><\/kse:widget><\/div>\n<p><\/p>\n<\/div>\n<\/div>\n<p><\/p>","protected":false},"excerpt":{"rendered":"<p>Hign-concerned Chemical:&nbsp;None Type:&nbsp;Crane Scale Brand Name:&nbsp;VEVOR Origin:&nbsp;Mainland China Product Description 11000LBS\/5000KG Aluminum Digital Crane Scale The digital crane scale is made of high-quality aluminum, which provides high performance and long-term<\/p>","protected":false},"featured_media":25307,"comment_status":"open","ping_status":"closed","template":"","meta":{"_acf_changed":false},"product_brand":[],"product_cat":[517],"product_tag":[],"class_list":{"0":"post-25306","1":"product","2":"type-product","3":"status-publish","4":"has-post-thumbnail","6":"product_cat-electric-lifting-hoists","8":"first","9":"instock","10":"shipping-taxable","11":"purchasable","12":"product-type-variable"},"acf":[],"_links":{"self":[{"href":"https:\/\/electricstore.eu\/lv\/wp-json\/wp\/v2\/product\/25306","targetHints":{"allow":["GET"]}}],"collection":[{"href":"https:\/\/electricstore.eu\/lv\/wp-json\/wp\/v2\/product"}],"about":[{"href":"https:\/\/electricstore.eu\/lv\/wp-json\/wp\/v2\/types\/product"}],"replies":[{"embeddable":true,"href":"https:\/\/electricstore.eu\/lv\/wp-json\/wp\/v2\/comments?post=25306"}],"wp:featuredmedia":[{"embeddable":true,"href":"https:\/\/electricstore.eu\/lv\/wp-json\/wp\/v2\/media\/25307"}],"wp:attachment":[{"href":"https:\/\/electricstore.eu\/lv\/wp-json\/wp\/v2\/media?parent=25306"}],"wp:term":[{"taxonomy":"product_brand","embeddable":true,"href":"https:\/\/electricstore.eu\/lv\/wp-json\/wp\/v2\/product_brand?post=25306"},{"taxonomy":"product_cat","embeddable":true,"href":"https:\/\/electricstore.eu\/lv\/wp-json\/wp\/v2\/product_cat?post=25306"},{"taxonomy":"product_tag","embeddable":true,"href":"https:\/\/electricstore.eu\/lv\/wp-json\/wp\/v2\/product_tag?post=25306"}],"curies":[{"name":"wp","href":"https:\/\/api.w.org\/{rel}","templated":true}]}}