{"id":25283,"date":"2025-05-20T18:58:26","date_gmt":"2025-05-20T18:58:26","guid":{"rendered":"https:\/\/electricstore.eu\/p\/uncategorized\/vevor-300kg-electric-hoist-lifting-crane-cable-hoist-winch-for-boat-car-garage-elevator-with-wired-remote-control-lifter\/"},"modified":"2025-05-20T18:59:06","modified_gmt":"2025-05-20T18:59:06","slug":"vevor-300kg-electric-hoist-lifting-crane-cable-hoist-winch-for-boat-car-garage-elevator-with-wired-remote-control-lifter","status":"publish","type":"product","link":"https:\/\/electricstore.eu\/lv\/p\/o\/electric-lifting-hoists\/vevor-300kg-electric-hoist-lifting-crane-cable-hoist-winch-for-boat-car-garage-elevator-with-wired-remote-control-lifter\/","title":{"rendered":"VEVOR 300 kg elektriskais pac\u0113l\u0101js ar tro\u0161u pac\u0113l\u0101ju laivu, automa\u0161\u012bnu gar\u0101\u017eas liftam ar vadu t\u0101lvad\u012bbas pulti"},"content":{"rendered":"<div class=\"product-specs-list-container\">\n<ul class=\"product-specs-list util-clearfix\">\n<li class=\"product-prop line-limit-length\"><span\n                                        class=\"property-title\">Augstas ba\u017eas izraiso\u0161a \u0137\u012bmiska viela:&nbsp;<\/span><span\n                                        class=\"property-desc line-limit-length\">Neviens<\/span>\n                            <\/li>\n<li class=\"product-prop line-limit-length\"><span\n                                        class=\"property-title\">Izcelsme:&nbsp;<\/span><span\n                                        class=\"property-desc line-limit-length\">Kontinent\u0101l\u0101 \u0136\u012bna<\/span>\n                            <\/li>\n<li class=\"product-prop line-limit-length\"><span\n                                        class=\"property-title\">Z\u012bmola nosaukums:&nbsp;<\/span><span\n                                        class=\"property-desc line-limit-length\">VEVOR<\/span>\n                            <\/li>\n<\/ul><\/div>\n<div class=\"detailmodule_dynamic\"><kse:widget data-widget-type=\"customText\" id=\"1005000000572806\" type=\"relation\"><\/kse:widget><\/div>\n<div class=\"detailmodule_html\">\n<div class=\"detail-desc-decorate-richtext\">\n<div style=\"padding:20px;padding-bottom:20px;padding-top:20px;padding-left:20px;padding-right:20px\">\n<div style=\"text-align:center;width:100%\" align=\"center\"><img decoding=\"async\" src=\"https:\/\/vevor-bmp-prm.s3.ap-east-1.amazonaws.com\/default\/vevor-1.png\" slate-data-type=\"image\"\/><\/div>\n<div style=\"font-size:16px;font-weight:bold;line-height:36px\">Produkta apraksts<\/div>\n<div style=\"width:100%\"><img decoding=\"async\" src=\"https:\/\/d2qc09rl1gfuof.cloudfront.net\/product\/DDHLPA30000000001\/lift-electric-hoist-a100-1.4.jpg\" slate-data-type=\"image\"\/><\/div>\n<div style=\"margin-top:15px;display:flex\">\n<div style=\"width:33%\"><img decoding=\"async\" style=\"width:100%\" width=\"100%\" src=\"https:\/\/d2qc09rl1gfuof.cloudfront.net\/product\/DDHLPA30000000001\/lift-electric-hoist-x1.jpg\" slate-data-type=\"image\"\/><\/div>\n<div style=\"padding:0px 15px;padding-bottom:0px;padding-top:0px;padding-left:15px;padding-right:15px;width:33%\">\n<div style=\"font-size:16px;font-weight:bold;line-height:36px\">660LBS elektriskais pac\u0113l\u0101js<\/div>\n<div style=\"font-size:14px\"><\/div>\n<div style=\"font-size:14px\">550 W vara motors un pretrot\u0101cijas t\u0113rauda stieple un augsta dro\u0161\u012bba<\/div>\n<ul style=\"font-size:14px;background-color:rgb(243, 243, 243);border:1px solid rgb(204, 204, 204);margin-top:8px;padding:10px 40px;padding-bottom:10px;padding-top:10px;padding-left:40px;padding-right:40px\">\n<li>\n<p>\u0160is elektriskais pac\u0113l\u0101js ir paredz\u0113ts lieljaudas cel\u0161anai un p\u0101rvieto\u0161anai. T\u0113rauda konstrukcija un t\u012bra vara motors padara to iztur\u012bgu un \u013coti efekt\u012bvu. Pac\u0113l\u0101ju var izmantot ar vienas troses celtsp\u0113ju 330 m\u0101rci\u0146as\/150 kg vai divu tro\u0161u celtsp\u0113ju 660 m\u0101rci\u0146as\/300 kg. Tas ir ide\u0101ls apstr\u0101des r\u012bks r\u016bpn\u012bc\u0101m, dokiem, noliktav\u0101m, pre\u010du cel\u0161anai, b\u016bvlaukumiem un cit\u0101m viet\u0101m.<\/p>\n<\/li>\n<li>\n<p>660 m\u0101rci\u0146u kravnes\u012bba<\/p>\n<\/li>\n<li>\n<p>550 W jaud\u012bgs motors<\/p>\n<\/li>\n<li>\n<p>3,9 p\u0113du vad\u012bbas vads<\/p>\n<\/li>\n<li>\n<p>Premium strukt\u016bra<\/p>\n<\/li>\n<\/ul>\n<\/div>\n<div style=\"border-left:1px solid rgb(204, 204, 204);padding:0px 15px;padding-bottom:0px;padding-top:0px;padding-left:15px;padding-right:15px;width:33%\">\n<div>\u00a0<\/div>\n<div style=\"padding:0px 15px;padding-bottom:0px;padding-top:0px;padding-left:15px;padding-right:15px\">\n<div><img decoding=\"async\" style=\"width:100%\" width=\"100%\" src=\"https:\/\/vevor-bmp-prm.s3.ap-east-1.amazonaws.com\/default\/vevor-2.jpg\" slate-data-type=\"image\"\/><\/div>\n<div style=\"font-size:14px;font-weight:bold;line-height:24px\">Iztur\u012bgs apr\u012bkojums un instrumenti, maks\u0101jiet maz\u0101k<\/div>\n<div style=\"font-size:12px;margin:8px 0px;margin-bottom:8px;margin-top:8px;margin-left:0px;margin-right:0px\">VEVOR ir vado\u0161ais z\u012bmols, kas specializ\u0113jas iek\u0101rtu un instrumentu ra\u017eo\u0161an\u0101. Kop\u0101 ar t\u016bksto\u0161iem motiv\u0113tu darbinieku VEVOR ir ap\u0146\u0113mies nodro\u0161in\u0101t m\u016bsu klientus ar iztur\u012bgu apr\u012bkojumu un instrumentiem par neticami zem\u0101m cen\u0101m. \u0160odien VEVOR produkti tiek p\u0101rdoti vair\u0101k nek\u0101 200 valst\u012bs un re\u0123ionos, un uz\u0146\u0113mumam ir vair\u0101k nek\u0101 10 miljoni biedru vis\u0101 pasaul\u0113.<\/div>\n<div style=\"font-size:14px;font-weight:bold;line-height:24px\">K\u0101p\u0113c izv\u0113l\u0113ties VEVOR?<\/div>\n<ul style=\"font-size:14px;background-color:rgb(243, 243, 243);border:1px solid rgb(204, 204, 204);margin-top:8px;padding:10px 40px;padding-bottom:10px;padding-top:10px;padding-left:40px;padding-right:40px\">\n<li>\n<p>Augst\u0101k\u0101s kvalit\u0101tes iztur\u012bga<\/p>\n<\/li>\n<li>\n<p>Neticami zemas cenas<\/p>\n<\/li>\n<li>\n<p>\u0100tra un dro\u0161a pieg\u0101de<\/p>\n<\/li>\n<li>\n<p>30 dienu bezmaksas atgrie\u0161ana<\/p>\n<\/li>\n<li>\n<p>Uzman\u012bgs serviss visu diennakti<\/p>\n<\/li>\n<\/ul>\n<\/div>\n<\/div>\n<\/div>\n<div style=\"margin-top:30px\">\n<div style=\"font-size:16px;font-weight:bold;line-height:36px\">Galven\u0101s iez\u012bmes<\/div>\n<div style=\"padding:30px;padding-bottom:30px;padding-top:30px;padding-left:30px;padding-right:30px\">\n<div>\n<div style=\"margin-top:15px;padding:0px 15px;padding-bottom:0px;padding-top:0px;padding-left:15px;padding-right:15px;display:inline-block;width:33%;box-sizing:border-box\">\n<div><img decoding=\"async\" style=\"width:100%\" width=\"100%\" src=\"https:\/\/d2qc09rl1gfuof.cloudfront.net\/product\/DDHLPA30000000001\/lift-electric-hoist-m100-2.jpg\" slate-data-type=\"image\"\/><\/div>\n<div style=\"font-size:16px;font-weight:bold;line-height:36px\">Liela slodzes nestsp\u0113ja<\/div>\n<div style=\"font-size:14px\">M\u016bsu elektriskais pac\u0113l\u0101js atbilst j\u016bsu da\u017e\u0101daj\u0101m iztur\u012bbas un ciet\u012bbas pras\u012bb\u0101m. Vienas l\u012bnijas celtsp\u0113ja un \u0101trums ir 330 m\u0101rci\u0146as\/150 kg, 32,8 p\u0113das\/min (10 m\/min). Divu l\u012bniju celtsp\u0113ja un \u0101trums ir 660 m\u0101rci\u0146as\/300 kg, 16,4 p\u0113das\/min (5 m\/min).<\/div>\n<\/div>\n<div style=\"margin-top:15px;padding:0px 15px;padding-bottom:0px;padding-top:0px;padding-left:15px;padding-right:15px;display:inline-block;width:33%;box-sizing:border-box\">\n<div><img decoding=\"async\" style=\"width:100%\" width=\"100%\" src=\"https:\/\/d2qc09rl1gfuof.cloudfront.net\/product\/DDHLPA30000000001\/lift-electric-hoist-m100-3.jpg\" slate-data-type=\"image\"\/><\/div>\n<div style=\"font-size:16px;font-weight:bold;line-height:36px\">Roktura sl\u0113dzis<\/div>\n<div style=\"font-size:14px\">\u0160\u012b pac\u0113l\u0101ja vadu t\u0101lvad\u012bbas pults darbojas, izmantojot roktura sl\u0113dzi. Nospie\u017eot aug\u0161pus\u0113, kust\u012bba notiek uz aug\u0161u, bet otr\u0101di, nolai\u0161an\u0101s. Aptuveni 1,2 m gar\u0161 kabelis \u013cauj darboties noteikt\u0101 att\u0101lum\u0101.<\/div>\n<\/div>\n<div style=\"margin-top:15px;padding:0px 15px;padding-bottom:0px;padding-top:0px;padding-left:15px;padding-right:15px;display:inline-block;width:33%;box-sizing:border-box\">\n<div><img decoding=\"async\" style=\"width:100%\" width=\"100%\" src=\"https:\/\/d2qc09rl1gfuof.cloudfront.net\/product\/DDHLPA30000000001\/lift-electric-hoist-m100-4.jpg\" slate-data-type=\"image\"\/><\/div>\n<div style=\"font-size:16px;font-weight:bold;line-height:36px\">Augstas kvalit\u0101tes vara motors<\/div>\n<div style=\"font-size:14px\">Elektrisk\u0101 pac\u0113l\u0101ja vin\u010da ir apr\u012bkota ar 550 W t\u012bra vara motoru, kam ir augsta efektivit\u0101te un zems trok\u0161\u0146a l\u012bmenis. Turkl\u0101t elektrisk\u0101 vin\u010da var nep\u0101rtraukti darboties ilgu laiku, pateicoties t\u0101s straujajam starojumam.<\/div>\n<\/div>\n<div style=\"margin-top:15px;padding:0px 15px;padding-bottom:0px;padding-top:0px;padding-left:15px;padding-right:15px;display:inline-block;width:33%;box-sizing:border-box\">\n<div><img decoding=\"async\" style=\"width:100%\" width=\"100%\" src=\"https:\/\/d2qc09rl1gfuof.cloudfront.net\/product\/DDHLPA30000000001\/lift-electric-hoist-m100-5.jpg\" slate-data-type=\"image\"\/><\/div>\n<div style=\"font-size:16px;font-weight:bold;line-height:36px\">Dro\u0161\u012bbas dizains<\/div>\n<div style=\"font-size:14px\">Kad sarkanais bloks pieskaras gala sl\u0113dzim, motors autom\u0101tiski apst\u0101jas, lai nov\u0113rstu \u0137\u0113\u017eu p\u0101rslodzi. Turkl\u0101t cinkot\u0101 t\u0113rauda stieple un \u0101\u0137is ar aizb\u012bdni nodro\u0161ina divk\u0101r\u0161u darb\u012bbu.<\/div>\n<\/div>\n<div style=\"margin-top:15px;padding:0px 15px;padding-bottom:0px;padding-top:0px;padding-left:15px;padding-right:15px;display:inline-block;width:33%;box-sizing:border-box\">\n<div><img decoding=\"async\" style=\"width:100%\" width=\"100%\" src=\"https:\/\/d2qc09rl1gfuof.cloudfront.net\/product\/DDHLPA30000000001\/lift-electric-hoist-m100-6.jpg\" slate-data-type=\"image\"\/><\/div>\n<div style=\"font-size:16px;font-weight:bold;line-height:36px\">Viegli uzst\u0101d\u012bt<\/div>\n<div style=\"font-size:14px\">Lai apmierin\u0101tu j\u016bsu vajadz\u012bbas, m\u016bsu elektriskais pac\u0113l\u0101js ir apr\u012bkots ar met\u0101la stiprin\u0101juma gredzenu, ko var viegli uzst\u0101d\u012bt. Atcerieties, ka stie\u0146a platums un augstums nedr\u012bkst p\u0101rsniegt stiprin\u0101juma kron\u0161teinu iek\u0161\u0113jo izm\u0113ru. Gredzena platums: 5 cm; augstums: 4,5 cm.<\/div>\n<\/div>\n<div style=\"margin-top:15px;padding:0px 15px;padding-bottom:0px;padding-top:0px;padding-left:15px;padding-right:15px;display:inline-block;width:33%;box-sizing:border-box\">\n<div><img decoding=\"async\" style=\"width:100%\" width=\"100%\" src=\"https:\/\/d2qc09rl1gfuof.cloudfront.net\/product\/DDHLPA30000000001\/lift-electric-hoist-m100-7.jpg\" slate-data-type=\"image\"\/><\/div>\n<div style=\"font-size:16px;font-weight:bold;line-height:36px\">Pla\u0161a izmanto\u0161ana<\/div>\n<div style=\"font-size:14px\">\u0160is elektriskais pac\u0113l\u0101js ir lieliska izv\u0113le regul\u0101ras vai neregul\u0101ras formas priek\u0161metu, piem\u0113ram, akme\u0146u, koku, z\u0101les p\u013c\u0101v\u0113ju, dzin\u0113ju utt., pacel\u0161anai. T\u0101p\u0113c to pla\u0161i izmanto automa\u0161\u012bnu ra\u017eotn\u0113s, b\u016bvlaukumos, lo\u0123istik\u0101, noliktav\u0101s utt.<\/div>\n<\/div>\n<\/div>\n<\/div>\n<\/div>\n<div style=\"margin-top:15px;display:flex\">\n<div style=\"width:33%\"><img decoding=\"async\" style=\"width:100%\" width=\"100%\" src=\"https:\/\/d2qc09rl1gfuof.cloudfront.net\/product\/DDHLPA30000000001\/lift-electric-hoist-a100-2.jpg\" slate-data-type=\"image\"\/><\/div>\n<div style=\"padding:0px 15px;padding-bottom:0px;padding-top:0px;padding-left:15px;padding-right:15px;width:33%\">\n<div style=\"font-size:16px;font-weight:bold;line-height:36px\">300\u00a0kg<\/div>\n<ul style=\"font-size:14px;border:1px solid rgb(204, 204, 204);margin-top:8px;padding:10px 40px;padding-bottom:10px;padding-top:10px;padding-left:40px;padding-right:40px\">\n<li>\n<p>Modelis: PA300<\/p>\n<\/li>\n<li>\n<p>Materi\u0101ls: alum\u012bnija sakaus\u0113jums un le\u0123\u0113tais t\u0113rauds<\/p>\n<\/li>\n<li>\n<p>Spriegums: 110 V\/60 Hz<\/p>\n<\/li>\n<li>\n<p>Jauda: 550 W<\/p>\n<\/li>\n<li>\n<p>Celtsp\u0113ja: 150 kg, 300 kg<\/p>\n<\/li>\n<li>\n<p>Pacel\u0161anas augstums: 12 m (39,4 p\u0113das), 6 m (19,7 p\u0113das)<\/p>\n<\/li>\n<li>\n<p>Cel\u0161anas \u0101trums: 32,8 p\u0113das\/min \/ 10 m\/min, 16,4 p\u0113das\/min \/ 5 m\/min<\/p>\n<\/li>\n<li>\n<p>T\u0113rauda troses garums: 12 m<\/p>\n<\/li>\n<li>\n<p>Str\u0101vas vada garums: 2,1 p\u0113das \/ 0,65 m<\/p>\n<\/li>\n<li>\n<p>T\u0101lvad\u012bbas pults vada garums: 1,2 m<\/p>\n<\/li>\n<li>\n<p>Gredzena platums: 2 collas \/ 5 cm<\/p>\n<\/li>\n<li>\n<p>Gredzena augstums: 1,8 collas \/ 4,5 cm<\/p>\n<\/li>\n<li>\n<p>Preces izm\u0113rs: 13,5 x 5,5 x 7,8 collas \/ 34,3 x 14 x 19,8 cm<\/p>\n<\/li>\n<li>\n<p>Preces svars: 24,3 m\u0101rci\u0146as \/ 11 kg<\/p>\n<\/li>\n<\/ul>\n<\/div>\n<div style=\"border-left:1px solid rgb(204, 204, 204);padding:0px 15px;padding-bottom:0px;padding-top:0px;padding-left:15px;padding-right:15px;width:33%\">\n<div style=\"width:100%\"><img decoding=\"async\" style=\"width:100%\" width=\"100%\" src=\"https:\/\/d2qc09rl1gfuof.cloudfront.net\/product\/DDHLPA30000000001\/lift-electric-hoist-a100-3.jpg\" slate-data-type=\"image\"\/><\/div>\n<div style=\"font-size:14px;font-weight:bold;line-height:24px\">Iepakojuma saturs<\/div>\n<ul style=\"font-size:14px;background-color:rgb(243, 243, 243);border:1px solid rgb(204, 204, 204);margin-top:8px;padding:10px 40px;padding-bottom:10px;padding-top:10px;padding-left:40px;padding-right:40px\">\n<li>\n<p>1 x Elektriskais pac\u0113l\u0101js<\/p>\n<\/li>\n<li>\n<p>2 x pacel\u0161anas cilpas<\/p>\n<\/li>\n<li>\n<p>1 x p\u0101rvietojams skriemelis<\/p>\n<\/li>\n<li>\n<p>1 x skr\u016bvju maisi\u0146\u0161<\/p>\n<\/li>\n<\/ul>\n<\/div>\n<\/div>\n<div style=\"margin-top:15px;display:flex\">\n<div style=\"width:33%\"><img decoding=\"async\" style=\"width:100%\" width=\"100%\" src=\"https:\/\/d2qc09rl1gfuof.cloudfront.net\/product\/DDHLPA25000000001\/lift-electric-hoist-a100-2.jpg\" slate-data-type=\"image\"\/><\/div>\n<div style=\"padding:0px 15px;padding-bottom:0px;padding-top:0px;padding-left:15px;padding-right:15px;width:33%\">\n<div style=\"font-size:16px;font-weight:bold;line-height:36px\">250\u00a0kg<\/div>\n<ul style=\"font-size:14px;border:1px solid rgb(204, 204, 204);margin-top:8px;padding:10px 40px;padding-bottom:10px;padding-top:10px;padding-left:40px;padding-right:40px\">\n<li>\n<p>Modelis: PA250<\/p>\n<\/li>\n<li>\n<p>Materi\u0101ls: alum\u012bnija sakaus\u0113jums un le\u0123\u0113tais t\u0113rauds<\/p>\n<\/li>\n<li>\n<p>Spriegums: 110 V\/60 Hz<\/p>\n<\/li>\n<li>\n<p>Jauda: 500 W<\/p>\n<\/li>\n<li>\n<p>Celtsp\u0113ja: 125 kg, 250 kg<\/p>\n<\/li>\n<li>\n<p>Pacel\u0161anas augstums: 12 m (39,4 p\u0113das), 6 m (19,7 p\u0113das)<\/p>\n<\/li>\n<li>\n<p>Cel\u0161anas \u0101trums: 32,8 p\u0113das\/min \/ 10 m\/min, 16,4 p\u0113das\/min \/ 5 m\/min<\/p>\n<\/li>\n<li>\n<p>T\u0113rauda troses garums: 12 m<\/p>\n<\/li>\n<li>\n<p>Str\u0101vas vada garums: 2,1 p\u0113das \/ 0,65 m<\/p>\n<\/li>\n<li>\n<p>T\u0101lvad\u012bbas pults vada garums: 1,5 m<\/p>\n<\/li>\n<li>\n<p>Gredzena platums: 2 collas \/ 5 cm<\/p>\n<\/li>\n<li>\n<p>Gredzena augstums: 1,8 collas \/ 4,5 cm<\/p>\n<\/li>\n<li>\n<p>Preces izm\u0113rs: 13,5 x 5,5 x 7,8 collas \/ 34,3 x 14 x 19,8 cm<\/p>\n<\/li>\n<li>\n<p>Preces svars: 24,3 m\u0101rci\u0146as \/ 11 kg<\/p>\n<\/li>\n<\/ul>\n<\/div>\n<div style=\"border-left:1px solid rgb(204, 204, 204);padding:0px 15px;padding-bottom:0px;padding-top:0px;padding-left:15px;padding-right:15px;width:33%\">\n<div style=\"width:100%\"><img decoding=\"async\" style=\"width:100%\" width=\"100%\" src=\"https:\/\/d2qc09rl1gfuof.cloudfront.net\/product\/DDHLPA25000000001\/lift-electric-hoist-a100-3.jpg\" slate-data-type=\"image\"\/><\/div>\n<div style=\"font-size:14px;font-weight:bold;line-height:24px\">Iepakojuma saturs<\/div>\n<ul style=\"font-size:14px;background-color:rgb(243, 243, 243);border:1px solid rgb(204, 204, 204);margin-top:8px;padding:10px 40px;padding-bottom:10px;padding-top:10px;padding-left:40px;padding-right:40px\">\n<li>\n<p>1 x Elektriskais pac\u0113l\u0101js<\/p>\n<\/li>\n<li>\n<p>2 x pacel\u0161anas cilpas<\/p>\n<\/li>\n<li>\n<p>1 x p\u0101rvietojams skriemelis<\/p>\n<\/li>\n<li>\n<p>1 x skr\u016bvju maisi\u0146\u0161<\/p>\n<\/li>\n<\/ul>\n<\/div>\n<\/div>\n<div style=\"margin-top:15px;display:flex\">\n<div style=\"width:33%\"><img decoding=\"async\" style=\"width:100%\" width=\"100%\" src=\"https:\/\/d2qc09rl1gfuof.cloudfront.net\/product\/DDHLPA50000000001\/lift-electric-hoist-a100-2.jpg\" slate-data-type=\"image\"\/><\/div>\n<div style=\"padding:0px 15px;padding-bottom:0px;padding-top:0px;padding-left:15px;padding-right:15px;width:33%\">\n<div style=\"font-size:16px;font-weight:bold;line-height:36px\">500\u00a0kg<\/div>\n<ul style=\"font-size:14px;border:1px solid rgb(204, 204, 204);margin-top:8px;padding:10px 40px;padding-bottom:10px;padding-top:10px;padding-left:40px;padding-right:40px\">\n<li>\n<p>Modelis: PA500<\/p>\n<\/li>\n<li>\n<p>Materi\u0101ls: alum\u012bnija sakaus\u0113jums un le\u0123\u0113tais t\u0113rauds<\/p>\n<\/li>\n<li>\n<p>Spriegums: 110 V\/60 Hz<\/p>\n<\/li>\n<li>\n<p>Jauda: 900 W<\/p>\n<\/li>\n<li>\n<p>Celtsp\u0113ja: 250 kg, 500 kg<\/p>\n<\/li>\n<li>\n<p>Pacel\u0161anas augstums: 12 m (39,4 p\u0113das), 6 m (19,7 p\u0113das)<\/p>\n<\/li>\n<li>\n<p>Cel\u0161anas \u0101trums: 32,8 p\u0113das\/min \/ 10 m\/min, 16,4 p\u0113das\/min \/ 5 m\/min<\/p>\n<\/li>\n<li>\n<p>T\u0113rauda troses garums: 12 m<\/p>\n<\/li>\n<li>\n<p>Str\u0101vas vada garums: 2,1 p\u0113das \/ 0,65 m<\/p>\n<\/li>\n<li>\n<p>T\u0101lvad\u012bbas pults vada garums: 1,3 m<\/p>\n<\/li>\n<li>\n<p>Gredzena platums: 2,2 collas \/ 5,5 cm<\/p>\n<\/li>\n<li>\n<p>Gredzena augstums: 2 collas \/ 5 cm<\/p>\n<\/li>\n<li>\n<p>Preces izm\u0113rs: 15 x 5,7 x 9,1 collas \/ 38 x 14 x 23 cm<\/p>\n<\/li>\n<li>\n<p>Preces svars: 15 kg<\/p>\n<\/li>\n<\/ul>\n<\/div>\n<div style=\"border-left:1px solid rgb(204, 204, 204);padding:0px 15px;padding-bottom:0px;padding-top:0px;padding-left:15px;padding-right:15px;width:33%\">\n<div style=\"width:100%\"><img decoding=\"async\" style=\"width:100%\" width=\"100%\" src=\"https:\/\/d2qc09rl1gfuof.cloudfront.net\/product\/DDHLPA50000000001\/lift-electric-hoist-a100-3.jpg\" slate-data-type=\"image\"\/><\/div>\n<div style=\"font-size:14px;font-weight:bold;line-height:24px\">Iepakojuma saturs<\/div>\n<ul style=\"font-size:14px;background-color:rgb(243, 243, 243);border:1px solid rgb(204, 204, 204);margin-top:8px;padding:10px 40px;padding-bottom:10px;padding-top:10px;padding-left:40px;padding-right:40px\">\n<li>\n<p>1 x Elektriskais pac\u0113l\u0101js<\/p>\n<\/li>\n<li>\n<p>2 x pacel\u0161anas cilpas<\/p>\n<\/li>\n<li>\n<p>1 x p\u0101rvietojams skriemelis<\/p>\n<\/li>\n<li>\n<p>1 x skr\u016bvju maisi\u0146\u0161<\/p>\n<\/li>\n<\/ul>\n<\/div>\n<\/div>\n<div>\n<div style=\"font-size:16px;font-weight:bold;line-height:36px\">Funkcijas un inform\u0101cija<\/div>\n<ul style=\"font-size:14px;padding-left:40px\">\n<li>\n<p>660 m\u0101rci\u0146u celtsp\u0113ja: Elektriskais pac\u0113l\u0101js viegli pace\u013c mazus dzin\u0113jus, transmisijas vai celtniec\u012bbas materi\u0101lus. Tas atbalsta divus cel\u0161anas re\u017e\u012bmus ar dro\u0161\u012bbas aizb\u012bd\u0146a t\u0113rauda \u0101\u0137i. Vienas troses celtsp\u0113ja un \u0101trums ir 330 m\u0101rci\u0146as\/150 kg, 32,8 p\u0113das\/min (10 m\/min). Divk\u0101r\u0161\u0101s troses celtsp\u0113ja un \u0101trums ir 660 m\u0101rci\u0146as\/300 kg, 16,4 p\u0113das\/min (5 m\/min).<\/p>\n<\/li>\n<li>\n<p>550 W jaud\u012bgs motors: Augstas kvalit\u0101tes vara motors nodro\u0161ina 550 W jaudu, kas \u0161ai elektriskajai vin\u010dai var iztur\u0113t lielu sp\u0113ku bez deform\u0101cijas. Turkl\u0101t lielais radiatora ventilators \u0101tri atdzes\u0113 ma\u0161\u012bnu, izmantojot p\u0101rkar\u0161anas aizsardz\u012bbu. T\u0101d\u0113j\u0101di \u0161is jaud\u012bgais motors nodro\u0161ina augstu darba efektivit\u0101ti un ietaupa vair\u0101k ener\u0123ijas.<\/p>\n<\/li>\n<li>\n<p>1,2 m vad\u012bbas vads: m\u016bsu elektriskais pac\u0113l\u0101js ar t\u0101lvad\u012bbas pulti tiek vad\u012bts, izmantojot roktura sl\u0113dzi, kas ir uzst\u0101d\u012bts uz ma\u0161\u012bnas, lai to var\u0113tu darbin\u0101t dro\u0161\u0101 att\u0101lum\u0101. Turkl\u0101t m\u016bsu pac\u0113l\u0101js ir apr\u012bkots ar ierobe\u017eojuma sl\u0113dzi un bufera atsperi, lai autom\u0101tiski aptur\u0113tu ma\u0161\u012bnu un nov\u0113rstu t\u0101s nokar\u0101\u0161anos.<\/p>\n<\/li>\n<li>\n<p>Augst\u0101k\u0101s kvalit\u0101tes konstrukcija: \u0160\u012b elektrisk\u0101 pac\u0113l\u0101ja vin\u010da ir izgatavota no sakaus\u0113juma korpusa un cinkota t\u0113rauda stieples, kas pasarg\u0101 no korozijas, r\u016bsas un lietus. T\u0113rauda troses garums: 12 m; diametrs: 3 mm. Turkl\u0101t met\u0101la stiprin\u0101juma gredzens ir regul\u0113jams atbilsto\u0161i j\u016bsu da\u017e\u0101daj\u0101m vajadz\u012bb\u0101m un to var viegli uzst\u0101d\u012bt.<\/p>\n<\/li>\n<li>\n<p>Pla\u0161s pielietojums: Elektriskais pac\u0113l\u0101js ir piem\u0113rots r\u016bpn\u012bc\u0101m, noliktav\u0101m, b\u016bvlaukumiem, automa\u0161\u012bnu ra\u017eot\u0101jiem, dzelzce\u013ca b\u016bv\u0113m utt. Tas ir ide\u0101ls instruments darbam skarbos iek\u0161telpu vai \u0101ra apst\u0101k\u013cos. L\u016bdzu, izmantojiet to stie\u0146a platum\u0101 un augstum\u0101, lai tas b\u016btu sader\u012bgs ar mont\u0101\u017eas kron\u0161teinu iek\u0161\u0113jiem izm\u0113riem.<\/p>\n<\/li>\n<\/ul>\n<\/div>\n<\/div>\n<div><\/div>\n<\/div>\n<\/div>\n<div class=\"detailmodule_dynamic\"><kse:widget data-widget-type=\"customText\" id=\"1005000000397265\" type=\"custom\"><\/kse:widget><\/div>\n<p><\/p>","protected":false},"excerpt":{"rendered":"<p>Hign-concerned Chemical:&nbsp;None Origin:&nbsp;Mainland China Brand Name:&nbsp;VEVOR Product Description 660LBS Lift Electric Hoist 550W Copper Motor &amp; Anti-Rotate Steel Wire &amp; High Security This lift electric hoist is designed for lifting<\/p>","protected":false},"featured_media":25285,"comment_status":"open","ping_status":"closed","template":"","meta":{"_acf_changed":false},"product_brand":[],"product_cat":[517],"product_tag":[],"class_list":{"0":"post-25283","1":"product","2":"type-product","3":"status-publish","4":"has-post-thumbnail","6":"product_cat-electric-lifting-hoists","8":"first","9":"instock","10":"shipping-taxable","11":"purchasable","12":"product-type-variable"},"acf":[],"_links":{"self":[{"href":"https:\/\/electricstore.eu\/lv\/wp-json\/wp\/v2\/product\/25283","targetHints":{"allow":["GET"]}}],"collection":[{"href":"https:\/\/electricstore.eu\/lv\/wp-json\/wp\/v2\/product"}],"about":[{"href":"https:\/\/electricstore.eu\/lv\/wp-json\/wp\/v2\/types\/product"}],"replies":[{"embeddable":true,"href":"https:\/\/electricstore.eu\/lv\/wp-json\/wp\/v2\/comments?post=25283"}],"wp:featuredmedia":[{"embeddable":true,"href":"https:\/\/electricstore.eu\/lv\/wp-json\/wp\/v2\/media\/25285"}],"wp:attachment":[{"href":"https:\/\/electricstore.eu\/lv\/wp-json\/wp\/v2\/media?parent=25283"}],"wp:term":[{"taxonomy":"product_brand","embeddable":true,"href":"https:\/\/electricstore.eu\/lv\/wp-json\/wp\/v2\/product_brand?post=25283"},{"taxonomy":"product_cat","embeddable":true,"href":"https:\/\/electricstore.eu\/lv\/wp-json\/wp\/v2\/product_cat?post=25283"},{"taxonomy":"product_tag","embeddable":true,"href":"https:\/\/electricstore.eu\/lv\/wp-json\/wp\/v2\/product_tag?post=25283"}],"curies":[{"name":"wp","href":"https:\/\/api.w.org\/{rel}","templated":true}]}}