{"id":25236,"date":"2025-05-20T18:58:08","date_gmt":"2025-05-20T18:58:08","guid":{"rendered":"https:\/\/electricstore.eu\/p\/uncategorized\/vevor-hand-winch-boat-trailer-winch-heavy-duty-rope-crank-polyester-strap-and-two-way-ratchet-manual-operated-hand-crank-winch\/"},"modified":"2025-05-20T18:58:37","modified_gmt":"2025-05-20T18:58:37","slug":"vevor-hand-winch-boat-trailer-winch-heavy-duty-rope-crank-polyester-strap-and-two-way-ratchet-manual-operated-hand-crank-winch","status":"publish","type":"product","link":"https:\/\/electricstore.eu\/lv\/p\/o\/electric-winches\/vevor-hand-winch-boat-trailer-winch-heavy-duty-rope-crank-polyester-strap-and-two-way-ratchet-manual-operated-hand-crank-winch\/","title":{"rendered":"VEVOR rokas vin\u010das laivas piekabes vin\u010da, iztur\u012bga pret virvi, klo\u0137v\u0101rpsta, poliestera siksna un divvirzienu spr\u016bdrata meh\u0101nisms, manu\u0101li darbin\u0101ma rokas klo\u0137v\u0101rpstas vin\u010da"},"content":{"rendered":"<div class=\"product-specs-list-container\">\n<ul class=\"product-specs-list util-clearfix\">\n<li class=\"product-prop line-limit-length\"><span\n                                        class=\"property-title\">Augstas ba\u017eas izraiso\u0161a \u0137\u012bmiska viela:&nbsp;<\/span><span\n                                        class=\"property-desc line-limit-length\">Neviens<\/span>\n                            <\/li>\n<li class=\"product-prop line-limit-length\"><span\n                                        class=\"property-title\">Izcelsme:&nbsp;<\/span><span\n                                        class=\"property-desc line-limit-length\">Kontinent\u0101l\u0101 \u0136\u012bna<\/span>\n                            <\/li>\n<li class=\"product-prop line-limit-length\"><span\n                                        class=\"property-title\">Z\u012bmola nosaukums:&nbsp;<\/span><span\n                                        class=\"property-desc line-limit-length\">VEVOR<\/span>\n                            <\/li>\n<li class=\"product-prop line-limit-length\"><span\n                                        class=\"property-title\">Preces mode\u013ca numurs:&nbsp;<\/span><span\n                                        class=\"property-desc line-limit-length\">KW3500<\/span>\n                            <\/li>\n<li class=\"product-prop line-limit-length\"><span\n                                        class=\"property-title\">Maksim\u0101l\u0101 vilk\u0161anas jauda:&nbsp;<\/span><span\n                                        class=\"property-desc line-limit-length\">3500 m\u0101rci\u0146as\/2000 m\u0101rci\u0146as\/1600 m\u0101rci\u0146as\/1200 m\u0101rci\u0146as<\/span>\n                            <\/li>\n<li class=\"product-prop line-limit-length\"><span\n                                        class=\"property-title\">Produkta svars:&nbsp;<\/span><span\n                                        class=\"property-desc line-limit-length\">11,35 m\u0101rci\u0146as\/7,6 m\u0101rci\u0146as\/8,59 m\u0101rci\u0146as\/6,28 m\u0101rci\u0146as<\/span>\n                            <\/li>\n<li class=\"product-prop line-limit-length\"><span\n                                        class=\"property-title\">3500 m\u0101rci\u0146u produkta izm\u0113rs:&nbsp;<\/span><span\n                                        class=\"property-desc line-limit-length\">10,23 x 6,29 x 7,08 collas\/260 x 160 x 180 mm<\/span>\n                            <\/li>\n<li class=\"product-prop line-limit-length\"><span\n                                        class=\"property-title\">2000 m\u0101rci\u0146u produkta izm\u0113rs:&nbsp;<\/span><span\n                                        class=\"property-desc line-limit-length\">8,18 x 4,13 x 5,94 collas\/208 x 105 x 151 mm<\/span>\n                            <\/li>\n<li class=\"product-prop line-limit-length\"><span\n                                        class=\"property-title\">1600 m\u0101rci\u0146u produkta izm\u0113rs:&nbsp;<\/span><span\n                                        class=\"property-desc line-limit-length\">8,81 x 5,94 x 6,96 collas\/224 x 151 x 177 mm<\/span>\n                            <\/li>\n<li class=\"product-prop line-limit-length\"><span\n                                        class=\"property-title\">1200 m\u0101rci\u0146u produkta izm\u0113rs:&nbsp;<\/span><span\n                                        class=\"property-desc line-limit-length\">8,18 x 5,43 x 5,86 collas\/208 x 138 x 149 mm<\/span>\n                            <\/li>\n<\/ul><\/div>\n<div class=\"detailmodule_dynamic\"><kse:widget data-widget-type=\"customText\" id=\"1005000000790434\" type=\"relation\"><\/kse:widget><\/div>\n<div class=\"detailmodule_html\">\n<div class=\"detail-desc-decorate-richtext\">\n<div style=\"font-family:&quot;Open sans&quot;, Arial, Helvetica, sans-serif\">\n<div><img decoding=\"async\" style=\"width:100%\" width=\"100%\" src=\"https:\/\/d2qc09rl1gfuof.cloudfront.net\/vevor\/boutique-banner\/pc\/banner-en.jpg\" slate-data-type=\"image\"\/><\/div>\n<div>\n<div style=\"font-size:16px;font-weight:bold;text-align:center;color:rgb(34, 34, 34);margin:24px 0px;margin-bottom:24px;margin-top:24px;margin-left:0px;margin-right:0px\" align=\"center\">VEVOR rokas vin\u010da \u2013 viss par vilk\u0161anas sp\u0113ku un vieglumu<\/div>\n<div><img decoding=\"async\" style=\"width:100%\" width=\"100%\" src=\"https:\/\/d2qc09rl1gfuof.cloudfront.net\/product\/CYSDJP3500BDRD94X\/hand-winch-a100-1.4.jpg\" slate-data-type=\"image\"\/><\/div>\n<div style=\"font-size:14px;text-align:center;color:rgb(34, 34, 34);margin:16px 0px 24px;margin-bottom:24px;margin-top:16px;margin-left:0px;margin-right:0px\" align=\"center\">J\u016bsu jaunais pal\u012bgs sare\u017e\u0123\u012btiem vilk\u0161anas darbiem \u2013 m\u016bsu rokas vin\u010da. Ar 3500 m\u0101rci\u0146u celtsp\u0113ju, 33 p\u0113du siksnu, 4:1\/8:1 divu \u0101trumu divvirzienu spr\u016bdrata meh\u0101nismu un 10 collu viegli satveramu rokturi t\u0101 ir gatava k\u013c\u016bt par j\u016bsu sa\u0137eres profesion\u0101li kust\u012bb\u0101.<\/div>\n<div style=\"font-size:14px;text-align:center;color:rgb(34, 34, 34);margin:16px 0px 24px;margin-bottom:24px;margin-top:16px;margin-left:0px;margin-right:0px\" align=\"center\"><img decoding=\"async\" src=\"https:\/\/d2qc09rl1gfuof.cloudfront.net\/product\/CYSDJP2000BDI2OUW\/hand-winch-a100-1.4.jpg\" slate-data-type=\"image\"\/><\/div>\n<div style=\"font-size:14px;text-align:center;color:rgb(34, 34, 34);margin:16px 0px 24px;margin-bottom:24px;margin-top:16px;margin-left:0px;margin-right:0px\" align=\"center\"><span style=\"background-color:rgb(255, 255, 255);color:rgb(13, 17, 17);font-family:&quot;Roboto Condensed&quot;\">J\u016bsu jaunais pal\u012bgs sare\u017e\u0123\u012btiem vilk\u0161anas darbiem \u2013 m\u016bsu rokas vin\u010da. Ar 900 kg celtsp\u0113ju, 7,8 m garu siksnu, 4:1 viena \u0101truma divvirzienu spr\u016bdrata meh\u0101nismu un 20 cm viegli satveramu rokturi t\u0101 ir gatava k\u013c\u016bt par j\u016bsu sa\u0137eres profesion\u0101li jebkur\u0101 viet\u0101.<\/span><\/div>\n<div style=\"font-size:14px;text-align:center;color:rgb(34, 34, 34);margin:16px 0px 24px;margin-bottom:24px;margin-top:16px;margin-left:0px;margin-right:0px\" align=\"center\"><img decoding=\"async\" src=\"https:\/\/d2qc09rl1gfuof.cloudfront.net\/product\/CYSDJP1600BDKMHDE\/hand-winch-a100-1.4.jpg\" slate-data-type=\"image\"\/><\/div>\n<div style=\"font-size:14px;text-align:center;color:rgb(34, 34, 34);margin:16px 0px 24px;margin-bottom:24px;margin-top:16px;margin-left:0px;margin-right:0px\" align=\"center\"><span style=\"background-color:rgb(255, 255, 255);color:rgb(13, 17, 17);font-family:&quot;Roboto Condensed&quot;\">J\u016bsu jaunais pal\u012bgs sare\u017e\u0123\u012btiem vilk\u0161anas darbiem \u2013 m\u016bsu rokas vin\u010da. Ar 727 kg celtsp\u0113ju, 10 metru garu siksnu, 4:1 viena \u0101truma divvirzienu spr\u016bdrata meh\u0101nismu un 20 cm viegli satveramu rokturi t\u0101 ir gatava k\u013c\u016bt par j\u016bsu sa\u0137eres profesion\u0101li jebkur\u0101 viet\u0101.<\/span><\/div>\n<div style=\"font-size:14px;text-align:center;color:rgb(34, 34, 34);margin:16px 0px 24px;margin-bottom:24px;margin-top:16px;margin-left:0px;margin-right:0px\" align=\"center\"><img decoding=\"async\" src=\"https:\/\/d2qc09rl1gfuof.cloudfront.net\/product\/CYSDJP1200BDE18BE\/hand-winch-a100-1.4.jpg\" slate-data-type=\"image\"\/><\/div>\n<div style=\"font-size:14px;text-align:center;color:rgb(34, 34, 34);margin:16px 0px 24px;margin-bottom:24px;margin-top:16px;margin-left:0px;margin-right:0px\" align=\"center\"><span style=\"background-color:rgb(255, 255, 255);color:rgb(13, 17, 17);font-family:&quot;Roboto Condensed&quot;\">J\u016bsu jaunais pal\u012bgs sare\u017e\u0123\u012btiem vilk\u0161anas darbiem \u2013 m\u016bsu rokas vin\u010da. Ar 1200 m\u0101rci\u0146u celtsp\u0113ju, 23 p\u0113du siksnu, 4:1 viena \u0101truma divvirzienu spr\u016bdrata meh\u0101nismu un 8 collu viegli satveramu rokturi t\u0101 ir gatava k\u013c\u016bt par j\u016bsu sa\u0137eres profesion\u0101li kust\u012bb\u0101.<\/span><\/div>\n<\/div>\n<div>\n<div>\u00a0<\/div>\n<div style=\"margin:8px 0px;margin-bottom:8px;margin-top:8px;margin-left:0px;margin-right:0px\"><img decoding=\"async\" style=\"width:100%\" width=\"100%\" src=\"https:\/\/d2qc09rl1gfuof.cloudfront.net\/product\/CYSDJP3500BDRD94X\/hand-winch-a100-2.2.jpg\" slate-data-type=\"image\"\/><\/div>\n<div style=\"font-size:14px;text-align:center;color:rgb(34, 34, 34);margin:16px 0px 24px;margin-bottom:24px;margin-top:16px;margin-left:0px;margin-right:0px\" align=\"center\">Vai esat iestr\u0113dzis transportl\u012bdzeklis vai laiva, kas nekur nekustas? M\u016bsu laivas vin\u010da ir \u0161eit, lai gl\u0101btu situ\u0101ciju! T\u0101 ir izstr\u0101d\u0101ta, lai viegli tiktu gal\u0101 ar vissare\u017e\u0123\u012bt\u0101kajiem vilk\u0161anas uzdevumiem, pied\u0101v\u0101jot 3500 m\u0101rci\u0146u vilk\u0161anas jaudu visiem j\u016bsu ikdienas izaicin\u0101jumiem.<\/div>\n<div style=\"font-size:14px;text-align:center;color:rgb(34, 34, 34);margin:16px 0px 24px;margin-bottom:24px;margin-top:16px;margin-left:0px;margin-right:0px\" align=\"center\"><img decoding=\"async\" src=\"https:\/\/d2qc09rl1gfuof.cloudfront.net\/product\/CYSDJP2000BDI2OUW\/hand-winch-a100-2.2.jpg\" slate-data-type=\"image\"\/><\/div>\n<div style=\"font-size:14px;text-align:center;color:rgb(34, 34, 34);margin:16px 0px 24px;margin-bottom:24px;margin-top:16px;margin-left:0px;margin-right:0px\" align=\"center\"><span style=\"background-color:rgb(255, 255, 255);color:rgb(13, 17, 17);font-family:&quot;Roboto Condensed&quot;\">Vai esat iestr\u0113dzis transportl\u012bdzeklis vai laiva, kas nekur nekustas? M\u016bsu laivas vin\u010da ir \u0161eit, lai gl\u0101btu situ\u0101ciju! T\u0101 ir izstr\u0101d\u0101ta, lai viegli tiktu gal\u0101 ar vissare\u017e\u0123\u012bt\u0101kajiem vilk\u0161anas uzdevumiem, pied\u0101v\u0101jot 2000 m\u0101rci\u0146u vilk\u0161anas jaudu visiem j\u016bsu ikdienas izaicin\u0101jumiem.<\/span><\/div>\n<div style=\"font-size:14px;text-align:center;color:rgb(34, 34, 34);margin:16px 0px 24px;margin-bottom:24px;margin-top:16px;margin-left:0px;margin-right:0px\" align=\"center\"><img decoding=\"async\" src=\"https:\/\/d2qc09rl1gfuof.cloudfront.net\/product\/CYSDJP1600BDKMHDE\/hand-winch-a100-2.2.jpg\" slate-data-type=\"image\"\/><\/div>\n<div style=\"font-size:14px;text-align:center;color:rgb(34, 34, 34);margin:16px 0px 24px;margin-bottom:24px;margin-top:16px;margin-left:0px;margin-right:0px\" align=\"center\"><span style=\"background-color:rgb(255, 255, 255);color:rgb(13, 17, 17);font-family:&quot;Roboto Condensed&quot;\">Vai esat iestr\u0113dzis transportl\u012bdzeklis vai laiva, kas nekur nekustas? M\u016bsu laivas vin\u010da ir \u0161eit, lai gl\u0101btu situ\u0101ciju! T\u0101 ir izstr\u0101d\u0101ta, lai viegli tiktu gal\u0101 ar vissare\u017e\u0123\u012bt\u0101kajiem vilk\u0161anas uzdevumiem, pied\u0101v\u0101jot 1600 m\u0101rci\u0146u vilk\u0161anas jaudu visiem j\u016bsu ikdienas izaicin\u0101jumiem.<\/span><\/div>\n<div style=\"font-size:14px;text-align:center;color:rgb(34, 34, 34);margin:16px 0px 24px;margin-bottom:24px;margin-top:16px;margin-left:0px;margin-right:0px\" align=\"center\"><img decoding=\"async\" src=\"https:\/\/d2qc09rl1gfuof.cloudfront.net\/product\/CYSDJP1200BDE18BE\/hand-winch-a100-2.2.jpg\" slate-data-type=\"image\"\/><\/div>\n<div style=\"font-size:14px;text-align:center;color:rgb(34, 34, 34);margin:16px 0px 24px;margin-bottom:24px;margin-top:16px;margin-left:0px;margin-right:0px\" align=\"center\"><span style=\"background-color:rgb(255, 255, 255);color:rgb(13, 17, 17);font-family:&quot;Roboto Condensed&quot;\">Vai esat iestr\u0113dzis transportl\u012bdzeklis vai laiva, kas nekur nekustas? M\u016bsu laivas vin\u010da ir \u0161eit, lai gl\u0101btu situ\u0101ciju! T\u0101 ir izstr\u0101d\u0101ta, lai viegli tiktu gal\u0101 ar vissare\u017e\u0123\u012bt\u0101kajiem vilk\u0161anas uzdevumiem, pied\u0101v\u0101jot 1200 m\u0101rci\u0146u vilk\u0161anas jaudu visiem j\u016bsu ikdienas izaicin\u0101jumiem.<\/span><\/div>\n<\/div>\n<div>\n<div>\u00a0<\/div>\n<div style=\"margin:8px 0px;margin-bottom:8px;margin-top:8px;margin-left:0px;margin-right:0px\"><img decoding=\"async\" style=\"width:100%\" width=\"100%\" src=\"https:\/\/d2qc09rl1gfuof.cloudfront.net\/product\/CYSDJP3500BDRD94X\/hand-winch-a100-2.3.jpg\" slate-data-type=\"image\"\/><\/div>\n<div style=\"font-size:14px;text-align:center;color:rgb(34, 34, 34);margin:16px 0px 24px;margin-bottom:24px;margin-top:16px;margin-left:0px;margin-right:0px\" align=\"center\">Aizmirstiet par zobratiem, kas padodas pie pirmaj\u0101m laikapst\u0101k\u013cu paz\u012bm\u0113m. M\u016bsu laivu virvju klo\u0137v\u0101rpstas zobrati ir termiski apstr\u0101d\u0101ti, lai iztur\u0113tu jebko \u2013 vai t\u0101 b\u016btu sniega v\u0113tra vai saulaina diena. \u0160ie zobrati ir iztur\u012bgi pret r\u016bsu un darbojas vienm\u0113r\u012bgi, un to pamat\u0101 ir uzticam\u012bba.<\/div>\n<\/div>\n<div>\n<div>\u00a0<\/div>\n<div style=\"margin:8px 0px;margin-bottom:8px;margin-top:8px;margin-left:0px;margin-right:0px\"><img decoding=\"async\" style=\"width:100%\" width=\"100%\" src=\"https:\/\/d2qc09rl1gfuof.cloudfront.net\/product\/CYSDJP3500BDRD94X\/hand-winch-a100-2.4.jpg\" slate-data-type=\"image\"\/><\/div>\n<div style=\"font-size:14px;text-align:center;color:rgb(34, 34, 34);margin:16px 0px 24px;margin-bottom:24px;margin-top:16px;margin-left:0px;margin-right:0px\" align=\"center\">M\u016bsu rokas klo\u0137a vin\u010dai ir iztur\u012bgs, viengabalains kalts \u0101\u0137is, kas ir pietiekami iztur\u012bgs vissmag\u0101kaj\u0101m krav\u0101m. T\u0101s platais atv\u0113rums ir gatavs pat visresn\u0101kaj\u0101m virv\u0113m vai piekabes \u0101\u0137iem, un ar pa\u0161blo\u0137\u0113jo\u0161u dro\u0161\u012bbas aizb\u012bdni j\u016bsu krava paliek dro\u0161a.<\/div>\n<\/div>\n<div>\n<div>\u00a0<\/div>\n<div style=\"margin:8px 0px;margin-bottom:8px;margin-top:8px;margin-left:0px;margin-right:0px\"><img decoding=\"async\" style=\"width:100%\" width=\"100%\" src=\"https:\/\/d2qc09rl1gfuof.cloudfront.net\/product\/CYSDJP3500BDRD94X\/hand-winch-a100-2.5.jpg\" slate-data-type=\"image\"\/><\/div>\n<div style=\"font-size:14px;text-align:center;color:rgb(34, 34, 34);margin:16px 0px 24px;margin-bottom:24px;margin-top:16px;margin-left:0px;margin-right:0px\" align=\"center\">Lai uzst\u0101d\u012btu \u0161o iztur\u012bgo rokas vin\u010du, nav j\u0101b\u016bt instrumentu gudriniekam. Vienk\u0101r\u0161i uzst\u0101diet to, iestatiet rokturi, noregul\u0113jiet spr\u016bdrata meh\u0101nismu, un viss ir gatavs. \u0100tri, vienk\u0101r\u0161i un bez probl\u0113m\u0101m \u2013 tik vienk\u0101r\u0161i.<\/div>\n<\/div>\n<div style=\"margin:16px 0px 24px;margin-bottom:24px;margin-top:16px;margin-left:0px;margin-right:0px\"><\/div>\n<div style=\"margin:24px 0px;margin-bottom:24px;margin-top:24px;margin-left:0px;margin-right:0px\">\n<div style=\"font-size:16px;font-weight:bold;color:rgb(34, 34, 34);margin:24px 0px 16px;margin-bottom:16px;margin-top:24px;margin-left:0px;margin-right:0px\">Funkcijas un inform\u0101cija<\/div>\n<ul style=\"margin:16px 0px 24px;margin-bottom:24px;margin-top:16px;margin-left:0px;margin-right:0px\">\n<li style=\"font-size:14px;color:rgb(34, 34, 34)\">\n<p>Iztur\u012bga siksna, iztur\u012bg\u0101ka veiktsp\u0113ja: M\u016bsu rokas vin\u010da ir apr\u012bkota ar 33 p\u0113du garu, augstas iztur\u012bbas poliestera siksnu ar vilk\u0161anas sp\u0113ku l\u012bdz 3500 m\u0101rci\u0146\u0101m. Aizmirstiet par trauslaj\u0101m, p\u0101rtr\u016bksto\u0161aj\u0101m virv\u0113m. \u0160\u012b vin\u010da ir paredz\u0113ta t\u0101lsatiksmes braucieniem, gatava tikt gal\u0101 pat ar vissmag\u0101kajiem transportl\u012bdzek\u013ciem un laiv\u0101m.<\/p>\n<\/li>\n<li style=\"font-size:14px;color:rgb(34, 34, 34)\">\n<p>Divvirzienu spr\u016bdrats: \u0160is laivas virves klo\u0137v\u0101rpstas meh\u0101nisms ir apr\u012bkots ar augst\u0101k\u0101s klases oglek\u013ca t\u0113rauda divvirzienu spr\u016bdratu. Ar 4:1\/8:1 divk\u0101r\u0161o \u0101trumu roktura poz\u012bcijas regul\u0113\u0161anai viss ir atkar\u012bgs no kontroles \u2014 uztiniet, iztiniet, j\u016bsu izv\u0113le. Pateicoties augstas temperat\u016bras saciet\u0113\u0161anas procesam, \u0161ie zobrati ir iztur\u012bgi un gatavi iztur\u0113t \u0101ra dz\u012bves gr\u016bt\u012bbas.<\/p>\n<\/li>\n<li style=\"font-size:14px;color:rgb(34, 34, 34)\">\n<p>Kalts \u0101\u0137is: Svar\u012bgs nav tikai laivas vin\u010das siksnas \u0101\u0137is. Svar\u012bgs ir ar\u012b \u0101\u0137is. M\u0113s run\u0101jam par 26 mm platu atveri, kas ir kalta iztur\u012bbai un gatava uz\u0146emt smagas slodzes bez sviedriem. T\u0101 pretkorozijas un plais\u0101\u0161anas iztur\u012bba noz\u012bm\u0113, ka tas saglab\u0101 savu formu p\u0113c lieto\u0161anas. Turkl\u0101t dro\u0161\u012bbas aizb\u012bdnis nodro\u0161ina j\u016bsu sirdsmieru.<\/p>\n<\/li>\n<li style=\"font-size:14px;color:rgb(34, 34, 34)\">\n<p>\u0112rta vad\u0101m\u012bba: M\u016bsu rokas klo\u0137a vin\u010da lepojas ar ergonomisku rokturi, kura garums ir ide\u0101li piem\u0113rots 10 coll\u0101m. \u0160eit vissvar\u012bg\u0101kais ir satv\u0113riens un komforts, kas apvienots ar iztur\u012bgu cinkotu r\u0101mi. \u0100tri uzst\u0101d\u0101ma un v\u0113l \u0101tr\u0101k lietojama \u2014 \u0161\u012b maz\u0101 sp\u0113ka iek\u0101rta atvieglo smago transportl\u012bdzek\u013cu un laivu vilk\u0161anu.<\/p>\n<\/li>\n<li style=\"font-size:14px;color:rgb(34, 34, 34)\">\n<p>Gatavs jebkam, jebkur: Vienk\u0101r\u0161i uzst\u0101d\u0101ms, viegli lietojams \u2014 m\u016bsu iztur\u012bg\u0101 rokas vin\u010da ir j\u016bsu lab\u0101k\u0101 izv\u0113le horizont\u0101lai vilk\u0161anai, lai kur j\u016bs atrastos. Iek\u0161telp\u0101s, \u0101r\u0101, uz \u016bdens vai sauszemes \u2014 \u0146emiet to l\u012bdzi uz motorlaiv\u0101m, piekab\u0113m vai visurg\u0101j\u0113jiem un v\u0113rojiet, k\u0101 t\u0101 darbojas.<\/p>\n<\/li>\n<li style=\"font-size:14px;color:rgb(34, 34, 34)\">\n<p><span style=\"color:rgb(0, 0, 0);font-size:medium\"><strong><span style=\"font-size:24px\"><span style=\"color:rgb(186, 55, 42)\">3500 m\u0101rci\u0146as<\/span><\/span><\/strong><\/span><span style=\"color:rgb(0, 0, 0);font-size:medium\"><strong><span style=\"font-size:24px\">\u00a0Specifik\u0101cijas<\/span><\/strong><\/span><\/p>\n<\/li>\n<\/ul>\n<\/div>\n<div>\n<div>\u00a0<\/div>\n<div>\n<div>\u00a0<\/div>\n<div style=\"margin:16px 0px 24px;margin-bottom:24px;margin-top:16px;margin-left:0px;margin-right:0px\"><img decoding=\"async\" style=\"width:100%\" width=\"100%\" src=\"https:\/\/d2qc09rl1gfuof.cloudfront.net\/product\/CYSDJP3500BDRD94X\/hand-winch-a100-1.11.jpg\" slate-data-type=\"image\"\/><\/div>\n<div style=\"margin:16px 0px 24px;margin-bottom:24px;margin-top:16px;margin-left:0px;margin-right:0px\">\n<ul style=\"margin:16px 0px 24px;margin-bottom:24px;margin-top:16px;margin-left:0px;margin-right:0px\">\n<li style=\"font-size:14px;color:rgb(34, 34, 34)\">\n<p><span style=\"color:rgb(0, 0, 0);font-size:medium\"><strong><span style=\"font-size:24px\"><span style=\"color:rgb(186, 55, 42)\">2000 m\u0101rci\u0146as<\/span><\/span><\/strong><\/span><span style=\"color:rgb(0, 0, 0);font-size:medium\"><strong><span style=\"font-size:24px\"> Specifik\u0101cijas<\/span><\/strong><\/span><\/p>\n<\/li>\n<\/ul>\n<\/div>\n<\/div>\n<\/div>\n<div>\n<div>\u00a0<\/div>\n<div>\n<div>\u00a0<\/div>\n<div style=\"margin:16px 0px 24px;margin-bottom:24px;margin-top:16px;margin-left:0px;margin-right:0px\"><img decoding=\"async\" style=\"width:100%\" width=\"100%\" src=\"https:\/\/d2qc09rl1gfuof.cloudfront.net\/product\/CYSDJP2000BDI2OUW\/hand-winch-a100-1.11.jpg\" slate-data-type=\"image\"\/><\/div>\n<div style=\"margin:16px 0px 24px;margin-bottom:24px;margin-top:16px;margin-left:0px;margin-right:0px\">\n<ul style=\"margin:16px 0px 24px;margin-bottom:24px;margin-top:16px;margin-left:0px;margin-right:0px\">\n<li style=\"font-size:14px;color:rgb(34, 34, 34)\">\n<p><span style=\"color:rgb(0, 0, 0);font-size:medium\"><strong><span style=\"font-size:24px\"><span style=\"color:rgb(186, 55, 42)\">1600 m\u0101rci\u0146as<\/span><\/span><\/strong><\/span><span style=\"color:rgb(0, 0, 0);font-size:medium\"><strong><span style=\"font-size:24px\"> Specifik\u0101cijas<\/span><\/strong><\/span><\/p>\n<\/li>\n<\/ul>\n<\/div>\n<\/div>\n<\/div>\n<div>\n<div>\u00a0<\/div>\n<div>\n<div>\u00a0<\/div>\n<div style=\"margin:16px 0px 24px;margin-bottom:24px;margin-top:16px;margin-left:0px;margin-right:0px\"><img decoding=\"async\" style=\"width:100%\" width=\"100%\" src=\"https:\/\/d2qc09rl1gfuof.cloudfront.net\/product\/CYSDJP1600BDKMHDE\/hand-winch-a100-1.11.jpg\" slate-data-type=\"image\"\/><\/div>\n<div style=\"margin:16px 0px 24px;margin-bottom:24px;margin-top:16px;margin-left:0px;margin-right:0px\">\n<ul style=\"margin:16px 0px 24px;margin-bottom:24px;margin-top:16px;margin-left:0px;margin-right:0px\">\n<li style=\"font-size:14px;color:rgb(34, 34, 34)\">\n<p><span style=\"color:rgb(0, 0, 0);font-size:medium\"><strong><span style=\"font-size:24px\"><span style=\"color:rgb(186, 55, 42)\">1200 m\u0101rci\u0146as<\/span><\/span><\/strong><\/span><span style=\"color:rgb(0, 0, 0);font-size:medium\"><strong><span style=\"font-size:24px\"> Specifik\u0101cijas<\/span><\/strong><\/span><\/p>\n<\/li>\n<\/ul>\n<\/div>\n<\/div>\n<\/div>\n<div>\n<div>\u00a0<\/div>\n<div>\n<div>\u00a0<\/div>\n<div style=\"margin:16px 0px 24px;margin-bottom:24px;margin-top:16px;margin-left:0px;margin-right:0px\"><img decoding=\"async\" style=\"width:100%\" width=\"100%\" src=\"https:\/\/d2qc09rl1gfuof.cloudfront.net\/product\/CYSDJP1200BDE18BE\/hand-winch-a100-1.11.jpg\" slate-data-type=\"image\"\/><\/div>\n<\/div>\n<\/div>\n<\/div>\n<p><\/p>\n<\/div>\n<\/div>\n<div class=\"detailmodule_dynamic\"><kse:widget data-widget-type=\"customText\" id=\"1005000000397265\" type=\"custom\"><\/kse:widget><\/div>\n<p><\/p>","protected":false},"excerpt":{"rendered":"<p>Hign-concerned Chemical:&nbsp;None Origin:&nbsp;Mainland China Brand Name:&nbsp;VEVOR Item Model Number:&nbsp;KW3500 Max Pulling Capacity:&nbsp;3500 lbs\/2000 lbs\/1600 lbs\/1200 lbs Product Weight:&nbsp;11.35 lbs\/7.6 lbs\/8.59 lbs\/6.28 lbs 3500lbs Product Size:&nbsp;10.23 x 6.29 x 7.08 in\/260<\/p>","protected":false},"featured_media":25237,"comment_status":"open","ping_status":"closed","template":"","meta":{"_acf_changed":false},"product_brand":[],"product_cat":[522],"product_tag":[],"class_list":{"0":"post-25236","1":"product","2":"type-product","3":"status-publish","4":"has-post-thumbnail","6":"product_cat-electric-winches","8":"first","9":"instock","10":"shipping-taxable","11":"purchasable","12":"product-type-variable"},"acf":[],"_links":{"self":[{"href":"https:\/\/electricstore.eu\/lv\/wp-json\/wp\/v2\/product\/25236","targetHints":{"allow":["GET"]}}],"collection":[{"href":"https:\/\/electricstore.eu\/lv\/wp-json\/wp\/v2\/product"}],"about":[{"href":"https:\/\/electricstore.eu\/lv\/wp-json\/wp\/v2\/types\/product"}],"replies":[{"embeddable":true,"href":"https:\/\/electricstore.eu\/lv\/wp-json\/wp\/v2\/comments?post=25236"}],"wp:featuredmedia":[{"embeddable":true,"href":"https:\/\/electricstore.eu\/lv\/wp-json\/wp\/v2\/media\/25237"}],"wp:attachment":[{"href":"https:\/\/electricstore.eu\/lv\/wp-json\/wp\/v2\/media?parent=25236"}],"wp:term":[{"taxonomy":"product_brand","embeddable":true,"href":"https:\/\/electricstore.eu\/lv\/wp-json\/wp\/v2\/product_brand?post=25236"},{"taxonomy":"product_cat","embeddable":true,"href":"https:\/\/electricstore.eu\/lv\/wp-json\/wp\/v2\/product_cat?post=25236"},{"taxonomy":"product_tag","embeddable":true,"href":"https:\/\/electricstore.eu\/lv\/wp-json\/wp\/v2\/product_tag?post=25236"}],"curies":[{"name":"wp","href":"https:\/\/api.w.org\/{rel}","templated":true}]}}