{"id":25075,"date":"2025-05-20T18:44:14","date_gmt":"2025-05-20T18:44:14","guid":{"rendered":"https:\/\/electricstore.eu\/p\/uncategorized\/vevor-400-1000kg-electric-hoist-lifting-crane-cable-hoist-winch-for-boat-car-garage-elevator-with-wired-remote-control-lifter\/"},"modified":"2025-05-20T18:48:23","modified_gmt":"2025-05-20T18:48:23","slug":"vevor-400-1000kg-electric-hoist-lifting-crane-cable-hoist-winch-for-boat-car-garage-elevator-with-wired-remote-control-lifter","status":"publish","type":"product","link":"https:\/\/electricstore.eu\/lv\/p\/o\/electric-lifting-hoists\/vevor-400-1000kg-electric-hoist-lifting-crane-cable-hoist-winch-for-boat-car-garage-elevator-with-wired-remote-control-lifter\/","title":{"rendered":"VEVOR 400-1000kg elektriskais pac\u0113l\u0101js ar tro\u0161u pac\u0113l\u0101ju laivu, automa\u0161\u012bnu gar\u0101\u017eas liftam ar vadu t\u0101lvad\u012bbas pulti"},"content":{"rendered":"<div class=\"product-specs-list-container\">\n<ul class=\"product-specs-list util-clearfix\">\n<li class=\"product-prop line-limit-length\"><span\n                                        class=\"property-title\">Augstas ba\u017eas izraiso\u0161a \u0137\u012bmiska viela:&nbsp;<\/span><span\n                                        class=\"property-desc line-limit-length\">Neviens<\/span>\n                            <\/li>\n<li class=\"product-prop line-limit-length\"><span\n                                        class=\"property-title\">Izcelsme:&nbsp;<\/span><span\n                                        class=\"property-desc line-limit-length\">Kontinent\u0101l\u0101 \u0136\u012bna<\/span>\n                            <\/li>\n<li class=\"product-prop line-limit-length\"><span\n                                        class=\"property-title\">Z\u012bmola nosaukums:&nbsp;<\/span><span\n                                        class=\"property-desc line-limit-length\">VEVOR<\/span>\n                            <\/li>\n<\/ul><\/div>\n<div class=\"detailmodule_html\">\n<div class=\"detail-desc-decorate-richtext\">\n<div><\/div>\n<div style=\"font-family:&quot;Open sans&quot;, Arial, Helvetica, sans-serif\">\n<div><img decoding=\"async\" style=\"width:100%\" width=\"100%\" src=\"https:\/\/d2qc09rl1gfuof.cloudfront.net\/vevor\/boutique-banner\/pc\/banner-en.jpg\" slate-data-type=\"image\"\/><\/div>\n<div>\n<div style=\"font-size:16px;font-weight:bold;text-align:center;color:rgb(34, 34, 34);margin:24px 0px;margin-bottom:24px;margin-top:24px;margin-left:0px;margin-right:0px\" align=\"center\">VEVOR elektriskais pac\u0113l\u0101js \u2014 paceliet savu kravu bez piep\u016bles<\/div>\n<div><img decoding=\"async\" style=\"width:100%\" width=\"100%\" src=\"https:\/\/d2qc09rl1gfuof.cloudfront.net\/product\/DD2200LBS21FT8V69\/electric-hoist-a100-1.4.jpg\" slate-data-type=\"image\"\/><\/div>\n<div style=\"font-size:14px;text-align:center;color:rgb(34, 34, 34);margin:16px 0px 24px;margin-bottom:24px;margin-top:16px;margin-left:0px;margin-right:0px\" align=\"center\">VEVOR, j\u016bsu ekskluz\u012bvais instrumentu eksperts. \u0160is elektriskais t\u0113rauda tro\u0161u pac\u0113l\u0101js ir apr\u012bkots ar t\u012bra vara motoru, kas nodro\u0161ina lielu celtsp\u0113ju smagu priek\u0161metu cel\u0161anai. Bezvadu t\u0101lvad\u012bbas pults \u013cauj vad\u012bt pac\u0113l\u0101ju dro\u0161\u0101 zon\u0101.<\/div>\n<\/div>\n<div>\n<div>\u00a0<\/div>\n<div style=\"margin:8px 0px;margin-bottom:8px;margin-top:8px;margin-left:0px;margin-right:0px\"><img decoding=\"async\" style=\"width:100%\" width=\"100%\" src=\"https:\/\/d2qc09rl1gfuof.cloudfront.net\/product\/DD2200LBS21FT8V69\/electric-hoist-a100-1.12.jpg\" slate-data-type=\"image\"\/><\/div>\n<\/div>\n<div>\n<div>\u00a0<\/div>\n<div style=\"margin:8px 0px;margin-bottom:8px;margin-top:8px;margin-left:0px;margin-right:0px\"><img decoding=\"async\" style=\"width:100%\" width=\"100%\" src=\"https:\/\/d2qc09rl1gfuof.cloudfront.net\/product\/DD2200LBS21FT8V69\/electric-hoist-a100-1.13.jpg\" slate-data-type=\"image\"\/><\/div>\n<\/div>\n<div>\n<div>\u00a0<\/div>\n<div style=\"margin:8px 0px;margin-bottom:8px;margin-top:8px;margin-left:0px;margin-right:0px\"><img decoding=\"async\" style=\"width:100%\" width=\"100%\" src=\"https:\/\/d2qc09rl1gfuof.cloudfront.net\/product\/DD2200LBS21FT8V69\/electric-hoist-a100-1.14.jpg\" slate-data-type=\"image\"\/><\/div>\n<\/div>\n<div>\n<div>\u00a0<\/div>\n<div style=\"margin:8px 0px;margin-bottom:8px;margin-top:8px;margin-left:0px;margin-right:0px\"><img decoding=\"async\" style=\"width:100%\" width=\"100%\" src=\"https:\/\/d2qc09rl1gfuof.cloudfront.net\/product\/DD2200LBS21FT8V69\/electric-hoist-a100-1.16.jpg\" slate-data-type=\"image\"\/><\/div>\n<\/div>\n<div>\n<div>\u00a0<\/div>\n<div style=\"margin:8px 0px;margin-bottom:8px;margin-top:8px;margin-left:0px;margin-right:0px\"><img decoding=\"async\" style=\"width:100%\" width=\"100%\" src=\"https:\/\/d2qc09rl1gfuof.cloudfront.net\/product\/DD2200LBS21FT8V69\/electric-hoist-a100-1.17.jpg\" slate-data-type=\"image\"\/><\/div>\n<\/div>\n<div>\n<div>\u00a0<\/div>\n<div style=\"margin:8px 0px;margin-bottom:8px;margin-top:8px;margin-left:0px;margin-right:0px\"><img decoding=\"async\" style=\"width:100%\" width=\"100%\" src=\"https:\/\/d2qc09rl1gfuof.cloudfront.net\/product\/DD2200LBS21FT8V69\/electric-hoist-a100-1.18.jpg\" slate-data-type=\"image\"\/><\/div>\n<\/div>\n<div>\n<div>\u00a0<\/div>\n<div style=\"margin:8px 0px;margin-bottom:8px;margin-top:8px;margin-left:0px;margin-right:0px\"><img decoding=\"async\" style=\"width:100%\" width=\"100%\" src=\"https:\/\/d2qc09rl1gfuof.cloudfront.net\/product\/DD2200LBS21FT8V69\/electric-hoist-a100-1.20.jpg\" slate-data-type=\"image\"\/><\/div>\n<\/div>\n<div>\n<div>\u00a0<\/div>\n<div style=\"margin:8px 0px;margin-bottom:8px;margin-top:8px;margin-left:0px;margin-right:0px\"><img decoding=\"async\" style=\"width:100%\" width=\"100%\" src=\"https:\/\/d2qc09rl1gfuof.cloudfront.net\/product\/DD2200LBS21FT8V69\/electric-hoist-a100-1.21.jpg\" slate-data-type=\"image\"\/><\/div>\n<\/div>\n<div>\n<div>\u00a0<\/div>\n<div style=\"margin:8px 0px;margin-bottom:8px;margin-top:8px;margin-left:0px;margin-right:0px\"><img decoding=\"async\" style=\"width:100%\" width=\"100%\" src=\"https:\/\/d2qc09rl1gfuof.cloudfront.net\/product\/DD2200LBS21FT8V69\/electric-hoist-a100-1.22.jpg\" slate-data-type=\"image\"\/><\/div>\n<\/div>\n<div style=\"margin:16px 0px 24px;margin-bottom:24px;margin-top:16px;margin-left:0px;margin-right:0px\"><\/div>\n<div style=\"margin:24px 0px;margin-bottom:24px;margin-top:24px;margin-left:0px;margin-right:0px\">\n<div style=\"font-size:16px;font-weight:bold;color:rgb(34, 34, 34);margin:24px 0px 16px;margin-bottom:16px;margin-top:24px;margin-left:0px;margin-right:0px\">Funkcijas un inform\u0101cija<\/div>\n<ul style=\"margin:16px 0px 24px;margin-bottom:24px;margin-top:16px;margin-left:0px;margin-right:0px\">\n<li style=\"font-size:14px;color:rgb(34, 34, 34)\">\n<p>880\/1320\/1760\/2200 m\u0101rci\u0146u celtsp\u0113ja: \u0161\u012b gar\u0101\u017eas pacel\u0161anas iek\u0101rta var viegli pacelt mazus dzin\u0113jus, transmisijas, lielus darbn\u012bcas instrumentus vai celtniec\u012bbas materi\u0101lus. Celtsp\u0113ja: 440\/660\/880\/1100 m\u0101rci\u0146as (viena l\u012bnija), 880\/1320\/1760\/2200 m\u0101rci\u0146as (divas l\u012bnijas).<\/p>\n<\/li>\n<li style=\"font-size:14px;color:rgb(34, 34, 34)\">\n<p>Jaud\u012bgs motors: Augstas kvalit\u0101tes vara motors nodro\u0161ina 850\/1150\/1600 W lielu jaudu, kas var iztur\u0113t lielus sp\u0113kus, nedeform\u0113jot elektrisko vin\u010du. Turkl\u0101t lielais dzes\u0113\u0161anas ventilators var \u0101tri atdzes\u0113t ma\u0161\u012bnu, lai izvair\u012btos no p\u0101rkar\u0161anas. T\u0101d\u0113\u013c \u0161is jaud\u012bgais motors nodro\u0161ina efekt\u012bvu darb\u012bbu un ietaupa j\u016bsu laiku un ener\u0123iju.<\/p>\n<\/li>\n<li style=\"font-size:14px;color:rgb(34, 34, 34)\">\n<p>\u0112rta uzst\u0101d\u012b\u0161ana: To var tie\u0161i piek\u0101rt pie griestiem, izmantojot met\u0101la vai mas\u012bvkoka l\u012bstes. Turkl\u0101t tas ir apr\u012bkots ar av\u0101rijas aptur\u0113\u0161anas sl\u0113dzi un elektromagn\u0113tisko bremz\u0113\u0161anas sist\u0113mu, lai nov\u0113rstu neparastu sl\u012bd\u0113\u0161anu.<\/p>\n<\/li>\n<li style=\"font-size:14px;color:rgb(34, 34, 34)\">\n<p>Bezvadu t\u0101lvad\u012bbas pults: M\u016bsu elektriskais pac\u0113l\u0101js ir apr\u012bkots ar bezvadu t\u0101lvad\u012bbas pulti. Maksim\u0101lais vad\u012bbas att\u0101lums ir 100 m. T\u0101 nodro\u0161ina lielisku sl\u0113d\u017ea funkciju, kas \u013cauj elektrisko pac\u0113l\u0101ju vad\u012bt ar vienu roku, lai paceltu, nolaistu un novietotu apr\u012bkojumu.<\/p>\n<\/li>\n<li style=\"font-size:14px;color:rgb(34, 34, 34)\">\n<p>Daudzpus\u012bgs pielietojums: To pla\u0161i izmanto gar\u0101\u017e\u0101s, r\u016bpn\u012bc\u0101s, noliktav\u0101s un \u0123imen\u0113s, k\u0101 ar\u012b profesion\u0101\u013ci un amatieri; Piem\u0113rots ku\u0123u, automa\u0161\u012bnu, z\u0101les p\u013c\u0101v\u0113ju, golfa rati\u0146u, m\u0101jas dekoru, dzin\u0113ju, laukakme\u0146u, koku u.c. remontam.<\/p>\n<\/li>\n<\/ul>\n<\/div>\n<div>\n<div>\u00a0<\/div>\n<div>\n<div>\u00a0<\/div>\n<div style=\"margin:16px 0px 24px;margin-bottom:24px;margin-top:16px;margin-left:0px;margin-right:0px\"><img decoding=\"async\" style=\"width:100%\" width=\"100%\" src=\"https:\/\/d2qc09rl1gfuof.cloudfront.net\/product\/DD2200LBS21FT8V69\/electric-hoist-a100-1.11.jpg\" slate-data-type=\"image\"\/><\/div>\n<\/div>\n<\/div>\n<div>\n<div>\u00a0<\/div>\n<div>\n<div style=\"font-size:16px;font-weight:bold;color:rgb(34, 34, 34);margin:24px 0px 16px;margin-bottom:16px;margin-top:24px;margin-left:0px;margin-right:0px\">Bezvadu 400 kg<\/div>\n<div style=\"margin:16px 0px 24px;margin-bottom:24px;margin-top:16px;margin-left:0px;margin-right:0px\"><img decoding=\"async\" style=\"width:100%\" width=\"100%\" src=\"https:\/\/d2qc09rl1gfuof.cloudfront.net\/product\/DDG880LBS52FTW0V1\/electric-hoist-a100-1.11.jpg\" slate-data-type=\"image\"\/><\/div>\n<\/div>\n<\/div>\n<div>\n<div>\u00a0<\/div>\n<div>\n<div style=\"font-size:16px;font-weight:bold;color:rgb(34, 34, 34);margin:24px 0px 16px;margin-bottom:16px;margin-top:24px;margin-left:0px;margin-right:0px\">Bezvadu 600 kg<\/div>\n<div style=\"margin:16px 0px 24px;margin-bottom:24px;margin-top:16px;margin-left:0px;margin-right:0px\"><img decoding=\"async\" style=\"width:100%\" width=\"100%\" src=\"https:\/\/d2qc09rl1gfuof.cloudfront.net\/product\/DD1320LBS52FTNHNX\/electric-hoist-a100-1.11.jpg\" slate-data-type=\"image\"\/><\/div>\n<\/div>\n<\/div>\n<div>\n<div>\u00a0<\/div>\n<div>\n<div style=\"font-size:16px;font-weight:bold;color:rgb(34, 34, 34);margin:24px 0px 16px;margin-bottom:16px;margin-top:24px;margin-left:0px;margin-right:0px\">Ar vadu 1000 kg<\/div>\n<div style=\"margin:16px 0px 24px;margin-bottom:24px;margin-top:16px;margin-left:0px;margin-right:0px\"><img decoding=\"async\" style=\"width:100%\" width=\"100%\" src=\"https:\/\/d2qc09rl1gfuof.cloudfront.net\/product\/DDGSSHLYXYKKYOD1M\/electric-hoist-a100-1.11.jpg\" slate-data-type=\"image\"\/><\/div>\n<\/div>\n<\/div>\n<\/div>\n<\/div>\n<\/div>\n<p><\/p>","protected":false},"excerpt":{"rendered":"<p>Hign-concerned Chemical:&nbsp;None Origin:&nbsp;Mainland China Brand Name:&nbsp;VEVOR VEVOR Electric Hoist-Lift Your Cargo with No Effort VEVOR, your exclusive tool expert. This electric steel wire hoist adopts a pure copper motor, providing<\/p>","protected":false},"featured_media":25076,"comment_status":"open","ping_status":"closed","template":"","meta":{"_acf_changed":false},"product_brand":[],"product_cat":[517],"product_tag":[],"class_list":{"0":"post-25075","1":"product","2":"type-product","3":"status-publish","4":"has-post-thumbnail","6":"product_cat-electric-lifting-hoists","8":"first","9":"instock","10":"shipping-taxable","11":"purchasable","12":"product-type-variable"},"acf":[],"_links":{"self":[{"href":"https:\/\/electricstore.eu\/lv\/wp-json\/wp\/v2\/product\/25075","targetHints":{"allow":["GET"]}}],"collection":[{"href":"https:\/\/electricstore.eu\/lv\/wp-json\/wp\/v2\/product"}],"about":[{"href":"https:\/\/electricstore.eu\/lv\/wp-json\/wp\/v2\/types\/product"}],"replies":[{"embeddable":true,"href":"https:\/\/electricstore.eu\/lv\/wp-json\/wp\/v2\/comments?post=25075"}],"wp:featuredmedia":[{"embeddable":true,"href":"https:\/\/electricstore.eu\/lv\/wp-json\/wp\/v2\/media\/25076"}],"wp:attachment":[{"href":"https:\/\/electricstore.eu\/lv\/wp-json\/wp\/v2\/media?parent=25075"}],"wp:term":[{"taxonomy":"product_brand","embeddable":true,"href":"https:\/\/electricstore.eu\/lv\/wp-json\/wp\/v2\/product_brand?post=25075"},{"taxonomy":"product_cat","embeddable":true,"href":"https:\/\/electricstore.eu\/lv\/wp-json\/wp\/v2\/product_cat?post=25075"},{"taxonomy":"product_tag","embeddable":true,"href":"https:\/\/electricstore.eu\/lv\/wp-json\/wp\/v2\/product_tag?post=25075"}],"curies":[{"name":"wp","href":"https:\/\/api.w.org\/{rel}","templated":true}]}}