{"id":25065,"date":"2025-05-20T18:44:10","date_gmt":"2025-05-20T18:44:10","guid":{"rendered":"https:\/\/electricstore.eu\/p\/uncategorized\/vevor-4000lbs-electric-winch-with-39ft-7-strands-steel-cable-wireless-wired-remote-control-atv-utv-winch-for-truck-towing\/"},"modified":"2025-05-20T18:48:23","modified_gmt":"2025-05-20T18:48:23","slug":"vevor-4000lbs-electric-winch-with-39ft-7-strands-steel-cable-wireless-wired-remote-control-atv-utv-winch-for-truck-towing","status":"publish","type":"product","link":"https:\/\/electricstore.eu\/lv\/p\/o\/electric-winches\/vevor-4000lbs-electric-winch-with-39ft-7-strands-steel-cable-wireless-wired-remote-control-atv-utv-winch-for-truck-towing\/","title":{"rendered":"VEVOR 4000 m\u0101rci\u0146u elektrisk\u0101 vin\u010da ar 39 p\u0113du 7 pavedienu t\u0113rauda trosi, bezvadu un vadu t\u0101lvad\u012bbas pults ATV\/UTV vin\u010da kravas automa\u0161\u012bnu vilk\u0161anai"},"content":{"rendered":"<div class=\"product-specs-list-container\">\n<ul class=\"product-specs-list util-clearfix\">\n<li class=\"product-prop line-limit-length\"><span\n                                        class=\"property-title\">Augstas ba\u017eas izraiso\u0161a \u0137\u012bmiska viela:&nbsp;<\/span><span\n                                        class=\"property-desc line-limit-length\">Neviens<\/span>\n                            <\/li>\n<li class=\"product-prop line-limit-length\"><span\n                                        class=\"property-title\">Izcelsme:&nbsp;<\/span><span\n                                        class=\"property-desc line-limit-length\">Kontinent\u0101l\u0101 \u0136\u012bna<\/span>\n                            <\/li>\n<li class=\"product-prop line-limit-length\"><span\n                                        class=\"property-title\">Z\u012bmola nosaukums:&nbsp;<\/span><span\n                                        class=\"property-desc line-limit-length\">VEVOR<\/span>\n                            <\/li>\n<li class=\"product-prop line-limit-length\"><span\n                                        class=\"property-title\">Preces mode\u013ca numurs:&nbsp;<\/span><span\n                                        class=\"property-desc line-limit-length\">P3000-1C<\/span>\n                            <\/li>\n<li class=\"product-prop line-limit-length\"><span\n                                        class=\"property-title\">Kabe\u013ca materi\u0101ls:&nbsp;<\/span><span\n                                        class=\"property-desc line-limit-length\">T\u0113rauds, 7 dz\u012bslas<\/span>\n                            <\/li>\n<li class=\"product-prop line-limit-length\"><span\n                                        class=\"property-title\">Spriegums\/Zirgsp\u0113ki:&nbsp;<\/span><span\n                                        class=\"property-desc line-limit-length\">12 V l\u012bdzstr\u0101va\/1,3 ZS<\/span>\n                            <\/li>\n<li class=\"product-prop line-limit-length\"><span\n                                        class=\"property-title\">P\u0101rnesumu attiec\u012bba:&nbsp;<\/span><span\n                                        class=\"property-desc line-limit-length\">153:1<\/span>\n                            <\/li>\n<li class=\"product-prop line-limit-length\"><span\n                                        class=\"property-title\">Neto svars:&nbsp;<\/span><span\n                                        class=\"property-desc line-limit-length\">18,5 m\u0101rci\u0146as\/8,4 kg<\/span>\n                            <\/li>\n<\/ul><\/div>\n<div class=\"detailmodule_html\">\n<div class=\"detail-desc-decorate-richtext\">\n<div style=\"font-family:&quot;Open sans&quot;, Arial, Helvetica, sans-serif\">\n<div style=\"font-family:&quot;Open sans&quot;, Arial, Helvetica, sans-serif;font-size:medium;font-weight:400;letter-spacing:normal;text-align:start;white-space:normal;color:rgb(0, 0, 0);margin:0px;margin-bottom:0px;margin-top:0px;margin-left:0px;margin-right:0px;padding:0px;padding-bottom:0px;padding-top:0px;padding-left:0px;padding-right:0px\" align=\"start\"><img decoding=\"async\" style=\"margin:0px;margin-bottom:0px;margin-top:0px;margin-left:0px;margin-right:0px;padding:0px;padding-bottom:0px;padding-top:0px;padding-left:0px;padding-right:0px;max-width:100%;width:918.667px\" width=\"918.667px\" src=\"https:\/\/d2qc09rl1gfuof.cloudfront.net\/vevor\/boutique-banner\/pc\/banner-en.jpg\" slate-data-type=\"image\"\/><\/div>\n<div style=\"font-family:&quot;Open sans&quot;, Arial, Helvetica, sans-serif;font-size:medium;font-weight:400;letter-spacing:normal;text-align:start;white-space:normal;color:rgb(0, 0, 0);margin:0px;margin-bottom:0px;margin-top:0px;margin-left:0px;margin-right:0px;padding:0px;padding-bottom:0px;padding-top:0px;padding-left:0px;padding-right:0px\" align=\"start\">\n<div style=\"font-size:16px;font-weight:bold;text-align:center;color:rgb(34, 34, 34);margin:24px 0px;margin-bottom:24px;margin-top:24px;margin-left:0px;margin-right:0px;padding:0px;padding-bottom:0px;padding-top:0px;padding-left:0px;padding-right:0px\" align=\"center\">1800 kg smaga visurg\u0101j\u0113ja elektrisk\u0101 vin\u010da, p\u0101rvariet jebkuru reljefu ar p\u0101rliec\u012bbu<\/div>\n<div style=\"margin:0px;margin-bottom:0px;margin-top:0px;margin-left:0px;margin-right:0px;padding:0px;padding-bottom:0px;padding-top:0px;padding-left:0px;padding-right:0px\"><img decoding=\"async\" style=\"margin:0px;margin-bottom:0px;margin-top:0px;margin-left:0px;margin-right:0px;padding:0px;padding-bottom:0px;padding-top:0px;padding-left:0px;padding-right:0px;max-width:100%;width:918.667px\" width=\"918.667px\" src=\"https:\/\/d2qc09rl1gfuof.cloudfront.net\/product\/ATVGSSJPYXWXEJRPB\/electric-winch-a100-1.4-pt.jpg\" slate-data-type=\"image\"\/><\/div>\n<div style=\"font-size:14px;text-align:center;color:rgb(34, 34, 34);margin:16px 0px 24px;margin-bottom:24px;margin-top:16px;margin-left:0px;margin-right:0px;padding:0px;padding-bottom:0px;padding-top:0px;padding-left:0px;padding-right:0px\" align=\"center\">M\u016bsu iztur\u012bgajai elektriskajai vin\u010dai ir 4000 m\u0101rci\u0146u (1813 kg) vilk\u0161anas jauda un IP55 \u016bdensnecaurlaid\u012bbas klase, kas ir ide\u0101li piem\u0113rota j\u016bsu ATV vai UTV atbr\u012bvo\u0161anai no lip\u012bg\u0101m dub\u013cu bedr\u0113m. Ar 12 V l\u012bdzstr\u0101vas\/1,3 ZS past\u0101v\u012bg\u0101 magn\u0113ta vara motoru, 153:1 p\u0101rnesumu attiec\u012bbu un t\u0113rauda trosi t\u0101 nodro\u0161ina, ka j\u016bs nekad ilgi neiestr\u0113gsiet.<\/div>\n<\/div>\n<div style=\"font-family:&quot;Open sans&quot;, Arial, Helvetica, sans-serif;font-size:medium;font-weight:400;letter-spacing:normal;text-align:start;white-space:normal;color:rgb(0, 0, 0);margin:0px;margin-bottom:0px;margin-top:0px;margin-left:0px;margin-right:0px;padding:0px;padding-bottom:0px;padding-top:0px;padding-left:0px;padding-right:0px\" align=\"start\">\n<div style=\"margin:8px 0px;margin-bottom:8px;margin-top:8px;margin-left:0px;margin-right:0px;padding:0px;padding-bottom:0px;padding-top:0px;padding-left:0px;padding-right:0px\"><img decoding=\"async\" style=\"margin:0px;margin-bottom:0px;margin-top:0px;margin-left:0px;margin-right:0px;padding:0px;padding-bottom:0px;padding-top:0px;padding-left:0px;padding-right:0px;max-width:100%;width:918.667px\" width=\"918.667px\" src=\"https:\/\/d2qc09rl1gfuof.cloudfront.net\/product\/ATVGSSJPYXWXEJRPB\/electric-winch-a100-2.2-pt.jpg\" slate-data-type=\"image\"\/><\/div>\n<div style=\"font-size:14px;text-align:center;color:rgb(34, 34, 34);margin:16px 0px 24px;margin-bottom:24px;margin-top:16px;margin-left:0px;margin-right:0px;padding:0px;padding-bottom:0px;padding-top:0px;padding-left:0px;padding-right:0px\" align=\"center\">M\u016bsu elektrisko vin\u010du darbina jaud\u012bgs 12\u00a0V l\u012bdzstr\u0101vas\/1,3\u00a0ZS vara motors, kas vienm\u0113r nodro\u0161ina past\u0101v\u012bgu un efekt\u012bvu jaudu. Pateicoties uzlabotajai plan\u0113tu p\u0101rnesumu sist\u0113mai un 153:1 p\u0101rnesumskaitlim, j\u016bs baud\u012bsiet vienm\u0113r\u012bgu un uzticamu troses vilk\u0161anas sp\u0113ju pat skarbos laika apst\u0101k\u013cos vai dzi\u013cos dub\u013cos.<\/div>\n<\/div>\n<div style=\"font-family:&quot;Open sans&quot;, Arial, Helvetica, sans-serif;font-size:medium;font-weight:400;letter-spacing:normal;text-align:start;white-space:normal;color:rgb(0, 0, 0);margin:0px;margin-bottom:0px;margin-top:0px;margin-left:0px;margin-right:0px;padding:0px;padding-bottom:0px;padding-top:0px;padding-left:0px;padding-right:0px\" align=\"start\">\n<div style=\"margin:8px 0px;margin-bottom:8px;margin-top:8px;margin-left:0px;margin-right:0px;padding:0px;padding-bottom:0px;padding-top:0px;padding-left:0px;padding-right:0px\"><img decoding=\"async\" style=\"margin:0px;margin-bottom:0px;margin-top:0px;margin-left:0px;margin-right:0px;padding:0px;padding-bottom:0px;padding-top:0px;padding-left:0px;padding-right:0px;max-width:100%;width:918.667px\" width=\"918.667px\" src=\"https:\/\/d2qc09rl1gfuof.cloudfront.net\/product\/ATVGSSJPYXWXEJRPB\/electric-winch-a100-2.3-pt.jpg\" slate-data-type=\"image\"\/><\/div>\n<div style=\"font-size:14px;text-align:center;color:rgb(34, 34, 34);margin:16px 0px 24px;margin-bottom:24px;margin-top:16px;margin-left:0px;margin-right:0px;padding:0px;padding-bottom:0px;padding-top:0px;padding-left:0px;padding-right:0px\" align=\"center\">M\u016bsu visurg\u0101j\u0113ja vin\u010da ir izstr\u0101d\u0101ta ar augstas kvalit\u0101tes trosi, kurai uz p\u0113d\u0113jiem 5 ru\u013c\u013ciem ir sarkanas atz\u012bmes papildu dro\u0161\u012bbai. Tai ir IP55 \u016bdensnecaurlaid\u012bbas klase un iztur\u012bga melna mat\u0113ta apdare, t\u0101p\u0113c t\u0101 bez aiz\u0137er\u0161an\u0101s iztur sp\u0113c\u012bgu lietu un skarbus apst\u0101k\u013cus.<\/div>\n<\/div>\n<div style=\"font-family:&quot;Open sans&quot;, Arial, Helvetica, sans-serif;font-size:medium;font-weight:400;letter-spacing:normal;text-align:start;white-space:normal;color:rgb(0, 0, 0);margin:0px;margin-bottom:0px;margin-top:0px;margin-left:0px;margin-right:0px;padding:0px;padding-bottom:0px;padding-top:0px;padding-left:0px;padding-right:0px\" align=\"start\">\n<div style=\"margin:8px 0px;margin-bottom:8px;margin-top:8px;margin-left:0px;margin-right:0px;padding:0px;padding-bottom:0px;padding-top:0px;padding-left:0px;padding-right:0px\"><img decoding=\"async\" style=\"margin:0px;margin-bottom:0px;margin-top:0px;margin-left:0px;margin-right:0px;padding:0px;padding-bottom:0px;padding-top:0px;padding-left:0px;padding-right:0px;max-width:100%;width:918.667px\" width=\"918.667px\" src=\"https:\/\/d2qc09rl1gfuof.cloudfront.net\/product\/ATVGSSJPYXWXEJRPB\/electric-winch-a100-2.4-pt.jpg\" slate-data-type=\"image\"\/><\/div>\n<div style=\"font-size:14px;text-align:center;color:rgb(34, 34, 34);margin:16px 0px 24px;margin-bottom:24px;margin-top:16px;margin-left:0px;margin-right:0px;padding:0px;padding-bottom:0px;padding-top:0px;padding-left:0px;padding-right:0px\" align=\"center\">M\u016bsu UTV vin\u010das trose, kas rad\u012bta, lai tiktu gal\u0101 ar sare\u017e\u0123\u012btiem izaicin\u0101jumiem, ir iztur\u012bga pret skarbajiem laikapst\u0101k\u013ciem un ekstrem\u0101l\u0101m temperat\u016br\u0101m, \u013caujot veikt da\u017e\u0101dus vilk\u0161anas uzdevumus ar nomin\u0101lo vilk\u0161anas jaudu, nepl\u012bstot. Turkl\u0101t, pateicoties skaidriem slodzes mar\u0137\u0113jumiem uz katra sl\u0101\u0146a, j\u016bs ieg\u016bstat gan izcilu materi\u0101la integrit\u0101ti, gan vilk\u0161anas dro\u0161\u012bbu.<\/div>\n<\/div>\n<div style=\"font-family:&quot;Open sans&quot;, Arial, Helvetica, sans-serif;font-size:medium;font-weight:400;letter-spacing:normal;text-align:start;white-space:normal;color:rgb(0, 0, 0);margin:0px;margin-bottom:0px;margin-top:0px;margin-left:0px;margin-right:0px;padding:0px;padding-bottom:0px;padding-top:0px;padding-left:0px;padding-right:0px\" align=\"start\">\n<div style=\"margin:8px 0px;margin-bottom:8px;margin-top:8px;margin-left:0px;margin-right:0px;padding:0px;padding-bottom:0px;padding-top:0px;padding-left:0px;padding-right:0px\"><img decoding=\"async\" style=\"margin:0px;margin-bottom:0px;margin-top:0px;margin-left:0px;margin-right:0px;padding:0px;padding-bottom:0px;padding-top:0px;padding-left:0px;padding-right:0px;max-width:100%;width:918.667px\" width=\"918.667px\" src=\"https:\/\/d2qc09rl1gfuof.cloudfront.net\/product\/ATVGSSJPYXWXEJRPB\/electric-winch-a100-2.5-pt.jpg\" slate-data-type=\"image\"\/><\/div>\n<div style=\"font-size:14px;text-align:center;color:rgb(34, 34, 34);margin:16px 0px 24px;margin-bottom:24px;margin-top:16px;margin-left:0px;margin-right:0px;padding:0px;padding-bottom:0px;padding-top:0px;padding-left:0px;padding-right:0px\" align=\"center\">Atvadieties no jucek\u013ca elektroinstal\u0101cij\u0101! M\u016bsu 12 voltu vin\u010dai ir kr\u0101su kod\u0113ti str\u0101vas kabe\u013ci \u0101trai un bez k\u013c\u016bd\u0101m uzst\u0101d\u012b\u0161anai. Izmantojot vadu t\u0101lvad\u012bbas pulti, vienk\u0101r\u0161i pievienojiet str\u0101vas vadus, un viss ir gatavs vienm\u0113r\u012bgai un efekt\u012bvai transportl\u012bdzek\u013ca evaku\u0101cijai.<\/div>\n<\/div>\n<div style=\"font-family:&quot;Open sans&quot;, Arial, Helvetica, sans-serif;font-size:medium;font-weight:400;letter-spacing:normal;text-align:start;white-space:normal;color:rgb(0, 0, 0);margin:16px 0px 24px;margin-bottom:24px;margin-top:16px;margin-left:0px;margin-right:0px;padding:0px;padding-bottom:0px;padding-top:0px;padding-left:0px;padding-right:0px\" align=\"start\"><\/div>\n<div style=\"font-family:&quot;Open sans&quot;, Arial, Helvetica, sans-serif;font-size:medium;font-weight:400;letter-spacing:normal;text-align:start;white-space:normal;color:rgb(0, 0, 0);margin:24px 0px;margin-bottom:24px;margin-top:24px;margin-left:0px;margin-right:0px;padding:0px;padding-bottom:0px;padding-top:0px;padding-left:0px;padding-right:0px\" align=\"start\">\n<div style=\"font-size:16px;font-weight:bold;color:rgb(34, 34, 34);margin:24px 0px 16px;margin-bottom:16px;margin-top:24px;margin-left:0px;margin-right:0px;padding:0px;padding-bottom:0px;padding-top:0px;padding-left:0px;padding-right:0px\">Funkcijas un inform\u0101cija<\/div>\n<ul style=\"margin:16px 0px 24px;margin-bottom:24px;margin-top:16px;margin-left:0px;margin-right:0px;padding:0px;padding-bottom:0px;padding-top:0px;padding-left:0px;padding-right:0px\">\n<li style=\"font-size:14px;color:rgb(34, 34, 34);margin:0px;margin-bottom:0px;margin-top:0px;margin-left:0px;margin-right:0px;padding:0px;padding-bottom:0px;padding-top:0px;padding-left:0px;padding-right:0px\">\n<p>J\u016bsu transportl\u012bdzek\u013ca rezerves jauda: M\u016bsu jaud\u012bg\u0101 elektrisk\u0101 vin\u010da, kas \u012bpa\u0161i izstr\u0101d\u0101ta evaku\u0101cijai bezce\u013cos, pied\u0101v\u0101 jaud\u012bgu 1800 kg vilk\u0161anas jaudu. Kad j\u016bsu transportl\u012bdzeklis iestr\u0113gst dub\u013cos vai non\u0101k liet\u016b, \u0161\u012b vin\u010da nodro\u0161ina papildu piedzi\u0146u, kas nepiecie\u0161ama, lai \u0101tri atgrieztos uz pareiz\u0101 ce\u013ca. Ide\u0101li piem\u0113rota mazu transportl\u012bdzek\u013cu, piem\u0113ram, kvadraciklu un UTV, vilk\u0161anas darbiem, nodro\u0161inot, ka j\u016bsu piedz\u012bvojumi nekad neapst\u0101jas.<\/p>\n<\/li>\n<li style=\"font-size:14px;color:rgb(34, 34, 34);margin:0px;margin-bottom:0px;margin-top:0px;margin-left:0px;margin-right:0px;padding:0px;padding-bottom:0px;padding-top:0px;padding-left:0px;padding-right:0px\">\n<p>Jauda, kas izved\u012bs j\u016bs no jebkura sastr\u0113guma: M\u016bsu ATV vin\u010du darbina sp\u0113c\u012bgs 12 V l\u012bdzstr\u0101vas\/1,3 ZS past\u0101v\u012bg\u0101 magn\u0113ta vara motors, kas nodro\u0161ina nep\u0101rtrauktu un efekt\u012bvu jaudu, kad t\u0101 visvair\u0101k nepiecie\u0161ama. Ar modernu plan\u0113tu p\u0101rnesumu sist\u0113mu un 153:1 p\u0101rnesumskaitli tiek nodro\u0161in\u0101ta uzticama un sp\u0113c\u012bga vilk\u0161anas sp\u0113ja. Neatkar\u012bgi no t\u0101, vai saskaraties ar skarbiem laikapst\u0101k\u013ciem vai dzi\u013ciem dub\u013ciem, \u0161\u012b vin\u010da par\u016bp\u0113sies par jums, padarot transportl\u012bdzek\u013ca evaku\u0101ciju vieglu un uzticamu.<\/p>\n<\/li>\n<li style=\"font-size:14px;color:rgb(34, 34, 34);margin:0px;margin-bottom:0px;margin-top:0px;margin-left:0px;margin-right:0px;padding:0px;padding-bottom:0px;padding-top:0px;padding-left:0px;padding-right:0px\">\n<p>Iztur\u012bga t\u0113rauda trose: Sagatavojieties iztur\u012bgai veiktsp\u0113jai ar m\u016bsu 7 pavedienu iztur\u012bgo t\u0113rauda trosi. \u0160\u012b t\u0113rauda trose ir izstr\u0101d\u0101ta, lai iztur\u0113tu skarbus laikapst\u0101k\u013cus un bargu temperat\u016bru, un t\u0101 ir iztur\u012bga, lai p\u0101rvar\u0113tu jebkuru izaicin\u0101jumu. Turkl\u0101t spilgti sarkanie mar\u0137\u0113jumi uz p\u0113d\u0113jiem 5 ru\u013c\u013ciem nodro\u0161ina \u0113rtu redzam\u012bbu, nodro\u0161inot dro\u0161\u012bbu un iztur\u012bbu neatkar\u012bgi no darba sare\u017e\u0123\u012bt\u012bbas.<\/p>\n<\/li>\n<li style=\"font-size:14px;color:rgb(34, 34, 34);margin:0px;margin-bottom:0px;margin-top:0px;margin-left:0px;margin-right:0px;padding:0px;padding-bottom:0px;padding-top:0px;padding-left:0px;padding-right:0px\">\n<p>Lieto\u0161anas vienk\u0101r\u0161\u012bba, bezprobl\u0113mu darb\u012bba: m\u016bsu maz\u0101 vin\u010da pied\u0101v\u0101 gan bezvadu, gan vadu t\u0101lvad\u012bbas pults iesp\u0113jas atbilsto\u0161i j\u016bsu vajadz\u012bb\u0101m. Viegli lietojam\u0101 bezvadu t\u0101lvad\u012bbas pults \u013cauj bez piep\u016bles vad\u012bt transportl\u012bdzek\u013ca evaku\u0101ciju 20 m r\u0101dius\u0101, savuk\u0101rt vadu t\u0101lvad\u012bbas pults nodro\u0161ina uzticamu alternat\u012bvu prec\u012bzai, manu\u0101lai vad\u012bbai. Izbaudiet elast\u012bbu un \u0113rt\u012bbas ar abiem vad\u012bbas re\u017e\u012bmiem, lai transportl\u012bdzek\u013ca evaku\u0101cija b\u016btu p\u0113c iesp\u0113jas vienm\u0113r\u012bg\u0101ka.<\/p>\n<\/li>\n<li style=\"font-size:14px;color:rgb(34, 34, 34);margin:0px;margin-bottom:0px;margin-top:0px;margin-left:0px;margin-right:0px;padding:0px;padding-bottom:0px;padding-top:0px;padding-left:0px;padding-right:0px\">\n<p>Mier\u012bgs pr\u0101ts. Vilk\u0161anas veiktsp\u0113ja: Skarbi laikapst\u0101k\u013ci? Nav probl\u0113mu! M\u016bsu elektrisk\u0101 vin\u010da ir izgatavota ar IP55 \u016bdensnecaurlaid\u012bbas pak\u0101pi un gludu melnu mat\u0113tu apdari, kas uzlabo iztur\u012bbu pret r\u016bsu un izol\u0101ciju. T\u0101 ir gatava tikt gal\u0101 ar sp\u0113c\u012bgu lietu, dub\u013ciem vai citiem skarbiem apst\u0101k\u013ciem. Kr\u0101su kod\u0113ti str\u0101vas kabe\u013ci un viegli izpild\u0101mas instrukcijas noz\u012bm\u0113, ka j\u016bs var\u0113siet to uzst\u0101d\u012bt bez aiz\u0137er\u0161an\u0101s, lai j\u016bs var\u0113tu atgriezties pie brauciena baud\u012b\u0161anas.<\/p>\n<\/li>\n<\/ul>\n<\/div>\n<div style=\"font-family:&quot;Open sans&quot;, Arial, Helvetica, sans-serif;font-size:medium;font-weight:400;letter-spacing:normal;text-align:start;white-space:normal;color:rgb(0, 0, 0);margin:0px;margin-bottom:0px;margin-top:0px;margin-left:0px;margin-right:0px;padding:0px;padding-bottom:0px;padding-top:0px;padding-left:0px;padding-right:0px\" align=\"start\">\n<div style=\"margin:0px;margin-bottom:0px;margin-top:0px;margin-left:0px;margin-right:0px;padding:0px;padding-bottom:0px;padding-top:0px;padding-left:0px;padding-right:0px\">\n<div style=\"margin:16px 0px 24px;margin-bottom:24px;margin-top:16px;margin-left:0px;margin-right:0px;padding:0px;padding-bottom:0px;padding-top:0px;padding-left:0px;padding-right:0px\"><img decoding=\"async\" style=\"margin:0px;margin-bottom:0px;margin-top:0px;margin-left:0px;margin-right:0px;padding:0px;padding-bottom:0px;padding-top:0px;padding-left:0px;padding-right:0px;max-width:100%;width:918.667px\" width=\"918.667px\" src=\"https:\/\/d2qc09rl1gfuof.cloudfront.net\/product\/ATVGSSJPYXWXEJRPB\/electric-winch-a100-1.11-pt.jpg\" slate-data-type=\"image\"\/><\/div>\n<\/div>\n<\/div>\n<div>\n<p><\/p>\n<\/div>\n<\/div>\n<\/div>\n<\/div>\n<p><\/p>","protected":false},"excerpt":{"rendered":"<p>Hign-concerned Chemical:&nbsp;None Origin:&nbsp;Mainland China Brand Name:&nbsp;VEVOR Item Model Number:&nbsp;P3000-1C Cable Material:&nbsp;Steel, 7 Strands Voltage\/Horsepower:&nbsp;12V DC\/1.3 HP Gear Ratio:&nbsp;153:1 Net Weight:&nbsp;18.5 lbs\/8.4 kg 4000 lbs ATV Electric Winch, Conquer any terrain<\/p>","protected":false},"featured_media":25066,"comment_status":"open","ping_status":"closed","template":"","meta":{"_acf_changed":false},"product_brand":[],"product_cat":[522],"product_tag":[],"class_list":{"0":"post-25065","1":"product","2":"type-product","3":"status-publish","4":"has-post-thumbnail","6":"product_cat-electric-winches","8":"first","9":"instock","10":"shipping-taxable","11":"purchasable","12":"product-type-variable"},"acf":[],"_links":{"self":[{"href":"https:\/\/electricstore.eu\/lv\/wp-json\/wp\/v2\/product\/25065","targetHints":{"allow":["GET"]}}],"collection":[{"href":"https:\/\/electricstore.eu\/lv\/wp-json\/wp\/v2\/product"}],"about":[{"href":"https:\/\/electricstore.eu\/lv\/wp-json\/wp\/v2\/types\/product"}],"replies":[{"embeddable":true,"href":"https:\/\/electricstore.eu\/lv\/wp-json\/wp\/v2\/comments?post=25065"}],"wp:featuredmedia":[{"embeddable":true,"href":"https:\/\/electricstore.eu\/lv\/wp-json\/wp\/v2\/media\/25066"}],"wp:attachment":[{"href":"https:\/\/electricstore.eu\/lv\/wp-json\/wp\/v2\/media?parent=25065"}],"wp:term":[{"taxonomy":"product_brand","embeddable":true,"href":"https:\/\/electricstore.eu\/lv\/wp-json\/wp\/v2\/product_brand?post=25065"},{"taxonomy":"product_cat","embeddable":true,"href":"https:\/\/electricstore.eu\/lv\/wp-json\/wp\/v2\/product_cat?post=25065"},{"taxonomy":"product_tag","embeddable":true,"href":"https:\/\/electricstore.eu\/lv\/wp-json\/wp\/v2\/product_tag?post=25065"}],"curies":[{"name":"wp","href":"https:\/\/api.w.org\/{rel}","templated":true}]}}