{"id":24937,"date":"2025-05-20T18:43:31","date_gmt":"2025-05-20T18:43:31","guid":{"rendered":"https:\/\/electricstore.eu\/p\/uncategorized\/vevor-ratchet-chain-binder-3-8-1-2-heavy-duty-load-binders-12000-lbs-limit-hauling-chain-binders-for-flatbed-truck-trailer-4pc\/"},"modified":"2025-05-20T18:46:10","modified_gmt":"2025-05-20T18:46:10","slug":"vevor-ratchet-chain-binder-3-8-1-2-heavy-duty-load-binders-12000-lbs-limit-hauling-chain-binders-for-flatbed-truck-trailer-4pc","status":"publish","type":"product","link":"https:\/\/electricstore.eu\/lv\/p\/o\/electric-lifting-hoists\/vevor-ratchet-chain-binder-3-8-1-2-heavy-duty-load-binders-12000-lbs-limit-hauling-chain-binders-for-flatbed-truck-trailer-4pc\/","title":{"rendered":"VEVOR spr\u016bdrata \u0137\u0113des saite 3\/8\u2033-1\/2\u2033 lieljaudas kravas saite 12000 m\u0101rci\u0146u ierobe\u017eojuma vilk\u0161anas \u0137\u0113des saite platformas kravas automa\u0161\u012bnas piekabei 4 gab."},"content":{"rendered":"<div class=\"product-specs-list-container\">\n<ul class=\"product-specs-list util-clearfix\">\n<li class=\"product-prop line-limit-length\"><span\n                                        class=\"property-title\">Augstas ba\u017eas izraiso\u0161a \u0137\u012bmiska viela:&nbsp;<\/span><span\n                                        class=\"property-desc line-limit-length\">Neviens<\/span>\n                            <\/li>\n<li class=\"product-prop line-limit-length\"><span\n                                        class=\"property-title\">Izcelsme:&nbsp;<\/span><span\n                                        class=\"property-desc line-limit-length\">Kontinent\u0101l\u0101 \u0136\u012bna<\/span>\n                            <\/li>\n<li class=\"product-prop line-limit-length\"><span\n                                        class=\"property-title\">Z\u012bmola nosaukums:&nbsp;<\/span><span\n                                        class=\"property-desc line-limit-length\">VEVOR<\/span>\n                            <\/li>\n<li class=\"product-prop line-limit-length\"><span\n                                        class=\"property-title\">Z\u012bmols:&nbsp;<\/span><span\n                                        class=\"property-desc line-limit-length\">VEVOR<\/span>\n                            <\/li>\n<li class=\"product-prop line-limit-length\"><span\n                                        class=\"property-title\">Materi\u0101ls:&nbsp;<\/span><span\n                                        class=\"property-desc line-limit-length\">Lietais t\u0113rauds<\/span>\n                            <\/li>\n<li class=\"product-prop line-limit-length\"><span\n                                        class=\"property-title\">Maks. \u0137\u0113des slodze:&nbsp;<\/span><span\n                                        class=\"property-desc line-limit-length\">7100 m\u0101rci\u0146as \/ 3220 kg<\/span>\n                            <\/li>\n<li class=\"product-prop line-limit-length\"><span\n                                        class=\"property-title\">\u0136erme\u0146a strukt\u016bra:&nbsp;<\/span><span\n                                        class=\"property-desc line-limit-length\">\u0100r\u0113j\u0101 regul\u0113\u0161anas rokturis<\/span>\n                            <\/li>\n<li class=\"product-prop line-limit-length\"><span\n                                        class=\"property-title\">Spr\u016bdrata saistvielas maksim\u0101l\u0101 slodze:&nbsp;<\/span><span\n                                        class=\"property-desc line-limit-length\">12000 m\u0101rci\u0146as \/ 5443 kg<\/span>\n                            <\/li>\n<li class=\"product-prop line-limit-length\"><span\n                                        class=\"property-title\">Modelis:&nbsp;<\/span><span\n                                        class=\"property-desc line-limit-length\">3\/8-1\/2 \u0137\u0113des stiprin\u0101jumi<\/span>\n                            <\/li>\n<li class=\"product-prop line-limit-length\"><span\n                                        class=\"property-title\">Tips:&nbsp;<\/span><span\n                                        class=\"property-desc line-limit-length\">\u0136\u0113\u017eu stiprin\u0101jumi<\/span>\n                            <\/li>\n<li class=\"product-prop line-limit-length\"><span\n                                        class=\"property-title\">Funkcijas:&nbsp;<\/span><span\n                                        class=\"property-desc line-limit-length\">Vienk\u0101r\u0161a uzst\u0101d\u012b\u0161ana, iztur\u012bga pret smago darbu<\/span>\n                            <\/li>\n<li class=\"product-prop line-limit-length\"><span\n                                        class=\"property-title\">Apdare:&nbsp;<\/span><span\n                                        class=\"property-desc line-limit-length\">Pulverkr\u0101sots<\/span>\n                            <\/li>\n<\/ul><\/div>\n<div class=\"detailmodule_html\">\n<div class=\"detail-desc-decorate-richtext\">\n<div style=\"font-family:&quot;Open sans&quot;, Arial, Helvetica, sans-serif\">\n<div><img decoding=\"async\" style=\"width:100%\" width=\"100%\" src=\"https:\/\/d2qc09rl1gfuof.cloudfront.net\/vevor\/boutique-banner\/pc\/banner-en.jpg\" slate-data-type=\"image\"\/><\/div>\n<div>\n<div style=\"font-size:16px;font-weight:bold;text-align:center;color:rgb(34, 34, 34);margin:24px 0px;margin-bottom:24px;margin-top:24px;margin-left:0px;margin-right:0px\" align=\"center\">P\u0101rn\u0113s\u0101jams spr\u016bdrata slodzes saistviela<\/div>\n<div><img decoding=\"async\" style=\"width:100%\" width=\"100%\" src=\"https:\/\/d2qc09rl1gfuof.cloudfront.net\/product\/DLTJLLJQBBTYCEEB7\/chain-binder-a100-1.4.jpg\" slate-data-type=\"image\"\/><\/div>\n<div style=\"font-size:14px;text-align:center;color:rgb(34, 34, 34);margin:16px 0px 24px;margin-bottom:24px;margin-top:16px;margin-left:0px;margin-right:0px\" align=\"center\">\u0160is VEVOR spriegot\u0101js ietaupa darbu vair\u0101k nek\u0101 parastie. Varat no\u0146emt rokturi un ievietot to instrumentu kast\u0113 vai \u0161aur\u0101 automa\u0161\u012bnas glab\u0101\u0161anas viet\u0101. Ide\u0101li piem\u0113rots da\u017e\u0101du smagu pre\u010du, apr\u012bkojuma un transportl\u012bdzek\u013cu p\u0101rvad\u0101\u0161anai. Nog\u0101d\u0101jiet savus produktus tur, kur tiem j\u0101b\u016bt, ar VEVOR!<\/div>\n<\/div>\n<div>\n<div style=\"font-size:16px;font-weight:bold;text-align:center;color:rgb(34, 34, 34);margin:24px 0px;margin-bottom:24px;margin-top:24px;margin-left:0px;margin-right:0px\" align=\"center\"><\/div>\n<div style=\"margin:8px 0px;margin-bottom:8px;margin-top:8px;margin-left:0px;margin-right:0px\"><img decoding=\"async\" style=\"width:100%\" width=\"100%\" src=\"https:\/\/d2qc09rl1gfuof.cloudfront.net\/product\/DLTJLLJQBBTYCEEB7\/chain-binder-a100-2.2.jpg\" slate-data-type=\"image\"\/><\/div>\n<div style=\"font-size:14px;text-align:center;color:rgb(34, 34, 34);margin:16px 0px 24px;margin-bottom:24px;margin-top:16px;margin-left:0px;margin-right:0px\" align=\"center\">Spr\u016bdrata meh\u0101nisms pal\u012bdz viegli pievilkt\/atsl\u0101bin\u0101t \u0137\u0113di. 40 cm rokturis ir par 5 cm gar\u0101ks nek\u0101 parastais, un darbietilp\u012bbu ietaupo\u0161ais efekts ir palielin\u0101ts par 14%, lai nodro\u0161in\u0101tu vieglu darb\u012bbu.<\/div>\n<\/div>\n<div>\n<div style=\"font-size:16px;font-weight:bold;text-align:center;color:rgb(34, 34, 34);margin:24px 0px;margin-bottom:24px;margin-top:24px;margin-left:0px;margin-right:0px\" align=\"center\"><\/div>\n<div style=\"margin:8px 0px;margin-bottom:8px;margin-top:8px;margin-left:0px;margin-right:0px\"><img decoding=\"async\" style=\"width:100%\" width=\"100%\" src=\"https:\/\/d2qc09rl1gfuof.cloudfront.net\/product\/DLTJLLJQBBTYCEEB7\/chain-binder-a100-2.3.jpg\" slate-data-type=\"image\"\/><\/div>\n<div style=\"font-size:14px;text-align:center;color:rgb(34, 34, 34);margin:16px 0px 24px;margin-bottom:24px;margin-top:16px;margin-left:0px;margin-right:0px\" align=\"center\">P\u0101rsl\u0113dziet sl\u0113dzi, lai kontrol\u0113tu spr\u016bdrata pozit\u012bvo un negat\u012bvo rot\u0101ciju. P\u0101rkl\u0101t\u0101 virsma ir iztur\u012bga pret r\u016bsu un koroziju, kas ir piem\u0113rota visa veida skarbajiem lauka darbiem.<\/div>\n<\/div>\n<div>\n<div style=\"font-size:16px;font-weight:bold;text-align:center;color:rgb(34, 34, 34);margin:24px 0px;margin-bottom:24px;margin-top:24px;margin-left:0px;margin-right:0px\" align=\"center\"><\/div>\n<div style=\"margin:8px 0px;margin-bottom:8px;margin-top:8px;margin-left:0px;margin-right:0px\"><img decoding=\"async\" style=\"width:100%\" width=\"100%\" src=\"https:\/\/d2qc09rl1gfuof.cloudfront.net\/product\/DLTJLLJQBBTYCEEB7\/chain-binder-a100-2.4.jpg\" slate-data-type=\"image\"\/><\/div>\n<div style=\"font-size:14px;text-align:center;color:rgb(34, 34, 34);margin:16px 0px 24px;margin-bottom:24px;margin-top:16px;margin-left:0px;margin-right:0px\" align=\"center\">Augstas temperat\u016bras kaltas G80 lie\u0161anas t\u0113rauda \u0137\u0113des nav viegli deform\u0113jamas un salau\u017eamas pat skarbos \u0101ra apst\u0101k\u013cos ilgu laiku, un t\u0101s ir iztur\u012bgas pret nodilumu un koroziju.<\/div>\n<\/div>\n<div>\n<div style=\"font-size:16px;font-weight:bold;text-align:center;color:rgb(34, 34, 34);margin:24px 0px;margin-bottom:24px;margin-top:24px;margin-left:0px;margin-right:0px\" align=\"center\"><\/div>\n<div style=\"margin:8px 0px;margin-bottom:8px;margin-top:8px;margin-left:0px;margin-right:0px\"><img decoding=\"async\" style=\"width:100%\" width=\"100%\" src=\"https:\/\/d2qc09rl1gfuof.cloudfront.net\/product\/DLTJLLJQBBTYCEEB7\/chain-binder-a100-2.5.jpg\" slate-data-type=\"image\"\/><\/div>\n<div style=\"font-size:14px;text-align:center;color:rgb(34, 34, 34);margin:16px 0px 24px;margin-bottom:24px;margin-top:16px;margin-left:0px;margin-right:0px\" align=\"center\">Rokturis ir no\u0146emams, ko var izmantot vair\u0101kiem m\u0113r\u0137iem. Turkl\u0101t spr\u016bdrata stiprin\u0101juma ma\u0161\u012bna var aizst\u0101t parasto kravas vagonu stiep\u013cu pievilk\u0161anas ier\u012bci.<\/div>\n<\/div>\n<div style=\"margin:16px 0px 24px;margin-bottom:24px;margin-top:16px;margin-left:0px;margin-right:0px\"><\/div>\n<div style=\"margin:24px 0px;margin-bottom:24px;margin-top:24px;margin-left:0px;margin-right:0px\">\n<div style=\"font-size:16px;font-weight:bold;color:rgb(34, 34, 34);margin:24px 0px 16px;margin-bottom:16px;margin-top:24px;margin-left:0px;margin-right:0px\">Funkcijas un inform\u0101cija<\/div>\n<ul style=\"margin:16px 0px 24px;margin-bottom:24px;margin-top:16px;margin-left:0px;margin-right:0px\">\n<li style=\"font-size:14px;color:rgb(34, 34, 34)\">\n<p>Darbu taupo\u0161a darb\u012bba: Gatavojieties palielin\u0101tam garumam! 40 cm gari rokturi nodro\u0161ina sviras efektu, un spr\u016bdrata rokturi to palielina. Met\u0101la rievotais rokturis un ieliekti izliekt\u0101 tekst\u016bras gumijas rokturis pal\u012bdz pan\u0101kt pretsl\u012bdes efektu, t\u0101p\u0113c to ir \u0113rti satvert un viegli lietot.<\/p>\n<\/li>\n<li style=\"font-size:14px;color:rgb(34, 34, 34)\">\n<p>Rad\u012bts sare\u017e\u0123\u012btiem darbiem: Kravas stiprin\u0101juma \u0101\u0137is ir izgatavots no liet\u0101 t\u0113rauda, kas nodro\u0161ina liel\u0101ku kravnes\u012bbu. Virsma ir p\u0101rkl\u0101ta, lai nov\u0113rstu r\u016bs\u0113\u0161anu. Darba slodzes ierobe\u017eojums: 12000 m\u0101rci\u0146as, p\u0101rrau\u0161anas iztur\u012bba: 48000 m\u0101rci\u0146as. Piem\u0113rojams 3\/8&quot; un 1\/2&quot; \u0137\u0113d\u0113m. 3\/8&quot; G80 \u0137\u0113des darba slodzes ierobe\u017eojums: 7100 m\u0101rci\u0146as, p\u0101rrau\u0161anas iztur\u012bba: 28400 m\u0101rci\u0146as.<\/p>\n<\/li>\n<li style=\"font-size:14px;color:rgb(34, 34, 34)\">\n<p>Vienk\u0101r\u0161a uzglab\u0101\u0161ana: Neuztraucieties par uzglab\u0101\u0161anu. Uzglab\u0101\u0161anas sare\u017e\u0123\u012bjumi pieder pag\u0101tnei. Rokturim ir patent\u0113ta, no\u0146emama konstrukcija, kuru var uzglab\u0101t \u0161aur\u0101 kravas automa\u0161\u012bnas viet\u0101, vienk\u0101r\u0161i no\u0146emot rokturi. Tas ir piem\u0113rojams ar\u012b kravas vagonu spriegot\u0101jiem.<\/p>\n<\/li>\n<li style=\"font-size:14px;color:rgb(34, 34, 34)\">\n<p>Dro\u0161\u012bba ir m\u016bsu priorit\u0101te: Pareizi nov\u0113rt\u0113ta, \u0146emot v\u0113r\u0101 j\u016bsu dro\u0161\u012bbu, saistvielai ir pretnokri\u0161anas mar\u0137\u0113jums, lai pasarg\u0101tu j\u016bsu k\u0101jas no triecieniem. Uzlabotais \u0101r\u0113jais sl\u0113d\u017ea dizains ir darbasp\u0113ka taup\u012b\u0161anas risin\u0101jums un neiespied\u012bs j\u016bsu rokas. Kalts tv\u0113r\u0113js ar 360 gr\u0101du rot\u0101ciju nodro\u0161ina maksim\u0101lu iztur\u012bbu un uzticam\u012bbu.<\/p>\n<\/li>\n<li style=\"font-size:14px;color:rgb(34, 34, 34)\">\n<p>Piem\u0113rojams vair\u0101kiem scen\u0101rijiem: M\u016bsu spr\u016bdrata stiprin\u0101jumi ir paredz\u0113ti kravu nostiprin\u0101\u0161anai \u0137\u0113des stiprin\u0101\u0161anas lietojumos transport\u0101, r\u016bpniec\u012bb\u0101 un lauksaimniec\u012bb\u0101, k\u0101 ar\u012b kravu notur\u0113\u0161anai j\u016bras nozar\u0113, lauksaimniec\u012bbas un \u0101ra komun\u0101lajos darbos. Atbilst vis\u0101m CVSA, DOT, NACM un FMCSA pras\u012bb\u0101m. Uzman\u012bbu: \u0161is kravu stiprin\u0101jums nav paredz\u0113ts vai apstiprin\u0101ts cel\u0161anai virs galvas.<\/p>\n<\/li>\n<\/ul>\n<\/div>\n<div>\n<div>\n<div style=\"margin:16px 0px 24px;margin-bottom:24px;margin-top:16px;margin-left:0px;margin-right:0px\"><img decoding=\"async\" style=\"width:100%\" width=\"100%\" src=\"https:\/\/d2qc09rl1gfuof.cloudfront.net\/product\/DLTJLLJQBBTYCEEB7\/chain-binder-a100-1.11.jpg\" slate-data-type=\"image\"\/><\/div>\n<\/div>\n<\/div>\n<\/div>\n<\/div>\n<\/div>\n<p><\/p>","protected":false},"excerpt":{"rendered":"<p>Hign-concerned Chemical:&nbsp;None Origin:&nbsp;Mainland China Brand Name:&nbsp;VEVOR Brand:&nbsp;VEVOR Material:&nbsp;Cast Steel Max. Load of Chain:&nbsp;7100 lbs \/ 3220 kg Pawl Structure:&nbsp;External Adjusting Handle Max. Load of Ratchet Binder:&nbsp;12000 lbs \/ 5443 kg<\/p>","protected":false},"featured_media":24939,"comment_status":"open","ping_status":"closed","template":"","meta":{"_acf_changed":false},"product_brand":[],"product_cat":[517],"product_tag":[],"class_list":{"0":"post-24937","1":"product","2":"type-product","3":"status-publish","4":"has-post-thumbnail","6":"product_cat-electric-lifting-hoists","8":"first","9":"instock","10":"shipping-taxable","11":"purchasable","12":"product-type-variable"},"acf":[],"_links":{"self":[{"href":"https:\/\/electricstore.eu\/lv\/wp-json\/wp\/v2\/product\/24937","targetHints":{"allow":["GET"]}}],"collection":[{"href":"https:\/\/electricstore.eu\/lv\/wp-json\/wp\/v2\/product"}],"about":[{"href":"https:\/\/electricstore.eu\/lv\/wp-json\/wp\/v2\/types\/product"}],"replies":[{"embeddable":true,"href":"https:\/\/electricstore.eu\/lv\/wp-json\/wp\/v2\/comments?post=24937"}],"wp:featuredmedia":[{"embeddable":true,"href":"https:\/\/electricstore.eu\/lv\/wp-json\/wp\/v2\/media\/24939"}],"wp:attachment":[{"href":"https:\/\/electricstore.eu\/lv\/wp-json\/wp\/v2\/media?parent=24937"}],"wp:term":[{"taxonomy":"product_brand","embeddable":true,"href":"https:\/\/electricstore.eu\/lv\/wp-json\/wp\/v2\/product_brand?post=24937"},{"taxonomy":"product_cat","embeddable":true,"href":"https:\/\/electricstore.eu\/lv\/wp-json\/wp\/v2\/product_cat?post=24937"},{"taxonomy":"product_tag","embeddable":true,"href":"https:\/\/electricstore.eu\/lv\/wp-json\/wp\/v2\/product_tag?post=24937"}],"curies":[{"name":"wp","href":"https:\/\/api.w.org\/{rel}","templated":true}]}}