{"id":24782,"date":"2025-05-20T18:42:45","date_gmt":"2025-05-20T18:42:45","guid":{"rendered":"https:\/\/electricstore.eu\/p\/uncategorized\/vevor-2200lbs-electric-chain-hoist-10-5-ft-min-single-phase-overhead-crane-with-g100-chain-lifting-wired-control-for-garage-shop\/"},"modified":"2025-05-20T18:44:11","modified_gmt":"2025-05-20T18:44:11","slug":"vevor-2200lbs-electric-chain-hoist-10-5-ft-min-single-phase-overhead-crane-with-g100-chain-lifting-wired-control-for-garage-shop","status":"publish","type":"product","link":"https:\/\/electricstore.eu\/lv\/p\/o\/electric-lifting-hoists\/vevor-2200lbs-electric-chain-hoist-10-5-ft-min-single-phase-overhead-crane-with-g100-chain-lifting-wired-control-for-garage-shop\/","title":{"rendered":"VEVOR 2200 m\u0101rci\u0146u elektrisk\u0101 \u0137\u0113des pac\u0113l\u0101ja 10,5 p\u0113das\/min vienf\u0101zes virszemes celtnis ar G100 \u0137\u0113des pacel\u0161anas vadu vad\u012bbu gar\u0101\u017eas darbn\u012bcai"},"content":{"rendered":"<div class=\"product-specs-list-container\">\n<ul class=\"product-specs-list util-clearfix\">\n<li class=\"product-prop line-limit-length\"><span\n                                        class=\"property-title\">Augstas ba\u017eas izraiso\u0161a \u0137\u012bmiska viela:&nbsp;<\/span><span\n                                        class=\"property-desc line-limit-length\">Neviens<\/span>\n                            <\/li>\n<li class=\"product-prop line-limit-length\"><span\n                                        class=\"property-title\">Izcelsme:&nbsp;<\/span><span\n                                        class=\"property-desc line-limit-length\">Kontinent\u0101l\u0101 \u0136\u012bna<\/span>\n                            <\/li>\n<li class=\"product-prop line-limit-length\"><span\n                                        class=\"property-title\">Z\u012bmola nosaukums:&nbsp;<\/span><span\n                                        class=\"property-desc line-limit-length\">VEVOR<\/span>\n                            <\/li>\n<li class=\"product-prop line-limit-length\"><span\n                                        class=\"property-title\">Preces mode\u013ca numurs:&nbsp;<\/span><span\n                                        class=\"property-desc line-limit-length\">BDH1000<\/span>\n                            <\/li>\n<li class=\"product-prop line-limit-length\"><span\n                                        class=\"property-title\">Slodzes jauda:&nbsp;<\/span><span\n                                        class=\"property-desc line-limit-length\">1100W<\/span>\n                            <\/li>\n<li class=\"product-prop line-limit-length\"><span\n                                        class=\"property-title\">Max Lifting Height:&nbsp;<\/span><span\n                                        class=\"property-desc line-limit-length\">10 ft\/3 m<\/span>\n                            <\/li>\n<li class=\"product-prop line-limit-length\"><span\n                                        class=\"property-title\">Cel\u0161anas slodze:&nbsp;<\/span><span\n                                        class=\"property-desc line-limit-length\">2200 lbs\/998 kg<\/span>\n                            <\/li>\n<li class=\"product-prop line-limit-length\"><span\n                                        class=\"property-title\">\u0136\u0113des materi\u0101ls:&nbsp;<\/span><span\n                                        class=\"property-desc line-limit-length\">8620 le\u0123\u0113tais t\u0113rauds<\/span>\n                            <\/li>\n<li class=\"product-prop line-limit-length\"><span\n                                        class=\"property-title\">Tips:&nbsp;<\/span><span\n                                        class=\"property-desc line-limit-length\">Elektrisk\u0101 \u0137\u0113des pac\u0113l\u0101ja<\/span>\n                            <\/li>\n<\/ul><\/div>\n<div class=\"detailmodule_html\">\n<div class=\"detail-desc-decorate-richtext\">\n<div><\/div>\n<div style=\"font-family:&quot;Open sans&quot;, Arial, Helvetica, sans-serif\">\n<div><img decoding=\"async\" style=\"width:100%\" width=\"100%\" src=\"https:\/\/d2qc09rl1gfuof.cloudfront.net\/vevor\/boutique-banner\/pc\/banner-en.jpg\" slate-data-type=\"image\"\/><\/div>\n<div>\n<div style=\"font-size:16px;font-weight:bold;text-align:center;color:rgb(34, 34, 34);margin:24px 0px;margin-bottom:24px;margin-top:24px;margin-left:0px;margin-right:0px\" align=\"center\">VEVOR elektrisk\u0101 \u0137\u0113des pac\u0113l\u0101ja \u2014 mainiet savu skat\u012bjumu uz cel\u0161anu<\/div>\n<div><img decoding=\"async\" style=\"width:100%\" width=\"100%\" src=\"https:\/\/d2qc09rl1gfuof.cloudfront.net\/product\/DDHLHLCS25MDFZHUD\/chain-hoist-a100-1.4-pt.jpg\" slate-data-type=\"image\"\/><\/div>\n<div style=\"font-size:14px;text-align:center;color:rgb(34, 34, 34);margin:16px 0px 24px;margin-bottom:24px;margin-top:16px;margin-left:0px;margin-right:0px\" align=\"center\">M\u016bsu elektriskajam \u0137\u0113des pac\u0113l\u0101jam ir liela celtsp\u0113ja, kas padara to ide\u0101li piem\u0113rotu smagu priek\u0161metu cel\u0161anai gar\u0101\u017e\u0101s. T\u0101 lielais cel\u0161anas \u0101trums nodro\u0161ina efekt\u012bvu darb\u012bbu bez ilga gaid\u012b\u0161anas laika.<\/div>\n<\/div>\n<div>\n<div>\u00a0<\/div>\n<div style=\"margin:8px 0px;margin-bottom:8px;margin-top:8px;margin-left:0px;margin-right:0px\"><img decoding=\"async\" style=\"width:100%\" width=\"100%\" src=\"https:\/\/d2qc09rl1gfuof.cloudfront.net\/product\/DDHLHLCS25MDFZHUD\/chain-hoist-a100-2.2-pt.jpg\" slate-data-type=\"image\"\/><\/div>\n<div style=\"font-size:14px;text-align:center;color:rgb(34, 34, 34);margin:16px 0px 24px;margin-bottom:24px;margin-top:16px;margin-left:0px;margin-right:0px\" align=\"center\">Iztur\u012bg\u0101 \u0137\u0113de nodro\u0161ina maz\u0101ku kop\u0113jo svaru un liel\u0101ku \u0137\u0113des elektrisk\u0101 pac\u0113l\u0101ja iztur\u012bbu. T\u0101 p\u0101rvad\u0101 smagas kravas, vienlaikus saglab\u0101jot \u0113rt\u012bbas.<\/div>\n<\/div>\n<div>\n<div>\u00a0<\/div>\n<div style=\"margin:8px 0px;margin-bottom:8px;margin-top:8px;margin-left:0px;margin-right:0px\"><img decoding=\"async\" style=\"width:100%\" width=\"100%\" src=\"https:\/\/d2qc09rl1gfuof.cloudfront.net\/product\/DDHLHLCS25MDFZHUD\/chain-hoist-a100-2.3-pt.jpg\" slate-data-type=\"image\"\/><\/div>\n<div style=\"font-size:14px;text-align:center;color:rgb(34, 34, 34);margin:16px 0px 24px;margin-bottom:24px;margin-top:16px;margin-left:0px;margin-right:0px\" align=\"center\">\u0160im \u0137\u0113des elektriskajam pac\u0113l\u0101jam ir \u0113rts un praktisks dizains, tostarp pacel\u0161anas cilpa da\u017e\u0101du smagu priek\u0161metu cel\u0161anai. Jut\u012bg\u0101 t\u0101lvad\u012bbas pults nodro\u0161ina prec\u012bzu un \u0113rtu cel\u0161anu.<\/div>\n<\/div>\n<div>\n<div>\u00a0<\/div>\n<div style=\"margin:8px 0px;margin-bottom:8px;margin-top:8px;margin-left:0px;margin-right:0px\"><img decoding=\"async\" style=\"width:100%\" width=\"100%\" src=\"https:\/\/d2qc09rl1gfuof.cloudfront.net\/product\/DDHLHLCS25MDFZHUD\/chain-hoist-a100-2.4-pt.jpg\" slate-data-type=\"image\"\/><\/div>\n<div style=\"font-size:14px;text-align:center;color:rgb(34, 34, 34);margin:16px 0px 24px;margin-bottom:24px;margin-top:16px;margin-left:0px;margin-right:0px\" align=\"center\">Efekt\u012bvais vara motors nodro\u0161ina stabilu un dro\u0161u smagu priek\u0161metu cel\u0161anu. Ar av\u0101rijas bremz\u0113\u0161anas sist\u0113mu un gaisa dzes\u0113\u0161anas sist\u0113mu elektrisk\u0101 \u0137\u0113des pac\u0113l\u0101ja ir uzticama un dro\u0161a lieto\u0161an\u0101.<\/div>\n<\/div>\n<div>\n<div>\u00a0<\/div>\n<div style=\"margin:8px 0px;margin-bottom:8px;margin-top:8px;margin-left:0px;margin-right:0px\"><img decoding=\"async\" style=\"width:100%\" width=\"100%\" src=\"https:\/\/d2qc09rl1gfuof.cloudfront.net\/product\/DDHLHLCS25MDFZHUD\/chain-hoist-a100-2.5-pt.jpg\" slate-data-type=\"image\"\/><\/div>\n<div style=\"font-size:14px;text-align:center;color:rgb(34, 34, 34);margin:16px 0px 24px;margin-bottom:24px;margin-top:16px;margin-left:0px;margin-right:0px\" align=\"center\">M\u016bsu stiprin\u0101juma \u0137\u0113des pac\u0113l\u0101js ir uzlabojis savu iztur\u012bbu un nestsp\u0113ju, lai apmierin\u0101tu liel\u0101kas cel\u0161anas vajadz\u012bbas. T\u0101 iztur\u012bg\u0101kie un iztur\u012bg\u0101kie materi\u0101li uzlabo kalpo\u0161anas laiku un stabilit\u0101ti.<\/div>\n<\/div>\n<div style=\"margin:16px 0px 24px;margin-bottom:24px;margin-top:16px;margin-left:0px;margin-right:0px\"><\/div>\n<div style=\"margin:24px 0px;margin-bottom:24px;margin-top:24px;margin-left:0px;margin-right:0px\">\n<div style=\"font-size:16px;font-weight:bold;color:rgb(34, 34, 34);margin:24px 0px 16px;margin-bottom:16px;margin-top:24px;margin-left:0px;margin-right:0px\">Funkcijas un inform\u0101cija<\/div>\n<ul style=\"margin:16px 0px 24px;margin-bottom:24px;margin-top:16px;margin-left:0px;margin-right:0px\">\n<li style=\"font-size:14px;color:rgb(34, 34, 34)\">\n<p>2200 lbs Load Capacity: Our electric chain hoist is equipped with a G100 chain to provide a safe lifting capacity of 2200 lbs\/998 kg. It can lift all kinds of heavy objects at a speed of 10.5 ft\/min (3.2 m\/min) with a maximum lifting height of 10 ft\/3 m.<\/p>\n<\/li>\n<li style=\"font-size:14px;color:rgb(34, 34, 34)\">\n<p>Powerful Motor: The copper motor provides 1100W of power to handle heavy loads without deformation. The large radiator fan keeps the electric chain fall hoist cool to avoid overheating. All these features ensure efficient work and save you more time and energy.<\/p>\n<\/li>\n<li style=\"font-size:14px;color:rgb(34, 34, 34)\">\n<p>\u0100tra uzst\u0101d\u012b\u0161ana: M\u016bsu \u0137\u0113des elektrisko pac\u0113l\u0101ju ir viegli uzst\u0101d\u012bt, un to var tie\u0161i piek\u0101rt pie griestiem, izmantojot met\u0101la vai mas\u012bvkoka l\u012bstes. Tam ir av\u0101rijas aptur\u0113\u0161anas sl\u0113dzis un elektromagn\u0113tisk\u0101 brem\u017eu sist\u0113ma, lai nov\u0113rstu neparastu sl\u012bd\u0113\u0161anu.<\/p>\n<\/li>\n<li style=\"font-size:14px;color:rgb(34, 34, 34)\">\n<p>Extended Control Cable: The wired remote control of our chain electric lift hoist is realized through the handle switch installed on the machine by the cable. The length of the extended cable is 10 ft\/3 m, allowing you to operate at a safe distance.<\/p>\n<\/li>\n<li style=\"font-size:14px;color:rgb(34, 34, 34)\">\n<p>Izmantojiet to jebkur: M\u016bsu elektrisk\u0101 \u0137\u0113des pac\u0113l\u0101ja ir piem\u0113rota gar\u0101\u017e\u0101m, veikaliem, viesn\u012bc\u0101m un m\u0101j\u0101m, ide\u0101li piem\u0113rota gan profesion\u0101\u013ciem, gan hobijiem. T\u0101 ir lieliski piem\u0113rota laivu remontam, automa\u0161\u012bn\u0101m, z\u0101les p\u013c\u0101v\u0113jiem, golfa rati\u0146iem, m\u0101jas dekor\u0113\u0161anai, dzin\u0113jiem, laukakme\u0146iem, kokiem utt. T\u0101 ir ide\u0101ls pal\u012bgs tehnikas cel\u0161anai un ar\u012b \u0113rta medniekiem, lai pak\u0101rtu savu med\u012bjumu.<\/p>\n<\/li>\n<\/ul>\n<\/div>\n<div>\n<div>\u00a0<\/div>\n<div>\n<div>\u00a0<\/div>\n<div style=\"margin:16px 0px 24px;margin-bottom:24px;margin-top:16px;margin-left:0px;margin-right:0px\"><img decoding=\"async\" style=\"width:100%\" width=\"100%\" src=\"https:\/\/d2qc09rl1gfuof.cloudfront.net\/product\/DDHLHLCS25MDFZHUD\/chain-hoist-a100-1.11-pt.jpg\" slate-data-type=\"image\"\/><\/div>\n<\/div>\n<\/div>\n<\/div>\n<\/div>\n<\/div>\n<p><\/p>","protected":false},"excerpt":{"rendered":"<p>Hign-concerned Chemical:&nbsp;None Origin:&nbsp;Mainland China Brand Name:&nbsp;VEVOR Item Model Number:&nbsp;BDH1000 Load Power:&nbsp;1100W Max Lifting Height:&nbsp;10 ft\/3 m Lifting Load:&nbsp;2200 lbs\/998 kg Chain Material:&nbsp;8620 Alloy Steel Type:&nbsp;Electric Chain Hoist VEVOR Electric Chain<\/p>","protected":false},"featured_media":24783,"comment_status":"open","ping_status":"closed","template":"","meta":{"_acf_changed":false},"product_brand":[],"product_cat":[517],"product_tag":[],"class_list":{"0":"post-24782","1":"product","2":"type-product","3":"status-publish","4":"has-post-thumbnail","6":"product_cat-electric-lifting-hoists","8":"first","9":"instock","10":"shipping-taxable","11":"purchasable","12":"product-type-variable"},"acf":[],"_links":{"self":[{"href":"https:\/\/electricstore.eu\/lv\/wp-json\/wp\/v2\/product\/24782","targetHints":{"allow":["GET"]}}],"collection":[{"href":"https:\/\/electricstore.eu\/lv\/wp-json\/wp\/v2\/product"}],"about":[{"href":"https:\/\/electricstore.eu\/lv\/wp-json\/wp\/v2\/types\/product"}],"replies":[{"embeddable":true,"href":"https:\/\/electricstore.eu\/lv\/wp-json\/wp\/v2\/comments?post=24782"}],"wp:featuredmedia":[{"embeddable":true,"href":"https:\/\/electricstore.eu\/lv\/wp-json\/wp\/v2\/media\/24783"}],"wp:attachment":[{"href":"https:\/\/electricstore.eu\/lv\/wp-json\/wp\/v2\/media?parent=24782"}],"wp:term":[{"taxonomy":"product_brand","embeddable":true,"href":"https:\/\/electricstore.eu\/lv\/wp-json\/wp\/v2\/product_brand?post=24782"},{"taxonomy":"product_cat","embeddable":true,"href":"https:\/\/electricstore.eu\/lv\/wp-json\/wp\/v2\/product_cat?post=24782"},{"taxonomy":"product_tag","embeddable":true,"href":"https:\/\/electricstore.eu\/lv\/wp-json\/wp\/v2\/product_tag?post=24782"}],"curies":[{"name":"wp","href":"https:\/\/api.w.org\/{rel}","templated":true}]}}