{"id":24772,"date":"2025-05-20T18:42:41","date_gmt":"2025-05-20T18:42:41","guid":{"rendered":"https:\/\/electricstore.eu\/p\/uncategorized\/vevor-4400-lbs-wireless-electric-chain-hoist-with-g100-chain-20-ft-lifting-height-ip54-protection-three-phase-overhead-crane\/"},"modified":"2025-05-20T18:44:11","modified_gmt":"2025-05-20T18:44:11","slug":"vevor-4400-lbs-wireless-electric-chain-hoist-with-g100-chain-20-ft-lifting-height-ip54-protection-three-phase-overhead-crane","status":"publish","type":"product","link":"https:\/\/electricstore.eu\/lv\/p\/o\/electric-lifting-hoists\/vevor-4400-lbs-wireless-electric-chain-hoist-with-g100-chain-20-ft-lifting-height-ip54-protection-three-phase-overhead-crane\/","title":{"rendered":"VEVOR 4400 LBS bezvadu elektrisk\u0101 \u0137\u0113des pac\u0113l\u0101ja ar G100 \u0137\u0113di, 20 p\u0113du pacel\u0161anas augstums, IP54 aizsardz\u012bba, tr\u012bsf\u0101\u017eu virszemes celtnis"},"content":{"rendered":"<div class=\"product-specs-list-container\">\n<ul class=\"product-specs-list util-clearfix\">\n<li class=\"product-prop line-limit-length\"><span\n                                        class=\"property-title\">Augstas ba\u017eas izraiso\u0161a \u0137\u012bmiska viela:&nbsp;<\/span><span\n                                        class=\"property-desc line-limit-length\">Neviens<\/span>\n                            <\/li>\n<li class=\"product-prop line-limit-length\"><span\n                                        class=\"property-title\">Izcelsme:&nbsp;<\/span><span\n                                        class=\"property-desc line-limit-length\">Kontinent\u0101l\u0101 \u0136\u012bna<\/span>\n                            <\/li>\n<li class=\"product-prop line-limit-length\"><span\n                                        class=\"property-title\">Z\u012bmola nosaukums:&nbsp;<\/span><span\n                                        class=\"property-desc line-limit-length\">VEVOR<\/span>\n                            <\/li>\n<\/ul><\/div>\n<div class=\"detailmodule_html\">\n<div class=\"detail-desc-decorate-richtext\">\n<div><\/div>\n<div style=\"font-family:&quot;Open sans&quot;, Arial, Helvetica, sans-serif\">\n<div><img decoding=\"async\" style=\"width:100%\" width=\"100%\" src=\"https:\/\/d2qc09rl1gfuof.cloudfront.net\/vevor\/boutique-banner\/pc\/banner-en.jpg\" slate-data-type=\"image\"\/><\/div>\n<div>\n<div style=\"font-size:16px;font-weight:bold;text-align:center;color:rgb(34, 34, 34);margin:24px 0px;margin-bottom:24px;margin-top:24px;margin-left:0px;margin-right:0px\" align=\"center\">VEVOR elektrisk\u0101 \u0137\u0113des pac\u0113l\u0101ja \u2014 mainiet savu skat\u012bjumu uz cel\u0161anu<\/div>\n<div><img decoding=\"async\" style=\"width:100%\" width=\"100%\" src=\"https:\/\/d2qc09rl1gfuof.cloudfront.net\/product\/DDHLHLSXDDLCS5G71\/electric-hoist-a100-1.4.jpg\" slate-data-type=\"image\"\/><\/div>\n<div style=\"font-size:14px;text-align:center;color:rgb(34, 34, 34);margin:16px 0px 24px;margin-bottom:24px;margin-top:16px;margin-left:0px;margin-right:0px\" align=\"center\">M\u016bsu elektrisk\u0101 \u0137\u0113des pac\u0113l\u0101ja celtsp\u0113ja ir 4400 m\u0101rci\u0146as (apm\u0113ram 2024 kg), kas padara to ide\u0101li piem\u0113rotu smagu priek\u0161metu cel\u0161anai gar\u0101\u017e\u0101s. T\u0101 lielais cel\u0161anas \u0101trums nodro\u0161ina efekt\u012bvu darb\u012bbu bez ilga gaid\u012b\u0161anas laika.<\/div>\n<\/div>\n<div>\n<div>\u00a0<\/div>\n<div style=\"margin:8px 0px;margin-bottom:8px;margin-top:8px;margin-left:0px;margin-right:0px\"><img decoding=\"async\" style=\"width:100%\" width=\"100%\" src=\"https:\/\/d2qc09rl1gfuof.cloudfront.net\/product\/DDHLHLSXDDLCS5G71\/electric-hoist-a100-2.2.jpg\" slate-data-type=\"image\"\/><\/div>\n<div style=\"font-size:14px;text-align:center;color:rgb(34, 34, 34);margin:16px 0px 24px;margin-bottom:24px;margin-top:16px;margin-left:0px;margin-right:0px\" align=\"center\">G100 \u0137\u0113de nodro\u0161ina viegl\u0101ku kop\u0113jo svaru un liel\u0101ku iztur\u012bbu virsgalvas elektriskajam pac\u0113l\u0101jam. T\u0101 p\u0101rvad\u0101 smagas kravas, vienlaikus saglab\u0101jot \u0113rt\u012bbas.<\/div>\n<\/div>\n<div>\n<div>\u00a0<\/div>\n<div style=\"margin:8px 0px;margin-bottom:8px;margin-top:8px;margin-left:0px;margin-right:0px\"><img decoding=\"async\" style=\"width:100%\" width=\"100%\" src=\"https:\/\/d2qc09rl1gfuof.cloudfront.net\/product\/DDHLHLSXDDLCS5G71\/electric-hoist-a100-2.3.jpg\" slate-data-type=\"image\"\/><\/div>\n<div style=\"font-size:14px;text-align:center;color:rgb(34, 34, 34);margin:16px 0px 24px;margin-bottom:24px;margin-top:16px;margin-left:0px;margin-right:0px\" align=\"center\">\u0160im elektriskajam pac\u0113l\u0101jam ir \u0113rts un praktisks dizains, tostarp cel\u0161anas siksna da\u017e\u0101du smagu priek\u0161metu cel\u0161anai. Jut\u012bg\u0101 t\u0101lvad\u012bbas pults nodro\u0161ina prec\u012bzu un \u0113rtu cel\u0161anu.<\/div>\n<\/div>\n<div>\n<div>\u00a0<\/div>\n<div style=\"margin:8px 0px;margin-bottom:8px;margin-top:8px;margin-left:0px;margin-right:0px\"><img decoding=\"async\" style=\"width:100%\" width=\"100%\" src=\"https:\/\/d2qc09rl1gfuof.cloudfront.net\/product\/DDHLHLSXDDLCS5G71\/electric-hoist-a100-2.4.jpg\" slate-data-type=\"image\"\/><\/div>\n<div style=\"font-size:14px;text-align:center;color:rgb(34, 34, 34);margin:16px 0px 24px;margin-bottom:24px;margin-top:16px;margin-left:0px;margin-right:0px\" align=\"center\">Efekt\u012bvais vara motors nodro\u0161ina stabilu un dro\u0161u smagu priek\u0161metu cel\u0161anu. Ar av\u0101rijas bremz\u0113\u0161anas sist\u0113mu un gaisa dzes\u0113\u0161anas sist\u0113mu virsgalvas celtnis ir uzticams un dro\u0161s lieto\u0161an\u0101.<\/div>\n<\/div>\n<div>\n<div>\u00a0<\/div>\n<div style=\"margin:8px 0px;margin-bottom:8px;margin-top:8px;margin-left:0px;margin-right:0px\"><img decoding=\"async\" style=\"width:100%\" width=\"100%\" src=\"https:\/\/d2qc09rl1gfuof.cloudfront.net\/product\/DDHLHLSXDDLCS5G71\/electric-hoist-a100-2.5.jpg\" slate-data-type=\"image\"\/><\/div>\n<div style=\"font-size:14px;text-align:center;color:rgb(34, 34, 34);margin:16px 0px 24px;margin-bottom:24px;margin-top:16px;margin-left:0px;margin-right:0px\" align=\"center\">M\u016bsu mazais elektriskais pac\u0113l\u0101js ir uzlabojis savu iztur\u012bbu un nestsp\u0113ju, lai apmierin\u0101tu liel\u0101kas cel\u0161anas vajadz\u012bbas. T\u0101 iztur\u012bg\u0101kie un iztur\u012bg\u0101kie materi\u0101li uzlabo kalpo\u0161anas laiku un stabilit\u0101ti.<\/div>\n<\/div>\n<div style=\"margin:16px 0px 24px;margin-bottom:24px;margin-top:16px;margin-left:0px;margin-right:0px\"><\/div>\n<div style=\"margin:24px 0px;margin-bottom:24px;margin-top:24px;margin-left:0px;margin-right:0px\">\n<div style=\"font-size:16px;font-weight:bold;color:rgb(34, 34, 34);margin:24px 0px 16px;margin-bottom:16px;margin-top:24px;margin-left:0px;margin-right:0px\">Funkcijas un inform\u0101cija<\/div>\n<ul style=\"margin:16px 0px 24px;margin-bottom:24px;margin-top:16px;margin-left:0px;margin-right:0px\">\n<li style=\"font-size:14px;color:rgb(34, 34, 34)\">\n<p>4400 m\u0101rci\u0146u celtsp\u0113ja: M\u016bsu elektriskais \u0137\u0113des pac\u0113l\u0101js ir apr\u012bkots ar G100 \u0137\u0113di, lai nodro\u0161in\u0101tu dro\u0161u celtsp\u0113ju 4400 m\u0101rci\u0146as\/2 tonnas. Tas var pacelt visu veidu smagus priek\u0161metus ar \u0101trumu 26 p\u0113das\/min (7,9 m\/min) ar maksim\u0101lo pacel\u0161anas augstumu 20 p\u0113das\/6,1 m.<\/p>\n<\/li>\n<li style=\"font-size:14px;color:rgb(34, 34, 34)\">\n<p>Jaud\u012bgs motors: Vara motors nodro\u0161ina 3000 W jaudu, lai apstr\u0101d\u0101tu lielas slodzes bez deform\u0101cijas. Lielais radiatora ventilators uztur elektrisko \u0137\u0113des pac\u0113l\u0101ju v\u0113su, lai nov\u0113rstu p\u0101rkar\u0161anu. Visas \u0161\u012bs funkcijas nodro\u0161ina efekt\u012bvu darbu un ietaupa j\u016bsu laiku un ener\u0123iju.<\/p>\n<\/li>\n<li style=\"font-size:14px;color:rgb(34, 34, 34)\">\n<p>\u0100tra uzst\u0101d\u012b\u0161ana: M\u016bsu virsgaismas elektrisko pac\u0113l\u0101ju ir viegli uzst\u0101d\u012bt, un to var tie\u0161i piek\u0101rt pie griestiem, izmantojot met\u0101la vai mas\u012bvkoka l\u012bstes. Tam ir av\u0101rijas aptur\u0113\u0161anas sl\u0113dzis un elektromagn\u0113tisk\u0101 brem\u017eu sist\u0113ma, lai nov\u0113rstu neparastu sl\u012bd\u0113\u0161anu.<\/p>\n<\/li>\n<li style=\"font-size:14px;color:rgb(34, 34, 34)\">\n<p>Bezvadu t\u0101lvad\u012bbas pults: Elektriskajam pac\u0113l\u0101jam ir bezvadu t\u0101lvad\u012bbas pults ar maksim\u0101lo vad\u012bbas att\u0101lumu 328 p\u0113das\/100 m. T\u0101 nodro\u0161ina jut\u012bgu sl\u0113d\u017ea funkciju un \u013cauj vad\u012bt elektrisko pac\u0113l\u0101ju ar vienu roku, lai paceltu, novietotu un nolaistu apr\u012bkojumu.<\/p>\n<\/li>\n<li style=\"font-size:14px;color:rgb(34, 34, 34)\">\n<p>Izmantojiet to jebkur: M\u016bsu virsgalvas celtnis ir piem\u0113rots gar\u0101\u017e\u0101m, veikaliem, viesn\u012bc\u0101m un m\u0101j\u0101m, ide\u0101li piem\u0113rots gan profesion\u0101\u013ciem, gan hobijiem. Tas ir lieliski piem\u0113rots laivu remontam, automa\u0161\u012bn\u0101m, z\u0101les p\u013c\u0101v\u0113jiem, golfa rati\u0146iem, m\u0101jas dekor\u0113\u0161anai, dzin\u0113jiem, laukakme\u0146iem, kokiem utt. Tas ir ide\u0101ls pal\u012bgs tehnikas cel\u0161anai un ar\u012b \u0113rts medniekiem, lai pak\u0101rtu savu med\u012bjumu.<\/p>\n<\/li>\n<\/ul>\n<\/div>\n<div>\n<div>\u00a0<\/div>\n<div>\n<div>\u00a0<\/div>\n<div style=\"margin:16px 0px 24px;margin-bottom:24px;margin-top:16px;margin-left:0px;margin-right:0px\"><img decoding=\"async\" style=\"width:100%\" width=\"100%\" src=\"https:\/\/d2qc09rl1gfuof.cloudfront.net\/product\/DDHLHLSXDDLCS5G71\/electric-hoist-a100-1.11.jpg\" slate-data-type=\"image\"\/><\/div>\n<\/div>\n<\/div>\n<\/div>\n<\/div>\n<\/div>\n<p><\/p>","protected":false},"excerpt":{"rendered":"<p>Hign-concerned Chemical:&nbsp;None Origin:&nbsp;Mainland China Brand Name:&nbsp;VEVOR VEVOR Electric Chain Hoist\u2013Change the Way You Look at Lifting Our electric chain fall hoist has a lifting capacity of 4400 lbs, making it<\/p>","protected":false},"featured_media":24774,"comment_status":"open","ping_status":"closed","template":"","meta":{"_acf_changed":false},"product_brand":[],"product_cat":[517],"product_tag":[],"class_list":{"0":"post-24772","1":"product","2":"type-product","3":"status-publish","4":"has-post-thumbnail","6":"product_cat-electric-lifting-hoists","8":"first","9":"instock","10":"shipping-taxable","11":"purchasable","12":"product-type-variable"},"acf":[],"_links":{"self":[{"href":"https:\/\/electricstore.eu\/lv\/wp-json\/wp\/v2\/product\/24772","targetHints":{"allow":["GET"]}}],"collection":[{"href":"https:\/\/electricstore.eu\/lv\/wp-json\/wp\/v2\/product"}],"about":[{"href":"https:\/\/electricstore.eu\/lv\/wp-json\/wp\/v2\/types\/product"}],"replies":[{"embeddable":true,"href":"https:\/\/electricstore.eu\/lv\/wp-json\/wp\/v2\/comments?post=24772"}],"wp:featuredmedia":[{"embeddable":true,"href":"https:\/\/electricstore.eu\/lv\/wp-json\/wp\/v2\/media\/24774"}],"wp:attachment":[{"href":"https:\/\/electricstore.eu\/lv\/wp-json\/wp\/v2\/media?parent=24772"}],"wp:term":[{"taxonomy":"product_brand","embeddable":true,"href":"https:\/\/electricstore.eu\/lv\/wp-json\/wp\/v2\/product_brand?post=24772"},{"taxonomy":"product_cat","embeddable":true,"href":"https:\/\/electricstore.eu\/lv\/wp-json\/wp\/v2\/product_cat?post=24772"},{"taxonomy":"product_tag","embeddable":true,"href":"https:\/\/electricstore.eu\/lv\/wp-json\/wp\/v2\/product_tag?post=24772"}],"curies":[{"name":"wp","href":"https:\/\/api.w.org\/{rel}","templated":true}]}}