{"id":24753,"date":"2025-05-20T18:42:28","date_gmt":"2025-05-20T18:42:28","guid":{"rendered":"https:\/\/electricstore.eu\/p\/uncategorized\/24v-kids-electric-motorcycle-150w-7-5mph-led-lights-dual-speed-for-ages-6-143lbs-capacity\/"},"modified":"2025-05-20T18:43:41","modified_gmt":"2025-05-20T18:43:41","slug":"24v-kids-electric-motorcycle-150w-7-5mph-led-lights-dual-speed-for-ages-6-143lbs-capacity","status":"publish","type":"product","link":"https:\/\/electricstore.eu\/lv\/p\/motorbikes\/electric-children-motorbikes\/24v-kids-electric-motorcycle-150w-7-5mph-led-lights-dual-speed-for-ages-6-143lbs-capacity\/","title":{"rendered":"24 V b\u0113rnu elektriskais motocikls, 150 W, 7,5 j\u016bdzes stund\u0101, LED gaismas, divu \u0101trumu, vecumam no 6 gadiem, ietilp\u012bba 143 m\u0101rci\u0146as"},"content":{"rendered":"<div class=\"product-specs-list-container\">\n<ul class=\"product-specs-list util-clearfix\">\n<li class=\"product-prop line-limit-length\"><span\n                                        class=\"property-title\">Augstas ba\u017eas izraiso\u0161a \u0137\u012bmiska viela:&nbsp;<\/span><span\n                                        class=\"property-desc line-limit-length\">Neviens<\/span>\n                            <\/li>\n<li class=\"product-prop line-limit-length\"><span\n                                        class=\"property-title\">Izcelsme:&nbsp;<\/span><span\n                                        class=\"property-desc line-limit-length\">Kontinent\u0101l\u0101 \u0136\u012bna<\/span>\n                            <\/li>\n<li class=\"product-prop line-limit-length\"><span\n                                        class=\"property-title\">Preces veids:&nbsp;<\/span><span\n                                        class=\"property-desc line-limit-length\">elektriskie motocikli<\/span>\n                            <\/li>\n<\/ul><\/div>\n<div class=\"detailmodule_text-image\">\n<p style=\"font-size:16px\">Apraksts<br \/>Vai v\u0113laties saviem b\u0113rniem d\u0101v\u0101t jautr\u012bbas un izzin\u0101\u0161anas pilnu b\u0113rn\u012bbu? Tad \u0161is b\u0113rnu elektriskais motocikls ir ide\u0101la izv\u0113le jums! Ar savu stil\u012bgo un uzman\u012bbu piesaisto\u0161o dizainu tas acumirkl\u012b p\u0101rveido b\u0113rnus par maziem sac\u012bk\u0161u brauc\u0113jiem, par\u0101dot vi\u0146u b\u0113rni\u0161\u0137\u012bgo stilu. \u013baujiet tam iekv\u0113lin\u0101t j\u016bsu b\u0113rnu aizrau\u0161anos ar izzin\u0101\u0161anu un virz\u012bt vi\u0146us uz laim\u012bgu n\u0101kotni!<\/p>\n<p>Galven\u0101s iez\u012bmes<br \/>Iztur\u012bgs: Tas ir izgatavots no augstas kvalit\u0101tes dzelzs un b\u0113rniem draudz\u012bga polipropil\u0113na (PP), izmantojot plastmasas izsmidzin\u0101\u0161anas un \u016bdens p\u0101rneses drukas procesus, padarot to videi draudz\u012bgu, iztur\u012bgu pret koroziju, mitrumu, laikapst\u0101k\u013ciem, noveco\u0161anos un nodilumiztur\u012bgu, t\u0101p\u0113c tas labi iztur laika p\u0101rbaudi.<\/p>\n<p>Efekt\u012bva elektrisk\u0101 sist\u0113ma: Ar 150 W lielu jaudu un 24 V 3,0 Ah uzl\u0101d\u0113jamu akumulatoru j\u016bs varat braukt aptuveni 1,2 stundas p\u0113c 3\u20135 stundu uzl\u0101des, kas var apmierin\u0101t j\u016bsu b\u0113rna brauk\u0161anas prieku bez bie\u017eas uzl\u0101des.<\/p>\n<p>Divu \u0101trumu re\u017e\u012bms: Elektriskais motocikls ir apr\u012bkots ar 2 \u0101trumu regul\u0113jamu funkciju (4,97 j\u016bdzes\/h, 7,46 j\u016bdzes\/h), j\u016bs varat br\u012bvi p\u0101rsl\u0113gties starp liela un maza \u0101truma re\u017e\u012bmiem atbilsto\u0161i ce\u013ca apst\u0101k\u013ciem un person\u012bgajiem brauk\u0161anas paradumiem, kas ir \u012bpa\u0161i piem\u0113rots b\u0113rniem vai ies\u0101c\u0113jiem, lai izbaud\u012btu brauk\u0161anas prieku. <\/p>\n<p>Jautra brauk\u0161ana: Tam ir stil\u012bgs motocikla dizains un kr\u0101sainas LED gaismas (sarkanas, zilas un za\u013cas), kas atbilst b\u0113rnu interes\u0113m, \u013caujot braukt daudz viegl\u0101k un jautr\u0101k. <\/p>\n<p>\u0112rts un dro\u0161s: Ergonomiskais s\u0113deklis nodro\u0161ina lielisku un \u0113rtu brauk\u0161anas pieredzi b\u0113rniem. Turkl\u0101t aizmugur\u0113j\u0101 disku brem\u017eu sist\u0113ma nodro\u0161ina j\u016bsu b\u0113rna dro\u0161\u012bbu brauk\u0161anas laik\u0101, un \u012bsais roktura stienis ir efekt\u012bvs \u0101trai bremz\u0113\u0161anai.                                      <\/p>\n<p>Sp\u0113c\u012bga kravnes\u012bba: Stabilais dzelzs r\u0101mis, tr\u012bsst\u016brveida konstrukcija un stingrais skr\u016bvju savienojums nodro\u0161ina izstr\u0101d\u0101juma kravnes\u012bbu 143,3 m\u0101rci\u0146as (71,3 kg), kas \u013cauj justies \u0113rt\u0101k, to lietojot.<\/p>\n<p>Viegli kopjams: Pateicoties gludai virsmai un vienk\u0101r\u0161ai strukt\u016brai, net\u012brumus var viegli noslauc\u012bt ar m\u012bkstu dr\u0101nu.\u00a0<\/p>\n<p>Br\u012bni\u0161\u0137\u012bga d\u0101vana: \u0160is produkts var iekurt b\u0113rna aizrau\u0161anos ar izp\u0113ti un piedz\u012bvojumiem, pal\u012bdz\u0113t att\u012bst\u012bt drosmi, zin\u0101tk\u0101ri, k\u0101 ar\u012b lieliskas kontroles un brauk\u0161anas prasmes, kas vi\u0146u izcels no p\u016b\u013ca, padarot to par ide\u0101lu dzim\u0161anas dienas un sv\u0113tku d\u0101vanu j\u016bsu b\u0113rnam.<\/p>\n<p>Mont\u0101\u017ea pavisam vienk\u0101r\u0161a: Piln\u012bgi uzst\u0101d\u012b\u0161anas piederumi, detaliz\u0113ta lieto\u0161anas instrukcija un vienk\u0101r\u0161a konstrukcija \u013cauj veikt mont\u0101\u017eu \u013coti \u012bs\u0101 laik\u0101.\u00a0 \u00a0<\/p>\n<p>Laba klientu apkalpo\u0161ana: M\u0113s atbalst\u0101m visus savus viesus un labpr\u0101t pal\u012bdz\u0113sim jums ar pirkumu. Mums ir prieks atbild\u0113t uz j\u016bsu neskaidr\u012bb\u0101m un jaut\u0101jumiem. M\u016bsu st\u0101sta beigas nav &quot;m\u0113s p\u0101rdodam, bet j\u016bs p\u0113rkat&quot;.<\/p>\n<p>S\u012bk\u0101ka inform\u0101cija<br \/>Nesl\u012bdo\u0161s ped\u0101lis: tas palielina berzi starp p\u0113das zoli un ped\u0101li, lai nov\u0113rstu sl\u012bd\u0113\u0161anu.<\/p>\n<p>Nesl\u012bdo\u0161as riepas: Riepas ar nesl\u012bdo\u0161\u0101m riev\u0101m ir iztur\u012bgas un sa\u0137er\u012bgas, k\u0101 ar\u012b nov\u0113r\u0161 sl\u012bd\u0113\u0161anu uz slapjiem ce\u013ciem. <\/p>\n<p>Uzl\u0101des indikators: L\u0101d\u0113t\u0101jam ir indikatora lampi\u0146a, lai j\u016bs var\u0113tu viegli kontrol\u0113t uzl\u0101des statusu. Indikators uzl\u0101des laik\u0101 ir sarkans, bet, kad uzl\u0101de ir pabeigta, tas ir za\u013c\u0161.<\/p>\n<p>Praktiski sp\u0101rni: Priek\u0161\u0113jie un aizmugur\u0113jie sp\u0101rni zin\u0101m\u0101 m\u0113r\u0101 pasarg\u0101 j\u016bs un j\u016bsu velosip\u0113du no dub\u013cu \u0161\u013cakat\u0101m, braucot pa dub\u013cainiem ce\u013ciem.<\/p>\n<p>Pieteikums<br \/>\u0160is produkts ir piem\u0113rots b\u0113rniem un pusaud\u017eiem, kas vec\u0101ki par 6 gadiem un sver ne vair\u0101k k\u0101 50 kg. To var izmantot ar\u012b brauk\u0161anai pa \u0101r\u0113j\u0101m virsm\u0101m, piem\u0113ram, asfaltu, \u0137ie\u0123e\u013ciem un cementu.<\/p>\n<p>Specifik\u0101cija<br \/>Kr\u0101sa: melna<br \/>Stils: Moderns<br \/>Materi\u0101ls: Dzelzs, PP<br \/>Process: plastmasas izsmidzin\u0101\u0161ana, \u016bdens p\u0101rneses druka<br \/>Nepiecie\u0161ama mont\u0101\u017ea: J\u0101<br \/>Bremze: Disku bremze<br \/>Gaismas avots: LED<br \/>Gaismas kr\u0101sas: sarkana, zila, za\u013ca<br \/>Baro\u0161anas avots: ar vadu elektrisks<br \/>Spraud\u0146a tips: ES standarts<br \/>Spriegums: 24V<br \/>Jauda: 150 W<br \/>Akumulatora ietilp\u012bba: 24 V 3,0 Ah<br \/>Adaptera modelis: DCSP294100<br \/>Ieeja: 100\u2013240 V mai\u0146str\u0101va, 50\/60 Hz, 2 A maks.<br \/>Izeja: l\u012bdzstr\u0101va 29,4 V 1 A                     <br \/>Uzl\u0101des laiks: 3\u20135 stundas<br \/>Iztur\u012bbas laiks: apm\u0113ram 1,2 stundas<br \/>Maksim\u0101l\u0101 slodzes iztur\u012bba: 65 kg \/ 143,3 m\u0101rci\u0146as<br \/>Piem\u0113rots vecums: &gt; 6 gadi<br \/>\u0100trums: aptuveni 8 km\/4,97 j\u016bdzes\/h, 12 km\/7,46 j\u016bdzes\/h<br \/>Rite\u0146a diametrs: 30,48 cm \/ 12 collas<br \/>K\u0101p\u0161anas gr\u0101ds: 15\u00b0<br \/>Bruto svars: 16 kg \/ 35,27 m\u0101rci\u0146as <br \/>Iepakojuma izm\u0113rs: 95 * 50 * 20 cm \/ 37,4 * 19,69 * 7,87 collas<br \/>Produkta izm\u0113rs: 106 * 59 * 66 cm \/ 41,7 * 23,22 * 26 collas<\/p>\n<p>Komplekt\u0101 iek\u013cauts<br \/>1 * Elektriskais motocikls b\u0113rniem<br \/>1* Daudzvalodu rokasgr\u0101mata<br \/>Visi uzst\u0101d\u012b\u0161anas piederumi<\/p>\n<p>Piez\u012bmes<br \/>1. Pirms lieto\u0161anas piln\u012bb\u0101 izlasiet lieto\u0161anas instrukciju. Piev\u0113rsiet \u012bpa\u0161u uzman\u012bbu iek\u013cautajiem dro\u0161\u012bbas nor\u0101d\u012bjumiem.<br \/>2. L\u016bdzu, regul\u0101ri p\u0101rbaudiet deta\u013cu savienojumus, lai p\u0101rliecin\u0101tos, ka produkts ir dro\u0161i salikts. Ja ir redzamas kust\u012bgo da\u013cu vai r\u0101mja boj\u0101jumu paz\u012bmes, nekav\u0113joties p\u0101rtrauciet produkta lieto\u0161anu.        <br \/>3. L\u016bdzu, uzl\u0101d\u0113jiet akumulatoru, izmantojot speci\u0101lo l\u0101d\u0113t\u0101ju. L\u016bdzu, nelieciet akumulatoru uguns tuvum\u0101, neizjauciet akumulatoru un nelietojiet vai neuzl\u0101d\u0113jiet akumulatoru augst\u0101 temperat\u016br\u0101. P\u0113c akumulatora piln\u012bgas uzl\u0101des atvienojiet str\u0101vas padevi. <br \/>4. L\u016bdzu, \u0146emiet v\u0113r\u0101 nelielo kr\u0101su at\u0161\u0137ir\u012bbu, ko rada fotograf\u0113\u0161anas gaisma, un 1\u20133 cm k\u013c\u016bdu manu\u0101las m\u0113r\u012b\u0161anas d\u0113\u013c, un pirms pas\u016bt\u012b\u0161anas p\u0101rliecinieties, ka jums tas neiebilst.<\/p>\n<div><img decoding=\"async\" class=\"detail-desc-decorate-image\" src=\"https:\/\/ae01.alicdn.com\/kf\/S1d7394779b5b4835a653a8266080a1492.jpg\" slate-data-type=\"image\"\/><img decoding=\"async\" class=\"detail-desc-decorate-image\" src=\"https:\/\/ae01.alicdn.com\/kf\/S765003a218a84960bb9d46ce7819d964z.jpg\" slate-data-type=\"image\"\/><img decoding=\"async\" class=\"detail-desc-decorate-image\" src=\"https:\/\/ae01.alicdn.com\/kf\/Saa058fb500c74fb781e682dbca8ac52bz.jpg\" slate-data-type=\"image\"\/><img decoding=\"async\" class=\"detail-desc-decorate-image\" src=\"https:\/\/ae01.alicdn.com\/kf\/Sae54b16b03b0488aa3ff0bb79021ca7ay.jpg\" slate-data-type=\"image\"\/><img decoding=\"async\" class=\"detail-desc-decorate-image\" src=\"https:\/\/ae01.alicdn.com\/kf\/Se6e94bc4b13743a1a8e44e84226ea19bc.jpg\" slate-data-type=\"image\"\/><img decoding=\"async\" class=\"detail-desc-decorate-image\" src=\"https:\/\/ae01.alicdn.com\/kf\/S185ea606cfbf4bafb38d9fb1b3ec571dh.jpg\" slate-data-type=\"image\"\/><img decoding=\"async\" class=\"detail-desc-decorate-image\" src=\"https:\/\/ae01.alicdn.com\/kf\/S40704f7f902140f9b514d0d92c692ddf7.jpg\" slate-data-type=\"image\"\/><img decoding=\"async\" class=\"detail-desc-decorate-image\" src=\"https:\/\/ae01.alicdn.com\/kf\/Sad792fe136984d528e31e5b2a7de943am.jpg\" slate-data-type=\"image\"\/><img decoding=\"async\" class=\"detail-desc-decorate-image\" src=\"https:\/\/ae01.alicdn.com\/kf\/S516a33c0181b4487aa02fc9e7cbc639ci.jpg\" slate-data-type=\"image\"\/><img decoding=\"async\" class=\"detail-desc-decorate-image\" src=\"https:\/\/ae01.alicdn.com\/kf\/Sc14e2b75ce11463fae57618a63871aceb.jpg\" slate-data-type=\"image\"\/><\/div>\n<\/div>\n<p><\/p>","protected":false},"excerpt":{"rendered":"<p>Hign-concerned Chemical:&nbsp;None Origin:&nbsp;Mainland China Item Type:&nbsp;electric motorcycles DescriptionDo you want to give your children a childhood full of fun and exploration? Then this electric motorcycle for kids is the ideal<\/p>","protected":false},"featured_media":24754,"comment_status":"open","ping_status":"closed","template":"","meta":{"_acf_changed":false},"product_brand":[],"product_cat":[313],"product_tag":[],"class_list":{"0":"post-24753","1":"product","2":"type-product","3":"status-publish","4":"has-post-thumbnail","6":"product_cat-electric-children-motorbikes","8":"first","9":"instock","10":"shipping-taxable","11":"purchasable","12":"product-type-simple"},"acf":[],"_links":{"self":[{"href":"https:\/\/electricstore.eu\/lv\/wp-json\/wp\/v2\/product\/24753","targetHints":{"allow":["GET"]}}],"collection":[{"href":"https:\/\/electricstore.eu\/lv\/wp-json\/wp\/v2\/product"}],"about":[{"href":"https:\/\/electricstore.eu\/lv\/wp-json\/wp\/v2\/types\/product"}],"replies":[{"embeddable":true,"href":"https:\/\/electricstore.eu\/lv\/wp-json\/wp\/v2\/comments?post=24753"}],"wp:featuredmedia":[{"embeddable":true,"href":"https:\/\/electricstore.eu\/lv\/wp-json\/wp\/v2\/media\/24754"}],"wp:attachment":[{"href":"https:\/\/electricstore.eu\/lv\/wp-json\/wp\/v2\/media?parent=24753"}],"wp:term":[{"taxonomy":"product_brand","embeddable":true,"href":"https:\/\/electricstore.eu\/lv\/wp-json\/wp\/v2\/product_brand?post=24753"},{"taxonomy":"product_cat","embeddable":true,"href":"https:\/\/electricstore.eu\/lv\/wp-json\/wp\/v2\/product_cat?post=24753"},{"taxonomy":"product_tag","embeddable":true,"href":"https:\/\/electricstore.eu\/lv\/wp-json\/wp\/v2\/product_tag?post=24753"}],"curies":[{"name":"wp","href":"https:\/\/api.w.org\/{rel}","templated":true}]}}