{"id":24721,"date":"2025-05-20T18:42:10","date_gmt":"2025-05-20T18:42:10","guid":{"rendered":"https:\/\/electricstore.eu\/p\/uncategorized\/homcom-electric-motorcycle-3-years-with-3-wheels-lights-music-3-km-h-86x42x52cm\/"},"modified":"2025-05-20T18:43:28","modified_gmt":"2025-05-20T18:43:28","slug":"homcom-electric-motorcycle-3-years-with-3-wheels-lights-music-3-km-h-86x42x52cm","status":"publish","type":"product","link":"https:\/\/electricstore.eu\/lv\/p\/motorbikes\/electric-children-motorbikes\/homcom-electric-motorcycle-3-years-with-3-wheels-lights-music-3-km-h-86x42x52cm\/","title":{"rendered":"HOMCOM elektriskais motocikls + 3 gadi ar 3 rite\u0146iem Gaismas M\u016bzika 3 km\/h 86x42x52cm"},"content":{"rendered":"<div class=\"product-specs-list-container\">\n<ul class=\"product-specs-list util-clearfix\">\n<li class=\"product-prop line-limit-length\"><span\n                                        class=\"property-title\">Izcelsme:&nbsp;<\/span><span\n                                        class=\"property-desc line-limit-length\">Kontinent\u0101l\u0101 \u0136\u012bna<\/span>\n                            <\/li>\n<li class=\"product-prop line-limit-length\"><span\n                                        class=\"property-title\">Funkcijas:&nbsp;<\/span><span\n                                        class=\"property-desc line-limit-length\">Brauciet t\u0101l\u0101k<\/span>\n                            <\/li>\n<li class=\"product-prop line-limit-length\"><span\n                                        class=\"property-title\">Sertifik\u0101ts:&nbsp;<\/span><span\n                                        class=\"property-desc line-limit-length\"><\/span>\n                            <\/li>\n<\/ul><\/div>\n<div class=\"detailmodule_html\">\n<div class=\"detail-desc-decorate-richtext\">\n<p><\/p>\n<div>\n <br \/>&amp; Iexcl; Ar ko s\u0101kas piedz\u012bvojums! \u0160is HOMCOM elektriskais skrejritenis ar 3 rite\u0146iem b\u016bs ide\u0101ls piedz\u012bvojumu sabiedrotais jebkuram b\u0113rnam. Ar pilnu uzl\u0101di, kas \u013cauj nobraukt l\u012bdz pat 45 min\u016bt\u0113m, j\u016bs varat doties ce\u013cojum\u0101 pa iecien\u012bt\u0101kaj\u0101m viet\u0101m k\u0101 \u012bsts autovad\u012bt\u0101js un ar ierobe\u017eotu dro\u0161u \u0101trumu 3 km\/h. Ar priek\u0161\u0113jiem lukturiem ar gaism\u0101m \u0161is velosip\u0113ds pied\u0101v\u0101 visre\u0101listisk\u0101ko brauk\u0161anas pieredzi, lai b\u0113rni var\u0113tu lieliski pavad\u012bt laiku.<br \/>\n\n<\/div>\n<div class=\"lc-1\">\n<div class=\"f-line\">\n<div class=\"fts\">\n<div>\n    <strong>Funkcijas:<\/strong><br \/>\n    <br \/>\u25cf Elektrisks b\u0113rnu transportl\u012bdzeklis ar re\u0101listisku dizainu un funkcij\u0101m, piem\u0113ram, 2 priek\u0161\u0113jiem lukturiem;\n<\/div>\n<div>\n\u25cf Virzieties uz priek\u0161u l\u0113n\u0101 temp\u0101, lai b\u0113rns var\u0113tu paredz\u0113t negaid\u012btas situ\u0101cijas un rea\u0123\u0113t uz t\u0101m;\n<\/div>\n<div>\n\u25cf \u0160aj\u0101 akumulatora velosip\u0113d\u0101 ir ieb\u016bv\u0113ta m\u016bzika, kas tiek aktiviz\u0113ta, nospie\u017eot pogu;\n<\/div>\n<div>\n\u25cf 3 platas riepas nodro\u0161ina stabilu un vienm\u0113r\u012bgu brauk\u0161anu;\n<\/div>\n<div>\n\u25cf \u0100trums var sasniegt maksim\u0101li 3 km\/h;\n<\/div>\n<div>\n\u25cf P\u0113c pilnas uzl\u0101des t\u0101 darb\u012bbas r\u0101diuss ir aptuveni l\u012bdz 45 min\u016bt\u0113m;\n<\/div>\n<div>\n\u25cf Ieteicams b\u0113rniem no 3 gadu vecuma un l\u012bdz 25 kg;\n<\/div>\n<div>\n\u25cf \u0160is b\u0113rnu motocikls veicina da\u017e\u0101du prasmju, piem\u0113ram, roku-acu koordin\u0101cijas, att\u012bst\u012bbu;\n<\/div>\n<div>\n\u25cf Nepiecie\u0161ama mont\u0101\u017ea;\n<\/div>\n<div>\n\u25cf Svar\u012bgi: Vienm\u0113r lietojiet pieaugu\u0161o uzraudz\u012bb\u0101;<br \/>\n\n   <\/div><\/div><\/div>\n<\/div>\n<div class=\"lc-1\">\n<div class=\"f-line\">\n<div class=\"fts\">\n<div>\n    <strong>Specifik\u0101cijas:<\/strong><br \/>\n    <br \/>\u25cf Kr\u0101sa: sarkana un melna\/zila;\n<\/div>\n<div>\n\u25cf Materi\u0101ls: polipropil\u0113ns, met\u0101ls;\n<\/div>\n<div>\n\u25cf Kop\u0113jie izm\u0113ri: 86 x 42 x 52 cm (garums x diametrs x augstums);\n<\/div>\n<div>\n\u25cf Rite\u0146u izm\u0113ri: \u00d8 23 \u00d7 7,5 cm (DIAMxAN);\n<\/div>\n<div>\n\u25cf Uzl\u0101des laiks: 8\u201312 stundas;\n<\/div>\n<div>\n\u25cf Akumulatora darb\u012bbas laiks: 45 min\u016btes (piln\u012bb\u0101 uzl\u0101d\u0113ts);\n<\/div>\n<div>\n\u25cf Motors: 25 W;\n<\/div>\n<div>\n\u25cf L\u0101d\u0113t\u0101js: 6V \/ 500MA;\n<\/div>\n<div>\n\u25cf Maksim\u0101lais atbalst\u012btais svars: 25 kg;\n<\/div>\n<div>\n\u25cf Piem\u0113rots b\u0113rniem: vec\u0101kiem par 3 gadiem;\n<\/div>\n<div>\n\u25cf Atsauce: 370-102RD\/370-102BU;<br \/>\n\n   <\/div><\/div><\/div>\n<\/div>\n<div>\n <img decoding=\"async\" width=\"1000    \" height=\"35\" src=\"https:\/\/ae01.alicdn.com\/kf\/HTB1KhgjkfiSBuNkSnhJq6zDcpXaR.jpg\" slate-data-type=\"image\" \/>\n<\/div>\n<div class=\"content01\">\n<div class=\"content_img\">\n  <img decoding=\"async\" width=\"1000\" src=\"https:\/\/ae01.alicdn.com\/kf\/H70614f8129544824ab0c7d099a3ef9aaC.jpg\" slate-data-type=\"image\" \/>\n <\/div>\n<div class=\"content_img\">\n  <img decoding=\"async\" width=\"1000\" src=\"https:\/\/ae01.alicdn.com\/kf\/H9cbca82ec0f34df6bc382192a0ae4fd4G.jpg\" slate-data-type=\"image\" \/>\n <\/div>\n<div class=\"content_img\">\n  <img decoding=\"async\" width=\"1000\" src=\"https:\/\/ae01.alicdn.com\/kf\/He21326f0f8e145e48f32f1cfbfe9d369f.jpg\" slate-data-type=\"image\" \/>\n <\/div>\n<div class=\"content_img\">\n  <img decoding=\"async\" width=\"1000\" src=\"https:\/\/ae01.alicdn.com\/kf\/He6920fc9da1242eea230ccf1e67e6854Q.jpg\" slate-data-type=\"image\" \/>\n <\/div>\n<div class=\"content_img\">\n  <img decoding=\"async\" width=\"1000\" src=\"https:\/\/ae01.alicdn.com\/kf\/Hcdd359b5f57a41df9fd20bd7c4998b72U.jpg\" slate-data-type=\"image\" \/>\n <\/div>\n<div class=\"content_img\">\n  <img decoding=\"async\" width=\"1000\" src=\"https:\/\/ae01.alicdn.com\/kf\/Hd2824e6f3c1446b383c9dc3797cc51276.jpg\" slate-data-type=\"image\" \/>\n <\/div>\n<div class=\"content_img\">\n  <img decoding=\"async\" width=\"1000\" src=\"https:\/\/ae01.alicdn.com\/kf\/H79c926e88feb4b258588fb5c8581f499u.jpg\" slate-data-type=\"image\" \/>\n <\/div>\n<div class=\"content_img\">\n  <img decoding=\"async\" width=\"1000\" src=\"https:\/\/gsp.aliexpress.com\/apps\/product\/publish?spm=5261.ProductManageOnline.0.0.7d564edfWFvxkZ&amp;productId=4001337167822\" slate-data-type=\"image\" \/>\n <\/div>\n<\/div>\n<div>\n <img fetchpriority=\"high\" decoding=\"async\" width=\"1000\" height=\"1881\" src=\"https:\/\/ae01.alicdn.com\/kf\/HTB1i.OtVMHqK1RjSZFkq6x.WFXaT.jpg\" slate-data-type=\"image\" \/>\n<\/div>\n<p><\/p>\n<\/div>\n<\/div>","protected":false},"excerpt":{"rendered":"<p>Origin:&nbsp;Mainland China Features:&nbsp;Ride On Certificate:&nbsp; &amp; Iexcl; What starts the adventure! This HOMCOM electric scooter with 3 wheels will be the perfect adventure companion for any child. With a range<\/p>","protected":false},"featured_media":24722,"comment_status":"open","ping_status":"closed","template":"","meta":{"_acf_changed":false},"product_brand":[],"product_cat":[313],"product_tag":[],"class_list":{"0":"post-24721","1":"product","2":"type-product","3":"status-publish","4":"has-post-thumbnail","6":"product_cat-electric-children-motorbikes","8":"first","9":"instock","10":"shipping-taxable","11":"purchasable","12":"product-type-variable"},"acf":[],"_links":{"self":[{"href":"https:\/\/electricstore.eu\/lv\/wp-json\/wp\/v2\/product\/24721","targetHints":{"allow":["GET"]}}],"collection":[{"href":"https:\/\/electricstore.eu\/lv\/wp-json\/wp\/v2\/product"}],"about":[{"href":"https:\/\/electricstore.eu\/lv\/wp-json\/wp\/v2\/types\/product"}],"replies":[{"embeddable":true,"href":"https:\/\/electricstore.eu\/lv\/wp-json\/wp\/v2\/comments?post=24721"}],"wp:featuredmedia":[{"embeddable":true,"href":"https:\/\/electricstore.eu\/lv\/wp-json\/wp\/v2\/media\/24722"}],"wp:attachment":[{"href":"https:\/\/electricstore.eu\/lv\/wp-json\/wp\/v2\/media?parent=24721"}],"wp:term":[{"taxonomy":"product_brand","embeddable":true,"href":"https:\/\/electricstore.eu\/lv\/wp-json\/wp\/v2\/product_brand?post=24721"},{"taxonomy":"product_cat","embeddable":true,"href":"https:\/\/electricstore.eu\/lv\/wp-json\/wp\/v2\/product_cat?post=24721"},{"taxonomy":"product_tag","embeddable":true,"href":"https:\/\/electricstore.eu\/lv\/wp-json\/wp\/v2\/product_tag?post=24721"}],"curies":[{"name":"wp","href":"https:\/\/api.w.org\/{rel}","templated":true}]}}