{"id":24714,"date":"2025-05-20T18:42:05","date_gmt":"2025-05-20T18:42:05","guid":{"rendered":"https:\/\/electricstore.eu\/p\/uncategorized\/homcom-bicycle-roller-with-adjustable-resistance-8-levels-77x56x475\/"},"modified":"2025-05-20T18:43:08","modified_gmt":"2025-05-20T18:43:08","slug":"homcom-bicycle-roller-with-adjustable-resistance-8-levels-77x56x475","status":"publish","type":"product","link":"https:\/\/electricstore.eu\/lv\/p\/a\/homcom-bicycle-roller-with-adjustable-resistance-8-levels-77x56x475\/","title":{"rendered":"HOMCOM velosip\u0113da rull\u012btis ar regul\u0113jamu pretest\u012bbu 8 l\u012bme\u0146i 77x56x47,5"},"content":{"rendered":"<div class=\"product-specs-list-container\">\n<ul class=\"product-specs-list util-clearfix\">\n<li class=\"product-prop line-limit-length\"><span\n                                        class=\"property-title\">Z\u012bmola nosaukums:&nbsp;<\/span><span\n                                        class=\"property-desc line-limit-length\">HOMCOM<\/span>\n                            <\/li>\n<li class=\"product-prop line-limit-length\"><span\n                                        class=\"property-title\">Izcelsme:&nbsp;<\/span><span\n                                        class=\"property-desc line-limit-length\">Kontinent\u0101l\u0101 \u0136\u012bna<\/span>\n                            <\/li>\n<\/ul><\/div>\n<div class=\"detailmodule_html\">\n<div class=\"detail-desc-decorate-richtext\">\n<p><\/p>\n<div style=\"overflow:visible;height:auto\" class=\"lc-1\">\n<div class=\"f-line\">\n<div class=\"fts\">\n<div>\n&amp; Iquest; Vai v\u0113laties atbr\u012bvoties no liek\u0101 \u0137erme\u0146a fat jebkur\u0101 laik\u0101 un viet\u0101? &amp; Iquest; Vai v\u0113laties tren\u0113ties ar velosip\u0113du neatkar\u012bgi no laikapst\u0101k\u013ciem? \u0160is HOMCOM iek\u0161telpu treni\u0146u velosip\u0113da rullis ir ide\u0101ls risin\u0101jums \u0161\u012bm probl\u0113m\u0101m. To ir viegli lietot, un tas treni\u0146u laik\u0101 aizsarg\u0101 j\u016bsu vidukli un ce\u013cgalus. Tam ir 8 magn\u0113tisk\u0101s pretest\u012bbas l\u012bme\u0146i, lai piel\u0101gotos da\u017e\u0101diem treni\u0146iem. It k\u0101 ar to nepietiktu, \u0161is velosip\u0113da rullis treni\u0146iem telp\u0101s ir salok\u0101ms, kas atvieglo t\u0101 uzglab\u0101\u0161anu un transport\u0113\u0161anu.<\/p><\/div><\/div><\/div>\n<\/div>\n<div class=\"lc-1\">\n<div class=\"f-line\">\n<div class=\"fts\">\n<div>\n    <strong>Funkcijas:<\/strong><br \/>\n    <br \/>\u2022 Lieliska alternat\u012bva brauk\u0161anai br\u012bv\u0101 dab\u0101, kad l\u012bst lietus vai ir intens\u012bva satiksme, lai uzlabotu rite\u0146brauk\u0161anas prasmes<br \/>\n<br \/>\u2022 Salok\u0101ms dizains atvieglo uzglab\u0101\u0161anu un transport\u0113\u0161anu<br \/>\n<br \/>\u2022 8 l\u012bme\u0146u pretest\u012bba atbilst da\u017e\u0101d\u0101m treni\u0146u vajadz\u012bb\u0101m, t\u0101p\u0113c to var piel\u0101got atbilsto\u0161i j\u016bsu fizisk\u0101s sagatavot\u012bbas uzlabo\u0161anai<br \/>\n<br \/>\u2022 Izgatavots no augstas kvalit\u0101tes met\u0101la un polipropil\u0113na<br \/>\n<br \/>\u2022 Piem\u0113rots \u0161osejas vai kalnu velosip\u0113diem ar 650C, 700C vai 26\u201d\u201329\u201d rite\u0146iem.<\/p><\/div><\/div><\/div>\n<\/div>\n<div class=\"lc-1\">\n<div class=\"f-line\">\n<div class=\"fts\">\n<div>\n    <strong>Specifik\u0101cijas:<\/strong><br \/>\n    <br \/>\u2022 Kr\u0101sa: Zila<br \/>\n<br \/>\u2022 Materi\u0101ls: met\u0101ls, polipropil\u0113ns, neilons<br \/>\n<br \/>\u2022 Kop\u0113jie izm\u0113ri: 77x56x47,5 cm (garums x diametrs x augstums)<br \/>\n<br \/>\u2022 Komplekt\u0101 iek\u013cauti piederumi: priek\u0161\u0113j\u0101 rite\u0146a amortizatora spilvens, \u0101tras demont\u0101\u017eas stienis, lielais velosip\u0113da sl\u0113dzis, uzgrie\u017e\u0146u atsl\u0113ga<br \/>\n<br \/>\u2022 Atsauce: AA0-066<\/p>\n<p>\n   <\/div><\/div><\/div>\n<\/div>\n<div>\n <img decoding=\"async\" width=\"1000    \" height=\"35\" src=\"https:\/\/ae01.alicdn.com\/kf\/HTB1KhgjkfiSBuNkSnhJq6zDcpXaR.jpg\" slate-data-type=\"image\" \/>\n<\/div>\n<div class=\"content01\">\n<div class=\"content_img\">\n  <img decoding=\"async\" width=\"1000\" src=\"https:\/\/ae01.alicdn.com\/kf\/H581840f366d847e8a1e9800a41f8627ab.jpg\" slate-data-type=\"image\" \/>\n <\/div>\n<div class=\"content_img\">\n  <img decoding=\"async\" width=\"1000\" src=\"https:\/\/ae01.alicdn.com\/kf\/Hfe82448c70444edf895f8366e6d2f523E.jpg\" slate-data-type=\"image\" \/>\n <\/div>\n<div class=\"content_img\">\n  <img decoding=\"async\" width=\"1000\" src=\"https:\/\/ae01.alicdn.com\/kf\/H29217f1e606b46e7b19677af60c8421aO.jpg\" slate-data-type=\"image\" \/>\n <\/div>\n<div class=\"content_img\">\n  <img decoding=\"async\" width=\"1000\" src=\"https:\/\/ae01.alicdn.com\/kf\/H60d510e4d7644883b61a6c189f69a4a0O.jpg\" slate-data-type=\"image\" \/>\n <\/div>\n<div class=\"content_img\">\n  <img decoding=\"async\" width=\"1000\" src=\"https:\/\/ae01.alicdn.com\/kf\/H5cdaba8cc5104284bba1bd81df5a3b7ft.jpg\" slate-data-type=\"image\" \/>\n <\/div>\n<div class=\"content_img\">\n  <img decoding=\"async\" width=\"1000\" src=\"https:\/\/ae01.alicdn.com\/kf\/H28cb1b05e5f841958e9d2299742b6b01T.jpg\" slate-data-type=\"image\" \/>\n <\/div>\n<div class=\"content_img\">\n  <img decoding=\"async\" width=\"1000\" src=\"https:\/\/gsp.aliexpress.com\/apps\/product\/publish?spm=5261.ProductManageOnline.0.0.d2a64edfSJ3idI&amp;productId=4001283700647\" slate-data-type=\"image\" \/>\n <\/div>\n<div class=\"content_img\">\n  <img decoding=\"async\" width=\"1000\" src=\"https:\/\/gsp.aliexpress.com\/apps\/product\/publish?spm=5261.ProductManageOnline.0.0.d2a64edfSJ3idI&amp;productId=4001283700647\" slate-data-type=\"image\" \/>\n <\/div>\n<\/div>\n<div>\n <img fetchpriority=\"high\" decoding=\"async\" width=\"1000\" height=\"1881\" src=\"https:\/\/ae01.alicdn.com\/kf\/HTB1i.OtVMHqK1RjSZFkq6x.WFXaT.jpg\" slate-data-type=\"image\" \/>\n<\/div>\n<p><\/p>\n<\/div>\n<\/div>","protected":false},"excerpt":{"rendered":"<p>Brand Name:&nbsp;HOMCOM Origin:&nbsp;Mainland China &amp; Iquest; You want to get rid of your excess body fat anytime, anywhere? &amp; Iquest; You want to train on your bike regardless of the<\/p>","protected":false},"featured_media":24716,"comment_status":"open","ping_status":"closed","template":"","meta":{"_acf_changed":false},"product_brand":[],"product_cat":[525],"product_tag":[],"class_list":{"0":"post-24714","1":"product","2":"type-product","3":"status-publish","4":"has-post-thumbnail","6":"product_cat-a","8":"first","9":"instock","10":"shipping-taxable","11":"purchasable","12":"product-type-variable"},"acf":[],"_links":{"self":[{"href":"https:\/\/electricstore.eu\/lv\/wp-json\/wp\/v2\/product\/24714","targetHints":{"allow":["GET"]}}],"collection":[{"href":"https:\/\/electricstore.eu\/lv\/wp-json\/wp\/v2\/product"}],"about":[{"href":"https:\/\/electricstore.eu\/lv\/wp-json\/wp\/v2\/types\/product"}],"replies":[{"embeddable":true,"href":"https:\/\/electricstore.eu\/lv\/wp-json\/wp\/v2\/comments?post=24714"}],"wp:featuredmedia":[{"embeddable":true,"href":"https:\/\/electricstore.eu\/lv\/wp-json\/wp\/v2\/media\/24716"}],"wp:attachment":[{"href":"https:\/\/electricstore.eu\/lv\/wp-json\/wp\/v2\/media?parent=24714"}],"wp:term":[{"taxonomy":"product_brand","embeddable":true,"href":"https:\/\/electricstore.eu\/lv\/wp-json\/wp\/v2\/product_brand?post=24714"},{"taxonomy":"product_cat","embeddable":true,"href":"https:\/\/electricstore.eu\/lv\/wp-json\/wp\/v2\/product_cat?post=24714"},{"taxonomy":"product_tag","embeddable":true,"href":"https:\/\/electricstore.eu\/lv\/wp-json\/wp\/v2\/product_tag?post=24714"}],"curies":[{"name":"wp","href":"https:\/\/api.w.org\/{rel}","templated":true}]}}