{"id":24708,"date":"2025-05-20T18:42:00","date_gmt":"2025-05-20T18:42:00","guid":{"rendered":"https:\/\/electricstore.eu\/p\/uncategorized\/homcom-parking-for-4-bicycles-steel-bracket-110x33x27-cm-black\/"},"modified":"2025-05-20T18:43:07","modified_gmt":"2025-05-20T18:43:07","slug":"homcom-parking-for-4-bicycles-steel-bracket-110x33x27-cm-black","status":"publish","type":"product","link":"https:\/\/electricstore.eu\/lv\/p\/a\/homcom-parking-for-4-bicycles-steel-bracket-110x33x27-cm-black\/","title":{"rendered":"HOMCOM velosip\u0113du novietne 4 velosip\u0113diem, t\u0113rauda kron\u0161teins, 110x33x27 cm, melna"},"content":{"rendered":"<div class=\"product-specs-list-container\">\n<ul class=\"product-specs-list util-clearfix\">\n<li class=\"product-prop line-limit-length\"><span\n                                        class=\"property-title\">Tips:&nbsp;<\/span><span\n                                        class=\"property-desc line-limit-length\">Velosip\u0113da atbalsta k\u0101ji\u0146a<\/span>\n                            <\/li>\n<li class=\"product-prop line-limit-length\"><span\n                                        class=\"property-title\">Z\u012bmola nosaukums:&nbsp;<\/span><span\n                                        class=\"property-desc line-limit-length\">HOMCOM<\/span>\n                            <\/li>\n<li class=\"product-prop line-limit-length\"><span\n                                        class=\"property-title\">Izcelsme:&nbsp;<\/span><span\n                                        class=\"property-desc line-limit-length\">Kontinent\u0101l\u0101 \u0136\u012bna<\/span>\n                            <\/li>\n<\/ul><\/div>\n<div class=\"detailmodule_html\">\n<div class=\"detail-desc-decorate-richtext\">\n<p><\/p>\n<div style=\"overflow:visible;height:auto\" class=\"lc-1\">\n<div class=\"f-line\">\n<div class=\"fts\">\n<div>\nJa m\u0101j\u0101s nav pietiekami daudz vietas vai nezin\u0101t, k\u0101 k\u0101rt\u012bgi novietot velosip\u0113dus, HOMCOM velosip\u0113du novietnes ir risin\u0101jums. T\u0101s var uzst\u0101d\u012bt gan iek\u0161telp\u0101s, gan \u0101r\u0101, un komplekt\u0101 ietilpst skr\u016bves stiprin\u0101\u0161anai. Izgatavotas ar no\u0146emamu t\u0113rauda konstrukciju, balstus var izmantot atsevi\u0161\u0137i vai salikt p\u0113c vajadz\u012bbas. Turpm\u0101k j\u016bsu velosip\u0113di vienm\u0113r b\u016bs labi novietoti un dro\u0161i.\n<\/div><\/div><\/div>\n<\/div>\n<div class=\"lc-1\">\n<div class=\"f-line\">\n<div class=\"fts\">\n<div>\n<\/div>\n<div>\n    <strong>Funkcijas:<\/strong>\n   <\/div>\n<div>\n- Izgatavots no pulverkr\u0101sota t\u0113rauda, iztur\u012bgs pret laikapst\u0101k\u013ciem<br \/>\n<br \/>-Izgatavots ar no\u0146emamu konstrukciju, var regul\u0113t ar vair\u0101k vai maz\u0101k balstiem<br \/>\n<br \/>-Tas ir viegls un vietu taupo\u0161s, \u0113rti p\u0101rn\u0113s\u0101jams<br \/>\n<br \/>-Viegli uzst\u0101d\u012bt, pateicoties iepriek\u0161 izurbtiem caurumiem un iek\u013cautaj\u0101m skr\u016bv\u0113m<br \/>\n<br \/>-Ide\u0101li piem\u0113rots velosip\u0113du dro\u0161ai glab\u0101\u0161anai gar\u0101\u017e\u0101s, pagrabos, teras\u0113s, darbn\u012bc\u0101s utt.<br \/>\n<br \/>-\u013bauj lietot gan iek\u0161telp\u0101s, gan \u0101r\u0101<br \/>\n<br \/>-Nepiecie\u0161ama \u0101tra un vienk\u0101r\u0161a mont\u0101\u017ea<br \/>\n\n   <\/div><\/div><\/div>\n<\/div>\n<div class=\"lc-1\">\n<div class=\"f-line\">\n<div class=\"fts\">\n<div>\n<\/div>\n<div>\n    <strong>Specifik\u0101cijas:<\/strong>\n   <\/div>\n<div>\n-Kr\u0101sa: melna<br \/>\n<br \/>-Materi\u0101ls: T\u0113rauds<br \/>\n<br \/>-Kop\u0113jie izm\u0113ri: 110 x 33 x 27 cm (garums x platums x augstums)<br \/>\n<br \/>-Fiks\u0113ts riepu kameru atstatums: 6,5 cm<br \/>\n<br \/>-Att\u0101lums starp balstiem: 25,5 cm<br \/>\n<br \/>-Atsauce: AA0-024V01BK<br \/>\n\n   <\/div><\/div><\/div>\n<\/div>\n<div>\n <img decoding=\"async\" width=\"1000    \" height=\"35\" src=\"https:\/\/ae01.alicdn.com\/kf\/HTB1KhgjkfiSBuNkSnhJq6zDcpXaR.jpg\" slate-data-type=\"image\" \/>\n<\/div>\n<div class=\"content01\">\n<div class=\"content_img\">\n  <img decoding=\"async\" width=\"1000\" src=\"https:\/\/ae04.alicdn.com\/kf\/S962ad7ad93094a5b974f06e6be25c007B.jpg\" slate-data-type=\"image\" \/>\n <\/div>\n<div class=\"content_img\">\n  <img decoding=\"async\" width=\"1000\" src=\"https:\/\/ae04.alicdn.com\/kf\/S6264841dab4b4ff0a73336d78a7ab4fa4.jpg\" slate-data-type=\"image\" \/>\n <\/div>\n<div class=\"content_img\">\n  <img decoding=\"async\" width=\"1000\" src=\"https:\/\/ae04.alicdn.com\/kf\/Sd57bed020de2415b90c7635d2fabfe44K.jpg\" slate-data-type=\"image\" \/>\n <\/div>\n<div class=\"content_img\">\n  <img decoding=\"async\" width=\"1000\" src=\"https:\/\/ae04.alicdn.com\/kf\/S9435c55c5eb544fca8890bf47109913aS.jpg\" slate-data-type=\"image\" \/>\n <\/div>\n<div class=\"content_img\">\n  <img decoding=\"async\" width=\"1000\" src=\"https:\/\/ae04.alicdn.com\/kf\/Sdfdc24e1131c466c8624e79b74ef24c6x.jpg\" slate-data-type=\"image\" \/>\n <\/div>\n<div class=\"content_img\">\n  <img decoding=\"async\" width=\"1000\" src=\"https:\/\/ae04.alicdn.com\/kf\/Sd6326293311c406c8b518cd3fd24f285T.jpg\" slate-data-type=\"image\" \/>\n <\/div>\n<\/div>\n<div>\n <img fetchpriority=\"high\" decoding=\"async\" width=\"1000\" height=\"1881\" src=\"https:\/\/ae01.alicdn.com\/kf\/Ua8ece3e103ed470793ec3cb15da8a01fz.jpg\" slate-data-type=\"image\" \/>\n<\/div>\n<p><\/p>\n<\/div>\n<\/div>","protected":false},"excerpt":{"rendered":"<p>Type:&nbsp;Bicycle Kickstand Brand Name:&nbsp;HOMCOM Origin:&nbsp;Mainland China If you don&#8217;t have enough space at home or you don&#8217;t know how to park your bikes in an orderly manner, HOMCOM bike parking<\/p>","protected":false},"featured_media":24709,"comment_status":"open","ping_status":"closed","template":"","meta":{"_acf_changed":false},"product_brand":[],"product_cat":[525],"product_tag":[],"class_list":{"0":"post-24708","1":"product","2":"type-product","3":"status-publish","4":"has-post-thumbnail","6":"product_cat-a","8":"first","9":"instock","10":"shipping-taxable","11":"purchasable","12":"product-type-variable"},"acf":[],"_links":{"self":[{"href":"https:\/\/electricstore.eu\/lv\/wp-json\/wp\/v2\/product\/24708","targetHints":{"allow":["GET"]}}],"collection":[{"href":"https:\/\/electricstore.eu\/lv\/wp-json\/wp\/v2\/product"}],"about":[{"href":"https:\/\/electricstore.eu\/lv\/wp-json\/wp\/v2\/types\/product"}],"replies":[{"embeddable":true,"href":"https:\/\/electricstore.eu\/lv\/wp-json\/wp\/v2\/comments?post=24708"}],"wp:featuredmedia":[{"embeddable":true,"href":"https:\/\/electricstore.eu\/lv\/wp-json\/wp\/v2\/media\/24709"}],"wp:attachment":[{"href":"https:\/\/electricstore.eu\/lv\/wp-json\/wp\/v2\/media?parent=24708"}],"wp:term":[{"taxonomy":"product_brand","embeddable":true,"href":"https:\/\/electricstore.eu\/lv\/wp-json\/wp\/v2\/product_brand?post=24708"},{"taxonomy":"product_cat","embeddable":true,"href":"https:\/\/electricstore.eu\/lv\/wp-json\/wp\/v2\/product_cat?post=24708"},{"taxonomy":"product_tag","embeddable":true,"href":"https:\/\/electricstore.eu\/lv\/wp-json\/wp\/v2\/product_tag?post=24708"}],"curies":[{"name":"wp","href":"https:\/\/api.w.org\/{rel}","templated":true}]}}