{"id":24663,"date":"2025-05-20T18:41:29","date_gmt":"2025-05-20T18:41:29","guid":{"rendered":"https:\/\/electricstore.eu\/p\/uncategorized\/pawhut-cargo-bicycle-trailer-40kg-light-steel-frame-with\/"},"modified":"2025-05-20T18:41:56","modified_gmt":"2025-05-20T18:41:56","slug":"pawhut-cargo-bicycle-trailer-40kg-light-steel-frame-with","status":"publish","type":"product","link":"https:\/\/electricstore.eu\/lv\/p\/o\/bike-trailers-and-wagons\/pawhut-cargo-bicycle-trailer-40kg-light-steel-frame-with\/","title":{"rendered":"PawHut kravas velosip\u0113da piekabe 40 kg viegla t\u0113rauda r\u0101mis ar"},"content":{"rendered":"<div class=\"product-specs-list-container\">\n<ul class=\"product-specs-list util-clearfix\">\n<li class=\"product-prop line-limit-length\"><span\n                                        class=\"property-title\">Z\u012bmola nosaukums:&nbsp;<\/span><span\n                                        class=\"property-desc line-limit-length\">PawHut<\/span>\n                            <\/li>\n<\/ul><\/div>\n<div class=\"detailmodule_html\">\n<div class=\"detail-desc-decorate-richtext\">\n<p><\/p>\n<div style=\"overflow:visible;height:auto\" class=\"lc-1\">\n<div class=\"f-line\">\n<div class=\"fts\">\n<div>\nTo get even more out of your city bike, &amp; iquest; What better than this fantastic large cargo bike trailer? Its steel structure and large wheels make it a sturdy and easy-to-transport trailer. In addition, it is very adaptable since its side panels can be folded on its base and the rear and front parts are easily disassembled. So, it leaves plenty of room to load large objects. It is a trailer prepared to support up to 50kg, and designed to keep it when not used is simple. Therefore, the large cargo bike trailer is quickly disassembled. &amp; Iquest; What are you waiting for to get the most out of your city bike?<\/p><\/div><\/div><\/div>\n<\/div>\n<div class=\"lc-1\">\n<div class=\"f-line\">\n<div class=\"fts\">\n<div>\n    <strong>Funkcijas:<\/strong><br \/>\n    <br \/>\u25cf Light steel frame;\n<\/div>\n<div>\n\u25cf Reinforced solid PE background;\n<\/div>\n<div>\n\u25cf Large wheels and steel structure provide optimal stability;\n<\/div>\n<div>\n\u25cf Reinforced steel anchor bar;\n<\/div>\n<div>\n\u25cf Easily assembled and disassembled;\n<\/div>\n<div>\n\u25cf The cargo trailer assists in parcel delivery tasks, in the transfer of heavy cargo, etc.;\n<\/div>\n<div>\n\u25cf Side barriers can be folded onto the trailer platform;\n<\/div>\n<div>\n\u25cf Front and rear barriers can be pulled down;\n<\/div>\n<div>\n\u25cf Include the &#8216;B&#8217; type Aosom bicycle connector, do not need anything else to connect the trailer to the bicycle;\n<\/div>\n<div>\n\u25cf Quick release wheels;\n<\/div>\n<div>\n\u25cf 4 reflectors in total distributed between the rear and the wheels<\/p><\/div><\/div><\/div>\n<\/div>\n<div class=\"lc-1\">\n<div class=\"f-line\">\n<div class=\"fts\">\n<div>\n    <strong>Specifik\u0101cijas:<\/strong><br \/>\n    <br \/>-Material: Strong steel construction with plastic base<br \/>\n<br \/>-Kr\u0101sa: melna<br \/>\n<br \/>-Supports a maximum weight of 50kg<br \/>\n<br \/>-Trailer weight: 11.5kg<br \/>\n<br \/>-Measures: 145x70x49cm (LxANxAL)<br \/>\n<br \/>-PE panel thickness: 2mm\n<\/div>\n<div class=\"detailmodule_html\">\n<div class=\"detail-desc-decorate-richtext\">\n<div class=\"lc-1\">\n<div class=\"f-line\">\n<div class=\"fts\">\n<div>\n-Suitable bicycle wheel diameter: 20 &#8220;-26&#8221;<br \/>\n<br \/>-Reference: B4-0008<br \/>\n\n        <\/div><\/div><\/div><\/div><\/div><\/div><\/div><\/div>\n<\/div>\n<div>\n <img decoding=\"async\" width=\"1000    \" height=\"35\" src=\"https:\/\/ae01.alicdn.com\/kf\/HTB1KhgjkfiSBuNkSnhJq6zDcpXaR.jpg\" slate-data-type=\"image\" \/>\n<\/div>\n<div class=\"content01\">\n<div class=\"content_img\">\n  <img decoding=\"async\" width=\"1000\" src=\"https:\/\/ae01.alicdn.com\/kf\/H2c64b258a67643ed85a0cc187dc8bb3cQ.jpg\" slate-data-type=\"image\" \/>\n <\/div>\n<div class=\"content_img\">\n  <img decoding=\"async\" width=\"1000\" src=\"https:\/\/ae01.alicdn.com\/kf\/Ha7bcb129fe7d4a999932bc04554ebedbq.jpg\" slate-data-type=\"image\" \/>\n <\/div>\n<div class=\"content_img\">\n  <img decoding=\"async\" width=\"1000\" src=\"https:\/\/ae01.alicdn.com\/kf\/Hab3a76bdd7564a8b9d6f90e3279125fbF.jpg\" slate-data-type=\"image\" \/>\n <\/div>\n<div class=\"content_img\">\n  <img decoding=\"async\" width=\"1000\" src=\"https:\/\/ae01.alicdn.com\/kf\/Hfe13f487df274ceea08e55911aec8ed9M.jpg\" slate-data-type=\"image\" \/>\n <\/div>\n<div class=\"content_img\">\n  <img decoding=\"async\" width=\"1000\" src=\"https:\/\/ae01.alicdn.com\/kf\/Hfd097be8084043459af95bdb322fc4cf5.jpg\" slate-data-type=\"image\" \/>\n <\/div>\n<div class=\"content_img\">\n  <img decoding=\"async\" width=\"1000\" src=\"https:\/\/ae01.alicdn.com\/kf\/H5068429d5fe74a8cad3b2c1594bd1abcs.jpg\" slate-data-type=\"image\" \/>\n <\/div>\n<div class=\"content_img\">\n  <img decoding=\"async\" width=\"1000\" src=\"https:\/\/gsp.aliexpress.com\/apps\/product\/publish?spm=5261.ProductManageOnline.0.0.789e4edf7O1jHp&amp;productId=4000370801767\" slate-data-type=\"image\" \/>\n <\/div>\n<div class=\"content_img\">\n  <img decoding=\"async\" width=\"1000\" src=\"https:\/\/gsp.aliexpress.com\/apps\/product\/publish?spm=5261.ProductManageOnline.0.0.789e4edf7O1jHp&amp;productId=4000370801767\" slate-data-type=\"image\" \/>\n <\/div>\n<\/div>\n<div>\n <img fetchpriority=\"high\" decoding=\"async\" width=\"1000\" height=\"1881\" src=\"https:\/\/ae01.alicdn.com\/kf\/HTB1i.OtVMHqK1RjSZFkq6x.WFXaT.jpg\" slate-data-type=\"image\" \/>\n<\/div>\n<p><\/p>\n<\/div>\n<\/div>","protected":false},"excerpt":{"rendered":"<p>Brand Name:&nbsp;PawHut To get even more out of your city bike, &amp; iquest; What better than this fantastic large cargo bike trailer? Its steel structure and large wheels make it<\/p>","protected":false},"featured_media":24664,"comment_status":"open","ping_status":"closed","template":"","meta":{"_acf_changed":false},"product_brand":[],"product_cat":[523],"product_tag":[],"class_list":{"0":"post-24663","1":"product","2":"type-product","3":"status-publish","4":"has-post-thumbnail","6":"product_cat-bike-trailers-and-wagons","8":"first","9":"instock","10":"shipping-taxable","11":"purchasable","12":"product-type-variable"},"acf":[],"_links":{"self":[{"href":"https:\/\/electricstore.eu\/lv\/wp-json\/wp\/v2\/product\/24663","targetHints":{"allow":["GET"]}}],"collection":[{"href":"https:\/\/electricstore.eu\/lv\/wp-json\/wp\/v2\/product"}],"about":[{"href":"https:\/\/electricstore.eu\/lv\/wp-json\/wp\/v2\/types\/product"}],"replies":[{"embeddable":true,"href":"https:\/\/electricstore.eu\/lv\/wp-json\/wp\/v2\/comments?post=24663"}],"wp:featuredmedia":[{"embeddable":true,"href":"https:\/\/electricstore.eu\/lv\/wp-json\/wp\/v2\/media\/24664"}],"wp:attachment":[{"href":"https:\/\/electricstore.eu\/lv\/wp-json\/wp\/v2\/media?parent=24663"}],"wp:term":[{"taxonomy":"product_brand","embeddable":true,"href":"https:\/\/electricstore.eu\/lv\/wp-json\/wp\/v2\/product_brand?post=24663"},{"taxonomy":"product_cat","embeddable":true,"href":"https:\/\/electricstore.eu\/lv\/wp-json\/wp\/v2\/product_cat?post=24663"},{"taxonomy":"product_tag","embeddable":true,"href":"https:\/\/electricstore.eu\/lv\/wp-json\/wp\/v2\/product_tag?post=24663"}],"curies":[{"name":"wp","href":"https:\/\/api.w.org\/{rel}","templated":true}]}}