{"id":24654,"date":"2025-05-20T18:41:24","date_gmt":"2025-05-20T18:41:24","guid":{"rendered":"https:\/\/electricstore.eu\/p\/uncategorized\/homcom-electric-car-for-kids-audi-e-tron-speed-3-5-km-h-black\/"},"modified":"2025-05-20T18:41:45","modified_gmt":"2025-05-20T18:41:45","slug":"homcom-electric-car-for-kids-audi-e-tron-speed-3-5-km-h-black","status":"publish","type":"product","link":"https:\/\/www.electricstore.eu\/lv\/p\/o\/homcom-electric-car-for-kids-audi-e-tron-speed-3-5-km-h-black\/","title":{"rendered":"HOMCOM elektromobilis b\u0113rniem Audi e-tron \u0100trums 3-5 km\/h Melns"},"content":{"rendered":"<div class=\"product-specs-list-container\">\n<ul class=\"product-specs-list util-clearfix\">\n<li class=\"product-prop line-limit-length\"><span\n                                        class=\"property-title\">Elektroniski:&nbsp;<\/span><span\n                                        class=\"property-desc line-limit-length\">J\u0100<\/span>\n                            <\/li>\n<li class=\"product-prop line-limit-length\"><span\n                                        class=\"property-title\">Dzimums:&nbsp;<\/span><span\n                                        class=\"property-desc line-limit-length\">Unisex<\/span>\n                            <\/li>\n<li class=\"product-prop line-limit-length\"><span\n                                        class=\"property-title\">Baro\u0161anas avots:&nbsp;<\/span><span\n                                        class=\"property-desc line-limit-length\">Elektrisks<\/span>\n                            <\/li>\n<li class=\"product-prop line-limit-length\"><span\n                                        class=\"property-title\">Izm\u0113rs:&nbsp;<\/span><span\n                                        class=\"property-desc line-limit-length\">108x60x47 cm<\/span>\n                            <\/li>\n<li class=\"product-prop line-limit-length\"><span\n                                        class=\"property-title\">Funkcijas:&nbsp;<\/span><span\n                                        class=\"property-desc line-limit-length\">Brauciet t\u0101l\u0101k<\/span>\n                            <\/li>\n<li class=\"product-prop line-limit-length\"><span\n                                        class=\"property-title\">Materi\u0101ls:&nbsp;<\/span><span\n                                        class=\"property-desc line-limit-length\">Met\u0101ls<\/span>\n                            <\/li>\n<li class=\"product-prop line-limit-length\"><span\n                                        class=\"property-title\">Stils:&nbsp;<\/span><span\n                                        class=\"property-desc line-limit-length\">AUTOMA\u0160\u012aNA<\/span>\n                            <\/li>\n<li class=\"product-prop line-limit-length\"><span\n                                        class=\"property-title\">Izm\u0113ri:&nbsp;<\/span><span\n                                        class=\"property-desc line-limit-length\">108x60x47 cm<\/span>\n                            <\/li>\n<li class=\"product-prop line-limit-length\"><span\n                                        class=\"property-title\">Rite\u0146u skaits:&nbsp;<\/span><span\n                                        class=\"property-desc line-limit-length\">\u010cetri<\/span>\n                            <\/li>\n<li class=\"product-prop line-limit-length\"><span\n                                        class=\"property-title\">Z\u012bmola nosaukums:&nbsp;<\/span><span\n                                        class=\"property-desc line-limit-length\">HOMCOM<\/span>\n                            <\/li>\n<li class=\"product-prop line-limit-length\"><span\n                                        class=\"property-title\">Izcelsme:&nbsp;<\/span><span\n                                        class=\"property-desc line-limit-length\">Kontinent\u0101l\u0101 \u0136\u012bna<\/span>\n                            <\/li>\n<li class=\"product-prop line-limit-length\"><span\n                                        class=\"property-title\">Ieteicamais vecums:&nbsp;<\/span><span\n                                        class=\"property-desc line-limit-length\">3\u20136\u00a0gadi<\/span>\n                            <\/li>\n<\/ul><\/div>\n<div class=\"detailmodule_html\">\n<div class=\"detail-desc-decorate-richtext\">\n<p><\/p>\n<div style=\"overflow:visible;height:auto\" class=\"lc-1\">\n<div class=\"f-line\">\n<div class=\"fts\">\n<div>\nJa mekl\u0113jat b\u0113rnu elektromobili saviem b\u0113rniem, apskatiet \u0161o HOMCOM Audi. Tam ir elementi, kas padara to patiesi dro\u0161u un unik\u0101lu. Tam ir USB, TF un MP3 slots, apgaismoti priek\u0161\u0113jie un aizmugur\u0113jie lukturi, atveramas durvis, dro\u0161\u012bbas josta un \u012bpa\u0161i platas riepas. To var vad\u012bt b\u0113rni ar automa\u0161\u012bnas st\u016bri vai pieaugu\u0161ais ar komplekt\u0101 iek\u013cauto t\u0101lvad\u012bbas pulti. B\u0113rni lieliski pavad\u012bs laiku ar \u0161o elektromobili, kam ir ofici\u0101la Audi vad\u012bt\u0101ja apliec\u012bba.\n<\/div><\/div><\/div>\n<\/div>\n<div class=\"lc-1\">\n<div class=\"f-line\">\n<div class=\"fts\">\n<div>\n    <strong>Funkcijas:<\/strong>\n   <\/div>\n<div>\n\u25cf \u013boti re\u0101listiska b\u0113rnu elektrisk\u0101 automa\u0161\u012bna ar ska\u0146as sign\u0101lu, dro\u0161\u012bbas jostu, m\u016bziku, LED lukturiem, t\u0101lvad\u012bbas pulti un moderniz\u0113tu dizainu<br \/>\n<br \/>\u25cf B\u0113rnu automa\u0161\u012bna ar \u0101truma regul\u0113\u0161anas funkciju no 3 l\u012bdz 5 km\/h<br \/>\n<br \/>\u25cf Divk\u0101r\u0161s 12 V motors efekt\u012bvai brauk\u0161anai ar nobraukumu l\u012bdz 45 min\u016bt\u0113m ar vienu uzl\u0101di<br \/>\n<br \/>\u25cf 2 brauk\u0161anas re\u017e\u012bmi: manu\u0101li ar st\u016bri vai ar t\u0101lvad\u012bbas pulti<br \/>\n<br \/>\u25cf Kontroliera darb\u012bbai nepiecie\u0161amas 2 AAA baterijas (nav iek\u013cautas komplekt\u0101)<br \/>\n<br \/>\u25cf Piem\u0113rots b\u0113rniem no 3 gadu vecuma ar svaru l\u012bdz 25 kg<br \/>\n<br \/>\u25cf Elektroauto ar vad\u012bbu un atliku\u0161\u0101 akumulatora indikatoru<br \/>\n\n   <\/div><\/div><\/div>\n<\/div>\n<div class=\"lc-1\">\n<div class=\"f-line\">\n<div class=\"fts\">\n<div>\n    <strong>Specifik\u0101cijas:<\/strong>\n   <\/div>\n<div>\n\u25cf Kr\u0101sa: melna<br \/>\n<br \/>\u25cf Materi\u0101ls: polipropil\u0113ns un met\u0101ls<br \/>\n<br \/>\u25cf Kop\u0113jie izm\u0113ri: 108 x 60 x 47 cm (garums x diametrs x augstums)<br \/>\n<br \/>\u25cf S\u0113dek\u013ca izm\u0113ri: 32 x 19 x 25 cm (garums x platums x augstums)<br \/>\n<br \/>\u25cf Rite\u0146u izm\u0113ri: \u00d8 22 \u00d7 8 cm (DxAL)<br \/>\n<br \/>\u25cf Autonomija: 45 min\u016btes (atkar\u012bb\u0101 no lieto\u0161anas veida)<br \/>\n<br \/>\u25cf Uzl\u0101des laiks: 8\u201312 stundas<br \/>\n<br \/>\u25cf Akumulators: 12 V 4,5 Ah x 1<br \/>\n<br \/>\u25cf Maksim\u0101l\u0101 slodze: 25 kg<br \/>\n<br \/>\u25cf Nepiecie\u0161amas baterijas: J\u0101, 2 AAA baterijas (nav iek\u013cautas komplekt\u0101)<br \/>\n<br \/>\u25cf Ieteicamais vecums: 3\u20135 gadi<br \/>\n<br \/>\u25cf Atsauce: 370-172V90BK<br \/>\n\n   <\/div><\/div><\/div>\n<\/div>\n<div>\n <img decoding=\"async\" width=\"1000    \" height=\"35\" src=\"https:\/\/ae01.alicdn.com\/kf\/HTB1KhgjkfiSBuNkSnhJq6zDcpXaR.jpg\" slate-data-type=\"image\" \/>\n<\/div>\n<div class=\"content01\">\n<div class=\"content_img\">\n  <img decoding=\"async\" width=\"1000\" src=\"https:\/\/ae-pic-a1.aliexpress-media.com\/kf\/S112309e1f4124cfd8b71b50a811b2f30l.jpg\" slate-data-type=\"image\" \/>\n <\/div>\n<div class=\"content_img\">\n  <img decoding=\"async\" width=\"1000\" src=\"https:\/\/ae-pic-a1.aliexpress-media.com\/kf\/Sd2f1266e5438498da6319e17551b935fX.jpg\" slate-data-type=\"image\" \/>\n <\/div>\n<div class=\"content_img\">\n  <img decoding=\"async\" width=\"1000\" src=\"https:\/\/ae-pic-a1.aliexpress-media.com\/kf\/S4cc16f0703c24afaa0f22ebd5cdc9b57e.jpg\" slate-data-type=\"image\" \/>\n <\/div>\n<div class=\"content_img\">\n  <img decoding=\"async\" width=\"1000\" src=\"https:\/\/ae-pic-a1.aliexpress-media.com\/kf\/S6a97a44e7c26401ab6fb33b0632c0806m.jpg\" slate-data-type=\"image\" \/>\n <\/div>\n<div class=\"content_img\">\n  <img decoding=\"async\" width=\"1000\" src=\"https:\/\/ae-pic-a1.aliexpress-media.com\/kf\/Sf6d90a62eac94c5d909bd405518bc6a1F.jpg\" slate-data-type=\"image\" \/>\n <\/div>\n<div class=\"content_img\">\n  <img decoding=\"async\" width=\"1000\" src=\"https:\/\/ae-pic-a1.aliexpress-media.com\/kf\/Sb188c3da1c524b49802690c43902ecc0q.jpg\" slate-data-type=\"image\" \/>\n <\/div>\n<\/div>\n<div>\n <img fetchpriority=\"high\" decoding=\"async\" width=\"1000\" height=\"1881\" src=\"https:\/\/ae01.alicdn.com\/kf\/Ua8ece3e103ed470793ec3cb15da8a01fz.jpg\" slate-data-type=\"image\" \/>\n<\/div>\n<p><\/p>\n<\/div>\n<\/div>","protected":false},"excerpt":{"rendered":"<p>Electronic:&nbsp;YES Gender:&nbsp;Unisex Power Source:&nbsp;Electric Size:&nbsp;108x60x47 cm Features:&nbsp;Ride On Material:&nbsp;Metal Style:&nbsp;CAR Dimensions:&nbsp;108x60x47 cm Wheel Number:&nbsp;Four Brand Name:&nbsp;HOMCOM Origin:&nbsp;Mainland China Recommend Age:&nbsp;3-6Y If you are looking for a children&#8217;s electric vehicle for<\/p>","protected":false},"featured_media":24655,"comment_status":"open","ping_status":"closed","template":"","meta":{"_acf_changed":false},"product_brand":[],"product_cat":[15],"product_tag":[],"class_list":{"0":"post-24654","1":"product","2":"type-product","3":"status-publish","4":"has-post-thumbnail","6":"product_cat-o","8":"first","9":"instock","10":"shipping-taxable","11":"purchasable","12":"product-type-variable"},"acf":[],"_links":{"self":[{"href":"https:\/\/www.electricstore.eu\/lv\/wp-json\/wp\/v2\/product\/24654","targetHints":{"allow":["GET"]}}],"collection":[{"href":"https:\/\/www.electricstore.eu\/lv\/wp-json\/wp\/v2\/product"}],"about":[{"href":"https:\/\/www.electricstore.eu\/lv\/wp-json\/wp\/v2\/types\/product"}],"replies":[{"embeddable":true,"href":"https:\/\/www.electricstore.eu\/lv\/wp-json\/wp\/v2\/comments?post=24654"}],"wp:featuredmedia":[{"embeddable":true,"href":"https:\/\/www.electricstore.eu\/lv\/wp-json\/wp\/v2\/media\/24655"}],"wp:attachment":[{"href":"https:\/\/www.electricstore.eu\/lv\/wp-json\/wp\/v2\/media?parent=24654"}],"wp:term":[{"taxonomy":"product_brand","embeddable":true,"href":"https:\/\/www.electricstore.eu\/lv\/wp-json\/wp\/v2\/product_brand?post=24654"},{"taxonomy":"product_cat","embeddable":true,"href":"https:\/\/www.electricstore.eu\/lv\/wp-json\/wp\/v2\/product_cat?post=24654"},{"taxonomy":"product_tag","embeddable":true,"href":"https:\/\/www.electricstore.eu\/lv\/wp-json\/wp\/v2\/product_tag?post=24654"}],"curies":[{"name":"wp","href":"https:\/\/api.w.org\/{rel}","templated":true}]}}