{"id":24647,"date":"2025-05-20T18:41:20","date_gmt":"2025-05-20T18:41:20","guid":{"rendered":"https:\/\/electricstore.eu\/p\/uncategorized\/homcom-childrens-electric-motorcycle-car-tricycle-vespa-battery-powered-electric-scooter-with-light-mp3-usb-children-3-6-years\/"},"modified":"2025-05-20T18:41:40","modified_gmt":"2025-05-20T18:41:40","slug":"homcom-childrens-electric-motorcycle-car-tricycle-vespa-battery-powered-electric-scooter-with-light-mp3-usb-children-3-6-years","status":"publish","type":"product","link":"https:\/\/electricstore.eu\/lv\/p\/motorbikes\/electric-children-motorbikes\/homcom-childrens-electric-motorcycle-car-tricycle-vespa-battery-powered-electric-scooter-with-light-mp3-usb-children-3-6-years\/","title":{"rendered":"Homcom b\u0113rnu elektriskais motocikls, tr\u012bsritenis, Vespa, akumulatora darbin\u0101ms elektriskais skrejritenis ar gaismu, Mp3, USB, b\u0113rniem no 3 l\u012bdz 6 gadiem"},"content":{"rendered":"<div class=\"product-specs-list-container\">\n<ul class=\"product-specs-list util-clearfix\">\n<li class=\"product-prop line-limit-length\"><span\n                                        class=\"property-title\">Z\u012bmola nosaukums:&nbsp;<\/span><span\n                                        class=\"property-desc line-limit-length\">HOMCOM<\/span>\n                            <\/li>\n<li class=\"product-prop line-limit-length\"><span\n                                        class=\"property-title\">Funkcijas:&nbsp;<\/span><span\n                                        class=\"property-desc line-limit-length\">Brauciet t\u0101l\u0101k<\/span>\n                            <\/li>\n<li class=\"product-prop line-limit-length\"><span\n                                        class=\"property-title\">Sertifik\u0101ts:&nbsp;<\/span><span\n                                        class=\"property-desc line-limit-length\"><\/span>\n                            <\/li>\n<\/ul><\/div>\n<div class=\"detailmodule_html\">\n<div class=\"detail-desc-decorate-richtext\">\n<div class=\"detailmodule_html\">\n<div class=\"detail-desc-decorate-richtext\">\n<div>Kur\u0161 z\u0113ns vai meitene nev\u0113l\u0113tos \u0161\u0101du motociklu? Tas ir 6 V motocikls ar skaistu Vespa dizainu. Tam ir daudz funkciju, kas piel\u012bdzin\u0101mas \u012bstam motociklam: LED priek\u0161\u0113jie lukturi, LED aizmugur\u0113jie lukturi, m\u016bzika, USB un MP3 saskarne utt. Mazie var izbaud\u012bt brauk\u0161anu ar \u0161o motociklu, atdarinot pieaugu\u0161os. Turkl\u0101t \u0161\u012b rota\u013clieta \u013cauj att\u012bst\u012bt b\u0113rnu l\u012bdzsvara sp\u0113jas, braucot stund\u0101m ilgi jautr\u012bbas un izklaides, garant\u0113jot!<\/p>\n<\/div>\n<div class=\"detailmodule_html\">\n<div class=\"detail-desc-decorate-richtext\">\n<div class=\"lc-1\">\n<div class=\"f-line\">\n<div class=\"fts\">\n<div><strong>Funkcijas:<\/strong><br \/>\u2022 piem\u0113rots b\u0113rniem, kas vec\u0101ki par 3 gadiem<br \/>\u2022 2 pal\u012bgrite\u0146i vieglai un dro\u0161ai apguvei un \u0101trai progres\u0113\u0161anai<br \/>\u2022 LED gaismas, daudzfunkcion\u0101ls mp3 atska\u0146ot\u0101js (USB saskarne, mp3 saskarne)<br \/>\u2022 m\u016bzikas pogas uz st\u016bres<br \/>\u2022 6 V dzin\u0113js, kas nodro\u0161ina labu aizmugur\u0113jo rite\u0146u piedzi\u0146u. Ilgs akumulatora darb\u012bbas laiks, aptuveni 45 min\u016btes nep\u0101rtrauktas lieto\u0161anas p\u0113c pilnas uzl\u0101des<br \/>\u2022 tam ir droseles un akumulatora displeja ekr\u0101ns<br \/>\u2022 ergonomisks s\u0113deklis papildu komfortam lieto\u0161anas laik\u0101<br \/>\u2022 projekt\u0113\u0161ana un ra\u017eo\u0161ana, izmantojot augstas kvalit\u0101tes materi\u0101lus<br \/>\u2022 iek\u013cauta ilustr\u0113ta mont\u0101\u017eas rokasgr\u0101mata<br \/>\u2022 piez\u012bme: ieteicams lietot pieaugu\u0161o uzraudz\u012bb\u0101 un bezce\u013cos<\/p>\n<p><\/div>\n<\/div>\n<\/div>\n<\/div>\n<div class=\"lc-1\">\n<div class=\"f-line\">\n<div class=\"fts\">\n<div><strong>Specifik\u0101cijas:<\/strong><br \/>\u2022 kr\u0101sa: balta<br \/>\u2022 materi\u0101ls: met\u0101ls un polipropil\u0113ns<br \/>\u2022 kop\u0113jie izm\u0113ri: 102 \u00d7 50,5 \u00d7 75,5 cm (garums \u00d7 platums \u00d7 augstums)<br \/>\u2022 rite\u0146a izm\u0113rs: \u0444 23 \u00d7 7,5 cm (dzi\u013cums \u00d7 platums)<br \/>\u2022 \u0101trums: 3 km\/h<br \/>\u2022 uzl\u0101des laiks: 8\u201312 stundas<br \/>\u2022 nep\u0101rtrauktas lieto\u0161anas laiks (ar pilnu slodzi): 45 min<br \/>\u2022 1 x akumulators: 6 V, 4,5 Ah<br \/>\u2022 l\u0101d\u0113t\u0101js: 6 V, 500 mA<br \/>\u2022 neto svars: 9 kg<br \/>\u2022 maks. celtsp\u0113ja: 30 kg<br \/>\u2022 atsauce: 370-056wt<\/p>\n<p><\/div>\n<\/div>\n<\/div>\n<\/div>\n<div><img decoding=\"async\" width=\"1000    \" height=\"35\" src=\"https:\/\/ae01.alicdn.com\/kf\/HTB1KhgjkfiSBuNkSnhJq6zDcpXaR.jpg\" slate-data-type=\"image\"><\/div>\n<div class=\"content01\">\n<div class=\"content_img\"><img decoding=\"async\" width=\"1000\" src=\"https:\/\/ae01.alicdn.com\/kf\/H457e9c1eb0974c0b8b3bf67c52b90c49b.jpg\" slate-data-type=\"image\"><\/div>\n<div class=\"content_img\"><img decoding=\"async\" width=\"1000\" src=\"https:\/\/ae01.alicdn.com\/kf\/Hadd6da9afe684c2f9e7fd056d7442f60L.jpg\" slate-data-type=\"image\"><\/div>\n<div class=\"content_img\"><img decoding=\"async\" width=\"1000\" src=\"https:\/\/ae01.alicdn.com\/kf\/Hfef0079999114ff7b8c90a1babe10782b.jpg\" slate-data-type=\"image\"><\/div>\n<div class=\"content_img\"><img decoding=\"async\" width=\"1000\" src=\"https:\/\/ae01.alicdn.com\/kf\/H8cf715138298418b9df8ad8aa24f010fX.jpg\" slate-data-type=\"image\"><\/div>\n<div class=\"content_img\"><img decoding=\"async\" width=\"1000\" src=\"https:\/\/ae01.alicdn.com\/kf\/H0c9561b7888241fc87ecc1faa2fde219D.jpg\" slate-data-type=\"image\"><\/div>\n<div class=\"content_img\"><img decoding=\"async\" width=\"1000\" src=\"https:\/\/ae01.alicdn.com\/kf\/Hdc550bae15ed490090cfc58fd425ac00w.jpg\" slate-data-type=\"image\"><\/div>\n<div class=\"content_img\"><img decoding=\"async\" width=\"1000\" src=\"https:\/\/gsp.aliexpress.com\/apps\/product\/publish?spm=5261.ProductManageOnline.0.0.15744edfeo3LUe&amp;productId=1005002294169068\" slate-data-type=\"image\"><\/div>\n<div class=\"content_img\"><img decoding=\"async\" width=\"1000\" src=\"https:\/\/gsp.aliexpress.com\/apps\/product\/publish?spm=5261.ProductManageOnline.0.0.15744edfeo3LUe&amp;productId=1005002294169068\" slate-data-type=\"image\"><\/div>\n<\/div>\n<div><img fetchpriority=\"high\" decoding=\"async\" width=\"1000\" height=\"1881\" src=\"https:\/\/ae01.alicdn.com\/kf\/HTB1i.OtVMHqK1RjSZFkq6x.WFXaT.jpg\" slate-data-type=\"image\"><\/div>\n<\/div>\n<\/div>\n<p><\/p>\n<\/div>\n<\/div>\n<\/div>\n<\/div>","protected":false},"excerpt":{"rendered":"<p>Brand Name:&nbsp;HOMCOM Features:&nbsp;Ride On Certificate:&nbsp; What boy or girl&#8217;t want a motorcycle like this?It is a 6v motorcycle with a beautiful vespa design.It has many features to approach real motorcycle:<\/p>","protected":false},"featured_media":24648,"comment_status":"open","ping_status":"closed","template":"","meta":{"_acf_changed":false},"product_brand":[],"product_cat":[313],"product_tag":[],"class_list":{"0":"post-24647","1":"product","2":"type-product","3":"status-publish","4":"has-post-thumbnail","6":"product_cat-electric-children-motorbikes","8":"first","9":"instock","10":"shipping-taxable","11":"purchasable","12":"product-type-variable"},"acf":[],"_links":{"self":[{"href":"https:\/\/electricstore.eu\/lv\/wp-json\/wp\/v2\/product\/24647","targetHints":{"allow":["GET"]}}],"collection":[{"href":"https:\/\/electricstore.eu\/lv\/wp-json\/wp\/v2\/product"}],"about":[{"href":"https:\/\/electricstore.eu\/lv\/wp-json\/wp\/v2\/types\/product"}],"replies":[{"embeddable":true,"href":"https:\/\/electricstore.eu\/lv\/wp-json\/wp\/v2\/comments?post=24647"}],"wp:featuredmedia":[{"embeddable":true,"href":"https:\/\/electricstore.eu\/lv\/wp-json\/wp\/v2\/media\/24648"}],"wp:attachment":[{"href":"https:\/\/electricstore.eu\/lv\/wp-json\/wp\/v2\/media?parent=24647"}],"wp:term":[{"taxonomy":"product_brand","embeddable":true,"href":"https:\/\/electricstore.eu\/lv\/wp-json\/wp\/v2\/product_brand?post=24647"},{"taxonomy":"product_cat","embeddable":true,"href":"https:\/\/electricstore.eu\/lv\/wp-json\/wp\/v2\/product_cat?post=24647"},{"taxonomy":"product_tag","embeddable":true,"href":"https:\/\/electricstore.eu\/lv\/wp-json\/wp\/v2\/product_tag?post=24647"}],"curies":[{"name":"wp","href":"https:\/\/api.w.org\/{rel}","templated":true}]}}