{"id":24638,"date":"2025-05-20T18:41:15","date_gmt":"2025-05-20T18:41:15","guid":{"rendered":"https:\/\/electricstore.eu\/p\/uncategorized\/homcom-electric-car-for-child-3-years-outdoor-with-remote-control-music-lights-2-door-opening-30kg-115x70x55cm\/"},"modified":"2025-05-20T18:41:40","modified_gmt":"2025-05-20T18:41:40","slug":"homcom-electric-car-for-child-3-years-outdoor-with-remote-control-music-lights-2-door-opening-30kg-115x70x55cm","status":"publish","type":"product","link":"https:\/\/electricstore.eu\/lv\/p\/o\/homcom-electric-car-for-child-3-years-outdoor-with-remote-control-music-lights-2-door-opening-30kg-115x70x55cm\/","title":{"rendered":"HOMCOM elektroauto b\u0113rnam no 3 gadu vecuma, \u0101ra lieto\u0161anai ar t\u0101lvad\u012bbas pulti, m\u016bzikas gaism\u0101m, 2 durvju atv\u0113r\u0161anas iesp\u0113j\u0101m, 30 kg, 115x70x55cm"},"content":{"rendered":"<div class=\"product-specs-list-container\">\n<ul class=\"product-specs-list util-clearfix\">\n<li class=\"product-prop line-limit-length\"><span\n                                        class=\"property-title\">Z\u012bmola nosaukums:&nbsp;<\/span><span\n                                        class=\"property-desc line-limit-length\">HOMCOM<\/span>\n                            <\/li>\n<li class=\"product-prop line-limit-length\"><span\n                                        class=\"property-title\">Izcelsme:&nbsp;<\/span><span\n                                        class=\"property-desc line-limit-length\">Kontinent\u0101l\u0101 \u0136\u012bna<\/span>\n                            <\/li>\n<li class=\"product-prop line-limit-length\"><span\n                                        class=\"property-title\">Funkcijas:&nbsp;<\/span><span\n                                        class=\"property-desc line-limit-length\">Brauciet t\u0101l\u0101k<\/span>\n                            <\/li>\n<\/ul><\/div>\n<div class=\"detailmodule_html\">\n<div class=\"detail-desc-decorate-richtext\">\n<p>\u0160o b\u0113rnu akumulatora automa\u0161\u012bnu ar brauk\u0161anu uz priek\u0161u un atpaka\u013c var vad\u012bt manu\u0101li b\u0113rni vai vec\u0101ki ar t\u0101lvad\u012bbas pulti. T\u0101d\u0113j\u0101di transportl\u012bdzek\u013ca p\u0101rvieto\u0161ana vai pieaugu\u0161o vad\u012bba ir \u013coti vienk\u0101r\u0161a. B\u0113rni lieliski pavad\u012bs laiku ar funkcion\u0113jo\u0161aj\u0101m gaism\u0101m, klausoties m\u016bziku MP3 form\u0101t\u0101, pateicoties TF las\u012bt\u0101jam un USB portam, vai vadot to \u0113rti ar praktisko st\u016bri un dro\u0161i, pateicoties dro\u0161\u012bbas jostai.<\/p>\n<p><\/p>\n<div class=\"detailmodule_html\">\n<div class=\"detail-desc-decorate-richtext\">\n<div class=\"lc-1\">\n<div class=\"f-line\">\n<div class=\"fts\">\n<div><strong>Funkcijas:<\/strong><\/div>\n<\/div>\n<\/div>\n<\/div>\n<\/div>\n<\/div>\n<p>\u25cf \u0160\u012b b\u0113rnu akumulatora automa\u0161\u012bna darbojas ar akseleratora ped\u0101li un st\u016bri;<\/p>\n<p>\u25cf Apr\u012bkots ar TF kar\u0161u slotiem un USB portu, lai var\u0113tu atska\u0146ot m\u016bziku MP3 form\u0101t\u0101;<\/p>\n<p>\u25cf Ar st\u0101st\u012b\u0161anas re\u017e\u012bmu un ang\u013cu valodas apguvi;<\/p>\n<p>\u25cf Tam ir 2 12 V\/30 W motori, un piln\u012bb\u0101 uzl\u0101d\u0113ts akumulators nodro\u0161ina aptuveni 1 stundas darb\u012bbas laiku;<\/p>\n<p>\u25cf Priek\u0161\u0113jie un aizmugur\u0113jie lukturi tie\u0161\u0101m darbojas;<\/p>\n<p>\u25cf Ietver atliku\u0161\u0101 akumulatora uzl\u0101des l\u012bme\u0146a indikatoru;<\/p>\n<p>\u25cf T\u0101lvad\u012bbas pults vec\u0101ku kontrolei;<\/p>\n<p>\u25cf Nepiecie\u0161ama mont\u0101\u017ea<\/p>\n<p><\/p>\n<div class=\"detailmodule_html\">\n<div class=\"detail-desc-decorate-richtext\">\n<div class=\"lc-1\">\n<div class=\"f-line\">\n<div class=\"fts\">\n<div><strong>Specifik\u0101cijas:<\/strong><\/div>\n<\/div>\n<\/div>\n<\/div>\n<\/div>\n<\/div>\n<p>\u25cf Kr\u0101sa: sarkana;<\/p>\n<p>\u25cf Materi\u0101ls: polipropil\u0113ns, met\u0101ls;<\/p>\n<p>\u25cf Kop\u0113jie izm\u0113ri: 102 x 60 x 44 cm (garums x diametrs x augstums);<\/p>\n<p>\u25cf S\u0113dek\u013ca izm\u0113ri: 35,5 \u00d7 19,5 \u00d7 21,5 cm (garums x \u0101r\u0113jais diametrs x augstums);<\/p>\n<p>\u25cf Rite\u0146u izm\u0113ri: \u00d8 21 \u00d7 6,5 cm (DxAN);<\/p>\n<p>\u25cfUzl\u0101des laiks: 8\u201312 stundas;<\/p>\n<p>\u25cf Motors: 30 W;<\/p>\n<p>\u25cf L\u0101d\u0113t\u0101js: 12 V \/ 500 mA;<\/p>\n<p>\u25cf Ieteicamais vecums: 3\u20135 gadi;<\/p>\n<p>\u25cf Maksim\u0101l\u0101 slodze: 25 kg;<\/p>\n<p>\u25cf Atsauce: 370-079V90D<\/p>\n<p><\/p>\n<p><img decoding=\"async\" src=\"https:\/\/ae01.alicdn.com\/kf\/HTB1KhgjkfiSBuNkSnhJq6zDcpXaR.jpg\" slate-data-type=\"image\"\/><\/p>\n<\/p>\n<p><img decoding=\"async\" src=\"https:\/\/ae01.alicdn.com\/kf\/S8f0b0bcc1bbb489ea861b651b5af8d5aJ.jpg\" slate-data-type=\"image\"\/><img decoding=\"async\" src=\"https:\/\/ae01.alicdn.com\/kf\/Se8c6f2a1a4214ead87fb5b19710ddec0z.jpg\" slate-data-type=\"image\"\/><img decoding=\"async\" src=\"https:\/\/ae01.alicdn.com\/kf\/Sb5e6a314294a4c6f8d8585f79dd715b20.jpg\" slate-data-type=\"image\"\/><img decoding=\"async\" src=\"https:\/\/ae01.alicdn.com\/kf\/S807d823845b448c8b7f8eb1ddc4b4e2ed.jpg\" slate-data-type=\"image\"\/><img decoding=\"async\" src=\"https:\/\/ae01.alicdn.com\/kf\/S70fa9c78f16e4272b24bedaffe02d853R.jpg\" slate-data-type=\"image\"\/><img decoding=\"async\" src=\"https:\/\/ae01.alicdn.com\/kf\/S35bf9aec658f488583003bec3fe69ae9z.jpg\" slate-data-type=\"image\"\/><img decoding=\"async\" src=\"https:\/\/ae01.alicdn.com\/kf\/HTB1i.OtVMHqK1RjSZFkq6x.WFXaT.jpg\" slate-data-type=\"image\"\/><\/p>\n<p><img decoding=\"async\" width=\"750\" height=\"auto\" src=\"https:\/\/ae01.alicdn.com\/kf\/S11b87778fb234582a169c08233ec9094s.png\" slate-data-type=\"image\"\/><\/p>\n<\/div>\n<\/div>","protected":false},"excerpt":{"rendered":"<p>Brand Name:&nbsp;HOMCOM Origin:&nbsp;Mainland China Features:&nbsp;Ride On This children&#8217;s battery car with forward and backward driving, can be controlled manually by children or by parents with remote control. Thus, moving the<\/p>","protected":false},"featured_media":24639,"comment_status":"open","ping_status":"closed","template":"","meta":{"_acf_changed":false},"product_brand":[],"product_cat":[15],"product_tag":[],"class_list":{"0":"post-24638","1":"product","2":"type-product","3":"status-publish","4":"has-post-thumbnail","6":"product_cat-o","8":"first","9":"instock","10":"shipping-taxable","11":"purchasable","12":"product-type-variable"},"acf":[],"_links":{"self":[{"href":"https:\/\/electricstore.eu\/lv\/wp-json\/wp\/v2\/product\/24638","targetHints":{"allow":["GET"]}}],"collection":[{"href":"https:\/\/electricstore.eu\/lv\/wp-json\/wp\/v2\/product"}],"about":[{"href":"https:\/\/electricstore.eu\/lv\/wp-json\/wp\/v2\/types\/product"}],"replies":[{"embeddable":true,"href":"https:\/\/electricstore.eu\/lv\/wp-json\/wp\/v2\/comments?post=24638"}],"wp:featuredmedia":[{"embeddable":true,"href":"https:\/\/electricstore.eu\/lv\/wp-json\/wp\/v2\/media\/24639"}],"wp:attachment":[{"href":"https:\/\/electricstore.eu\/lv\/wp-json\/wp\/v2\/media?parent=24638"}],"wp:term":[{"taxonomy":"product_brand","embeddable":true,"href":"https:\/\/electricstore.eu\/lv\/wp-json\/wp\/v2\/product_brand?post=24638"},{"taxonomy":"product_cat","embeddable":true,"href":"https:\/\/electricstore.eu\/lv\/wp-json\/wp\/v2\/product_cat?post=24638"},{"taxonomy":"product_tag","embeddable":true,"href":"https:\/\/electricstore.eu\/lv\/wp-json\/wp\/v2\/product_tag?post=24638"}],"curies":[{"name":"wp","href":"https:\/\/api.w.org\/{rel}","templated":true}]}}