{"id":24402,"date":"2025-05-20T18:35:56","date_gmt":"2025-05-20T18:35:56","guid":{"rendered":"https:\/\/electricstore.eu\/p\/uncategorized\/800w-36v-electric-scooter-go-kart-brush-motor-controller-2750rpm-conversion-kit-control-unit-throttle-grip\/"},"modified":"2025-05-20T18:36:13","modified_gmt":"2025-05-20T18:36:13","slug":"800w-36v-electric-scooter-go-kart-brush-motor-controller-2750rpm-conversion-kit-control-unit-throttle-grip","status":"publish","type":"product","link":"https:\/\/electricstore.eu\/lv\/p\/p\/kits\/electric-mid-drive-motor-kits\/800w-36v-electric-scooter-go-kart-brush-motor-controller-2750rpm-conversion-kit-control-unit-throttle-grip\/","title":{"rendered":"800 W 36 V elektrisk\u0101 skrejrite\u0146a Go Kart birstes motora kontrolieris 2750 apgr.\/min. p\u0101rveido\u0161anas komplekts vad\u012bbas bloks droseles rokturis"},"content":{"rendered":"<div class=\"product-specs-list-container\">\n<ul class=\"product-specs-list util-clearfix\">\n<li class=\"product-prop line-limit-length\"><span\n                                        class=\"property-title\">Augstas ba\u017eas izraiso\u0161a \u0137\u012bmiska viela:&nbsp;<\/span><span\n                                        class=\"property-desc line-limit-length\">Neviens<\/span>\n                            <\/li>\n<li class=\"product-prop line-limit-length\"><span\n                                        class=\"property-title\">Izcelsme:&nbsp;<\/span><span\n                                        class=\"property-desc line-limit-length\">Kontinent\u0101l\u0101 \u0136\u012bna<\/span>\n                            <\/li>\n<\/ul><\/div>\n<p><kse:widget data-widget-type=\"customText\" id=\"1005000003501212\" type=\"relation\"><\/kse:widget><\/p>\n<p><span style=\"background-color:rgb(164, 221, 0);color:rgb(34, 34, 34);font-size:16px;font-family:&quot;times new roman&quot;, times, serif\"><strong>Apraksts<\/strong><\/span><\/p>\n<p class=\"MsoNormal\"><span style=\"font-size:12pt;font-family:&quot;times new roman&quot;, times, serif\">This powerful electric motor has 36 volts direct current, an output of 800 watts, a nominal speed of 2750 rpm, a nominal current of 29.2 amps. And a chain drive (sprocket with 25H 11 teeth) suitable for scooters (smaller wheels) and small kart or ATV<\/span><\/p>\n<p class=\"MsoNormal\"><span style=\"font-size:12pt;font-family:&quot;times new roman&quot;, times, serif\">800W powerful motor<\/span><\/p>\n<p class=\"MsoNormal\"><span style=\"font-size:12pt;font-family:&quot;times new roman&quot;, times, serif\">2750 RPM high speed<\/span><\/p>\n<p class=\"MsoNormal\"><span style=\"font-size:12pt;font-family:&quot;times new roman&quot;, times, serif\">Free wrench + screw set<\/span><\/p>\n<p><\/p>\n<p class=\"MsoNormal\"><span style=\"background-color:rgb(164, 221, 0);font-size:12pt;font-family:&quot;times new roman&quot;, times, serif\"><strong>Specifik\u0101cijas<\/strong><\/span><\/p>\n<p class=\"MsoNormal\"><span style=\"font-size:12pt;font-family:&quot;times new roman&quot;, times, serif\">Voltage: 36 V DC<\/span><\/p>\n<p class=\"MsoNormal\"><span style=\"font-size:12pt;font-family:&quot;times new roman&quot;, times, serif\">Power: 800W<\/span><\/p>\n<p class=\"MsoNormal\"><span style=\"font-size:12pt;font-family:&quot;times new roman&quot;, times, serif\">Rated current: 29.2A<\/span><\/p>\n<p class=\"MsoNormal\"><span style=\"font-size:12pt;font-family:&quot;times new roman&quot;, times, serif\">Rated speed: 2750 rpm<\/span><\/p>\n<p><\/p>\n<p class=\"MsoNormal\"><span style=\"background-color:rgb(104, 204, 202);font-size:12pt;font-family:&quot;times new roman&quot;, times, serif\"><strong>Scope of delivery<\/strong><\/span><\/p>\n<p class=\"MsoNormal\"><span style=\"font-size:12pt;font-family:&quot;times new roman&quot;, times, serif\">1 x electric motor<\/span><\/p>\n<p class=\"MsoNormal\"><span style=\"font-size:12pt;font-family:&quot;times new roman&quot;, times, serif\">1 x regulator<\/span><\/p>\n<p class=\"MsoNormal\"><span style=\"font-size:12pt;font-family:&quot;times new roman&quot;, times, serif\">1 x throttle<\/span><\/p>\n<p class=\"MsoNormal\"><span style=\"font-size:12pt;font-family:&quot;times new roman&quot;, times, serif\">1 x multi-purpose key<\/span><\/p>\n<p class=\"MsoNormal\"><span style=\"font-size:12pt;font-family:&quot;times new roman&quot;, times, serif\">1 x L-shaped wrench<\/span><\/p>\n<p class=\"MsoNormal\"><span style=\"font-size:12pt;font-family:&quot;times new roman&quot;, times, serif\">1 x screw set<\/span><\/p>\n<p><\/p>\n<p class=\"MsoNormal\"><strong><span style=\"color:rgb(211, 49, 21);font-size:12pt;font-family:&quot;times new roman&quot;, times, serif\">Warning: It is illegal to ride electric scooters on public roads, pavements, or cycle paths. They are intended only for use on private land with the owner\u2019s permission. <\/span><\/strong><\/p>\n<p class=\"MsoNormal\"><img decoding=\"async\" src=\"https:\/\/ae01.alicdn.com\/kf\/Sb71fb2ca03234434a6c76f848d8c3dd2I.jpg\" slate-data-type=\"image\"\/><img decoding=\"async\" src=\"https:\/\/ae01.alicdn.com\/kf\/Sf686723f1b4e4242b26cbfd3af47bd3cZ.jpg\" slate-data-type=\"image\"\/><img decoding=\"async\" src=\"https:\/\/ae01.alicdn.com\/kf\/Sff78e7dbbe4249639a2a4f573256b85eW.jpg\" slate-data-type=\"image\"\/><img decoding=\"async\" src=\"https:\/\/ae01.alicdn.com\/kf\/S747697e973014bc9b8329e160153b36bC.jpg\" slate-data-type=\"image\"\/><img decoding=\"async\" src=\"https:\/\/ae01.alicdn.com\/kf\/Sb866917fa6c245a7a48631d2f55c6799u.jpg\" slate-data-type=\"image\"\/><img decoding=\"async\" src=\"https:\/\/ae01.alicdn.com\/kf\/S0bf95d123630424690303da3f6c1708aS.png\" slate-data-type=\"image\"\/><img decoding=\"async\" src=\"https:\/\/ae01.alicdn.com\/kf\/Sa48148db20794497baec2671207178a6c.jpg\" slate-data-type=\"image\"\/><img decoding=\"async\" src=\"https:\/\/ae01.alicdn.com\/kf\/S8042fe5a2f314251a65b9af217c303f9s.jpg\" slate-data-type=\"image\"\/><img decoding=\"async\" src=\"https:\/\/ae01.alicdn.com\/kf\/Sb2c716d9af2b4c58b03945f4cadd59e83.jpg\" slate-data-type=\"image\"\/><img decoding=\"async\" src=\"https:\/\/ae01.alicdn.com\/kf\/Sf4109019725640d08570febda067dcb9M.jpg\" slate-data-type=\"image\"\/><img decoding=\"async\" src=\"https:\/\/ae01.alicdn.com\/kf\/S993d1958110c4353b5066478f4bc0d98V.jpg\" slate-data-type=\"image\"\/><img decoding=\"async\" src=\"https:\/\/ae01.alicdn.com\/kf\/S1eebaedf0226472fb8432f8918b57a78A.jpg\" slate-data-type=\"image\"\/><img decoding=\"async\" src=\"https:\/\/ae01.alicdn.com\/kf\/Sfd821847e6124206a5ba3050069a3bc2W.jpg\" slate-data-type=\"image\"\/><img decoding=\"async\" src=\"https:\/\/ae01.alicdn.com\/kf\/S82c9c4ffa549467388bd7dd2d6bddb27k.jpg\" slate-data-type=\"image\"\/><img decoding=\"async\" src=\"https:\/\/ae01.alicdn.com\/kf\/S740bc730124a45799918aa090d24b4b7e.png\" slate-data-type=\"image\"\/><img decoding=\"async\" src=\"https:\/\/ae01.alicdn.com\/kf\/S9def740ab807488cbc84777803488af0g.jpg\" slate-data-type=\"image\"\/><\/p>","protected":false},"excerpt":{"rendered":"<p>Hign-concerned Chemical:&nbsp;None Origin:&nbsp;Mainland China Description This powerful electric motor has 36 volts direct current, an output of 800 watts, a nominal speed of 2750 rpm, a nominal current of 29.2<\/p>","protected":false},"featured_media":24403,"comment_status":"open","ping_status":"closed","template":"","meta":{"_acf_changed":false},"product_brand":[],"product_cat":[530],"product_tag":[],"class_list":{"0":"post-24402","1":"product","2":"type-product","3":"status-publish","4":"has-post-thumbnail","6":"product_cat-electric-mid-drive-motor-kits","8":"first","9":"instock","10":"shipping-taxable","11":"purchasable","12":"product-type-variable"},"acf":[],"_links":{"self":[{"href":"https:\/\/electricstore.eu\/lv\/wp-json\/wp\/v2\/product\/24402","targetHints":{"allow":["GET"]}}],"collection":[{"href":"https:\/\/electricstore.eu\/lv\/wp-json\/wp\/v2\/product"}],"about":[{"href":"https:\/\/electricstore.eu\/lv\/wp-json\/wp\/v2\/types\/product"}],"replies":[{"embeddable":true,"href":"https:\/\/electricstore.eu\/lv\/wp-json\/wp\/v2\/comments?post=24402"}],"wp:featuredmedia":[{"embeddable":true,"href":"https:\/\/electricstore.eu\/lv\/wp-json\/wp\/v2\/media\/24403"}],"wp:attachment":[{"href":"https:\/\/electricstore.eu\/lv\/wp-json\/wp\/v2\/media?parent=24402"}],"wp:term":[{"taxonomy":"product_brand","embeddable":true,"href":"https:\/\/electricstore.eu\/lv\/wp-json\/wp\/v2\/product_brand?post=24402"},{"taxonomy":"product_cat","embeddable":true,"href":"https:\/\/electricstore.eu\/lv\/wp-json\/wp\/v2\/product_cat?post=24402"},{"taxonomy":"product_tag","embeddable":true,"href":"https:\/\/electricstore.eu\/lv\/wp-json\/wp\/v2\/product_tag?post=24402"}],"curies":[{"name":"wp","href":"https:\/\/api.w.org\/{rel}","templated":true}]}}