{"id":24321,"date":"2025-05-20T18:35:33","date_gmt":"2025-05-20T18:35:33","guid":{"rendered":"https:\/\/electricstore.eu\/p\/uncategorized\/hyper-gogo-pioneer-12-electric-chopper-motorcycle-for-kids-24v-5-2ah-160w-with-12x3-tires-8-12-16-km-h-speed-12-km-max-range\/"},"modified":"2025-05-20T18:35:56","modified_gmt":"2025-05-20T18:35:56","slug":"hyper-gogo-pioneer-12-electric-chopper-motorcycle-for-kids-24v-5-2ah-160w-with-12x3-tires-8-12-16-km-h-speed-12-km-max-range","status":"publish","type":"product","link":"https:\/\/electricstore.eu\/lv\/p\/motorbikes\/electric-children-motorbikes\/hyper-gogo-pioneer-12-electric-chopper-motorcycle-for-kids-24v-5-2ah-160w-with-12x3-tires-8-12-16-km-h-speed-12-km-max-range\/","title":{"rendered":"HYPER GOGO Pioneer 12 elektriskais \u010dopera motocikls b\u0113rniem 24V 5.2Ah 160W ar 12&#039;x3&#039; riep\u0101m, \u0101trums 8\/12\/16 km\/h, maksim\u0101lais nobraukums 12 km"},"content":{"rendered":"<div class=\"product-specs-list-container\">\n<ul class=\"product-specs-list util-clearfix\">\n<li class=\"product-prop line-limit-length\"><span\n                                        class=\"property-title\">Mode\u013ca numurs:&nbsp;<\/span><span\n                                        class=\"property-desc line-limit-length\">Pioneer 12<\/span>\n                            <\/li>\n<li class=\"product-prop line-limit-length\"><span\n                                        class=\"property-title\">Rite\u0146u skaits:&nbsp;<\/span><span\n                                        class=\"property-desc line-limit-length\">Divi<\/span>\n                            <\/li>\n<li class=\"product-prop line-limit-length\"><span\n                                        class=\"property-title\">Ieteicamais vecums:&nbsp;<\/span><span\n                                        class=\"property-desc line-limit-length\">6\u201312\u00a0g., 14+\u00a0g.<\/span>\n                            <\/li>\n<li class=\"product-prop line-limit-length\"><span\n                                        class=\"property-title\">Funkcijas:&nbsp;<\/span><span\n                                        class=\"property-desc line-limit-length\">Brauciet t\u0101l\u0101k<\/span>\n                            <\/li>\n<li class=\"product-prop line-limit-length\"><span\n                                        class=\"property-title\">Maksim\u0101l\u0101 slodze:&nbsp;<\/span><span\n                                        class=\"property-desc line-limit-length\">65 kg<\/span>\n                            <\/li>\n<li class=\"product-prop line-limit-length\"><span\n                                        class=\"property-title\">Kaln\u0101 aug\u0161up:&nbsp;<\/span><span\n                                        class=\"property-desc line-limit-length\">10\u00b0 (17,6%)<\/span>\n                            <\/li>\n<li class=\"product-prop line-limit-length\"><span\n                                        class=\"property-title\">Maksim\u0101lais \u0101trums:&nbsp;<\/span><span\n                                        class=\"property-desc line-limit-length\">16 km\/h (10 j\u016bdzes stund\u0101)<\/span>\n                            <\/li>\n<li class=\"product-prop line-limit-length\"><span\n                                        class=\"property-title\">Maksim\u0101lais diapazons:&nbsp;<\/span><span\n                                        class=\"property-desc line-limit-length\">12 km<\/span>\n                            <\/li>\n<li class=\"product-prop line-limit-length\"><span\n                                        class=\"property-title\">\u0100truma l\u012bme\u0146i:&nbsp;<\/span><span\n                                        class=\"property-desc line-limit-length\">8\/12\/16 km\/h (5\/8\/10 j\u016bdzes stund\u0101)<\/span>\n                            <\/li>\n<li class=\"product-prop line-limit-length\"><span\n                                        class=\"property-title\">\u016adensiztur\u012bbas l\u012bmenis:&nbsp;<\/span><span\n                                        class=\"property-desc line-limit-length\">IP6<\/span>\n                            <\/li>\n<li class=\"product-prop line-limit-length\"><span\n                                        class=\"property-title\">R\u0101mja materi\u0101ls:&nbsp;<\/span><span\n                                        class=\"property-desc line-limit-length\">T\u0113rauds<\/span>\n                            <\/li>\n<li class=\"product-prop line-limit-length\"><span\n                                        class=\"property-title\">Bremz\u0113\u0161anas sist\u0113ma:&nbsp;<\/span><span\n                                        class=\"property-desc line-limit-length\">Aizmugur\u0113j\u0101 rumbas bremze<\/span>\n                            <\/li>\n<li class=\"product-prop line-limit-length\"><span\n                                        class=\"property-title\">Ieteicamais brauc\u0113ja augstums:&nbsp;<\/span><span\n                                        class=\"property-desc line-limit-length\">90\u2013160 cm (2\u201911,5\u201d\u20135\u20193\u201d)<\/span>\n                            <\/li>\n<li class=\"product-prop line-limit-length\"><span\n                                        class=\"property-title\">Nomin\u0101l\u0101 jauda un spriegums:&nbsp;<\/span><span\n                                        class=\"property-desc line-limit-length\">160 W, 24 V<\/span>\n                            <\/li>\n<li class=\"product-prop line-limit-length\"><span\n                                        class=\"property-title\">Maksim\u0101lais izejas griezes moments:&nbsp;<\/span><span\n                                        class=\"property-desc line-limit-length\">11 Nm<\/span>\n                            <\/li>\n<li class=\"product-prop line-limit-length\"><span\n                                        class=\"property-title\">Ietilp\u012bba:&nbsp;<\/span><span\n                                        class=\"property-desc line-limit-length\">5,2 Ah<\/span>\n                            <\/li>\n<li class=\"product-prop line-limit-length\"><span\n                                        class=\"property-title\">Spriegums:&nbsp;<\/span><span\n                                        class=\"property-desc line-limit-length\">21,9 V<\/span>\n                            <\/li>\n<li class=\"product-prop line-limit-length\"><span\n                                        class=\"property-title\">Uzl\u0101des laiks:&nbsp;<\/span><span\n                                        class=\"property-desc line-limit-length\">4 stundas<\/span>\n                            <\/li>\n<li class=\"product-prop line-limit-length\"><span\n                                        class=\"property-title\">Jaudas jauda:&nbsp;<\/span><span\n                                        class=\"property-desc line-limit-length\">113,88\u00a0Wh<\/span>\n                            <\/li>\n<li class=\"product-prop line-limit-length\"><span\n                                        class=\"property-title\">Ievade:&nbsp;<\/span><span\n                                        class=\"property-desc line-limit-length\">L\u012bdzstr\u0101va 24 V 1,5 A<\/span>\n                            <\/li>\n<li class=\"product-prop line-limit-length\"><span\n                                        class=\"property-title\">Izm\u0113rs:&nbsp;<\/span><span\n                                        class=\"property-desc line-limit-length\">12&quot;x3&quot;<\/span>\n                            <\/li>\n<li class=\"product-prop line-limit-length\"><span\n                                        class=\"property-title\">Tips:&nbsp;<\/span><span\n                                        class=\"property-desc line-limit-length\">Pneimatisk\u0101s gumijas riepas<\/span>\n                            <\/li>\n<li class=\"product-prop line-limit-length\"><span\n                                        class=\"property-title\">Riepu spiediens:&nbsp;<\/span><span\n                                        class=\"property-desc line-limit-length\">100\u2013200 kPa<\/span>\n                            <\/li>\n<\/ul><\/div>\n<div class=\"detailmodule_dynamic\"><kse:widget data-widget-type=\"relatedProduct\" id=\"1005000009406803\" title=\"\" type=\"relation\"><\/kse:widget><\/div>\n<div class=\"detailmodule_html\">\n<div class=\"detail-desc-decorate-richtext\">\n<p><\/p>\n<div style=\"background-color:rgb(240, 234, 255);margin:20px 0px 10px;margin-bottom:10px;margin-top:20px;margin-left:0px;margin-right:0px;width:100%;height:34px\">\n <span style=\"background-color:rgb(55, 139, 238);color:rgb(255, 255, 255);font-size:24px;font-family:Verdana, Arial\">Svar\u012bg\u0101kie notikumi<\/span><\/p>\n<\/div>\n<div class=\"detailmodule_text\">\n<div class=\"detailmodule_html\">\n<div class=\"detail-desc-decorate-richtext\">\n<div class=\"detailmodule_text-image\">\n<div class=\"detailmodule_text-image\">\n<div class=\"detailmodule_html\">\n<div class=\"detail-desc-decorate-richtext\">\n<div class=\"detailmodule_text-image\">\n<div class=\"detailmodule_html\">\n<div class=\"detail-desc-decorate-richtext\">\n<div style=\"font-family:&quot;Open Sans&quot;, Arial, Helvetica, sans-serif, Heiti;font-size:14px;color:rgb(0, 0, 0);box-sizing:content-box\" class=\"detailmodule_html\">\n<div style=\"box-sizing:content-box\" class=\"detail-desc-decorate-richtext\">\n<div style=\"width:944px;height:auto;box-sizing:content-box\">\n<div style=\"box-sizing:content-box\">\n<div class=\"detailmodule_html\">\n<div class=\"detail-desc-decorate-richtext\">\n<div style=\"font-family:&quot;Open Sans&quot;, Arial, Helvetica, sans-serif, Heiti;font-size:14px;color:rgb(0, 0, 0);box-sizing:content-box\" class=\"detailmodule_html\">\n<div style=\"box-sizing:content-box\" class=\"detail-desc-decorate-richtext\">\n<div style=\"width:944px;height:auto;box-sizing:content-box\">\n<div style=\"box-sizing:content-box\">\n<div class=\"detailmodule_html\">\n<div class=\"detail-desc-decorate-richtext\">\n<div class=\"detailmodule_text-image\">\n<div class=\"detailmodule_text-image\">\n<div class=\"detailmodule_html\">\n<div class=\"detail-desc-decorate-richtext\">\n<div style=\"width:944px;height:auto;box-sizing:content-box\">\n<div style=\"box-sizing:content-box\">\n<div class=\"detailmodule_html\">\n<div class=\"detail-desc-decorate-richtext\">\n<div style=\"font-family:&quot;Open Sans&quot;, Arial, Helvetica, sans-serif, Heiti;font-size:14px;color:rgb(0, 0, 0);box-sizing:content-box\" class=\"detailmodule_html\">\n<div style=\"box-sizing:content-box\" class=\"detail-desc-decorate-richtext\">\n<div style=\"width:944px;height:auto;box-sizing:content-box\">\n<div style=\"box-sizing:content-box\">\n<div class=\"detailmodule_html\">\n<div class=\"detail-desc-decorate-richtext\">\n<div class=\"detailmodule_text-image\">\n<div class=\"detailmodule_text\">\n<p><span style=\"color:rgb(0, 0, 0);font-size:16px;font-family:arial, helvetica, sans-serif\">1. re\u0101listisks un pievilc\u012bgs \u010dopera motocikls;<\/span><\/p>\n<p><span style=\"color:rgb(0, 0, 0);font-size:16px;font-family:arial, helvetica, sans-serif\">2, uzlabots dro\u0161\u012bbas dizains;<\/span><\/p>\n<p><span style=\"color:rgb(0, 0, 0);font-size:16px;font-family:arial, helvetica, sans-serif\">3, liels darb\u012bbas r\u0101diuss un main\u012bgs \u0101trums liel\u0101kam priekam;<\/span><\/p>\n<p><span style=\"color:rgb(0, 0, 0);font-size:16px;font-family:arial, helvetica, sans-serif\">4, regul\u0113jams rokturis;<\/span><\/p>\n<p><span style=\"color:rgb(0, 0, 0);font-size:16px;font-family:arial, helvetica, sans-serif\">5, lieliska d\u0101vana j\u016bsu b\u0113rniem;<\/span><\/p>\n<p><span style=\"color:rgb(0, 0, 0);font-size:16px;font-family:arial, helvetica, sans-serif\">6, Pat\u012bkama brauk\u0161ana gan iek\u0161telp\u0101s, gan \u0101r\u0101.<\/span><\/p>\n<\/p><\/div><\/div><\/div><\/div><\/div><\/div><\/div><\/div><\/div><\/div><\/div><\/div><\/div><\/div><\/div><\/div><\/div><\/div><\/div><\/div><\/div><\/div><\/div><\/div><\/div><\/div><\/div><\/div><\/div><\/div><\/div><\/div><\/div><\/div><\/div><\/div><\/div>\n<\/div>\n<div style=\"background-color:rgb(240, 234, 255);margin:20px 0px 10px;margin-bottom:10px;margin-top:20px;margin-left:0px;margin-right:0px;width:100%;height:34px\">\n <span style=\"background-color:rgb(55, 139, 238);color:rgb(255, 255, 255);font-size:24px;font-family:Verdana, Arial\">Produkta inform\u0101cija<\/span>\n<\/div>\n<p><img decoding=\"async\" src=\"https:\/\/ae01.alicdn.com\/kf\/Scd2b8949ca5243228837a4fe3e291824h.jpg\" slate-data-type=\"image\" \/><img decoding=\"async\" src=\"https:\/\/ae01.alicdn.com\/kf\/Sa2ff22d4a45440409571d9e211d7cf16B.jpg\" slate-data-type=\"image\" \/><img decoding=\"async\" src=\"https:\/\/ae01.alicdn.com\/kf\/S8f78c4d1bcd7433f87f274d3519ee1ddv.jpg\" slate-data-type=\"image\" \/><img decoding=\"async\" src=\"https:\/\/ae01.alicdn.com\/kf\/S742ea07a35454d4fafa673fbd0b8f195G.jpg\" slate-data-type=\"image\" \/><img decoding=\"async\" src=\"https:\/\/ae01.alicdn.com\/kf\/Sf1c4da4348c045c6ae5a912f41829e38o.jpg\" slate-data-type=\"image\" \/><img decoding=\"async\" src=\"https:\/\/ae01.alicdn.com\/kf\/Sdc8ed884178f4a9eab490d6e747e6bdfG.jpg\" slate-data-type=\"image\" \/><img decoding=\"async\" src=\"https:\/\/ae01.alicdn.com\/kf\/Sbb0f300d29ac443a966ba007e3bfce92p.jpg\" slate-data-type=\"image\" \/><img decoding=\"async\" src=\"https:\/\/ae01.alicdn.com\/kf\/S9567ab35b46d492583bfc18e8c3f829cQ.jpg\" slate-data-type=\"image\" \/><img decoding=\"async\" src=\"https:\/\/ae01.alicdn.com\/kf\/S3253076b78cc4cf2b8dd67eeb6aaa2few.jpg\" slate-data-type=\"image\" \/><\/p>\n<div style=\"background-color:rgb(240, 234, 255);margin:20px 0px 10px;margin-bottom:10px;margin-top:20px;margin-left:0px;margin-right:0px;width:100%;height:34px\">\n <span style=\"background-color:rgb(55, 139, 238);color:rgb(255, 255, 255);font-size:24px;font-family:Verdana, Arial\">Specifik\u0101cija <\/span>\n<\/div>\n<p><\/p>\n<table style=\"border-collapse:collapse;font-family:&quot;Microsoft YaHei&quot;\" border=\"1\" cellspacing=\"8\">\n<tbody>\n<tr>\n<td width=\"130\" style=\"width:130\">\n<p><span style=\"font-size:16px;font-family:arial, helvetica, sans-serif\">Visp\u0101r\u012bgi<\/span><\/p>\n<\/td>\n<td width=\"426\" style=\"width:426\">\n<p><span style=\"font-size:16px;font-family:arial, helvetica, sans-serif\">Z\u012bmols: HYPER GOGO<\/span><span style=\"font-size:16px;font-family:arial, helvetica, sans-serif\"><strong><br \/><\/strong><\/span><span style=\"font-size:16px;font-family:arial, helvetica, sans-serif\">Produkts: Elektriskais motocikls b\u0113rniem<\/span><span style=\"font-size:16px;font-family:arial, helvetica, sans-serif\"><strong><br \/><\/strong><\/span><span style=\"font-size:16px;font-family:arial, helvetica, sans-serif\">Modelis: Pioneer 12<\/span><span style=\"font-size:16px;font-family:arial, helvetica, sans-serif\"><strong><br \/><\/strong><\/span><span style=\"font-size:16px;font-family:arial, helvetica, sans-serif\">Kr\u0101sa: za\u013ca<\/span><\/p>\n<\/td>\n<\/tr>\n<tr>\n<td width=\"130\" style=\"width:130\">\n<p><span style=\"font-size:16px;font-family:arial, helvetica, sans-serif\">Pamata specifik\u0101cija<\/span><\/p>\n<\/td>\n<td width=\"426\" style=\"width:426\">\n<p><span style=\"font-size:16px;font-family:arial, helvetica, sans-serif\">Maksim\u0101l\u0101 slodze: 65 kg<\/span><span style=\"font-size:16px;font-family:arial, helvetica, sans-serif\"><strong><br \/><\/strong><\/span><span style=\"font-size:16px;font-family:arial, helvetica, sans-serif\">K\u0101pums: 10\u00b0 (17,6%)<\/span><span style=\"font-size:16px;font-family:arial, helvetica, sans-serif\"><strong><br \/><\/strong><\/span><span style=\"font-size:16px;font-family:arial, helvetica, sans-serif\">Maksim\u0101lais \u0101trums: 16 km\/h (10 j\u016bdzes stund\u0101)<\/span><span style=\"font-size:16px;font-family:arial, helvetica, sans-serif\"><strong><br \/><\/strong><\/span><span style=\"font-size:16px;font-family:arial, helvetica, sans-serif\">Maksim\u0101lais diapazons: 12 km<\/span><span style=\"font-size:16px;font-family:arial, helvetica, sans-serif\"><strong><br \/><\/strong><\/span><span style=\"font-size:16px;font-family:arial, helvetica, sans-serif\">\u0100truma l\u012bme\u0146i: 8\/12\/16 km\/h (5\/8\/10 j\u016bdzes stund\u0101)<\/span><span style=\"font-size:16px;font-family:arial, helvetica, sans-serif\"><strong><br \/><\/strong><\/span><span style=\"font-size:16px;font-family:arial, helvetica, sans-serif\">\u016adensiztur\u012bbas l\u012bmenis: IP6<\/span><span style=\"font-size:16px;font-family:arial, helvetica, sans-serif\"><strong><br \/><\/strong><\/span><span style=\"font-size:16px;font-family:arial, helvetica, sans-serif\">R\u0101mja materi\u0101ls: t\u0113rauds<\/span><span style=\"font-size:16px;font-family:arial, helvetica, sans-serif\"><strong><br \/><\/strong><\/span><span style=\"font-size:16px;font-family:arial, helvetica, sans-serif\">Brem\u017eu sist\u0113ma: aizmugur\u0113j\u0101 rumbas bremze<\/span><span style=\"font-size:16px;font-family:arial, helvetica, sans-serif\"><strong><br \/><\/strong><\/span><span style=\"font-size:16px;font-family:arial, helvetica, sans-serif\">Ieteicamais brauc\u0113ja augums: 90\u2013160 cm (2&#039;11,5\u201d\u20135&#039;3\u201d)<\/span><\/p>\n<\/td>\n<\/tr>\n<tr>\n<td width=\"130\" style=\"width:130\">\n<p><span style=\"font-size:16px;font-family:arial, helvetica, sans-serif\">Motors<\/span><\/p>\n<\/td>\n<td width=\"426\" style=\"width:426\">\n<p><span style=\"font-size:16px;font-family:arial, helvetica, sans-serif\">Nomin\u0101l\u0101 jauda un spriegums: 160 W, 24 V<\/span><span style=\"font-size:16px;font-family:arial, helvetica, sans-serif\"><strong><br \/><\/strong><\/span><span style=\"font-size:16px;font-family:arial, helvetica, sans-serif\">Maksim\u0101lais izejas griezes moments: 11 Nm<\/span><\/p>\n<\/td>\n<\/tr>\n<tr>\n<td width=\"130\" style=\"width:130\">\n<p><span style=\"font-size:16px;font-family:arial, helvetica, sans-serif\">Akumulators<\/span><\/p>\n<\/td>\n<td width=\"426\" style=\"width:426\">\n<p><span style=\"font-size:16px;font-family:arial, helvetica, sans-serif\">Ietilp\u012bba: 5,2 Ah<\/span><span style=\"font-size:16px;font-family:arial, helvetica, sans-serif\"><strong><br \/><\/strong><\/span><span style=\"font-size:16px;font-family:arial, helvetica, sans-serif\">Spriegums: 21,9 V<\/span><span style=\"font-size:16px;font-family:arial, helvetica, sans-serif\"><strong><br \/><\/strong><\/span><span style=\"font-size:16px;font-family:arial, helvetica, sans-serif\">Uzl\u0101des laiks: 4 stundas<\/span><span style=\"font-size:16px;font-family:arial, helvetica, sans-serif\"><strong><br \/><\/strong><\/span><span style=\"font-size:16px;font-family:arial, helvetica, sans-serif\">Jauda: 113,88 Wh<\/span><\/p>\n<\/td>\n<\/tr>\n<tr>\n<td width=\"130\" style=\"width:130\">\n<p><span style=\"font-size:16px;font-family:arial, helvetica, sans-serif\">L\u0101d\u0113t\u0101js<\/span><\/p>\n<\/td>\n<td width=\"426\" style=\"width:426\">\n<p><span style=\"font-size:16px;font-family:arial, helvetica, sans-serif\">Ieeja: DC24V 1.5A<\/span><\/p>\n<\/td>\n<\/tr>\n<tr>\n<td width=\"130\" style=\"width:130\">\n<p><span style=\"font-size:16px;font-family:arial, helvetica, sans-serif\">Riepa<\/span><\/p>\n<\/td>\n<td width=\"426\" style=\"width:426\">\n<p><span style=\"font-size:16px;font-family:arial, helvetica, sans-serif\">Izm\u0113rs: 30,5 cm x 7,5 cm<\/span><span style=\"font-size:16px;font-family:arial, helvetica, sans-serif\"><strong><br \/><\/strong><\/span><span style=\"font-size:16px;font-family:arial, helvetica, sans-serif\">Tips: Pneimatisk\u0101s gumijas riepas<\/span><span style=\"font-size:16px;font-family:arial, helvetica, sans-serif\"><strong><br \/><\/strong><\/span><span style=\"font-size:16px;font-family:arial, helvetica, sans-serif\">Riepu spiediens: 100\u2013200 kPa<\/span><\/p>\n<\/td>\n<\/tr>\n<tr>\n<td width=\"130\" style=\"width:130\">\n<p><span style=\"font-size:16px;font-family:arial, helvetica, sans-serif\">Svars un izm\u0113rs<\/span><\/p>\n<\/td>\n<td width=\"426\" style=\"width:426\">\n<p><span style=\"font-size:16px;font-family:arial, helvetica, sans-serif\">Produkta svars: 15 kg<\/span><span style=\"font-size:16px;font-family:arial, helvetica, sans-serif\"><strong><br \/><\/strong><\/span><span style=\"font-size:16px;font-family:arial, helvetica, sans-serif\">Iepakojuma svars: 17,96 kg<\/span><span style=\"font-size:16px;font-family:arial, helvetica, sans-serif\"><strong><br \/><\/strong><\/span><span style=\"font-size:16px;font-family:arial, helvetica, sans-serif\">Izstr\u0101d\u0101juma izm\u0113rs: 1189 \u00d7 612,3 \u00d7 685,7 mm<\/span><span style=\"font-size:16px;font-family:arial, helvetica, sans-serif\"><strong><br \/><\/strong><\/span><span style=\"font-size:16px;font-family:arial, helvetica, sans-serif\">Iepakojuma izm\u0113rs (G x P x A): 1050 x 245 x 530 mm<\/span><\/p>\n<\/td>\n<\/tr>\n<tr>\n<td width=\"130\" style=\"width:130\">\n<p><span style=\"font-size:16px;font-family:arial, helvetica, sans-serif\">Paku saraksts<\/span><\/p>\n<\/td>\n<td width=\"426\" style=\"width:426\">\n<p><span style=\"font-size:16px;font-family:arial, helvetica, sans-serif\">1 x da\u013c\u0113ji salikts motocikls b\u0113rniem<\/span><span style=\"font-size:16px;font-family:arial, helvetica, sans-serif\"><strong><br \/><\/strong><\/span><span style=\"font-size:16px;font-family:arial, helvetica, sans-serif\">1 lietot\u0101ja rokasgr\u0101mata<\/span><span style=\"font-size:16px;font-family:arial, helvetica, sans-serif\"><strong><br \/><\/strong><\/span><span style=\"font-size:16px;font-family:arial, helvetica, sans-serif\">1 x l\u0101d\u0113t\u0101js<\/span><span style=\"font-size:16px;font-family:arial, helvetica, sans-serif\"><strong><br \/><\/strong><\/span><span style=\"font-size:16px;font-family:arial, helvetica, sans-serif\">1 x priek\u0161\u0113jais ritenis<\/span><span style=\"font-size:16px;font-family:arial, helvetica, sans-serif\"><strong><br \/><\/strong><\/span><span style=\"font-size:16px;font-family:arial, helvetica, sans-serif\">2 x ped\u0101\u013ci<\/span><span style=\"font-size:16px;font-family:arial, helvetica, sans-serif\"><strong><br \/><\/strong><\/span><span style=\"font-size:16px;font-family:arial, helvetica, sans-serif\">1 x uzglab\u0101\u0161anas kaste<\/span><span style=\"font-size:16px;font-family:arial, helvetica, sans-serif\"><strong><br \/><\/strong><\/span><span style=\"font-size:16px;font-family:arial, helvetica, sans-serif\">1 x atbalsta k\u0101ji\u0146a<\/span><span style=\"font-size:16px;font-family:arial, helvetica, sans-serif\"><strong><br \/><\/strong><\/span><span style=\"font-size:16px;font-family:arial, helvetica, sans-serif\">4 x st\u016bres skavas<\/span><span style=\"font-size:16px;font-family:arial, helvetica, sans-serif\"><strong><br \/><\/strong><\/span><span style=\"font-size:16px;font-family:arial, helvetica, sans-serif\">1 x ass ar uzgrie\u017e\u0146iem priek\u0161\u0113jam ritenim<\/span><span style=\"font-size:16px;font-family:arial, helvetica, sans-serif\"><strong><br \/><\/strong><\/span><span style=\"font-size:16px;font-family:arial, helvetica, sans-serif\">2 x skr\u016bves atbalsta k\u0101ji\u0146ai<\/span><span style=\"font-size:16px;font-family:arial, helvetica, sans-serif\"><strong><br \/><\/strong><\/span><span style=\"font-size:16px;font-family:arial, helvetica, sans-serif\">4 x skr\u016bves st\u016brei<\/span><span style=\"font-size:16px;font-family:arial, helvetica, sans-serif\"><strong><br \/><\/strong><\/span><span style=\"font-size:16px;font-family:arial, helvetica, sans-serif\">1 x 4 mm se\u0161st\u016bra atsl\u0113ga<\/span><span style=\"font-size:16px;font-family:arial, helvetica, sans-serif\"><strong><br \/><\/strong><\/span><span style=\"font-size:16px;font-family:arial, helvetica, sans-serif\">1 x 6 mm se\u0161st\u016bra atsl\u0113ga<\/span><span style=\"font-size:16px;font-family:arial, helvetica, sans-serif\"><strong><br \/><\/strong><\/span><span style=\"font-size:16px;font-family:arial, helvetica, sans-serif\">2 x 16 mm uzgrie\u017e\u0146u atsl\u0113gas<\/span><\/p>\n<\/td>\n<\/tr>\n<tr>\n<td width=\"556\" colspan=\"2\" style=\"width:556\">\n<p><span style=\"font-size:16px;font-family:arial, helvetica, sans-serif\">L\u016bdzu, \u0146emiet v\u0113r\u0101, ka maksim\u0101lais nobraukums tiek sasniegts ar 60 kg slodzi, braucot ar \u0101trumu 16 km\/h pa l\u012bdzeniem ce\u013ciem bez sp\u0113c\u012bga v\u0113ja 26\u00b0C temperat\u016br\u0101.<\/span><\/p>\n<\/td>\n<\/tr>\n<\/tbody>\n<\/table>\n<p><\/div>\n<\/div>","protected":false},"excerpt":{"rendered":"<p>Model Number:&nbsp;Pioneer 12 Wheel Number:&nbsp;Two Recommend Age:&nbsp;6-12Y,14+y Features:&nbsp;Ride On Max Load:&nbsp;65 kg Uphill:&nbsp;10\u00b0 (17.6%) Max Speed:&nbsp;16 km\/h (10 mph) Max Range:&nbsp;12 km Speed Levels:&nbsp;8\/12\/16 km\/h (5\/8\/10 mph) Waterproof Level:&nbsp;IP6 Material<\/p>","protected":false},"featured_media":24322,"comment_status":"open","ping_status":"closed","template":"","meta":{"_acf_changed":false},"product_brand":[],"product_cat":[313],"product_tag":[],"class_list":{"0":"post-24321","1":"product","2":"type-product","3":"status-publish","4":"has-post-thumbnail","6":"product_cat-electric-children-motorbikes","8":"first","9":"instock","10":"shipping-taxable","11":"purchasable","12":"product-type-variable"},"acf":[],"_links":{"self":[{"href":"https:\/\/electricstore.eu\/lv\/wp-json\/wp\/v2\/product\/24321","targetHints":{"allow":["GET"]}}],"collection":[{"href":"https:\/\/electricstore.eu\/lv\/wp-json\/wp\/v2\/product"}],"about":[{"href":"https:\/\/electricstore.eu\/lv\/wp-json\/wp\/v2\/types\/product"}],"replies":[{"embeddable":true,"href":"https:\/\/electricstore.eu\/lv\/wp-json\/wp\/v2\/comments?post=24321"}],"wp:featuredmedia":[{"embeddable":true,"href":"https:\/\/electricstore.eu\/lv\/wp-json\/wp\/v2\/media\/24322"}],"wp:attachment":[{"href":"https:\/\/electricstore.eu\/lv\/wp-json\/wp\/v2\/media?parent=24321"}],"wp:term":[{"taxonomy":"product_brand","embeddable":true,"href":"https:\/\/electricstore.eu\/lv\/wp-json\/wp\/v2\/product_brand?post=24321"},{"taxonomy":"product_cat","embeddable":true,"href":"https:\/\/electricstore.eu\/lv\/wp-json\/wp\/v2\/product_cat?post=24321"},{"taxonomy":"product_tag","embeddable":true,"href":"https:\/\/electricstore.eu\/lv\/wp-json\/wp\/v2\/product_tag?post=24321"}],"curies":[{"name":"wp","href":"https:\/\/api.w.org\/{rel}","templated":true}]}}