{"id":23377,"date":"2025-05-20T18:33:55","date_gmt":"2025-05-20T18:33:55","guid":{"rendered":"https:\/\/electricstore.eu\/p\/uncategorized\/csc-e-bike-battery-hailong-18650-cells-pack-52v-48v-36v-15ah-12-5ah-18ah-20ah-24ah-powerful-lithium-electric-bicycle-battery\/"},"modified":"2025-05-20T18:33:56","modified_gmt":"2025-05-20T18:33:56","slug":"csc-e-bike-battery-hailong-18650-cells-pack-52v-48v-36v-15ah-12-5ah-18ah-20ah-24ah-powerful-lithium-electric-bicycle-battery","status":"publish","type":"product","link":"https:\/\/electricstore.eu\/lv\/p\/p\/ebike-batteries\/downtube-e-bike-batteries\/csc-e-bike-battery-hailong-18650-cells-pack-52v-48v-36v-15ah-12-5ah-18ah-20ah-24ah-powerful-lithium-electric-bicycle-battery\/","title":{"rendered":"CSC e-velosip\u0113da akumulators Hailong 18650 \u0161\u016bnu iepakojums 52V 48V 36V 15Ah 12.5Ah 18Ah 20AH 24AH jaud\u012bgs litija elektrisk\u0101 velosip\u0113da akumulators"},"content":{"rendered":"<div class=\"product-specs-list-container\">\n<ul class=\"product-specs-list util-clearfix\">\n<li class=\"product-prop line-limit-length\"><span\n                                        class=\"property-title\">Ietilp\u012bba:&nbsp;<\/span><span\n                                        class=\"property-desc line-limit-length\">21\u201330\u00a0Ah<\/span>\n                            <\/li>\n<li class=\"product-prop line-limit-length\"><span\n                                        class=\"property-title\">Spriegums:&nbsp;<\/span><span\n                                        class=\"property-desc line-limit-length\">48 V<\/span>\n                            <\/li>\n<li class=\"product-prop line-limit-length\"><span\n                                        class=\"property-title\">Tips:&nbsp;<\/span><span\n                                        class=\"property-desc line-limit-length\">litija akumulators<\/span>\n                            <\/li>\n<li class=\"product-prop line-limit-length\"><span\n                                        class=\"property-title\">Izcelsme:&nbsp;<\/span><span\n                                        class=\"property-desc line-limit-length\">Kontinent\u0101l\u0101 \u0136\u012bna<\/span>\n                            <\/li>\n<li class=\"product-prop line-limit-length\"><span\n                                        class=\"property-title\">Spriegums:&nbsp;<\/span><span\n                                        class=\"property-desc line-limit-length\">36 V<\/span>\n                            <\/li>\n<\/ul><\/div>\n<div class=\"detailmodule_dynamic\"><kse:widget data-widget-type=\"customText\" id=\"1005000011616010\" type=\"custom\"><\/kse:widget><\/div>\n<div class=\"detailmodule_html\">\n<div class=\"detail-desc-decorate-richtext\">\n<div class=\"detailmodule_text\">\n<p style=\"font-family:OpenSans;font-size:20px;font-weight:900;line-height:28px;white-space:pre-wrap;color:rgb(0, 0, 0);margin-bottom:12px\" class=\"detail-desc-decorate-title\">Produkta apraksts<\/p>\n<p style=\"font-family:OpenSans;font-size:14px;text-align:left;color:rgb(0, 0, 0);background-color:rgb(255, 255, 255);display:block;width:100%\" align=\"left\">Produkta apraksts<br \/>1. Ar USB portu var uzl\u0101d\u0113t mobilo t\u0101lruni un Bluetooth ska\u013cruni<br \/>2. Jauns, pl\u0101ns hailong stila korpusa akumulators ar iesl\u0113g\u0161anas pogu<br \/>3. \u0112rta uzl\u0101des piesl\u0113gvieta nodro\u0161ina \u0101tr\u0101ku uzl\u0101di ar 2A<br \/>4. \u016adensiztur\u012bgs un ciets plastmasas korpuss<br \/>5. Izgaismots akumulatora LED indikators<br \/>6. Sl\u0113dzene ar atsl\u0113g\u0101m dro\u0161i nofiks\u0113 stiprin\u0101jumu uz velosip\u0113da r\u0101mja<\/p>\n<p>Akumulatora iepakojuma saraksts<br \/>1. Elektrisk\u0101 velosip\u0113da akumulators ar augstas kvalit\u0101tes ieb\u016bv\u0113tu BMS.<br \/>2. Ebike battery with EU plugElectric Bike Battery Specifications:<\/p>\n<p>36 V 15 Ah akumulators<br \/>Kontroliera savienot\u0101js: XT60<br \/>Nomin\u0101lais spriegums: 36 V<br \/>Nomin\u0101l\u0101 ietilp\u012bba: 15Ah<br \/>Sast\u0101vda\u013cas tips: 10Series 6Paralles 10S6P<br \/>\u0160\u016bnas: Jaud\u012bgas 18650 3,7 V 2500 mAh 10 A 5C \u0161\u016bnas<br \/>BMS: 20 amp\u0113ri nep\u0101rtraukti, maksim\u0101li 50 \u00b1 10 amp\u0113ri<br \/>Piem\u0113rota motora jauda: 36 V 250 W 350 W 500 W<br \/>Uzl\u0101des str\u0101va: 2\u20135 A<br \/>Uzl\u0101des izsl\u0113g\u0161anas spriegums: 42V<br \/>Izl\u0101des atsl\u0113g\u0161anas spriegums: 30 V<br \/>Izl\u0101des temperat\u016bra: no -20 l\u012bdz 65\u00b0C<br \/>Uzl\u0101des temperat\u016bra: no 0 l\u012bdz 45\u00b0C<br \/>Dimensions: 90*113*365mm<br \/>Akumulatora svars: 3,8 kg<br \/>Cikla ilgums: \u226580% ietilp\u012bba p\u0113c 800 cikliem.<br \/>&#8212;&#8212;&#8212;&#8212;&#8212;&#8212;&#8212;&#8212;&#8212;&#8212;&#8212;&#8212;&#8212;&#8212;&#8212;&#8212;&#8212;&#8212;&#8212;&#8212;&#8212;&#8212;<\/p>\n<p>48 V 18 Ah akumulators<br \/>Nomin\u0101lais spriegums: 48 V<br \/>Nomin\u0101l\u0101 ietilp\u012bba: 18Ah<br \/>Sast\u0101vda\u013cas tips: 13Series 4Paralles 13S4P<br \/>\u0160\u016bnas: Jaud\u012bgas 21700 3,7 V 4500 mAh \u0161\u016bnas<br \/>BMS: 40 A nep\u0101rtraukta str\u0101va, maksim\u0101li 100 \u00b1 10 A<br \/>Piem\u0113rota motora jauda: 48 V 250 W\u20131500 W<br \/>Uzl\u0101des str\u0101va: 2\u20135 A<br \/>Uzl\u0101des atsl\u0113g\u0161anas spriegums: 54,6 V<br \/>Izl\u0101des atsl\u0113g\u0161anas spriegums: 39 V<br \/>Izl\u0101des temperat\u016bra: no -20 l\u012bdz 65\u00b0C<br \/>Uzl\u0101des temperat\u016bra: no 0 l\u012bdz 45\u00b0C<br \/>Dimensions: 90*127*367mm<br \/>Akumulatora svars: 4,77 kg<br \/>Cikla ilgums: \u226580% ietilp\u012bba p\u0113c 800 cikliem.<br \/>&#8212;&#8212;&#8212;&#8212;&#8212;&#8212;&#8212;&#8212;&#8212;&#8212;&#8212;&#8212;&#8212;&#8212;&#8212;&#8212;&#8212;&#8212;&#8212;&#8212;&#8212;&#8212;<br \/>48 V 24 Ah akumulators<br \/>Nomin\u0101lais spriegums: 48 V<br \/>Nomin\u0101l\u0101 ietilp\u012bba: 24Ah<br \/>Sast\u0101vda\u013cas tips: 13Series 5Paralles 13S5P<br \/>\u0160\u016bnas: Jaud\u012bgas 21700 3,7 V 4800 mAh \u0161\u016bnas<br \/>BMS: 40 A nep\u0101rtraukta str\u0101va, maksim\u0101li 100 \u00b1 10 A<br \/>Piem\u0113rota motora jauda: 48 V 250 W\u20131500 W<br \/>Uzl\u0101des str\u0101va: 2\u20135 A<br \/>Uzl\u0101des atsl\u0113g\u0161anas spriegums: 54,6 V<br \/>Izl\u0101des atsl\u0113g\u0161anas spriegums: 39 V<br \/>Izl\u0101des temperat\u016bra: no -20 l\u012bdz 65\u00b0C<br \/>Uzl\u0101des temperat\u016bra: no 0 l\u012bdz 45\u00b0C<br \/>Dimensions: 90*127*367mm<br \/>Akumulatora svars: 5,73 kg<br \/>Cikla ilgums: \u226580% ietilp\u012bba p\u0113c 800 cikliem.<br \/>&#8212;&#8212;&#8212;&#8212;&#8212;&#8212;&#8212;&#8212;&#8212;&#8212;&#8212;&#8212;&#8212;&#8212;&#8212;&#8212;&#8212;&#8212;&#8212;&#8212;&#8212;&#8212;<br \/>52 V 13,5 Ah akumulators<br \/>Nomin\u0101lais spriegums: 52 V<br \/>Nomin\u0101l\u0101 ietilp\u012bba: 13,5 Ah<br \/>Sast\u0101vda\u013cas tips: 14Series 3Paralles 14S3P<br \/>\u0160\u016bnas: Jaud\u012bgas 21700 3,7 V 4500 mAh \u0161\u016bnas<br \/>BMS: 30 A nep\u0101rtraukta str\u0101va, maksim\u0101li 100 \u00b1 10 A<br \/>Piem\u0113rota motora jauda: 52 V 250 W\u2013750 W<br \/>Uzl\u0101des str\u0101va: 2\u20135 A<br \/>Uzl\u0101des izsl\u0113g\u0161anas spriegums: 60 V<br \/>Izl\u0101des atsl\u0113g\u0161anas spriegums: 39 V<br \/>Izl\u0101des temperat\u016bra: no -20 l\u012bdz 65\u00b0C<br \/>Uzl\u0101des temperat\u016bra: no 0 l\u012bdz 45\u00b0C<br \/>Dimensions: 90*113*365mm<br \/>Akumulatora svars: 4,15 kg<br \/>Cikla ilgums: \u226580% ietilp\u012bba p\u0113c 800 cikliem.<br \/>&#8212;&#8212;&#8212;&#8212;&#8212;&#8212;&#8212;&#8212;&#8212;&#8212;&#8212;&#8212;&#8212;&#8212;&#8212;&#8212;&#8212;&#8212;&#8212;&#8212;&#8212;&#8212;<\/p>\n<\/div>\n<div class=\"detailmodule_image\"><img decoding=\"async\" style=\"margin-bottom:10px\" class=\"detail-desc-decorate-image\" src=\"https:\/\/ae01.alicdn.com\/kf\/S12042ef3bcb04b42a377ff31ffd8cabef.png\" slate-data-type=\"image\"\/><img decoding=\"async\" class=\"detail-desc-decorate-image\" src=\"https:\/\/sc02.alicdn.com\/kf\/HTB1oiqdaizxK1RjSspjq6AS.pXaC\/220335770\/HTB1oiqdaizxK1RjSspjq6AS.pXaC.jpg_.webp\" slate-data-type=\"image\"\/><img decoding=\"async\" class=\"detail-desc-decorate-image\" src=\"https:\/\/sc02.alicdn.com\/kf\/HTB1qa1bac_vK1Rjy0Foq6xIxVXa9\/220335770\/HTB1qa1bac_vK1Rjy0Foq6xIxVXa9.jpg_.webp\" slate-data-type=\"image\"\/><img decoding=\"async\" class=\"detail-desc-decorate-image\" src=\"https:\/\/sc01.alicdn.com\/kf\/HTB1DQ2Fu9zqK1RjSZFHq6z3CpXas\/220335770\/HTB1DQ2Fu9zqK1RjSZFHq6z3CpXas.jpg_.webp\" slate-data-type=\"image\"\/><img decoding=\"async\" class=\"detail-desc-decorate-image\" src=\"https:\/\/sc01.alicdn.com\/kf\/HTB1aKedaiLrK1Rjy1zdq6ynnpXaO\/220335770\/HTB1aKedaiLrK1Rjy1zdq6ynnpXaO.jpg_.webp\" slate-data-type=\"image\"\/><img decoding=\"async\" class=\"detail-desc-decorate-image\" src=\"https:\/\/ae01.alicdn.com\/kf\/HTB1UPG0LxjaK1RjSZFAq6zdLFXa0.jpg\" slate-data-type=\"image\"\/><img decoding=\"async\" class=\"detail-desc-decorate-image\" src=\"https:\/\/sc01.alicdn.com\/kf\/HTB1KFucaizxK1RkSnaVq6xn9VXa3\/220335770\/HTB1KFucaizxK1RkSnaVq6xn9VXa3.jpg_.webp\" slate-data-type=\"image\"\/><img decoding=\"async\" class=\"detail-desc-decorate-image\" src=\"https:\/\/sc01.alicdn.com\/kf\/HTB1mNfrX6LuK1Rjy0Fhq6xpdFXa0\/220335770\/HTB1mNfrX6LuK1Rjy0Fhq6xpdFXa0.jpg_.webp\" slate-data-type=\"image\"\/><img decoding=\"async\" class=\"detail-desc-decorate-image\" src=\"https:\/\/sc01.alicdn.com\/kf\/HTB19zylafjsK1Rjy1Xaq6zispXal\/220335770\/HTB19zylafjsK1Rjy1Xaq6zispXal.jpg_.webp\" slate-data-type=\"image\"\/><img decoding=\"async\" class=\"detail-desc-decorate-image\" src=\"https:\/\/sc01.alicdn.com\/kf\/HTB1kjJ8airxK1RkHFCcq6AQCVXac\/220335770\/HTB1kjJ8airxK1RkHFCcq6AQCVXac.jpg_.webp\" slate-data-type=\"image\"\/><\/div>\n<div class=\"detailmodule_image\"><img decoding=\"async\" class=\"detail-desc-decorate-image\" src=\"https:\/\/sc02.alicdn.com\/kf\/HTB1YhadajvuK1Rjy0Faq6x2aVXau\/220335770\/HTB1YhadajvuK1Rjy0Faq6x2aVXau.jpg_.webp\" slate-data-type=\"image\"\/><img decoding=\"async\" class=\"detail-desc-decorate-image\" src=\"https:\/\/sc01.alicdn.com\/kf\/HTB1BqudajzuK1RjSspeq6ziHVXab\/220335770\/HTB1BqudajzuK1RjSspeq6ziHVXab.jpg_.webp\" slate-data-type=\"image\"\/><img decoding=\"async\" class=\"detail-desc-decorate-image\" src=\"https:\/\/sc01.alicdn.com\/kf\/HTB1VvGfaffsK1RjSszgq6yXzpXaW\/220335770\/HTB1VvGfaffsK1RjSszgq6yXzpXaW.jpg_.webp\" slate-data-type=\"image\"\/><\/div>\n<div class=\"detailmodule_image\"><img decoding=\"async\" class=\"detail-desc-decorate-image\" src=\"https:\/\/sc01.alicdn.com\/kf\/HTB1fMOEacrrK1Rjy1zeq6xalFXaM\/220335770\/HTB1fMOEacrrK1Rjy1zeq6xalFXaM.jpg_.webp\" slate-data-type=\"image\"\/><\/div>\n<p><\/p>\n<\/div>\n<\/div>\n<p><\/p>","protected":false},"excerpt":{"rendered":"<p>Capacity:&nbsp;21 &#8211; 30Ah Voltage:&nbsp;48v Type:&nbsp;lithium battery Origin:&nbsp;Mainland China Voltage:&nbsp;36V Product Description Product Description1. With USB port can charge Cell Phone and Bluetooth Speaker2. New slim hailong style Case Battery with<\/p>","protected":false},"featured_media":22579,"comment_status":"open","ping_status":"closed","template":"","meta":{"_acf_changed":false},"product_brand":[],"product_cat":[533],"product_tag":[],"class_list":{"0":"post-23377","1":"product","2":"type-product","3":"status-publish","4":"has-post-thumbnail","6":"product_cat-downtube-e-bike-batteries","8":"first","9":"instock","10":"shipping-taxable","11":"purchasable","12":"product-type-variable"},"acf":[],"_links":{"self":[{"href":"https:\/\/electricstore.eu\/lv\/wp-json\/wp\/v2\/product\/23377","targetHints":{"allow":["GET"]}}],"collection":[{"href":"https:\/\/electricstore.eu\/lv\/wp-json\/wp\/v2\/product"}],"about":[{"href":"https:\/\/electricstore.eu\/lv\/wp-json\/wp\/v2\/types\/product"}],"replies":[{"embeddable":true,"href":"https:\/\/electricstore.eu\/lv\/wp-json\/wp\/v2\/comments?post=23377"}],"wp:featuredmedia":[{"embeddable":true,"href":"https:\/\/electricstore.eu\/lv\/wp-json\/wp\/v2\/media\/22579"}],"wp:attachment":[{"href":"https:\/\/electricstore.eu\/lv\/wp-json\/wp\/v2\/media?parent=23377"}],"wp:term":[{"taxonomy":"product_brand","embeddable":true,"href":"https:\/\/electricstore.eu\/lv\/wp-json\/wp\/v2\/product_brand?post=23377"},{"taxonomy":"product_cat","embeddable":true,"href":"https:\/\/electricstore.eu\/lv\/wp-json\/wp\/v2\/product_cat?post=23377"},{"taxonomy":"product_tag","embeddable":true,"href":"https:\/\/electricstore.eu\/lv\/wp-json\/wp\/v2\/product_tag?post=23377"}],"curies":[{"name":"wp","href":"https:\/\/api.w.org\/{rel}","templated":true}]}}