{"id":21829,"date":"2025-05-20T18:27:23","date_gmt":"2025-05-20T18:27:23","guid":{"rendered":"https:\/\/electricstore.eu\/p\/uncategorized\/fossibot-f2400-pure-sine-wave-portable-power-station-2048wh-2400w-output-generator-16-output-ports-solar-portable-folding-trolley\/"},"modified":"2025-05-20T18:27:46","modified_gmt":"2025-05-20T18:27:46","slug":"fossibot-f2400-pure-sine-wave-portable-power-station-2048wh-2400w-output-generator-16-output-ports-solar-portable-folding-trolley","status":"publish","type":"product","link":"https:\/\/electricstore.eu\/lv\/p\/batteries\/portable-power-stations\/fossibot-f2400-pure-sine-wave-portable-power-station-2048wh-2400w-output-generator-16-output-ports-solar-portable-folding-trolley\/","title":{"rendered":"Fossibot F2400 t\u012bra sinusoid\u0101la p\u0101rn\u0113s\u0101jama elektrostacija 2048 Wh 2400 W izejas \u0123enerators 16 izejas porti saules ener\u0123ijas p\u0101rn\u0113s\u0101jams saliekams rati\u0146i"},"content":{"rendered":"<div class=\"product-specs-list-container\">\n<ul class=\"product-specs-list util-clearfix\">\n<li class=\"product-prop line-limit-length\"><span\n                                        class=\"property-title\">Pielietojums:&nbsp;<\/span><span\n                                        class=\"property-desc line-limit-length\">Saules ener\u0123ijas uzglab\u0101\u0161ana<\/span>\n                            <\/li>\n<li class=\"product-prop line-limit-length\"><span\n                                        class=\"property-title\">Nomin\u0101l\u0101 ietilp\u012bba:&nbsp;<\/span><span\n                                        class=\"property-desc line-limit-length\">2400 W<\/span>\n                            <\/li>\n<li class=\"product-prop line-limit-length\"><span\n                                        class=\"property-title\">Mode\u013ca numurs:&nbsp;<\/span><span\n                                        class=\"property-desc line-limit-length\">F2400 fossibots<\/span>\n                            <\/li>\n<li class=\"product-prop line-limit-length\"><span\n                                        class=\"property-title\">Tips:&nbsp;<\/span><span\n                                        class=\"property-desc line-limit-length\">LiFePO4<\/span>\n                            <\/li>\n<li class=\"product-prop line-limit-length\"><span\n                                        class=\"property-title\">Komplekta veids:&nbsp;<\/span><span\n                                        class=\"property-desc line-limit-length\">L\u0101d\u0113t\u0101ju komplekti<\/span>\n                            <\/li>\n<li class=\"product-prop line-limit-length\"><span\n                                        class=\"property-title\">Z\u012bmola nosaukums:&nbsp;<\/span><span\n                                        class=\"property-desc line-limit-length\">fossibots<\/span>\n                            <\/li>\n<li class=\"product-prop line-limit-length\"><span\n                                        class=\"property-title\">Ietilp\u012bba:&nbsp;<\/span><span\n                                        class=\"property-desc line-limit-length\">2048\u00a0Wh\/640\u00a0000\u00a0mA<\/span>\n                            <\/li>\n<li class=\"product-prop line-limit-length\"><span\n                                        class=\"property-title\">Akumulatora tips:&nbsp;<\/span><span\n                                        class=\"property-desc line-limit-length\">LiFePO4 akumulators<\/span>\n                            <\/li>\n<li class=\"product-prop line-limit-length\"><span\n                                        class=\"property-title\">Nomin\u0101l\u0101 frekvence:&nbsp;<\/span><span\n                                        class=\"property-desc line-limit-length\">50Hz\/60Hz<\/span>\n                            <\/li>\n<li class=\"product-prop line-limit-length\"><span\n                                        class=\"property-title\">Iepakojums:&nbsp;<\/span><span\n                                        class=\"property-desc line-limit-length\">Ar saliekamiem rati\u0146iem<\/span>\n                            <\/li>\n<li class=\"product-prop line-limit-length\"><span\n                                        class=\"property-title\">LED apgaismojums:&nbsp;<\/span><span\n                                        class=\"property-desc line-limit-length\">Jauda 1 W, silts tonis<\/span>\n                            <\/li>\n<li class=\"product-prop line-limit-length\"><span\n                                        class=\"property-title\">Mai\u0146str\u0101vas izeja:&nbsp;<\/span><span\n                                        class=\"property-desc line-limit-length\">Nomin\u0101l\u0101 jauda 2400 W, t\u012brs sinusoid\u0101ls vilnis<\/span>\n                            <\/li>\n<li class=\"product-prop line-limit-length\"><span\n                                        class=\"property-title\">1.\u00a0funkcijas:&nbsp;<\/span><span\n                                        class=\"property-desc line-limit-length\">P\u0101rn\u0113s\u0101jama elektrostacija<\/span>\n                            <\/li>\n<li class=\"product-prop line-limit-length\"><span\n                                        class=\"property-title\">02.\u00a0funkcijas:&nbsp;<\/span><span\n                                        class=\"property-desc line-limit-length\">Joses sp\u0113ks<\/span>\n                            <\/li>\n<li class=\"product-prop line-limit-length\"><span\n                                        class=\"property-title\">Funkcijas 03:&nbsp;<\/span><span\n                                        class=\"property-desc line-limit-length\">P\u0101rn\u0113s\u0101jama kempera baterija<\/span>\n                            <\/li>\n<li class=\"product-prop line-limit-length\"><span\n                                        class=\"property-title\">04.\u00a0funkcijas:&nbsp;<\/span><span\n                                        class=\"property-desc line-limit-length\">P\u0101rn\u0113s\u0101jama saules ener\u0123ijas stacija<\/span>\n                            <\/li>\n<li class=\"product-prop line-limit-length\"><span\n                                        class=\"property-title\">05.\u00a0funkcijas:&nbsp;<\/span><span\n                                        class=\"property-desc line-limit-length\">P\u0101rn\u0113s\u0101jama elektrostacija<\/span>\n                            <\/li>\n<li class=\"product-prop line-limit-length\"><span\n                                        class=\"property-title\">Funkcijas 06:&nbsp;<\/span><span\n                                        class=\"property-desc line-limit-length\">Portalilas sp\u0113kstacija<\/span>\n                            <\/li>\n<\/ul><\/div>\n<div class=\"detailmodule_html\">\n<div class=\"detail-desc-decorate-richtext\">\n<p><\/p>\n<div id=\"nav-description\" class=\"description--wrap--LscZ0He\">\n<div>\n<div class=\"extend--content--VuIQZia\">\n<div>\n<div id=\"product-description\" class=\"description--product-description--Mjtql28\">\n<div class=\"description--origin-part--rWy05pE\">\n<div class=\"detailmodule_html\">\n<div class=\"detail-desc-decorate-richtext\">\n<p><span style=\"font-size:22px\"><strong>Produkta svar\u012bg\u0101kie aspekti &gt;&gt;&gt;<\/strong><\/span>:<\/p>\n<p><\/p>\n<ul style=\"font-family:&quot;Microsoft YaHei&quot;;font-size:medium;font-weight:400;letter-spacing:normal;text-align:start;white-space:normal;color:rgb(0, 0, 0);margin-bottom:10px;padding-left:0px\" class=\"clearfix\" align=\"start\">\n<li style=\"font-size:14px;margin-right:10px;padding-left:18px;list-style:none;position:relative\">\n<p><strong>2400 W izejas jauda, 2048 Wh LiFePO4 akumulators<\/strong><\/p>\n<\/li>\n<li style=\"font-size:14px;margin-right:10px;padding-left:18px;list-style:none;position:relative\">\n<p>\u012apa\u0161i lielas ietilp\u012bbas 2048 Wh\/640 000 mAh p\u0101rn\u0113s\u0101jamam baro\u0161anas blokam ir 2400 W nomin\u0101l\u0101 izejas jauda. Apr\u012bkots ar 6 mai\u0146str\u0101vas rozet\u0113m, 6 USB izejas portiem un 4 l\u012bdzstr\u0101vas izejas portiem, to var izmantot liel\u0101kajai da\u013cai ier\u012b\u010du, piem\u0113ram, r\u012bsu v\u0101r\u012bt\u0101jiem, televizoriem, elektriskaj\u0101m seg\u0101m, elektriskaj\u0101m t\u0113jkann\u0101m, matu \u017e\u0101v\u0113t\u0101jiem, instrumentiem un pat jaud\u012bg\u0101k\u0101m ier\u012bc\u0113m (piem\u0113ram, elektriskaj\u0101m pl\u012bt\u012bm, elektriskaj\u0101m mikrovi\u013c\u0146u kr\u0101sn\u012bm) un ledusskapjiem.<\/p>\n<\/li>\n<li style=\"font-size:14px;margin-right:10px;padding-left:18px;list-style:none;position:relative\">\n<p><\/p>\n<\/li>\n<li style=\"font-size:14px;margin-right:10px;padding-left:18px;list-style:none;position:relative\">\n<p><strong>Divvirzienu invertora tehnolo\u0123ija<\/strong><br \/>FOSSiBOT p\u0101rn\u0113s\u0101jam\u0101 elektrostacija izmanto jaun\u0101ko divvirzienu invertora tehnolo\u0123iju un perfektu viedo ieejas jaudas regul\u0113\u0161anas pogu kombin\u0101ciju. Ieejas jauda sasniedz 1100 W un var veikt 0-80% uzl\u0101di 80 min\u016bt\u0113s, piln\u012bb\u0101 uzl\u0101d\u0113jot 1,78 stund\u0101s.<\/p>\n<\/li>\n<li style=\"font-size:14px;margin-right:10px;padding-left:18px;list-style:none;position:relative\">\n<p><strong>Inteli\u0123enta ieejas jaudas regul\u0113\u0161anas poga<\/strong><\/p>\n<\/li>\n<li style=\"font-size:14px;margin-right:10px;padding-left:18px;list-style:none;position:relative\">\n<p>F2400 saules elektrostacija ar 300 W, 500 W, 700 W, 900 W un 1100 W ieejas jaudas aizsardz\u012bbas baro\u0161anas avotu, uzl\u0101des \u0101trums ir piln\u012bb\u0101 br\u012bvi kontrol\u0113jams, regul\u0113\u0161anas poga var uztur\u0113t ieejas spriegumu nemain\u012bgu, iev\u0113rojami pagarinot FOSSiBOT F2400 kalpo\u0161anas laiku, aizsarg\u0101jot j\u016bsu apr\u012bkojumu.<\/p>\n<\/li>\n<li style=\"font-size:14px;margin-right:10px;padding-left:18px;list-style:none;position:relative\">\n<p><\/p>\n<\/li>\n<li style=\"font-size:14px;margin-right:10px;padding-left:18px;list-style:none;position:relative\">\n<p><strong>3 uzl\u0101des metodes<\/strong><\/p>\n<\/li>\n<li style=\"font-size:14px;margin-right:10px;padding-left:18px;list-style:none;position:relative\">\n<p>Tie\u0161a uzl\u0101de no elektrot\u012bkla, saules ener\u0123ijas uzl\u0101des un automa\u0161\u012bnas l\u0101d\u0113t\u0101ja. Ja izv\u0113laties uzl\u0101d\u0113t vienlaikus ar saules ener\u0123iju un elektrot\u012bklu, uzl\u0101des jauda ir l\u012bdz 1600 W, un j\u016bs varat uzl\u0101d\u0113t 0-80% 70 min\u016bt\u0113s. To var piln\u012bb\u0101 uzl\u0101d\u0113t 90 min\u016bt\u0113s, \u0101tr\u0101k nek\u0101 jebkuru citu saules ener\u0123ijas \u0123eneratoru.<\/p>\n<\/li>\n<\/ul>\n<p><span style=\"font-size:22px\"><strong>Specifik\u0101cija &gt;&gt;&gt;:<\/strong><\/span><\/p>\n<p><\/p>\n<table style=\"border-collapse:collapse;font-family:&quot;Microsoft YaHei&quot;;width:651px\" class=\"jbEidtTable\" border=\"1\" cellpadding=\"5\" cellspacing=\"0\">\n<tbody>\n<tr>\n<td style=\"font-size:14px;text-align:left;width:219.938px\" align=\"left\">\n<p><strong>Visp\u0101r\u012bgi<\/strong><\/p>\n<\/td>\n<td style=\"font-size:14px;text-align:left;width:408.062px\" align=\"left\">\n<p>Z\u012bmols: FOSSiBOT<br \/>Tips: P\u0101rn\u0113s\u0101jama elektrostacija<br \/>Modelis: F2400<br \/>Kr\u0101sa: za\u013ca<\/p>\n<\/td>\n<\/tr>\n<tr>\n<td style=\"font-size:14px;text-align:left;width:219.938px\" align=\"left\">\n<p><strong>Specifik\u0101cija<\/strong><\/p>\n<\/td>\n<td style=\"font-size:14px;text-align:left;width:408.062px\" align=\"left\">\n<p>Akumulatora tips: LiFePO4 akumulators<br \/>Ietilp\u012bba: 2048 Wh\/640000 mA<br \/>Darba temperat\u016bra: 0\u201340\u00a0p\u0113c Celsija \/ 32\u2013104\u00a0p\u0113c F\u0101renheita<br \/>Uzglab\u0101\u0161anas temperat\u016bra: -10-40 celsija \/ -4-104 F\u0101renheita<br \/>Mitrums: 5%-95%<br \/>Dzes\u0113\u0161anas strat\u0113\u0123ija: Ventilators x 7<br \/>LED apgaismojums: jauda 1 W, silts tonis<\/p>\n<p>Mai\u0146str\u0101vas izeja: nomin\u0101l\u0101 jauda 2400 W, t\u012bra sinusa vilnis, 6 portu izeja, p\u0101rsprieguma jauda 4600 W<br \/>Nomin\u0101l\u0101 frekvence: 50Hz\/60Hz<br \/>Izejas spriegums: ES 220\u2013240 V mai\u0146str\u0101va<br \/>Invertora efektivit\u0101te: ETH = 90%<br \/>USB-A izeja: QC3.0 x 2 (5V3A\/9V2A\/12V1.5A)<br \/>C tipa izeja: PD 20 W x 3 100 W x 1 (5 V 3 A 9 V 3 A 12 V 3 A 15 V 3 A 20 V 5 A)<\/p>\n<p>L\u012bdzstr\u0101vas izeja<br \/>XT60: 12 V\/25 A x 1<br \/>DC5521: 12 V 3 A ligzda x 2<br \/>Cig\u0101ru \u0161\u0137iltavas: 12V10A ligzda x 1<\/p>\n<p>Ievade<br \/>Mai\u0146str\u0101vas Super Charge: 1100W, ES (mai\u0146str\u0101va 220-240V\/50Hz, 10A), ASV\/JAP\u0100NA (mai\u0146str\u0101va 100-120V 50Hz\/60Hz, 10A)<br \/>Saules uzl\u0101de: 12\u201348 V\/15 A MAX500 W<br \/>Automa\u0161\u012bnas uzl\u0101de: 12 V\/8 A, 24 V\/10 A<\/p>\n<\/td>\n<\/tr>\n<tr>\n<td style=\"font-size:14px;text-align:left;width:219.938px\" align=\"left\">\n<p><strong>Svars un izm\u0113rs<\/strong><\/p>\n<\/td>\n<td style=\"font-size:14px;text-align:left;width:408.062px\" align=\"left\">\n<p>Produkta svars: 22 kg<br \/>Iepakojuma svars: 24 kg<br \/>Produkta izm\u0113rs (G x P x A): 38,6 cm x 28,4 cm x 32,1 cm<br \/>Iepakojuma izm\u0113rs (G x P x A): 48,4 cm x 36,8 cm x 44,1 cm<\/p>\n<\/td>\n<\/tr>\n<tr>\n<td style=\"font-size:14px;text-align:left;width:219.938px\" align=\"left\">\n<p><strong>Konteineru iepakojums<\/strong><\/p>\n<\/td>\n<td style=\"font-size:14px;text-align:left;width:408.062px\" align=\"left\">\n<p>1 x F2400 elektrostacija<br \/>1 x str\u0101vas vads<br \/>1 x transportl\u012bdzek\u013ca uzl\u0101des kabelis<br \/>1 x Saules uzl\u0101des kabelis<br \/>1 lietot\u0101ja rokasgr\u0101mata<\/p>\n<p>1 x saliekams rati\u0146i<\/p>\n<\/td>\n<\/tr>\n<\/tbody>\n<\/table>\n<p><\/p>\n<p><img decoding=\"async\" src=\"https:\/\/ae01.alicdn.com\/kf\/Sb9669de8797747708a9fd8041a53d8993.jpg\" slate-data-type=\"image\"\/><img decoding=\"async\" src=\"https:\/\/ae01.alicdn.com\/kf\/S882ce0fdd47f415098a95bb09c59420fM.jpg\" slate-data-type=\"image\"\/><img decoding=\"async\" src=\"https:\/\/ae01.alicdn.com\/kf\/S6631c68eb4114dd69641cae247b9d421N.jpg\" slate-data-type=\"image\"\/><img decoding=\"async\" src=\"https:\/\/ae01.alicdn.com\/kf\/S369162acd03f45ddafc9cf654617545fz.jpg\" slate-data-type=\"image\"\/><img decoding=\"async\" src=\"https:\/\/ae01.alicdn.com\/kf\/Sc99d8582579b4d8d8953573d6113c28aL.jpg\" slate-data-type=\"image\"\/><img decoding=\"async\" src=\"https:\/\/ae01.alicdn.com\/kf\/S967a3d37f0ae4ec4a8c0afd21019e9244.jpg\" slate-data-type=\"image\"\/><img decoding=\"async\" src=\"https:\/\/ae01.alicdn.com\/kf\/S0272cc35172546608efcc9af9ee1c7dbh.jpg\" slate-data-type=\"image\"\/><img decoding=\"async\" src=\"https:\/\/ae01.alicdn.com\/kf\/Sc323e7f185654aa790149f69c0708067V.jpg\" slate-data-type=\"image\"\/><img decoding=\"async\" src=\"https:\/\/ae01.alicdn.com\/kf\/S44ee694ac58b43b4b789a9d38056a7335.jpg\" slate-data-type=\"image\"\/><img decoding=\"async\" src=\"https:\/\/ae01.alicdn.com\/kf\/S5e528fc8ff774ff19a0f24edb2f54d9d4.jpg\" slate-data-type=\"image\"\/><img decoding=\"async\" src=\"https:\/\/ae01.alicdn.com\/kf\/S819addc4d72a4c24b25dd4b2fa8fb276p.jpg\" slate-data-type=\"image\"\/><\/p>\n<\/div>\n<\/div>\n<\/div>\n<\/div>\n<\/div>\n<\/div>\n<\/div>\n<\/div>\n<div style=\"margin:32px 0px;margin-bottom:32px;margin-top:32px;margin-left:0px;margin-right:0px\" class=\"comet-v2-divider comet-v2-divider-small split-line--wrap--dVhU29K\"><\/div>\n<p><\/p>\n<\/div>\n<\/div>","protected":false},"excerpt":{"rendered":"<p>Application:&nbsp;Solar Power Storage Nominal Capacity:&nbsp;2400W Model Number:&nbsp;F2400 fossibot Type:&nbsp;LiFePO4 Set Type:&nbsp;Charger Sets Brand Name:&nbsp;fossibot Capacity:&nbsp;2048Wh\/640000mA Battery Type:&nbsp;LiFePO4 battery Rated Frequency:&nbsp;50Hz\/60Hz Package:&nbsp;With Folding Trolley LED Lighting:&nbsp;Power 1W, Warm tone AC Output:&nbsp;Rated<\/p>","protected":false},"featured_media":21830,"comment_status":"open","ping_status":"closed","template":"","meta":{"_acf_changed":false},"product_brand":[],"product_cat":[515],"product_tag":[],"class_list":{"0":"post-21829","1":"product","2":"type-product","3":"status-publish","4":"has-post-thumbnail","6":"product_cat-portable-power-stations","8":"first","9":"instock","10":"shipping-taxable","11":"purchasable","12":"product-type-variable"},"acf":[],"_links":{"self":[{"href":"https:\/\/electricstore.eu\/lv\/wp-json\/wp\/v2\/product\/21829","targetHints":{"allow":["GET"]}}],"collection":[{"href":"https:\/\/electricstore.eu\/lv\/wp-json\/wp\/v2\/product"}],"about":[{"href":"https:\/\/electricstore.eu\/lv\/wp-json\/wp\/v2\/types\/product"}],"replies":[{"embeddable":true,"href":"https:\/\/electricstore.eu\/lv\/wp-json\/wp\/v2\/comments?post=21829"}],"wp:featuredmedia":[{"embeddable":true,"href":"https:\/\/electricstore.eu\/lv\/wp-json\/wp\/v2\/media\/21830"}],"wp:attachment":[{"href":"https:\/\/electricstore.eu\/lv\/wp-json\/wp\/v2\/media?parent=21829"}],"wp:term":[{"taxonomy":"product_brand","embeddable":true,"href":"https:\/\/electricstore.eu\/lv\/wp-json\/wp\/v2\/product_brand?post=21829"},{"taxonomy":"product_cat","embeddable":true,"href":"https:\/\/electricstore.eu\/lv\/wp-json\/wp\/v2\/product_cat?post=21829"},{"taxonomy":"product_tag","embeddable":true,"href":"https:\/\/electricstore.eu\/lv\/wp-json\/wp\/v2\/product_tag?post=21829"}],"curies":[{"name":"wp","href":"https:\/\/api.w.org\/{rel}","templated":true}]}}