{"id":21774,"date":"2025-05-20T18:26:54","date_gmt":"2025-05-20T18:26:54","guid":{"rendered":"https:\/\/electricstore.eu\/p\/uncategorized\/fossibot-f1200-pure-sine-wave-1200w-portable-power-station-1024wh-capacity-3-led-modes-morse-energy-storage-portable-generator\/"},"modified":"2025-05-20T18:27:00","modified_gmt":"2025-05-20T18:27:00","slug":"fossibot-f1200-pure-sine-wave-1200w-portable-power-station-1024wh-capacity-3-led-modes-morse-energy-storage-portable-generator","status":"publish","type":"product","link":"https:\/\/electricstore.eu\/lv\/p\/batteries\/portable-power-stations\/fossibot-f1200-pure-sine-wave-1200w-portable-power-station-1024wh-capacity-3-led-modes-morse-energy-storage-portable-generator\/","title":{"rendered":"Fossibot F1200 t\u012bra sinusoid\u0101la 1200 W p\u0101rn\u0113s\u0101jama elektrostacija 1024 Wh ietilp\u012bba 3 LED re\u017e\u012bmi Morzes ener\u0123ijas uzglab\u0101\u0161anas p\u0101rn\u0113s\u0101jams \u0123enerators"},"content":{"rendered":"<div class=\"product-specs-list-container\">\n<ul class=\"product-specs-list util-clearfix\">\n<li class=\"product-prop line-limit-length\"><span\n                                        class=\"property-title\">Pielietojums:&nbsp;<\/span><span\n                                        class=\"property-desc line-limit-length\">Saules ener\u0123ijas uzglab\u0101\u0161ana<\/span>\n                            <\/li>\n<li class=\"product-prop line-limit-length\"><span\n                                        class=\"property-title\">Nomin\u0101l\u0101 ietilp\u012bba:&nbsp;<\/span><span\n                                        class=\"property-desc line-limit-length\">1024 Wh<\/span>\n                            <\/li>\n<li class=\"product-prop line-limit-length\"><span\n                                        class=\"property-title\">Mode\u013ca numurs:&nbsp;<\/span><span\n                                        class=\"property-desc line-limit-length\">F1200 FOSSiBOT<\/span>\n                            <\/li>\n<li class=\"product-prop line-limit-length\"><span\n                                        class=\"property-title\">Tips:&nbsp;<\/span><span\n                                        class=\"property-desc line-limit-length\">LiFePO4<\/span>\n                            <\/li>\n<li class=\"product-prop line-limit-length\"><span\n                                        class=\"property-title\">Komplekta veids:&nbsp;<\/span><span\n                                        class=\"property-desc line-limit-length\">L\u0101d\u0113t\u0101ju komplekti<\/span>\n                            <\/li>\n<li class=\"product-prop line-limit-length\"><span\n                                        class=\"property-title\">Z\u012bmola nosaukums:&nbsp;<\/span><span\n                                        class=\"property-desc line-limit-length\">fossibots<\/span>\n                            <\/li>\n<li class=\"product-prop line-limit-length\"><span\n                                        class=\"property-title\">Z\u012bmols:&nbsp;<\/span><span\n                                        class=\"property-desc line-limit-length\">FOSSiBOT<\/span>\n                            <\/li>\n<li class=\"product-prop line-limit-length\"><span\n                                        class=\"property-title\">Modelis:&nbsp;<\/span><span\n                                        class=\"property-desc line-limit-length\">F1200<\/span>\n                            <\/li>\n<li class=\"product-prop line-limit-length\"><span\n                                        class=\"property-title\">Nomin\u0101l\u0101 jauda:&nbsp;<\/span><span\n                                        class=\"property-desc line-limit-length\">1200 W<\/span>\n                            <\/li>\n<li class=\"product-prop line-limit-length\"><span\n                                        class=\"property-title\">LED gaismas re\u017e\u012bms:&nbsp;<\/span><span\n                                        class=\"property-desc line-limit-length\">Gaismas re\u017e\u012bms, SOS re\u017e\u012bms, stroboskops<\/span>\n                            <\/li>\n<li class=\"product-prop line-limit-length\"><span\n                                        class=\"property-title\">Ietilp\u012bba:&nbsp;<\/span><span\n                                        class=\"property-desc line-limit-length\">1024 Wh<\/span>\n                            <\/li>\n<li class=\"product-prop line-limit-length\"><span\n                                        class=\"property-title\">Tips:&nbsp;<\/span><span\n                                        class=\"property-desc line-limit-length\">LiFePO4 (LFP)<\/span>\n                            <\/li>\n<li class=\"product-prop line-limit-length\"><span\n                                        class=\"property-title\">Dz\u012bves cikls:&nbsp;<\/span><span\n                                        class=\"property-desc line-limit-length\">4000 cikli l\u012bdz 80% + jauda<\/span>\n                            <\/li>\n<li class=\"product-prop line-limit-length\"><span\n                                        class=\"property-title\">1.\u00a0funkcijas:&nbsp;<\/span><span\n                                        class=\"property-desc line-limit-length\">P\u0101rn\u0113s\u0101jams akumulators<\/span>\n                            <\/li>\n<li class=\"product-prop line-limit-length\"><span\n                                        class=\"property-title\">02.\u00a0funkcijas:&nbsp;<\/span><span\n                                        class=\"property-desc line-limit-length\">P\u0101rn\u0113s\u0101jama zi\u0146ojama jauda<\/span>\n                            <\/li>\n<li class=\"product-prop line-limit-length\"><span\n                                        class=\"property-title\">Funkcijas 03:&nbsp;<\/span><span\n                                        class=\"property-desc line-limit-length\">Bluetti sp\u0113kstacija<\/span>\n                            <\/li>\n<li class=\"product-prop line-limit-length\"><span\n                                        class=\"property-title\">04.\u00a0funkcijas:&nbsp;<\/span><span\n                                        class=\"property-desc line-limit-length\">P\u0101rn\u0113s\u0101jams kempinga akumulators<\/span>\n                            <\/li>\n<li class=\"product-prop line-limit-length\"><span\n                                        class=\"property-title\">05.\u00a0funkcijas:&nbsp;<\/span><span\n                                        class=\"property-desc line-limit-length\">3600 W p\u0101rn\u0113s\u0101jama elektrostacija<\/span>\n                            <\/li>\n<li class=\"product-prop line-limit-length\"><span\n                                        class=\"property-title\">Mai\u0146str\u0101vas kontaktligzda:&nbsp;<\/span><span\n                                        class=\"property-desc line-limit-length\">2 x 220 V\u2013240 V, 50\/60 Hz, t\u012brs sinusoid\u0101ls maks. 1200 W, pieauguma maksimums 2400 W<\/span>\n                            <\/li>\n<li class=\"product-prop line-limit-length\"><span\n                                        class=\"property-title\">Automa\u0161\u012bnu tirdzniec\u012bbas vieta:&nbsp;<\/span><span\n                                        class=\"property-desc line-limit-length\">1x12V\/8A, 24V\/8A, 96W maks.<\/span>\n                            <\/li>\n<\/ul><\/div>\n<div class=\"detailmodule_html\">\n<div class=\"detail-desc-decorate-richtext\">\n<p><span style=\"font-size:26px\"><strong>Svar\u012bg\u0101kie momenti:<\/strong><\/span><\/p>\n<ul style=\"font-family:&quot;Microsoft YaHei&quot;;font-size:medium;font-weight:400;letter-spacing:normal;text-align:start;white-space:normal;color:rgb(0, 0, 0);margin-bottom:10px;padding-left:0px\" class=\"clearfix\" align=\"start\">\n<li style=\"font-size:14px;margin-right:10px;padding-left:18px;list-style:none;position:relative;float:left\">\n<h3><strong>1024 W ietilp\u012bba un 1200 W nomin\u0101l\u0101 jauda<\/strong><\/h3>\n<div><\/div>\n<p>Fossibot f1200 ir apr\u012bkots ar 1024 Wh akumulatora ietilp\u012bbu un 1200 W past\u0101v\u012bgu jaudu, kas nodro\u0161ina uzl\u0101di ska\u013cru\u0146iem, \u0123it\u0101rai un dzes\u0113t\u0101jam, lai j\u016bsu pulc\u0113\u0161an\u0101s b\u016btu darbin\u0101ta un v\u0113sa.<\/p>\n<div><\/div>\n<h3><strong>Augstas ietilp\u012bbas lifepo4 akumulators<\/strong><\/h3>\n<div><\/div>\n<p>Powered by a high-capacity lifepo4 battery, the fossibot f1200 ensures safety and longevity with over 4000 cycles to 80%capacity.<\/p>\n<div><\/div>\n<h3><strong>BMS aizsardz\u012bba<\/strong><\/h3>\n<div><\/div>\n<p>Ar EV klases akumulatoru un uzlabotu BMS, f1200 nodro\u0161ina augstu kvalit\u0101ti un izmanto vair\u0101kus aizsardz\u012bbas meh\u0101nismus dro\u0161ai akumulatora lieto\u0161anai.<\/p>\n<div><\/div>\n<h3><strong>&lt;10 ms sw<\/strong>Niezes laiks<\/h3>\n<div><\/div>\n<p>Ar UPS risin\u0101jumu nav j\u0101uztraucas par p\u0113k\u0161\u0146iem str\u0101vas padeves p\u0101rtraukumiem. Ar sertific\u0113tu &lt;10 ms p\u0101rsl\u0113g\u0161an\u0101s laiku f1200 nodro\u0161ina nep\u0101rtrauktu darb\u012bbu svar\u012bg\u0101m ier\u012bc\u0113m, piem\u0113ram, cpap apar\u0101tiem, str\u0101vas padeves p\u0101rtraukumu laik\u0101.<\/p>\n<div><\/div>\n<h3><strong>5 uzl\u0101des \u0101truma regul\u0113\u0161anas p\u0101rnesumi<\/strong><\/h3>\n<div><\/div>\n<p>f1200 regul\u0113jam\u0101 ieejas jauda (no 200\u00a0W l\u012bdz 1000\u00a0W) ar groz\u0101mu pogu nodro\u0161ina \u0101tras vai l\u0113nas uzl\u0101des iesp\u0113jas. Pied\u0101v\u0101jot personaliz\u0113tu un efekt\u012bvu ier\u012b\u010du uzl\u0101des pieredzi.<\/p>\n<div><\/div>\n<h3><strong>T\u012brs sinusa vilnis<\/strong><\/h3>\n<div><\/div>\n<p>Ar viedu akumulatora izolatoru un uzlabotu sh\u0113mas dizainu f1200 pied\u0101v\u0101 tie\u0161i t\u0101du pa\u0161u t\u012bras mai\u0146str\u0101vas izejas kvalit\u0101ti bez vi\u013c\u0146u str\u0101vas, k\u0101 no elektrot\u012bkla.<\/p>\n<div><\/div>\n<h3><strong>P\u0101rn\u0113s\u0101jams un viegli p\u0101rn\u0113s\u0101jams<\/strong><\/h3>\n<div><\/div>\n<p>Kompaktais un p\u0101rn\u0113s\u0101jamais fossibot f1200 ir j\u016bsu sp\u0113ka piekabe, kas vienm\u0113r ir ce\u013c\u0101. Ar savu eleganto dizainu un vieglo konstrukciju tas nodro\u0161ina \u0113rt\u012bbas un efektivit\u0101ti j\u016bsu piedz\u012bvojumos.<\/p>\n<\/li>\n<\/ul>\n<p><span style=\"font-size:24px\"><strong>Specifik\u0101cija:<\/strong><\/span><\/p>\n<ul style=\"font-family:&quot;Microsoft YaHei&quot;;font-size:medium;font-weight:400;letter-spacing:normal;text-align:start;white-space:normal;color:rgb(0, 0, 0);margin-bottom:10px;padding-left:0px\" class=\"clearfix\" align=\"start\">\n<li style=\"font-size:14px;margin-right:10px;padding-left:18px;list-style:none;position:relative;float:left\">\n<table style=\"border-collapse:collapse;width:1000px\" class=\"jbEidtTable\" border=\"1\" cellpadding=\"5\" cellspacing=\"0\">\n<tbody>\n<tr>\n<td style=\"font-size:14px;text-align:left;height:89px\" align=\"left\">\n<p>Visp\u0101r\u012bgi<\/p>\n<\/td>\n<td style=\"font-size:14px;text-align:left;height:89px\" align=\"left\">\n<p>Z\u012bmols: fossibot<br \/>Tips: p\u0101rn\u0113s\u0101jama elektrostacija<br \/>Modelis: f1200<br \/>Kr\u0101sa: melna<\/p>\n<\/td>\n<\/tr>\n<tr>\n<td style=\"font-size:14px;text-align:left;height:89px\" align=\"left\">\n<p>Specifik\u0101cija<\/p>\n<\/td>\n<td style=\"font-size:14px;text-align:left;height:89px\" align=\"left\">\n<div>Nomin\u0101l\u0101 jauda: 1200 W<br \/>LED gaismas re\u017e\u012bms: gaismas re\u017e\u012bms, SOS re\u017e\u012bms, stroboskopiskais re\u017e\u012bms<\/div>\n<p>Inform\u0101cija par akumulatoru<br \/>Ietilp\u012bba: 1024 Wh<br \/>Tips: lifepo4 (lfp)<br \/>Dz\u012bves cikls: 4000 cikli l\u012bdz 80%+ ietilp\u012bbai<br \/>Sist\u0113mas p\u0101rvald\u012bba: BMS<\/p>\n<p>Izvade<br \/>Mai\u0146str\u0101vas kontaktligzda: 2 x 220 V\u2013240 V, 50\/60 Hz, t\u012bra sinusa vilnis, maks. 1200 W, p\u0101rsprieguma maksimums 2400 W<br \/>Automa\u0161\u012bnas kontaktligzda: 1 x 12 V\/8 A, 24 V\/8 A, maks. 96 W.<br \/>USB-A: 2 x 5 V\/3 A, 9 V\/2 A, 12 V\/1,5 A, maks. 18 W.<br \/>USB-C: 1 x 20 W maks., 1 x 100 W maks.<\/p>\n<p>Ievade<br \/>Mai\u0146str\u0101vas uzl\u0101des ieeja: maks. 1000 W.<br \/>Saules ener\u0123ijas ieeja: 12\u201350 V\/8 A, maks. 200 W.<br \/>Automa\u0161\u012bnas ieeja: 12 V\/8 A, 24 V\/8 A no cigare\u0161u \u0161\u0137iltavas porta<br \/>Mai\u0146str\u0101vas + saules ener\u0123ijas ieeja: 1200\u00a0W, ar mai\u0146str\u0101vas un saules ener\u0123ijas ieeju vienlaikus<\/p>\n<p>Uzl\u0101des laiki<br \/>Mai\u0146str\u0101vas uzl\u0101de (1000 W): \u224870 min\u016btes<br \/>Saules uzl\u0101de (200 W): \u22486,5 stundas (ar pilnu saules gaismu, ide\u0101l\u0101 orient\u0101cij\u0101)<br \/>Automa\u0161\u012bnas uzl\u0101de (96\u00a0W): \u224810,67\u00a0stundas<br \/>Mai\u0146str\u0101vas + saules ener\u0123ijas uzl\u0101de (1200\u00a0W): \u22481\u00a0stunda (ar pilnu saules gaismu, ide\u0101l\u0101 orient\u0101cij\u0101)<\/p>\n<p>Visp\u0101r\u012bgi<br \/>Vienlaic\u012bga uzl\u0101de un izl\u0101de: atbalsts<br \/>Darba temperat\u016bra: 5\u2013140 \u2109 (-15\u201360 \u2103)<br \/>Uzl\u0101des temperat\u016bra: 32\u2013131 \u2109 (0\u201355 \u2103)<\/p>\n<\/td>\n<\/tr>\n<tr>\n<td style=\"font-size:14px;text-align:left;height:75px\" align=\"left\">\n<p>Svars un izm\u0113rs<\/p>\n<\/td>\n<td style=\"font-size:14px;text-align:left;height:75px\" align=\"left\">\n<p>Produkta svars: 11 kg<br \/>Iepakojuma svars: 14 kg<br \/>Iepakojuma izm\u0113rs (garums x platums x augstums): 29 x 23 x 25 cm<\/p>\n<\/td>\n<\/tr>\n<tr>\n<td style=\"font-size:14px;text-align:left;height:76px\" align=\"left\">\n<p>Iepakojuma saturs<\/p>\n<\/td>\n<td style=\"font-size:14px;text-align:left;height:76px\" align=\"left\">\n<p>1 x p\u0101rn\u0113s\u0101jama elektrostacija<br \/>1 x mai\u0146str\u0101vas uzl\u0101des kabelis<br \/>1 x automa\u0161\u012bnas uzl\u0101des kabelis<br \/>1 x saules uzl\u0101des kabelis<br \/>1 x aksesu\u0101ru soma<br \/>1 lietot\u0101ja rokasgr\u0101mata<\/p>\n<\/td>\n<\/tr>\n<\/tbody>\n<\/table>\n<\/li>\n<li style=\"font-size:14px;font-weight:bold;margin-right:10px;padding-left:18px;list-style:none;float:left\">\n<p><\/p>\n<\/li>\n<\/ul>\n<p><img decoding=\"async\" src=\"https:\/\/ae01.alicdn.com\/kf\/Sf8825350e5fb4bc28b9ffb46847e375cW.jpg\" slate-data-type=\"image\"><img decoding=\"async\" src=\"https:\/\/ae01.alicdn.com\/kf\/Sa0b92f280c6e49318da3c62445b15da1l.jpg\" slate-data-type=\"image\"><img decoding=\"async\" src=\"https:\/\/ae01.alicdn.com\/kf\/S228d063ab00647d19faee080a037fdec0.jpg\" slate-data-type=\"image\"><img decoding=\"async\" src=\"https:\/\/ae01.alicdn.com\/kf\/Sd26051724ad54ee1a1ac299e8fbbb09aW.jpg\" slate-data-type=\"image\"><img decoding=\"async\" src=\"https:\/\/ae01.alicdn.com\/kf\/S557794ad6cb446c1ab80d204a744e1cbh.jpg\" slate-data-type=\"image\"><img decoding=\"async\" src=\"https:\/\/ae01.alicdn.com\/kf\/S87e04eed83654f7b83f267de4dc05b21m.jpg\" slate-data-type=\"image\"><img decoding=\"async\" src=\"https:\/\/ae01.alicdn.com\/kf\/S3d5abc44a82f41158a39a0d554bb1a41R.jpg\" slate-data-type=\"image\"><img decoding=\"async\" src=\"https:\/\/ae01.alicdn.com\/kf\/Sfd5344f5c578441fbb2d5beb89838020W.jpg\" slate-data-type=\"image\"><img decoding=\"async\" src=\"https:\/\/ae01.alicdn.com\/kf\/S76a94c4ee2e347c4afef1fd5ced23165M.jpg\" slate-data-type=\"image\"><img decoding=\"async\" src=\"https:\/\/ae01.alicdn.com\/kf\/S96e31c6fe0564752a049619255e43e72C.jpg\" slate-data-type=\"image\"><img decoding=\"async\" src=\"https:\/\/ae01.alicdn.com\/kf\/S1c119888ad154730a28cd88c94ded39e7.jpg\" slate-data-type=\"image\"><img decoding=\"async\" src=\"https:\/\/ae01.alicdn.com\/kf\/S8d84cfecf79c4ef4afd082d69325456aH.jpg\" slate-data-type=\"image\"><img decoding=\"async\" src=\"https:\/\/ae01.alicdn.com\/kf\/S4e34eb1e763d4c1e9583e8ef51dd25d7l.jpg\" slate-data-type=\"image\"><img decoding=\"async\" src=\"https:\/\/ae01.alicdn.com\/kf\/S8e982e82eda24233b8fd8f9f84eeb23fc.jpg\" slate-data-type=\"image\"><img decoding=\"async\" src=\"https:\/\/ae01.alicdn.com\/kf\/S79d0e1a7abb64447b389eb40463aeba65.jpg\" slate-data-type=\"image\"><\/p>\n<\/div>\n<\/div>","protected":false},"excerpt":{"rendered":"<p>Application:&nbsp;Solar Power Storage Nominal Capacity:&nbsp;1024Wh Model Number:&nbsp;F1200 FOSSiBOT Type:&nbsp;LiFePO4 Set Type:&nbsp;Charger Sets Brand Name:&nbsp;fossibot Brand:&nbsp;FOSSiBOT Model:&nbsp;F1200 Rated Power:&nbsp;1200W LED Light Mode:&nbsp;Light Mode, SOS Mode, Strobe Capacity:&nbsp;1024Wh Type:&nbsp;LiFePO4 (LFP) Lifecycle:&nbsp;4000 cycles<\/p>","protected":false},"featured_media":21775,"comment_status":"open","ping_status":"closed","template":"","meta":{"_acf_changed":false},"product_brand":[],"product_cat":[515],"product_tag":[],"class_list":{"0":"post-21774","1":"product","2":"type-product","3":"status-publish","4":"has-post-thumbnail","6":"product_cat-portable-power-stations","8":"first","9":"instock","10":"shipping-taxable","11":"purchasable","12":"product-type-simple"},"acf":[],"_links":{"self":[{"href":"https:\/\/electricstore.eu\/lv\/wp-json\/wp\/v2\/product\/21774","targetHints":{"allow":["GET"]}}],"collection":[{"href":"https:\/\/electricstore.eu\/lv\/wp-json\/wp\/v2\/product"}],"about":[{"href":"https:\/\/electricstore.eu\/lv\/wp-json\/wp\/v2\/types\/product"}],"replies":[{"embeddable":true,"href":"https:\/\/electricstore.eu\/lv\/wp-json\/wp\/v2\/comments?post=21774"}],"wp:featuredmedia":[{"embeddable":true,"href":"https:\/\/electricstore.eu\/lv\/wp-json\/wp\/v2\/media\/21775"}],"wp:attachment":[{"href":"https:\/\/electricstore.eu\/lv\/wp-json\/wp\/v2\/media?parent=21774"}],"wp:term":[{"taxonomy":"product_brand","embeddable":true,"href":"https:\/\/electricstore.eu\/lv\/wp-json\/wp\/v2\/product_brand?post=21774"},{"taxonomy":"product_cat","embeddable":true,"href":"https:\/\/electricstore.eu\/lv\/wp-json\/wp\/v2\/product_cat?post=21774"},{"taxonomy":"product_tag","embeddable":true,"href":"https:\/\/electricstore.eu\/lv\/wp-json\/wp\/v2\/product_tag?post=21774"}],"curies":[{"name":"wp","href":"https:\/\/api.w.org\/{rel}","templated":true}]}}