{"id":21762,"date":"2025-05-20T18:26:48","date_gmt":"2025-05-20T18:26:48","guid":{"rendered":"https:\/\/electricstore.eu\/p\/uncategorized\/oukitel-bp2000-pro-portable-power-station-2048wh-to-16384wh-lifepo4-battery-3600w-ac-output-2000w-app-control\/"},"modified":"2025-05-20T18:26:54","modified_gmt":"2025-05-20T18:26:54","slug":"oukitel-bp2000-pro-portable-power-station-2048wh-to-16384wh-lifepo4-battery-3600w-ac-output-2000w-app-control","status":"publish","type":"product","link":"https:\/\/electricstore.eu\/lv\/p\/batteries\/portable-power-stations\/oukitel-bp2000-pro-portable-power-station-2048wh-to-16384wh-lifepo4-battery-3600w-ac-output-2000w-app-control\/","title":{"rendered":"OUKITEL BP2000 Pro p\u0101rn\u0113s\u0101jam\u0101 baro\u0161anas stacija 2048 Wh l\u012bdz 16384 Wh LiFePO4 akumulators 3600 W mai\u0146str\u0101vas izeja 2000 W lietotnes vad\u012bba"},"content":{"rendered":"<div class=\"product-specs-list-container\">\n<ul class=\"product-specs-list util-clearfix\">\n<li class=\"product-prop line-limit-length\"><span\n                                        class=\"property-title\">Nomin\u0101l\u0101 ietilp\u012bba:&nbsp;<\/span><span\n                                        class=\"property-desc line-limit-length\">&gt;3500 mAh<\/span>\n                            <\/li>\n<li class=\"product-prop line-limit-length\"><span\n                                        class=\"property-title\">Mode\u013ca numurs:&nbsp;<\/span><span\n                                        class=\"property-desc line-limit-length\">OUKITEL BP2000Pro<\/span>\n                            <\/li>\n<li class=\"product-prop line-limit-length\"><span\n                                        class=\"property-title\">Tips:&nbsp;<\/span><span\n                                        class=\"property-desc line-limit-length\">LiFePO4<\/span>\n                            <\/li>\n<li class=\"product-prop line-limit-length\"><span\n                                        class=\"property-title\">Komplekta veids:&nbsp;<\/span><span\n                                        class=\"property-desc line-limit-length\">L\u0101d\u0113t\u0101ju komplekti<\/span>\n                            <\/li>\n<li class=\"product-prop line-limit-length\"><span\n                                        class=\"property-title\">Z\u012bmols:&nbsp;<\/span><span\n                                        class=\"property-desc line-limit-length\">OUKITEL<\/span>\n                            <\/li>\n<li class=\"product-prop line-limit-length\"><span\n                                        class=\"property-title\">Modelis:&nbsp;<\/span><span\n                                        class=\"property-desc line-limit-length\">BP2000 Pro<\/span>\n                            <\/li>\n<li class=\"product-prop line-limit-length\"><span\n                                        class=\"property-title\">Akumulatora tips:&nbsp;<\/span><span\n                                        class=\"property-desc line-limit-length\">LiFePO4 (litija dzelzs fosf\u0101ts)<\/span>\n                            <\/li>\n<li class=\"product-prop line-limit-length\"><span\n                                        class=\"property-title\">Ietilp\u012bba:&nbsp;<\/span><span\n                                        class=\"property-desc line-limit-length\">2048\u00a0Wh (51,2\u00a0V, 40\u00a0Ah)<\/span>\n                            <\/li>\n<li class=\"product-prop line-limit-length\"><span\n                                        class=\"property-title\">Invertora tips:&nbsp;<\/span><span\n                                        class=\"property-desc line-limit-length\">T\u012brs sinusa vilnis<\/span>\n                            <\/li>\n<li class=\"product-prop line-limit-length\"><span\n                                        class=\"property-title\">Mai\u0146str\u0101vas izeja:&nbsp;<\/span><span\n                                        class=\"property-desc line-limit-length\">5 porti * mai\u0146str\u0101va 3600 W<\/span>\n                            <\/li>\n<li class=\"product-prop line-limit-length\"><span\n                                        class=\"property-title\">Saules ener\u0123ijas padeve:&nbsp;<\/span><span\n                                        class=\"property-desc line-limit-length\">Maks. 1000 W (MPPT), 12\u2013120 V \/ 15 A, 1 * XT60 ports<\/span>\n                            <\/li>\n<li class=\"product-prop line-limit-length\"><span\n                                        class=\"property-title\">USB-C ports:&nbsp;<\/span><span\n                                        class=\"property-desc line-limit-length\">2*PD100W<\/span>\n                            <\/li>\n<li class=\"product-prop line-limit-length\"><span\n                                        class=\"property-title\">1.\u00a0funkcijas:&nbsp;<\/span><span\n                                        class=\"property-desc line-limit-length\">p\u0101rn\u0113s\u0101jama sp\u0113kstacija<\/span>\n                            <\/li>\n<li class=\"product-prop line-limit-length\"><span\n                                        class=\"property-title\">02.\u00a0funkcijas:&nbsp;<\/span><span\n                                        class=\"property-desc line-limit-length\">elektrostacija<\/span>\n                            <\/li>\n<li class=\"product-prop line-limit-length\"><span\n                                        class=\"property-title\">Funkcijas 03:&nbsp;<\/span><span\n                                        class=\"property-desc line-limit-length\">p\u0101rn\u0113s\u0101jama saules ener\u0123ijas stacija<\/span>\n                            <\/li>\n<li class=\"product-prop line-limit-length\"><span\n                                        class=\"property-title\">04.\u00a0funkcijas:&nbsp;<\/span><span\n                                        class=\"property-desc line-limit-length\">uzl\u0101des stacijas<\/span>\n                            <\/li>\n<li class=\"product-prop line-limit-length\"><span\n                                        class=\"property-title\">05.\u00a0funkcijas:&nbsp;<\/span><span\n                                        class=\"property-desc line-limit-length\">saules \u0123enerators<\/span>\n                            <\/li>\n<li class=\"product-prop line-limit-length\"><span\n                                        class=\"property-title\">Funkcijas 06:&nbsp;<\/span><span\n                                        class=\"property-desc line-limit-length\">benz\u012bna elektriskais \u0123enerators<\/span>\n                            <\/li>\n<\/ul><\/div>\n<p style=\"font-family:&quot;Microsoft YaHei&quot;;font-size:medium;font-weight:400;letter-spacing:normal;text-align:start;white-space:normal;color:rgb(0, 0, 0)\" align=\"start\"><strong><span style=\"font-size:x-large\">Svar\u012bg\u0101kie notikumi<\/span><\/strong><\/p>\n<p><\/p>\n<h3 style=\"font-family:&quot;Microsoft YaHei&quot;;letter-spacing:normal;text-align:start;white-space:normal;color:rgb(0, 0, 0)\" align=\"start\"><strong>3600 W augsta mai\u0146str\u0101vas izejas jauda<\/strong><\/h3>\n<p style=\"font-family:&quot;Microsoft YaHei&quot;;font-size:medium;font-weight:400;letter-spacing:normal;text-align:start;white-space:normal;color:rgb(0, 0, 0)\" align=\"start\">Ar 3600 W mai\u0146str\u0101vas izejas jaudu BP2000 Pro var darbin\u0101t liel\u0101ko da\u013cu jaud\u012bgu ier\u012b\u010du m\u0101j\u0101s, \u0101rpus telp\u0101m vai darb\u0101.<\/p>\n<h3 style=\"font-family:&quot;Microsoft YaHei&quot;;letter-spacing:normal;text-align:start;white-space:normal;color:rgb(0, 0, 0)\" align=\"start\"><strong>2\u201316 kWh papla\u0161in\u0101ma akumulatora ietilp\u012bba<\/strong><\/h3>\n<p style=\"font-family:&quot;Microsoft YaHei&quot;;font-size:medium;font-weight:400;letter-spacing:normal;text-align:start;white-space:normal;color:rgb(0, 0, 0)\" align=\"start\">Apvienojiet BP2000 Pro ar l\u012bdz pat 7 x B2000 izple\u0161an\u0101s akumulatoriem paral\u0113li, lai sasniegtu 16 kWh, nodro\u0161inot jaudu 1\u20136 dien\u0101m str\u0101vas padeves p\u0101rtraukumu gad\u012bjum\u0101. Ide\u0101li piem\u0113rots m\u0101jas rezerves baro\u0161anas avotam, kemperu izmanto\u0161anai, aktivit\u0101t\u0113m br\u012bv\u0101 dab\u0101 vai ikdienas lieto\u0161anai.<\/p>\n<h3 style=\"font-family:&quot;Microsoft YaHei&quot;;letter-spacing:normal;text-align:start;white-space:normal;color:rgb(0, 0, 0)\" align=\"start\"><strong>\u0100tra mai\u0146str\u0101vas uzl\u0101de un \u0101tra saules baterija<\/strong><\/h3>\n<p style=\"font-family:&quot;Microsoft YaHei&quot;;font-size:medium;font-weight:400;letter-spacing:normal;text-align:start;white-space:normal;color:rgb(0, 0, 0)\" align=\"start\">BP2000 Pro uzl\u0101d\u0113jas no 0% l\u012bdz 80% 1,5 stund\u0101s ar maksim\u0101lo mai\u0146str\u0101vas ieejas jaudu 1800 W. Varat ar\u012b izmantot PV1000W + AC1500W dubulto uzl\u0101di, lai uzl\u0101d\u0113tu 80% tikai 1 stundas laik\u0101, nodro\u0161inot \u0101tru pieejam\u012bbu.<\/p>\n<h3 style=\"font-family:&quot;Microsoft YaHei&quot;;letter-spacing:normal;text-align:start;white-space:normal;color:rgb(0, 0, 0)\" align=\"start\"><strong>Atvadieties no str\u0101vas padeves p\u0101rtraukumiem<\/strong><\/h3>\n<p style=\"font-family:&quot;Microsoft YaHei&quot;;font-size:medium;font-weight:400;letter-spacing:normal;text-align:start;white-space:normal;color:rgb(0, 0, 0)\" align=\"start\">BP2000 Pro ir integr\u0113ts ar divu jaudas autom\u0101tisko p\u0101rsl\u0113g\u0161anas sl\u0113dzi, lai nep\u0101rtraukti pieg\u0101d\u0101tu elektroener\u0123iju m\u0101jas t\u012bklam str\u0101vas padeves p\u0101rtraukumu laik\u0101.<\/p>\n<h3 style=\"font-family:&quot;Microsoft YaHei&quot;;letter-spacing:normal;text-align:start;white-space:normal;color:rgb(0, 0, 0)\" align=\"start\"><strong>Bez\u0161uvju 2000 W UPS &lt; 10 ms<\/strong><\/h3>\n<p style=\"font-family:&quot;Microsoft YaHei&quot;;font-size:medium;font-weight:400;letter-spacing:normal;text-align:start;white-space:normal;color:rgb(0, 0, 0)\" align=\"start\">BP2000 Pro atjauno ier\u012b\u010du baro\u0161anu maz\u0101k nek\u0101 10 milisekund\u0113s, nov\u0113r\u0161ot iesp\u0113jamus trauc\u0113jumus un nodro\u0161inot dro\u0161\u012bbu.<\/p>\n<h3 style=\"font-family:&quot;Microsoft YaHei&quot;;letter-spacing:normal;text-align:start;white-space:normal;color:rgb(0, 0, 0)\" align=\"start\"><strong>Viss vien\u0101 lietotne<\/strong><\/h3>\n<p style=\"font-family:&quot;Microsoft YaHei&quot;;font-size:medium;font-weight:400;letter-spacing:normal;text-align:start;white-space:normal;color:rgb(0, 0, 0)\" align=\"start\">Izmantojiet viedlietotni, lai \u0113rti vad\u012btu un uzraudz\u012btu BP2000 Pro no sava t\u0101lru\u0146a.<\/p>\n<h3 style=\"font-family:&quot;Microsoft YaHei&quot;;letter-spacing:normal;text-align:start;white-space:normal;color:rgb(0, 0, 0)\" align=\"start\"><strong>Dro\u0161\u0101k\u0101s LiFePO4 baterijas<\/strong><\/h3>\n<p style=\"font-family:&quot;Microsoft YaHei&quot;;font-size:medium;font-weight:400;letter-spacing:normal;text-align:start;white-space:normal;color:rgb(0, 0, 0)\" align=\"start\">Dro\u0161\u012bba ir vissvar\u012bg\u0101k\u0101. BP2000 Pro ir apr\u012bkots ar LiFePO\u2084 akumulatoriem, kas paz\u012bstami ar savu sp\u0113c\u012bgo termisko stabilit\u0101ti, pagarin\u0101tu cikla kalpo\u0161anas laiku un uzlabotu dro\u0161\u012bbu sal\u012bdzin\u0101jum\u0101 ar citiem akumulatoru veidiem.<\/p>\n<p><\/p>\n<h2 style=\"font-family:&quot;Microsoft YaHei&quot;;font-size:14px;letter-spacing:normal;text-align:start;white-space:normal;color:rgb(0, 0, 0);margin:10px 0px;margin-bottom:10px;margin-top:10px;margin-left:0px;margin-right:0px;padding:0px;padding-bottom:0px;padding-top:0px;padding-left:0px;padding-right:0px\" align=\"start\"><span style=\"font-size:26px\"><strong>Specifik\u0101cija<\/strong><\/span><\/h2>\n<p><\/p>\n<table style=\"border-collapse:collapse;font-family:&quot;Microsoft YaHei&quot;;width:1000px\" class=\"jbEidtTable\" border=\"1\" cellpadding=\"5\" cellspacing=\"0\">\n<tbody>\n<tr>\n<td style=\"text-align:left\" align=\"left\">\n<p><strong>Visp\u0101r\u012bgi<\/strong><\/p>\n<\/td>\n<td style=\"text-align:left\" align=\"left\">\n<p>Z\u012bmols: OUKITEL\u00a0<br \/>Tips: P\u0101rn\u0113s\u0101jama elektrostacija<br \/>Modelis: BP2000 Pro<br \/>Kr\u0101sa: melna+sudraba<\/p>\n<\/td>\n<\/tr>\n<tr>\n<td style=\"text-align:left\" align=\"left\">\n<p><strong>Specifik\u0101cija<\/strong><\/p>\n<\/td>\n<td style=\"text-align:left\" align=\"left\">\n<p>Akumulatora tips: LiFePO4 (litija dzelzs fosf\u0101ts)<br \/>Ietilp\u012bba: 2048 Wh (51,2 V, 40 Ah)<br \/>Vad\u012bbas sist\u0113ma: MPPT kontrolieris, BMS utt.<br \/>Dz\u012bves cikli: vair\u0101k nek\u0101 3500 cikli l\u012bdz s\u0101kotn\u0113jai 80% ietilp\u012bbai<br \/>Mai\u0146str\u0101vas izeja: 5 porti * AC 3600W<br \/>Invertora tips: T\u012brs sinusoid\u0101ls<br \/>USB-C ports: 2*PD100W<br \/>USB-A ports: 2\u00a0x\u00a012\u00a0W (5\u00a0V\/2,4\u00a0A) USB-A; 2\u00a0x\u00a0QC3,0\u201318\u00a0W USB-A<br \/>12 V l\u012bdzstr\u0101vas kontaktligzdas: 1 x 24 V\/10 A (RV kontaktligzda), 1 x 12 V\/10 A (automa\u0161\u012bnas kontaktligzda), 2 x 12 V\/3 A DC5521<br \/>Mai\u0146str\u0101vas ieeja: Maks. 1800 W, AC200\u2013240 V\/50 Hz, 10 A<br \/>Saules ener\u0123ijas ieeja: Maks. 1000 W (MPPT), 12\u2013120 V \/ 15 A, 1 * XT60 ports<br \/>Automa\u0161\u012bnas ieeja: 12 V\/8 A, 24 V\/10 A<br \/>Maksim\u0101l\u0101 jauda: 2800\u00a0W, ar mai\u0146str\u0101vas un saules ener\u0123ijas ieeju<br \/>Mai\u0146str\u0101vas uzl\u0101de (1500 W): 1,5 stundas<br \/>Saules l\u0101di\u0146\u0161 (1000 W): 2,5 stundas<br \/>Mai\u0146str\u0101va + saules ener\u0123ijas uzl\u0101de (2500 W): 1,0 stundas<br \/>M\u0113rogojam\u012bba: Papla\u0161in\u0101t l\u012bdz 7xB2000<br \/>Darba temperat\u016bra: 32\u2109-104\u2109\/0\u2103-40\u2103<br \/>Uzglab\u0101\u0161anas temperat\u016bra: 14\u2109-104\u2109\/-10\u2103-40\u2103<br \/>Sertifik\u0101ti: CE, FCC, PSE, UN38.3, EMC, LVD, RoHS, MSDS<\/p>\n<\/td>\n<\/tr>\n<tr>\n<td style=\"text-align:left\" align=\"left\">\n<p><strong>Svars un izm\u0113rs<\/strong><\/p>\n<\/td>\n<td style=\"text-align:left\" align=\"left\">\n<p>Produkta svars: 26 kg<br \/>Iepakojuma svars: 30 kg<br \/>Iepakojuma izm\u0113rs (G x P x A): 57 \u00d7 39,2 \u00d7 39,5 cm<\/p>\n<\/td>\n<\/tr>\n<tr>\n<td style=\"text-align:left\" align=\"left\">\n<p><strong>Iepakojuma saturs<\/strong><\/p>\n<\/td>\n<td style=\"text-align:left\" align=\"left\">\n<p>1 x p\u0101rn\u0113s\u0101jama elektrostacija<br \/>1 x str\u0101vas adapteris<br \/>1 x MC4 kabelis<br \/>1 x automa\u0161\u012bnas l\u0101d\u0113t\u0101ja kabelis<br \/>1 lietot\u0101ja rokasgr\u0101mata<br \/>1 x garantijas karte<\/p>\n<\/td>\n<\/tr>\n<\/tbody>\n<\/table>\n<p><\/p>\n<p><img decoding=\"async\" src=\"https:\/\/ae01.alicdn.com\/kf\/S332dc530d03b444fa2000bdbe8b20970U.jpg\" slate-data-type=\"image\"\/><img decoding=\"async\" src=\"https:\/\/ae01.alicdn.com\/kf\/Se51eaf8d1f264aa2bf627bf37343d60bM.jpg\" slate-data-type=\"image\"\/><img decoding=\"async\" src=\"https:\/\/ae01.alicdn.com\/kf\/S59e2f1b89f314d8b83e03959923a9002y.jpg\" slate-data-type=\"image\"\/><img decoding=\"async\" src=\"https:\/\/ae01.alicdn.com\/kf\/S950d631d48944e7cb9a4bd10d5c45c69t.jpg\" slate-data-type=\"image\"\/><img decoding=\"async\" src=\"https:\/\/ae01.alicdn.com\/kf\/S6e134e180deb43b4a407aa4a6426845bc.jpg\" slate-data-type=\"image\"\/><img decoding=\"async\" src=\"https:\/\/ae01.alicdn.com\/kf\/S152b94f89602426d92019c09614b376fZ.jpg\" slate-data-type=\"image\"\/><img decoding=\"async\" src=\"https:\/\/ae01.alicdn.com\/kf\/S87f5a22b7f944c658a12446505152eb88.jpg\" slate-data-type=\"image\"\/><img decoding=\"async\" src=\"https:\/\/ae01.alicdn.com\/kf\/S53c4571dd31a49258dbe296f17556194w.jpg\" slate-data-type=\"image\"\/><\/p>","protected":false},"excerpt":{"rendered":"<p>Nominal Capacity:&nbsp;&gt;3500mAh Model Number:&nbsp;OUKITEL BP2000Pro Type:&nbsp;LiFePO4 Set Type:&nbsp;Charger Sets Brand:&nbsp;OUKITEL Model:&nbsp;BP2000 Pro Battery Type:&nbsp;LiFePO4(Lithium Iron Phosphate) Capacity:&nbsp;2048Wh (51.2V, 40Ah) Inverter Type:&nbsp;Pure Sine Wave AC Output:&nbsp;5 ports*AC 3600W Solar Input:&nbsp;Max.1000W(MPPT), 12-120V\/15A,<\/p>","protected":false},"featured_media":21763,"comment_status":"open","ping_status":"closed","template":"","meta":{"_acf_changed":false},"product_brand":[],"product_cat":[515],"product_tag":[],"class_list":{"0":"post-21762","1":"product","2":"type-product","3":"status-publish","4":"has-post-thumbnail","6":"product_cat-portable-power-stations","8":"first","9":"instock","10":"shipping-taxable","11":"purchasable","12":"product-type-simple"},"acf":[],"_links":{"self":[{"href":"https:\/\/electricstore.eu\/lv\/wp-json\/wp\/v2\/product\/21762","targetHints":{"allow":["GET"]}}],"collection":[{"href":"https:\/\/electricstore.eu\/lv\/wp-json\/wp\/v2\/product"}],"about":[{"href":"https:\/\/electricstore.eu\/lv\/wp-json\/wp\/v2\/types\/product"}],"replies":[{"embeddable":true,"href":"https:\/\/electricstore.eu\/lv\/wp-json\/wp\/v2\/comments?post=21762"}],"wp:featuredmedia":[{"embeddable":true,"href":"https:\/\/electricstore.eu\/lv\/wp-json\/wp\/v2\/media\/21763"}],"wp:attachment":[{"href":"https:\/\/electricstore.eu\/lv\/wp-json\/wp\/v2\/media?parent=21762"}],"wp:term":[{"taxonomy":"product_brand","embeddable":true,"href":"https:\/\/electricstore.eu\/lv\/wp-json\/wp\/v2\/product_brand?post=21762"},{"taxonomy":"product_cat","embeddable":true,"href":"https:\/\/electricstore.eu\/lv\/wp-json\/wp\/v2\/product_cat?post=21762"},{"taxonomy":"product_tag","embeddable":true,"href":"https:\/\/electricstore.eu\/lv\/wp-json\/wp\/v2\/product_tag?post=21762"}],"curies":[{"name":"wp","href":"https:\/\/api.w.org\/{rel}","templated":true}]}}