{"id":21752,"date":"2025-05-20T18:26:44","date_gmt":"2025-05-20T18:26:44","guid":{"rendered":"https:\/\/electricstore.eu\/p\/uncategorized\/vtoman-v10-pro-car-jump-starter-4500a-with-led-lights-power-bank-car-power-supply-type-c-quick-charge-for-12v-vehicles\/"},"modified":"2025-05-20T18:26:44","modified_gmt":"2025-05-20T18:26:44","slug":"vtoman-v10-pro-car-jump-starter-4500a-with-led-lights-power-bank-car-power-supply-type-c-quick-charge-for-12v-vehicles","status":"publish","type":"product","link":"https:\/\/electricstore.eu\/lv\/p\/batteries\/jump-starter-compressor-power-banks\/vtoman-v10-pro-car-jump-starter-4500a-with-led-lights-power-bank-car-power-supply-type-c-quick-charge-for-12v-vehicles\/","title":{"rendered":"VTOMAN V10 PRO automa\u0161\u012bnas palai\u0161anas \u0101\u0137is ar LED gaism\u0101m, 4500A, p\u0101rn\u0113s\u0101jamais akumulators, automa\u0161\u012bnas baro\u0161anas bloks, C tipa, \u0101tra uzl\u0101de 12 V transportl\u012bdzek\u013ciem"},"content":{"rendered":"<div class=\"product-specs-list-container\">\n<ul class=\"product-specs-list util-clearfix\">\n<li class=\"product-prop line-limit-length\"><span\n                                        class=\"property-title\">Akumulatora ietilp\u012bba (mAh):&nbsp;<\/span><span\n                                        class=\"property-desc line-limit-length\">3000-5000<\/span>\n                            <\/li>\n<li class=\"product-prop line-limit-length\"><span\n                                        class=\"property-title\">Z\u012bmols:&nbsp;<\/span><span\n                                        class=\"property-desc line-limit-length\">VTOMNA<\/span>\n                            <\/li>\n<li class=\"product-prop line-limit-length\"><span\n                                        class=\"property-title\">Modelis:&nbsp;<\/span><span\n                                        class=\"property-desc line-limit-length\">V10 PRO<\/span>\n                            <\/li>\n<li class=\"product-prop line-limit-length\"><span\n                                        class=\"property-title\">Nomin\u0101l\u0101 str\u0101va:&nbsp;<\/span><span\n                                        class=\"property-desc line-limit-length\">4500A<\/span>\n                            <\/li>\n<li class=\"product-prop line-limit-length\"><span\n                                        class=\"property-title\">Uzvalki:&nbsp;<\/span><span\n                                        class=\"property-desc line-limit-length\">12 V transportl\u012bdzek\u013ciem (ieskaitot visus benz\u012bna dzin\u0113jus un d\u012bze\u013cdzin\u0113jus l\u012bdz 10,0 litriem)<\/span>\n                            <\/li>\n<li class=\"product-prop line-limit-length\"><span\n                                        class=\"property-title\">02.\u00a0funkcijas:&nbsp;<\/span><span\n                                        class=\"property-desc line-limit-length\">C tipa \u0101tr\u0101 uzl\u0101de<\/span>\n                            <\/li>\n<li class=\"product-prop line-limit-length\"><span\n                                        class=\"property-title\">Funkcijas 03:&nbsp;<\/span><span\n                                        class=\"property-desc line-limit-length\">S\u0101kt izl\u0101d\u0113ju\u0161\u0101s baterijas<\/span>\n                            <\/li>\n<li class=\"product-prop line-limit-length\"><span\n                                        class=\"property-title\">04.\u00a0funkcijas:&nbsp;<\/span><span\n                                        class=\"property-desc line-limit-length\">4500A 12 V transportl\u012bdzek\u013ciem<\/span>\n                            <\/li>\n<li class=\"product-prop line-limit-length\"><span\n                                        class=\"property-title\">05.\u00a0funkcijas:&nbsp;<\/span><span\n                                        class=\"property-desc line-limit-length\">10 vismodern\u0101k\u0101s dro\u0161\u012bbas tehnolo\u0123ijas<\/span>\n                            <\/li>\n<li class=\"product-prop line-limit-length\"><span\n                                        class=\"property-title\">Funkcijas 06:&nbsp;<\/span><span\n                                        class=\"property-desc line-limit-length\">P\u0101rn\u0113s\u0101jams un kompakts<\/span>\n                            <\/li>\n<li class=\"product-prop line-limit-length\"><span\n                                        class=\"property-title\">1.\u00a0funkcijas:&nbsp;<\/span><span\n                                        class=\"property-desc line-limit-length\">24 m\u0113ne\u0161u gaid\u012b\u0161anas laiks<\/span>\n                            <\/li>\n<\/ul><\/div>\n<p><span style=\"font-size:26px\"><strong>Svar\u012bg\u0101kie momenti:<\/strong><\/span><\/p>\n<ul style=\"font-family:&quot;Microsoft YaHei&quot;;font-size:medium;font-weight:400;letter-spacing:normal;text-align:start;white-space:normal;color:rgb(0, 0, 0);margin-bottom:10px;padding-left:0px\" class=\"clearfix\" align=\"start\">\n<li style=\"font-size:14px;margin-right:10px;padding-left:18px;list-style:none;position:relative;float:left\">\n<h3><strong>4500A 12 V transportl\u012bdzek\u013ciem<\/strong><\/h3>\n<p>Ar patiesu 4500 amp\u0113ru str\u0101vu V10 Pro palai\u0161anas akumulatora bloks var dro\u0161i un efekt\u012bvi iedarbin\u0101t visus 12 V transportl\u012bdzek\u013cus (tostarp visus benz\u012bna un d\u012bze\u013cdzin\u0113jus l\u012bdz 10,0 litriem) tikai 30 sekund\u0113s. Tas ir univers\u0101li sader\u012bgs ar automa\u0161\u012bn\u0101m, kravas automa\u0161\u012bn\u0101m, motocikliem, traktoriem, z\u0101les p\u013c\u0101v\u0113jiem, apvidus auto, sniega motocikliem, laiv\u0101m, furgoniem, kemperiem un citiem transportl\u012bdzek\u013ciem.<\/p>\n<h3><strong>S\u0101kt izl\u0101d\u0113ju\u0161\u0101s baterijas<\/strong><\/h3>\n<p>Ar V10 Pro palai\u0161anas bloku, pat ja j\u016bsu automa\u0161\u012bnas akumulators ir piln\u012bb\u0101 izl\u0101d\u0113jies vai spriegums ir p\u0101r\u0101k zems, lai to noteiktu, vienk\u0101r\u0161i nospiediet pogu &quot;BOOST&quot;, un j\u016bsu automa\u0161\u012bna nekav\u0113joties restart\u0113sies \u2013 iedarbin\u0101t l\u012bdz pat 70 reiz\u0113m ar vienu uzl\u0101di, pat ekstrem\u0101los laika apst\u0101k\u013cos (no -4 \u2109 l\u012bdz 140 \u2109). Nekad vairs nevajadz\u0113s stund\u0101m ilgi gaid\u012bt pal\u012bdz\u012bbu uz ce\u013ca.<\/p>\n<h3><strong>C tipa \u0101tr\u0101 uzl\u0101de<\/strong><\/h3>\n<p>Apr\u012bkots ar USB-C\/PD15W, div\u0101m USB-A\/\u0101tr\u0101s uzl\u0101des izej\u0101m un 15 V\/10 A l\u012bdzstr\u0101vu, \u0161is p\u0101rn\u0113s\u0101jamais akumulatora adaptera starteris darbojas ar\u012b k\u0101 daudzpus\u012bgs akumulatora l\u0101d\u0113t\u0101js, lai uzl\u0101d\u0113tu plan\u0161etdatorus, t\u0101lru\u0146us, valk\u0101jam\u0101s ier\u012bces, gaisa kompresorus, automa\u0161\u012bnu ledusskapjus utt.<\/p>\n<h3><strong>10 vismodern\u0101k\u0101s dro\u0161\u012bbas tehnolo\u0123ijas<\/strong><\/h3>\n<p>VTOMAN automa\u0161\u012bnas akumulatora palai\u0161anas komplekts priorit\u0101ti pie\u0161\u0137ir dro\u0161\u012bbai un lieto\u0161anas vienk\u0101r\u0161\u012bbai. \u0160is uzlabotais palai\u0161anas kabe\u013ca indikators izmanto atpaka\u013cgaitas sarkanu gaismu, lai br\u012bdin\u0101tu par nepareizu lieto\u0161anu, nov\u0113r\u0161ot jebk\u0101das ba\u017eas par nepareiziem savienojumiem vai dzirkstel\u0113m. Tas pied\u0101v\u0101 pla\u0161u aizsardz\u012bbas funkciju kl\u0101stu, tostarp aizsardz\u012bbu pret dzirkstel\u0113m, apgrieztu uzl\u0101di, p\u0101rslodzi, p\u0101rl\u0101d\u0113\u0161anu, apgrieztu polarit\u0101ti, augstu temperat\u016bru, zemu temperat\u016bru, \u012bssl\u0113gumu, p\u0101rspriegumu un p\u0101rslodzi.<\/p>\n<h3><strong>P\u0101rn\u0113s\u0101jams un kompakts<\/strong><\/h3>\n<p>VTOMAN V10 Pro automa\u0161\u012bnas akumulatora palai\u0161anas ier\u012bcei ir iztur\u012bgs korpuss, kas \u013cauj to \u0113rti uzglab\u0101t bag\u0101\u017eniek\u0101 \u0101rk\u0101rtas situ\u0101cij\u0101m. T\u0101 ir \u013coti p\u0101rn\u0113s\u0101jama un piem\u0113rota da\u017e\u0101d\u0101m aktivit\u0101t\u0113m br\u012bv\u0101 dab\u0101 un kempingam, un tai ir 3 400 l\u016bmenu LED gaismu re\u017e\u012bmi (parastais, stroboskopiskais, SOS).<\/p>\n<h3><strong>24 m\u0113ne\u0161u gaid\u012b\u0161anas laiks<\/strong><\/h3>\n<p>Tas autom\u0101tiski izsl\u0113gsies p\u0113c 10 sekun\u017eu neaktivit\u0101tes, taupot ener\u0123iju un nodro\u0161inot 24 m\u0113ne\u0161u gaid\u012b\u0161anas laiku. Tas ir j\u016bsu uzticamais, univers\u0101lais risin\u0101jums \u0101rk\u0101rtas situ\u0101cij\u0101m ce\u013ca mal\u0101.<\/p>\n<\/li>\n<li style=\"font-size:14px;font-weight:bold;margin-right:10px;padding-left:18px;list-style:none;float:left\">\n<p><span style=\"font-size:26px\"><strong>Specifik\u0101cija:<\/strong><\/span><\/p>\n<\/li>\n<li style=\"font-size:14px;margin-right:10px;padding-left:18px;list-style:none;position:relative;float:left\">\n<table style=\"border-collapse:collapse;width:1000px\" class=\"jbEidtTable\" border=\"1\" cellpadding=\"5\" cellspacing=\"0\">\n<tbody>\n<tr>\n<td style=\"font-size:14px;text-align:left\" align=\"left\">\n<p><strong>Visp\u0101r\u012bgi<\/strong><\/p>\n<\/td>\n<td style=\"font-size:14px;text-align:left\" align=\"left\">\n<p>Z\u012bmols: VTOMNA<br \/>Tips: Automa\u0161\u012bnas l\u0113ciena starteris<br \/>Modelis: V10 PRO<br \/>Kr\u0101sa: dzeltena<\/p>\n<\/td>\n<\/tr>\n<tr>\n<td style=\"font-size:14px;text-align:left\" align=\"left\">\n<p><strong>Specifik\u0101cija<\/strong><\/p>\n<\/td>\n<td style=\"font-size:14px;text-align:left\" align=\"left\">\n<p>Nomin\u0101l\u0101 str\u0101va: 4500A<br \/>Piem\u0113rots: 12 V transportl\u012bdzek\u013ciem (ieskaitot visus benz\u012bna dzin\u0113jus un d\u012bze\u013cdzin\u0113jus l\u012bdz 10,0 litriem)<\/p>\n<\/td>\n<\/tr>\n<tr>\n<td style=\"font-size:14px;text-align:left\" align=\"left\">\n<p><strong>Svars un izm\u0113rs<\/strong><\/p>\n<\/td>\n<td style=\"font-size:14px;text-align:left\" align=\"left\">\n<p>Iepakojuma svars: 640 g<br \/>Iepakojuma izm\u0113rs (G x P x A): 230 * 94 * 35 mm<\/p>\n<\/td>\n<\/tr>\n<tr>\n<td style=\"font-size:14px;text-align:left\" align=\"left\">\n<p><strong>Iepakojuma saturs<\/strong><\/p>\n<\/td>\n<td style=\"font-size:14px;text-align:left\" align=\"left\">\n<p>1 x automa\u0161\u012bnas palai\u0161anas akumulators<br \/>1 x Palai\u0161anas startera kabelis<br \/>1 x USB-A uz C tipa kabelis<br \/>1 x C tipa uz C tipa kabelis<br \/>1 x uzglab\u0101\u0161anas kaste<br \/>1 lietot\u0101ja rokasgr\u0101mata<\/p>\n<\/td>\n<\/tr>\n<\/tbody>\n<\/table>\n<\/li>\n<\/ul>\n<p><img decoding=\"async\" src=\"https:\/\/ae01.alicdn.com\/kf\/Sc600202e0dc64b898a894dea26f916461.jpg\" slate-data-type=\"image\"\/><img decoding=\"async\" src=\"https:\/\/ae01.alicdn.com\/kf\/Sebb0626c4d7d499c852a7f1da2fce90cK.jpg\" slate-data-type=\"image\"\/><img decoding=\"async\" src=\"https:\/\/ae01.alicdn.com\/kf\/S356867fe7509432d9c10f8cbdf554f3d2.jpg\" slate-data-type=\"image\"\/><img decoding=\"async\" src=\"https:\/\/ae01.alicdn.com\/kf\/S4898ce700f864c83ab95ea2b81172d73U.jpg\" slate-data-type=\"image\"\/><img decoding=\"async\" src=\"https:\/\/ae01.alicdn.com\/kf\/S1678e755b3844ab59c22e4b2cae55c87K.jpg\" slate-data-type=\"image\"\/><img decoding=\"async\" src=\"https:\/\/ae01.alicdn.com\/kf\/S967ac49f559a42c19bbd0e97da7410e4A.jpg\" slate-data-type=\"image\"\/><img decoding=\"async\" src=\"https:\/\/ae01.alicdn.com\/kf\/Sbb5c5babf8844ffcb1030170ec8db036a.jpg\" slate-data-type=\"image\"\/><img decoding=\"async\" src=\"https:\/\/ae01.alicdn.com\/kf\/S3e28dfa1575e4c5fad3e7ad71e63243a0.jpg\" slate-data-type=\"image\"\/><img decoding=\"async\" src=\"https:\/\/ae01.alicdn.com\/kf\/S92fcf4cefc14436fab1d15759c729e63c.jpg\" slate-data-type=\"image\"\/><img decoding=\"async\" src=\"https:\/\/ae01.alicdn.com\/kf\/Sa23e005522994f1b98ba035e79ddfb27p.jpg\" slate-data-type=\"image\"\/><img decoding=\"async\" src=\"https:\/\/ae01.alicdn.com\/kf\/S5ffb78eeb8664be78833e7921638ae6fP.jpg\" slate-data-type=\"image\"\/><img decoding=\"async\" src=\"https:\/\/ae01.alicdn.com\/kf\/S2d81bd5174e645ef9f6645b1644d2f3bK.jpg\" slate-data-type=\"image\"\/><img decoding=\"async\" src=\"https:\/\/ae01.alicdn.com\/kf\/S1f6683fa371c4a65921e9aae8f9424a0B.jpg\" slate-data-type=\"image\"\/><img decoding=\"async\" src=\"https:\/\/ae01.alicdn.com\/kf\/Sd98411c6a5f547578da7e786510deeccB.jpg\" slate-data-type=\"image\"\/><img decoding=\"async\" src=\"https:\/\/ae01.alicdn.com\/kf\/S02f3de51e4754ccc8b5b2a6e4eed52a2A.jpg\" slate-data-type=\"image\"\/><\/p>","protected":false},"excerpt":{"rendered":"<p>Battery Capacity(mAh):&nbsp;3000-5000 Brand:&nbsp;VTOMNA Model:&nbsp;V10 PRO Rated Current:&nbsp;4500A Suits:&nbsp;for 12V Vehicles(including all gasoline and up to 10.0 liters diesel engines) Features 02:&nbsp;Type-C Quick Charge Features 03:&nbsp;Start Dead Batteries Features 04:&nbsp;4500A for<\/p>","protected":false},"featured_media":21753,"comment_status":"open","ping_status":"closed","template":"","meta":{"_acf_changed":false},"product_brand":[],"product_cat":[527],"product_tag":[],"class_list":{"0":"post-21752","1":"product","2":"type-product","3":"status-publish","4":"has-post-thumbnail","6":"product_cat-jump-starter-compressor-power-banks","8":"first","9":"instock","10":"shipping-taxable","11":"purchasable","12":"product-type-simple"},"acf":[],"_links":{"self":[{"href":"https:\/\/electricstore.eu\/lv\/wp-json\/wp\/v2\/product\/21752","targetHints":{"allow":["GET"]}}],"collection":[{"href":"https:\/\/electricstore.eu\/lv\/wp-json\/wp\/v2\/product"}],"about":[{"href":"https:\/\/electricstore.eu\/lv\/wp-json\/wp\/v2\/types\/product"}],"replies":[{"embeddable":true,"href":"https:\/\/electricstore.eu\/lv\/wp-json\/wp\/v2\/comments?post=21752"}],"wp:featuredmedia":[{"embeddable":true,"href":"https:\/\/electricstore.eu\/lv\/wp-json\/wp\/v2\/media\/21753"}],"wp:attachment":[{"href":"https:\/\/electricstore.eu\/lv\/wp-json\/wp\/v2\/media?parent=21752"}],"wp:term":[{"taxonomy":"product_brand","embeddable":true,"href":"https:\/\/electricstore.eu\/lv\/wp-json\/wp\/v2\/product_brand?post=21752"},{"taxonomy":"product_cat","embeddable":true,"href":"https:\/\/electricstore.eu\/lv\/wp-json\/wp\/v2\/product_cat?post=21752"},{"taxonomy":"product_tag","embeddable":true,"href":"https:\/\/electricstore.eu\/lv\/wp-json\/wp\/v2\/product_tag?post=21752"}],"curies":[{"name":"wp","href":"https:\/\/api.w.org\/{rel}","templated":true}]}}